{"id":118078,"date":"2017-07-10T13:02:04","date_gmt":"2017-07-10T13:02:04","guid":{"rendered":"https:\/\/p4p.test\/bogar-bogacare-perfect-eye-cleaner-dog-100ml"},"modified":"2026-03-25T11:57:18","modified_gmt":"2026-03-25T11:57:18","slug":"bogar-bogacare-perfect-eye-cleaner-dog-100ml","status":"publish","type":"product","link":"https:\/\/www.pharmacy4pets.nl\/be\/bogar-bogacare-perfect-eye-cleaner-dog-100ml","title":{"rendered":"Bogacare Perfect Eye Cleaner | Hond | 100 ml"},"content":{"rendered":"<p>Bogacare Perfect Eye Cleaner Hond van Bogar maakt dagelijkse oogzorg voor uw hond een stuk makkelijker. De bijzonder milde reinigingsformule lost effectief opgedroogd vuil, traanstrepen en aan elkaar geplakt haar op. Ook geschikt om het oog te spoelen als er sprake is van vuil in het oog, zonder een branderig gevoel te geven. Aangepast aan de pH-waarde van het oog (pH 7,4)<br \/> Voor een optimale toediening gebruik maken van Bogacare Micro Cleaning Pad.<\/p>\n<p><span style=\"text-decoration: underline;\">Toediening:<\/span><\/p>\n<ol>\n<li>Een ruime hoeveelheid aanbrengen op de Bogacare Micro Cleaning Pad<\/li>\n<li>Droog vuil week maken en verwijderen met de haarrichting mee<\/li>\n<\/ol>\n<p><span style=\"text-decoration: underline;\">Dosering:<br \/><\/span>&#8211;&nbsp;<\/p>\n<p><span style=\"text-decoration: underline;\">Verpakking:<br \/><\/span>Fles 100 ml.<\/p>\n","protected":false},"excerpt":{"rendered":"<p>Bogacare Perfect Eye Cleaner Hond van Bogar maakt dagelijkse oogzorg voor uw hond een stuk makkelijker. De bijzonder milde reinigingsformule lost effectief opgedroogd vuil, traanstrepen en aan elkaar geplakt haar op. Ook geschikt om het oog te spoelen als er sprake is van vuil in het oog, zonder een branderig gevoel te geven. Aangepast aan [&hellip;]<\/p>\n","protected":false},"featured_media":118074,"comment_status":"open","ping_status":"closed","template":"","meta":{"_acf_changed":false,"_nl_post_content":"<p>Bogacare Perfect Eye Cleaner Hond van Bogar maakt dagelijkse oogzorg voor uw hond een stuk makkelijker. De bijzonder milde reinigingsformule lost effectief opgedroogd vuil, traanstrepen en aan elkaar geplakt haar op. Ook geschikt om het oog te spoelen als er sprake is van vuil in het oog, zonder een branderig gevoel te geven. Aangepast aan de pH-waarde van het oog (pH 7,4)<br \/> Voor een optimale toediening gebruik maken van Bogacare Micro Cleaning Pad.<\/p>\r\n<p><span style=\"text-decoration: underline;\">Toediening:<\/span><\/p>\r\n<ol>\r\n<li>Een ruime hoeveelheid aanbrengen op de Bogacare Micro Cleaning Pad<\/li>\r\n<li>Droog vuil week maken en verwijderen met de haarrichting mee<\/li>\r\n<\/ol>\r\n<p><span style=\"text-decoration: underline;\">Dosering:<br \/><\/span>-&nbsp;<\/p>\r\n<p><span style=\"text-decoration: underline;\">Verpakking:<br \/><\/span>Fles 100 ml.<\/p>","_nl_post_name":"bogar-bogacare-perfect-eye-cleaner-dog-100ml","_nl_post_excerpt":"","_nl_post_title":"Bogacare Perfect Eye Cleaner | Hond | 100 ml","_en_post_content":"<p>Bogacare Perfect Eye Cleaner Dog form Bogar makes daily eye care easier. This especially mild cleaning solution effectively removes rheum and crust build up. Effectively dissolves dried secretions, tear stains and crusting from the hair.&nbsp; It can even be used to flush objects out of the eye without causing any burning. Adjusted to the pH value of the eye (pH 7.4)<\/p>\r\n<p>For an ideal application use Bogacare Micro Cleaning Pad.<\/p>\r\n<p><span style=\"text-decoration: underline;\">Administration:<\/span><\/p>\r\n<ol>\r\n<li>Generously apply the solution to a Bogacare Micro Cleaning Pad<\/li>\r\n<li>Soften dried crust build up and wipe away in the direction of hair growth.<\/li>\r\n<\/ol>\r\n<p><span style=\"text-decoration: underline;\">Dosage:<br \/><\/span>-<\/p>\r\n<p><span style=\"text-decoration: underline;\">Package:<br \/><\/span>Bottle 100ml.&nbsp;<\/p>","_en_post_name":"bogar-bogacare-perfect-eye-cleaner-dog-100ml","_en_post_excerpt":"","_en_post_title":"Bogacare Perfect Eye Cleaner | Dog | 100 ml","_de_post_content":"<p>Bogacare Perfect Eye Cleaner Hund von Bogar vereinfacht die t&auml;gliche Augenpflege. Die besonders mild reinigende L&ouml;sung entfernt effektiv Tr&auml;nenstein und Verkrustungen. L&ouml;st effektiv eingetrocknete Sekrete, Tr&auml;nenstein und Verkrustungen aus den Haaren. &nbsp;Selbst Fremdk&ouml;rper k&ouml;nnen aus dem Auge ausgesp&uuml;lt werden &ndash; ganz ohne Augenbrennen. Eingestellt auf den pH-Wert des Auges (pH 7.4)<\/p>\r\n<p>F&uuml;r eine ideale Anwendung verwenden Sie Bogacare Micro Cleaning Pad.<\/p>\r\n<p><span style=\"text-decoration: underline;\">Anwendung:<\/span><\/p>\r\n<ol>\r\n<li>Die L&ouml;sung gro&szlig;z&uuml;gig auf das Micro Cleaning Pad auftragen<\/li>\r\n<li>Eingetrocknete Krusten aufweichen und in Haarwuchsrichtung entfernen.<\/li>\r\n<\/ol>\r\n<p><span style=\"text-decoration: underline;\">Dosierung:<br \/><\/span>-<\/p>\r\n<p><span style=\"text-decoration: underline;\">Verpackung:<br \/><\/span>Flasche 100ml.<\/p>","_de_post_name":"bogar-bogacare-perfect-eye-cleaner-dog-100ml","_de_post_excerpt":"","_de_post_title":"Bogacare Perfect Eye Cleaner | Hund | 100 ml","_fr_post_content":"<p>Bogacare Perfect Eye Cleaner Hond van Bogar maakt dagelijkse oogzorg voor uw hond een stuk makkelijker. De bijzonder milde reinigingsformule lost effectief opgedroogd vuil, traanstrepen en aan elkaar geplakt haar op. Ook geschikt om het oog te spoelen als er sprake is van vuil in het oog, zonder een branderig gevoel te geven. Aangepast aan de pH-waarde van het oog (pH 7,4)<br \/> Voor een optimale toediening gebruik maken van Bogacare Micro Cleaning Pad.<\/p>\r\n<p><span style=\"text-decoration: underline;\">Toediening:<\/span><\/p>\r\n<ol>\r\n<li>Een ruime hoeveelheid aanbrengen op de Bogacare Micro Cleaning Pad<\/li>\r\n<li>Droog vuil week maken en verwijderen met de haarrichting mee<\/li>\r\n<\/ol>\r\n<p><span style=\"text-decoration: underline;\">Dosering:<br \/><\/span>-&nbsp;<\/p>\r\n<p><span style=\"text-decoration: underline;\">Verpakking:<br \/><\/span>Fles 100 ml.<\/p>","_fr_post_name":"bogar-bogacare-perfect-eye-cleaner-dog-100ml","_fr_post_excerpt":"","_fr_post_title":"Bogacare Perfect Eye Cleaner | Hond | 100 ml","_es_post_content":"<p>Bogacare Perfect Eye Cleaner para perros de Bogar hace que el cuidado diario de los ojos de tu perro sea mucho m\u00e1s f\u00e1cil. La f\u00f3rmula de limpieza particularmente suave disuelve eficazmente la suciedad seca, las l\u00edneas de l\u00e1grimas y el cabello apelmazado. Tambi\u00e9n es adecuado para enjuagar el ojo si hay suciedad en el ojo, sin causar sensaci\u00f3n de ardor. Adaptado al valor de pH del ojo (pH 7,4)<br \/>Para una administraci\u00f3n \u00f3ptima, utilice la almohadilla microlimpiadora de Bogacare.<\/p>\r\n<p><span style=\"text-decoration: underline;\">Administraci\u00f3n:<\/span><\/p>\r\n<ol>\r\n<li>Aplique una cantidad generosa a la Micro Almohadilla de Limpieza Bogacare<\/li>\r\n<li>Suaviza y elimina la suciedad seca en la direcci\u00f3n del cabello.<\/li>\r\n<\/ol>\r\n<p><span style=\"text-decoration: underline;\">Dosis:<\/span><br \/>-<\/p>\r\n<p><span style=\"text-decoration: underline;\">Embalaje:<\/span><br \/>Botella 100ml.<\/p>","_es_post_name":"bogar-bogacare-perfect-eye-cleaner-perros","_es_post_excerpt":"","_es_post_title":"Bogacare Perfect Eye Cleaner | Perros| 100 ml","edit_language":"nl"},"product_brand":[],"product_cat":[1861,2027,1117,1839,1857,1850,1863],"product_tag":[],"class_list":{"0":"post-118078","1":"product","2":"type-product","3":"status-publish","4":"has-post-thumbnail","6":"product_cat-benodigdheden","7":"product_cat-bogacare","8":"product_cat-honden","9":"product_cat-medicijnen-supplementen","10":"product_cat-merken","11":"product_cat-ogen","12":"product_cat-verzorging","13":"pa_aandoening-ogen_oren","14":"pa_doeldier-hond","15":"pa_fabricatieland-zwitserland","16":"pa_merkfilter-bogacare","17":"pa_merkgroep-bogar","18":"pa_productsoort-overig","19":"pa_seo_canonical_store_id-not_found_value","20":"pa_seo_category-not_found_value","21":"pa_seo_meta_robots-not_found_value","22":"pa_toedieningswijze-oogreiniger","23":"pa_unit_pricing_base_measure-10ml","24":"pa_unit_pricing_measure-100ml","25":"pa_werkzamestof-overig","27":"first","28":"instock","29":"taxable","30":"shipping-taxable","31":"purchasable","32":"product-type-simple"},"yoast_head":"<!-- This site is optimized with the Yoast SEO plugin v27.5 - https:\/\/yoast.com\/product\/yoast-seo-wordpress\/ -->\n<title>Bogacare Perfect Eye Cleaner Hond 100ml<\/title>\n<meta name=\"description\" content=\"Bogacare Perfect Eye Cleaner Hond van Bogar is een milde reinigingsformule die effectief opgedroogd vuil, traanstrepen en aan elkaar geplakt haar oplost.\" \/>\n<meta name=\"robots\" content=\"index, follow, max-snippet:-1, max-image-preview:large, max-video-preview:-1\" \/>\n<link rel=\"canonical\" href=\"https:\/\/p4p-nl.bootmine.com\/%product-slug%\/bogar-bogacare-perfect-eye-cleaner-dog-100ml\" \/>\n<meta property=\"og:locale\" content=\"nl_NL\" \/>\n<meta property=\"og:type\" content=\"article\" \/>\n<meta property=\"og:title\" content=\"Bogacare Perfect Eye Cleaner Hond 100ml\" \/>\n<meta property=\"og:description\" content=\"Bogacare Perfect Eye Cleaner Hond van Bogar is een milde reinigingsformule die effectief opgedroogd vuil, traanstrepen en aan elkaar geplakt haar oplost.\" \/>\n<meta property=\"og:url\" content=\"https:\/\/p4p-nl.bootmine.com\/%product-slug%\/bogar-bogacare-perfect-eye-cleaner-dog-100ml\" \/>\n<meta property=\"og:site_name\" content=\"Pharmacy4pets\" \/>\n<meta property=\"article:publisher\" content=\"https:\/\/www.facebook.com\/people\/Pharmacy4petsnl\/100063484989896\/\" \/>\n<meta property=\"article:modified_time\" content=\"2026-03-25T11:57:18+00:00\" \/>\n<meta property=\"og:image\" content=\"https:\/\/p4p-nl.bootmine.com\/wp-content\/uploads\/2017\/07\/23575.jpg\" \/>\n\t<meta property=\"og:image:width\" content=\"105\" \/>\n\t<meta property=\"og:image:height\" content=\"317\" \/>\n\t<meta property=\"og:image:type\" content=\"image\/jpeg\" \/>\n<meta name=\"twitter:card\" content=\"summary_large_image\" \/>\n<script type=\"application\/ld+json\" class=\"yoast-schema-graph\">{\"@context\":\"https:\\\/\\\/schema.org\",\"@graph\":[{\"@type\":\"WebPage\",\"@id\":\"https:\\\/\\\/p4p-nl.bootmine.com\\\/%product-slug%\\\/bogar-bogacare-perfect-eye-cleaner-dog-100ml\",\"url\":\"https:\\\/\\\/p4p-nl.bootmine.com\\\/%product-slug%\\\/bogar-bogacare-perfect-eye-cleaner-dog-100ml\",\"name\":\"Bogacare Perfect Eye Cleaner Hond 100ml\",\"isPartOf\":{\"@id\":\"http:\\\/\\\/www.pharmacy4pets.nl\\\/#website\"},\"primaryImageOfPage\":{\"@id\":\"https:\\\/\\\/p4p-nl.bootmine.com\\\/%product-slug%\\\/bogar-bogacare-perfect-eye-cleaner-dog-100ml#primaryimage\"},\"image\":{\"@id\":\"https:\\\/\\\/p4p-nl.bootmine.com\\\/%product-slug%\\\/bogar-bogacare-perfect-eye-cleaner-dog-100ml#primaryimage\"},\"thumbnailUrl\":\"https:\\\/\\\/www.pharmacy4pets.nl\\\/wp-content\\\/uploads\\\/2017\\\/07\\\/23575.jpg\",\"datePublished\":\"2017-07-10T13:02:04+00:00\",\"dateModified\":\"2026-03-25T11:57:18+00:00\",\"description\":\"Bogacare Perfect Eye Cleaner Hond van Bogar is een milde reinigingsformule die effectief opgedroogd vuil, traanstrepen en aan elkaar geplakt haar oplost.\",\"breadcrumb\":{\"@id\":\"https:\\\/\\\/p4p-nl.bootmine.com\\\/%product-slug%\\\/bogar-bogacare-perfect-eye-cleaner-dog-100ml#breadcrumb\"},\"inLanguage\":\"nl-NL\",\"potentialAction\":[{\"@type\":\"ReadAction\",\"target\":[\"https:\\\/\\\/p4p-nl.bootmine.com\\\/%product-slug%\\\/bogar-bogacare-perfect-eye-cleaner-dog-100ml\"]}]},{\"@type\":\"ImageObject\",\"inLanguage\":\"nl-NL\",\"@id\":\"https:\\\/\\\/p4p-nl.bootmine.com\\\/%product-slug%\\\/bogar-bogacare-perfect-eye-cleaner-dog-100ml#primaryimage\",\"url\":\"https:\\\/\\\/www.pharmacy4pets.nl\\\/wp-content\\\/uploads\\\/2017\\\/07\\\/23575.jpg\",\"contentUrl\":\"https:\\\/\\\/www.pharmacy4pets.nl\\\/wp-content\\\/uploads\\\/2017\\\/07\\\/23575.jpg\",\"width\":105,\"height\":317,\"caption\":\"Bogacare\"},{\"@type\":\"BreadcrumbList\",\"@id\":\"https:\\\/\\\/p4p-nl.bootmine.com\\\/%product-slug%\\\/bogar-bogacare-perfect-eye-cleaner-dog-100ml#breadcrumb\",\"itemListElement\":[{\"@type\":\"ListItem\",\"position\":1,\"name\":\"Home\",\"item\":\"https:\\\/\\\/p4p-nl.bootmine.com\\\/\"},{\"@type\":\"ListItem\",\"position\":2,\"name\":\"Winkel\",\"item\":\"https:\\\/\\\/p4p-nl.bootmine.com\\\/winkel\"},{\"@type\":\"ListItem\",\"position\":3,\"name\":\"Bogacare Perfect Eye Cleaner | Hond | 100 ml\"}]},{\"@type\":\"WebSite\",\"@id\":\"http:\\\/\\\/www.pharmacy4pets.nl\\\/#website\",\"url\":\"http:\\\/\\\/www.pharmacy4pets.nl\\\/\",\"name\":\"Pharmacy4pets\",\"description\":\"Pharmacy4pets.nl is d\u00e9 online apotheek waar u terecht kunt voor alle diergeneesmiddelen, verzorgingsproducten en dieetvoeding voor uw huisdier.\",\"publisher\":{\"@id\":\"http:\\\/\\\/www.pharmacy4pets.nl\\\/#organization\"},\"potentialAction\":[{\"@type\":\"SearchAction\",\"target\":{\"@type\":\"EntryPoint\",\"urlTemplate\":\"http:\\\/\\\/www.pharmacy4pets.nl\\\/?s={search_term_string}\"},\"query-input\":{\"@type\":\"PropertyValueSpecification\",\"valueRequired\":true,\"valueName\":\"search_term_string\"}}],\"inLanguage\":\"nl-NL\"},{\"@type\":\"Organization\",\"@id\":\"http:\\\/\\\/www.pharmacy4pets.nl\\\/#organization\",\"name\":\"Pharmacy4pets\",\"url\":\"http:\\\/\\\/www.pharmacy4pets.nl\\\/\",\"logo\":{\"@type\":\"ImageObject\",\"inLanguage\":\"nl-NL\",\"@id\":\"http:\\\/\\\/www.pharmacy4pets.nl\\\/#\\\/schema\\\/logo\\\/image\\\/\",\"url\":\"https:\\\/\\\/p4p-nl.bootmine.com\\\/wp-content\\\/uploads\\\/2026\\\/03\\\/logo-pharmacy4pets.png\",\"contentUrl\":\"https:\\\/\\\/p4p-nl.bootmine.com\\\/wp-content\\\/uploads\\\/2026\\\/03\\\/logo-pharmacy4pets.png\",\"width\":1024,\"height\":135,\"caption\":\"Pharmacy4pets\"},\"image\":{\"@id\":\"http:\\\/\\\/www.pharmacy4pets.nl\\\/#\\\/schema\\\/logo\\\/image\\\/\"},\"sameAs\":[\"https:\\\/\\\/www.facebook.com\\\/people\\\/Pharmacy4petsnl\\\/100063484989896\\\/\",\"https:\\\/\\\/www.youtube.com\\\/channel\\\/UCGPTIgucgli03tP2_kvLkHg\\\/featured\",\"https:\\\/\\\/www.instagram.com\\\/pharmacy4pets.nl\"]}]}<\/script>\n<!-- \/ Yoast SEO plugin. -->","yoast_head_json":{"title":"Bogacare Perfect Eye Cleaner Hond 100ml","description":"Bogacare Perfect Eye Cleaner Hond van Bogar is een milde reinigingsformule die effectief opgedroogd vuil, traanstrepen en aan elkaar geplakt haar oplost.","robots":{"index":"index","follow":"follow","max-snippet":"max-snippet:-1","max-image-preview":"max-image-preview:large","max-video-preview":"max-video-preview:-1"},"canonical":"https:\/\/p4p-nl.bootmine.com\/%product-slug%\/bogar-bogacare-perfect-eye-cleaner-dog-100ml","og_locale":"nl_NL","og_type":"article","og_title":"Bogacare Perfect Eye Cleaner Hond 100ml","og_description":"Bogacare Perfect Eye Cleaner Hond van Bogar is een milde reinigingsformule die effectief opgedroogd vuil, traanstrepen en aan elkaar geplakt haar oplost.","og_url":"https:\/\/p4p-nl.bootmine.com\/%product-slug%\/bogar-bogacare-perfect-eye-cleaner-dog-100ml","og_site_name":"Pharmacy4pets","article_publisher":"https:\/\/www.facebook.com\/people\/Pharmacy4petsnl\/100063484989896\/","article_modified_time":"2026-03-25T11:57:18+00:00","og_image":[{"width":105,"height":317,"url":"https:\/\/p4p-nl.bootmine.com\/wp-content\/uploads\/2017\/07\/23575.jpg","type":"image\/jpeg"}],"twitter_card":"summary_large_image","schema":{"@context":"https:\/\/schema.org","@graph":[{"@type":"WebPage","@id":"https:\/\/p4p-nl.bootmine.com\/%product-slug%\/bogar-bogacare-perfect-eye-cleaner-dog-100ml","url":"https:\/\/p4p-nl.bootmine.com\/%product-slug%\/bogar-bogacare-perfect-eye-cleaner-dog-100ml","name":"Bogacare Perfect Eye Cleaner Hond 100ml","isPartOf":{"@id":"http:\/\/www.pharmacy4pets.nl\/#website"},"primaryImageOfPage":{"@id":"https:\/\/p4p-nl.bootmine.com\/%product-slug%\/bogar-bogacare-perfect-eye-cleaner-dog-100ml#primaryimage"},"image":{"@id":"https:\/\/p4p-nl.bootmine.com\/%product-slug%\/bogar-bogacare-perfect-eye-cleaner-dog-100ml#primaryimage"},"thumbnailUrl":"https:\/\/www.pharmacy4pets.nl\/wp-content\/uploads\/2017\/07\/23575.jpg","datePublished":"2017-07-10T13:02:04+00:00","dateModified":"2026-03-25T11:57:18+00:00","description":"Bogacare Perfect Eye Cleaner Hond van Bogar is een milde reinigingsformule die effectief opgedroogd vuil, traanstrepen en aan elkaar geplakt haar oplost.","breadcrumb":{"@id":"https:\/\/p4p-nl.bootmine.com\/%product-slug%\/bogar-bogacare-perfect-eye-cleaner-dog-100ml#breadcrumb"},"inLanguage":"nl-NL","potentialAction":[{"@type":"ReadAction","target":["https:\/\/p4p-nl.bootmine.com\/%product-slug%\/bogar-bogacare-perfect-eye-cleaner-dog-100ml"]}]},{"@type":"ImageObject","inLanguage":"nl-NL","@id":"https:\/\/p4p-nl.bootmine.com\/%product-slug%\/bogar-bogacare-perfect-eye-cleaner-dog-100ml#primaryimage","url":"https:\/\/www.pharmacy4pets.nl\/wp-content\/uploads\/2017\/07\/23575.jpg","contentUrl":"https:\/\/www.pharmacy4pets.nl\/wp-content\/uploads\/2017\/07\/23575.jpg","width":105,"height":317,"caption":"Bogacare"},{"@type":"BreadcrumbList","@id":"https:\/\/p4p-nl.bootmine.com\/%product-slug%\/bogar-bogacare-perfect-eye-cleaner-dog-100ml#breadcrumb","itemListElement":[{"@type":"ListItem","position":1,"name":"Home","item":"https:\/\/p4p-nl.bootmine.com\/"},{"@type":"ListItem","position":2,"name":"Winkel","item":"https:\/\/p4p-nl.bootmine.com\/winkel"},{"@type":"ListItem","position":3,"name":"Bogacare Perfect Eye Cleaner | Hond | 100 ml"}]},{"@type":"WebSite","@id":"http:\/\/www.pharmacy4pets.nl\/#website","url":"http:\/\/www.pharmacy4pets.nl\/","name":"Pharmacy4pets","description":"Pharmacy4pets.nl is d\u00e9 online apotheek waar u terecht kunt voor alle diergeneesmiddelen, verzorgingsproducten en dieetvoeding voor uw huisdier.","publisher":{"@id":"http:\/\/www.pharmacy4pets.nl\/#organization"},"potentialAction":[{"@type":"SearchAction","target":{"@type":"EntryPoint","urlTemplate":"http:\/\/www.pharmacy4pets.nl\/?s={search_term_string}"},"query-input":{"@type":"PropertyValueSpecification","valueRequired":true,"valueName":"search_term_string"}}],"inLanguage":"nl-NL"},{"@type":"Organization","@id":"http:\/\/www.pharmacy4pets.nl\/#organization","name":"Pharmacy4pets","url":"http:\/\/www.pharmacy4pets.nl\/","logo":{"@type":"ImageObject","inLanguage":"nl-NL","@id":"http:\/\/www.pharmacy4pets.nl\/#\/schema\/logo\/image\/","url":"https:\/\/p4p-nl.bootmine.com\/wp-content\/uploads\/2026\/03\/logo-pharmacy4pets.png","contentUrl":"https:\/\/p4p-nl.bootmine.com\/wp-content\/uploads\/2026\/03\/logo-pharmacy4pets.png","width":1024,"height":135,"caption":"Pharmacy4pets"},"image":{"@id":"http:\/\/www.pharmacy4pets.nl\/#\/schema\/logo\/image\/"},"sameAs":["https:\/\/www.facebook.com\/people\/Pharmacy4petsnl\/100063484989896\/","https:\/\/www.youtube.com\/channel\/UCGPTIgucgli03tP2_kvLkHg\/featured","https:\/\/www.instagram.com\/pharmacy4pets.nl"]}]}},"market_data":{"nl":{"price":0,"sale_price":0,"active":false,"url":null,"parent_url":"","tax_rate":0,"price_inc_tax":0,"sale_price_inc_tax":0},"de":{"price":0,"sale_price":0,"active":false,"url":null,"parent_url":"","tax_rate":0,"price_inc_tax":0,"sale_price_inc_tax":0},"be":{"price":0,"sale_price":0,"active":false,"url":null,"parent_url":"","tax_rate":0,"price_inc_tax":0,"sale_price_inc_tax":0},"fr":{"price":0,"sale_price":0,"active":false,"url":null,"parent_url":"","tax_rate":0,"price_inc_tax":0,"sale_price_inc_tax":0},"ch":{"price":0,"sale_price":0,"active":false,"url":null,"parent_url":"","tax_rate":0,"price_inc_tax":0,"sale_price_inc_tax":0},"at":{"price":0,"sale_price":0,"active":false,"url":null,"parent_url":"","tax_rate":0,"price_inc_tax":0,"sale_price_inc_tax":0},"es":{"price":0,"sale_price":0,"active":false,"url":null,"parent_url":"","tax_rate":0,"price_inc_tax":0,"sale_price_inc_tax":0},"dk":{"price":0,"sale_price":0,"active":false,"url":null,"parent_url":"","tax_rate":0,"price_inc_tax":0,"sale_price_inc_tax":0},"com":{"price":0,"sale_price":0,"active":false,"url":null,"parent_url":"","tax_rate":0,"price_inc_tax":0,"sale_price_inc_tax":0}},"market_nl_price":0,"market_nl_sale_price":0,"market_nl_active":false,"market_nl_url":null,"market_nl_parent_url":"","market_nl_tax_rate":0,"market_nl_price_inc_tax":0,"market_nl_sale_price_inc_tax":0,"market_de_price":0,"market_de_sale_price":0,"market_de_active":false,"market_de_url":null,"market_de_parent_url":"","market_de_tax_rate":0,"market_de_price_inc_tax":0,"market_de_sale_price_inc_tax":0,"market_be_price":0,"market_be_sale_price":0,"market_be_active":false,"market_be_url":null,"market_be_parent_url":"","market_be_tax_rate":0,"market_be_price_inc_tax":0,"market_be_sale_price_inc_tax":0,"market_fr_price":0,"market_fr_sale_price":0,"market_fr_active":false,"market_fr_url":null,"market_fr_parent_url":"","market_fr_tax_rate":0,"market_fr_price_inc_tax":0,"market_fr_sale_price_inc_tax":0,"market_ch_price":0,"market_ch_sale_price":0,"market_ch_active":false,"market_ch_url":null,"market_ch_parent_url":"","market_ch_tax_rate":0,"market_ch_price_inc_tax":0,"market_ch_sale_price_inc_tax":0,"market_at_price":0,"market_at_sale_price":0,"market_at_active":false,"market_at_url":null,"market_at_parent_url":"","market_at_tax_rate":0,"market_at_price_inc_tax":0,"market_at_sale_price_inc_tax":0,"market_es_price":0,"market_es_sale_price":0,"market_es_active":false,"market_es_url":null,"market_es_parent_url":"","market_es_tax_rate":0,"market_es_price_inc_tax":0,"market_es_sale_price_inc_tax":0,"market_dk_price":0,"market_dk_sale_price":0,"market_dk_active":false,"market_dk_url":null,"market_dk_parent_url":"","market_dk_tax_rate":0,"market_dk_price_inc_tax":0,"market_dk_sale_price_inc_tax":0,"market_com_price":0,"market_com_sale_price":0,"market_com_active":false,"market_com_url":null,"market_com_parent_url":"","market_com_tax_rate":0,"market_com_price_inc_tax":0,"market_com_sale_price_inc_tax":0,"acf":[],"_links":{"self":[{"href":"https:\/\/www.pharmacy4pets.nl\/be\/wp-json\/wp\/v2\/product\/118078","targetHints":{"allow":["GET"]}}],"collection":[{"href":"https:\/\/www.pharmacy4pets.nl\/be\/wp-json\/wp\/v2\/product"}],"about":[{"href":"https:\/\/www.pharmacy4pets.nl\/be\/wp-json\/wp\/v2\/types\/product"}],"replies":[{"embeddable":true,"href":"https:\/\/www.pharmacy4pets.nl\/be\/wp-json\/wp\/v2\/comments?post=118078"}],"wp:featuredmedia":[{"embeddable":true,"href":"https:\/\/www.pharmacy4pets.nl\/be\/wp-json\/wp\/v2\/media\/118074"}],"wp:attachment":[{"href":"https:\/\/www.pharmacy4pets.nl\/be\/wp-json\/wp\/v2\/media?parent=118078"}],"wp:term":[{"taxonomy":"product_brand","embeddable":true,"href":"https:\/\/www.pharmacy4pets.nl\/be\/wp-json\/wp\/v2\/product_brand?post=118078"},{"taxonomy":"product_cat","embeddable":true,"href":"https:\/\/www.pharmacy4pets.nl\/be\/wp-json\/wp\/v2\/product_cat?post=118078"},{"taxonomy":"product_tag","embeddable":true,"href":"https:\/\/www.pharmacy4pets.nl\/be\/wp-json\/wp\/v2\/product_tag?post=118078"}],"curies":[{"name":"wp","href":"https:\/\/api.w.org\/{rel}","templated":true}]}}