{"id":118066,"date":"2017-07-10T10:49:43","date_gmt":"2017-07-10T10:49:43","guid":{"rendered":"https:\/\/p4p.test\/bogar-bogacare-micro-cleaning-pad-2"},"modified":"2026-03-25T11:57:17","modified_gmt":"2026-03-25T11:57:17","slug":"bogar-bogacare-micro-cleaning-pad","status":"publish","type":"product","link":"https:\/\/www.pharmacy4pets.nl\/be\/bogar-bogacare-micro-cleaning-pad","title":{"rendered":"Bogacare Micro Cleaning 1 Pad | Hond"},"content":{"rendered":"<p>Bogacare Micro Cleaning Pad van Bogar is een herbruikbare Pad die ideaal is voor de zachte reiniging rond de ogen en oren. De pad van hoge kwaliteit microvezel absorbeert effici&euml;nt vuil en de technologie m.b.v. Zilverionen voorkomt de verspreiding van schadelijke bacteri&euml;n. Zeer milieuvriendelijk: wasbaar en herbruikbaar. Gebruiksperiode bij dagelijks gebruik ligt tussen de 8 en 12 weken.<\/p>\n<p>Ideaal voor de toepassing van Bogacare Perfect Eye Cleaner of Bogacare Ear Cleaner.<\/p>\n<p><span style=\"text-decoration: underline;\">Toediening:<\/span><\/p>\n<ol>\n<li>Maak de Pad vochtig met een royale hoeveelheid Bogacare Perfect Eye Cleaner<\/li>\n<li>Verzacht en verwijder droge korsten<\/li>\n<li>Na toediening uitwassen met water<\/li>\n<\/ol>\n<p><span style=\"text-decoration: underline;\">Dosering:<br \/><\/span>&#8211;<\/p>\n<p><span style=\"text-decoration: underline;\">Verpakking:<br \/><\/span>1 stuk (herbruikbaar)<span style=\"text-decoration: underline;\"><br \/><\/span><\/p>\n","protected":false},"excerpt":{"rendered":"<p>Bogacare Micro Cleaning Pad van Bogar is een herbruikbare Pad die ideaal is voor de zachte reiniging rond de ogen en oren. De pad van hoge kwaliteit microvezel absorbeert effici&euml;nt vuil en de technologie m.b.v. Zilverionen voorkomt de verspreiding van schadelijke bacteri&euml;n. Zeer milieuvriendelijk: wasbaar en herbruikbaar. Gebruiksperiode bij dagelijks gebruik ligt tussen de 8 [&hellip;]<\/p>\n","protected":false},"featured_media":118063,"comment_status":"open","ping_status":"closed","template":"","meta":{"_acf_changed":false,"_nl_post_content":"<p>Bogacare Micro Cleaning Pad van Bogar is een herbruikbare Pad die ideaal is voor de zachte reiniging rond de ogen en oren. De pad van hoge kwaliteit microvezel absorbeert effici&euml;nt vuil en de technologie m.b.v. Zilverionen voorkomt de verspreiding van schadelijke bacteri&euml;n. Zeer milieuvriendelijk: wasbaar en herbruikbaar. Gebruiksperiode bij dagelijks gebruik ligt tussen de 8 en 12 weken.<\/p>\r\n<p>Ideaal voor de toepassing van Bogacare Perfect Eye Cleaner of Bogacare Ear Cleaner.<\/p>\r\n<p><span style=\"text-decoration: underline;\">Toediening:<\/span><\/p>\r\n<ol>\r\n<li>Maak de Pad vochtig met een royale hoeveelheid Bogacare Perfect Eye Cleaner<\/li>\r\n<li>Verzacht en verwijder droge korsten<\/li>\r\n<li>Na toediening uitwassen met water<\/li>\r\n<\/ol>\r\n<p><span style=\"text-decoration: underline;\">Dosering:<br \/><\/span>-<\/p>\r\n<p><span style=\"text-decoration: underline;\">Verpakking:<br \/><\/span>1 stuk (herbruikbaar)<span style=\"text-decoration: underline;\"><br \/><\/span><\/p>","_nl_post_name":"bogar-bogacare-micro-cleaning-pad","_nl_post_excerpt":"","_nl_post_title":"Bogacare Micro Cleaning 1 Pad | Hond","_en_post_content":"<p>Bogacare Micro Cleaning Pad from Bogar is a reusable pad that is ideally suited for gentle cleansing around the eyes and ears. The high-quality microfibre efficiently picks up dirt and the silver-ion technology prevents the proliferation of harmful bacteria. Environmentally friendly: washable and reusable. Usage period when using daily, approx. 8 to 12 weeks<\/p>\r\n<p>Ideal for the application of Bogacare Perfect Eye Cleaner or Bogacare Ear Cleaner.<\/p>\r\n<p><span style=\"text-decoration: underline;\">Administration:<\/span><\/p>\r\n<ol>\r\n<li>Moisten the Pad with a liberal amount of Bogacare Perfect Eye Cleaner. 2.<\/li>\r\n<li>Soften up and remove any dried crusts.<\/li>\r\n<li>Wash out with water after application.<\/li>\r\n<\/ol>\r\n<p><span style=\"text-decoration: underline;\">Dosage:<br \/><\/span>-<\/p>\r\n<p><span style=\"text-decoration: underline;\">Package:<br \/><\/span>1 piece (reusable)&nbsp;<span style=\"text-decoration: underline;\"><br \/><\/span><\/p>","_en_post_name":"bogar-bogacare-micro-cleaning-pad","_en_post_excerpt":"","_en_post_title":"Bogacare Micro Cleaning 1 Pad | Dog","_de_post_content":"<p>Bogacare Micro Cleaning Pad von Bogar ist ein wiederverwendbare Pad, das sich ideal f&uuml;r sanfte Reinigung um Augen und Ohren eignet. Die hochwertige Mikrofaser nimmt effizient Schumtz auf und verhindert dank der Silber Ionen Technologie eine Vermehrung von gef&auml;hrlichen Keimen. &Ouml;kologisch: auswaschbar und wiederverwendbar. Verwendung Dauer: 8-12 Wochen bei t&auml;glichen Gebrauch. Ideal zur Anwendung mit Bogacare Perfect Eye Cleaner oder Bogacare Ohr-Reiniger.<\/p>\r\n<p><span style=\"text-decoration: underline;\">Anwendung:<\/span><\/p>\r\n<ol>\r\n<li>Das Pad gro&szlig;z&uuml;gig mit Bogacare Perfect Eye Cleaner befeuchten.<\/li>\r\n<li>Eingetrocknete Krusten aufweichen und entfernen.<\/li>\r\n<li>Nach der Anwendung mit Wasser Auswaschen<\/li>\r\n<\/ol>\r\n<p><span style=\"text-decoration: underline;\">Dosierung:<br \/><\/span>-<\/p>\r\n<p><span style=\"text-decoration: underline;\">Verpackung:<br \/><\/span>1 St&uuml;ck (wiederverwendbar)<span style=\"text-decoration: underline;\"><br \/><\/span><\/p>","_de_post_name":"bogar-bogacare-micro-cleaning-pad","_de_post_excerpt":"","_de_post_title":"Bogacare Micro Cleaning 1 Pad | Hund","_fr_post_content":"<h1>Bogacare Micro Cleaning Pad<\/h1>\n<p>Bogacare Micro Cleaning Pad de Bogar est un tampon r\u00e9utilisable id\u00e9al pour nettoyer en douceur le contour des yeux et des oreilles. Le tampon en microfibres de haute qualit\u00e9 absorbe efficacement la salet\u00e9 et la technologie des ions d'argent emp\u00eache la propagation des bact\u00e9ries nocives. Tr\u00e8s respectueux de l'environnement : lavable et r\u00e9utilisable. La dur\u00e9e d'utilisation quotidienne est de 8 \u00e0 12 semaines.<\/p>\n<p>Id\u00e9al pour l'application de Bogacare Perfect Eye Cleaner ou Bogacare Ear Cleaner.<\/p>\n<p><u>Mode d'emploi :<\/u><\/p>\n<ol>\n<li>Humidifier le tampon avec une quantit\u00e9 g\u00e9n\u00e9reuse de Bogacare Perfect Eye Cleaner.<\/li>\n<li>Ramollit et \u00e9limine les cro\u00fbtes s\u00e8ches<\/li>\n<li>Apr\u00e8s l'administration, laver \u00e0 l'eau<\/li>\n<\/ol>\n<p><u>Emballage :<\/u><\/p>\n<p>1 pi\u00e8ce (r\u00e9utilisable)<\/p>","_fr_post_name":"bogar-bogacare-micro-cleaning-pad","_fr_post_excerpt":"","_fr_post_title":"Bogacare Micro Cleaning 1 Pad | Chien","_es_post_content":"<p>Bogacare Micro Cleaning Pad de Bogar es una almohadilla reutilizable que es ideal para una limpieza suave alrededor de los ojos y las orejas de su perro. La almohadilla de microfibra de alta calidad absorbe eficazmente la suciedad y la tecnolog\u00eda utiliza Los iones de plata previenen la propagaci\u00f3n de bacterias da\u00f1inas. Muy ecol\u00f3gico: lavable y reutilizable. El per\u00edodo de uso con uso diario es de entre 8 y 12 semanas.<\/p>\r\n<p>Ideal para la aplicaci\u00f3n de Bogacare Perfect Eye Cleaner o Bogacare Ear Cleaner.<\/p>\r\n<p><span style=\"text-decoration: underline;\">Administraci\u00f3n:<\/span><\/p>\r\n<ol>\r\n<li>Humedece la almohadilla con una cantidad generosa de Perfect Eye Cleaner de Bogacare<\/li>\r\n<li>Suaviza y elimina las costras secas.<\/li>\r\n<li>Lavar con agua despu\u00e9s de la administraci\u00f3n<\/li>\r\n<\/ol>\r\n<p><span style=\"text-decoration: underline;\">Dosis:<\/span><br \/>-<\/p>\r\n<p><span style=\"text-decoration: underline;\">Embalaje:<\/span><br \/>1 pieza (reutilizable).<\/p>","_es_post_name":"bogar-bogacare-micro-cleaning-pad","_es_post_excerpt":"","_es_post_title":"Bogacare Micro Cleaning 1 Pad | Perros","edit_language":"nl"},"product_brand":[],"product_cat":[1861,2027,1117,1839,1857,1850,1983,1851,1863],"product_tag":[],"class_list":{"0":"post-118066","1":"product","2":"type-product","3":"status-publish","4":"has-post-thumbnail","6":"product_cat-benodigdheden","7":"product_cat-bogacare","8":"product_cat-honden","9":"product_cat-medicijnen-supplementen","10":"product_cat-merken","11":"product_cat-ogen","12":"product_cat-oorontsteking","13":"product_cat-oren","14":"product_cat-verzorging","15":"pa_aandoening-ogen_oren","16":"pa_doeldier-hond","17":"pa_fabricatieland-zwitserland","18":"pa_merkfilter-bogacare","19":"pa_merkgroep-bogar","20":"pa_productsoort-overig","21":"pa_seo_canonical_store_id-not_found_value","22":"pa_seo_category-not_found_value","23":"pa_seo_meta_robots-not_found_value","24":"pa_toedieningswijze-doekjes","25":"pa_unit_pricing_base_measure-1ct","26":"pa_unit_pricing_measure-1ct","27":"pa_werkzamestof-overig","29":"first","30":"instock","31":"taxable","32":"shipping-taxable","33":"purchasable","34":"product-type-simple"},"yoast_head":"<!-- This site is optimized with the Yoast SEO plugin v27.5 - https:\/\/yoast.com\/product\/yoast-seo-wordpress\/ -->\n<title>Bogacare Micro Cleaning Pad 1 stuk<\/title>\n<meta name=\"description\" content=\"Bogacare Micro Cleaning Pad van Bogar is een herbruikbare Pad die ideaal is voor de zachte reiniging rond ogen en oren.\" \/>\n<meta name=\"robots\" content=\"index, follow, max-snippet:-1, max-image-preview:large, max-video-preview:-1\" \/>\n<link rel=\"canonical\" href=\"https:\/\/p4p-nl.bootmine.com\/%product-slug%\/bogar-bogacare-micro-cleaning-pad\" \/>\n<meta property=\"og:locale\" content=\"nl_NL\" \/>\n<meta property=\"og:type\" content=\"article\" \/>\n<meta property=\"og:title\" content=\"Bogacare Micro Cleaning Pad 1 stuk\" \/>\n<meta property=\"og:description\" content=\"Bogacare Micro Cleaning Pad van Bogar is een herbruikbare Pad die ideaal is voor de zachte reiniging rond ogen en oren.\" \/>\n<meta property=\"og:url\" content=\"https:\/\/p4p-nl.bootmine.com\/%product-slug%\/bogar-bogacare-micro-cleaning-pad\" \/>\n<meta property=\"og:site_name\" content=\"Pharmacy4pets\" \/>\n<meta property=\"article:publisher\" content=\"https:\/\/www.facebook.com\/people\/Pharmacy4petsnl\/100063484989896\/\" \/>\n<meta property=\"article:modified_time\" content=\"2026-03-25T11:57:17+00:00\" \/>\n<meta property=\"og:image\" content=\"https:\/\/p4p-nl.bootmine.com\/wp-content\/uploads\/2017\/07\/23576.jpg\" \/>\n\t<meta property=\"og:image:width\" content=\"310\" \/>\n\t<meta property=\"og:image:height\" content=\"310\" \/>\n\t<meta property=\"og:image:type\" content=\"image\/jpeg\" \/>\n<meta name=\"twitter:card\" content=\"summary_large_image\" \/>\n<meta name=\"twitter:label1\" content=\"Geschatte leestijd\" \/>\n\t<meta name=\"twitter:data1\" content=\"1 minuut\" \/>\n<script type=\"application\/ld+json\" class=\"yoast-schema-graph\">{\"@context\":\"https:\\\/\\\/schema.org\",\"@graph\":[{\"@type\":\"WebPage\",\"@id\":\"https:\\\/\\\/p4p-nl.bootmine.com\\\/%product-slug%\\\/bogar-bogacare-micro-cleaning-pad\",\"url\":\"https:\\\/\\\/p4p-nl.bootmine.com\\\/%product-slug%\\\/bogar-bogacare-micro-cleaning-pad\",\"name\":\"Bogacare Micro Cleaning Pad 1 stuk\",\"isPartOf\":{\"@id\":\"http:\\\/\\\/www.pharmacy4pets.nl\\\/#website\"},\"primaryImageOfPage\":{\"@id\":\"https:\\\/\\\/p4p-nl.bootmine.com\\\/%product-slug%\\\/bogar-bogacare-micro-cleaning-pad#primaryimage\"},\"image\":{\"@id\":\"https:\\\/\\\/p4p-nl.bootmine.com\\\/%product-slug%\\\/bogar-bogacare-micro-cleaning-pad#primaryimage\"},\"thumbnailUrl\":\"https:\\\/\\\/www.pharmacy4pets.nl\\\/wp-content\\\/uploads\\\/2017\\\/07\\\/23576.jpg\",\"datePublished\":\"2017-07-10T10:49:43+00:00\",\"dateModified\":\"2026-03-25T11:57:17+00:00\",\"description\":\"Bogacare Micro Cleaning Pad van Bogar is een herbruikbare Pad die ideaal is voor de zachte reiniging rond ogen en oren.\",\"breadcrumb\":{\"@id\":\"https:\\\/\\\/p4p-nl.bootmine.com\\\/%product-slug%\\\/bogar-bogacare-micro-cleaning-pad#breadcrumb\"},\"inLanguage\":\"nl-NL\",\"potentialAction\":[{\"@type\":\"ReadAction\",\"target\":[\"https:\\\/\\\/p4p-nl.bootmine.com\\\/%product-slug%\\\/bogar-bogacare-micro-cleaning-pad\"]}]},{\"@type\":\"ImageObject\",\"inLanguage\":\"nl-NL\",\"@id\":\"https:\\\/\\\/p4p-nl.bootmine.com\\\/%product-slug%\\\/bogar-bogacare-micro-cleaning-pad#primaryimage\",\"url\":\"https:\\\/\\\/www.pharmacy4pets.nl\\\/wp-content\\\/uploads\\\/2017\\\/07\\\/23576.jpg\",\"contentUrl\":\"https:\\\/\\\/www.pharmacy4pets.nl\\\/wp-content\\\/uploads\\\/2017\\\/07\\\/23576.jpg\",\"width\":310,\"height\":310,\"caption\":\"Bogacare\"},{\"@type\":\"BreadcrumbList\",\"@id\":\"https:\\\/\\\/p4p-nl.bootmine.com\\\/%product-slug%\\\/bogar-bogacare-micro-cleaning-pad#breadcrumb\",\"itemListElement\":[{\"@type\":\"ListItem\",\"position\":1,\"name\":\"Home\",\"item\":\"https:\\\/\\\/p4p-nl.bootmine.com\\\/\"},{\"@type\":\"ListItem\",\"position\":2,\"name\":\"Winkel\",\"item\":\"https:\\\/\\\/p4p-nl.bootmine.com\\\/winkel\"},{\"@type\":\"ListItem\",\"position\":3,\"name\":\"Bogacare Micro Cleaning 1 Pad | Hond\"}]},{\"@type\":\"WebSite\",\"@id\":\"http:\\\/\\\/www.pharmacy4pets.nl\\\/#website\",\"url\":\"http:\\\/\\\/www.pharmacy4pets.nl\\\/\",\"name\":\"Pharmacy4pets\",\"description\":\"Pharmacy4pets.nl is d\u00e9 online apotheek waar u terecht kunt voor alle diergeneesmiddelen, verzorgingsproducten en dieetvoeding voor uw huisdier.\",\"publisher\":{\"@id\":\"http:\\\/\\\/www.pharmacy4pets.nl\\\/#organization\"},\"potentialAction\":[{\"@type\":\"SearchAction\",\"target\":{\"@type\":\"EntryPoint\",\"urlTemplate\":\"http:\\\/\\\/www.pharmacy4pets.nl\\\/?s={search_term_string}\"},\"query-input\":{\"@type\":\"PropertyValueSpecification\",\"valueRequired\":true,\"valueName\":\"search_term_string\"}}],\"inLanguage\":\"nl-NL\"},{\"@type\":\"Organization\",\"@id\":\"http:\\\/\\\/www.pharmacy4pets.nl\\\/#organization\",\"name\":\"Pharmacy4pets\",\"url\":\"http:\\\/\\\/www.pharmacy4pets.nl\\\/\",\"logo\":{\"@type\":\"ImageObject\",\"inLanguage\":\"nl-NL\",\"@id\":\"http:\\\/\\\/www.pharmacy4pets.nl\\\/#\\\/schema\\\/logo\\\/image\\\/\",\"url\":\"https:\\\/\\\/p4p-nl.bootmine.com\\\/wp-content\\\/uploads\\\/2026\\\/03\\\/logo-pharmacy4pets.png\",\"contentUrl\":\"https:\\\/\\\/p4p-nl.bootmine.com\\\/wp-content\\\/uploads\\\/2026\\\/03\\\/logo-pharmacy4pets.png\",\"width\":1024,\"height\":135,\"caption\":\"Pharmacy4pets\"},\"image\":{\"@id\":\"http:\\\/\\\/www.pharmacy4pets.nl\\\/#\\\/schema\\\/logo\\\/image\\\/\"},\"sameAs\":[\"https:\\\/\\\/www.facebook.com\\\/people\\\/Pharmacy4petsnl\\\/100063484989896\\\/\",\"https:\\\/\\\/www.youtube.com\\\/channel\\\/UCGPTIgucgli03tP2_kvLkHg\\\/featured\",\"https:\\\/\\\/www.instagram.com\\\/pharmacy4pets.nl\"]}]}<\/script>\n<!-- \/ Yoast SEO plugin. -->","yoast_head_json":{"title":"Bogacare Micro Cleaning Pad 1 stuk","description":"Bogacare Micro Cleaning Pad van Bogar is een herbruikbare Pad die ideaal is voor de zachte reiniging rond ogen en oren.","robots":{"index":"index","follow":"follow","max-snippet":"max-snippet:-1","max-image-preview":"max-image-preview:large","max-video-preview":"max-video-preview:-1"},"canonical":"https:\/\/p4p-nl.bootmine.com\/%product-slug%\/bogar-bogacare-micro-cleaning-pad","og_locale":"nl_NL","og_type":"article","og_title":"Bogacare Micro Cleaning Pad 1 stuk","og_description":"Bogacare Micro Cleaning Pad van Bogar is een herbruikbare Pad die ideaal is voor de zachte reiniging rond ogen en oren.","og_url":"https:\/\/p4p-nl.bootmine.com\/%product-slug%\/bogar-bogacare-micro-cleaning-pad","og_site_name":"Pharmacy4pets","article_publisher":"https:\/\/www.facebook.com\/people\/Pharmacy4petsnl\/100063484989896\/","article_modified_time":"2026-03-25T11:57:17+00:00","og_image":[{"width":310,"height":310,"url":"https:\/\/p4p-nl.bootmine.com\/wp-content\/uploads\/2017\/07\/23576.jpg","type":"image\/jpeg"}],"twitter_card":"summary_large_image","twitter_misc":{"Geschatte leestijd":"1 minuut"},"schema":{"@context":"https:\/\/schema.org","@graph":[{"@type":"WebPage","@id":"https:\/\/p4p-nl.bootmine.com\/%product-slug%\/bogar-bogacare-micro-cleaning-pad","url":"https:\/\/p4p-nl.bootmine.com\/%product-slug%\/bogar-bogacare-micro-cleaning-pad","name":"Bogacare Micro Cleaning Pad 1 stuk","isPartOf":{"@id":"http:\/\/www.pharmacy4pets.nl\/#website"},"primaryImageOfPage":{"@id":"https:\/\/p4p-nl.bootmine.com\/%product-slug%\/bogar-bogacare-micro-cleaning-pad#primaryimage"},"image":{"@id":"https:\/\/p4p-nl.bootmine.com\/%product-slug%\/bogar-bogacare-micro-cleaning-pad#primaryimage"},"thumbnailUrl":"https:\/\/www.pharmacy4pets.nl\/wp-content\/uploads\/2017\/07\/23576.jpg","datePublished":"2017-07-10T10:49:43+00:00","dateModified":"2026-03-25T11:57:17+00:00","description":"Bogacare Micro Cleaning Pad van Bogar is een herbruikbare Pad die ideaal is voor de zachte reiniging rond ogen en oren.","breadcrumb":{"@id":"https:\/\/p4p-nl.bootmine.com\/%product-slug%\/bogar-bogacare-micro-cleaning-pad#breadcrumb"},"inLanguage":"nl-NL","potentialAction":[{"@type":"ReadAction","target":["https:\/\/p4p-nl.bootmine.com\/%product-slug%\/bogar-bogacare-micro-cleaning-pad"]}]},{"@type":"ImageObject","inLanguage":"nl-NL","@id":"https:\/\/p4p-nl.bootmine.com\/%product-slug%\/bogar-bogacare-micro-cleaning-pad#primaryimage","url":"https:\/\/www.pharmacy4pets.nl\/wp-content\/uploads\/2017\/07\/23576.jpg","contentUrl":"https:\/\/www.pharmacy4pets.nl\/wp-content\/uploads\/2017\/07\/23576.jpg","width":310,"height":310,"caption":"Bogacare"},{"@type":"BreadcrumbList","@id":"https:\/\/p4p-nl.bootmine.com\/%product-slug%\/bogar-bogacare-micro-cleaning-pad#breadcrumb","itemListElement":[{"@type":"ListItem","position":1,"name":"Home","item":"https:\/\/p4p-nl.bootmine.com\/"},{"@type":"ListItem","position":2,"name":"Winkel","item":"https:\/\/p4p-nl.bootmine.com\/winkel"},{"@type":"ListItem","position":3,"name":"Bogacare Micro Cleaning 1 Pad | Hond"}]},{"@type":"WebSite","@id":"http:\/\/www.pharmacy4pets.nl\/#website","url":"http:\/\/www.pharmacy4pets.nl\/","name":"Pharmacy4pets","description":"Pharmacy4pets.nl is d\u00e9 online apotheek waar u terecht kunt voor alle diergeneesmiddelen, verzorgingsproducten en dieetvoeding voor uw huisdier.","publisher":{"@id":"http:\/\/www.pharmacy4pets.nl\/#organization"},"potentialAction":[{"@type":"SearchAction","target":{"@type":"EntryPoint","urlTemplate":"http:\/\/www.pharmacy4pets.nl\/?s={search_term_string}"},"query-input":{"@type":"PropertyValueSpecification","valueRequired":true,"valueName":"search_term_string"}}],"inLanguage":"nl-NL"},{"@type":"Organization","@id":"http:\/\/www.pharmacy4pets.nl\/#organization","name":"Pharmacy4pets","url":"http:\/\/www.pharmacy4pets.nl\/","logo":{"@type":"ImageObject","inLanguage":"nl-NL","@id":"http:\/\/www.pharmacy4pets.nl\/#\/schema\/logo\/image\/","url":"https:\/\/p4p-nl.bootmine.com\/wp-content\/uploads\/2026\/03\/logo-pharmacy4pets.png","contentUrl":"https:\/\/p4p-nl.bootmine.com\/wp-content\/uploads\/2026\/03\/logo-pharmacy4pets.png","width":1024,"height":135,"caption":"Pharmacy4pets"},"image":{"@id":"http:\/\/www.pharmacy4pets.nl\/#\/schema\/logo\/image\/"},"sameAs":["https:\/\/www.facebook.com\/people\/Pharmacy4petsnl\/100063484989896\/","https:\/\/www.youtube.com\/channel\/UCGPTIgucgli03tP2_kvLkHg\/featured","https:\/\/www.instagram.com\/pharmacy4pets.nl"]}]}},"market_data":{"nl":{"price":0,"sale_price":0,"active":false,"url":null,"parent_url":"","tax_rate":0,"price_inc_tax":0,"sale_price_inc_tax":0},"de":{"price":0,"sale_price":0,"active":false,"url":null,"parent_url":"","tax_rate":0,"price_inc_tax":0,"sale_price_inc_tax":0},"be":{"price":0,"sale_price":0,"active":false,"url":null,"parent_url":"","tax_rate":0,"price_inc_tax":0,"sale_price_inc_tax":0},"fr":{"price":0,"sale_price":0,"active":false,"url":null,"parent_url":"","tax_rate":0,"price_inc_tax":0,"sale_price_inc_tax":0},"ch":{"price":0,"sale_price":0,"active":false,"url":null,"parent_url":"","tax_rate":0,"price_inc_tax":0,"sale_price_inc_tax":0},"at":{"price":0,"sale_price":0,"active":false,"url":null,"parent_url":"","tax_rate":0,"price_inc_tax":0,"sale_price_inc_tax":0},"es":{"price":0,"sale_price":0,"active":false,"url":null,"parent_url":"","tax_rate":0,"price_inc_tax":0,"sale_price_inc_tax":0},"dk":{"price":0,"sale_price":0,"active":false,"url":null,"parent_url":"","tax_rate":0,"price_inc_tax":0,"sale_price_inc_tax":0},"com":{"price":0,"sale_price":0,"active":false,"url":null,"parent_url":"","tax_rate":0,"price_inc_tax":0,"sale_price_inc_tax":0}},"market_nl_price":0,"market_nl_sale_price":0,"market_nl_active":false,"market_nl_url":null,"market_nl_parent_url":"","market_nl_tax_rate":0,"market_nl_price_inc_tax":0,"market_nl_sale_price_inc_tax":0,"market_de_price":0,"market_de_sale_price":0,"market_de_active":false,"market_de_url":null,"market_de_parent_url":"","market_de_tax_rate":0,"market_de_price_inc_tax":0,"market_de_sale_price_inc_tax":0,"market_be_price":0,"market_be_sale_price":0,"market_be_active":false,"market_be_url":null,"market_be_parent_url":"","market_be_tax_rate":0,"market_be_price_inc_tax":0,"market_be_sale_price_inc_tax":0,"market_fr_price":0,"market_fr_sale_price":0,"market_fr_active":false,"market_fr_url":null,"market_fr_parent_url":"","market_fr_tax_rate":0,"market_fr_price_inc_tax":0,"market_fr_sale_price_inc_tax":0,"market_ch_price":0,"market_ch_sale_price":0,"market_ch_active":false,"market_ch_url":null,"market_ch_parent_url":"","market_ch_tax_rate":0,"market_ch_price_inc_tax":0,"market_ch_sale_price_inc_tax":0,"market_at_price":0,"market_at_sale_price":0,"market_at_active":false,"market_at_url":null,"market_at_parent_url":"","market_at_tax_rate":0,"market_at_price_inc_tax":0,"market_at_sale_price_inc_tax":0,"market_es_price":0,"market_es_sale_price":0,"market_es_active":false,"market_es_url":null,"market_es_parent_url":"","market_es_tax_rate":0,"market_es_price_inc_tax":0,"market_es_sale_price_inc_tax":0,"market_dk_price":0,"market_dk_sale_price":0,"market_dk_active":false,"market_dk_url":null,"market_dk_parent_url":"","market_dk_tax_rate":0,"market_dk_price_inc_tax":0,"market_dk_sale_price_inc_tax":0,"market_com_price":0,"market_com_sale_price":0,"market_com_active":false,"market_com_url":null,"market_com_parent_url":"","market_com_tax_rate":0,"market_com_price_inc_tax":0,"market_com_sale_price_inc_tax":0,"acf":[],"_links":{"self":[{"href":"https:\/\/www.pharmacy4pets.nl\/be\/wp-json\/wp\/v2\/product\/118066","targetHints":{"allow":["GET"]}}],"collection":[{"href":"https:\/\/www.pharmacy4pets.nl\/be\/wp-json\/wp\/v2\/product"}],"about":[{"href":"https:\/\/www.pharmacy4pets.nl\/be\/wp-json\/wp\/v2\/types\/product"}],"replies":[{"embeddable":true,"href":"https:\/\/www.pharmacy4pets.nl\/be\/wp-json\/wp\/v2\/comments?post=118066"}],"wp:featuredmedia":[{"embeddable":true,"href":"https:\/\/www.pharmacy4pets.nl\/be\/wp-json\/wp\/v2\/media\/118063"}],"wp:attachment":[{"href":"https:\/\/www.pharmacy4pets.nl\/be\/wp-json\/wp\/v2\/media?parent=118066"}],"wp:term":[{"taxonomy":"product_brand","embeddable":true,"href":"https:\/\/www.pharmacy4pets.nl\/be\/wp-json\/wp\/v2\/product_brand?post=118066"},{"taxonomy":"product_cat","embeddable":true,"href":"https:\/\/www.pharmacy4pets.nl\/be\/wp-json\/wp\/v2\/product_cat?post=118066"},{"taxonomy":"product_tag","embeddable":true,"href":"https:\/\/www.pharmacy4pets.nl\/be\/wp-json\/wp\/v2\/product_tag?post=118066"}],"curies":[{"name":"wp","href":"https:\/\/api.w.org\/{rel}","templated":true}]}}