{"id":118054,"date":"2017-07-10T09:59:59","date_gmt":"2017-07-10T09:59:59","guid":{"rendered":"https:\/\/p4p.test\/bogar-bogacare-derma-repair-cat-40ml"},"modified":"2026-03-25T11:57:15","modified_gmt":"2026-03-25T11:57:15","slug":"bogar-bogacare-derma-repair-cat-40ml","status":"publish","type":"product","link":"https:\/\/www.pharmacy4pets.nl\/be\/bogar-bogacare-derma-repair-cat-40ml","title":{"rendered":"Bogacare Derma-Repair | Kat | 40 ml"},"content":{"rendered":"<p>Bogacare Derma-Repair Kat van Bogar is een verzachtende huid zalf voor het verzachten en herstellen van de beschadigde huid. De zalf bevordert de regeneratie van de huid, heeft een antibacterieel effect en is het best geschikt voor de behandeling van kleine verwondingen. De zalf verzacht en helpt effectief om zwellingen te verlichten. De formule bevat salie die de groei van de bacteri&euml;n en schimmelinfecties effectief remt. &nbsp;De zalf wordt snel geabsorbeerd in de huid zonder een vette laag achter te laten. Vrij van kunstmatige conserveermiddelen, parfums en kleurstoffen.<\/p>\n<p><span style=\"text-decoration: underline;\">Toediening:<br \/><\/span>Reinig de gebieden van de te behandelen huid, breng de zalf 1-3 keer per dag aan op de aangedane huid en licht inmasseren, ook te gebruiken rond gewrichten. Het haar dient op de plek van aanbrengen kort gemaakt te worden zodat de cr&egrave;me direct op de huid wordt aangebracht. Niet aanbrengen op open wonden.<span style=\"text-decoration: underline;\"><br \/><\/span><\/p>\n<p><span style=\"text-decoration: underline;\">Dosering:<br \/><\/span>&#8211;<\/p>\n<p><span style=\"text-decoration: underline;\">Verpakking:<br \/><\/span>Tube van 40ml.<span style=\"text-decoration: underline;\"><br \/><\/span><\/p>\n","protected":false},"excerpt":{"rendered":"<p>Bogacare Derma-Repair Kat van Bogar is een verzachtende huid zalf voor het verzachten en herstellen van de beschadigde huid. De zalf bevordert de regeneratie van de huid, heeft een antibacterieel effect en is het best geschikt voor de behandeling van kleine verwondingen. De zalf verzacht en helpt effectief om zwellingen te verlichten. De formule bevat [&hellip;]<\/p>\n","protected":false},"featured_media":118050,"comment_status":"open","ping_status":"closed","template":"","meta":{"_acf_changed":false,"_nl_post_content":"<p>Bogacare Derma-Repair Kat van Bogar is een verzachtende huid zalf voor het verzachten en herstellen van de beschadigde huid. De zalf bevordert de regeneratie van de huid, heeft een antibacterieel effect en is het best geschikt voor de behandeling van kleine verwondingen. De zalf verzacht en helpt effectief om zwellingen te verlichten. De formule bevat salie die de groei van de bacteri&euml;n en schimmelinfecties effectief remt. &nbsp;De zalf wordt snel geabsorbeerd in de huid zonder een vette laag achter te laten. Vrij van kunstmatige conserveermiddelen, parfums en kleurstoffen.<\/p>\r\n<p><span style=\"text-decoration: underline;\">Toediening:<br \/><\/span>Reinig de gebieden van de te behandelen huid, breng de zalf 1-3 keer per dag aan op de aangedane huid en licht inmasseren, ook te gebruiken rond gewrichten. Het haar dient op de plek van aanbrengen kort gemaakt te worden zodat de cr&egrave;me direct op de huid wordt aangebracht. Niet aanbrengen op open wonden.<span style=\"text-decoration: underline;\"><br \/><\/span><\/p>\r\n<p><span style=\"text-decoration: underline;\">Dosering:<br \/><\/span>-<\/p>\r\n<p><span style=\"text-decoration: underline;\">Verpakking:<br \/><\/span>Tube van 40ml.<span style=\"text-decoration: underline;\"><br \/><\/span><\/p>","_nl_post_name":"bogar-bogacare-derma-repair-cat-40ml","_nl_post_excerpt":"","_nl_post_title":"Bogacare Derma-Repair | Kat | 40 ml","_en_post_content":"<p>Bogacare Derma-Repair Cat from Bogar is a skin ointment that promotes the regeneration of the skin, has an antibacterial effect and is best suited to the treatment of minor injuries.&nbsp; The ointment soothes and helps to relieve swelling. The formula contains sage, which effectively inhibits the growth of bacterial and fungal infections. Is quickly absorbed into the skin, non-fatty. Free of artificial preservatives, perfumes and colorants.<\/p>\r\n<p><span style=\"text-decoration: underline;\">Administration:<br \/><\/span>Apply 1-3 times a day as required to the affected area (also around the joints) and massage in gently. At the place of application should the hair be shortened so far so that the skin can be reached by the cream and unfold its effect. Do not apply to open wounds.<span style=\"text-decoration: underline;\"><br \/><\/span><\/p>\r\n<p><span style=\"text-decoration: underline;\">Dosage:<br \/><\/span>-<\/p>\r\n<p><span style=\"text-decoration: underline;\">Package:<br \/><\/span>Tube of 40ml.<span style=\"text-decoration: underline;\"><br \/><\/span><\/p>","_en_post_name":"bogar-bogacare-derma-repair-cat-40ml","_en_post_excerpt":"","_en_post_title":"Bogacare Derma-Repair | Cat | 40 ml","_de_post_content":"<p>Bogacare Derma-Repair Katze von Bogar ist eine Hautsalbe, die Haut-Regeneration f&ouml;rdert, antibakteriell wirkt und bestens geeignet ist zur Behandlung von kleineren Verletzungen. Die Hautsalbe beruhigt und wirkt abschwellend. Der Formel mit Salbei, hemmt effektiv das Wachstum von Bakterien und Pilzen. Zieht schnell ein und ist nicht nachfettend. Ohne k&uuml;nstliche Konservierungs-, Duft- und Farbstoffe<\/p>\r\n<p><span style=\"text-decoration: underline;\">Anwendung:<br \/><\/span>Je nach Bedarf mehrmals t&auml;glich auf die betroffene Hautregion (auch um Gelenke) auftragen und sanft einmassieren. Am Ort der Anwendung sollten die Haare soweit gek&uuml;rzt werden, dass die Creme auf die Haut gelangen und dort ihre Wirkung entfalten kann. Nicht auf blutende Hautstellen auftragen.<span style=\"text-decoration: underline;\"><br \/><\/span><\/p>\r\n<p><span style=\"text-decoration: underline;\">Dosierung:<br \/><\/span>-<\/p>\r\n<p><span style=\"text-decoration: underline;\">Verpackung:<br \/><\/span>Rohr mit 40ml.&nbsp;<span style=\"text-decoration: underline;\"><br \/><\/span><\/p>","_de_post_name":"bogar-bogacare-derma-repair-cat-40ml","_de_post_excerpt":"","_de_post_title":"Bogacare Derma-Repair | Katze | 40 ml","_fr_post_content":"<p>Bogacare Derma-Repair Kat van Bogar is een verzachtende huid zalf voor het verzachten en herstellen van de beschadigde huid. De zalf bevordert de regeneratie van de huid, heeft een antibacterieel effect en is het best geschikt voor de behandeling van kleine verwondingen. De zalf verzacht en helpt effectief om zwellingen te verlichten. De formule bevat salie die de groei van de bacteri&euml;n en schimmelinfecties effectief remt. &nbsp;De zalf wordt snel geabsorbeerd in de huid zonder een vette laag achter te laten. Vrij van kunstmatige conserveermiddelen, parfums en kleurstoffen.<\/p>\r\n<p><span style=\"text-decoration: underline;\">Toediening:<br \/><\/span>Reinig de gebieden van de te behandelen huid, breng de zalf 1-3 keer per dag aan op de aangedane huid en licht inmasseren, ook te gebruiken rond gewrichten. Het haar dient op de plek van aanbrengen kort gemaakt te worden zodat de cr&egrave;me direct op de huid wordt aangebracht. Niet aanbrengen op open wonden.<span style=\"text-decoration: underline;\"><br \/><\/span><\/p>\r\n<p><span style=\"text-decoration: underline;\">Dosering:<br \/><\/span>-<\/p>\r\n<p><span style=\"text-decoration: underline;\">Verpakking:<br \/><\/span>Tube van 40ml.<span style=\"text-decoration: underline;\"><br \/><\/span><\/p>","_fr_post_name":"bogar-bogacare-derma-repair-cat-40ml","_fr_post_excerpt":"","_fr_post_title":"Bogacare Derma-Repair | Kat | 40 ml","_es_post_content":"<p>Bogacare Derma-Repair Cat de Bogar es una pomada calmante para la piel que suaviza y repara la piel da\u00f1ada. La pomada promueve la regeneraci\u00f3n de la piel, tiene un efecto antibacteriano y es m\u00e1s adecuada para el tratamiento de lesiones menores. La pomada alivia y ayuda eficazmente a aliviar la hinchaz\u00f3n. La f\u00f3rmula contiene salvia que inhibe eficazmente el crecimiento de bacterias e infecciones f\u00fangicas. La pomada se absorbe r\u00e1pidamente en la piel sin dejar una pel\u00edcula grasa. Libre de conservantes, perfumes y colorantes artificiales.<\/p>\r\n<p><span style=\"text-decoration: underline;\">Administraci\u00f3n:<\/span><br \/>Limpiar las zonas de la piel a tratar, aplicar la pomada 1-3 veces al d\u00eda sobre la piel afectada y masajear ligeramente, tambi\u00e9n para usar alrededor de las articulaciones. El cabello debe acortarse en el sitio de aplicaci\u00f3n para que la crema se aplique directamente sobre la piel. No aplicar sobre heridas abiertas.<\/p>\r\n<p><br \/><span style=\"text-decoration: underline;\">Dosis:<\/span><br \/>-<\/p>\r\n<p><span style=\"text-decoration: underline;\">Embalaje:<\/span><br \/>Tubo de 40 ml.<\/p>","_es_post_name":"bogar-bogacare-derma-repair-gatos-40ml","_es_post_excerpt":"","_es_post_title":"Bogacare Derma-Repair | Gatos | 40 ml","edit_language":"nl"},"product_brand":[],"product_cat":[1891,2027,1892,2341,1876,1118,1871,1857],"product_tag":[],"class_list":{"0":"post-118054","1":"product","2":"type-product","3":"status-publish","4":"has-post-thumbnail","6":"product_cat-benodigdheden","7":"product_cat-bogacare","8":"product_cat-ehbo","9":"product_cat-hotspot","10":"product_cat-huid-vacht","11":"product_cat-katten","12":"product_cat-medicijnen-supplementen","13":"product_cat-merken","14":"pa_aandoening-huid_vacht","15":"pa_doeldier-kat","16":"pa_fabricatieland-zwitserland","17":"pa_merkfilter-bogacare","18":"pa_merkgroep-bogar","19":"pa_productsoort-overig","20":"pa_seo_canonical_store_id-not_found_value","21":"pa_seo_category-not_found_value","22":"pa_seo_meta_robots-not_found_value","23":"pa_toedieningswijze-zalf","24":"pa_unit_pricing_base_measure-10ml","25":"pa_unit_pricing_measure-40ml","26":"pa_werkzamestof-overig","28":"first","29":"instock","30":"taxable","31":"shipping-taxable","32":"purchasable","33":"product-type-simple"},"yoast_head":"<!-- This site is optimized with the Yoast SEO plugin v27.5 - https:\/\/yoast.com\/product\/yoast-seo-wordpress\/ -->\n<title>Bogacare Derma-Repair Kat \u2013 40 ml<\/title>\n<meta name=\"description\" content=\"Bogacare Derma-Repair Kat van Bogar is een verzachtende huidcr\u00e8me voor ruwe en schrale huid.\" \/>\n<meta name=\"robots\" content=\"index, follow, max-snippet:-1, max-image-preview:large, max-video-preview:-1\" \/>\n<link rel=\"canonical\" href=\"https:\/\/p4p-nl.bootmine.com\/%product-slug%\/bogar-bogacare-derma-repair-cat-40ml\" \/>\n<meta property=\"og:locale\" content=\"nl_NL\" \/>\n<meta property=\"og:type\" content=\"article\" \/>\n<meta property=\"og:title\" content=\"Bogacare Derma-Repair Kat \u2013 40 ml\" \/>\n<meta property=\"og:description\" content=\"Bogacare Derma-Repair Kat van Bogar is een verzachtende huidcr\u00e8me voor ruwe en schrale huid.\" \/>\n<meta property=\"og:url\" content=\"https:\/\/p4p-nl.bootmine.com\/%product-slug%\/bogar-bogacare-derma-repair-cat-40ml\" \/>\n<meta property=\"og:site_name\" content=\"Pharmacy4pets\" \/>\n<meta property=\"article:publisher\" content=\"https:\/\/www.facebook.com\/people\/Pharmacy4petsnl\/100063484989896\/\" \/>\n<meta property=\"article:modified_time\" content=\"2026-03-25T11:57:15+00:00\" \/>\n<meta property=\"og:image\" content=\"https:\/\/p4p-nl.bootmine.com\/wp-content\/uploads\/2017\/07\/23593.jpg\" \/>\n\t<meta property=\"og:image:width\" content=\"155\" \/>\n\t<meta property=\"og:image:height\" content=\"317\" \/>\n\t<meta property=\"og:image:type\" content=\"image\/jpeg\" \/>\n<meta name=\"twitter:card\" content=\"summary_large_image\" \/>\n<meta name=\"twitter:label1\" content=\"Geschatte leestijd\" \/>\n\t<meta name=\"twitter:data1\" content=\"1 minuut\" \/>\n<script type=\"application\/ld+json\" class=\"yoast-schema-graph\">{\"@context\":\"https:\\\/\\\/schema.org\",\"@graph\":[{\"@type\":\"WebPage\",\"@id\":\"https:\\\/\\\/p4p-nl.bootmine.com\\\/%product-slug%\\\/bogar-bogacare-derma-repair-cat-40ml\",\"url\":\"https:\\\/\\\/p4p-nl.bootmine.com\\\/%product-slug%\\\/bogar-bogacare-derma-repair-cat-40ml\",\"name\":\"Bogacare Derma-Repair Kat \u2013 40 ml\",\"isPartOf\":{\"@id\":\"http:\\\/\\\/www.pharmacy4pets.nl\\\/#website\"},\"primaryImageOfPage\":{\"@id\":\"https:\\\/\\\/p4p-nl.bootmine.com\\\/%product-slug%\\\/bogar-bogacare-derma-repair-cat-40ml#primaryimage\"},\"image\":{\"@id\":\"https:\\\/\\\/p4p-nl.bootmine.com\\\/%product-slug%\\\/bogar-bogacare-derma-repair-cat-40ml#primaryimage\"},\"thumbnailUrl\":\"https:\\\/\\\/www.pharmacy4pets.nl\\\/wp-content\\\/uploads\\\/2017\\\/07\\\/23593.jpg\",\"datePublished\":\"2017-07-10T09:59:59+00:00\",\"dateModified\":\"2026-03-25T11:57:15+00:00\",\"description\":\"Bogacare Derma-Repair Kat van Bogar is een verzachtende huidcr\u00e8me voor ruwe en schrale huid.\",\"breadcrumb\":{\"@id\":\"https:\\\/\\\/p4p-nl.bootmine.com\\\/%product-slug%\\\/bogar-bogacare-derma-repair-cat-40ml#breadcrumb\"},\"inLanguage\":\"nl-NL\",\"potentialAction\":[{\"@type\":\"ReadAction\",\"target\":[\"https:\\\/\\\/p4p-nl.bootmine.com\\\/%product-slug%\\\/bogar-bogacare-derma-repair-cat-40ml\"]}]},{\"@type\":\"ImageObject\",\"inLanguage\":\"nl-NL\",\"@id\":\"https:\\\/\\\/p4p-nl.bootmine.com\\\/%product-slug%\\\/bogar-bogacare-derma-repair-cat-40ml#primaryimage\",\"url\":\"https:\\\/\\\/www.pharmacy4pets.nl\\\/wp-content\\\/uploads\\\/2017\\\/07\\\/23593.jpg\",\"contentUrl\":\"https:\\\/\\\/www.pharmacy4pets.nl\\\/wp-content\\\/uploads\\\/2017\\\/07\\\/23593.jpg\",\"width\":155,\"height\":317,\"caption\":\"Bogacare\"},{\"@type\":\"BreadcrumbList\",\"@id\":\"https:\\\/\\\/p4p-nl.bootmine.com\\\/%product-slug%\\\/bogar-bogacare-derma-repair-cat-40ml#breadcrumb\",\"itemListElement\":[{\"@type\":\"ListItem\",\"position\":1,\"name\":\"Home\",\"item\":\"https:\\\/\\\/p4p-nl.bootmine.com\\\/\"},{\"@type\":\"ListItem\",\"position\":2,\"name\":\"Winkel\",\"item\":\"https:\\\/\\\/p4p-nl.bootmine.com\\\/winkel\"},{\"@type\":\"ListItem\",\"position\":3,\"name\":\"Bogacare Derma-Repair | Kat | 40 ml\"}]},{\"@type\":\"WebSite\",\"@id\":\"http:\\\/\\\/www.pharmacy4pets.nl\\\/#website\",\"url\":\"http:\\\/\\\/www.pharmacy4pets.nl\\\/\",\"name\":\"Pharmacy4pets\",\"description\":\"Pharmacy4pets.nl is d\u00e9 online apotheek waar u terecht kunt voor alle diergeneesmiddelen, verzorgingsproducten en dieetvoeding voor uw huisdier.\",\"publisher\":{\"@id\":\"http:\\\/\\\/www.pharmacy4pets.nl\\\/#organization\"},\"potentialAction\":[{\"@type\":\"SearchAction\",\"target\":{\"@type\":\"EntryPoint\",\"urlTemplate\":\"http:\\\/\\\/www.pharmacy4pets.nl\\\/?s={search_term_string}\"},\"query-input\":{\"@type\":\"PropertyValueSpecification\",\"valueRequired\":true,\"valueName\":\"search_term_string\"}}],\"inLanguage\":\"nl-NL\"},{\"@type\":\"Organization\",\"@id\":\"http:\\\/\\\/www.pharmacy4pets.nl\\\/#organization\",\"name\":\"Pharmacy4pets\",\"url\":\"http:\\\/\\\/www.pharmacy4pets.nl\\\/\",\"logo\":{\"@type\":\"ImageObject\",\"inLanguage\":\"nl-NL\",\"@id\":\"http:\\\/\\\/www.pharmacy4pets.nl\\\/#\\\/schema\\\/logo\\\/image\\\/\",\"url\":\"https:\\\/\\\/p4p-nl.bootmine.com\\\/wp-content\\\/uploads\\\/2026\\\/03\\\/logo-pharmacy4pets.png\",\"contentUrl\":\"https:\\\/\\\/p4p-nl.bootmine.com\\\/wp-content\\\/uploads\\\/2026\\\/03\\\/logo-pharmacy4pets.png\",\"width\":1024,\"height\":135,\"caption\":\"Pharmacy4pets\"},\"image\":{\"@id\":\"http:\\\/\\\/www.pharmacy4pets.nl\\\/#\\\/schema\\\/logo\\\/image\\\/\"},\"sameAs\":[\"https:\\\/\\\/www.facebook.com\\\/people\\\/Pharmacy4petsnl\\\/100063484989896\\\/\",\"https:\\\/\\\/www.youtube.com\\\/channel\\\/UCGPTIgucgli03tP2_kvLkHg\\\/featured\",\"https:\\\/\\\/www.instagram.com\\\/pharmacy4pets.nl\"]}]}<\/script>\n<!-- \/ Yoast SEO plugin. -->","yoast_head_json":{"title":"Bogacare Derma-Repair Kat \u2013 40 ml","description":"Bogacare Derma-Repair Kat van Bogar is een verzachtende huidcr\u00e8me voor ruwe en schrale huid.","robots":{"index":"index","follow":"follow","max-snippet":"max-snippet:-1","max-image-preview":"max-image-preview:large","max-video-preview":"max-video-preview:-1"},"canonical":"https:\/\/p4p-nl.bootmine.com\/%product-slug%\/bogar-bogacare-derma-repair-cat-40ml","og_locale":"nl_NL","og_type":"article","og_title":"Bogacare Derma-Repair Kat \u2013 40 ml","og_description":"Bogacare Derma-Repair Kat van Bogar is een verzachtende huidcr\u00e8me voor ruwe en schrale huid.","og_url":"https:\/\/p4p-nl.bootmine.com\/%product-slug%\/bogar-bogacare-derma-repair-cat-40ml","og_site_name":"Pharmacy4pets","article_publisher":"https:\/\/www.facebook.com\/people\/Pharmacy4petsnl\/100063484989896\/","article_modified_time":"2026-03-25T11:57:15+00:00","og_image":[{"width":155,"height":317,"url":"https:\/\/p4p-nl.bootmine.com\/wp-content\/uploads\/2017\/07\/23593.jpg","type":"image\/jpeg"}],"twitter_card":"summary_large_image","twitter_misc":{"Geschatte leestijd":"1 minuut"},"schema":{"@context":"https:\/\/schema.org","@graph":[{"@type":"WebPage","@id":"https:\/\/p4p-nl.bootmine.com\/%product-slug%\/bogar-bogacare-derma-repair-cat-40ml","url":"https:\/\/p4p-nl.bootmine.com\/%product-slug%\/bogar-bogacare-derma-repair-cat-40ml","name":"Bogacare Derma-Repair Kat \u2013 40 ml","isPartOf":{"@id":"http:\/\/www.pharmacy4pets.nl\/#website"},"primaryImageOfPage":{"@id":"https:\/\/p4p-nl.bootmine.com\/%product-slug%\/bogar-bogacare-derma-repair-cat-40ml#primaryimage"},"image":{"@id":"https:\/\/p4p-nl.bootmine.com\/%product-slug%\/bogar-bogacare-derma-repair-cat-40ml#primaryimage"},"thumbnailUrl":"https:\/\/www.pharmacy4pets.nl\/wp-content\/uploads\/2017\/07\/23593.jpg","datePublished":"2017-07-10T09:59:59+00:00","dateModified":"2026-03-25T11:57:15+00:00","description":"Bogacare Derma-Repair Kat van Bogar is een verzachtende huidcr\u00e8me voor ruwe en schrale huid.","breadcrumb":{"@id":"https:\/\/p4p-nl.bootmine.com\/%product-slug%\/bogar-bogacare-derma-repair-cat-40ml#breadcrumb"},"inLanguage":"nl-NL","potentialAction":[{"@type":"ReadAction","target":["https:\/\/p4p-nl.bootmine.com\/%product-slug%\/bogar-bogacare-derma-repair-cat-40ml"]}]},{"@type":"ImageObject","inLanguage":"nl-NL","@id":"https:\/\/p4p-nl.bootmine.com\/%product-slug%\/bogar-bogacare-derma-repair-cat-40ml#primaryimage","url":"https:\/\/www.pharmacy4pets.nl\/wp-content\/uploads\/2017\/07\/23593.jpg","contentUrl":"https:\/\/www.pharmacy4pets.nl\/wp-content\/uploads\/2017\/07\/23593.jpg","width":155,"height":317,"caption":"Bogacare"},{"@type":"BreadcrumbList","@id":"https:\/\/p4p-nl.bootmine.com\/%product-slug%\/bogar-bogacare-derma-repair-cat-40ml#breadcrumb","itemListElement":[{"@type":"ListItem","position":1,"name":"Home","item":"https:\/\/p4p-nl.bootmine.com\/"},{"@type":"ListItem","position":2,"name":"Winkel","item":"https:\/\/p4p-nl.bootmine.com\/winkel"},{"@type":"ListItem","position":3,"name":"Bogacare Derma-Repair | Kat | 40 ml"}]},{"@type":"WebSite","@id":"http:\/\/www.pharmacy4pets.nl\/#website","url":"http:\/\/www.pharmacy4pets.nl\/","name":"Pharmacy4pets","description":"Pharmacy4pets.nl is d\u00e9 online apotheek waar u terecht kunt voor alle diergeneesmiddelen, verzorgingsproducten en dieetvoeding voor uw huisdier.","publisher":{"@id":"http:\/\/www.pharmacy4pets.nl\/#organization"},"potentialAction":[{"@type":"SearchAction","target":{"@type":"EntryPoint","urlTemplate":"http:\/\/www.pharmacy4pets.nl\/?s={search_term_string}"},"query-input":{"@type":"PropertyValueSpecification","valueRequired":true,"valueName":"search_term_string"}}],"inLanguage":"nl-NL"},{"@type":"Organization","@id":"http:\/\/www.pharmacy4pets.nl\/#organization","name":"Pharmacy4pets","url":"http:\/\/www.pharmacy4pets.nl\/","logo":{"@type":"ImageObject","inLanguage":"nl-NL","@id":"http:\/\/www.pharmacy4pets.nl\/#\/schema\/logo\/image\/","url":"https:\/\/p4p-nl.bootmine.com\/wp-content\/uploads\/2026\/03\/logo-pharmacy4pets.png","contentUrl":"https:\/\/p4p-nl.bootmine.com\/wp-content\/uploads\/2026\/03\/logo-pharmacy4pets.png","width":1024,"height":135,"caption":"Pharmacy4pets"},"image":{"@id":"http:\/\/www.pharmacy4pets.nl\/#\/schema\/logo\/image\/"},"sameAs":["https:\/\/www.facebook.com\/people\/Pharmacy4petsnl\/100063484989896\/","https:\/\/www.youtube.com\/channel\/UCGPTIgucgli03tP2_kvLkHg\/featured","https:\/\/www.instagram.com\/pharmacy4pets.nl"]}]}},"market_data":{"nl":{"price":0,"sale_price":0,"active":false,"url":null,"parent_url":"","tax_rate":0,"price_inc_tax":0,"sale_price_inc_tax":0},"de":{"price":0,"sale_price":0,"active":false,"url":null,"parent_url":"","tax_rate":0,"price_inc_tax":0,"sale_price_inc_tax":0},"be":{"price":0,"sale_price":0,"active":false,"url":null,"parent_url":"","tax_rate":0,"price_inc_tax":0,"sale_price_inc_tax":0},"fr":{"price":0,"sale_price":0,"active":false,"url":null,"parent_url":"","tax_rate":0,"price_inc_tax":0,"sale_price_inc_tax":0},"ch":{"price":0,"sale_price":0,"active":false,"url":null,"parent_url":"","tax_rate":0,"price_inc_tax":0,"sale_price_inc_tax":0},"at":{"price":0,"sale_price":0,"active":false,"url":null,"parent_url":"","tax_rate":0,"price_inc_tax":0,"sale_price_inc_tax":0},"es":{"price":0,"sale_price":0,"active":false,"url":null,"parent_url":"","tax_rate":0,"price_inc_tax":0,"sale_price_inc_tax":0},"dk":{"price":0,"sale_price":0,"active":false,"url":null,"parent_url":"","tax_rate":0,"price_inc_tax":0,"sale_price_inc_tax":0},"com":{"price":0,"sale_price":0,"active":false,"url":null,"parent_url":"","tax_rate":0,"price_inc_tax":0,"sale_price_inc_tax":0}},"market_nl_price":0,"market_nl_sale_price":0,"market_nl_active":false,"market_nl_url":null,"market_nl_parent_url":"","market_nl_tax_rate":0,"market_nl_price_inc_tax":0,"market_nl_sale_price_inc_tax":0,"market_de_price":0,"market_de_sale_price":0,"market_de_active":false,"market_de_url":null,"market_de_parent_url":"","market_de_tax_rate":0,"market_de_price_inc_tax":0,"market_de_sale_price_inc_tax":0,"market_be_price":0,"market_be_sale_price":0,"market_be_active":false,"market_be_url":null,"market_be_parent_url":"","market_be_tax_rate":0,"market_be_price_inc_tax":0,"market_be_sale_price_inc_tax":0,"market_fr_price":0,"market_fr_sale_price":0,"market_fr_active":false,"market_fr_url":null,"market_fr_parent_url":"","market_fr_tax_rate":0,"market_fr_price_inc_tax":0,"market_fr_sale_price_inc_tax":0,"market_ch_price":0,"market_ch_sale_price":0,"market_ch_active":false,"market_ch_url":null,"market_ch_parent_url":"","market_ch_tax_rate":0,"market_ch_price_inc_tax":0,"market_ch_sale_price_inc_tax":0,"market_at_price":0,"market_at_sale_price":0,"market_at_active":false,"market_at_url":null,"market_at_parent_url":"","market_at_tax_rate":0,"market_at_price_inc_tax":0,"market_at_sale_price_inc_tax":0,"market_es_price":0,"market_es_sale_price":0,"market_es_active":false,"market_es_url":null,"market_es_parent_url":"","market_es_tax_rate":0,"market_es_price_inc_tax":0,"market_es_sale_price_inc_tax":0,"market_dk_price":0,"market_dk_sale_price":0,"market_dk_active":false,"market_dk_url":null,"market_dk_parent_url":"","market_dk_tax_rate":0,"market_dk_price_inc_tax":0,"market_dk_sale_price_inc_tax":0,"market_com_price":0,"market_com_sale_price":0,"market_com_active":false,"market_com_url":null,"market_com_parent_url":"","market_com_tax_rate":0,"market_com_price_inc_tax":0,"market_com_sale_price_inc_tax":0,"acf":[],"_links":{"self":[{"href":"https:\/\/www.pharmacy4pets.nl\/be\/wp-json\/wp\/v2\/product\/118054","targetHints":{"allow":["GET"]}}],"collection":[{"href":"https:\/\/www.pharmacy4pets.nl\/be\/wp-json\/wp\/v2\/product"}],"about":[{"href":"https:\/\/www.pharmacy4pets.nl\/be\/wp-json\/wp\/v2\/types\/product"}],"replies":[{"embeddable":true,"href":"https:\/\/www.pharmacy4pets.nl\/be\/wp-json\/wp\/v2\/comments?post=118054"}],"wp:featuredmedia":[{"embeddable":true,"href":"https:\/\/www.pharmacy4pets.nl\/be\/wp-json\/wp\/v2\/media\/118050"}],"wp:attachment":[{"href":"https:\/\/www.pharmacy4pets.nl\/be\/wp-json\/wp\/v2\/media?parent=118054"}],"wp:term":[{"taxonomy":"product_brand","embeddable":true,"href":"https:\/\/www.pharmacy4pets.nl\/be\/wp-json\/wp\/v2\/product_brand?post=118054"},{"taxonomy":"product_cat","embeddable":true,"href":"https:\/\/www.pharmacy4pets.nl\/be\/wp-json\/wp\/v2\/product_cat?post=118054"},{"taxonomy":"product_tag","embeddable":true,"href":"https:\/\/www.pharmacy4pets.nl\/be\/wp-json\/wp\/v2\/product_tag?post=118054"}],"curies":[{"name":"wp","href":"https:\/\/api.w.org\/{rel}","templated":true}]}}