{"id":118042,"date":"2017-07-10T08:57:11","date_gmt":"2017-07-10T08:57:11","guid":{"rendered":"https:\/\/p4p.test\/bogar-bogacare-clean-fresh-wipes-15-2"},"modified":"2026-03-25T11:57:15","modified_gmt":"2026-03-25T11:57:15","slug":"bogar-bogacare-clean-fresh-wipes-15","status":"publish","type":"product","link":"https:\/\/www.pharmacy4pets.nl\/be\/bogar-bogacare-clean-fresh-wipes-15","title":{"rendered":"Bogacare Clean &#038; Fresh Wipes 15 stuks | Hond"},"content":{"rendered":"<p>Bogacare Clean &amp; Fresh Wipes voor honden van Bogar zijn vochtige reinigingsdoekjes die vuil van de vacht en poten effici&euml;nt verwijderen. Vochtige, zachte en extreem sterke reinigingsdoekjes van niet-geweven cellulose materiaal. Onaangename geuren worden geneutraliseerd door de effectieve antibacteri&euml;le ingredi&euml;nten. Bovendien geeft de blauwe frambozengeur de vacht een vleugje frisheid. Ideaal voor het snel schoonmaken van de vacht, zowel thuis als op pad. Zonder gebruik van alcohol.<\/p>\n<p><span style=\"text-decoration: underline;\">Toediening:<\/span><br \/>Afhankelijk van de omstandigheden, reinig de vuile oppervlakken van de huid, eventueel meerdere malen per dag.<\/p>\n<p><span style=\"text-decoration: underline;\">Verpakking:<\/span><br \/>15 stuks, hersluitbare verpakking.<\/p>\n","protected":false},"excerpt":{"rendered":"<p>Bogacare Clean &amp; Fresh Wipes voor honden van Bogar zijn vochtige reinigingsdoekjes die vuil van de vacht en poten effici&euml;nt verwijderen. Vochtige, zachte en extreem sterke reinigingsdoekjes van niet-geweven cellulose materiaal. Onaangename geuren worden geneutraliseerd door de effectieve antibacteri&euml;le ingredi&euml;nten. Bovendien geeft de blauwe frambozengeur de vacht een vleugje frisheid. Ideaal voor het snel schoonmaken [&hellip;]<\/p>\n","protected":false},"featured_media":118039,"comment_status":"open","ping_status":"closed","template":"","meta":{"_acf_changed":false,"_nl_post_content":"<p>Bogacare Clean &amp; Fresh Wipes voor honden van Bogar zijn vochtige reinigingsdoekjes die vuil van de vacht en poten effici&euml;nt verwijderen. Vochtige, zachte en extreem sterke reinigingsdoekjes van niet-geweven cellulose materiaal. Onaangename geuren worden geneutraliseerd door de effectieve antibacteri&euml;le ingredi&euml;nten. Bovendien geeft de blauwe frambozengeur de vacht een vleugje frisheid. Ideaal voor het snel schoonmaken van de vacht, zowel thuis als op pad. Zonder gebruik van alcohol.<\/p>\r\n<p><span style=\"text-decoration: underline;\">Toediening:<\/span><br \/>Afhankelijk van de omstandigheden, reinig de vuile oppervlakken van de huid, eventueel meerdere malen per dag.<\/p>\r\n<p><span style=\"text-decoration: underline;\">Verpakking:<\/span><br \/>15 stuks, hersluitbare verpakking.<\/p>","_nl_post_name":"bogar-bogacare-clean-fresh-wipes-15","_nl_post_excerpt":"","_nl_post_title":"Bogacare Clean & Fresh Wipes 15 stuks | Hond","_en_post_content":"<p>Bogacare Clean &amp; Fresh Wipes from Bogar are moist cleansing wipes which efficiently remove dirt from coat and paws. Moist, soft but extremely tough cleaning wipes made of nonwoven cellulose material. Unpleasant odours are neutralised by the effective antibacterial ingredients; in addition, the blue raspberry fragrance gives the coat a touch of freshness. Ideal for quick cleaning at home and when out and about (walks, travel, etc.). Without alcohol.<\/p>\r\n<p><span style=\"text-decoration: underline;\">Administration:<br \/><\/span>Depending on requirements, clean dirty areas of the skin and coat several times a day.&nbsp;<span style=\"text-decoration: underline;\"><br \/><\/span><\/p>\r\n<p><span style=\"text-decoration: underline;\">Package:<br \/><\/span>15 pieces. Resealable package.<span style=\"text-decoration: underline;\"><br \/><\/span><\/p>","_en_post_name":"bogar-bogacare-clean-fresh-wipes-15","_en_post_excerpt":"","_en_post_title":"Bogacare Clean & Fresh Wipes 15 pieces | Dog","_de_post_content":"<p>Bogacare Clean &amp; Fresh Wipes von Bogar sind feuchte Reinigungst&uuml;cher, die Schmutz sofort von Mantel und Pfoten entfernen. Feuchte, weiche aber &auml;u&szlig;erst strapazierf&auml;hige Reinigungst&uuml;cher aus Vlies-Zellstoff. Unangenehme Ger&uuml;che werden durch die antibakteriell wirksamen Inhaltsstoffe neutralisiert, zus&auml;tzlich verleiht der Duft von Blue Rasperry dem Fell eine frische Note. Ideal f&uuml;r die schnelle Reinigung zu Hause und unterwegs (Spazierg&auml;nge, Reisen, usw.). Ohne Alkohol.<\/p>\r\n<p><span style=\"text-decoration: underline;\">Anwendung:<br \/><\/span>Je nach Bedarf verschmutzte Haut- und Fellbereiche mehrmals t&auml;glich reinigen.<span style=\"text-decoration: underline;\"><br \/><\/span><\/p>\r\n<p><span style=\"text-decoration: underline;\">Verpackung:<br \/><\/span>15 St&uuml;ck, wiederverwendbar<span style=\"text-decoration: underline;\"><br \/><\/span><\/p>","_de_post_name":"bogar-bogacare-clean-fresh-wipes-15","_de_post_excerpt":"","_de_post_title":"Bogacare Clean & Fresh Wipes 15 St\u00fccke | Hund","_fr_post_content":"<p>Bogacare Clean &amp; Fresh Wipes pour chiens de Bogar sont des lingettes nettoyantes humides qui \u00e9liminent efficacement la salet\u00e9 du pelage et des pattes. Ces lingettes humides, douces et extr\u00eamement r\u00e9sistantes sont fabriqu\u00e9es en cellulose non tiss\u00e9e. Les odeurs d\u00e9sagr\u00e9ables sont neutralis\u00e9es par les ingr\u00e9dients antibact\u00e9riens efficaces. De plus, le parfum de framboise bleue apporte une touche de fra\u00eecheur au pelage. Id\u00e9al pour un nettoyage rapide du pelage, \u00e0 la maison comme en d\u00e9placement. Sans alcool.<\/p>\n<p><u>Administration :<\/u><br \/>Selon les conditions, nettoyer les surfaces sales de la peau, \u00e9ventuellement plusieurs fois par jour.<\/p>\n<p><u>Paquet :<\/u><br \/>15 pi\u00e8ces, r\u00e9cipient refermable.<\/p>","_fr_post_name":"bogacare-clean-fresh-wipes-15-pieces-chien","_fr_post_excerpt":"","_fr_post_title":"Bogacare Clean & Fresh Wipes 15 pi\u00e8ces | Chien","_es_post_content":"<p>Bogacare Clean &amp; Fresh Wipes para perros de Bogar son toallitas limpiadoras h\u00famedas que eliminan de manera eficiente la suciedad del pelaje y las patas. Toallitas de limpieza h\u00famedas, suaves y extremadamente fuertes hechas de material de celulosa no tejida. Los olores desagradables son neutralizados por los efectivos ingredientes antibacterianos. Adem\u00e1s, el aroma de frambuesa azul le da al pelaje un toque de frescura. Ideal para una limpieza r\u00e1pida del pelaje, tanto en casa como de viaje. Sin el uso de alcohol.<\/p>\r\n<p><span style=\"text-decoration: underline;\">Forma de uso:<\/span><br \/>Dependiendo de las circunstancias, limpie las superficies sucias de la piel, posiblemente varias veces al d\u00eda.<\/p>\r\n<p><span style=\"text-decoration: underline;\">Embalaje:<\/span><br \/>15 piezas, embalaje resellable.<\/p>","_es_post_name":"bogar-bogacare-clean-fresh-wipes-15","_es_post_excerpt":"","_es_post_title":"Bogacare Clean & Fresh Wipes 15 piezas | Perros","edit_language":"nl"},"product_brand":[],"product_cat":[1861,2027,1117,1857,1863],"product_tag":[],"class_list":{"0":"post-118042","1":"product","2":"type-product","3":"status-publish","4":"has-post-thumbnail","6":"product_cat-benodigdheden","7":"product_cat-bogacare","8":"product_cat-honden","9":"product_cat-merken","10":"product_cat-verzorging","11":"pa_aandoening-huid_vacht","12":"pa_doeldier-hond","13":"pa_fabricatieland-zwitserland","14":"pa_merkfilter-bogacare","15":"pa_merkgroep-bogar","16":"pa_productsoort-overig","17":"pa_seo_canonical_store_id-not_found_value","18":"pa_seo_category-not_found_value","19":"pa_seo_meta_robots-not_found_value","20":"pa_toedieningswijze-doekjes","21":"pa_unit_pricing_base_measure-1ct","22":"pa_unit_pricing_measure-15ct","23":"pa_werkzamestof-overig","25":"first","26":"instock","27":"taxable","28":"shipping-taxable","29":"purchasable","30":"product-type-simple"},"yoast_head":"<!-- This site is optimized with the Yoast SEO plugin v27.5 - https:\/\/yoast.com\/product\/yoast-seo-wordpress\/ -->\n<title>Bogacare Clean &amp; Fresh Wipes \u2013 Hond \u2013 15 stuks<\/title>\n<meta name=\"description\" content=\"Bogacare Clean &amp; Fresh Wipes voor honden van Bogar. Vochtige reinigingsdoekjes die vuil van de vacht en poten effici\u00ebnt verwijderen.\" \/>\n<meta name=\"robots\" content=\"index, follow, max-snippet:-1, max-image-preview:large, max-video-preview:-1\" \/>\n<link rel=\"canonical\" href=\"https:\/\/p4p-nl.bootmine.com\/%product-slug%\/bogar-bogacare-clean-fresh-wipes-15\" \/>\n<meta property=\"og:locale\" content=\"nl_NL\" \/>\n<meta property=\"og:type\" content=\"article\" \/>\n<meta property=\"og:title\" content=\"Bogacare Clean &amp; Fresh Wipes \u2013 Hond \u2013 15 stuks\" \/>\n<meta property=\"og:description\" content=\"Bogacare Clean &amp; Fresh Wipes voor honden van Bogar. Vochtige reinigingsdoekjes die vuil van de vacht en poten effici\u00ebnt verwijderen.\" \/>\n<meta property=\"og:url\" content=\"https:\/\/p4p-nl.bootmine.com\/%product-slug%\/bogar-bogacare-clean-fresh-wipes-15\" \/>\n<meta property=\"og:site_name\" content=\"Pharmacy4pets\" \/>\n<meta property=\"article:publisher\" content=\"https:\/\/www.facebook.com\/people\/Pharmacy4petsnl\/100063484989896\/\" \/>\n<meta property=\"article:modified_time\" content=\"2026-03-25T11:57:15+00:00\" \/>\n<meta property=\"og:image\" content=\"https:\/\/p4p-nl.bootmine.com\/wp-content\/uploads\/2017\/07\/23581.jpg\" \/>\n\t<meta property=\"og:image:width\" content=\"310\" \/>\n\t<meta property=\"og:image:height\" content=\"310\" \/>\n\t<meta property=\"og:image:type\" content=\"image\/jpeg\" \/>\n<meta name=\"twitter:card\" content=\"summary_large_image\" \/>\n<script type=\"application\/ld+json\" class=\"yoast-schema-graph\">{\"@context\":\"https:\\\/\\\/schema.org\",\"@graph\":[{\"@type\":\"WebPage\",\"@id\":\"https:\\\/\\\/p4p-nl.bootmine.com\\\/%product-slug%\\\/bogar-bogacare-clean-fresh-wipes-15\",\"url\":\"https:\\\/\\\/p4p-nl.bootmine.com\\\/%product-slug%\\\/bogar-bogacare-clean-fresh-wipes-15\",\"name\":\"Bogacare Clean & Fresh Wipes \u2013 Hond \u2013 15 stuks\",\"isPartOf\":{\"@id\":\"http:\\\/\\\/www.pharmacy4pets.nl\\\/#website\"},\"primaryImageOfPage\":{\"@id\":\"https:\\\/\\\/p4p-nl.bootmine.com\\\/%product-slug%\\\/bogar-bogacare-clean-fresh-wipes-15#primaryimage\"},\"image\":{\"@id\":\"https:\\\/\\\/p4p-nl.bootmine.com\\\/%product-slug%\\\/bogar-bogacare-clean-fresh-wipes-15#primaryimage\"},\"thumbnailUrl\":\"https:\\\/\\\/www.pharmacy4pets.nl\\\/wp-content\\\/uploads\\\/2017\\\/07\\\/23581.jpg\",\"datePublished\":\"2017-07-10T08:57:11+00:00\",\"dateModified\":\"2026-03-25T11:57:15+00:00\",\"description\":\"Bogacare Clean & Fresh Wipes voor honden van Bogar. Vochtige reinigingsdoekjes die vuil van de vacht en poten effici\u00ebnt verwijderen.\",\"breadcrumb\":{\"@id\":\"https:\\\/\\\/p4p-nl.bootmine.com\\\/%product-slug%\\\/bogar-bogacare-clean-fresh-wipes-15#breadcrumb\"},\"inLanguage\":\"nl-NL\",\"potentialAction\":[{\"@type\":\"ReadAction\",\"target\":[\"https:\\\/\\\/p4p-nl.bootmine.com\\\/%product-slug%\\\/bogar-bogacare-clean-fresh-wipes-15\"]}]},{\"@type\":\"ImageObject\",\"inLanguage\":\"nl-NL\",\"@id\":\"https:\\\/\\\/p4p-nl.bootmine.com\\\/%product-slug%\\\/bogar-bogacare-clean-fresh-wipes-15#primaryimage\",\"url\":\"https:\\\/\\\/www.pharmacy4pets.nl\\\/wp-content\\\/uploads\\\/2017\\\/07\\\/23581.jpg\",\"contentUrl\":\"https:\\\/\\\/www.pharmacy4pets.nl\\\/wp-content\\\/uploads\\\/2017\\\/07\\\/23581.jpg\",\"width\":310,\"height\":310,\"caption\":\"Bogacare\"},{\"@type\":\"BreadcrumbList\",\"@id\":\"https:\\\/\\\/p4p-nl.bootmine.com\\\/%product-slug%\\\/bogar-bogacare-clean-fresh-wipes-15#breadcrumb\",\"itemListElement\":[{\"@type\":\"ListItem\",\"position\":1,\"name\":\"Home\",\"item\":\"https:\\\/\\\/p4p-nl.bootmine.com\\\/\"},{\"@type\":\"ListItem\",\"position\":2,\"name\":\"Winkel\",\"item\":\"https:\\\/\\\/p4p-nl.bootmine.com\\\/winkel\"},{\"@type\":\"ListItem\",\"position\":3,\"name\":\"Bogacare Clean &#038; Fresh Wipes 15 stuks | Hond\"}]},{\"@type\":\"WebSite\",\"@id\":\"http:\\\/\\\/www.pharmacy4pets.nl\\\/#website\",\"url\":\"http:\\\/\\\/www.pharmacy4pets.nl\\\/\",\"name\":\"Pharmacy4pets\",\"description\":\"Pharmacy4pets.nl is d\u00e9 online apotheek waar u terecht kunt voor alle diergeneesmiddelen, verzorgingsproducten en dieetvoeding voor uw huisdier.\",\"publisher\":{\"@id\":\"http:\\\/\\\/www.pharmacy4pets.nl\\\/#organization\"},\"potentialAction\":[{\"@type\":\"SearchAction\",\"target\":{\"@type\":\"EntryPoint\",\"urlTemplate\":\"http:\\\/\\\/www.pharmacy4pets.nl\\\/?s={search_term_string}\"},\"query-input\":{\"@type\":\"PropertyValueSpecification\",\"valueRequired\":true,\"valueName\":\"search_term_string\"}}],\"inLanguage\":\"nl-NL\"},{\"@type\":\"Organization\",\"@id\":\"http:\\\/\\\/www.pharmacy4pets.nl\\\/#organization\",\"name\":\"Pharmacy4pets\",\"url\":\"http:\\\/\\\/www.pharmacy4pets.nl\\\/\",\"logo\":{\"@type\":\"ImageObject\",\"inLanguage\":\"nl-NL\",\"@id\":\"http:\\\/\\\/www.pharmacy4pets.nl\\\/#\\\/schema\\\/logo\\\/image\\\/\",\"url\":\"https:\\\/\\\/p4p-nl.bootmine.com\\\/wp-content\\\/uploads\\\/2026\\\/03\\\/logo-pharmacy4pets.png\",\"contentUrl\":\"https:\\\/\\\/p4p-nl.bootmine.com\\\/wp-content\\\/uploads\\\/2026\\\/03\\\/logo-pharmacy4pets.png\",\"width\":1024,\"height\":135,\"caption\":\"Pharmacy4pets\"},\"image\":{\"@id\":\"http:\\\/\\\/www.pharmacy4pets.nl\\\/#\\\/schema\\\/logo\\\/image\\\/\"},\"sameAs\":[\"https:\\\/\\\/www.facebook.com\\\/people\\\/Pharmacy4petsnl\\\/100063484989896\\\/\",\"https:\\\/\\\/www.youtube.com\\\/channel\\\/UCGPTIgucgli03tP2_kvLkHg\\\/featured\",\"https:\\\/\\\/www.instagram.com\\\/pharmacy4pets.nl\"]}]}<\/script>\n<!-- \/ Yoast SEO plugin. -->","yoast_head_json":{"title":"Bogacare Clean & Fresh Wipes \u2013 Hond \u2013 15 stuks","description":"Bogacare Clean & Fresh Wipes voor honden van Bogar. Vochtige reinigingsdoekjes die vuil van de vacht en poten effici\u00ebnt verwijderen.","robots":{"index":"index","follow":"follow","max-snippet":"max-snippet:-1","max-image-preview":"max-image-preview:large","max-video-preview":"max-video-preview:-1"},"canonical":"https:\/\/p4p-nl.bootmine.com\/%product-slug%\/bogar-bogacare-clean-fresh-wipes-15","og_locale":"nl_NL","og_type":"article","og_title":"Bogacare Clean & Fresh Wipes \u2013 Hond \u2013 15 stuks","og_description":"Bogacare Clean & Fresh Wipes voor honden van Bogar. Vochtige reinigingsdoekjes die vuil van de vacht en poten effici\u00ebnt verwijderen.","og_url":"https:\/\/p4p-nl.bootmine.com\/%product-slug%\/bogar-bogacare-clean-fresh-wipes-15","og_site_name":"Pharmacy4pets","article_publisher":"https:\/\/www.facebook.com\/people\/Pharmacy4petsnl\/100063484989896\/","article_modified_time":"2026-03-25T11:57:15+00:00","og_image":[{"width":310,"height":310,"url":"https:\/\/p4p-nl.bootmine.com\/wp-content\/uploads\/2017\/07\/23581.jpg","type":"image\/jpeg"}],"twitter_card":"summary_large_image","schema":{"@context":"https:\/\/schema.org","@graph":[{"@type":"WebPage","@id":"https:\/\/p4p-nl.bootmine.com\/%product-slug%\/bogar-bogacare-clean-fresh-wipes-15","url":"https:\/\/p4p-nl.bootmine.com\/%product-slug%\/bogar-bogacare-clean-fresh-wipes-15","name":"Bogacare Clean & Fresh Wipes \u2013 Hond \u2013 15 stuks","isPartOf":{"@id":"http:\/\/www.pharmacy4pets.nl\/#website"},"primaryImageOfPage":{"@id":"https:\/\/p4p-nl.bootmine.com\/%product-slug%\/bogar-bogacare-clean-fresh-wipes-15#primaryimage"},"image":{"@id":"https:\/\/p4p-nl.bootmine.com\/%product-slug%\/bogar-bogacare-clean-fresh-wipes-15#primaryimage"},"thumbnailUrl":"https:\/\/www.pharmacy4pets.nl\/wp-content\/uploads\/2017\/07\/23581.jpg","datePublished":"2017-07-10T08:57:11+00:00","dateModified":"2026-03-25T11:57:15+00:00","description":"Bogacare Clean & Fresh Wipes voor honden van Bogar. Vochtige reinigingsdoekjes die vuil van de vacht en poten effici\u00ebnt verwijderen.","breadcrumb":{"@id":"https:\/\/p4p-nl.bootmine.com\/%product-slug%\/bogar-bogacare-clean-fresh-wipes-15#breadcrumb"},"inLanguage":"nl-NL","potentialAction":[{"@type":"ReadAction","target":["https:\/\/p4p-nl.bootmine.com\/%product-slug%\/bogar-bogacare-clean-fresh-wipes-15"]}]},{"@type":"ImageObject","inLanguage":"nl-NL","@id":"https:\/\/p4p-nl.bootmine.com\/%product-slug%\/bogar-bogacare-clean-fresh-wipes-15#primaryimage","url":"https:\/\/www.pharmacy4pets.nl\/wp-content\/uploads\/2017\/07\/23581.jpg","contentUrl":"https:\/\/www.pharmacy4pets.nl\/wp-content\/uploads\/2017\/07\/23581.jpg","width":310,"height":310,"caption":"Bogacare"},{"@type":"BreadcrumbList","@id":"https:\/\/p4p-nl.bootmine.com\/%product-slug%\/bogar-bogacare-clean-fresh-wipes-15#breadcrumb","itemListElement":[{"@type":"ListItem","position":1,"name":"Home","item":"https:\/\/p4p-nl.bootmine.com\/"},{"@type":"ListItem","position":2,"name":"Winkel","item":"https:\/\/p4p-nl.bootmine.com\/winkel"},{"@type":"ListItem","position":3,"name":"Bogacare Clean &#038; Fresh Wipes 15 stuks | Hond"}]},{"@type":"WebSite","@id":"http:\/\/www.pharmacy4pets.nl\/#website","url":"http:\/\/www.pharmacy4pets.nl\/","name":"Pharmacy4pets","description":"Pharmacy4pets.nl is d\u00e9 online apotheek waar u terecht kunt voor alle diergeneesmiddelen, verzorgingsproducten en dieetvoeding voor uw huisdier.","publisher":{"@id":"http:\/\/www.pharmacy4pets.nl\/#organization"},"potentialAction":[{"@type":"SearchAction","target":{"@type":"EntryPoint","urlTemplate":"http:\/\/www.pharmacy4pets.nl\/?s={search_term_string}"},"query-input":{"@type":"PropertyValueSpecification","valueRequired":true,"valueName":"search_term_string"}}],"inLanguage":"nl-NL"},{"@type":"Organization","@id":"http:\/\/www.pharmacy4pets.nl\/#organization","name":"Pharmacy4pets","url":"http:\/\/www.pharmacy4pets.nl\/","logo":{"@type":"ImageObject","inLanguage":"nl-NL","@id":"http:\/\/www.pharmacy4pets.nl\/#\/schema\/logo\/image\/","url":"https:\/\/p4p-nl.bootmine.com\/wp-content\/uploads\/2026\/03\/logo-pharmacy4pets.png","contentUrl":"https:\/\/p4p-nl.bootmine.com\/wp-content\/uploads\/2026\/03\/logo-pharmacy4pets.png","width":1024,"height":135,"caption":"Pharmacy4pets"},"image":{"@id":"http:\/\/www.pharmacy4pets.nl\/#\/schema\/logo\/image\/"},"sameAs":["https:\/\/www.facebook.com\/people\/Pharmacy4petsnl\/100063484989896\/","https:\/\/www.youtube.com\/channel\/UCGPTIgucgli03tP2_kvLkHg\/featured","https:\/\/www.instagram.com\/pharmacy4pets.nl"]}]}},"market_data":{"nl":{"price":0,"sale_price":0,"active":false,"url":null,"parent_url":"","tax_rate":0,"price_inc_tax":0,"sale_price_inc_tax":0},"de":{"price":0,"sale_price":0,"active":false,"url":null,"parent_url":"","tax_rate":0,"price_inc_tax":0,"sale_price_inc_tax":0},"be":{"price":0,"sale_price":0,"active":false,"url":null,"parent_url":"","tax_rate":0,"price_inc_tax":0,"sale_price_inc_tax":0},"fr":{"price":0,"sale_price":0,"active":false,"url":null,"parent_url":"","tax_rate":0,"price_inc_tax":0,"sale_price_inc_tax":0},"ch":{"price":0,"sale_price":0,"active":false,"url":null,"parent_url":"","tax_rate":0,"price_inc_tax":0,"sale_price_inc_tax":0},"at":{"price":0,"sale_price":0,"active":false,"url":null,"parent_url":"","tax_rate":0,"price_inc_tax":0,"sale_price_inc_tax":0},"es":{"price":0,"sale_price":0,"active":false,"url":null,"parent_url":"","tax_rate":0,"price_inc_tax":0,"sale_price_inc_tax":0},"dk":{"price":0,"sale_price":0,"active":false,"url":null,"parent_url":"","tax_rate":0,"price_inc_tax":0,"sale_price_inc_tax":0},"com":{"price":0,"sale_price":0,"active":false,"url":null,"parent_url":"","tax_rate":0,"price_inc_tax":0,"sale_price_inc_tax":0}},"market_nl_price":0,"market_nl_sale_price":0,"market_nl_active":false,"market_nl_url":null,"market_nl_parent_url":"","market_nl_tax_rate":0,"market_nl_price_inc_tax":0,"market_nl_sale_price_inc_tax":0,"market_de_price":0,"market_de_sale_price":0,"market_de_active":false,"market_de_url":null,"market_de_parent_url":"","market_de_tax_rate":0,"market_de_price_inc_tax":0,"market_de_sale_price_inc_tax":0,"market_be_price":0,"market_be_sale_price":0,"market_be_active":false,"market_be_url":null,"market_be_parent_url":"","market_be_tax_rate":0,"market_be_price_inc_tax":0,"market_be_sale_price_inc_tax":0,"market_fr_price":0,"market_fr_sale_price":0,"market_fr_active":false,"market_fr_url":null,"market_fr_parent_url":"","market_fr_tax_rate":0,"market_fr_price_inc_tax":0,"market_fr_sale_price_inc_tax":0,"market_ch_price":0,"market_ch_sale_price":0,"market_ch_active":false,"market_ch_url":null,"market_ch_parent_url":"","market_ch_tax_rate":0,"market_ch_price_inc_tax":0,"market_ch_sale_price_inc_tax":0,"market_at_price":0,"market_at_sale_price":0,"market_at_active":false,"market_at_url":null,"market_at_parent_url":"","market_at_tax_rate":0,"market_at_price_inc_tax":0,"market_at_sale_price_inc_tax":0,"market_es_price":0,"market_es_sale_price":0,"market_es_active":false,"market_es_url":null,"market_es_parent_url":"","market_es_tax_rate":0,"market_es_price_inc_tax":0,"market_es_sale_price_inc_tax":0,"market_dk_price":0,"market_dk_sale_price":0,"market_dk_active":false,"market_dk_url":null,"market_dk_parent_url":"","market_dk_tax_rate":0,"market_dk_price_inc_tax":0,"market_dk_sale_price_inc_tax":0,"market_com_price":0,"market_com_sale_price":0,"market_com_active":false,"market_com_url":null,"market_com_parent_url":"","market_com_tax_rate":0,"market_com_price_inc_tax":0,"market_com_sale_price_inc_tax":0,"acf":[],"_links":{"self":[{"href":"https:\/\/www.pharmacy4pets.nl\/be\/wp-json\/wp\/v2\/product\/118042","targetHints":{"allow":["GET"]}}],"collection":[{"href":"https:\/\/www.pharmacy4pets.nl\/be\/wp-json\/wp\/v2\/product"}],"about":[{"href":"https:\/\/www.pharmacy4pets.nl\/be\/wp-json\/wp\/v2\/types\/product"}],"replies":[{"embeddable":true,"href":"https:\/\/www.pharmacy4pets.nl\/be\/wp-json\/wp\/v2\/comments?post=118042"}],"wp:featuredmedia":[{"embeddable":true,"href":"https:\/\/www.pharmacy4pets.nl\/be\/wp-json\/wp\/v2\/media\/118039"}],"wp:attachment":[{"href":"https:\/\/www.pharmacy4pets.nl\/be\/wp-json\/wp\/v2\/media?parent=118042"}],"wp:term":[{"taxonomy":"product_brand","embeddable":true,"href":"https:\/\/www.pharmacy4pets.nl\/be\/wp-json\/wp\/v2\/product_brand?post=118042"},{"taxonomy":"product_cat","embeddable":true,"href":"https:\/\/www.pharmacy4pets.nl\/be\/wp-json\/wp\/v2\/product_cat?post=118042"},{"taxonomy":"product_tag","embeddable":true,"href":"https:\/\/www.pharmacy4pets.nl\/be\/wp-json\/wp\/v2\/product_tag?post=118042"}],"curies":[{"name":"wp","href":"https:\/\/api.w.org\/{rel}","templated":true}]}}