{"id":118017,"date":"2017-07-03T14:05:53","date_gmt":"2017-07-03T14:05:53","guid":{"rendered":"https:\/\/p4p.test\/petag-esbilac-nursing-kit"},"modified":"2026-03-25T11:57:14","modified_gmt":"2026-03-25T11:57:14","slug":"petag-esbilac-nursing-kit","status":"publish","type":"product","link":"https:\/\/www.pharmacy4pets.nl\/be\/petag-esbilac-nursing-kit","title":{"rendered":"PetAg Esbilac Nursing Kit"},"content":{"rendered":"<p>De PetAg Esbilac Nursing Kit is ideaal voor het geven van flesvoeding aan puppy&#8217;s of kittens, wanneer deze niet of onvoldoende bij de moeder kunnen drinken. De Nursing Kit bevat speciale flesjes voor het geven van puppymelk of kittenmelk, diverse spenen en een reinigingsborstel.<\/p>\n<h3>PetAg Esbilac Nursing Kit 60 ml voor kittens<\/h3>\n<p>De Nursing Kit 60 ml is ontworpen voor kittens en\u00a0 bevat een fles van 60 ml, 5 spenen en een reinigingsborstel. Geef kittens die bijgevoed moeten worden geen gewone melk maar een speciaal daarvoor ontwikkelde kittenmelk, zoals <span style=\"color: #e96608;\"><a style=\"color: #e96608;\" href=\"https:\/\/www.pharmacy4pets.nl\/kmr-kittenmelk\">KMR kittenmelk<\/a><\/span> welke ook verkrijgbaar is bij Pharmacy4pets. De Nursing Kit 60 ml is ook te gebruiken voor konijnen, cavia&#8217;s, fretten en hamsters. Zorg daarbij voor een voor de diersoort geschikt type kunstmelk.<\/p>\n<h3>PetAg Esbilac Nursing Kit 120 ml voor puppy&#8217;s<\/h3>\n<p>De Nursing Kit 120 ml voor puppy&#8217;s bevat een fles van 120 ml, 3 spenen en een reinigingsborstel. Voor puppy&#8217;s is\u00a0<span style=\"color: #e96608;\"><a style=\"color: #e96608;\" href=\"https:\/\/www.pharmacy4pets.nl\/esbilac-puppymelk\">Esbilac puppymelk<\/a><\/span> een geschikte melkvervanger.<\/p>\n","protected":false},"excerpt":{"rendered":"<p>De PetAg Esbilac Nursing Kit is ideaal voor het geven van flesvoeding aan puppy&#8217;s of kittens, wanneer deze niet of onvoldoende bij de moeder kunnen drinken. De Nursing Kit bevat speciale flesjes voor het geven van puppymelk of kittenmelk, diverse spenen en een reinigingsborstel. PetAg Esbilac Nursing Kit 60 ml voor kittens De Nursing Kit [&hellip;]<\/p>\n","protected":false},"featured_media":118013,"comment_status":"open","ping_status":"closed","template":"","meta":{"_acf_changed":false,"_nl_post_content":"<p>De PetAg Esbilac Nursing Kit is ideaal voor het geven van flesvoeding aan puppy's of kittens, wanneer deze niet of onvoldoende bij de moeder kunnen drinken. De Nursing Kit bevat speciale flesjes voor het geven van puppymelk of kittenmelk, diverse spenen en een reinigingsborstel.<\/p>\r\n<h3>PetAg Esbilac Nursing Kit 60 ml voor kittens<\/h3>\r\n<p>De Nursing Kit 60 ml is ontworpen voor kittens en\u00a0 bevat een fles van 60 ml, 5 spenen en een reinigingsborstel. Geef kittens die bijgevoed moeten worden geen gewone melk maar een speciaal daarvoor ontwikkelde kittenmelk, zoals <span style=\"color: #e96608;\"><a style=\"color: #e96608;\" href=\"https:\/\/www.pharmacy4pets.nl\/kmr-kittenmelk\">KMR kittenmelk<\/a><\/span> welke ook verkrijgbaar is bij Pharmacy4pets. De Nursing Kit 60 ml is ook te gebruiken voor konijnen, cavia's, fretten en hamsters. Zorg daarbij voor een voor de diersoort geschikt type kunstmelk.<\/p>\r\n<h3>PetAg Esbilac Nursing Kit 120 ml voor puppy's<\/h3>\r\n<p>De Nursing Kit 120 ml voor puppy's bevat een fles van 120 ml, 3 spenen en een reinigingsborstel. Voor puppy's is\u00a0<span style=\"color: #e96608;\"><a style=\"color: #e96608;\" href=\"https:\/\/www.pharmacy4pets.nl\/esbilac-puppymelk\">Esbilac puppymelk<\/a><\/span> een geschikte melkvervanger.<\/p>","_nl_post_name":"petag-esbilac-nursing-kit","_nl_post_excerpt":"","_nl_post_title":"PetAg Esbilac Nursing Kit","_en_post_content":"<p>The PetAg Esbilac Nursing Kit is ideal for bottle-feeding puppies or kittens when they cannot drink or are unable to drink sufficiently from the mother. The Nursing Kit contains special bottles for giving puppy or kitten milk, various teats and a cleaning brush.<\/p>\r\n<h3>PetAg Esbilac Nursing Kit 60 ml for kittens<\/h3>\r\n<p>The Nursing Kit 60ml is designed for kittens and contains a 60 ml bottle, 5 teats and a cleaning brush. Do not give regular milk to kittens that need additional food, but a specially developed kitten milk, such as <span style=\"color: #e96608;\"><a style=\"color: #e96608;\" href=\"https:\/\/www.pharmacy4pets.com\/kmr-kitten-milk\">KMR kitten milk<\/a><\/span>, which is also available at Pharmacy4pets. The Nursing Kit 60 ml can also be used for rabbits, guinea pigs, ferrets and hamsters. Provide a type of milk replacer that is suitable for the animal species.<\/p>\r\n<h3>PetAg Esbilac Nursing Kit 120 ml for puppies<\/h3>\r\n<p>The 120ml Puppy Nursing Kit contains a 120 ml bottle, 3 teats and a cleaning brush. <span style=\"color: #e96608;\"><a style=\"color: #e96608;\" href=\"https:\/\/www.pharmacy4pets.com\/esbilac-puppy-milk\">Esbilac puppy milk<\/a><\/span> is a suitable milk replacer for puppies.<\/p>","_en_post_name":"petag-esbilac-nursing-kit","_en_post_excerpt":"","_en_post_title":"PetAg Esbilac Nursing Kit","_de_post_content":"<p>Das PetAg Esbilac Nursing Kit ist ideal f\u00fcr die Flaschenf\u00fctterung von Welpen oder K\u00e4tzchen, wenn sie nicht oder nicht ausreichend von der Mutter trinken k\u00f6nnen. Das Nursing Kit enth\u00e4lt spezielle Fl\u00e4schchen zum Verabreichen von Welpen- oder K\u00e4tzchenmilch, verschiedene Sauger und eine Reinigungsb\u00fcrste.<\/p>\r\n<h3>PetAg Esbilac Nursing Kit 60 ml f\u00fcr K\u00e4tzchen<\/h3>\r\n<p>Das Nursing Kit 60 ml ist f\u00fcr K\u00e4tzchen entwickelt und enth\u00e4lt eine 60-ml-Flasche, 5 Sauger und eine Reinigungsb\u00fcrste. Geben Sie K\u00e4tzchen, die zus\u00e4tzliche Nahrung ben\u00f6tigen, keine normale Milch, sondern eine speziell entwickelte K\u00e4tzchenmilch, wie z. B. <span style=\"color: #e96608;\"><a style=\"color: #e96608;\" href=\"https:\/\/www.pharmacy4pets.de\/kmr-katzenmilch\">KMR K\u00e4tzchenmilch<\/a><\/span>, die auch bei Pharmacy4pets erh\u00e4ltlich ist. Das Nursing Kit 60 ml kann auch f\u00fcr Kaninchen, Meerschweinchen, Frettchen und Hamster verwendet werden. Bieten Sie einen f\u00fcr die Tierart geeigneten Milchaustauscher an.<\/p>\r\n<h3>PetAg Esbilac Nursing Kit 120 ml f\u00fcr Welpen<\/h3>\r\n<p>Das 120-ml-Welpenpflegeset enth\u00e4lt eine 120-ml-Flasche, 3 Sauger und eine Reinigungsb\u00fcrste. <span style=\"color: #e96608;\"><a style=\"color: #e96608;\" href=\"https:\/\/www.pharmacy4pets.de\/esbilac-welpenmilch\">Esbilac Welpenmilch<\/a><\/span> ist ein geeigneter Milchaustauscher f\u00fcr Welpen.<\/p>","_de_post_name":"petag-esbilac-nursing-kit","_de_post_excerpt":"","_de_post_title":"PetAg Esbilac Nursing Kit","_fr_post_content":"<p>Le kit d'allaitement PetAg Esbilac est id\u00e9al pour les chiots ou chatons nourris au biberon lorsqu'ils ne peuvent pas boire ou ne peuvent pas boire suffisamment de la m\u00e8re. Le kit d'allaitement contient des biberons sp\u00e9ciaux pour donner du lait aux chiots ou chatons, diverses t\u00e9tines et une brosse de nettoyage.<\/p>\r\n<h3>PetAg Esbilac Kit d'allaitement 60 ml pour chatons<\/h3>\r\n<p>Le kit d'allaitement 60 ml est con\u00e7u pour les chatons et contient un biberon de 60 ml, 5 t\u00e9tines et une brosse de nettoyage. Ne donnez pas de lait ordinaire aux chatons qui ont besoin de nourriture suppl\u00e9mentaire, mais un lait pour chaton sp\u00e9cialement d\u00e9velopp\u00e9, comme le <span style=\"color: #e96608;\"><a style=\"color: #e96608;\" href=\"https:\/\/www.pharmacy4pets.fr\/kmr-lait-pour-chaton\">lait pour chaton KMR<\/a><\/span>, qui est \u00e9galement disponible chez Pharmacy4pets. Le kit d'allaitement 60 ml peut \u00e9galement \u00eatre utilis\u00e9 pour les lapins, cobayes, furets et hamsters. Fournir un type de lait de remplacement adapt\u00e9 \u00e0 l'esp\u00e8ce animale.<\/p>\r\n<h3>PetAg Esbilac Kit d'allaitement 120 ml pour chiots<\/h3>\r\n<p>Le kit d'allaitement pour chiots de 120 ml contient un biberon de 120 ml, 3 t\u00e9tines et une brosse de nettoyage. Le <span style=\"color: #e96608;\"><a style=\"color: #e96608;\" href=\"https:\/\/www.pharmacy4pets.fr\/esbilac-lactoremplaceur-pour-chiots\">lait pour chiots Esbilac<\/a><\/span> est un substitut de lait adapt\u00e9 aux chiots.<\/p>","_fr_post_name":"esbilac-kit-allaitement","_fr_post_excerpt":"","_fr_post_title":"PetAg Esbilac Kit d'allaitement","_es_post_content":"<p>El kit de lactancia PetAg Esbilac Nursing Kit es ideal para alimentar con biber\u00f3n a cachorros o gatitos cuando no pueden beber o no pueden beber lo suficiente de la madre. El Kit de Lactancia contiene biberones especiales para dar leche a cachorros o gatitos, varias tetinas y un cepillo de limpieza.<\/p>\r\n<h3>PetAg Esbilac Nursing Kit de lactancia 60 ml para gatitos<\/h3>\r\n<p>El Nursing Kit 60 ml est\u00e1 dise\u00f1ado para gatitos y contiene un biber\u00f3n de 60 ml, 5 tetinas y un cepillo de limpieza. No le des leche normal a los gatitos que necesitan comida adicional, sino una leche para gatitos especialmente desarrollada, como <span style=\"color: #e96608;\"><a style=\"color: #e96608;\" href=\"https:\/\/www.pharmacy4pets.es\/kmr-leche-gatitos\">leche para gatitos de KMR<\/a><\/span>, que tambi\u00e9n est\u00e1 disponible en Pharmacy4pets. El Kit de Lactancia 60 ml tambi\u00e9n se puede utilizar para conejos, cobayas, hurones y h\u00e1msters. Proporcionar un tipo de sustituto de leche que sea adecuado para la especie animal.<\/p>\r\n<h3>PetAg Esbilac Nursing Kit de lactancia 120 ml para cachorros<\/h3>\r\n<p>El Nursing Kit para cachorros de 120 ml contiene un biber\u00f3n de 120 ml, 3 tetinas y un cepillo de limpieza. La <span style=\"color: #e96608;\"><a style=\"color: #e96608;\" href=\"https:\/\/www.pharmacy4pets.es\/esbilac-sustituto-de-leche-en-polvo-para-cachorros\">leche para cachorros de Esbilac<\/a><\/span> es un sustituto de leche adecuado para cachorros.<\/p>","_es_post_name":"petag-esbilac-nursing-kit","_es_post_excerpt":"","_es_post_title":"PetAg Esbilac Nursing Kit","edit_language":"nl"},"product_brand":[],"product_cat":[1923,1117,1856,1118,1887,2180,1890,2178,1857,2160,2208,2177,1860],"product_tag":[],"class_list":{"0":"post-118017","1":"product","2":"type-product","3":"status-publish","4":"has-post-thumbnail","6":"product_cat-esbilac","7":"product_cat-honden","8":"product_cat-hondenvoer","9":"product_cat-katten","10":"product_cat-kattenvoer","11":"product_cat-kitten-voer","12":"product_cat-kittenmelk","13":"product_cat-kitten","14":"product_cat-merken","15":"product_cat-petag","16":"product_cat-puppy-voer","17":"product_cat-puppy","18":"product_cat-puppymelk","19":"pa_aandoening-overig","20":"pa_doeldier-hond","21":"pa_fabricatieland-usa","22":"pa_merkfilter-esbilac","23":"pa_merkgroep-vet_i_pharma","24":"pa_productsoort-overig","25":"pa_seo_canonical_store_id-not_found_value","26":"pa_seo_category-not_found_value","27":"pa_seo_meta_robots-not_found_value","28":"pa_toedieningswijze-fles","29":"pa_werkzamestof-overig","31":"first","32":"instock","33":"sale","34":"taxable","35":"shipping-taxable","36":"product-type-grouped"},"yoast_head":"<!-- This site is optimized with the Yoast SEO plugin v27.5 - https:\/\/yoast.com\/product\/yoast-seo-wordpress\/ -->\n<title>PetAg Esbilac Nursing Kit<\/title>\n<meta name=\"description\" content=\"De Esbilac Nursing Kit van PetAg is speciaal ontwikkeld voor het geven van flesvoeding aan puppy&#039;s en kittens. Verkrijgbaar bij Pharmacy4pets, h\u00e9t adres voor puppymelk en kittenmelk.\" \/>\n<meta name=\"robots\" content=\"index, follow, max-snippet:-1, max-image-preview:large, max-video-preview:-1\" \/>\n<link rel=\"canonical\" href=\"https:\/\/p4p-nl.bootmine.com\/%product-slug%\/petag-esbilac-nursing-kit\" \/>\n<meta property=\"og:locale\" content=\"nl_NL\" \/>\n<meta property=\"og:type\" content=\"article\" \/>\n<meta property=\"og:title\" content=\"PetAg Esbilac Nursing Kit\" \/>\n<meta property=\"og:description\" content=\"De Esbilac Nursing Kit van PetAg is speciaal ontwikkeld voor het geven van flesvoeding aan puppy&#039;s en kittens. Verkrijgbaar bij Pharmacy4pets, h\u00e9t adres voor puppymelk en kittenmelk.\" \/>\n<meta property=\"og:url\" content=\"https:\/\/p4p-nl.bootmine.com\/%product-slug%\/petag-esbilac-nursing-kit\" \/>\n<meta property=\"og:site_name\" content=\"Pharmacy4pets\" \/>\n<meta property=\"article:publisher\" content=\"https:\/\/www.facebook.com\/people\/Pharmacy4petsnl\/100063484989896\/\" \/>\n<meta property=\"article:modified_time\" content=\"2026-03-25T11:57:14+00:00\" \/>\n<meta property=\"og:image\" content=\"https:\/\/p4p-nl.bootmine.com\/wp-content\/uploads\/2017\/07\/13449_kl_99800_nursing_kit_carded_kat_2oz_60_ml.jpg\" \/>\n\t<meta property=\"og:image:width\" content=\"161\" \/>\n\t<meta property=\"og:image:height\" content=\"216\" \/>\n\t<meta property=\"og:image:type\" content=\"image\/jpeg\" \/>\n<meta name=\"twitter:card\" content=\"summary_large_image\" \/>\n<meta name=\"twitter:label1\" content=\"Geschatte leestijd\" \/>\n\t<meta name=\"twitter:data1\" content=\"1 minuut\" \/>\n<script type=\"application\/ld+json\" class=\"yoast-schema-graph\">{\"@context\":\"https:\\\/\\\/schema.org\",\"@graph\":[{\"@type\":\"WebPage\",\"@id\":\"https:\\\/\\\/p4p-nl.bootmine.com\\\/%product-slug%\\\/petag-esbilac-nursing-kit\",\"url\":\"https:\\\/\\\/p4p-nl.bootmine.com\\\/%product-slug%\\\/petag-esbilac-nursing-kit\",\"name\":\"PetAg Esbilac Nursing Kit\",\"isPartOf\":{\"@id\":\"http:\\\/\\\/www.pharmacy4pets.nl\\\/#website\"},\"primaryImageOfPage\":{\"@id\":\"https:\\\/\\\/p4p-nl.bootmine.com\\\/%product-slug%\\\/petag-esbilac-nursing-kit#primaryimage\"},\"image\":{\"@id\":\"https:\\\/\\\/p4p-nl.bootmine.com\\\/%product-slug%\\\/petag-esbilac-nursing-kit#primaryimage\"},\"thumbnailUrl\":\"https:\\\/\\\/www.pharmacy4pets.nl\\\/wp-content\\\/uploads\\\/2017\\\/07\\\/13449_kl_99800_nursing_kit_carded_kat_2oz_60_ml.jpg\",\"datePublished\":\"2017-07-03T14:05:53+00:00\",\"dateModified\":\"2026-03-25T11:57:14+00:00\",\"description\":\"De Esbilac Nursing Kit van PetAg is speciaal ontwikkeld voor het geven van flesvoeding aan puppy's en kittens. Verkrijgbaar bij Pharmacy4pets, h\u00e9t adres voor puppymelk en kittenmelk.\",\"breadcrumb\":{\"@id\":\"https:\\\/\\\/p4p-nl.bootmine.com\\\/%product-slug%\\\/petag-esbilac-nursing-kit#breadcrumb\"},\"inLanguage\":\"nl-NL\",\"potentialAction\":[{\"@type\":\"ReadAction\",\"target\":[\"https:\\\/\\\/p4p-nl.bootmine.com\\\/%product-slug%\\\/petag-esbilac-nursing-kit\"]}]},{\"@type\":\"ImageObject\",\"inLanguage\":\"nl-NL\",\"@id\":\"https:\\\/\\\/p4p-nl.bootmine.com\\\/%product-slug%\\\/petag-esbilac-nursing-kit#primaryimage\",\"url\":\"https:\\\/\\\/www.pharmacy4pets.nl\\\/wp-content\\\/uploads\\\/2017\\\/07\\\/13449_kl_99800_nursing_kit_carded_kat_2oz_60_ml.jpg\",\"contentUrl\":\"https:\\\/\\\/www.pharmacy4pets.nl\\\/wp-content\\\/uploads\\\/2017\\\/07\\\/13449_kl_99800_nursing_kit_carded_kat_2oz_60_ml.jpg\",\"width\":161,\"height\":216,\"caption\":\"PetAg Esbilac Nursing Kit met fles en spenen voor het geven van puppymelk en kittenmelk\"},{\"@type\":\"BreadcrumbList\",\"@id\":\"https:\\\/\\\/p4p-nl.bootmine.com\\\/%product-slug%\\\/petag-esbilac-nursing-kit#breadcrumb\",\"itemListElement\":[{\"@type\":\"ListItem\",\"position\":1,\"name\":\"Home\",\"item\":\"https:\\\/\\\/p4p-nl.bootmine.com\\\/\"},{\"@type\":\"ListItem\",\"position\":2,\"name\":\"Winkel\",\"item\":\"https:\\\/\\\/p4p-nl.bootmine.com\\\/winkel\"},{\"@type\":\"ListItem\",\"position\":3,\"name\":\"PetAg Esbilac Nursing Kit\"}]},{\"@type\":\"WebSite\",\"@id\":\"http:\\\/\\\/www.pharmacy4pets.nl\\\/#website\",\"url\":\"http:\\\/\\\/www.pharmacy4pets.nl\\\/\",\"name\":\"Pharmacy4pets\",\"description\":\"Pharmacy4pets.nl is d\u00e9 online apotheek waar u terecht kunt voor alle diergeneesmiddelen, verzorgingsproducten en dieetvoeding voor uw huisdier.\",\"publisher\":{\"@id\":\"http:\\\/\\\/www.pharmacy4pets.nl\\\/#organization\"},\"potentialAction\":[{\"@type\":\"SearchAction\",\"target\":{\"@type\":\"EntryPoint\",\"urlTemplate\":\"http:\\\/\\\/www.pharmacy4pets.nl\\\/?s={search_term_string}\"},\"query-input\":{\"@type\":\"PropertyValueSpecification\",\"valueRequired\":true,\"valueName\":\"search_term_string\"}}],\"inLanguage\":\"nl-NL\"},{\"@type\":\"Organization\",\"@id\":\"http:\\\/\\\/www.pharmacy4pets.nl\\\/#organization\",\"name\":\"Pharmacy4pets\",\"url\":\"http:\\\/\\\/www.pharmacy4pets.nl\\\/\",\"logo\":{\"@type\":\"ImageObject\",\"inLanguage\":\"nl-NL\",\"@id\":\"http:\\\/\\\/www.pharmacy4pets.nl\\\/#\\\/schema\\\/logo\\\/image\\\/\",\"url\":\"https:\\\/\\\/p4p-nl.bootmine.com\\\/wp-content\\\/uploads\\\/2026\\\/03\\\/logo-pharmacy4pets.png\",\"contentUrl\":\"https:\\\/\\\/p4p-nl.bootmine.com\\\/wp-content\\\/uploads\\\/2026\\\/03\\\/logo-pharmacy4pets.png\",\"width\":1024,\"height\":135,\"caption\":\"Pharmacy4pets\"},\"image\":{\"@id\":\"http:\\\/\\\/www.pharmacy4pets.nl\\\/#\\\/schema\\\/logo\\\/image\\\/\"},\"sameAs\":[\"https:\\\/\\\/www.facebook.com\\\/people\\\/Pharmacy4petsnl\\\/100063484989896\\\/\",\"https:\\\/\\\/www.youtube.com\\\/channel\\\/UCGPTIgucgli03tP2_kvLkHg\\\/featured\",\"https:\\\/\\\/www.instagram.com\\\/pharmacy4pets.nl\"]}]}<\/script>\n<!-- \/ Yoast SEO plugin. -->","yoast_head_json":{"title":"PetAg Esbilac Nursing Kit","description":"De Esbilac Nursing Kit van PetAg is speciaal ontwikkeld voor het geven van flesvoeding aan puppy's en kittens. Verkrijgbaar bij Pharmacy4pets, h\u00e9t adres voor puppymelk en kittenmelk.","robots":{"index":"index","follow":"follow","max-snippet":"max-snippet:-1","max-image-preview":"max-image-preview:large","max-video-preview":"max-video-preview:-1"},"canonical":"https:\/\/p4p-nl.bootmine.com\/%product-slug%\/petag-esbilac-nursing-kit","og_locale":"nl_NL","og_type":"article","og_title":"PetAg Esbilac Nursing Kit","og_description":"De Esbilac Nursing Kit van PetAg is speciaal ontwikkeld voor het geven van flesvoeding aan puppy's en kittens. Verkrijgbaar bij Pharmacy4pets, h\u00e9t adres voor puppymelk en kittenmelk.","og_url":"https:\/\/p4p-nl.bootmine.com\/%product-slug%\/petag-esbilac-nursing-kit","og_site_name":"Pharmacy4pets","article_publisher":"https:\/\/www.facebook.com\/people\/Pharmacy4petsnl\/100063484989896\/","article_modified_time":"2026-03-25T11:57:14+00:00","og_image":[{"width":161,"height":216,"url":"https:\/\/p4p-nl.bootmine.com\/wp-content\/uploads\/2017\/07\/13449_kl_99800_nursing_kit_carded_kat_2oz_60_ml.jpg","type":"image\/jpeg"}],"twitter_card":"summary_large_image","twitter_misc":{"Geschatte leestijd":"1 minuut"},"schema":{"@context":"https:\/\/schema.org","@graph":[{"@type":"WebPage","@id":"https:\/\/p4p-nl.bootmine.com\/%product-slug%\/petag-esbilac-nursing-kit","url":"https:\/\/p4p-nl.bootmine.com\/%product-slug%\/petag-esbilac-nursing-kit","name":"PetAg Esbilac Nursing Kit","isPartOf":{"@id":"http:\/\/www.pharmacy4pets.nl\/#website"},"primaryImageOfPage":{"@id":"https:\/\/p4p-nl.bootmine.com\/%product-slug%\/petag-esbilac-nursing-kit#primaryimage"},"image":{"@id":"https:\/\/p4p-nl.bootmine.com\/%product-slug%\/petag-esbilac-nursing-kit#primaryimage"},"thumbnailUrl":"https:\/\/www.pharmacy4pets.nl\/wp-content\/uploads\/2017\/07\/13449_kl_99800_nursing_kit_carded_kat_2oz_60_ml.jpg","datePublished":"2017-07-03T14:05:53+00:00","dateModified":"2026-03-25T11:57:14+00:00","description":"De Esbilac Nursing Kit van PetAg is speciaal ontwikkeld voor het geven van flesvoeding aan puppy's en kittens. Verkrijgbaar bij Pharmacy4pets, h\u00e9t adres voor puppymelk en kittenmelk.","breadcrumb":{"@id":"https:\/\/p4p-nl.bootmine.com\/%product-slug%\/petag-esbilac-nursing-kit#breadcrumb"},"inLanguage":"nl-NL","potentialAction":[{"@type":"ReadAction","target":["https:\/\/p4p-nl.bootmine.com\/%product-slug%\/petag-esbilac-nursing-kit"]}]},{"@type":"ImageObject","inLanguage":"nl-NL","@id":"https:\/\/p4p-nl.bootmine.com\/%product-slug%\/petag-esbilac-nursing-kit#primaryimage","url":"https:\/\/www.pharmacy4pets.nl\/wp-content\/uploads\/2017\/07\/13449_kl_99800_nursing_kit_carded_kat_2oz_60_ml.jpg","contentUrl":"https:\/\/www.pharmacy4pets.nl\/wp-content\/uploads\/2017\/07\/13449_kl_99800_nursing_kit_carded_kat_2oz_60_ml.jpg","width":161,"height":216,"caption":"PetAg Esbilac Nursing Kit met fles en spenen voor het geven van puppymelk en kittenmelk"},{"@type":"BreadcrumbList","@id":"https:\/\/p4p-nl.bootmine.com\/%product-slug%\/petag-esbilac-nursing-kit#breadcrumb","itemListElement":[{"@type":"ListItem","position":1,"name":"Home","item":"https:\/\/p4p-nl.bootmine.com\/"},{"@type":"ListItem","position":2,"name":"Winkel","item":"https:\/\/p4p-nl.bootmine.com\/winkel"},{"@type":"ListItem","position":3,"name":"PetAg Esbilac Nursing Kit"}]},{"@type":"WebSite","@id":"http:\/\/www.pharmacy4pets.nl\/#website","url":"http:\/\/www.pharmacy4pets.nl\/","name":"Pharmacy4pets","description":"Pharmacy4pets.nl is d\u00e9 online apotheek waar u terecht kunt voor alle diergeneesmiddelen, verzorgingsproducten en dieetvoeding voor uw huisdier.","publisher":{"@id":"http:\/\/www.pharmacy4pets.nl\/#organization"},"potentialAction":[{"@type":"SearchAction","target":{"@type":"EntryPoint","urlTemplate":"http:\/\/www.pharmacy4pets.nl\/?s={search_term_string}"},"query-input":{"@type":"PropertyValueSpecification","valueRequired":true,"valueName":"search_term_string"}}],"inLanguage":"nl-NL"},{"@type":"Organization","@id":"http:\/\/www.pharmacy4pets.nl\/#organization","name":"Pharmacy4pets","url":"http:\/\/www.pharmacy4pets.nl\/","logo":{"@type":"ImageObject","inLanguage":"nl-NL","@id":"http:\/\/www.pharmacy4pets.nl\/#\/schema\/logo\/image\/","url":"https:\/\/p4p-nl.bootmine.com\/wp-content\/uploads\/2026\/03\/logo-pharmacy4pets.png","contentUrl":"https:\/\/p4p-nl.bootmine.com\/wp-content\/uploads\/2026\/03\/logo-pharmacy4pets.png","width":1024,"height":135,"caption":"Pharmacy4pets"},"image":{"@id":"http:\/\/www.pharmacy4pets.nl\/#\/schema\/logo\/image\/"},"sameAs":["https:\/\/www.facebook.com\/people\/Pharmacy4petsnl\/100063484989896\/","https:\/\/www.youtube.com\/channel\/UCGPTIgucgli03tP2_kvLkHg\/featured","https:\/\/www.instagram.com\/pharmacy4pets.nl"]}]}},"market_data":{"nl":{"price":0,"sale_price":0,"active":false,"url":null,"parent_url":"","tax_rate":0,"price_inc_tax":0,"sale_price_inc_tax":0},"de":{"price":0,"sale_price":0,"active":false,"url":null,"parent_url":"","tax_rate":0,"price_inc_tax":0,"sale_price_inc_tax":0},"be":{"price":0,"sale_price":0,"active":false,"url":null,"parent_url":"","tax_rate":0,"price_inc_tax":0,"sale_price_inc_tax":0},"fr":{"price":0,"sale_price":0,"active":false,"url":null,"parent_url":"","tax_rate":0,"price_inc_tax":0,"sale_price_inc_tax":0},"ch":{"price":0,"sale_price":0,"active":false,"url":null,"parent_url":"","tax_rate":0,"price_inc_tax":0,"sale_price_inc_tax":0},"at":{"price":0,"sale_price":0,"active":false,"url":null,"parent_url":"","tax_rate":0,"price_inc_tax":0,"sale_price_inc_tax":0},"es":{"price":0,"sale_price":0,"active":false,"url":null,"parent_url":"","tax_rate":0,"price_inc_tax":0,"sale_price_inc_tax":0},"dk":{"price":0,"sale_price":0,"active":false,"url":null,"parent_url":"","tax_rate":0,"price_inc_tax":0,"sale_price_inc_tax":0},"com":{"price":0,"sale_price":0,"active":false,"url":null,"parent_url":"","tax_rate":0,"price_inc_tax":0,"sale_price_inc_tax":0}},"market_nl_price":0,"market_nl_sale_price":0,"market_nl_active":false,"market_nl_url":null,"market_nl_parent_url":"","market_nl_tax_rate":0,"market_nl_price_inc_tax":0,"market_nl_sale_price_inc_tax":0,"market_de_price":0,"market_de_sale_price":0,"market_de_active":false,"market_de_url":null,"market_de_parent_url":"","market_de_tax_rate":0,"market_de_price_inc_tax":0,"market_de_sale_price_inc_tax":0,"market_be_price":0,"market_be_sale_price":0,"market_be_active":false,"market_be_url":null,"market_be_parent_url":"","market_be_tax_rate":0,"market_be_price_inc_tax":0,"market_be_sale_price_inc_tax":0,"market_fr_price":0,"market_fr_sale_price":0,"market_fr_active":false,"market_fr_url":null,"market_fr_parent_url":"","market_fr_tax_rate":0,"market_fr_price_inc_tax":0,"market_fr_sale_price_inc_tax":0,"market_ch_price":0,"market_ch_sale_price":0,"market_ch_active":false,"market_ch_url":null,"market_ch_parent_url":"","market_ch_tax_rate":0,"market_ch_price_inc_tax":0,"market_ch_sale_price_inc_tax":0,"market_at_price":0,"market_at_sale_price":0,"market_at_active":false,"market_at_url":null,"market_at_parent_url":"","market_at_tax_rate":0,"market_at_price_inc_tax":0,"market_at_sale_price_inc_tax":0,"market_es_price":0,"market_es_sale_price":0,"market_es_active":false,"market_es_url":null,"market_es_parent_url":"","market_es_tax_rate":0,"market_es_price_inc_tax":0,"market_es_sale_price_inc_tax":0,"market_dk_price":0,"market_dk_sale_price":0,"market_dk_active":false,"market_dk_url":null,"market_dk_parent_url":"","market_dk_tax_rate":0,"market_dk_price_inc_tax":0,"market_dk_sale_price_inc_tax":0,"market_com_price":0,"market_com_sale_price":0,"market_com_active":false,"market_com_url":null,"market_com_parent_url":"","market_com_tax_rate":0,"market_com_price_inc_tax":0,"market_com_sale_price_inc_tax":0,"acf":[],"_links":{"self":[{"href":"https:\/\/www.pharmacy4pets.nl\/be\/wp-json\/wp\/v2\/product\/118017","targetHints":{"allow":["GET"]}}],"collection":[{"href":"https:\/\/www.pharmacy4pets.nl\/be\/wp-json\/wp\/v2\/product"}],"about":[{"href":"https:\/\/www.pharmacy4pets.nl\/be\/wp-json\/wp\/v2\/types\/product"}],"replies":[{"embeddable":true,"href":"https:\/\/www.pharmacy4pets.nl\/be\/wp-json\/wp\/v2\/comments?post=118017"}],"wp:featuredmedia":[{"embeddable":true,"href":"https:\/\/www.pharmacy4pets.nl\/be\/wp-json\/wp\/v2\/media\/118013"}],"wp:attachment":[{"href":"https:\/\/www.pharmacy4pets.nl\/be\/wp-json\/wp\/v2\/media?parent=118017"}],"wp:term":[{"taxonomy":"product_brand","embeddable":true,"href":"https:\/\/www.pharmacy4pets.nl\/be\/wp-json\/wp\/v2\/product_brand?post=118017"},{"taxonomy":"product_cat","embeddable":true,"href":"https:\/\/www.pharmacy4pets.nl\/be\/wp-json\/wp\/v2\/product_cat?post=118017"},{"taxonomy":"product_tag","embeddable":true,"href":"https:\/\/www.pharmacy4pets.nl\/be\/wp-json\/wp\/v2\/product_tag?post=118017"}],"curies":[{"name":"wp","href":"https:\/\/api.w.org\/{rel}","templated":true}]}}