{"id":117994,"date":"2017-07-03T10:18:59","date_gmt":"2017-07-03T10:18:59","guid":{"rendered":"https:\/\/p4p.test\/pronefra"},"modified":"2026-03-25T11:57:12","modified_gmt":"2026-03-25T11:57:12","slug":"pronefra","status":"publish","type":"product","link":"https:\/\/www.pharmacy4pets.nl\/be\/pronefra","title":{"rendered":"Pronefra"},"content":{"rendered":"<h1><strong>Pronefra<\/strong><\/h1>\n<p><a href=\"https:\/\/www.pharmacy4pets.nl\/merken\/pronefra-virbac\">Pronefra<\/a>\u00a0is een zeer smakelijke orale suspensie ter ondersteuning van de nierfunctie bij chronische nierinsuffici\u00ebntie bij de <a href=\"https:\/\/www.pharmacy4pets.nl\/katten\/medicijnen-supplementen\/nieren-blaas-urinewegen\/nierfalen\">kat<\/a> en <a href=\"https:\/\/www.pharmacy4pets.nl\/honden\/medicijnen-supplementen\/nieren-blaas-urinewegen\/nierfalen\">hond.<\/a> Het beperkt de beschikbaarheid van fosfaat en bindt\u00a0uremische toxinen. Daarnaast ondersteunt het het behoud\u00a0van de normale nierstructuur en draagt het bij aan een evenwichtige bloeddruk.\u00a0<strong><br \/><\/strong><\/p>\n<h2><strong>Toediening:<\/strong><\/h2>\n<p>De smakelijke oplossing dient 2x daags door het voer of direct voor of na de maaltijd toegediend te worden. De bijgeleverde doseerspuit is gebaseerd op het lichaamsgewicht voor een gemakkelijke en correcte dosering.\u00a0<\/p>\n<h2><strong>Dosering:<\/strong><\/h2>\n<p>Katten: 1 ml per 4kg lichaamsgewicht.\u00a0<br \/>Honden: 1 ml per 5kg lichaamsgewicht.\u00a0<\/p>\n<h2><strong>Verpakking:<\/strong><\/h2>\n<p>De verpakking bevat 60 of 180ml.<\/p>\n","protected":false},"excerpt":{"rendered":"<p>Pronefra Pronefra\u00a0is een zeer smakelijke orale suspensie ter ondersteuning van de nierfunctie bij chronische nierinsuffici\u00ebntie bij de kat en hond. Het beperkt de beschikbaarheid van fosfaat en bindt\u00a0uremische toxinen. Daarnaast ondersteunt het het behoud\u00a0van de normale nierstructuur en draagt het bij aan een evenwichtige bloeddruk.\u00a0 Toediening: De smakelijke oplossing dient 2x daags door het voer [&hellip;]<\/p>\n","protected":false},"featured_media":117985,"comment_status":"open","ping_status":"closed","template":"","meta":{"_acf_changed":false,"_nl_post_content":"<h1><strong>Pronefra<\/strong><\/h1>\r\n<p><a href=\"https:\/\/www.pharmacy4pets.nl\/merken\/pronefra-virbac\">Pronefra<\/a>\u00a0is een zeer smakelijke orale suspensie ter ondersteuning van de nierfunctie bij chronische nierinsuffici\u00ebntie bij de <a href=\"https:\/\/www.pharmacy4pets.nl\/katten\/medicijnen-supplementen\/nieren-blaas-urinewegen\/nierfalen\">kat<\/a> en <a href=\"https:\/\/www.pharmacy4pets.nl\/honden\/medicijnen-supplementen\/nieren-blaas-urinewegen\/nierfalen\">hond.<\/a> Het beperkt de beschikbaarheid van fosfaat en bindt\u00a0uremische toxinen. Daarnaast ondersteunt het het behoud\u00a0van de normale nierstructuur en draagt het bij aan een evenwichtige bloeddruk.\u00a0<strong><br \/><\/strong><\/p>\r\n<h2><strong>Toediening:<\/strong><\/h2>\r\n<p>De smakelijke oplossing dient 2x daags door het voer of direct voor of na de maaltijd toegediend te worden. De bijgeleverde doseerspuit is gebaseerd op het lichaamsgewicht voor een gemakkelijke en correcte dosering.\u00a0<\/p>\r\n<h2><strong>Dosering:<\/strong><\/h2>\r\n<p>Katten: 1 ml per 4kg lichaamsgewicht.\u00a0<br \/>Honden: 1 ml per 5kg lichaamsgewicht.\u00a0<\/p>\r\n<h2><strong>Verpakking:<\/strong><\/h2>\r\n<p>De verpakking bevat 60 of 180ml.<\/p>","_nl_post_name":"pronefra","_nl_post_excerpt":"","_nl_post_title":"Pronefra","_en_post_content":"<h1><strong>Pronefra<\/strong><\/h1>\r\n<p>Pronefra is a very tasty oral suspension that supports the kidneys for <a href=\"https:\/\/www.pharmacy4pets.com\/cats\/medication-supplements\/kidneys-bladder-urinary-tract\/kidney-failure\">cats<\/a> and <a href=\"https:\/\/www.pharmacy4pets.com\/dogs\/medication-supplements\/kidneys-bladder-urinary-tract\/kidney-failure\">dogs <\/a>that suffor from chronic kidney failure. It\u00a0\u00a0works in the gastrointestinal tract where it has an effect on the levels of phosphate. Reduced uptake of phosphor slows down the progression of kidney failure, which reduces the burden on the kidneys. It also contributes to a balanced blood pressure.\u00a0<\/p>\r\n<h2><strong>Administration:<\/strong><\/h2>\r\n<p>The tasty solution needs to be applied to the food twice a day. You can also administer it after the meal. The siringe that is in the package provides an easy way to find the correct dosage for your pet.\u00a0<\/p>\r\n<h2><strong>Dosage:<\/strong><\/h2>\r\n<p>Cats: 1 ml per 4kg bodyweight.\u00a0<br \/>Dogs: 1 ml per 5kg bodyweight.<\/p>\r\n<h2><strong>Package:<\/strong><\/h2>\r\n<p>The package contains 60 or 180ml.<\/p>","_en_post_name":"pronefra","_en_post_excerpt":"","_en_post_title":"Pronefra","_de_post_content":"<h1><strong>Pronefra<\/strong><\/h1>\n<p>Ben\u00f6tigt Ihre <a href=\"https:\/\/www.pharmacy4pets.de\/katzen\/medikamente-erganzungen\/nieren-blase-harntrakt\/niereninsuffizienz\">Katze<\/a> oder Ihr <a href=\"https:\/\/www.pharmacy4pets.de\/hunde\/medikamente-erganzungen\/nieren-blase-harntrakt\/niereninsuffizienz\">Hund<\/a> Unterst\u00fctzung der Nierenfunktion? Dann empfehlen wir, Ihrem Haustier Pronefra zu verabreichen. Diese schmackhafte Suspension zur oralen Einnahme unterst\u00fctzt die Nierenfunktion bei chronischem Nierenversagen bei sowohl Hunden als auch Katzen. Pronefra unterst\u00fctzt zudem die Aufrechterhaltung der normalen Nierenstruktur und au\u00dferdem tr\u00e4gt die Suspension zu einem ausgeglichenen Blutdruck bei. Die Wirkstoffe in Pronefra sorgen daf\u00fcr, dass die Verf\u00fcgbarkeit von Phosphat begrenzt wird, zudem bindet das Mittel ur\u00e4mische Toxine. Sie sollten Pronefra an einem k\u00fchlen und trockenen Ort aufbewahren. Das Verfallsdatum finden Sie auf dem Stempel auf der Verpackung.<\/p>\n<h2><strong>Pronefra verabreichen<\/strong><\/h2>\n<p>Sie k\u00f6nnen die Fl\u00fcssigkeit von Pronefra sechs Monate lang zweimal t\u00e4glich verabreichen. Bevor Sie mit der Behandlung beginnen oder die Behandlung verl\u00e4ngern, empfehlen wir Ihnen, tier\u00e4rztliche Beratung einzuholen. Sie k\u00f6nnen Pronefra direkt vor oder nach einer Mahlzeit mit der mitgelieferten Dosierspritze in das Maul des Haustieres spritzen. Findet Ihr Haustier es nicht angenehm Fl\u00fcssigkeit direkt ins Maul gespritzt zu bekommen? Dann k\u00f6nnen Sie Pronefra auch ins Futter mischen.<\/p>\n<h2><span style=\"color: #000000;\"><strong>Pronefra dosieren<\/strong><\/span><\/h2>\n<p>Um die richtige Menge an Pronefra abzumessen, k\u00f6nnen Sie die mitgelieferte Dosierspritze verwenden. Mit dieser Dosierspritze k\u00f6nnen Sie genau die richtige Menge f\u00fcr Ihr Haustier abmessen. Verabreichen Sie Ihrem Haustier niemals mehr als die angegebene Menge. F\u00fcr Katzen und Hunde gelten folgende Mengen:<\/p>\n<ul>\n<li>Pronefra Katze: 1 ml pro 4 kg K\u00f6rpergewicht<\/li>\n<li>Pronefra Hund: 1 ml pro 5 kg K\u00f6rpergewicht<\/li>\n<\/ul>\n<p>Pronefra ist in Packungen mit 60 oder 180 ml erh\u00e4ltlich. F\u00fcr gr\u00f6\u00dfere Hunde empfehlen wir die gr\u00f6\u00dfere Packung.<\/p>","_de_post_name":"pronefra","_de_post_excerpt":"","_de_post_title":"Pronefra","_fr_post_content":"<h1><strong>Pronefra<\/strong><\/h1>\n<p>Pronefra est une suspension app\u00e9tissante soutenant le fonctionnement des reins lors d'une insuffisance des reins chronique chez <a href=\"https:\/\/www.pharmacy4pets.fr\/chiens\/medicaments-supplements\/reins-vessie-voies-urinaires\/insuffisance-renale\">chien<\/a> ou <a href=\"https:\/\/www.pharmacy4pets.fr\/chats\/medicaments-supplements\/reins-vessie-voies-urinaires\/insuffisance-renale\">chat<\/a>. Ce produit limite la disponibilit\u00e9 de phosphate et relie les toxines ur\u00e9miques. De plus, il soutient le maintien de la structure du rein et contribue \u00e0 l\u2019\u00e9quilibre de la pression sanguine.<\/p>\n<h2><strong>Mode d\u2019administration<\/strong><\/h2>\n<p>La solution app\u00e9tissante doit \u00eatre donn\u00e9e 2 fois par jours dans la nourriture ou juste avant ou apr\u00e8s le repas. La seringue doseuse fournie est bas\u00e9e sur le poids du corps pour un dosage facile et correcte.<\/p>\n<h2><strong>Dosage \u00a0<\/strong><\/h2>\n<p>Pronefra chat : 1 ml pour 4 kg de poids corporel<br \/>Pronefra chien : 1 ml pour 5 kg de poids corporel<\/p>\n<h2><strong>Emballage\u00a0\u00a0 <\/strong><\/h2>\n<p>L\u2019emballage contient 60 ou 180 ml<\/p>","_fr_post_name":"pronefra","_fr_post_excerpt":"","_fr_post_title":"Pronefra","_es_post_content":"<h1><strong>Pronefra<\/strong><\/h1>\n<p>Pronefra es una suspensi\u00f3n oral muy sabrosa para apoyar la funci\u00f3n renal en la insuficiencia renal cr\u00f3nica en <a href=\"https:\/\/www.pharmacy4pets.es\/gatos\/medicamentos-suplementos\/rinones-vejiga-tracto-urinario\/insuficiencia-renal\">gatos<\/a> y <a href=\"https:\/\/www.pharmacy4pets.es\/perros\/medicamentos-suplementos\/rinones-vejiga-tracto-urinario\/insuficiencia-renal\">perros<\/a>. Limita la biodisponibilidad del f\u00f3sforo y disminuye la absorci\u00f3n de las toxinas ur\u00e9micas. Adem\u00e1s, ayuda a proteger la estructura normal de los ri\u00f1ones y contribuye al mantenimiento de una presi\u00f3n arterial equilibrada.<\/p>\n<h2><strong>Administraci\u00f3n:<\/strong><\/h2>\n<p>La soluci\u00f3n palatable debe administrarse dos veces al d\u00eda mezclado con la comida o directamente antes o despu\u00e9s de la comida. La jeringa dosificadora suministrada indica el peso corporal para una dosificaci\u00f3n f\u00e1cil y correcta.<\/p>\n<h2><strong>Dosificaci\u00f3n:<\/strong><\/h2>\n<p>Pronefra gatos: 1 ml por cada 4 kg de peso corporal. <br \/>Pronefra perros: 1 ml por cada 5 kg de peso corporal.<\/p>\n<h2><strong>Envase:<\/strong><\/h2>\n<p>El envase contiene 60 o 180ml.<\/p>","_es_post_name":"pronefra","_es_post_excerpt":"","_es_post_title":"Pronefra","edit_language":"nl"},"product_brand":[],"product_cat":[1117,1118,1839,1871,1849,1880,1998,1981],"product_tag":[],"class_list":{"0":"post-117994","1":"product","2":"type-product","3":"status-publish","4":"has-post-thumbnail","6":"product_cat-honden","7":"product_cat-katten","8":"product_cat-medicijnen-supplementen","10":"product_cat-nieren-blaas-urinewegen","12":"product_cat-nierfalen","14":"pa_aandoening-overig","15":"pa_doeldier-hond","16":"pa_doeldier-kat","17":"pa_fabricatieland-frankrijk","18":"pa_merkfilter-pronefra","19":"pa_merkgroep-virbac","20":"pa_productsoort-voedingssupplement","21":"pa_seo_canonical_store_id-not_found_value","22":"pa_seo_category-not_found_value","23":"pa_seo_meta_robots-not_found_value","24":"pa_toedieningswijze-vloeistof","25":"pa_werkzamestof-overig","27":"first","28":"instock","29":"taxable","30":"shipping-taxable","31":"product-type-grouped"},"yoast_head":"<!-- This site is optimized with the Yoast SEO plugin v27.5 - https:\/\/yoast.com\/product\/yoast-seo-wordpress\/ -->\n<title>Pronefra - Pharmacy4pets<\/title>\n<meta name=\"robots\" content=\"index, follow, max-snippet:-1, max-image-preview:large, max-video-preview:-1\" \/>\n<link rel=\"canonical\" href=\"https:\/\/p4p-nl.bootmine.com\/%product-slug%\/pronefra\" \/>\n<meta property=\"og:locale\" content=\"nl_NL\" \/>\n<meta property=\"og:type\" content=\"article\" \/>\n<meta property=\"og:title\" content=\"Pronefra - Pharmacy4pets\" \/>\n<meta property=\"og:description\" content=\"Pronefra Pronefra\u00a0is een zeer smakelijke orale suspensie ter ondersteuning van de nierfunctie bij chronische nierinsuffici\u00ebntie bij de kat en hond. Het beperkt de beschikbaarheid van fosfaat en bindt\u00a0uremische toxinen. Daarnaast ondersteunt het het behoud\u00a0van de normale nierstructuur en draagt het bij aan een evenwichtige bloeddruk.\u00a0 Toediening: De smakelijke oplossing dient 2x daags door het voer [&hellip;]\" \/>\n<meta property=\"og:url\" content=\"https:\/\/p4p-nl.bootmine.com\/%product-slug%\/pronefra\" \/>\n<meta property=\"og:site_name\" content=\"Pharmacy4pets\" \/>\n<meta property=\"article:publisher\" content=\"https:\/\/www.facebook.com\/people\/Pharmacy4petsnl\/100063484989896\/\" \/>\n<meta property=\"article:modified_time\" content=\"2026-03-25T11:57:12+00:00\" \/>\n<meta property=\"og:image\" content=\"https:\/\/p4p-nl.bootmine.com\/wp-content\/uploads\/2017\/07\/pronefra_1.jpg\" \/>\n\t<meta property=\"og:image:width\" content=\"1000\" \/>\n\t<meta property=\"og:image:height\" content=\"1000\" \/>\n\t<meta property=\"og:image:type\" content=\"image\/jpeg\" \/>\n<meta name=\"twitter:card\" content=\"summary_large_image\" \/>\n<meta name=\"twitter:label1\" content=\"Geschatte leestijd\" \/>\n\t<meta name=\"twitter:data1\" content=\"1 minuut\" \/>\n<script type=\"application\/ld+json\" class=\"yoast-schema-graph\">{\"@context\":\"https:\\\/\\\/schema.org\",\"@graph\":[{\"@type\":\"WebPage\",\"@id\":\"https:\\\/\\\/p4p-nl.bootmine.com\\\/%product-slug%\\\/pronefra\",\"url\":\"https:\\\/\\\/p4p-nl.bootmine.com\\\/%product-slug%\\\/pronefra\",\"name\":\"Pronefra - Pharmacy4pets\",\"isPartOf\":{\"@id\":\"http:\\\/\\\/www.pharmacy4pets.nl\\\/#website\"},\"primaryImageOfPage\":{\"@id\":\"https:\\\/\\\/p4p-nl.bootmine.com\\\/%product-slug%\\\/pronefra#primaryimage\"},\"image\":{\"@id\":\"https:\\\/\\\/p4p-nl.bootmine.com\\\/%product-slug%\\\/pronefra#primaryimage\"},\"thumbnailUrl\":\"https:\\\/\\\/www.pharmacy4pets.nl\\\/wp-content\\\/uploads\\\/2017\\\/07\\\/pronefra_1.jpg\",\"datePublished\":\"2017-07-03T10:18:59+00:00\",\"dateModified\":\"2026-03-25T11:57:12+00:00\",\"breadcrumb\":{\"@id\":\"https:\\\/\\\/p4p-nl.bootmine.com\\\/%product-slug%\\\/pronefra#breadcrumb\"},\"inLanguage\":\"nl-NL\",\"potentialAction\":[{\"@type\":\"ReadAction\",\"target\":[\"https:\\\/\\\/p4p-nl.bootmine.com\\\/%product-slug%\\\/pronefra\"]}]},{\"@type\":\"ImageObject\",\"inLanguage\":\"nl-NL\",\"@id\":\"https:\\\/\\\/p4p-nl.bootmine.com\\\/%product-slug%\\\/pronefra#primaryimage\",\"url\":\"https:\\\/\\\/www.pharmacy4pets.nl\\\/wp-content\\\/uploads\\\/2017\\\/07\\\/pronefra_1.jpg\",\"contentUrl\":\"https:\\\/\\\/www.pharmacy4pets.nl\\\/wp-content\\\/uploads\\\/2017\\\/07\\\/pronefra_1.jpg\",\"width\":1000,\"height\":1000,\"caption\":\"Pronefra\"},{\"@type\":\"BreadcrumbList\",\"@id\":\"https:\\\/\\\/p4p-nl.bootmine.com\\\/%product-slug%\\\/pronefra#breadcrumb\",\"itemListElement\":[{\"@type\":\"ListItem\",\"position\":1,\"name\":\"Home\",\"item\":\"https:\\\/\\\/p4p-nl.bootmine.com\\\/\"},{\"@type\":\"ListItem\",\"position\":2,\"name\":\"Winkel\",\"item\":\"https:\\\/\\\/p4p-nl.bootmine.com\\\/winkel\"},{\"@type\":\"ListItem\",\"position\":3,\"name\":\"Pronefra\"}]},{\"@type\":\"WebSite\",\"@id\":\"http:\\\/\\\/www.pharmacy4pets.nl\\\/#website\",\"url\":\"http:\\\/\\\/www.pharmacy4pets.nl\\\/\",\"name\":\"Pharmacy4pets\",\"description\":\"Pharmacy4pets.nl is d\u00e9 online apotheek waar u terecht kunt voor alle diergeneesmiddelen, verzorgingsproducten en dieetvoeding voor uw huisdier.\",\"publisher\":{\"@id\":\"http:\\\/\\\/www.pharmacy4pets.nl\\\/#organization\"},\"potentialAction\":[{\"@type\":\"SearchAction\",\"target\":{\"@type\":\"EntryPoint\",\"urlTemplate\":\"http:\\\/\\\/www.pharmacy4pets.nl\\\/?s={search_term_string}\"},\"query-input\":{\"@type\":\"PropertyValueSpecification\",\"valueRequired\":true,\"valueName\":\"search_term_string\"}}],\"inLanguage\":\"nl-NL\"},{\"@type\":\"Organization\",\"@id\":\"http:\\\/\\\/www.pharmacy4pets.nl\\\/#organization\",\"name\":\"Pharmacy4pets\",\"url\":\"http:\\\/\\\/www.pharmacy4pets.nl\\\/\",\"logo\":{\"@type\":\"ImageObject\",\"inLanguage\":\"nl-NL\",\"@id\":\"http:\\\/\\\/www.pharmacy4pets.nl\\\/#\\\/schema\\\/logo\\\/image\\\/\",\"url\":\"https:\\\/\\\/p4p-nl.bootmine.com\\\/wp-content\\\/uploads\\\/2026\\\/03\\\/logo-pharmacy4pets.png\",\"contentUrl\":\"https:\\\/\\\/p4p-nl.bootmine.com\\\/wp-content\\\/uploads\\\/2026\\\/03\\\/logo-pharmacy4pets.png\",\"width\":1024,\"height\":135,\"caption\":\"Pharmacy4pets\"},\"image\":{\"@id\":\"http:\\\/\\\/www.pharmacy4pets.nl\\\/#\\\/schema\\\/logo\\\/image\\\/\"},\"sameAs\":[\"https:\\\/\\\/www.facebook.com\\\/people\\\/Pharmacy4petsnl\\\/100063484989896\\\/\",\"https:\\\/\\\/www.youtube.com\\\/channel\\\/UCGPTIgucgli03tP2_kvLkHg\\\/featured\",\"https:\\\/\\\/www.instagram.com\\\/pharmacy4pets.nl\"]}]}<\/script>\n<!-- \/ Yoast SEO plugin. -->","yoast_head_json":{"title":"Pronefra - Pharmacy4pets","robots":{"index":"index","follow":"follow","max-snippet":"max-snippet:-1","max-image-preview":"max-image-preview:large","max-video-preview":"max-video-preview:-1"},"canonical":"https:\/\/p4p-nl.bootmine.com\/%product-slug%\/pronefra","og_locale":"nl_NL","og_type":"article","og_title":"Pronefra - Pharmacy4pets","og_description":"Pronefra Pronefra\u00a0is een zeer smakelijke orale suspensie ter ondersteuning van de nierfunctie bij chronische nierinsuffici\u00ebntie bij de kat en hond. Het beperkt de beschikbaarheid van fosfaat en bindt\u00a0uremische toxinen. Daarnaast ondersteunt het het behoud\u00a0van de normale nierstructuur en draagt het bij aan een evenwichtige bloeddruk.\u00a0 Toediening: De smakelijke oplossing dient 2x daags door het voer [&hellip;]","og_url":"https:\/\/p4p-nl.bootmine.com\/%product-slug%\/pronefra","og_site_name":"Pharmacy4pets","article_publisher":"https:\/\/www.facebook.com\/people\/Pharmacy4petsnl\/100063484989896\/","article_modified_time":"2026-03-25T11:57:12+00:00","og_image":[{"width":1000,"height":1000,"url":"https:\/\/p4p-nl.bootmine.com\/wp-content\/uploads\/2017\/07\/pronefra_1.jpg","type":"image\/jpeg"}],"twitter_card":"summary_large_image","twitter_misc":{"Geschatte leestijd":"1 minuut"},"schema":{"@context":"https:\/\/schema.org","@graph":[{"@type":"WebPage","@id":"https:\/\/p4p-nl.bootmine.com\/%product-slug%\/pronefra","url":"https:\/\/p4p-nl.bootmine.com\/%product-slug%\/pronefra","name":"Pronefra - Pharmacy4pets","isPartOf":{"@id":"http:\/\/www.pharmacy4pets.nl\/#website"},"primaryImageOfPage":{"@id":"https:\/\/p4p-nl.bootmine.com\/%product-slug%\/pronefra#primaryimage"},"image":{"@id":"https:\/\/p4p-nl.bootmine.com\/%product-slug%\/pronefra#primaryimage"},"thumbnailUrl":"https:\/\/www.pharmacy4pets.nl\/wp-content\/uploads\/2017\/07\/pronefra_1.jpg","datePublished":"2017-07-03T10:18:59+00:00","dateModified":"2026-03-25T11:57:12+00:00","breadcrumb":{"@id":"https:\/\/p4p-nl.bootmine.com\/%product-slug%\/pronefra#breadcrumb"},"inLanguage":"nl-NL","potentialAction":[{"@type":"ReadAction","target":["https:\/\/p4p-nl.bootmine.com\/%product-slug%\/pronefra"]}]},{"@type":"ImageObject","inLanguage":"nl-NL","@id":"https:\/\/p4p-nl.bootmine.com\/%product-slug%\/pronefra#primaryimage","url":"https:\/\/www.pharmacy4pets.nl\/wp-content\/uploads\/2017\/07\/pronefra_1.jpg","contentUrl":"https:\/\/www.pharmacy4pets.nl\/wp-content\/uploads\/2017\/07\/pronefra_1.jpg","width":1000,"height":1000,"caption":"Pronefra"},{"@type":"BreadcrumbList","@id":"https:\/\/p4p-nl.bootmine.com\/%product-slug%\/pronefra#breadcrumb","itemListElement":[{"@type":"ListItem","position":1,"name":"Home","item":"https:\/\/p4p-nl.bootmine.com\/"},{"@type":"ListItem","position":2,"name":"Winkel","item":"https:\/\/p4p-nl.bootmine.com\/winkel"},{"@type":"ListItem","position":3,"name":"Pronefra"}]},{"@type":"WebSite","@id":"http:\/\/www.pharmacy4pets.nl\/#website","url":"http:\/\/www.pharmacy4pets.nl\/","name":"Pharmacy4pets","description":"Pharmacy4pets.nl is d\u00e9 online apotheek waar u terecht kunt voor alle diergeneesmiddelen, verzorgingsproducten en dieetvoeding voor uw huisdier.","publisher":{"@id":"http:\/\/www.pharmacy4pets.nl\/#organization"},"potentialAction":[{"@type":"SearchAction","target":{"@type":"EntryPoint","urlTemplate":"http:\/\/www.pharmacy4pets.nl\/?s={search_term_string}"},"query-input":{"@type":"PropertyValueSpecification","valueRequired":true,"valueName":"search_term_string"}}],"inLanguage":"nl-NL"},{"@type":"Organization","@id":"http:\/\/www.pharmacy4pets.nl\/#organization","name":"Pharmacy4pets","url":"http:\/\/www.pharmacy4pets.nl\/","logo":{"@type":"ImageObject","inLanguage":"nl-NL","@id":"http:\/\/www.pharmacy4pets.nl\/#\/schema\/logo\/image\/","url":"https:\/\/p4p-nl.bootmine.com\/wp-content\/uploads\/2026\/03\/logo-pharmacy4pets.png","contentUrl":"https:\/\/p4p-nl.bootmine.com\/wp-content\/uploads\/2026\/03\/logo-pharmacy4pets.png","width":1024,"height":135,"caption":"Pharmacy4pets"},"image":{"@id":"http:\/\/www.pharmacy4pets.nl\/#\/schema\/logo\/image\/"},"sameAs":["https:\/\/www.facebook.com\/people\/Pharmacy4petsnl\/100063484989896\/","https:\/\/www.youtube.com\/channel\/UCGPTIgucgli03tP2_kvLkHg\/featured","https:\/\/www.instagram.com\/pharmacy4pets.nl"]}]}},"market_data":{"nl":{"price":0,"sale_price":0,"active":false,"url":null,"parent_url":"","tax_rate":0,"price_inc_tax":0,"sale_price_inc_tax":0},"de":{"price":0,"sale_price":0,"active":false,"url":null,"parent_url":"","tax_rate":0,"price_inc_tax":0,"sale_price_inc_tax":0},"be":{"price":0,"sale_price":0,"active":false,"url":null,"parent_url":"","tax_rate":0,"price_inc_tax":0,"sale_price_inc_tax":0},"fr":{"price":0,"sale_price":0,"active":false,"url":null,"parent_url":"","tax_rate":0,"price_inc_tax":0,"sale_price_inc_tax":0},"ch":{"price":0,"sale_price":0,"active":false,"url":null,"parent_url":"","tax_rate":0,"price_inc_tax":0,"sale_price_inc_tax":0},"at":{"price":0,"sale_price":0,"active":false,"url":null,"parent_url":"","tax_rate":0,"price_inc_tax":0,"sale_price_inc_tax":0},"es":{"price":0,"sale_price":0,"active":false,"url":null,"parent_url":"","tax_rate":0,"price_inc_tax":0,"sale_price_inc_tax":0},"dk":{"price":0,"sale_price":0,"active":false,"url":null,"parent_url":"","tax_rate":0,"price_inc_tax":0,"sale_price_inc_tax":0},"com":{"price":0,"sale_price":0,"active":false,"url":null,"parent_url":"","tax_rate":0,"price_inc_tax":0,"sale_price_inc_tax":0}},"market_nl_price":0,"market_nl_sale_price":0,"market_nl_active":false,"market_nl_url":null,"market_nl_parent_url":"","market_nl_tax_rate":0,"market_nl_price_inc_tax":0,"market_nl_sale_price_inc_tax":0,"market_de_price":0,"market_de_sale_price":0,"market_de_active":false,"market_de_url":null,"market_de_parent_url":"","market_de_tax_rate":0,"market_de_price_inc_tax":0,"market_de_sale_price_inc_tax":0,"market_be_price":0,"market_be_sale_price":0,"market_be_active":false,"market_be_url":null,"market_be_parent_url":"","market_be_tax_rate":0,"market_be_price_inc_tax":0,"market_be_sale_price_inc_tax":0,"market_fr_price":0,"market_fr_sale_price":0,"market_fr_active":false,"market_fr_url":null,"market_fr_parent_url":"","market_fr_tax_rate":0,"market_fr_price_inc_tax":0,"market_fr_sale_price_inc_tax":0,"market_ch_price":0,"market_ch_sale_price":0,"market_ch_active":false,"market_ch_url":null,"market_ch_parent_url":"","market_ch_tax_rate":0,"market_ch_price_inc_tax":0,"market_ch_sale_price_inc_tax":0,"market_at_price":0,"market_at_sale_price":0,"market_at_active":false,"market_at_url":null,"market_at_parent_url":"","market_at_tax_rate":0,"market_at_price_inc_tax":0,"market_at_sale_price_inc_tax":0,"market_es_price":0,"market_es_sale_price":0,"market_es_active":false,"market_es_url":null,"market_es_parent_url":"","market_es_tax_rate":0,"market_es_price_inc_tax":0,"market_es_sale_price_inc_tax":0,"market_dk_price":0,"market_dk_sale_price":0,"market_dk_active":false,"market_dk_url":null,"market_dk_parent_url":"","market_dk_tax_rate":0,"market_dk_price_inc_tax":0,"market_dk_sale_price_inc_tax":0,"market_com_price":0,"market_com_sale_price":0,"market_com_active":false,"market_com_url":null,"market_com_parent_url":"","market_com_tax_rate":0,"market_com_price_inc_tax":0,"market_com_sale_price_inc_tax":0,"acf":[],"_links":{"self":[{"href":"https:\/\/www.pharmacy4pets.nl\/be\/wp-json\/wp\/v2\/product\/117994","targetHints":{"allow":["GET"]}}],"collection":[{"href":"https:\/\/www.pharmacy4pets.nl\/be\/wp-json\/wp\/v2\/product"}],"about":[{"href":"https:\/\/www.pharmacy4pets.nl\/be\/wp-json\/wp\/v2\/types\/product"}],"replies":[{"embeddable":true,"href":"https:\/\/www.pharmacy4pets.nl\/be\/wp-json\/wp\/v2\/comments?post=117994"}],"wp:featuredmedia":[{"embeddable":true,"href":"https:\/\/www.pharmacy4pets.nl\/be\/wp-json\/wp\/v2\/media\/117985"}],"wp:attachment":[{"href":"https:\/\/www.pharmacy4pets.nl\/be\/wp-json\/wp\/v2\/media?parent=117994"}],"wp:term":[{"taxonomy":"product_brand","embeddable":true,"href":"https:\/\/www.pharmacy4pets.nl\/be\/wp-json\/wp\/v2\/product_brand?post=117994"},{"taxonomy":"product_cat","embeddable":true,"href":"https:\/\/www.pharmacy4pets.nl\/be\/wp-json\/wp\/v2\/product_cat?post=117994"},{"taxonomy":"product_tag","embeddable":true,"href":"https:\/\/www.pharmacy4pets.nl\/be\/wp-json\/wp\/v2\/product_tag?post=117994"}],"curies":[{"name":"wp","href":"https:\/\/api.w.org\/{rel}","templated":true}]}}