{"id":117970,"date":"2017-06-29T14:17:17","date_gmt":"2017-06-29T14:17:17","guid":{"rendered":"https:\/\/p4p.test\/neutradex"},"modified":"2026-03-25T11:57:10","modified_gmt":"2026-03-25T11:57:10","slug":"neutradex","status":"publish","type":"product","link":"https:\/\/www.pharmacy4pets.nl\/be\/neutradex","title":{"rendered":"Neutradex"},"content":{"rendered":"<p>Neutradex voor paarden is&nbsp;<span>een hulpmiddel bij het herstel van acidosis, dehydratie en &rsquo;tying up&rsquo; syndroom bij paarden. Het h<span>elpt bij het vertragen van spiervermoeidheid en ondersteunt het uithoudingsvermogen en ondersteunt daarnaast de vermindering van spierstijfheid en pijn.<\/span><\/span><\/p>\n<p><span style=\"text-decoration: underline;\">Toediening:<br \/><\/span>U kunt het product mengen met het voer van uw paard. &nbsp;<\/p>\n<p><span style=\"text-decoration: underline;\">Dosering:<br \/><\/span><span>Paard en pony: dagelijks 30ml per 500kg toevoegen aan het voer.<\/span><br \/><span>Niet geschikt voor veulens.<\/span><br \/><span>Ook kunt u na zware inspanning 50ml oraal toedienen met behulp van een spuit.&nbsp;<\/span><\/p>\n<p><span><span style=\"text-decoration: underline;\">Verpakking:<\/span><br \/><\/span>De verpakking bevat 1000 of 5000 ml.<\/p>\n","protected":false},"excerpt":{"rendered":"<p>Neutradex voor paarden is&nbsp;een hulpmiddel bij het herstel van acidosis, dehydratie en &rsquo;tying up&rsquo; syndroom bij paarden. Het helpt bij het vertragen van spiervermoeidheid en ondersteunt het uithoudingsvermogen en ondersteunt daarnaast de vermindering van spierstijfheid en pijn. Toediening:U kunt het product mengen met het voer van uw paard. &nbsp; Dosering:Paard en pony: dagelijks 30ml per [&hellip;]<\/p>\n","protected":false},"featured_media":117966,"comment_status":"open","ping_status":"closed","template":"","meta":{"_acf_changed":false,"_nl_post_content":"<p>Neutradex voor paarden is&nbsp;<span>een hulpmiddel bij het herstel van acidosis, dehydratie en &rsquo;tying up&rsquo; syndroom bij paarden. Het h<span>elpt bij het vertragen van spiervermoeidheid en ondersteunt het uithoudingsvermogen en ondersteunt daarnaast de vermindering van spierstijfheid en pijn.<\/span><\/span><\/p>\r\n<p><span style=\"text-decoration: underline;\">Toediening:<br \/><\/span>U kunt het product mengen met het voer van uw paard. &nbsp;<\/p>\r\n<p><span style=\"text-decoration: underline;\">Dosering:<br \/><\/span><span>Paard en pony: dagelijks 30ml per 500kg toevoegen aan het voer.<\/span><br \/><span>Niet geschikt voor veulens.<\/span><br \/><span>Ook kunt u na zware inspanning 50ml oraal toedienen met behulp van een spuit.&nbsp;<\/span><\/p>\r\n<p><span><span style=\"text-decoration: underline;\">Verpakking:<\/span><br \/><\/span>De verpakking bevat 1000 of 5000 ml.<\/p>","_nl_post_name":"neutradex","_nl_post_excerpt":"","_nl_post_title":"Neutradex","_en_post_content":"<p>Neutradex for horses&nbsp;<span>supports muscle recovery in horses, based on disodium hydrogen citrate. It r<\/span>educes muscle stiffness and relieves pain. Neutradex helps to delay muscle fatigue and supports endurance and ensures proper kidney and bladder function in horses.<\/p>\r\n<p><span style=\"text-decoration: underline;\">Administration:<br \/><\/span>The product needs to be mixed through the feed.<\/p>\r\n<p><span style=\"text-decoration: underline;\">Dosage:<br \/><\/span><span>Horse and pony:&nbsp;<\/span>Add 30 ml per 500 kg body weight per day to the daily feed.<br \/>Give 50 ml of Neutradex orally after strenuous exercise or work (such as a game), with the aid of a syringe, on the back of the tongue.<\/p>\r\n<p><span style=\"text-decoration: underline;\">Package:<br \/><\/span>The package contains 1000 or 5000 ml.<\/p>","_en_post_name":"neutradex","_en_post_excerpt":"","_en_post_title":"Neutradex","_de_post_content":"<p>Neutradex f&uuml;r Pferden reduziert die Muskelsteifigkeit und hilft bei Schmerzen. Es&nbsp;<span>neutralisiert die S&auml;ure der Muskeln nach der Aktivit&auml;t und hilft, Muskelsteifheit zu verhindern. Das Mittel dient der Pflege nach k&ouml;rperlicher Anstrengung. Auch u<\/span>nterst&uuml;tzt das die gesunde Nieren-und Blasenfunktion bei Pferden.<\/p>\r\n<p><span style=\"text-decoration: underline;\">Anwendung:<br \/><\/span>Sie sollen das Produkt zum Futter hinzugeben.<\/p>\r\n<p><span style=\"text-decoration: underline;\">Dosierung:<br \/><\/span><span>Pferd und Pony:&nbsp;<\/span>30 ml pro 500 kg K&ouml;rpergewicht pro Tag, einfach der Tagesration an Futter hinzuf&uuml;gen.<br \/>50 ml zur oralen Verabreichung nach dem Training oder der Aktivit&auml;t (z.B. Rennen) mit einer Spritze auf die R&uuml;ckseite der Zunge applizieren.<\/p>\r\n<p><span><span style=\"text-decoration: underline;\">Verpackung:<\/span><br \/><\/span>Die Verpackung enth&auml;lt 1000 oder 5000 ml.<\/p>","_de_post_name":"neutradex","_de_post_excerpt":"","_de_post_title":"Neutradex","_fr_post_content":"<p>Neutradex voor paarden is&nbsp;<span>een hulpmiddel bij het herstel van acidosis, dehydratie en &rsquo;tying up&rsquo; syndroom bij paarden. Het h<span>elpt bij het vertragen van spiervermoeidheid en ondersteunt het uithoudingsvermogen en ondersteunt daarnaast de vermindering van spierstijfheid en pijn.<\/span><\/span><\/p>\r\n<p><span style=\"text-decoration: underline;\">Toediening:<br \/><\/span>U kunt het product mengen met het voer van uw paard. &nbsp;<\/p>\r\n<p><span style=\"text-decoration: underline;\">Dosering:<br \/><\/span><span>Paard en pony: dagelijks 30ml per 500kg toevoegen aan het voer.<\/span><br \/><span>Niet geschikt voor veulens.<\/span><br \/><span>Ook kunt u na zware inspanning 50ml oraal toedienen met behulp van een spuit.&nbsp;<\/span><\/p>\r\n<p><span><span style=\"text-decoration: underline;\">Verpakking:<\/span><br \/><\/span>De verpakking bevat 1000 of 5000 ml.<\/p>","_fr_post_name":"neutradex","_fr_post_excerpt":"","_fr_post_title":"Neutradex","_es_post_content":"<p>Neutradex para caballos es una ayuda en la recuperaci\u00f3n de la acidosis, la deshidrataci\u00f3n y el s\u00edndrome de 'tying up' en los caballos. Ayuda a retardar la fatiga muscular y apoyar la resistencia, as\u00ed como tambi\u00e9n ayuda a reducir la rigidez y el dolor muscular.<\/p>\r\n<p><span style=\"text-decoration: underline;\">Administraci\u00f3n:<\/span><br \/>Puedes mezclar el producto con el pienso de su caballo.<\/p>\r\n<p><span style=\"text-decoration: underline;\">Dosis:<\/span><br \/>Caballo y poni: a\u00f1adir 30 ml por cada 500 kg diarios al pienso.<br \/>No apto para potros.<br \/>Tambi\u00e9n puede administrar 50 ml por v\u00eda oral despu\u00e9s de un ejercicio extenuante utilizando una jeringa.<\/p>\r\n<p><span style=\"text-decoration: underline;\">Embalaje:<\/span><br \/>El envase contiene 1000 o 5000 ml.<\/p>","_es_post_name":"neutradex","_es_post_excerpt":"","_es_post_title":"Neutradex","edit_language":"nl"},"product_brand":[],"product_cat":[1812,1811,1857,2062,1809],"product_tag":[],"class_list":{"0":"post-117970","1":"product","2":"type-product","3":"status-publish","4":"has-post-thumbnail","6":"product_cat-gewrichten-spieren","7":"product_cat-medicijnen-supplementen","8":"product_cat-merken","9":"product_cat-neutradex-virbac","10":"product_cat-paarden","11":"pa_aandoening-gewrichten","12":"pa_doeldier-ezel","13":"pa_doeldier-paard","14":"pa_fabricatieland-frankrijk","15":"pa_merkfilter-neutradex","16":"pa_merkgroep-virbac","17":"pa_productsoort-diergeneesmiddelvrij_ura","18":"pa_seo_canonical_store_id-not_found_value","19":"pa_seo_category-not_found_value","20":"pa_seo_meta_robots-not_found_value","21":"pa_toedieningswijze-vloeistof","22":"pa_werkzamestof-dinatriumwaterstofcitraat","23":"pa_werkzamestof-natriumbenzoaat","25":"first","26":"instock","27":"taxable","28":"shipping-taxable","29":"product-type-grouped"},"yoast_head":"<!-- This site is optimized with the Yoast SEO plugin v27.5 - https:\/\/yoast.com\/product\/yoast-seo-wordpress\/ -->\n<title>Neutradex - Pharmacy4pets<\/title>\n<meta name=\"robots\" content=\"index, follow, max-snippet:-1, max-image-preview:large, max-video-preview:-1\" \/>\n<link rel=\"canonical\" href=\"https:\/\/p4p-nl.bootmine.com\/%product-slug%\/neutradex\" \/>\n<meta property=\"og:locale\" content=\"nl_NL\" \/>\n<meta property=\"og:type\" content=\"article\" \/>\n<meta property=\"og:title\" content=\"Neutradex - Pharmacy4pets\" \/>\n<meta property=\"og:description\" content=\"Neutradex voor paarden is&nbsp;een hulpmiddel bij het herstel van acidosis, dehydratie en &rsquo;tying up&rsquo; syndroom bij paarden. Het helpt bij het vertragen van spiervermoeidheid en ondersteunt het uithoudingsvermogen en ondersteunt daarnaast de vermindering van spierstijfheid en pijn. Toediening:U kunt het product mengen met het voer van uw paard. &nbsp; Dosering:Paard en pony: dagelijks 30ml per [&hellip;]\" \/>\n<meta property=\"og:url\" content=\"https:\/\/p4p-nl.bootmine.com\/%product-slug%\/neutradex\" \/>\n<meta property=\"og:site_name\" content=\"Pharmacy4pets\" \/>\n<meta property=\"article:publisher\" content=\"https:\/\/www.facebook.com\/people\/Pharmacy4petsnl\/100063484989896\/\" \/>\n<meta property=\"article:modified_time\" content=\"2026-03-25T11:57:10+00:00\" \/>\n<meta property=\"og:image\" content=\"https:\/\/p4p-nl.bootmine.com\/wp-content\/uploads\/2017\/06\/99250.jpg\" \/>\n\t<meta property=\"og:image:width\" content=\"310\" \/>\n\t<meta property=\"og:image:height\" content=\"310\" \/>\n\t<meta property=\"og:image:type\" content=\"image\/jpeg\" \/>\n<meta name=\"twitter:card\" content=\"summary_large_image\" \/>\n<script type=\"application\/ld+json\" class=\"yoast-schema-graph\">{\"@context\":\"https:\\\/\\\/schema.org\",\"@graph\":[{\"@type\":\"WebPage\",\"@id\":\"https:\\\/\\\/p4p-nl.bootmine.com\\\/%product-slug%\\\/neutradex\",\"url\":\"https:\\\/\\\/p4p-nl.bootmine.com\\\/%product-slug%\\\/neutradex\",\"name\":\"Neutradex - Pharmacy4pets\",\"isPartOf\":{\"@id\":\"http:\\\/\\\/www.pharmacy4pets.nl\\\/#website\"},\"primaryImageOfPage\":{\"@id\":\"https:\\\/\\\/p4p-nl.bootmine.com\\\/%product-slug%\\\/neutradex#primaryimage\"},\"image\":{\"@id\":\"https:\\\/\\\/p4p-nl.bootmine.com\\\/%product-slug%\\\/neutradex#primaryimage\"},\"thumbnailUrl\":\"https:\\\/\\\/www.pharmacy4pets.nl\\\/wp-content\\\/uploads\\\/2017\\\/06\\\/99250.jpg\",\"datePublished\":\"2017-06-29T14:17:17+00:00\",\"dateModified\":\"2026-03-25T11:57:10+00:00\",\"breadcrumb\":{\"@id\":\"https:\\\/\\\/p4p-nl.bootmine.com\\\/%product-slug%\\\/neutradex#breadcrumb\"},\"inLanguage\":\"nl-NL\",\"potentialAction\":[{\"@type\":\"ReadAction\",\"target\":[\"https:\\\/\\\/p4p-nl.bootmine.com\\\/%product-slug%\\\/neutradex\"]}]},{\"@type\":\"ImageObject\",\"inLanguage\":\"nl-NL\",\"@id\":\"https:\\\/\\\/p4p-nl.bootmine.com\\\/%product-slug%\\\/neutradex#primaryimage\",\"url\":\"https:\\\/\\\/www.pharmacy4pets.nl\\\/wp-content\\\/uploads\\\/2017\\\/06\\\/99250.jpg\",\"contentUrl\":\"https:\\\/\\\/www.pharmacy4pets.nl\\\/wp-content\\\/uploads\\\/2017\\\/06\\\/99250.jpg\",\"width\":310,\"height\":310,\"caption\":\"Neutradex\"},{\"@type\":\"BreadcrumbList\",\"@id\":\"https:\\\/\\\/p4p-nl.bootmine.com\\\/%product-slug%\\\/neutradex#breadcrumb\",\"itemListElement\":[{\"@type\":\"ListItem\",\"position\":1,\"name\":\"Home\",\"item\":\"https:\\\/\\\/p4p-nl.bootmine.com\\\/\"},{\"@type\":\"ListItem\",\"position\":2,\"name\":\"Winkel\",\"item\":\"https:\\\/\\\/p4p-nl.bootmine.com\\\/winkel\"},{\"@type\":\"ListItem\",\"position\":3,\"name\":\"Neutradex\"}]},{\"@type\":\"WebSite\",\"@id\":\"http:\\\/\\\/www.pharmacy4pets.nl\\\/#website\",\"url\":\"http:\\\/\\\/www.pharmacy4pets.nl\\\/\",\"name\":\"Pharmacy4pets\",\"description\":\"Pharmacy4pets.nl is d\u00e9 online apotheek waar u terecht kunt voor alle diergeneesmiddelen, verzorgingsproducten en dieetvoeding voor uw huisdier.\",\"publisher\":{\"@id\":\"http:\\\/\\\/www.pharmacy4pets.nl\\\/#organization\"},\"potentialAction\":[{\"@type\":\"SearchAction\",\"target\":{\"@type\":\"EntryPoint\",\"urlTemplate\":\"http:\\\/\\\/www.pharmacy4pets.nl\\\/?s={search_term_string}\"},\"query-input\":{\"@type\":\"PropertyValueSpecification\",\"valueRequired\":true,\"valueName\":\"search_term_string\"}}],\"inLanguage\":\"nl-NL\"},{\"@type\":\"Organization\",\"@id\":\"http:\\\/\\\/www.pharmacy4pets.nl\\\/#organization\",\"name\":\"Pharmacy4pets\",\"url\":\"http:\\\/\\\/www.pharmacy4pets.nl\\\/\",\"logo\":{\"@type\":\"ImageObject\",\"inLanguage\":\"nl-NL\",\"@id\":\"http:\\\/\\\/www.pharmacy4pets.nl\\\/#\\\/schema\\\/logo\\\/image\\\/\",\"url\":\"https:\\\/\\\/p4p-nl.bootmine.com\\\/wp-content\\\/uploads\\\/2026\\\/03\\\/logo-pharmacy4pets.png\",\"contentUrl\":\"https:\\\/\\\/p4p-nl.bootmine.com\\\/wp-content\\\/uploads\\\/2026\\\/03\\\/logo-pharmacy4pets.png\",\"width\":1024,\"height\":135,\"caption\":\"Pharmacy4pets\"},\"image\":{\"@id\":\"http:\\\/\\\/www.pharmacy4pets.nl\\\/#\\\/schema\\\/logo\\\/image\\\/\"},\"sameAs\":[\"https:\\\/\\\/www.facebook.com\\\/people\\\/Pharmacy4petsnl\\\/100063484989896\\\/\",\"https:\\\/\\\/www.youtube.com\\\/channel\\\/UCGPTIgucgli03tP2_kvLkHg\\\/featured\",\"https:\\\/\\\/www.instagram.com\\\/pharmacy4pets.nl\"]}]}<\/script>\n<!-- \/ Yoast SEO plugin. -->","yoast_head_json":{"title":"Neutradex - Pharmacy4pets","robots":{"index":"index","follow":"follow","max-snippet":"max-snippet:-1","max-image-preview":"max-image-preview:large","max-video-preview":"max-video-preview:-1"},"canonical":"https:\/\/p4p-nl.bootmine.com\/%product-slug%\/neutradex","og_locale":"nl_NL","og_type":"article","og_title":"Neutradex - Pharmacy4pets","og_description":"Neutradex voor paarden is&nbsp;een hulpmiddel bij het herstel van acidosis, dehydratie en &rsquo;tying up&rsquo; syndroom bij paarden. Het helpt bij het vertragen van spiervermoeidheid en ondersteunt het uithoudingsvermogen en ondersteunt daarnaast de vermindering van spierstijfheid en pijn. Toediening:U kunt het product mengen met het voer van uw paard. &nbsp; Dosering:Paard en pony: dagelijks 30ml per [&hellip;]","og_url":"https:\/\/p4p-nl.bootmine.com\/%product-slug%\/neutradex","og_site_name":"Pharmacy4pets","article_publisher":"https:\/\/www.facebook.com\/people\/Pharmacy4petsnl\/100063484989896\/","article_modified_time":"2026-03-25T11:57:10+00:00","og_image":[{"width":310,"height":310,"url":"https:\/\/p4p-nl.bootmine.com\/wp-content\/uploads\/2017\/06\/99250.jpg","type":"image\/jpeg"}],"twitter_card":"summary_large_image","schema":{"@context":"https:\/\/schema.org","@graph":[{"@type":"WebPage","@id":"https:\/\/p4p-nl.bootmine.com\/%product-slug%\/neutradex","url":"https:\/\/p4p-nl.bootmine.com\/%product-slug%\/neutradex","name":"Neutradex - Pharmacy4pets","isPartOf":{"@id":"http:\/\/www.pharmacy4pets.nl\/#website"},"primaryImageOfPage":{"@id":"https:\/\/p4p-nl.bootmine.com\/%product-slug%\/neutradex#primaryimage"},"image":{"@id":"https:\/\/p4p-nl.bootmine.com\/%product-slug%\/neutradex#primaryimage"},"thumbnailUrl":"https:\/\/www.pharmacy4pets.nl\/wp-content\/uploads\/2017\/06\/99250.jpg","datePublished":"2017-06-29T14:17:17+00:00","dateModified":"2026-03-25T11:57:10+00:00","breadcrumb":{"@id":"https:\/\/p4p-nl.bootmine.com\/%product-slug%\/neutradex#breadcrumb"},"inLanguage":"nl-NL","potentialAction":[{"@type":"ReadAction","target":["https:\/\/p4p-nl.bootmine.com\/%product-slug%\/neutradex"]}]},{"@type":"ImageObject","inLanguage":"nl-NL","@id":"https:\/\/p4p-nl.bootmine.com\/%product-slug%\/neutradex#primaryimage","url":"https:\/\/www.pharmacy4pets.nl\/wp-content\/uploads\/2017\/06\/99250.jpg","contentUrl":"https:\/\/www.pharmacy4pets.nl\/wp-content\/uploads\/2017\/06\/99250.jpg","width":310,"height":310,"caption":"Neutradex"},{"@type":"BreadcrumbList","@id":"https:\/\/p4p-nl.bootmine.com\/%product-slug%\/neutradex#breadcrumb","itemListElement":[{"@type":"ListItem","position":1,"name":"Home","item":"https:\/\/p4p-nl.bootmine.com\/"},{"@type":"ListItem","position":2,"name":"Winkel","item":"https:\/\/p4p-nl.bootmine.com\/winkel"},{"@type":"ListItem","position":3,"name":"Neutradex"}]},{"@type":"WebSite","@id":"http:\/\/www.pharmacy4pets.nl\/#website","url":"http:\/\/www.pharmacy4pets.nl\/","name":"Pharmacy4pets","description":"Pharmacy4pets.nl is d\u00e9 online apotheek waar u terecht kunt voor alle diergeneesmiddelen, verzorgingsproducten en dieetvoeding voor uw huisdier.","publisher":{"@id":"http:\/\/www.pharmacy4pets.nl\/#organization"},"potentialAction":[{"@type":"SearchAction","target":{"@type":"EntryPoint","urlTemplate":"http:\/\/www.pharmacy4pets.nl\/?s={search_term_string}"},"query-input":{"@type":"PropertyValueSpecification","valueRequired":true,"valueName":"search_term_string"}}],"inLanguage":"nl-NL"},{"@type":"Organization","@id":"http:\/\/www.pharmacy4pets.nl\/#organization","name":"Pharmacy4pets","url":"http:\/\/www.pharmacy4pets.nl\/","logo":{"@type":"ImageObject","inLanguage":"nl-NL","@id":"http:\/\/www.pharmacy4pets.nl\/#\/schema\/logo\/image\/","url":"https:\/\/p4p-nl.bootmine.com\/wp-content\/uploads\/2026\/03\/logo-pharmacy4pets.png","contentUrl":"https:\/\/p4p-nl.bootmine.com\/wp-content\/uploads\/2026\/03\/logo-pharmacy4pets.png","width":1024,"height":135,"caption":"Pharmacy4pets"},"image":{"@id":"http:\/\/www.pharmacy4pets.nl\/#\/schema\/logo\/image\/"},"sameAs":["https:\/\/www.facebook.com\/people\/Pharmacy4petsnl\/100063484989896\/","https:\/\/www.youtube.com\/channel\/UCGPTIgucgli03tP2_kvLkHg\/featured","https:\/\/www.instagram.com\/pharmacy4pets.nl"]}]}},"market_data":{"nl":{"price":0,"sale_price":0,"active":false,"url":null,"parent_url":"","tax_rate":0,"price_inc_tax":0,"sale_price_inc_tax":0},"de":{"price":0,"sale_price":0,"active":false,"url":null,"parent_url":"","tax_rate":0,"price_inc_tax":0,"sale_price_inc_tax":0},"be":{"price":0,"sale_price":0,"active":false,"url":null,"parent_url":"","tax_rate":0,"price_inc_tax":0,"sale_price_inc_tax":0},"fr":{"price":0,"sale_price":0,"active":false,"url":null,"parent_url":"","tax_rate":0,"price_inc_tax":0,"sale_price_inc_tax":0},"ch":{"price":0,"sale_price":0,"active":false,"url":null,"parent_url":"","tax_rate":0,"price_inc_tax":0,"sale_price_inc_tax":0},"at":{"price":0,"sale_price":0,"active":false,"url":null,"parent_url":"","tax_rate":0,"price_inc_tax":0,"sale_price_inc_tax":0},"es":{"price":0,"sale_price":0,"active":false,"url":null,"parent_url":"","tax_rate":0,"price_inc_tax":0,"sale_price_inc_tax":0},"dk":{"price":0,"sale_price":0,"active":false,"url":null,"parent_url":"","tax_rate":0,"price_inc_tax":0,"sale_price_inc_tax":0},"com":{"price":0,"sale_price":0,"active":false,"url":null,"parent_url":"","tax_rate":0,"price_inc_tax":0,"sale_price_inc_tax":0}},"market_nl_price":0,"market_nl_sale_price":0,"market_nl_active":false,"market_nl_url":null,"market_nl_parent_url":"","market_nl_tax_rate":0,"market_nl_price_inc_tax":0,"market_nl_sale_price_inc_tax":0,"market_de_price":0,"market_de_sale_price":0,"market_de_active":false,"market_de_url":null,"market_de_parent_url":"","market_de_tax_rate":0,"market_de_price_inc_tax":0,"market_de_sale_price_inc_tax":0,"market_be_price":0,"market_be_sale_price":0,"market_be_active":false,"market_be_url":null,"market_be_parent_url":"","market_be_tax_rate":0,"market_be_price_inc_tax":0,"market_be_sale_price_inc_tax":0,"market_fr_price":0,"market_fr_sale_price":0,"market_fr_active":false,"market_fr_url":null,"market_fr_parent_url":"","market_fr_tax_rate":0,"market_fr_price_inc_tax":0,"market_fr_sale_price_inc_tax":0,"market_ch_price":0,"market_ch_sale_price":0,"market_ch_active":false,"market_ch_url":null,"market_ch_parent_url":"","market_ch_tax_rate":0,"market_ch_price_inc_tax":0,"market_ch_sale_price_inc_tax":0,"market_at_price":0,"market_at_sale_price":0,"market_at_active":false,"market_at_url":null,"market_at_parent_url":"","market_at_tax_rate":0,"market_at_price_inc_tax":0,"market_at_sale_price_inc_tax":0,"market_es_price":0,"market_es_sale_price":0,"market_es_active":false,"market_es_url":null,"market_es_parent_url":"","market_es_tax_rate":0,"market_es_price_inc_tax":0,"market_es_sale_price_inc_tax":0,"market_dk_price":0,"market_dk_sale_price":0,"market_dk_active":false,"market_dk_url":null,"market_dk_parent_url":"","market_dk_tax_rate":0,"market_dk_price_inc_tax":0,"market_dk_sale_price_inc_tax":0,"market_com_price":0,"market_com_sale_price":0,"market_com_active":false,"market_com_url":null,"market_com_parent_url":"","market_com_tax_rate":0,"market_com_price_inc_tax":0,"market_com_sale_price_inc_tax":0,"acf":[],"_links":{"self":[{"href":"https:\/\/www.pharmacy4pets.nl\/be\/wp-json\/wp\/v2\/product\/117970","targetHints":{"allow":["GET"]}}],"collection":[{"href":"https:\/\/www.pharmacy4pets.nl\/be\/wp-json\/wp\/v2\/product"}],"about":[{"href":"https:\/\/www.pharmacy4pets.nl\/be\/wp-json\/wp\/v2\/types\/product"}],"replies":[{"embeddable":true,"href":"https:\/\/www.pharmacy4pets.nl\/be\/wp-json\/wp\/v2\/comments?post=117970"}],"wp:featuredmedia":[{"embeddable":true,"href":"https:\/\/www.pharmacy4pets.nl\/be\/wp-json\/wp\/v2\/media\/117966"}],"wp:attachment":[{"href":"https:\/\/www.pharmacy4pets.nl\/be\/wp-json\/wp\/v2\/media?parent=117970"}],"wp:term":[{"taxonomy":"product_brand","embeddable":true,"href":"https:\/\/www.pharmacy4pets.nl\/be\/wp-json\/wp\/v2\/product_brand?post=117970"},{"taxonomy":"product_cat","embeddable":true,"href":"https:\/\/www.pharmacy4pets.nl\/be\/wp-json\/wp\/v2\/product_cat?post=117970"},{"taxonomy":"product_tag","embeddable":true,"href":"https:\/\/www.pharmacy4pets.nl\/be\/wp-json\/wp\/v2\/product_tag?post=117970"}],"curies":[{"name":"wp","href":"https:\/\/api.w.org\/{rel}","templated":true}]}}