{"id":117953,"date":"2017-06-29T13:15:45","date_gmt":"2017-06-29T13:15:45","guid":{"rendered":"https:\/\/p4p.test\/mellodermal-honingwondzalf-indoor-2"},"modified":"2026-03-25T11:57:08","modified_gmt":"2026-03-25T11:57:08","slug":"mellodermal-honingwondzalf-indoor","status":"publish","type":"product","link":"https:\/\/www.pharmacy4pets.nl\/be\/mellodermal-honingwondzalf-indoor","title":{"rendered":"Mellodermal Honingwondzalf | Indoor"},"content":{"rendered":"<h1>Mellodermal Honingwondzalf Indoor<\/h1>\n<p>Mellodermal Honingwondzalf Indoor is een honingzalf voor honden, katten en andere kleine huisdieren.\u00a0Deze zalf ondersteunt het natuurlijke herstel van de ruwe of beschadigde huid. De antioxidantrijke honing en heilzame plantenextracten Mellodermal beschermen de huid tegen uitdrogen en brengen de ge\u00efrriteerde huid tot rust. Het bevat ook\u00a0Cardiospermum-extract en is daardoor extra kalmerend voor de gevoelige huid waardoor de overlast snel afneemt.<\/p>\n<p><span style=\"text-decoration: underline;\">Toediening:<br \/><\/span>Door de hygi\u00ebnische pompflacon is de zalf gemakkelijk aan te brengen.\u00a0Voor gebruik de huid reinigen en drogen met een schone tissue.\u00a0Spuit de zalf direct vanuit de pompflacon op de huid en verspreid daarna met de vingers tot een dunne laag over de aangedane plekken. Grotere wonden of smetplekken afdekken met een steriel gaasje of een pleister.\u00a0<\/p>\n<p><span style=\"text-decoration: underline;\">Dosering:<br \/><\/span>Bij acute klachten tweemaal daags aanbrengen, bij milde klachten of ter verzorging volstaat eenmaal daags insmeren.\u00a0<\/p>\n","protected":false},"excerpt":{"rendered":"<p>Mellodermal Honingwondzalf Indoor Mellodermal Honingwondzalf Indoor is een honingzalf voor honden, katten en andere kleine huisdieren.\u00a0Deze zalf ondersteunt het natuurlijke herstel van de ruwe of beschadigde huid. De antioxidantrijke honing en heilzame plantenextracten Mellodermal beschermen de huid tegen uitdrogen en brengen de ge\u00efrriteerde huid tot rust. Het bevat ook\u00a0Cardiospermum-extract en is daardoor extra kalmerend voor [&hellip;]<\/p>\n","protected":false},"featured_media":117950,"comment_status":"open","ping_status":"closed","template":"","meta":{"_acf_changed":false,"_nl_post_content":"<h1>Mellodermal Honingwondzalf Indoor<\/h1>\n<p>Mellodermal Honingwondzalf Indoor is een honingzalf voor honden, katten en andere kleine huisdieren.\u00a0Deze zalf ondersteunt het natuurlijke herstel van de ruwe of beschadigde huid. De antioxidantrijke honing en heilzame plantenextracten Mellodermal beschermen de huid tegen uitdrogen en brengen de ge\u00efrriteerde huid tot rust. Het bevat ook\u00a0Cardiospermum-extract en is daardoor extra kalmerend voor de gevoelige huid waardoor de overlast snel afneemt.<\/p>\n<p><span style=\"text-decoration: underline;\">Toediening:<br \/><\/span>Door de hygi\u00ebnische pompflacon is de zalf gemakkelijk aan te brengen.\u00a0Voor gebruik de huid reinigen en drogen met een schone tissue.\u00a0Spuit de zalf direct vanuit de pompflacon op de huid en verspreid daarna met de vingers tot een dunne laag over de aangedane plekken. Grotere wonden of smetplekken afdekken met een steriel gaasje of een pleister.\u00a0<\/p>\n<p><span style=\"text-decoration: underline;\">Dosering:<br \/><\/span>Bij acute klachten tweemaal daags aanbrengen, bij milde klachten of ter verzorging volstaat eenmaal daags insmeren.\u00a0<\/p>","_nl_post_name":"mellodermal-honingwondzalf-indoor","_nl_post_excerpt":"","_nl_post_title":"Mellodermal Honingwondzalf | Indoor","_en_post_content":"<p>Mellodermal Honey Ointment | Indoor is a woundointment for dogs, cats and other small pets. This ointment supports the natural recovery of damaged skinn. The honey provides protection against dehydration and clams the irritated skinn.\u00a0<\/p>\n<p><span style=\"text-decoration: underline;\">Administration:<br \/><\/span>Clean the skin\u00a0\u00a0to remove dirt and dead skin, and dry thoroughly. Cover sores or irritated skin, preferably with gauze.<\/p>\n<p><span style=\"text-decoration: underline;\">Dosage:<br \/><\/span>During acute symptoms use twice daily. For general care, once daily will suffice.\u00a0<\/p>","_en_post_name":"mellodermal-honingwondzalf-indoor","_en_post_excerpt":"","_en_post_title":"Mellodermal Honey Ointment | Indoor","_de_post_content":"<p>Mellodermal Honigsalbe | Indoor 30ml ist ein Wundsalbe f\u00fcr Hunde, Katzen und anderen Kleintieren. Diese Salbe unterstuzt\u00a0die nat\u00fcrliche Genesung der verletzte und irritierte Haut.<\/p>\n<p><span style=\"text-decoration: underline;\">Anwendung:<br \/><\/span>Reinigen Sie die Haut um Schmutz und abgestorbene Haut zu entfernen und trocknen Sie diese anschlie\u00dfend gut ab. Decken Sie die Wunden oder die irritierte Haut vorzugsweise mit einem verband ab.<\/p>\n<p><span style=\"text-decoration: underline;\">Dosierung:<br \/><\/span>Bei akuten Beschwerden zweimal t\u00e4glich auftragen, zur Versorgung reicht eine Behandlung einmal t\u00e4glich.<\/p>","_de_post_name":"mellodermal-honingwondzalf-indoor","_de_post_excerpt":"","_de_post_title":"Mellodermal Honigsalbe | Indoor ","_fr_post_content":"<p>Mellodermal baume r\u00e9parateur au miel interne 30ml est une pommade pour les blessures des chiens et des chevaux. Cette pommade favorise le r\u00e9tablissement naturel de la peau rugueuse ou endommag\u00e9e. Le miel riche en antioxydants et les extraits de plantes b\u00e9n\u00e9fiques Mellodermal prot\u00e8gent la peau du dess\u00e8chement et calment les peaux irrit\u00e9es. Il contient \u00e9galement de l'extrait de Cardiospermum et est donc tr\u00e8s apaisant pour les peaux sensibles, ce qui r\u00e9duit rapidement les d\u00e9sagr\u00e9ments.<\/p>\n<p>Application :<br \/>Le flacon pompe hygi\u00e9nique facilite l'application de la pommade.\u00a0Avant l'utilisation, nettoyez et s\u00e9chez la peau avec un mouchoir en papier propre.\u00a0Vaporisez la pommade directement du flacon-pompe sur la peau, puis \u00e9talez-la avec les doigts en une fine couche sur les zones affect\u00e9es. Couvrez les plaies plus importantes ou les imperfections avec une compresse de gaze st\u00e9rile ou un sparadrap.\u00a0<\/p>\n<p>Dosage :<br \/>En cas de troubles aigus, appliquer deux fois par jour ; en cas de troubles l\u00e9gers ou pour les soins, appliquer une fois par jour.<\/p>","_fr_post_name":"mellodermal-honingwondzalf-indoor","_fr_post_excerpt":"","_fr_post_title":"Mellodermal baume r\u00e9parateur au miel interne","_es_post_content":"<p>Mellodermal crema cicatrizante de miel | Indoor es una pomada para heridas en perros, gatos y otras mascotas peque\u00f1as. Esta pomada apoya la recuperaci\u00f3n natural de la piel \u00e1spera o da\u00f1ada. La miel rica en antioxidantes y los extractos de plantas beneficiosas Mellodermal protegen la piel de la sequedad y calman la piel irritada. Tambi\u00e9n contiene extracto de Cardiospermum y, por lo tanto, es un extra calmante para pieles sensibles, lo que reduce r\u00e1pidamente las molestias.<\/p>\n<p><span style=\"text-decoration: underline;\">Administraci\u00f3n:<\/span><br \/>El frasco con bomba higi\u00e9nica hace que la pomada sea f\u00e1cil de aplicar. Antes de usar, limpie y seque la piel con un pa\u00f1uelo limpio. Roc\u00ede la pomada directamente de la botella de la bomba sobre la piel y luego exti\u00e9ndala en una capa delgada sobre las \u00e1reas afectadas con los dedos. Cubra las heridas m\u00e1s grandes o las manchas con una gasa est\u00e9ril o una tirita.<\/p>\n<p><span style=\"text-decoration: underline;\">Dosis:<\/span><br \/>En caso de dolencias agudas, aplicar dos veces al d\u00eda, en dolencias leves o para el cuidado, basta con frotar una vez al d\u00eda.<\/p>","_es_post_name":"mellodermal-crema-cicatrizante-de-miel-indoor","_es_post_excerpt":"","_es_post_title":"Mellodermal crema cicatrizante de miel | Indoor","edit_language":"nl"},"product_brand":[],"product_cat":[2209,1891,1861,1892,1117,2133,2115,2341,1974,1876,1845,1118,1871,1839,1937,1857,2177,1863,1893,2211],"product_tag":[],"class_list":{"0":"post-117953","1":"product","2":"type-product","3":"status-publish","4":"has-post-thumbnail","6":"product_cat-puppy-benodigdheden","7":"product_cat-benodigdheden","9":"product_cat-ehbo","10":"product_cat-honden","11":"product_cat-honingzalf","13":"product_cat-hotspot","15":"product_cat-huid-vacht","17":"product_cat-katten","18":"product_cat-medicijnen-supplementen","20":"product_cat-mellodermal","21":"product_cat-merken","22":"product_cat-puppy","23":"product_cat-verzorging","26":"pa_aandoening-huid_vacht","27":"pa_doeldier-hond","28":"pa_doeldier-kat","29":"pa_doeldier-knaagdier","30":"pa_doeldier-konijn","31":"pa_fabricatieland-nederland","32":"pa_merkfilter-mellodermal","33":"pa_merkgroep-phytotreat","34":"pa_productsoort-overig","35":"pa_toedieningswijze-zalf","36":"pa_werkzamestof-overig","38":"first","39":"instock","40":"taxable","41":"shipping-taxable","42":"product-type-grouped"},"yoast_head":"<!-- This site is optimized with the Yoast SEO plugin v27.5 - https:\/\/yoast.com\/product\/yoast-seo-wordpress\/ -->\n<title>Mellodermal honingzalf voor honden, katten en kleine huisdieren<\/title>\n<meta name=\"robots\" content=\"index, follow, max-snippet:-1, max-image-preview:large, max-video-preview:-1\" \/>\n<link rel=\"canonical\" href=\"https:\/\/p4p-nl.bootmine.com\/%product-slug%\/mellodermal-honingwondzalf-indoor\" \/>\n<meta property=\"og:locale\" content=\"nl_NL\" \/>\n<meta property=\"og:type\" content=\"article\" \/>\n<meta property=\"og:title\" content=\"Mellodermal honingzalf voor honden, katten en kleine huisdieren\" \/>\n<meta property=\"og:description\" content=\"Mellodermal Honingwondzalf Indoor Mellodermal Honingwondzalf Indoor is een honingzalf voor honden, katten en andere kleine huisdieren.\u00a0Deze zalf ondersteunt het natuurlijke herstel van de ruwe of beschadigde huid. De antioxidantrijke honing en heilzame plantenextracten Mellodermal beschermen de huid tegen uitdrogen en brengen de ge\u00efrriteerde huid tot rust. Het bevat ook\u00a0Cardiospermum-extract en is daardoor extra kalmerend voor [&hellip;]\" \/>\n<meta property=\"og:url\" content=\"https:\/\/p4p-nl.bootmine.com\/%product-slug%\/mellodermal-honingwondzalf-indoor\" \/>\n<meta property=\"og:site_name\" content=\"Pharmacy4pets\" \/>\n<meta property=\"article:publisher\" content=\"https:\/\/www.facebook.com\/people\/Pharmacy4petsnl\/100063484989896\/\" \/>\n<meta property=\"article:modified_time\" content=\"2026-03-25T11:57:08+00:00\" \/>\n<meta property=\"og:image\" content=\"https:\/\/p4p-nl.bootmine.com\/wp-content\/uploads\/2017\/06\/19193_3.jpg\" \/>\n\t<meta property=\"og:image:width\" content=\"700\" \/>\n\t<meta property=\"og:image:height\" content=\"700\" \/>\n\t<meta property=\"og:image:type\" content=\"image\/jpeg\" \/>\n<meta name=\"twitter:card\" content=\"summary_large_image\" \/>\n<meta name=\"twitter:label1\" content=\"Geschatte leestijd\" \/>\n\t<meta name=\"twitter:data1\" content=\"1 minuut\" \/>\n<script type=\"application\/ld+json\" class=\"yoast-schema-graph\">{\"@context\":\"https:\\\/\\\/schema.org\",\"@graph\":[{\"@type\":\"WebPage\",\"@id\":\"https:\\\/\\\/p4p-nl.bootmine.com\\\/%product-slug%\\\/mellodermal-honingwondzalf-indoor\",\"url\":\"https:\\\/\\\/p4p-nl.bootmine.com\\\/%product-slug%\\\/mellodermal-honingwondzalf-indoor\",\"name\":\"Mellodermal honingzalf voor honden, katten en kleine huisdieren\",\"isPartOf\":{\"@id\":\"http:\\\/\\\/www.pharmacy4pets.nl\\\/#website\"},\"primaryImageOfPage\":{\"@id\":\"https:\\\/\\\/p4p-nl.bootmine.com\\\/%product-slug%\\\/mellodermal-honingwondzalf-indoor#primaryimage\"},\"image\":{\"@id\":\"https:\\\/\\\/p4p-nl.bootmine.com\\\/%product-slug%\\\/mellodermal-honingwondzalf-indoor#primaryimage\"},\"thumbnailUrl\":\"https:\\\/\\\/www.pharmacy4pets.nl\\\/wp-content\\\/uploads\\\/2017\\\/06\\\/19193_3.jpg\",\"datePublished\":\"2017-06-29T13:15:45+00:00\",\"dateModified\":\"2026-03-25T11:57:08+00:00\",\"breadcrumb\":{\"@id\":\"https:\\\/\\\/p4p-nl.bootmine.com\\\/%product-slug%\\\/mellodermal-honingwondzalf-indoor#breadcrumb\"},\"inLanguage\":\"nl-NL\",\"potentialAction\":[{\"@type\":\"ReadAction\",\"target\":[\"https:\\\/\\\/p4p-nl.bootmine.com\\\/%product-slug%\\\/mellodermal-honingwondzalf-indoor\"]}]},{\"@type\":\"ImageObject\",\"inLanguage\":\"nl-NL\",\"@id\":\"https:\\\/\\\/p4p-nl.bootmine.com\\\/%product-slug%\\\/mellodermal-honingwondzalf-indoor#primaryimage\",\"url\":\"https:\\\/\\\/www.pharmacy4pets.nl\\\/wp-content\\\/uploads\\\/2017\\\/06\\\/19193_3.jpg\",\"contentUrl\":\"https:\\\/\\\/www.pharmacy4pets.nl\\\/wp-content\\\/uploads\\\/2017\\\/06\\\/19193_3.jpg\",\"width\":700,\"height\":700,\"caption\":\"Mellodermal\"},{\"@type\":\"BreadcrumbList\",\"@id\":\"https:\\\/\\\/p4p-nl.bootmine.com\\\/%product-slug%\\\/mellodermal-honingwondzalf-indoor#breadcrumb\",\"itemListElement\":[{\"@type\":\"ListItem\",\"position\":1,\"name\":\"Home\",\"item\":\"https:\\\/\\\/p4p-nl.bootmine.com\\\/\"},{\"@type\":\"ListItem\",\"position\":2,\"name\":\"Winkel\",\"item\":\"https:\\\/\\\/p4p-nl.bootmine.com\\\/winkel\"},{\"@type\":\"ListItem\",\"position\":3,\"name\":\"Mellodermal Honingwondzalf | Indoor\"}]},{\"@type\":\"WebSite\",\"@id\":\"http:\\\/\\\/www.pharmacy4pets.nl\\\/#website\",\"url\":\"http:\\\/\\\/www.pharmacy4pets.nl\\\/\",\"name\":\"Pharmacy4pets\",\"description\":\"Pharmacy4pets.nl is d\u00e9 online apotheek waar u terecht kunt voor alle diergeneesmiddelen, verzorgingsproducten en dieetvoeding voor uw huisdier.\",\"publisher\":{\"@id\":\"http:\\\/\\\/www.pharmacy4pets.nl\\\/#organization\"},\"potentialAction\":[{\"@type\":\"SearchAction\",\"target\":{\"@type\":\"EntryPoint\",\"urlTemplate\":\"http:\\\/\\\/www.pharmacy4pets.nl\\\/?s={search_term_string}\"},\"query-input\":{\"@type\":\"PropertyValueSpecification\",\"valueRequired\":true,\"valueName\":\"search_term_string\"}}],\"inLanguage\":\"nl-NL\"},{\"@type\":\"Organization\",\"@id\":\"http:\\\/\\\/www.pharmacy4pets.nl\\\/#organization\",\"name\":\"Pharmacy4pets\",\"url\":\"http:\\\/\\\/www.pharmacy4pets.nl\\\/\",\"logo\":{\"@type\":\"ImageObject\",\"inLanguage\":\"nl-NL\",\"@id\":\"http:\\\/\\\/www.pharmacy4pets.nl\\\/#\\\/schema\\\/logo\\\/image\\\/\",\"url\":\"https:\\\/\\\/p4p-nl.bootmine.com\\\/wp-content\\\/uploads\\\/2026\\\/03\\\/logo-pharmacy4pets.png\",\"contentUrl\":\"https:\\\/\\\/p4p-nl.bootmine.com\\\/wp-content\\\/uploads\\\/2026\\\/03\\\/logo-pharmacy4pets.png\",\"width\":1024,\"height\":135,\"caption\":\"Pharmacy4pets\"},\"image\":{\"@id\":\"http:\\\/\\\/www.pharmacy4pets.nl\\\/#\\\/schema\\\/logo\\\/image\\\/\"},\"sameAs\":[\"https:\\\/\\\/www.facebook.com\\\/people\\\/Pharmacy4petsnl\\\/100063484989896\\\/\",\"https:\\\/\\\/www.youtube.com\\\/channel\\\/UCGPTIgucgli03tP2_kvLkHg\\\/featured\",\"https:\\\/\\\/www.instagram.com\\\/pharmacy4pets.nl\"]}]}<\/script>\n<!-- \/ Yoast SEO plugin. -->","yoast_head_json":{"title":"Mellodermal honingzalf voor honden, katten en kleine huisdieren","robots":{"index":"index","follow":"follow","max-snippet":"max-snippet:-1","max-image-preview":"max-image-preview:large","max-video-preview":"max-video-preview:-1"},"canonical":"https:\/\/p4p-nl.bootmine.com\/%product-slug%\/mellodermal-honingwondzalf-indoor","og_locale":"nl_NL","og_type":"article","og_title":"Mellodermal honingzalf voor honden, katten en kleine huisdieren","og_description":"Mellodermal Honingwondzalf Indoor Mellodermal Honingwondzalf Indoor is een honingzalf voor honden, katten en andere kleine huisdieren.\u00a0Deze zalf ondersteunt het natuurlijke herstel van de ruwe of beschadigde huid. De antioxidantrijke honing en heilzame plantenextracten Mellodermal beschermen de huid tegen uitdrogen en brengen de ge\u00efrriteerde huid tot rust. Het bevat ook\u00a0Cardiospermum-extract en is daardoor extra kalmerend voor [&hellip;]","og_url":"https:\/\/p4p-nl.bootmine.com\/%product-slug%\/mellodermal-honingwondzalf-indoor","og_site_name":"Pharmacy4pets","article_publisher":"https:\/\/www.facebook.com\/people\/Pharmacy4petsnl\/100063484989896\/","article_modified_time":"2026-03-25T11:57:08+00:00","og_image":[{"width":700,"height":700,"url":"https:\/\/p4p-nl.bootmine.com\/wp-content\/uploads\/2017\/06\/19193_3.jpg","type":"image\/jpeg"}],"twitter_card":"summary_large_image","twitter_misc":{"Geschatte leestijd":"1 minuut"},"schema":{"@context":"https:\/\/schema.org","@graph":[{"@type":"WebPage","@id":"https:\/\/p4p-nl.bootmine.com\/%product-slug%\/mellodermal-honingwondzalf-indoor","url":"https:\/\/p4p-nl.bootmine.com\/%product-slug%\/mellodermal-honingwondzalf-indoor","name":"Mellodermal honingzalf voor honden, katten en kleine huisdieren","isPartOf":{"@id":"http:\/\/www.pharmacy4pets.nl\/#website"},"primaryImageOfPage":{"@id":"https:\/\/p4p-nl.bootmine.com\/%product-slug%\/mellodermal-honingwondzalf-indoor#primaryimage"},"image":{"@id":"https:\/\/p4p-nl.bootmine.com\/%product-slug%\/mellodermal-honingwondzalf-indoor#primaryimage"},"thumbnailUrl":"https:\/\/www.pharmacy4pets.nl\/wp-content\/uploads\/2017\/06\/19193_3.jpg","datePublished":"2017-06-29T13:15:45+00:00","dateModified":"2026-03-25T11:57:08+00:00","breadcrumb":{"@id":"https:\/\/p4p-nl.bootmine.com\/%product-slug%\/mellodermal-honingwondzalf-indoor#breadcrumb"},"inLanguage":"nl-NL","potentialAction":[{"@type":"ReadAction","target":["https:\/\/p4p-nl.bootmine.com\/%product-slug%\/mellodermal-honingwondzalf-indoor"]}]},{"@type":"ImageObject","inLanguage":"nl-NL","@id":"https:\/\/p4p-nl.bootmine.com\/%product-slug%\/mellodermal-honingwondzalf-indoor#primaryimage","url":"https:\/\/www.pharmacy4pets.nl\/wp-content\/uploads\/2017\/06\/19193_3.jpg","contentUrl":"https:\/\/www.pharmacy4pets.nl\/wp-content\/uploads\/2017\/06\/19193_3.jpg","width":700,"height":700,"caption":"Mellodermal"},{"@type":"BreadcrumbList","@id":"https:\/\/p4p-nl.bootmine.com\/%product-slug%\/mellodermal-honingwondzalf-indoor#breadcrumb","itemListElement":[{"@type":"ListItem","position":1,"name":"Home","item":"https:\/\/p4p-nl.bootmine.com\/"},{"@type":"ListItem","position":2,"name":"Winkel","item":"https:\/\/p4p-nl.bootmine.com\/winkel"},{"@type":"ListItem","position":3,"name":"Mellodermal Honingwondzalf | Indoor"}]},{"@type":"WebSite","@id":"http:\/\/www.pharmacy4pets.nl\/#website","url":"http:\/\/www.pharmacy4pets.nl\/","name":"Pharmacy4pets","description":"Pharmacy4pets.nl is d\u00e9 online apotheek waar u terecht kunt voor alle diergeneesmiddelen, verzorgingsproducten en dieetvoeding voor uw huisdier.","publisher":{"@id":"http:\/\/www.pharmacy4pets.nl\/#organization"},"potentialAction":[{"@type":"SearchAction","target":{"@type":"EntryPoint","urlTemplate":"http:\/\/www.pharmacy4pets.nl\/?s={search_term_string}"},"query-input":{"@type":"PropertyValueSpecification","valueRequired":true,"valueName":"search_term_string"}}],"inLanguage":"nl-NL"},{"@type":"Organization","@id":"http:\/\/www.pharmacy4pets.nl\/#organization","name":"Pharmacy4pets","url":"http:\/\/www.pharmacy4pets.nl\/","logo":{"@type":"ImageObject","inLanguage":"nl-NL","@id":"http:\/\/www.pharmacy4pets.nl\/#\/schema\/logo\/image\/","url":"https:\/\/p4p-nl.bootmine.com\/wp-content\/uploads\/2026\/03\/logo-pharmacy4pets.png","contentUrl":"https:\/\/p4p-nl.bootmine.com\/wp-content\/uploads\/2026\/03\/logo-pharmacy4pets.png","width":1024,"height":135,"caption":"Pharmacy4pets"},"image":{"@id":"http:\/\/www.pharmacy4pets.nl\/#\/schema\/logo\/image\/"},"sameAs":["https:\/\/www.facebook.com\/people\/Pharmacy4petsnl\/100063484989896\/","https:\/\/www.youtube.com\/channel\/UCGPTIgucgli03tP2_kvLkHg\/featured","https:\/\/www.instagram.com\/pharmacy4pets.nl"]}]}},"market_data":{"nl":{"price":0,"sale_price":0,"active":false,"url":null,"parent_url":"","tax_rate":0,"price_inc_tax":0,"sale_price_inc_tax":0},"de":{"price":0,"sale_price":0,"active":false,"url":null,"parent_url":"","tax_rate":0,"price_inc_tax":0,"sale_price_inc_tax":0},"be":{"price":0,"sale_price":0,"active":false,"url":null,"parent_url":"","tax_rate":0,"price_inc_tax":0,"sale_price_inc_tax":0},"fr":{"price":0,"sale_price":0,"active":false,"url":null,"parent_url":"","tax_rate":0,"price_inc_tax":0,"sale_price_inc_tax":0},"ch":{"price":0,"sale_price":0,"active":false,"url":null,"parent_url":"","tax_rate":0,"price_inc_tax":0,"sale_price_inc_tax":0},"at":{"price":0,"sale_price":0,"active":false,"url":null,"parent_url":"","tax_rate":0,"price_inc_tax":0,"sale_price_inc_tax":0},"es":{"price":0,"sale_price":0,"active":false,"url":null,"parent_url":"","tax_rate":0,"price_inc_tax":0,"sale_price_inc_tax":0},"dk":{"price":0,"sale_price":0,"active":false,"url":null,"parent_url":"","tax_rate":0,"price_inc_tax":0,"sale_price_inc_tax":0},"com":{"price":0,"sale_price":0,"active":false,"url":null,"parent_url":"","tax_rate":0,"price_inc_tax":0,"sale_price_inc_tax":0}},"market_nl_price":0,"market_nl_sale_price":0,"market_nl_active":false,"market_nl_url":null,"market_nl_parent_url":"","market_nl_tax_rate":0,"market_nl_price_inc_tax":0,"market_nl_sale_price_inc_tax":0,"market_de_price":0,"market_de_sale_price":0,"market_de_active":false,"market_de_url":null,"market_de_parent_url":"","market_de_tax_rate":0,"market_de_price_inc_tax":0,"market_de_sale_price_inc_tax":0,"market_be_price":0,"market_be_sale_price":0,"market_be_active":false,"market_be_url":null,"market_be_parent_url":"","market_be_tax_rate":0,"market_be_price_inc_tax":0,"market_be_sale_price_inc_tax":0,"market_fr_price":0,"market_fr_sale_price":0,"market_fr_active":false,"market_fr_url":null,"market_fr_parent_url":"","market_fr_tax_rate":0,"market_fr_price_inc_tax":0,"market_fr_sale_price_inc_tax":0,"market_ch_price":0,"market_ch_sale_price":0,"market_ch_active":false,"market_ch_url":null,"market_ch_parent_url":"","market_ch_tax_rate":0,"market_ch_price_inc_tax":0,"market_ch_sale_price_inc_tax":0,"market_at_price":0,"market_at_sale_price":0,"market_at_active":false,"market_at_url":null,"market_at_parent_url":"","market_at_tax_rate":0,"market_at_price_inc_tax":0,"market_at_sale_price_inc_tax":0,"market_es_price":0,"market_es_sale_price":0,"market_es_active":false,"market_es_url":null,"market_es_parent_url":"","market_es_tax_rate":0,"market_es_price_inc_tax":0,"market_es_sale_price_inc_tax":0,"market_dk_price":0,"market_dk_sale_price":0,"market_dk_active":false,"market_dk_url":null,"market_dk_parent_url":"","market_dk_tax_rate":0,"market_dk_price_inc_tax":0,"market_dk_sale_price_inc_tax":0,"market_com_price":0,"market_com_sale_price":0,"market_com_active":false,"market_com_url":null,"market_com_parent_url":"","market_com_tax_rate":0,"market_com_price_inc_tax":0,"market_com_sale_price_inc_tax":0,"acf":[],"_links":{"self":[{"href":"https:\/\/www.pharmacy4pets.nl\/be\/wp-json\/wp\/v2\/product\/117953","targetHints":{"allow":["GET"]}}],"collection":[{"href":"https:\/\/www.pharmacy4pets.nl\/be\/wp-json\/wp\/v2\/product"}],"about":[{"href":"https:\/\/www.pharmacy4pets.nl\/be\/wp-json\/wp\/v2\/types\/product"}],"replies":[{"embeddable":true,"href":"https:\/\/www.pharmacy4pets.nl\/be\/wp-json\/wp\/v2\/comments?post=117953"}],"wp:featuredmedia":[{"embeddable":true,"href":"https:\/\/www.pharmacy4pets.nl\/be\/wp-json\/wp\/v2\/media\/117950"}],"wp:attachment":[{"href":"https:\/\/www.pharmacy4pets.nl\/be\/wp-json\/wp\/v2\/media?parent=117953"}],"wp:term":[{"taxonomy":"product_brand","embeddable":true,"href":"https:\/\/www.pharmacy4pets.nl\/be\/wp-json\/wp\/v2\/product_brand?post=117953"},{"taxonomy":"product_cat","embeddable":true,"href":"https:\/\/www.pharmacy4pets.nl\/be\/wp-json\/wp\/v2\/product_cat?post=117953"},{"taxonomy":"product_tag","embeddable":true,"href":"https:\/\/www.pharmacy4pets.nl\/be\/wp-json\/wp\/v2\/product_tag?post=117953"}],"curies":[{"name":"wp","href":"https:\/\/api.w.org\/{rel}","templated":true}]}}