{"id":117941,"date":"2017-06-29T13:02:33","date_gmt":"2017-06-29T13:02:33","guid":{"rendered":"https:\/\/p4p.test\/mellodermal-honingwondzalf-indoor-100ml-2"},"modified":"2026-04-14T08:02:34","modified_gmt":"2026-04-14T08:02:34","slug":"mellodermal-honingwondzalf-indoor-100ml","status":"publish","type":"product","link":"https:\/\/www.pharmacy4pets.nl\/be\/mellodermal-honingwondzalf-indoor-100ml","title":{"rendered":"Mellodermal Honingwondzalf | Indoor 100ml"},"content":{"rendered":"<p>Mellodermal Honingwondzalf | Indoor 100ml is een wondzalf voor honden, katten en andere kleine huisdieren.&nbsp;<span>Deze zalf ondersteunt het natuurlijke herstel van de ruwe of beschadigde huid. De antioxidantrijke honing en heilzame plantenextracten Mellodermal beschermen de huid tegen uitdrogen en brengen de ge&iuml;rriteerde huid tot rust. Het bevat ook&nbsp;<\/span>Cardiospermum<span>-extract en is daardoor extra kalmerend voor de gevoelige huid waardoor de overlast snel afneemt.<\/span><\/p>\n<p><span style=\"text-decoration: underline;\">Toediening:<br \/><\/span><span><span>Door de hygi&euml;nische pompflacon is de zalf gemakkelijk aan te brengen.&nbsp;Voor gebruik de huid reinigen en drogen met een schone tissue.&nbsp;Spuit de zalf direct vanuit de pompflacon op de huid en verspreid daarna met de vingers tot een dunne laag over de aangedane plekken. Grotere wonden of smetplekken afdekken met een steriel gaasje of een pleister.&nbsp;<\/span><\/span><\/p>\n<p><span style=\"text-decoration: underline;\">Dosering:<br \/><\/span>Bij acute klachten tweemaal daags aanbrengen, bij milde klachten of ter verzorging volstaat eenmaal daags insmeren.&nbsp;<\/p>\n<p><span><span style=\"text-decoration: underline;\">Verpakking:<\/span><br \/><\/span>De verpakking bevat 100 ml.<\/p>\n","protected":false},"excerpt":{"rendered":"<p>Mellodermal Honingwondzalf | Indoor 100ml is een wondzalf voor honden, katten en andere kleine huisdieren.&nbsp;Deze zalf ondersteunt het natuurlijke herstel van de ruwe of beschadigde huid. De antioxidantrijke honing en heilzame plantenextracten Mellodermal beschermen de huid tegen uitdrogen en brengen de ge&iuml;rriteerde huid tot rust. Het bevat ook&nbsp;Cardiospermum-extract en is daardoor extra kalmerend voor de [&hellip;]<\/p>\n","protected":false},"featured_media":117936,"comment_status":"open","ping_status":"closed","template":"","meta":{"_acf_changed":false,"_nl_post_content":"Mellodermal Honingwondzalf | Indoor 100ml is een wondzalf voor honden, katten en andere kleine huisdieren.&nbsp;<span>Deze zalf ondersteunt het natuurlijke herstel van de ruwe of beschadigde huid. De antioxidantrijke honing en heilzame plantenextracten Mellodermal beschermen de huid tegen uitdrogen en brengen de ge&iuml;rriteerde huid tot rust. Het bevat ook&nbsp;<\/span>Cardiospermum<span>-extract en is daardoor extra kalmerend voor de gevoelige huid waardoor de overlast snel afneemt.<\/span><\/p>\r\n<p><span style=\"text-decoration: underline;\">Toediening:<br \/><\/span><span><span>Door de hygi&euml;nische pompflacon is de zalf gemakkelijk aan te brengen.&nbsp;Voor gebruik de huid reinigen en drogen met een schone tissue.&nbsp;Spuit de zalf direct vanuit de pompflacon op de huid en verspreid daarna met de vingers tot een dunne laag over de aangedane plekken. Grotere wonden of smetplekken afdekken met een steriel gaasje of een pleister.&nbsp;<\/span><\/span><\/p>\r\n<p><span style=\"text-decoration: underline;\">Dosering:<br \/><\/span>Bij acute klachten tweemaal daags aanbrengen, bij milde klachten of ter verzorging volstaat eenmaal daags insmeren.&nbsp;<\/p>\r\n<p><span><span style=\"text-decoration: underline;\">Verpakking:<\/span><br \/><\/span>De verpakking bevat 100 ml.<\/p>","_nl_post_name":"mellodermal-honingwondzalf-indoor-100ml","_nl_post_excerpt":"","_nl_post_title":"Mellodermal Honingwondzalf | Indoor 100ml","_en_post_content":"Mellodermal Honey Ointment | Indoor 100ml is a woundointment for dogs, cats and other small pets. This ointment supports the natural recovery of damaged skinn. The honey provides protection against dehydration and clams the irritated skinn.&nbsp;<\/p>\r\n<p><span style=\"text-decoration: underline;\">Administration:<br \/><\/span><span><span>Clean the skin&nbsp;&nbsp;to remove dirt and dead skin, and dry thoroughly. Cover sores or irritated skin, preferably with gauze.<\/span><\/span><\/p>\r\n<p><span style=\"text-decoration: underline;\">Dosage:<br \/><\/span><span>During acute symptoms use twice daily. For general care, once daily will suffice.&nbsp;<\/span><\/p>\r\n<p><span style=\"text-decoration: underline;\">Package:<br \/><\/span>The package contains 100 ml.<\/p>","_en_post_name":"mellodermal-honingwondzalf-indoor-100ml","_en_post_excerpt":"","_en_post_title":"Mellodermal Honey Ointment | Indoor 100ml","_de_post_content":"<p>Mellodermal Honigsalbe | Indoor 30ml ist ein Wundsalbe f&uuml;r Hunde, Katzen und anderen Kleintieren. Diese Salbe unterstuzt&nbsp;<span>die nat&uuml;rliche Genesung der verletzte und irritierte Haut.<\/span><\/p>\r\n<p><span style=\"text-decoration: underline;\">Anwendung:<br \/><\/span>Reinigen Sie die Haut um Schmutz und abgestorbene Haut zu entfernen und trocknen Sie diese anschlie&szlig;end gut ab. Decken Sie die Wunden oder die irritierte Haut vorzugsweise mit einem verband ab.<\/p>\r\n<p><span style=\"text-decoration: underline;\">Dosierung:<br \/><\/span><span>Bei akuten Beschwerden zweimal t&auml;glich auftragen, zur Versorgung reicht eine Behandlung einmal t&auml;glich.<\/span><\/p>\r\n<p><span><span style=\"text-decoration: underline;\">Verpackung:<\/span><br \/><\/span>Die Verpackung enth&auml;lt 100 ml.<\/p>","_de_post_name":"mellodermal-honingwondzalf-indoor-100ml","_de_post_excerpt":"","_de_post_title":"Mellodermal Honigsalbe | Indoor 100ml","_fr_post_content":"<p>Mellodermal baume r\u00e9parateur au miel de 100ml est une pommade pour les blessures des chiens, des chats et autres petits animaux de compagnie.\u00a0Cette pommade favorise le r\u00e9tablissement naturel de la peau rugueuse ou endommag\u00e9e. Le miel riche en antioxydants et les extraits de plantes b\u00e9n\u00e9fiques Mellodermal prot\u00e8gent la peau du dess\u00e8chement et calment les peaux irrit\u00e9es. Il contient \u00e9galement de l'extrait de Cardiospermum et est donc tr\u00e8s apaisant pour les peaux sensibles, ce qui r\u00e9duit rapidement les d\u00e9sagr\u00e9ments.<\/p>\r\n<p><span style=\"text-decoration: underline;\">Administration :<\/span><br \/>Le flacon pompe hygi\u00e9nique facilite l'application de la pommade.\u00a0Avant l'utilisation, nettoyez et s\u00e9chez la peau avec un mouchoir en papier propre.\u00a0Vaporisez la pommade directement du flacon-pompe sur la peau, puis \u00e9talez-la avec les doigts en une fine couche sur les zones affect\u00e9es. Couvrez les plaies plus importantes ou les imperfections avec une compresse de gaze st\u00e9rile ou un sparadrap.\u00a0<\/p>\r\n<p><span style=\"text-decoration: underline;\">Dosage :<\/span><br \/>En cas d'affections aigu\u00ebs, appliquer deux fois par jour, en cas d'affections l\u00e9g\u00e8res ou pour les soins, une application quotidienne suffit.\u00a0<\/p>\r\n<p><span style=\"text-decoration: underline;\">Emballage :<\/span><br \/>L'emballage contient 100 ml.<\/p>","_fr_post_name":"mellodermal-honingwondzalf-indoor-100ml","_fr_post_excerpt":"","_fr_post_title":"Mellodermal baume r\u00e9parateur au miel 100 ml","_es_post_content":"<p>Mellodermal crema cicatrizante de miel | Indoor 100 ml es una pomada para heridas en perros, gatos y otras mascotas peque\u00f1as. Esta pomada apoya la recuperaci\u00f3n natural de la piel \u00e1spera o da\u00f1ada. La miel rica en antioxidantes y los extractos de plantas beneficiosas de Mellodermal protegen la piel de la sequedad y alivian la piel irritada. Tambi\u00e9n contiene extracto de Cardiospermum y, por lo tanto, es un calmante adicional para la piel sensible, reduciendo r\u00e1pidamente las molestias.<\/p>\r\n<p><span style=\"text-decoration: underline;\">Administraci\u00f3n:<\/span><br \/>El frasco con bomba higi\u00e9nica hace que la pomada sea f\u00e1cil de aplicar. Limpie y seque la piel con un pa\u00f1uelo limpio antes de usar. Roc\u00ede la pomada directamente de la botella de la bomba sobre la piel y luego exti\u00e9ndala sobre las \u00e1reas afectadas con los dedos. Cubra las heridas o manchas m\u00e1s grandes con una gasa est\u00e9ril o un vendaje.<\/p>\r\n<p><span style=\"text-decoration: underline;\">Dosis:<\/span><br \/>En condiciones agudas aplicar dos veces al d\u00eda, en condiciones leves o para cuidados basta con frotar una vez al d\u00eda.<\/p>\r\n<p><span style=\"text-decoration: underline;\">Embalaje:<\/span><br \/>100 ml.<\/p>","_es_post_name":"mellodermal-crema-cicatrizante-de-miel-indoor-100-ml","_es_post_excerpt":"","_es_post_title":"Mellodermal crema cicatrizante de miel | Indoor 100 ml","edit_language":"nl"},"product_brand":[],"product_cat":[1891,1861,1892,1862,1117,2115,1974,1845,1118,1839,1937,1857,1893,1863],"product_tag":[],"class_list":{"0":"post-117941","1":"product","2":"type-product","3":"status-publish","4":"has-post-thumbnail","6":"product_cat-benodigdheden","8":"product_cat-ehbo","10":"product_cat-honden","11":"product_cat-honingzalf","12":"product_cat-hotspot","13":"product_cat-huid-vacht","14":"product_cat-katten","15":"product_cat-medicijnen-supplementen","16":"product_cat-mellodermal","17":"product_cat-merken","18":"product_cat-verzorging","20":"pa_aandoening-huid_vacht","21":"pa_doeldier-hond","22":"pa_doeldier-kat","23":"pa_doeldier-knaagdier","24":"pa_doeldier-konijn","25":"pa_fabricatieland-nederland","26":"pa_merkfilter-mellodermal","27":"pa_merkgroep-phytotreat","28":"pa_productsoort-overig","29":"pa_toedieningswijze-zalf","30":"pa_unit_pricing_base_measure-10ml","31":"pa_unit_pricing_measure-100ml","32":"pa_werkzamestof-overig","34":"first","35":"instock","36":"taxable","37":"shipping-taxable","38":"purchasable","39":"product-type-simple"},"yoast_head":"<!-- This site is optimized with the Yoast SEO plugin v27.5 - https:\/\/yoast.com\/product\/yoast-seo-wordpress\/ -->\n<title>Mellodermal Honingwondzalf | Indoor 100ml - Pharmacy4pets<\/title>\n<meta name=\"robots\" content=\"index, follow, max-snippet:-1, max-image-preview:large, max-video-preview:-1\" \/>\n<link rel=\"canonical\" href=\"https:\/\/p4p-nl.bootmine.com\/%product-slug%\/mellodermal-honingwondzalf-indoor-100ml\" \/>\n<meta property=\"og:locale\" content=\"nl_NL\" \/>\n<meta property=\"og:type\" content=\"article\" \/>\n<meta property=\"og:title\" content=\"Mellodermal Honingwondzalf | Indoor 100ml - Pharmacy4pets\" \/>\n<meta property=\"og:description\" content=\"Mellodermal Honingwondzalf | Indoor 100ml is een wondzalf voor honden, katten en andere kleine huisdieren.&nbsp;Deze zalf ondersteunt het natuurlijke herstel van de ruwe of beschadigde huid. De antioxidantrijke honing en heilzame plantenextracten Mellodermal beschermen de huid tegen uitdrogen en brengen de ge&iuml;rriteerde huid tot rust. Het bevat ook&nbsp;Cardiospermum-extract en is daardoor extra kalmerend voor de [&hellip;]\" \/>\n<meta property=\"og:url\" content=\"https:\/\/p4p-nl.bootmine.com\/%product-slug%\/mellodermal-honingwondzalf-indoor-100ml\" \/>\n<meta property=\"og:site_name\" content=\"Pharmacy4pets\" \/>\n<meta property=\"article:publisher\" content=\"https:\/\/www.facebook.com\/people\/Pharmacy4petsnl\/100063484989896\/\" \/>\n<meta property=\"article:modified_time\" content=\"2026-04-14T08:02:34+00:00\" \/>\n<meta property=\"og:image\" content=\"https:\/\/p4p-nl.bootmine.com\/wp-content\/uploads\/2017\/06\/20060_mellodermal_100ml_slagschaduw.jpg\" \/>\n\t<meta property=\"og:image:width\" content=\"211\" \/>\n\t<meta property=\"og:image:height\" content=\"317\" \/>\n\t<meta property=\"og:image:type\" content=\"image\/jpeg\" \/>\n<meta name=\"twitter:card\" content=\"summary_large_image\" \/>\n<meta name=\"twitter:label1\" content=\"Geschatte leestijd\" \/>\n\t<meta name=\"twitter:data1\" content=\"1 minuut\" \/>\n<script type=\"application\/ld+json\" class=\"yoast-schema-graph\">{\"@context\":\"https:\\\/\\\/schema.org\",\"@graph\":[{\"@type\":\"WebPage\",\"@id\":\"https:\\\/\\\/p4p-nl.bootmine.com\\\/%product-slug%\\\/mellodermal-honingwondzalf-indoor-100ml\",\"url\":\"https:\\\/\\\/p4p-nl.bootmine.com\\\/%product-slug%\\\/mellodermal-honingwondzalf-indoor-100ml\",\"name\":\"Mellodermal Honingwondzalf | Indoor 100ml - Pharmacy4pets\",\"isPartOf\":{\"@id\":\"http:\\\/\\\/www.pharmacy4pets.nl\\\/#website\"},\"primaryImageOfPage\":{\"@id\":\"https:\\\/\\\/p4p-nl.bootmine.com\\\/%product-slug%\\\/mellodermal-honingwondzalf-indoor-100ml#primaryimage\"},\"image\":{\"@id\":\"https:\\\/\\\/p4p-nl.bootmine.com\\\/%product-slug%\\\/mellodermal-honingwondzalf-indoor-100ml#primaryimage\"},\"thumbnailUrl\":\"https:\\\/\\\/www.pharmacy4pets.nl\\\/wp-content\\\/uploads\\\/2017\\\/06\\\/20060_mellodermal_100ml_slagschaduw.jpg\",\"datePublished\":\"2017-06-29T13:02:33+00:00\",\"dateModified\":\"2026-04-14T08:02:34+00:00\",\"breadcrumb\":{\"@id\":\"https:\\\/\\\/p4p-nl.bootmine.com\\\/%product-slug%\\\/mellodermal-honingwondzalf-indoor-100ml#breadcrumb\"},\"inLanguage\":\"nl-NL\",\"potentialAction\":[{\"@type\":\"ReadAction\",\"target\":[\"https:\\\/\\\/p4p-nl.bootmine.com\\\/%product-slug%\\\/mellodermal-honingwondzalf-indoor-100ml\"]}]},{\"@type\":\"ImageObject\",\"inLanguage\":\"nl-NL\",\"@id\":\"https:\\\/\\\/p4p-nl.bootmine.com\\\/%product-slug%\\\/mellodermal-honingwondzalf-indoor-100ml#primaryimage\",\"url\":\"https:\\\/\\\/www.pharmacy4pets.nl\\\/wp-content\\\/uploads\\\/2017\\\/06\\\/20060_mellodermal_100ml_slagschaduw.jpg\",\"contentUrl\":\"https:\\\/\\\/www.pharmacy4pets.nl\\\/wp-content\\\/uploads\\\/2017\\\/06\\\/20060_mellodermal_100ml_slagschaduw.jpg\",\"width\":211,\"height\":317,\"caption\":\"Mellodermal\"},{\"@type\":\"BreadcrumbList\",\"@id\":\"https:\\\/\\\/p4p-nl.bootmine.com\\\/%product-slug%\\\/mellodermal-honingwondzalf-indoor-100ml#breadcrumb\",\"itemListElement\":[{\"@type\":\"ListItem\",\"position\":1,\"name\":\"Home\",\"item\":\"https:\\\/\\\/p4p-nl.bootmine.com\\\/\"},{\"@type\":\"ListItem\",\"position\":2,\"name\":\"Winkel\",\"item\":\"https:\\\/\\\/p4p-nl.bootmine.com\\\/winkel\"},{\"@type\":\"ListItem\",\"position\":3,\"name\":\"Mellodermal Honingwondzalf | Indoor 100ml\"}]},{\"@type\":\"WebSite\",\"@id\":\"http:\\\/\\\/www.pharmacy4pets.nl\\\/#website\",\"url\":\"http:\\\/\\\/www.pharmacy4pets.nl\\\/\",\"name\":\"Pharmacy4pets\",\"description\":\"Pharmacy4pets.nl is d\u00e9 online apotheek waar u terecht kunt voor alle diergeneesmiddelen, verzorgingsproducten en dieetvoeding voor uw huisdier.\",\"publisher\":{\"@id\":\"http:\\\/\\\/www.pharmacy4pets.nl\\\/#organization\"},\"potentialAction\":[{\"@type\":\"SearchAction\",\"target\":{\"@type\":\"EntryPoint\",\"urlTemplate\":\"http:\\\/\\\/www.pharmacy4pets.nl\\\/?s={search_term_string}\"},\"query-input\":{\"@type\":\"PropertyValueSpecification\",\"valueRequired\":true,\"valueName\":\"search_term_string\"}}],\"inLanguage\":\"nl-NL\"},{\"@type\":\"Organization\",\"@id\":\"http:\\\/\\\/www.pharmacy4pets.nl\\\/#organization\",\"name\":\"Pharmacy4pets\",\"url\":\"http:\\\/\\\/www.pharmacy4pets.nl\\\/\",\"logo\":{\"@type\":\"ImageObject\",\"inLanguage\":\"nl-NL\",\"@id\":\"http:\\\/\\\/www.pharmacy4pets.nl\\\/#\\\/schema\\\/logo\\\/image\\\/\",\"url\":\"https:\\\/\\\/p4p-nl.bootmine.com\\\/wp-content\\\/uploads\\\/2026\\\/03\\\/logo-pharmacy4pets.png\",\"contentUrl\":\"https:\\\/\\\/p4p-nl.bootmine.com\\\/wp-content\\\/uploads\\\/2026\\\/03\\\/logo-pharmacy4pets.png\",\"width\":1024,\"height\":135,\"caption\":\"Pharmacy4pets\"},\"image\":{\"@id\":\"http:\\\/\\\/www.pharmacy4pets.nl\\\/#\\\/schema\\\/logo\\\/image\\\/\"},\"sameAs\":[\"https:\\\/\\\/www.facebook.com\\\/people\\\/Pharmacy4petsnl\\\/100063484989896\\\/\",\"https:\\\/\\\/www.youtube.com\\\/channel\\\/UCGPTIgucgli03tP2_kvLkHg\\\/featured\",\"https:\\\/\\\/www.instagram.com\\\/pharmacy4pets.nl\"]}]}<\/script>\n<!-- \/ Yoast SEO plugin. -->","yoast_head_json":{"title":"Mellodermal Honingwondzalf | Indoor 100ml - Pharmacy4pets","robots":{"index":"index","follow":"follow","max-snippet":"max-snippet:-1","max-image-preview":"max-image-preview:large","max-video-preview":"max-video-preview:-1"},"canonical":"https:\/\/p4p-nl.bootmine.com\/%product-slug%\/mellodermal-honingwondzalf-indoor-100ml","og_locale":"nl_NL","og_type":"article","og_title":"Mellodermal Honingwondzalf | Indoor 100ml - Pharmacy4pets","og_description":"Mellodermal Honingwondzalf | Indoor 100ml is een wondzalf voor honden, katten en andere kleine huisdieren.&nbsp;Deze zalf ondersteunt het natuurlijke herstel van de ruwe of beschadigde huid. De antioxidantrijke honing en heilzame plantenextracten Mellodermal beschermen de huid tegen uitdrogen en brengen de ge&iuml;rriteerde huid tot rust. Het bevat ook&nbsp;Cardiospermum-extract en is daardoor extra kalmerend voor de [&hellip;]","og_url":"https:\/\/p4p-nl.bootmine.com\/%product-slug%\/mellodermal-honingwondzalf-indoor-100ml","og_site_name":"Pharmacy4pets","article_publisher":"https:\/\/www.facebook.com\/people\/Pharmacy4petsnl\/100063484989896\/","article_modified_time":"2026-04-14T08:02:34+00:00","og_image":[{"width":211,"height":317,"url":"https:\/\/p4p-nl.bootmine.com\/wp-content\/uploads\/2017\/06\/20060_mellodermal_100ml_slagschaduw.jpg","type":"image\/jpeg"}],"twitter_card":"summary_large_image","twitter_misc":{"Geschatte leestijd":"1 minuut"},"schema":{"@context":"https:\/\/schema.org","@graph":[{"@type":"WebPage","@id":"https:\/\/p4p-nl.bootmine.com\/%product-slug%\/mellodermal-honingwondzalf-indoor-100ml","url":"https:\/\/p4p-nl.bootmine.com\/%product-slug%\/mellodermal-honingwondzalf-indoor-100ml","name":"Mellodermal Honingwondzalf | Indoor 100ml - Pharmacy4pets","isPartOf":{"@id":"http:\/\/www.pharmacy4pets.nl\/#website"},"primaryImageOfPage":{"@id":"https:\/\/p4p-nl.bootmine.com\/%product-slug%\/mellodermal-honingwondzalf-indoor-100ml#primaryimage"},"image":{"@id":"https:\/\/p4p-nl.bootmine.com\/%product-slug%\/mellodermal-honingwondzalf-indoor-100ml#primaryimage"},"thumbnailUrl":"https:\/\/www.pharmacy4pets.nl\/wp-content\/uploads\/2017\/06\/20060_mellodermal_100ml_slagschaduw.jpg","datePublished":"2017-06-29T13:02:33+00:00","dateModified":"2026-04-14T08:02:34+00:00","breadcrumb":{"@id":"https:\/\/p4p-nl.bootmine.com\/%product-slug%\/mellodermal-honingwondzalf-indoor-100ml#breadcrumb"},"inLanguage":"nl-NL","potentialAction":[{"@type":"ReadAction","target":["https:\/\/p4p-nl.bootmine.com\/%product-slug%\/mellodermal-honingwondzalf-indoor-100ml"]}]},{"@type":"ImageObject","inLanguage":"nl-NL","@id":"https:\/\/p4p-nl.bootmine.com\/%product-slug%\/mellodermal-honingwondzalf-indoor-100ml#primaryimage","url":"https:\/\/www.pharmacy4pets.nl\/wp-content\/uploads\/2017\/06\/20060_mellodermal_100ml_slagschaduw.jpg","contentUrl":"https:\/\/www.pharmacy4pets.nl\/wp-content\/uploads\/2017\/06\/20060_mellodermal_100ml_slagschaduw.jpg","width":211,"height":317,"caption":"Mellodermal"},{"@type":"BreadcrumbList","@id":"https:\/\/p4p-nl.bootmine.com\/%product-slug%\/mellodermal-honingwondzalf-indoor-100ml#breadcrumb","itemListElement":[{"@type":"ListItem","position":1,"name":"Home","item":"https:\/\/p4p-nl.bootmine.com\/"},{"@type":"ListItem","position":2,"name":"Winkel","item":"https:\/\/p4p-nl.bootmine.com\/winkel"},{"@type":"ListItem","position":3,"name":"Mellodermal Honingwondzalf | Indoor 100ml"}]},{"@type":"WebSite","@id":"http:\/\/www.pharmacy4pets.nl\/#website","url":"http:\/\/www.pharmacy4pets.nl\/","name":"Pharmacy4pets","description":"Pharmacy4pets.nl is d\u00e9 online apotheek waar u terecht kunt voor alle diergeneesmiddelen, verzorgingsproducten en dieetvoeding voor uw huisdier.","publisher":{"@id":"http:\/\/www.pharmacy4pets.nl\/#organization"},"potentialAction":[{"@type":"SearchAction","target":{"@type":"EntryPoint","urlTemplate":"http:\/\/www.pharmacy4pets.nl\/?s={search_term_string}"},"query-input":{"@type":"PropertyValueSpecification","valueRequired":true,"valueName":"search_term_string"}}],"inLanguage":"nl-NL"},{"@type":"Organization","@id":"http:\/\/www.pharmacy4pets.nl\/#organization","name":"Pharmacy4pets","url":"http:\/\/www.pharmacy4pets.nl\/","logo":{"@type":"ImageObject","inLanguage":"nl-NL","@id":"http:\/\/www.pharmacy4pets.nl\/#\/schema\/logo\/image\/","url":"https:\/\/p4p-nl.bootmine.com\/wp-content\/uploads\/2026\/03\/logo-pharmacy4pets.png","contentUrl":"https:\/\/p4p-nl.bootmine.com\/wp-content\/uploads\/2026\/03\/logo-pharmacy4pets.png","width":1024,"height":135,"caption":"Pharmacy4pets"},"image":{"@id":"http:\/\/www.pharmacy4pets.nl\/#\/schema\/logo\/image\/"},"sameAs":["https:\/\/www.facebook.com\/people\/Pharmacy4petsnl\/100063484989896\/","https:\/\/www.youtube.com\/channel\/UCGPTIgucgli03tP2_kvLkHg\/featured","https:\/\/www.instagram.com\/pharmacy4pets.nl"]}]}},"market_data":{"nl":{"price":0,"sale_price":0,"active":false,"url":null,"parent_url":"","tax_rate":0,"price_inc_tax":0,"sale_price_inc_tax":0},"de":{"price":0,"sale_price":0,"active":false,"url":null,"parent_url":"","tax_rate":0,"price_inc_tax":0,"sale_price_inc_tax":0},"be":{"price":0,"sale_price":0,"active":false,"url":null,"parent_url":"","tax_rate":0,"price_inc_tax":0,"sale_price_inc_tax":0},"fr":{"price":0,"sale_price":0,"active":false,"url":null,"parent_url":"","tax_rate":0,"price_inc_tax":0,"sale_price_inc_tax":0},"ch":{"price":0,"sale_price":0,"active":false,"url":null,"parent_url":"","tax_rate":0,"price_inc_tax":0,"sale_price_inc_tax":0},"at":{"price":0,"sale_price":0,"active":false,"url":null,"parent_url":"","tax_rate":0,"price_inc_tax":0,"sale_price_inc_tax":0},"es":{"price":0,"sale_price":0,"active":false,"url":null,"parent_url":"","tax_rate":0,"price_inc_tax":0,"sale_price_inc_tax":0},"dk":{"price":0,"sale_price":0,"active":false,"url":null,"parent_url":"","tax_rate":0,"price_inc_tax":0,"sale_price_inc_tax":0},"com":{"price":0,"sale_price":0,"active":false,"url":null,"parent_url":"","tax_rate":0,"price_inc_tax":0,"sale_price_inc_tax":0}},"market_nl_price":0,"market_nl_sale_price":0,"market_nl_active":false,"market_nl_url":null,"market_nl_parent_url":"","market_nl_tax_rate":0,"market_nl_price_inc_tax":0,"market_nl_sale_price_inc_tax":0,"market_de_price":0,"market_de_sale_price":0,"market_de_active":false,"market_de_url":null,"market_de_parent_url":"","market_de_tax_rate":0,"market_de_price_inc_tax":0,"market_de_sale_price_inc_tax":0,"market_be_price":0,"market_be_sale_price":0,"market_be_active":false,"market_be_url":null,"market_be_parent_url":"","market_be_tax_rate":0,"market_be_price_inc_tax":0,"market_be_sale_price_inc_tax":0,"market_fr_price":0,"market_fr_sale_price":0,"market_fr_active":false,"market_fr_url":null,"market_fr_parent_url":"","market_fr_tax_rate":0,"market_fr_price_inc_tax":0,"market_fr_sale_price_inc_tax":0,"market_ch_price":0,"market_ch_sale_price":0,"market_ch_active":false,"market_ch_url":null,"market_ch_parent_url":"","market_ch_tax_rate":0,"market_ch_price_inc_tax":0,"market_ch_sale_price_inc_tax":0,"market_at_price":0,"market_at_sale_price":0,"market_at_active":false,"market_at_url":null,"market_at_parent_url":"","market_at_tax_rate":0,"market_at_price_inc_tax":0,"market_at_sale_price_inc_tax":0,"market_es_price":0,"market_es_sale_price":0,"market_es_active":false,"market_es_url":null,"market_es_parent_url":"","market_es_tax_rate":0,"market_es_price_inc_tax":0,"market_es_sale_price_inc_tax":0,"market_dk_price":0,"market_dk_sale_price":0,"market_dk_active":false,"market_dk_url":null,"market_dk_parent_url":"","market_dk_tax_rate":0,"market_dk_price_inc_tax":0,"market_dk_sale_price_inc_tax":0,"market_com_price":0,"market_com_sale_price":0,"market_com_active":false,"market_com_url":null,"market_com_parent_url":"","market_com_tax_rate":0,"market_com_price_inc_tax":0,"market_com_sale_price_inc_tax":0,"acf":[],"_links":{"self":[{"href":"https:\/\/www.pharmacy4pets.nl\/be\/wp-json\/wp\/v2\/product\/117941","targetHints":{"allow":["GET"]}}],"collection":[{"href":"https:\/\/www.pharmacy4pets.nl\/be\/wp-json\/wp\/v2\/product"}],"about":[{"href":"https:\/\/www.pharmacy4pets.nl\/be\/wp-json\/wp\/v2\/types\/product"}],"replies":[{"embeddable":true,"href":"https:\/\/www.pharmacy4pets.nl\/be\/wp-json\/wp\/v2\/comments?post=117941"}],"wp:featuredmedia":[{"embeddable":true,"href":"https:\/\/www.pharmacy4pets.nl\/be\/wp-json\/wp\/v2\/media\/117936"}],"wp:attachment":[{"href":"https:\/\/www.pharmacy4pets.nl\/be\/wp-json\/wp\/v2\/media?parent=117941"}],"wp:term":[{"taxonomy":"product_brand","embeddable":true,"href":"https:\/\/www.pharmacy4pets.nl\/be\/wp-json\/wp\/v2\/product_brand?post=117941"},{"taxonomy":"product_cat","embeddable":true,"href":"https:\/\/www.pharmacy4pets.nl\/be\/wp-json\/wp\/v2\/product_cat?post=117941"},{"taxonomy":"product_tag","embeddable":true,"href":"https:\/\/www.pharmacy4pets.nl\/be\/wp-json\/wp\/v2\/product_tag?post=117941"}],"curies":[{"name":"wp","href":"https:\/\/api.w.org\/{rel}","templated":true}]}}