{"id":117822,"date":"2017-06-22T09:09:31","date_gmt":"2017-06-22T09:09:31","guid":{"rendered":"https:\/\/p4p.test\/harrison-s-high-potency-fine-1-pnd"},"modified":"2026-05-01T21:28:18","modified_gmt":"2026-05-01T19:28:18","slug":"harrison-s-high-potency-fine-1-pnd","status":"publish","type":"product","link":"https:\/\/www.pharmacy4pets.nl\/be\/harrison-s-high-potency-fine-1-pnd","title":{"rendered":"Harrisons High Potency Fine 1 pond (454 gr)"},"content":{"rendered":"<p>Harrisons High Potency vogelvoer is speciaal bedoeld voor het omschakelen naar Harrisons Bird Foods, voor vogels in de rui, vogels met ondergewicht en overgewicht, hand gevoerde vogels onder de 6-8 maanden oud en zieke vogels of vogels met speciale behoeftes. Bepaalde vogelsoorten zoals grijze roodstaarten, ara&#8217;s, palm- en molukkenkaketoes en goudparkieten mogen het hele jaar door High Potency krijgen.&nbsp;<span>Harrisons High Potency Fine is speciaal bedoeld voor valkparkieten, duiven, agaporniden en andere kleine tot middelgrote vogels.<\/span><\/p>\n<p><span>De voedingen van Harrisons Bird Foods zijn gecertificeerd biologisch en vrij van landbouwgif, vrij van schimmels en schimmeltoxinen, vrij van kunstmatige kleurstoffen en smaakstoffen en vrij van conserveringsmiddelen.<\/span><\/p>\n<p><span style=\"text-decoration: underline;\">Toediening:<br \/><\/span>Verdeel de dagportie en geef twee maal per dag te eten (&rsquo;s ochtends en &rsquo;s avonds). &nbsp;Het aanvullen van de voeding met vitaminen of ander vogelvoer is niet nodig.&nbsp;Beperk het bijvoeren met biologische groenten en fruit tot maximaal 10% &ndash; 15% van de totale voeding en geef deze in kleine porties, bijvoorbeeld als beloning voor gewenst gedrag en liefst niet in de voerbakjes.<\/p>\n<p><span style=\"text-decoration: underline;\">Dosering:<br \/><\/span><span>Geef dagelijks de hoeveelheid verse voeding die de vogel wil eten, de zogenaamde dagportie. De dagportie varieert per soort, per individu en is afhankelijk van klimaatomstandigheden, de rui, de kweek en de hoeveelheid lichaamsbeweging.&nbsp;<\/span><\/p>\n<p><span><span style=\"text-decoration: underline;\">Verpakking:<\/span><br \/><\/span>De verpakking bevat 1 pond (454 gram).<\/p>\n","protected":false},"excerpt":{"rendered":"<p>Harrisons High Potency vogelvoer is speciaal bedoeld voor het omschakelen naar Harrisons Bird Foods, voor vogels in de rui, vogels met ondergewicht en overgewicht, hand gevoerde vogels onder de 6-8 maanden oud en zieke vogels of vogels met speciale behoeftes. Bepaalde vogelsoorten zoals grijze roodstaarten, ara&#8217;s, palm- en molukkenkaketoes en goudparkieten mogen het hele jaar [&hellip;]<\/p>\n","protected":false},"featured_media":117820,"comment_status":"open","ping_status":"closed","template":"","meta":{"_acf_changed":false,"_nl_post_content":"<p>Harrisons High Potency vogelvoer is speciaal bedoeld voor het omschakelen naar Harrisons Bird Foods, voor vogels in de rui, vogels met ondergewicht en overgewicht, hand gevoerde vogels onder de 6-8 maanden oud en zieke vogels of vogels met speciale behoeftes. Bepaalde vogelsoorten zoals grijze roodstaarten, ara's, palm- en molukkenkaketoes en goudparkieten mogen het hele jaar door High Potency krijgen.&nbsp;<span>Harrisons High Potency Fine is speciaal bedoeld voor valkparkieten, duiven, agaporniden en andere kleine tot middelgrote vogels.<\/span><\/p>\r\n<p><span>De voedingen van Harrisons Bird Foods zijn gecertificeerd biologisch en vrij van landbouwgif, vrij van schimmels en schimmeltoxinen, vrij van kunstmatige kleurstoffen en smaakstoffen en vrij van conserveringsmiddelen.<\/span><\/p>\r\n<p><span style=\"text-decoration: underline;\">Toediening:<br \/><\/span>Verdeel de dagportie en geef twee maal per dag te eten (&rsquo;s ochtends en &rsquo;s avonds). &nbsp;Het aanvullen van de voeding met vitaminen of ander vogelvoer is niet nodig.&nbsp;Beperk het bijvoeren met biologische groenten en fruit tot maximaal 10% &ndash; 15% van de totale voeding en geef deze in kleine porties, bijvoorbeeld als beloning voor gewenst gedrag en liefst niet in de voerbakjes.<\/p>\r\n<p><span style=\"text-decoration: underline;\">Dosering:<br \/><\/span><span>Geef dagelijks de hoeveelheid verse voeding die de vogel wil eten, de zogenaamde dagportie. De dagportie varieert per soort, per individu en is afhankelijk van klimaatomstandigheden, de rui, de kweek en de hoeveelheid lichaamsbeweging.&nbsp;<\/span><\/p>\r\n<p><span><span style=\"text-decoration: underline;\">Verpakking:<\/span><br \/><\/span>De verpakking bevat 1 pond (454 gram).<\/p>","_nl_post_name":"harrison-s-high-potency-fine-1-pnd","_nl_post_excerpt":"","_nl_post_title":"Harrisons High Potency Fine 1 pond (454 gr)","_en_post_content":"<p>Harrisons High Potency foods have been specially developed for the transition to Harrisons Bird Foods, for moulting birds, underweight and overweight birds, hand-fed birds under 6-8 months old and sick birds or birds with special needs. The high potency food can be given throughout the year to certain bird species, including African grey parrots, Macaws, Palm and Moluccan Cockatoos and Golden Parakeets.&nbsp;<span>Harrisons High Potency Fine is specially developed for cockatiels, pigeons, lovebirds and other small to medium birds.<\/span><\/p>\r\n<p>Harrisons Bird Foods formulas are certified organic and free from pesticides, mould and fungal toxins, colourings and flavourings and preservatives.<\/p>\r\n<p><span style=\"text-decoration: underline;\">Administration:<br \/><\/span>Divide the dayportion of your bird and make sure he gets fed twice a day (in the morning and in the evening). You should reduce the amount of extra nutrition, like fruits and vegetables, to a maximum of 10 -15% of the total nutrition. You also should give the extra nutrition in small portions or as a treat.&nbsp;<\/p>\r\n<p><span style=\"text-decoration: underline;\">Dosage:<br \/><\/span><span>Give the bird daily the amount that he wants to eat, this is called the dayportion. The dayportion varies per type, per inidividual, and is reliant to climate conditions, the moult and the amount of body excercise.&nbsp;<\/span><\/p>\r\n<p><span><span style=\"text-decoration: underline;\">Package:<\/span><br \/><\/span>The package contains 1 pound (454 gr).&nbsp;<\/p>","_en_post_name":"harrison-s-high-potency-fine-1-pnd","_en_post_excerpt":"","_en_post_title":"Harrisons High Potency Fine 1 pound (454 gr)","_de_post_content":"<p><span>Die Harrisons High Potency Nahrungsmittel sind speziell gedacht f&uuml;r, die Umstellung auf Harrisons Bird Foods, f&uuml;r V&ouml;gel in der Mauser, V&ouml;gel mit Untergewicht und &Uuml;bergewicht, von Hand gef&uuml;tterte V&ouml;gel in einem Alter unter 6-8 Monate sowie kranke V&ouml;gel oder V&ouml;gel mit speziellen Bed&uuml;rfnissen. Bestimmte Vogelarten wie Graupapageien, Aras, Palm- und Molukkenkakadu sowie Goldsittiche k&ouml;nnen das ganze Jahr &uuml;ber High Potency bekommen.&nbsp;<span>Harrisons High Potency Fine ist speziell f&uuml;r Nymphensittiche, Tauben, die Unzertrennlichen und andere kleine bis mittelgro&szlig;e V&ouml;gel gedacht.<\/span><\/span><\/p>\r\n<p>Das Futter von Harrisons Bird Foods ist frei von Giftstoffen der Landwirtschaft,&nbsp;Schimmel und Schimmelgiften, Frabstoffen und Geschmacksstoffen und Konservierungsmitteln.<\/p>\r\n<p><span style=\"text-decoration: underline;\">Anwendung:<br \/><\/span>Teilen Sie die Tageportion und verwenden Sie das zweimal t&auml;glich an Ihre V&ouml;gel (morgens und abends). Erg&auml;nzung der Nahrung mit Vitaminen oder anderen Vogelfutter ist nicht notwendig. Begrenzen Sie die zus&auml;tzliche Nahrung&nbsp;mit Gem&uuml;se und Obst bis zum 10 - 15% von der Tageportion. Auch sollen Sie die zus&auml;tzliche Nahrung&nbsp;in kleinen Portionen verwenden, zum Beispiel wie Belohnung f&uuml;r das gew&uuml;nschte Verhalten und m&ouml;glichst nicht in den Feeder.<\/p>\r\n<p><span style=\"text-decoration: underline;\">Dosierung:<br \/><\/span><span><span>Verwenden Sie t&auml;glich die Menge frische Nahrung die den Vogel essen will, genannt die Tageportion. Die Tageportion variiert je nach Spezies und Individuum und ist abh&auml;ngig von klimatischen Bedingungen, Mauser, Zucht und die Menge der &Uuml;bung.<\/span><\/span><\/p>\r\n<p><span><span style=\"text-decoration: underline;\">Verpackung:<\/span><br \/><\/span>Die Verpackung enth&auml;lt 1 Pfund (454 Gramm)<\/p>","_de_post_name":"harrison-s-high-potency-fine-1-pnd","_de_post_excerpt":"","_de_post_title":"Harrisons High Potency Fine 1 Pfund (454 Gramm)","_fr_post_content":"<p>Les aliments pour oiseaux Harrisons High Potency sont sp\u00e9cialement con\u00e7us pour le passage aux aliments pour oiseaux Harrisons, pour les oiseaux en mue, les oiseaux en sous-poids et en surpoids, les oiseaux nourris \u00e0 la main \u00e2g\u00e9s de moins de 6 \u00e0 8 mois et les oiseaux malades ou ayant des besoins particuliers. Certaines esp\u00e8ces d'oiseaux comme les rouge-gorges gris, les aras, les cacato\u00e8s des palmiers et des taupes et les perruches dor\u00e9es peuvent \u00eatre nourris avec High Potency toute l'ann\u00e9e.\u00a0\u00a0Harrisons High Potency Fine est sp\u00e9cialement con\u00e7u pour les cacato\u00e8s, les pigeons, les agapornis et autres oiseaux de taille petite \u00e0 moyenne.<\/p>\r\n<p>Les aliments pour oiseaux de Harrisons Bird Foods sont certifi\u00e9s biologiques et exempts de toxines agricoles, de toxines de champignons et de moisissures, de colorants et d'ar\u00f4mes artificiels et de conservateurs.<\/p>\r\n<p>Administration :<\/p>\r\n<p>Divisez la portion quotidienne et nourrissez deux fois par jour (matin et soir). \u00a0Il n'est pas n\u00e9cessaire de compl\u00e9ter le r\u00e9gime avec des vitamines ou d'autres aliments pour oiseaux.\u00a0Limitez l'apport de fruits et l\u00e9gumes biologiques \u00e0 un maximum de 10 \u00e0 15 % de l'alimentation totale et donnez-les en petites portions, par exemple comme r\u00e9compense pour un comportement souhait\u00e9 et de pr\u00e9f\u00e9rence pas dans les gamelles.<\/p>\r\n<p>Dosage :<\/p>\r\n<p>Donnez chaque jour la quantit\u00e9 de nourriture fra\u00eeche que l'oiseau veut manger, appel\u00e9e portion quotidienne. La portion quotidienne varie selon les esp\u00e8ces et les individus et d\u00e9pend des conditions climatiques, de la mue, de la reproduction et de la quantit\u00e9 d'exercice.\u00a0<\/p>\r\n<p>Emballage :<\/p>\r\n<p>Le sac contient 1 livre (454 grammes).<\/p>","_fr_post_name":"harrison-s-high-potency-fine-1-livre","_fr_post_excerpt":"","_fr_post_title":"Harrisons High Potency Fine 1 livre (454 gr)","_es_post_content":"<p>Harrisons High Potency es un alimento para p\u00e1jaros dise\u00f1ado espec\u00edficamente para cambiar a Harrisons Bird Foods, para p\u00e1jaros en muda, p\u00e1jaros con sobrepeso y bajo peso, p\u00e1jaros alimentados a mano menores de 6-8 meses y p\u00e1jaros enfermos o con necesidades especiales. Ciertas especies de aves, como los grises colirrojos, guacamayos, cacat\u00faas palmeras y de las Molucas y periquitos dorados, pueden recibir High Potency durante todo el a\u00f1o. High Potency Fine de Harrison est\u00e1 especialmente formulado para cacat\u00faas, palomas, tortolitos y otras aves de tama\u00f1o peque\u00f1o a mediano.<\/p>\r\n<p>Los alimentos de Harrisons Bird Foods est\u00e1n certificados como org\u00e1nicos y libres de venenos agr\u00edcolas, de toxinas de moho y hongos, de colorantes y sabores artificiales y de conservantes.<\/p>\r\n<p><span style=\"text-decoration: underline;\">Administraci\u00f3n:<\/span><br \/>Divida la porci\u00f3n diaria y alimente dos veces al d\u00eda (ma\u00f1ana y tarde). No es necesario complementar la dieta con vitaminas u otros alimentos para p\u00e1jaros. Limite la alimentaci\u00f3n suplementaria con verduras y frutas org\u00e1nicas a un m\u00e1ximo del 10 % al 15 % del total de la comida y d\u00e9las en porciones peque\u00f1as, por ejemplo, como recompensa por el comportamiento deseado y preferiblemente no en los tazones de comida.<\/p>\r\n<p><span style=\"text-decoration: underline;\">Dosis:<\/span><br \/>Dar diariamente la cantidad de alimento fresco que el ave quiere comer, la llamada raci\u00f3n diaria. La porci\u00f3n diaria var\u00eda por especie, por individuo y depende de las condiciones clim\u00e1ticas, la muda, la reproducci\u00f3n y la cantidad de ejercicio.<\/p>\r\n<p><span style=\"text-decoration: underline;\">Embalaje:<\/span><br \/>El paquete contiene 1 libra (454 gramos).<\/p>","_es_post_name":"harrisons-bird-foods-high-potency-fine-454-gramos","_es_post_excerpt":"","_es_post_title":"Harrisons High Potency Fine 1 libra (454 gr)","edit_language":"nl"},"product_brand":[],"product_cat":[2008,1857,1824,1828,1829],"product_tag":[],"class_list":{"0":"post-117822","1":"product","2":"type-product","3":"status-publish","4":"has-post-thumbnail","6":"product_cat-harrisons-bird-foods","7":"product_cat-merken","8":"product_cat-overig","9":"product_cat-vogels","10":"product_cat-vogelvoer","11":"pa_aandoening-overig","12":"pa_doeldier-overig","13":"pa_fabricatieland-usa","14":"pa_merkfilter-harrisonsbirdfoods","15":"pa_merkgroep-ahc","16":"pa_productsoort-voeding","17":"pa_seo_canonical_store_id-not_found_value","18":"pa_seo_category-not_found_value","19":"pa_seo_meta_robots-not_found_value","20":"pa_toedieningswijze-droogvoer","21":"pa_unit_pricing_base_measure-100g","22":"pa_unit_pricing_measure-500g","23":"pa_werkzamestof-overig","25":"first","26":"outofstock","27":"taxable","28":"shipping-taxable","29":"purchasable","30":"product-type-simple"},"yoast_head":"<!-- This site is optimized with the Yoast SEO plugin v27.5 - https:\/\/yoast.com\/product\/yoast-seo-wordpress\/ -->\n<title>Harrisons High Potency Fine 1 pond (454 gr) - Pharmacy4pets<\/title>\n<meta name=\"robots\" content=\"index, follow, max-snippet:-1, max-image-preview:large, max-video-preview:-1\" \/>\n<link rel=\"canonical\" href=\"https:\/\/www.pharmacy4pets.nl\/harrison-s-high-potency-fine-1-pnd\" \/>\n<meta property=\"og:locale\" content=\"nl_NL\" \/>\n<meta property=\"og:type\" content=\"article\" \/>\n<meta property=\"og:title\" content=\"Harrisons High Potency Fine 1 pond (454 gr) - Pharmacy4pets\" \/>\n<meta property=\"og:description\" content=\"Harrisons High Potency vogelvoer is speciaal bedoeld voor het omschakelen naar Harrisons Bird Foods, voor vogels in de rui, vogels met ondergewicht en overgewicht, hand gevoerde vogels onder de 6-8 maanden oud en zieke vogels of vogels met speciale behoeftes. Bepaalde vogelsoorten zoals grijze roodstaarten, ara&#8217;s, palm- en molukkenkaketoes en goudparkieten mogen het hele jaar [&hellip;]\" \/>\n<meta property=\"og:url\" content=\"https:\/\/www.pharmacy4pets.nl\/harrison-s-high-potency-fine-1-pnd\" \/>\n<meta property=\"og:site_name\" content=\"Pharmacy4pets\" \/>\n<meta property=\"article:publisher\" content=\"https:\/\/www.facebook.com\/people\/Pharmacy4petsnl\/100063484989896\/\" \/>\n<meta property=\"article:modified_time\" content=\"2026-05-01T19:28:18+00:00\" \/>\n<meta property=\"og:image\" content=\"https:\/\/www.pharmacy4pets.nl\/wp-content\/uploads\/2017\/06\/17860.jpg\" \/>\n\t<meta property=\"og:image:width\" content=\"310\" \/>\n\t<meta property=\"og:image:height\" content=\"310\" \/>\n\t<meta property=\"og:image:type\" content=\"image\/jpeg\" \/>\n<meta name=\"twitter:card\" content=\"summary_large_image\" \/>\n<meta name=\"twitter:label1\" content=\"Geschatte leestijd\" \/>\n\t<meta name=\"twitter:data1\" content=\"1 minuut\" \/>\n<script type=\"application\/ld+json\" class=\"yoast-schema-graph\">{\"@context\":\"https:\\\/\\\/schema.org\",\"@graph\":[{\"@type\":\"WebPage\",\"@id\":\"https:\\\/\\\/www.pharmacy4pets.nl\\\/harrison-s-high-potency-fine-1-pnd\",\"url\":\"https:\\\/\\\/www.pharmacy4pets.nl\\\/harrison-s-high-potency-fine-1-pnd\",\"name\":\"Harrisons High Potency Fine 1 pond (454 gr) - Pharmacy4pets\",\"isPartOf\":{\"@id\":\"http:\\\/\\\/www.pharmacy4pets.nl\\\/#website\"},\"primaryImageOfPage\":{\"@id\":\"https:\\\/\\\/www.pharmacy4pets.nl\\\/harrison-s-high-potency-fine-1-pnd#primaryimage\"},\"image\":{\"@id\":\"https:\\\/\\\/www.pharmacy4pets.nl\\\/harrison-s-high-potency-fine-1-pnd#primaryimage\"},\"thumbnailUrl\":\"https:\\\/\\\/www.pharmacy4pets.nl\\\/wp-content\\\/uploads\\\/2017\\\/06\\\/17860.jpg\",\"datePublished\":\"2017-06-22T09:09:31+00:00\",\"dateModified\":\"2026-05-01T19:28:18+00:00\",\"breadcrumb\":{\"@id\":\"https:\\\/\\\/www.pharmacy4pets.nl\\\/harrison-s-high-potency-fine-1-pnd#breadcrumb\"},\"inLanguage\":\"nl-NL\",\"potentialAction\":[{\"@type\":\"ReadAction\",\"target\":[\"https:\\\/\\\/www.pharmacy4pets.nl\\\/harrison-s-high-potency-fine-1-pnd\"]}]},{\"@type\":\"ImageObject\",\"inLanguage\":\"nl-NL\",\"@id\":\"https:\\\/\\\/www.pharmacy4pets.nl\\\/harrison-s-high-potency-fine-1-pnd#primaryimage\",\"url\":\"https:\\\/\\\/www.pharmacy4pets.nl\\\/wp-content\\\/uploads\\\/2017\\\/06\\\/17860.jpg\",\"contentUrl\":\"https:\\\/\\\/www.pharmacy4pets.nl\\\/wp-content\\\/uploads\\\/2017\\\/06\\\/17860.jpg\",\"width\":310,\"height\":310,\"caption\":\"Harrison's Bird Foods\"},{\"@type\":\"BreadcrumbList\",\"@id\":\"https:\\\/\\\/www.pharmacy4pets.nl\\\/harrison-s-high-potency-fine-1-pnd#breadcrumb\",\"itemListElement\":[{\"@type\":\"ListItem\",\"position\":1,\"name\":\"Home\",\"item\":\"https:\\\/\\\/p4p-nl.bootmine.com\\\/\"},{\"@type\":\"ListItem\",\"position\":2,\"name\":\"Winkel\",\"item\":\"https:\\\/\\\/p4p-nl.bootmine.com\\\/winkel\"},{\"@type\":\"ListItem\",\"position\":3,\"name\":\"Harrisons High Potency Fine 1 pond (454 gr)\"}]},{\"@type\":\"WebSite\",\"@id\":\"http:\\\/\\\/www.pharmacy4pets.nl\\\/#website\",\"url\":\"http:\\\/\\\/www.pharmacy4pets.nl\\\/\",\"name\":\"Pharmacy4pets\",\"description\":\"Pharmacy4pets.nl is d\u00e9 online apotheek waar u terecht kunt voor alle diergeneesmiddelen, verzorgingsproducten en dieetvoeding voor uw huisdier.\",\"publisher\":{\"@id\":\"http:\\\/\\\/www.pharmacy4pets.nl\\\/#organization\"},\"potentialAction\":[{\"@type\":\"SearchAction\",\"target\":{\"@type\":\"EntryPoint\",\"urlTemplate\":\"http:\\\/\\\/www.pharmacy4pets.nl\\\/?s={search_term_string}\"},\"query-input\":{\"@type\":\"PropertyValueSpecification\",\"valueRequired\":true,\"valueName\":\"search_term_string\"}}],\"inLanguage\":\"nl-NL\"},{\"@type\":\"Organization\",\"@id\":\"http:\\\/\\\/www.pharmacy4pets.nl\\\/#organization\",\"name\":\"Pharmacy4pets\",\"url\":\"http:\\\/\\\/www.pharmacy4pets.nl\\\/\",\"logo\":{\"@type\":\"ImageObject\",\"inLanguage\":\"nl-NL\",\"@id\":\"http:\\\/\\\/www.pharmacy4pets.nl\\\/#\\\/schema\\\/logo\\\/image\\\/\",\"url\":\"https:\\\/\\\/p4p-nl.bootmine.com\\\/wp-content\\\/uploads\\\/2026\\\/03\\\/logo-pharmacy4pets.png\",\"contentUrl\":\"https:\\\/\\\/p4p-nl.bootmine.com\\\/wp-content\\\/uploads\\\/2026\\\/03\\\/logo-pharmacy4pets.png\",\"width\":1024,\"height\":135,\"caption\":\"Pharmacy4pets\"},\"image\":{\"@id\":\"http:\\\/\\\/www.pharmacy4pets.nl\\\/#\\\/schema\\\/logo\\\/image\\\/\"},\"sameAs\":[\"https:\\\/\\\/www.facebook.com\\\/people\\\/Pharmacy4petsnl\\\/100063484989896\\\/\",\"https:\\\/\\\/www.youtube.com\\\/channel\\\/UCGPTIgucgli03tP2_kvLkHg\\\/featured\",\"https:\\\/\\\/www.instagram.com\\\/pharmacy4pets.nl\"]}]}<\/script>\n<!-- \/ Yoast SEO plugin. -->","yoast_head_json":{"title":"Harrisons High Potency Fine 1 pond (454 gr) - Pharmacy4pets","robots":{"index":"index","follow":"follow","max-snippet":"max-snippet:-1","max-image-preview":"max-image-preview:large","max-video-preview":"max-video-preview:-1"},"canonical":"https:\/\/www.pharmacy4pets.nl\/harrison-s-high-potency-fine-1-pnd","og_locale":"nl_NL","og_type":"article","og_title":"Harrisons High Potency Fine 1 pond (454 gr) - Pharmacy4pets","og_description":"Harrisons High Potency vogelvoer is speciaal bedoeld voor het omschakelen naar Harrisons Bird Foods, voor vogels in de rui, vogels met ondergewicht en overgewicht, hand gevoerde vogels onder de 6-8 maanden oud en zieke vogels of vogels met speciale behoeftes. Bepaalde vogelsoorten zoals grijze roodstaarten, ara&#8217;s, palm- en molukkenkaketoes en goudparkieten mogen het hele jaar [&hellip;]","og_url":"https:\/\/www.pharmacy4pets.nl\/harrison-s-high-potency-fine-1-pnd","og_site_name":"Pharmacy4pets","article_publisher":"https:\/\/www.facebook.com\/people\/Pharmacy4petsnl\/100063484989896\/","article_modified_time":"2026-05-01T19:28:18+00:00","og_image":[{"width":310,"height":310,"url":"https:\/\/www.pharmacy4pets.nl\/wp-content\/uploads\/2017\/06\/17860.jpg","type":"image\/jpeg"}],"twitter_card":"summary_large_image","twitter_misc":{"Geschatte leestijd":"1 minuut"},"schema":{"@context":"https:\/\/schema.org","@graph":[{"@type":"WebPage","@id":"https:\/\/www.pharmacy4pets.nl\/harrison-s-high-potency-fine-1-pnd","url":"https:\/\/www.pharmacy4pets.nl\/harrison-s-high-potency-fine-1-pnd","name":"Harrisons High Potency Fine 1 pond (454 gr) - Pharmacy4pets","isPartOf":{"@id":"http:\/\/www.pharmacy4pets.nl\/#website"},"primaryImageOfPage":{"@id":"https:\/\/www.pharmacy4pets.nl\/harrison-s-high-potency-fine-1-pnd#primaryimage"},"image":{"@id":"https:\/\/www.pharmacy4pets.nl\/harrison-s-high-potency-fine-1-pnd#primaryimage"},"thumbnailUrl":"https:\/\/www.pharmacy4pets.nl\/wp-content\/uploads\/2017\/06\/17860.jpg","datePublished":"2017-06-22T09:09:31+00:00","dateModified":"2026-05-01T19:28:18+00:00","breadcrumb":{"@id":"https:\/\/www.pharmacy4pets.nl\/harrison-s-high-potency-fine-1-pnd#breadcrumb"},"inLanguage":"nl-NL","potentialAction":[{"@type":"ReadAction","target":["https:\/\/www.pharmacy4pets.nl\/harrison-s-high-potency-fine-1-pnd"]}]},{"@type":"ImageObject","inLanguage":"nl-NL","@id":"https:\/\/www.pharmacy4pets.nl\/harrison-s-high-potency-fine-1-pnd#primaryimage","url":"https:\/\/www.pharmacy4pets.nl\/wp-content\/uploads\/2017\/06\/17860.jpg","contentUrl":"https:\/\/www.pharmacy4pets.nl\/wp-content\/uploads\/2017\/06\/17860.jpg","width":310,"height":310,"caption":"Harrison's Bird Foods"},{"@type":"BreadcrumbList","@id":"https:\/\/www.pharmacy4pets.nl\/harrison-s-high-potency-fine-1-pnd#breadcrumb","itemListElement":[{"@type":"ListItem","position":1,"name":"Home","item":"https:\/\/p4p-nl.bootmine.com\/"},{"@type":"ListItem","position":2,"name":"Winkel","item":"https:\/\/p4p-nl.bootmine.com\/winkel"},{"@type":"ListItem","position":3,"name":"Harrisons High Potency Fine 1 pond (454 gr)"}]},{"@type":"WebSite","@id":"http:\/\/www.pharmacy4pets.nl\/#website","url":"http:\/\/www.pharmacy4pets.nl\/","name":"Pharmacy4pets","description":"Pharmacy4pets.nl is d\u00e9 online apotheek waar u terecht kunt voor alle diergeneesmiddelen, verzorgingsproducten en dieetvoeding voor uw huisdier.","publisher":{"@id":"http:\/\/www.pharmacy4pets.nl\/#organization"},"potentialAction":[{"@type":"SearchAction","target":{"@type":"EntryPoint","urlTemplate":"http:\/\/www.pharmacy4pets.nl\/?s={search_term_string}"},"query-input":{"@type":"PropertyValueSpecification","valueRequired":true,"valueName":"search_term_string"}}],"inLanguage":"nl-NL"},{"@type":"Organization","@id":"http:\/\/www.pharmacy4pets.nl\/#organization","name":"Pharmacy4pets","url":"http:\/\/www.pharmacy4pets.nl\/","logo":{"@type":"ImageObject","inLanguage":"nl-NL","@id":"http:\/\/www.pharmacy4pets.nl\/#\/schema\/logo\/image\/","url":"https:\/\/p4p-nl.bootmine.com\/wp-content\/uploads\/2026\/03\/logo-pharmacy4pets.png","contentUrl":"https:\/\/p4p-nl.bootmine.com\/wp-content\/uploads\/2026\/03\/logo-pharmacy4pets.png","width":1024,"height":135,"caption":"Pharmacy4pets"},"image":{"@id":"http:\/\/www.pharmacy4pets.nl\/#\/schema\/logo\/image\/"},"sameAs":["https:\/\/www.facebook.com\/people\/Pharmacy4petsnl\/100063484989896\/","https:\/\/www.youtube.com\/channel\/UCGPTIgucgli03tP2_kvLkHg\/featured","https:\/\/www.instagram.com\/pharmacy4pets.nl"]}]}},"market_data":{"nl":{"price":0,"sale_price":0,"active":false,"url":null,"parent_url":"","tax_rate":0,"price_inc_tax":0,"sale_price_inc_tax":0},"de":{"price":0,"sale_price":0,"active":false,"url":null,"parent_url":"","tax_rate":0,"price_inc_tax":0,"sale_price_inc_tax":0},"be":{"price":0,"sale_price":0,"active":false,"url":null,"parent_url":"","tax_rate":0,"price_inc_tax":0,"sale_price_inc_tax":0},"fr":{"price":0,"sale_price":0,"active":false,"url":null,"parent_url":"","tax_rate":0,"price_inc_tax":0,"sale_price_inc_tax":0},"ch":{"price":0,"sale_price":0,"active":false,"url":null,"parent_url":"","tax_rate":0,"price_inc_tax":0,"sale_price_inc_tax":0},"at":{"price":0,"sale_price":0,"active":false,"url":null,"parent_url":"","tax_rate":0,"price_inc_tax":0,"sale_price_inc_tax":0},"es":{"price":0,"sale_price":0,"active":false,"url":null,"parent_url":"","tax_rate":0,"price_inc_tax":0,"sale_price_inc_tax":0},"dk":{"price":0,"sale_price":0,"active":false,"url":null,"parent_url":"","tax_rate":0,"price_inc_tax":0,"sale_price_inc_tax":0},"com":{"price":0,"sale_price":0,"active":false,"url":null,"parent_url":"","tax_rate":0,"price_inc_tax":0,"sale_price_inc_tax":0}},"market_nl_price":0,"market_nl_sale_price":0,"market_nl_active":false,"market_nl_url":null,"market_nl_parent_url":"","market_nl_tax_rate":0,"market_nl_price_inc_tax":0,"market_nl_sale_price_inc_tax":0,"market_de_price":0,"market_de_sale_price":0,"market_de_active":false,"market_de_url":null,"market_de_parent_url":"","market_de_tax_rate":0,"market_de_price_inc_tax":0,"market_de_sale_price_inc_tax":0,"market_be_price":0,"market_be_sale_price":0,"market_be_active":false,"market_be_url":null,"market_be_parent_url":"","market_be_tax_rate":0,"market_be_price_inc_tax":0,"market_be_sale_price_inc_tax":0,"market_fr_price":0,"market_fr_sale_price":0,"market_fr_active":false,"market_fr_url":null,"market_fr_parent_url":"","market_fr_tax_rate":0,"market_fr_price_inc_tax":0,"market_fr_sale_price_inc_tax":0,"market_ch_price":0,"market_ch_sale_price":0,"market_ch_active":false,"market_ch_url":null,"market_ch_parent_url":"","market_ch_tax_rate":0,"market_ch_price_inc_tax":0,"market_ch_sale_price_inc_tax":0,"market_at_price":0,"market_at_sale_price":0,"market_at_active":false,"market_at_url":null,"market_at_parent_url":"","market_at_tax_rate":0,"market_at_price_inc_tax":0,"market_at_sale_price_inc_tax":0,"market_es_price":0,"market_es_sale_price":0,"market_es_active":false,"market_es_url":null,"market_es_parent_url":"","market_es_tax_rate":0,"market_es_price_inc_tax":0,"market_es_sale_price_inc_tax":0,"market_dk_price":0,"market_dk_sale_price":0,"market_dk_active":false,"market_dk_url":null,"market_dk_parent_url":"","market_dk_tax_rate":0,"market_dk_price_inc_tax":0,"market_dk_sale_price_inc_tax":0,"market_com_price":0,"market_com_sale_price":0,"market_com_active":false,"market_com_url":null,"market_com_parent_url":"","market_com_tax_rate":0,"market_com_price_inc_tax":0,"market_com_sale_price_inc_tax":0,"acf":[],"_links":{"self":[{"href":"https:\/\/www.pharmacy4pets.nl\/be\/wp-json\/wp\/v2\/product\/117822","targetHints":{"allow":["GET"]}}],"collection":[{"href":"https:\/\/www.pharmacy4pets.nl\/be\/wp-json\/wp\/v2\/product"}],"about":[{"href":"https:\/\/www.pharmacy4pets.nl\/be\/wp-json\/wp\/v2\/types\/product"}],"replies":[{"embeddable":true,"href":"https:\/\/www.pharmacy4pets.nl\/be\/wp-json\/wp\/v2\/comments?post=117822"}],"wp:featuredmedia":[{"embeddable":true,"href":"https:\/\/www.pharmacy4pets.nl\/be\/wp-json\/wp\/v2\/media\/117820"}],"wp:attachment":[{"href":"https:\/\/www.pharmacy4pets.nl\/be\/wp-json\/wp\/v2\/media?parent=117822"}],"wp:term":[{"taxonomy":"product_brand","embeddable":true,"href":"https:\/\/www.pharmacy4pets.nl\/be\/wp-json\/wp\/v2\/product_brand?post=117822"},{"taxonomy":"product_cat","embeddable":true,"href":"https:\/\/www.pharmacy4pets.nl\/be\/wp-json\/wp\/v2\/product_cat?post=117822"},{"taxonomy":"product_tag","embeddable":true,"href":"https:\/\/www.pharmacy4pets.nl\/be\/wp-json\/wp\/v2\/product_tag?post=117822"}],"curies":[{"name":"wp","href":"https:\/\/api.w.org\/{rel}","templated":true}]}}