{"id":117728,"date":"2017-03-30T13:33:13","date_gmt":"2017-03-30T13:33:13","guid":{"rendered":"https:\/\/p4p.test\/stop-animal-bodyguard-aromatherapie-2"},"modified":"2026-04-14T08:02:22","modified_gmt":"2026-04-14T08:02:22","slug":"stop-animal-bodyguard-aromatherapie","status":"publish","type":"product","link":"https:\/\/www.pharmacy4pets.nl\/be\/stop-animal-bodyguard-aromatherapie","title":{"rendered":"STOP! Animal Bodyguard Aromatherapie 4&#215;8 ml"},"content":{"rendered":"<p style=\"text-align: justify;\">STOP! Animal Bodyguard Aromatherapie is h&eacute;t groene alternatief voor vlooien- en tekendruppels voor uw hond, kat, konijn, fret, cavia en hamster.&nbsp;<span>Dankzij de milde samenstelling ook geschikt voor zogende moederdieren, pups, kittens en oudere dieren. STOP! Animal Bodyguard Aromatherapie helpt de vacht gezond, jeukvrij en fris te houden. U dient&nbsp;<span>STOP! Animal Bodyguard Aromatherapie elke 15 dagen toe te dienen volgens volgend schema:<\/span><\/span><\/p>\n<table style=\"\" border=\"1\">\n<thead>\n<tr>\n<td colspan=\"2\">\n<p class=\"bold\" style=\"text-align: center;\"><strong><span id=\"result_box\" class=\"short_text\"><span class=\"hps\">Dosering<\/span><\/span><\/strong><\/p>\n<\/td>\n<\/tr>\n<\/thead>\n<tbody>\n<tr>\n<td><strong><em><strong>Lichaamsgewicht&nbsp;<br \/><\/strong><\/em><\/strong><\/td>\n<td><strong><em><span id=\"result_box\" class=\"short_text\"><span class=\"hps\">Optimale dosering<br \/><\/span><\/span><\/em><\/strong><\/td>\n<\/tr>\n<tr>\n<td>0-10 kg<\/td>\n<td>&nbsp;2 ml&nbsp;<\/td>\n<\/tr>\n<tr>\n<td>10-25 kg<\/td>\n<td>&nbsp;4 ml&nbsp;<\/td>\n<\/tr>\n<tr>\n<td>25-40 kg<\/td>\n<td>&nbsp;6&nbsp;ml&nbsp;<\/td>\n<\/tr>\n<tr>\n<td>40-55kg<\/td>\n<td>&nbsp;8&nbsp;ml&nbsp;<\/td>\n<\/tr>\n<\/tbody>\n<\/table>\n<p>De verpakking bevat 4x8ml.<\/p>\n","protected":false},"excerpt":{"rendered":"<p>STOP! Animal Bodyguard Aromatherapie is h&eacute;t groene alternatief voor vlooien- en tekendruppels voor uw hond, kat, konijn, fret, cavia en hamster.&nbsp;Dankzij de milde samenstelling ook geschikt voor zogende moederdieren, pups, kittens en oudere dieren. STOP! Animal Bodyguard Aromatherapie helpt de vacht gezond, jeukvrij en fris te houden. U dient&nbsp;STOP! Animal Bodyguard Aromatherapie elke 15 dagen [&hellip;]<\/p>\n","protected":false},"featured_media":117727,"comment_status":"open","ping_status":"closed","template":"","meta":{"_acf_changed":false,"_nl_post_content":"<p style=\"text-align: justify;\">STOP! Animal Bodyguard Aromatherapie is h&eacute;t groene alternatief voor vlooien- en tekendruppels voor uw hond, kat, konijn, fret, cavia en hamster.&nbsp;<span>Dankzij de milde samenstelling ook geschikt voor zogende moederdieren, pups, kittens en oudere dieren. STOP! Animal Bodyguard Aromatherapie helpt de vacht gezond, jeukvrij en fris te houden. U dient&nbsp;<span>STOP! Animal Bodyguard Aromatherapie elke 15 dagen toe te dienen volgens volgend schema:<\/span><\/span><\/p>\r\n<table style=\"\" border=\"1\">\r\n<thead>\r\n<tr>\r\n<td colspan=\"2\">\r\n<p class=\"bold\" style=\"text-align: center;\"><strong><span id=\"result_box\" class=\"short_text\"><span class=\"hps\">Dosering<\/span><\/span><\/strong><\/p>\r\n<\/td>\r\n<\/tr>\r\n<\/thead>\r\n<tbody>\r\n<tr>\r\n<td><strong><em><strong>Lichaamsgewicht&nbsp;<br \/><\/strong><\/em><\/strong><\/td>\r\n<td><strong><em><span id=\"result_box\" class=\"short_text\"><span class=\"hps\">Optimale dosering<br \/><\/span><\/span><\/em><\/strong><\/td>\r\n<\/tr>\r\n<tr>\r\n<td>0-10 kg<\/td>\r\n<td>&nbsp;2 ml&nbsp;<\/td>\r\n<\/tr>\r\n<tr>\r\n<td>10-25 kg<\/td>\r\n<td>&nbsp;4 ml&nbsp;<\/td>\r\n<\/tr>\r\n<tr>\r\n<td>25-40 kg<\/td>\r\n<td>&nbsp;6&nbsp;ml&nbsp;<\/td>\r\n<\/tr>\r\n<tr>\r\n<td>40-55kg<\/td>\r\n<td>&nbsp;8&nbsp;ml&nbsp;<\/td>\r\n<\/tr>\r\n<\/tbody>\r\n<\/table>\r\n<p>De verpakking bevat 4x8ml.<\/p>","_nl_post_name":"stop-animal-bodyguard-aromatherapie","_nl_post_excerpt":"","_nl_post_title":"STOP! Animal Bodyguard Aromatherapie 4x8 ml","_en_post_content":"<p style=\"text-align: justify;\">STOP! Animal Bodyguard Aromatherapy is the&nbsp;<span>natural alternative for flea and tick drops for your dog, cat, rabbit, ferret, guinea pig and hamster. Due&nbsp;<span>to the mild composition, this product is also suitable for nursing mother animals, puppies, kittens and older animals.&nbsp;<\/span><\/span>STOP! Animal Bodyguard Aromatherapy helps keeping the coat of your animal healthy, &nbsp;ich free and fresh.&nbsp;<span>STOP! Animal Bodyguard Aromatherapy should be applied every 15 days.<\/span><\/p>\r\n<table style=\"\" border=\"1\">\r\n<thead>\r\n<tr>\r\n<td colspan=\"2\">\r\n<p class=\"bold\" style=\"text-align: center;\"><strong><span id=\"result_box\" class=\"short_text\"><span class=\"hps\">Dosage<\/span><\/span><\/strong><\/p>\r\n<\/td>\r\n<\/tr>\r\n<\/thead>\r\n<tbody>\r\n<tr>\r\n<td><strong><em><strong>Bodyweight&nbsp;<br \/><\/strong><\/em><\/strong><\/td>\r\n<td><strong><em><span id=\"result_box\" class=\"short_text\"><span class=\"hps\">Optimal dosage<br \/><\/span><\/span><\/em><\/strong><\/td>\r\n<\/tr>\r\n<tr>\r\n<td>0-10 kg<\/td>\r\n<td>&nbsp;2 ml&nbsp;<\/td>\r\n<\/tr>\r\n<tr>\r\n<td>10-25 kg<\/td>\r\n<td>&nbsp;4 ml&nbsp;<\/td>\r\n<\/tr>\r\n<tr>\r\n<td>25-40 kg<\/td>\r\n<td>&nbsp;6&nbsp;ml&nbsp;<\/td>\r\n<\/tr>\r\n<tr>\r\n<td>40-55kg<\/td>\r\n<td>&nbsp;8&nbsp;ml&nbsp;<\/td>\r\n<\/tr>\r\n<\/tbody>\r\n<\/table>\r\n<p>The package contains 4x8ml.&nbsp;<\/p>","_en_post_name":"stop-animal-bodyguard-aromatherapie","_en_post_excerpt":"","_en_post_title":"STOP! Animal Bodyguard Aromatherapy 4x8 ml","_de_post_content":"<p style=\"text-align: justify;\">STOP! Animal Bodyguard Aromatherapie&nbsp;<span>ist eine nat&uuml;rliche Alternative zu herk&ouml;mmlichen Floh- und Zeckentropfen f&uuml;r Ihre Hund, Katze, Kaninchen, Frett, Meerschweinchen und Hamster.&nbsp;<span>Dank der milden Zusammensetzung eignet sich das Produkt auch f&uuml;r s&auml;ugende Muttertiere, Welpen und &auml;ltere Tiere.&nbsp;<\/span><\/span>STOP! Animal Bodyguard Aromatherapie haltet das Fell gesund, juckenfrei und frisch.&nbsp;<span>Sie mussen STOP! Animal Bodyguard Aromatherapie jeden 15 Tagen verabreichen.<\/span><\/p>\r\n<table style=\"\" border=\"1\">\r\n<thead>\r\n<tr>\r\n<td colspan=\"2\">\r\n<p class=\"bold\" style=\"text-align: center;\"><strong><span id=\"result_box\" class=\"short_text\"><span class=\"hps\">Dosierung<\/span><\/span><\/strong><\/p>\r\n<\/td>\r\n<\/tr>\r\n<\/thead>\r\n<tbody>\r\n<tr>\r\n<td><strong><em><strong>K&ouml;rpergewicht<br \/><\/strong><\/em><\/strong><\/td>\r\n<td><strong><em><span id=\"result_box\" class=\"short_text\"><span class=\"hps\">Optimalem dosierung<br \/><\/span><\/span><\/em><\/strong><\/td>\r\n<\/tr>\r\n<tr>\r\n<td>0-10 kg<\/td>\r\n<td>&nbsp;2 ml&nbsp;<\/td>\r\n<\/tr>\r\n<tr>\r\n<td>10-25 kg<\/td>\r\n<td>&nbsp;4 ml&nbsp;<\/td>\r\n<\/tr>\r\n<tr>\r\n<td>25-40 kg<\/td>\r\n<td>&nbsp;6&nbsp;ml&nbsp;<\/td>\r\n<\/tr>\r\n<tr>\r\n<td>40-55kg<\/td>\r\n<td>&nbsp;8&nbsp;ml&nbsp;<\/td>\r\n<\/tr>\r\n<\/tbody>\r\n<\/table>\r\n<p>Die Verpackung enth&auml;lt 4x8ml.<\/p>","_de_post_name":"stop-animal-bodyguard-aromatherapie","_de_post_excerpt":"","_de_post_title":"STOP! Animal Bodyguard Aromatherapie 4x8 ml","_fr_post_content":"<p style=\"text-align: justify;\">STOP! Animal Bodyguard Aromatherapie is h&eacute;t groene alternatief voor vlooien- en tekendruppels voor uw hond, kat, konijn, fret, cavia en hamster.&nbsp;<span>Dankzij de milde samenstelling ook geschikt voor zogende moederdieren, pups, kittens en oudere dieren. STOP! Animal Bodyguard Aromatherapie helpt de vacht gezond, jeukvrij en fris te houden. U dient&nbsp;<span>STOP! Animal Bodyguard Aromatherapie elke 15 dagen toe te dienen volgens volgend schema:<\/span><\/span><\/p>\r\n<table style=\"\" border=\"1\">\r\n<thead>\r\n<tr>\r\n<td colspan=\"2\">\r\n<p class=\"bold\" style=\"text-align: center;\"><strong><span id=\"result_box\" class=\"short_text\"><span class=\"hps\">Dosering<\/span><\/span><\/strong><\/p>\r\n<\/td>\r\n<\/tr>\r\n<\/thead>\r\n<tbody>\r\n<tr>\r\n<td><strong><em><strong>Lichaamsgewicht&nbsp;<br \/><\/strong><\/em><\/strong><\/td>\r\n<td><strong><em><span id=\"result_box\" class=\"short_text\"><span class=\"hps\">Optimale dosering<br \/><\/span><\/span><\/em><\/strong><\/td>\r\n<\/tr>\r\n<tr>\r\n<td>0-10 kg<\/td>\r\n<td>&nbsp;2 ml&nbsp;<\/td>\r\n<\/tr>\r\n<tr>\r\n<td>10-25 kg<\/td>\r\n<td>&nbsp;4 ml&nbsp;<\/td>\r\n<\/tr>\r\n<tr>\r\n<td>25-40 kg<\/td>\r\n<td>&nbsp;6&nbsp;ml&nbsp;<\/td>\r\n<\/tr>\r\n<tr>\r\n<td>40-55kg<\/td>\r\n<td>&nbsp;8&nbsp;ml&nbsp;<\/td>\r\n<\/tr>\r\n<\/tbody>\r\n<\/table>\r\n<p>De verpakking bevat 4x8ml.<\/p>","_fr_post_name":"stop-animal-bodyguard-aromatherapie","_fr_post_excerpt":"","_fr_post_title":"STOP! Animal Bodyguard Aromatherapie 4x8 ml","_es_post_content":"<p style=\"text-align: justify;\">La aromaterapia STOP! Animal Bodyguard es una alternativa natural a las gotas contra pulgas y garrapatas para su perro, gato, conejo, hur\u00f3n, cobaya y h\u00e1mster. Gracias a su composici\u00f3n suave, tambi\u00e9n es adecuado para madres lactantes, cachorros, gatitos y animales mayores. La aromaterapia STOP! Animal Bodyguard ayuda a mantener el pelaje saludable, libre de picaz\u00f3n y fresco. Debes administrar la Aromaterapia Animal Bodyguard cada 15 d\u00edas seg\u00fan el siguiente calendario:<\/p>\r\n<table style=\"\" border=\"1\">\r\n<thead>\r\n<tr>\r\n<td colspan=\"2\">\r\n<p class=\"bold\" style=\"text-align: center;\"><strong><span id=\"result_box\" class=\"short_text\"><span class=\"hps\">Dosis<\/span><\/span><\/strong><\/p>\r\n<\/td>\r\n<\/tr>\r\n<\/thead>\r\n<tbody>\r\n<tr>\r\n<td><strong><em><strong>Peso corporal\u00a0<br \/><\/strong><\/em><\/strong><\/td>\r\n<td><strong><em><span id=\"result_box\" class=\"short_text\"><span class=\"hps\">Dosis recomendada<br \/><\/span><\/span><\/em><\/strong><\/td>\r\n<\/tr>\r\n<tr>\r\n<td>0-10 kg<\/td>\r\n<td>\u00a02 ml\u00a0<\/td>\r\n<\/tr>\r\n<tr>\r\n<td>10-25 kg<\/td>\r\n<td>\u00a04 ml\u00a0<\/td>\r\n<\/tr>\r\n<tr>\r\n<td>25-40 kg<\/td>\r\n<td>\u00a06\u00a0ml\u00a0<\/td>\r\n<\/tr>\r\n<tr>\r\n<td>40-55kg<\/td>\r\n<td>\u00a08\u00a0ml\u00a0<\/td>\r\n<\/tr>\r\n<\/tbody>\r\n<\/table>\r\n<p>El paquete contiene 4x8ml.<\/p>","_es_post_name":"stop-animal-bodyguard-aromaterapia","_es_post_excerpt":"","_es_post_title":"STOP! Animal Bodyguard Aromaterapia 4x8 ml","edit_language":"nl"},"product_brand":[],"product_cat":[1117,1876,1845,1118,2178,1839,1871,1857,2177,2091,2184,1869,1836,1868,1835,2183,2181,1867,1834,2203,2339,2340],"product_tag":[],"class_list":{"0":"post-117728","1":"product","2":"type-product","3":"status-publish","4":"has-post-thumbnail","6":"product_cat-honden","7":"product_cat-huid-vacht","9":"product_cat-katten","10":"product_cat-kitten","11":"product_cat-medicijnen-supplementen","13":"product_cat-merken","14":"product_cat-puppy","15":"product_cat-stop","16":"product_cat-teken","19":"product_cat-vlooien","22":"product_cat-vlooien-teken-insecten","26":"product_cat-vlooienallergie","28":"pa_aandoening-teken","29":"pa_aandoening-vlooien","30":"pa_doeldier-hond","31":"pa_doeldier-kat","32":"pa_doeldier-kitten","33":"pa_doeldier-knaagdier","34":"pa_doeldier-konijn","35":"pa_doeldier-puppy","36":"pa_fabricatieland-nederland","37":"pa_merkfilter-stop","38":"pa_merkgroep-nml","39":"pa_productsoort-overig","40":"pa_seo_canonical_store_id-not_found_value","41":"pa_seo_category-not_found_value","42":"pa_seo_meta_robots-not_found_value","43":"pa_toedieningswijze-vloeistof","44":"pa_unit_pricing_base_measure-1ct","45":"pa_unit_pricing_measure-4ct","46":"pa_werkzamestof-overig","48":"first","49":"instock","50":"taxable","51":"shipping-taxable","52":"purchasable","53":"product-type-simple"},"yoast_head":"<!-- This site is optimized with the Yoast SEO plugin v27.5 - https:\/\/yoast.com\/product\/yoast-seo-wordpress\/ -->\n<title>STOP! Animal Bodyguard Aromatherapie 4x8 ml - Pharmacy4pets<\/title>\n<meta name=\"robots\" content=\"index, follow, max-snippet:-1, max-image-preview:large, max-video-preview:-1\" \/>\n<link rel=\"canonical\" href=\"https:\/\/p4p-nl.bootmine.com\/%product-slug%\/stop-animal-bodyguard-aromatherapie\" \/>\n<meta property=\"og:locale\" content=\"nl_NL\" \/>\n<meta property=\"og:type\" content=\"article\" \/>\n<meta property=\"og:title\" content=\"STOP! Animal Bodyguard Aromatherapie 4x8 ml - Pharmacy4pets\" \/>\n<meta property=\"og:description\" content=\"STOP! Animal Bodyguard Aromatherapie is h&eacute;t groene alternatief voor vlooien- en tekendruppels voor uw hond, kat, konijn, fret, cavia en hamster.&nbsp;Dankzij de milde samenstelling ook geschikt voor zogende moederdieren, pups, kittens en oudere dieren. STOP! Animal Bodyguard Aromatherapie helpt de vacht gezond, jeukvrij en fris te houden. U dient&nbsp;STOP! Animal Bodyguard Aromatherapie elke 15 dagen [&hellip;]\" \/>\n<meta property=\"og:url\" content=\"https:\/\/p4p-nl.bootmine.com\/%product-slug%\/stop-animal-bodyguard-aromatherapie\" \/>\n<meta property=\"og:site_name\" content=\"Pharmacy4pets\" \/>\n<meta property=\"article:publisher\" content=\"https:\/\/www.facebook.com\/people\/Pharmacy4petsnl\/100063484989896\/\" \/>\n<meta property=\"article:modified_time\" content=\"2026-04-14T08:02:22+00:00\" \/>\n<meta property=\"og:image\" content=\"https:\/\/p4p-nl.bootmine.com\/wp-content\/uploads\/2017\/03\/23451.jpg\" \/>\n\t<meta property=\"og:image:width\" content=\"317\" \/>\n\t<meta property=\"og:image:height\" content=\"190\" \/>\n\t<meta property=\"og:image:type\" content=\"image\/jpeg\" \/>\n<meta name=\"twitter:card\" content=\"summary_large_image\" \/>\n<script type=\"application\/ld+json\" class=\"yoast-schema-graph\">{\"@context\":\"https:\\\/\\\/schema.org\",\"@graph\":[{\"@type\":\"WebPage\",\"@id\":\"https:\\\/\\\/p4p-nl.bootmine.com\\\/%product-slug%\\\/stop-animal-bodyguard-aromatherapie\",\"url\":\"https:\\\/\\\/p4p-nl.bootmine.com\\\/%product-slug%\\\/stop-animal-bodyguard-aromatherapie\",\"name\":\"STOP! Animal Bodyguard Aromatherapie 4x8 ml - Pharmacy4pets\",\"isPartOf\":{\"@id\":\"http:\\\/\\\/www.pharmacy4pets.nl\\\/#website\"},\"primaryImageOfPage\":{\"@id\":\"https:\\\/\\\/p4p-nl.bootmine.com\\\/%product-slug%\\\/stop-animal-bodyguard-aromatherapie#primaryimage\"},\"image\":{\"@id\":\"https:\\\/\\\/p4p-nl.bootmine.com\\\/%product-slug%\\\/stop-animal-bodyguard-aromatherapie#primaryimage\"},\"thumbnailUrl\":\"https:\\\/\\\/www.pharmacy4pets.nl\\\/wp-content\\\/uploads\\\/2017\\\/03\\\/23451.jpg\",\"datePublished\":\"2017-03-30T13:33:13+00:00\",\"dateModified\":\"2026-04-14T08:02:22+00:00\",\"breadcrumb\":{\"@id\":\"https:\\\/\\\/p4p-nl.bootmine.com\\\/%product-slug%\\\/stop-animal-bodyguard-aromatherapie#breadcrumb\"},\"inLanguage\":\"nl-NL\",\"potentialAction\":[{\"@type\":\"ReadAction\",\"target\":[\"https:\\\/\\\/p4p-nl.bootmine.com\\\/%product-slug%\\\/stop-animal-bodyguard-aromatherapie\"]}]},{\"@type\":\"ImageObject\",\"inLanguage\":\"nl-NL\",\"@id\":\"https:\\\/\\\/p4p-nl.bootmine.com\\\/%product-slug%\\\/stop-animal-bodyguard-aromatherapie#primaryimage\",\"url\":\"https:\\\/\\\/www.pharmacy4pets.nl\\\/wp-content\\\/uploads\\\/2017\\\/03\\\/23451.jpg\",\"contentUrl\":\"https:\\\/\\\/www.pharmacy4pets.nl\\\/wp-content\\\/uploads\\\/2017\\\/03\\\/23451.jpg\",\"width\":317,\"height\":190,\"caption\":\"STOP!\"},{\"@type\":\"BreadcrumbList\",\"@id\":\"https:\\\/\\\/p4p-nl.bootmine.com\\\/%product-slug%\\\/stop-animal-bodyguard-aromatherapie#breadcrumb\",\"itemListElement\":[{\"@type\":\"ListItem\",\"position\":1,\"name\":\"Home\",\"item\":\"https:\\\/\\\/p4p-nl.bootmine.com\\\/\"},{\"@type\":\"ListItem\",\"position\":2,\"name\":\"Winkel\",\"item\":\"https:\\\/\\\/p4p-nl.bootmine.com\\\/winkel\"},{\"@type\":\"ListItem\",\"position\":3,\"name\":\"STOP! Animal Bodyguard Aromatherapie 4&#215;8 ml\"}]},{\"@type\":\"WebSite\",\"@id\":\"http:\\\/\\\/www.pharmacy4pets.nl\\\/#website\",\"url\":\"http:\\\/\\\/www.pharmacy4pets.nl\\\/\",\"name\":\"Pharmacy4pets\",\"description\":\"Pharmacy4pets.nl is d\u00e9 online apotheek waar u terecht kunt voor alle diergeneesmiddelen, verzorgingsproducten en dieetvoeding voor uw huisdier.\",\"publisher\":{\"@id\":\"http:\\\/\\\/www.pharmacy4pets.nl\\\/#organization\"},\"potentialAction\":[{\"@type\":\"SearchAction\",\"target\":{\"@type\":\"EntryPoint\",\"urlTemplate\":\"http:\\\/\\\/www.pharmacy4pets.nl\\\/?s={search_term_string}\"},\"query-input\":{\"@type\":\"PropertyValueSpecification\",\"valueRequired\":true,\"valueName\":\"search_term_string\"}}],\"inLanguage\":\"nl-NL\"},{\"@type\":\"Organization\",\"@id\":\"http:\\\/\\\/www.pharmacy4pets.nl\\\/#organization\",\"name\":\"Pharmacy4pets\",\"url\":\"http:\\\/\\\/www.pharmacy4pets.nl\\\/\",\"logo\":{\"@type\":\"ImageObject\",\"inLanguage\":\"nl-NL\",\"@id\":\"http:\\\/\\\/www.pharmacy4pets.nl\\\/#\\\/schema\\\/logo\\\/image\\\/\",\"url\":\"https:\\\/\\\/p4p-nl.bootmine.com\\\/wp-content\\\/uploads\\\/2026\\\/03\\\/logo-pharmacy4pets.png\",\"contentUrl\":\"https:\\\/\\\/p4p-nl.bootmine.com\\\/wp-content\\\/uploads\\\/2026\\\/03\\\/logo-pharmacy4pets.png\",\"width\":1024,\"height\":135,\"caption\":\"Pharmacy4pets\"},\"image\":{\"@id\":\"http:\\\/\\\/www.pharmacy4pets.nl\\\/#\\\/schema\\\/logo\\\/image\\\/\"},\"sameAs\":[\"https:\\\/\\\/www.facebook.com\\\/people\\\/Pharmacy4petsnl\\\/100063484989896\\\/\",\"https:\\\/\\\/www.youtube.com\\\/channel\\\/UCGPTIgucgli03tP2_kvLkHg\\\/featured\",\"https:\\\/\\\/www.instagram.com\\\/pharmacy4pets.nl\"]}]}<\/script>\n<!-- \/ Yoast SEO plugin. -->","yoast_head_json":{"title":"STOP! Animal Bodyguard Aromatherapie 4x8 ml - Pharmacy4pets","robots":{"index":"index","follow":"follow","max-snippet":"max-snippet:-1","max-image-preview":"max-image-preview:large","max-video-preview":"max-video-preview:-1"},"canonical":"https:\/\/p4p-nl.bootmine.com\/%product-slug%\/stop-animal-bodyguard-aromatherapie","og_locale":"nl_NL","og_type":"article","og_title":"STOP! Animal Bodyguard Aromatherapie 4x8 ml - Pharmacy4pets","og_description":"STOP! Animal Bodyguard Aromatherapie is h&eacute;t groene alternatief voor vlooien- en tekendruppels voor uw hond, kat, konijn, fret, cavia en hamster.&nbsp;Dankzij de milde samenstelling ook geschikt voor zogende moederdieren, pups, kittens en oudere dieren. STOP! Animal Bodyguard Aromatherapie helpt de vacht gezond, jeukvrij en fris te houden. U dient&nbsp;STOP! Animal Bodyguard Aromatherapie elke 15 dagen [&hellip;]","og_url":"https:\/\/p4p-nl.bootmine.com\/%product-slug%\/stop-animal-bodyguard-aromatherapie","og_site_name":"Pharmacy4pets","article_publisher":"https:\/\/www.facebook.com\/people\/Pharmacy4petsnl\/100063484989896\/","article_modified_time":"2026-04-14T08:02:22+00:00","og_image":[{"width":317,"height":190,"url":"https:\/\/p4p-nl.bootmine.com\/wp-content\/uploads\/2017\/03\/23451.jpg","type":"image\/jpeg"}],"twitter_card":"summary_large_image","schema":{"@context":"https:\/\/schema.org","@graph":[{"@type":"WebPage","@id":"https:\/\/p4p-nl.bootmine.com\/%product-slug%\/stop-animal-bodyguard-aromatherapie","url":"https:\/\/p4p-nl.bootmine.com\/%product-slug%\/stop-animal-bodyguard-aromatherapie","name":"STOP! Animal Bodyguard Aromatherapie 4x8 ml - Pharmacy4pets","isPartOf":{"@id":"http:\/\/www.pharmacy4pets.nl\/#website"},"primaryImageOfPage":{"@id":"https:\/\/p4p-nl.bootmine.com\/%product-slug%\/stop-animal-bodyguard-aromatherapie#primaryimage"},"image":{"@id":"https:\/\/p4p-nl.bootmine.com\/%product-slug%\/stop-animal-bodyguard-aromatherapie#primaryimage"},"thumbnailUrl":"https:\/\/www.pharmacy4pets.nl\/wp-content\/uploads\/2017\/03\/23451.jpg","datePublished":"2017-03-30T13:33:13+00:00","dateModified":"2026-04-14T08:02:22+00:00","breadcrumb":{"@id":"https:\/\/p4p-nl.bootmine.com\/%product-slug%\/stop-animal-bodyguard-aromatherapie#breadcrumb"},"inLanguage":"nl-NL","potentialAction":[{"@type":"ReadAction","target":["https:\/\/p4p-nl.bootmine.com\/%product-slug%\/stop-animal-bodyguard-aromatherapie"]}]},{"@type":"ImageObject","inLanguage":"nl-NL","@id":"https:\/\/p4p-nl.bootmine.com\/%product-slug%\/stop-animal-bodyguard-aromatherapie#primaryimage","url":"https:\/\/www.pharmacy4pets.nl\/wp-content\/uploads\/2017\/03\/23451.jpg","contentUrl":"https:\/\/www.pharmacy4pets.nl\/wp-content\/uploads\/2017\/03\/23451.jpg","width":317,"height":190,"caption":"STOP!"},{"@type":"BreadcrumbList","@id":"https:\/\/p4p-nl.bootmine.com\/%product-slug%\/stop-animal-bodyguard-aromatherapie#breadcrumb","itemListElement":[{"@type":"ListItem","position":1,"name":"Home","item":"https:\/\/p4p-nl.bootmine.com\/"},{"@type":"ListItem","position":2,"name":"Winkel","item":"https:\/\/p4p-nl.bootmine.com\/winkel"},{"@type":"ListItem","position":3,"name":"STOP! Animal Bodyguard Aromatherapie 4&#215;8 ml"}]},{"@type":"WebSite","@id":"http:\/\/www.pharmacy4pets.nl\/#website","url":"http:\/\/www.pharmacy4pets.nl\/","name":"Pharmacy4pets","description":"Pharmacy4pets.nl is d\u00e9 online apotheek waar u terecht kunt voor alle diergeneesmiddelen, verzorgingsproducten en dieetvoeding voor uw huisdier.","publisher":{"@id":"http:\/\/www.pharmacy4pets.nl\/#organization"},"potentialAction":[{"@type":"SearchAction","target":{"@type":"EntryPoint","urlTemplate":"http:\/\/www.pharmacy4pets.nl\/?s={search_term_string}"},"query-input":{"@type":"PropertyValueSpecification","valueRequired":true,"valueName":"search_term_string"}}],"inLanguage":"nl-NL"},{"@type":"Organization","@id":"http:\/\/www.pharmacy4pets.nl\/#organization","name":"Pharmacy4pets","url":"http:\/\/www.pharmacy4pets.nl\/","logo":{"@type":"ImageObject","inLanguage":"nl-NL","@id":"http:\/\/www.pharmacy4pets.nl\/#\/schema\/logo\/image\/","url":"https:\/\/p4p-nl.bootmine.com\/wp-content\/uploads\/2026\/03\/logo-pharmacy4pets.png","contentUrl":"https:\/\/p4p-nl.bootmine.com\/wp-content\/uploads\/2026\/03\/logo-pharmacy4pets.png","width":1024,"height":135,"caption":"Pharmacy4pets"},"image":{"@id":"http:\/\/www.pharmacy4pets.nl\/#\/schema\/logo\/image\/"},"sameAs":["https:\/\/www.facebook.com\/people\/Pharmacy4petsnl\/100063484989896\/","https:\/\/www.youtube.com\/channel\/UCGPTIgucgli03tP2_kvLkHg\/featured","https:\/\/www.instagram.com\/pharmacy4pets.nl"]}]}},"market_data":{"nl":{"price":0,"sale_price":0,"active":false,"url":null,"parent_url":"","tax_rate":0,"price_inc_tax":0,"sale_price_inc_tax":0},"de":{"price":0,"sale_price":0,"active":false,"url":null,"parent_url":"","tax_rate":0,"price_inc_tax":0,"sale_price_inc_tax":0},"be":{"price":0,"sale_price":0,"active":false,"url":null,"parent_url":"","tax_rate":0,"price_inc_tax":0,"sale_price_inc_tax":0},"fr":{"price":0,"sale_price":0,"active":false,"url":null,"parent_url":"","tax_rate":0,"price_inc_tax":0,"sale_price_inc_tax":0},"ch":{"price":0,"sale_price":0,"active":false,"url":null,"parent_url":"","tax_rate":0,"price_inc_tax":0,"sale_price_inc_tax":0},"at":{"price":0,"sale_price":0,"active":false,"url":null,"parent_url":"","tax_rate":0,"price_inc_tax":0,"sale_price_inc_tax":0},"es":{"price":0,"sale_price":0,"active":false,"url":null,"parent_url":"","tax_rate":0,"price_inc_tax":0,"sale_price_inc_tax":0},"dk":{"price":0,"sale_price":0,"active":false,"url":null,"parent_url":"","tax_rate":0,"price_inc_tax":0,"sale_price_inc_tax":0},"com":{"price":0,"sale_price":0,"active":false,"url":null,"parent_url":"","tax_rate":0,"price_inc_tax":0,"sale_price_inc_tax":0}},"market_nl_price":0,"market_nl_sale_price":0,"market_nl_active":false,"market_nl_url":null,"market_nl_parent_url":"","market_nl_tax_rate":0,"market_nl_price_inc_tax":0,"market_nl_sale_price_inc_tax":0,"market_de_price":0,"market_de_sale_price":0,"market_de_active":false,"market_de_url":null,"market_de_parent_url":"","market_de_tax_rate":0,"market_de_price_inc_tax":0,"market_de_sale_price_inc_tax":0,"market_be_price":0,"market_be_sale_price":0,"market_be_active":false,"market_be_url":null,"market_be_parent_url":"","market_be_tax_rate":0,"market_be_price_inc_tax":0,"market_be_sale_price_inc_tax":0,"market_fr_price":0,"market_fr_sale_price":0,"market_fr_active":false,"market_fr_url":null,"market_fr_parent_url":"","market_fr_tax_rate":0,"market_fr_price_inc_tax":0,"market_fr_sale_price_inc_tax":0,"market_ch_price":0,"market_ch_sale_price":0,"market_ch_active":false,"market_ch_url":null,"market_ch_parent_url":"","market_ch_tax_rate":0,"market_ch_price_inc_tax":0,"market_ch_sale_price_inc_tax":0,"market_at_price":0,"market_at_sale_price":0,"market_at_active":false,"market_at_url":null,"market_at_parent_url":"","market_at_tax_rate":0,"market_at_price_inc_tax":0,"market_at_sale_price_inc_tax":0,"market_es_price":0,"market_es_sale_price":0,"market_es_active":false,"market_es_url":null,"market_es_parent_url":"","market_es_tax_rate":0,"market_es_price_inc_tax":0,"market_es_sale_price_inc_tax":0,"market_dk_price":0,"market_dk_sale_price":0,"market_dk_active":false,"market_dk_url":null,"market_dk_parent_url":"","market_dk_tax_rate":0,"market_dk_price_inc_tax":0,"market_dk_sale_price_inc_tax":0,"market_com_price":0,"market_com_sale_price":0,"market_com_active":false,"market_com_url":null,"market_com_parent_url":"","market_com_tax_rate":0,"market_com_price_inc_tax":0,"market_com_sale_price_inc_tax":0,"acf":[],"_links":{"self":[{"href":"https:\/\/www.pharmacy4pets.nl\/be\/wp-json\/wp\/v2\/product\/117728","targetHints":{"allow":["GET"]}}],"collection":[{"href":"https:\/\/www.pharmacy4pets.nl\/be\/wp-json\/wp\/v2\/product"}],"about":[{"href":"https:\/\/www.pharmacy4pets.nl\/be\/wp-json\/wp\/v2\/types\/product"}],"replies":[{"embeddable":true,"href":"https:\/\/www.pharmacy4pets.nl\/be\/wp-json\/wp\/v2\/comments?post=117728"}],"wp:featuredmedia":[{"embeddable":true,"href":"https:\/\/www.pharmacy4pets.nl\/be\/wp-json\/wp\/v2\/media\/117727"}],"wp:attachment":[{"href":"https:\/\/www.pharmacy4pets.nl\/be\/wp-json\/wp\/v2\/media?parent=117728"}],"wp:term":[{"taxonomy":"product_brand","embeddable":true,"href":"https:\/\/www.pharmacy4pets.nl\/be\/wp-json\/wp\/v2\/product_brand?post=117728"},{"taxonomy":"product_cat","embeddable":true,"href":"https:\/\/www.pharmacy4pets.nl\/be\/wp-json\/wp\/v2\/product_cat?post=117728"},{"taxonomy":"product_tag","embeddable":true,"href":"https:\/\/www.pharmacy4pets.nl\/be\/wp-json\/wp\/v2\/product_tag?post=117728"}],"curies":[{"name":"wp","href":"https:\/\/api.w.org\/{rel}","templated":true}]}}