{"id":117704,"date":"2017-03-08T14:18:28","date_gmt":"2017-03-08T14:18:28","guid":{"rendered":"https:\/\/p4p.test\/hondenschoen-walker-care"},"modified":"2026-03-25T11:56:42","modified_gmt":"2026-03-25T11:56:42","slug":"hondenschoen-walker-care","status":"publish","type":"product","link":"https:\/\/www.pharmacy4pets.nl\/be\/hondenschoen-walker-care","title":{"rendered":"Trixie Walker Care Hondenschoen"},"content":{"rendered":"<p style=\"text-align: justify;\">De Trixie Walker Care hondenschoenen beschermen de voetzolen van uw hond tegen vuil, kou, vochtigheid en strooizout. De schoenen zijn daarom ook perfect als uw hond last heeft van zijn poten of een wondje heeft. Deze kunnen dan sneller genezen.<\/p>\n<p style=\"text-align: justify;\">De schoenen zijn aangenaam voor de hond aangezien ze van zacht materiaal gemaakt zijn. Tevens zijn de schoenen makkelijk te verstellen door middel van het klittenband.<\/p>\n<table border=\"1\">\n<thead>\n<tr>\n<td colspan=\"2\">\n<p class=\"bold\" style=\"text-align: center;\"><strong><span id=\"result_box\" class=\"short_text\"><span class=\"hps\">Benodigde maat<\/span><\/span><\/strong><\/p>\n<\/td>\n<\/tr>\n<\/thead>\n<tbody>\n<tr>\n<td><strong><em><strong>Maat<br \/><\/strong><\/em><\/strong><\/td>\n<td><strong><em><span id=\"result_box\" class=\"short_text\"><span class=\"hps\">Rasgrootte<br \/><\/span><\/span><\/em><\/strong><\/td>\n<\/tr>\n<tr>\n<td>S<\/td>\n<td>Jack Russel, Yorkshire Terrier<\/td>\n<\/tr>\n<tr>\n<td>M<\/td>\n<td>Beagle, Border Collie<\/td>\n<\/tr>\n<tr>\n<td>L<\/td>\n<td>Labrabor, Golden Retriever<\/td>\n<\/tr>\n<tr>\n<td>XL<\/td>\n<td>Duitse Herder<\/td>\n<\/tr>\n<tr>\n<td>XXL<\/td>\n<td>Rottweiler<\/td>\n<\/tr>\n<tr>\n<td>XXXL<\/td>\n<td>Berner Sennen, Newfoundlander<\/td>\n<\/tr>\n<\/tbody>\n<\/table>\n<p style=\"text-align: justify;\"><em>Let op: De verpakking bevat 2 hondenschoenen. Dit komt doordat de voor en achter poten van uw hond soms een andere maat hebben.<\/em><\/p>\n","protected":false},"excerpt":{"rendered":"<p>De Trixie Walker Care hondenschoenen beschermen de voetzolen van uw hond tegen vuil, kou, vochtigheid en strooizout. De schoenen zijn daarom ook perfect als uw hond last heeft van zijn poten of een wondje heeft. Deze kunnen dan sneller genezen. De schoenen zijn aangenaam voor de hond aangezien ze van zacht materiaal gemaakt zijn. Tevens [&hellip;]<\/p>\n","protected":false},"featured_media":117700,"comment_status":"open","ping_status":"closed","template":"","meta":{"_acf_changed":false,"_nl_post_content":"<p style=\"text-align: justify;\">De Trixie Walker Care hondenschoenen beschermen de voetzolen van uw hond tegen vuil, kou, vochtigheid en strooizout. De schoenen zijn daarom ook perfect als uw hond last heeft van zijn poten of een wondje heeft. Deze kunnen dan sneller genezen.<\/p>\r\n<p style=\"text-align: justify;\">De schoenen zijn aangenaam voor de hond aangezien ze van zacht materiaal gemaakt zijn. Tevens zijn de schoenen makkelijk te verstellen door middel van het klittenband.<\/p>\r\n<table border=\"1\">\r\n<thead>\r\n<tr>\r\n<td colspan=\"2\">\r\n<p class=\"bold\" style=\"text-align: center;\"><strong><span id=\"result_box\" class=\"short_text\"><span class=\"hps\">Benodigde maat<\/span><\/span><\/strong><\/p>\r\n<\/td>\r\n<\/tr>\r\n<\/thead>\r\n<tbody>\r\n<tr>\r\n<td><strong><em><strong>Maat<br \/><\/strong><\/em><\/strong><\/td>\r\n<td><strong><em><span id=\"result_box\" class=\"short_text\"><span class=\"hps\">Rasgrootte<br \/><\/span><\/span><\/em><\/strong><\/td>\r\n<\/tr>\r\n<tr>\r\n<td>S<\/td>\r\n<td>Jack Russel, Yorkshire Terrier<\/td>\r\n<\/tr>\r\n<tr>\r\n<td>M<\/td>\r\n<td>Beagle, Border Collie<\/td>\r\n<\/tr>\r\n<tr>\r\n<td>L<\/td>\r\n<td>Labrabor, Golden Retriever<\/td>\r\n<\/tr>\r\n<tr>\r\n<td>XL<\/td>\r\n<td>Duitse Herder<\/td>\r\n<\/tr>\r\n<tr>\r\n<td>XXL<\/td>\r\n<td>Rottweiler<\/td>\r\n<\/tr>\r\n<tr>\r\n<td>XXXL<\/td>\r\n<td>Berner Sennen, Newfoundlander<\/td>\r\n<\/tr>\r\n<\/tbody>\r\n<\/table>\r\n<p style=\"text-align: justify;\"><em>Let op: De verpakking bevat 2 hondenschoenen. Dit komt doordat de voor en achter poten van uw hond soms een andere maat hebben.<\/em><\/p>","_nl_post_name":"hondenschoen-walker-care","_nl_post_excerpt":"","_nl_post_title":"Trixie Walker Care Hondenschoen","_en_post_content":"<p style=\"text-align: justify;\">The dog shoes from Walker Care protect the feet from the dog against dirt, cold, humidity and salt. For this reason the shoes are perfect if your dog suffors from his feet or has a wound on it. It will help the feet to heal faster.<\/p>\r\n<p style=\"text-align: justify;\">The protective shoes are kind on the dog because of the fact that they are made of soft material. Also, the shoes are easily adjustable through the attached velcro.<\/p>\r\n<table style=\"\" border=\"1\">\r\n<thead>\r\n<tr>\r\n<td colspan=\"2\">\r\n<p class=\"bold\" style=\"text-align: center;\"><strong><span id=\"result_box\" class=\"short_text\"><span class=\"hps\">Size<\/span><\/span><\/strong><\/p>\r\n<\/td>\r\n<\/tr>\r\n<\/thead>\r\n<tbody>\r\n<tr>\r\n<td><strong><em><strong>Size<\/strong><\/em><\/strong><\/td>\r\n<td><strong><em><span id=\"result_box\" class=\"short_text\"><span class=\"hps\">Rasgrootte<br \/><\/span><\/span><\/em><\/strong><\/td>\r\n<\/tr>\r\n<tr>\r\n<td>S<\/td>\r\n<td>Jack Russel, Yorkshire Terrier<\/td>\r\n<\/tr>\r\n<tr>\r\n<td>M<\/td>\r\n<td>Beagle, Border Collie<\/td>\r\n<\/tr>\r\n<tr>\r\n<td>L<\/td>\r\n<td>Labrabor, Golden Retriever<\/td>\r\n<\/tr>\r\n<tr>\r\n<td>XL<\/td>\r\n<td>German Shepherd<\/td>\r\n<\/tr>\r\n<tr>\r\n<td>XXL<\/td>\r\n<td>Rottweiler<\/td>\r\n<\/tr>\r\n<tr>\r\n<td>XXXL<\/td>\r\n<td>Bernese Mountain Dog, Newfoundlander<\/td>\r\n<\/tr>\r\n<\/tbody>\r\n<\/table>\r\n<p><em>Attention: The package only contains 2 dog shoes. This is because your dogs feet sometimes have a different size on the front and back.&nbsp;<\/em><\/p>","_en_post_name":"hondenschoen-walker-care","_en_post_excerpt":"","_en_post_title":"Walker Care Dog shoe ","_de_post_content":"<p style=\"text-align: justify;\">Die hundeschuhe von Walker Care sch&uuml;tzen die Fu&szlig;sohlen Ihres Hundes gegen Schmutz, K&auml;lte, N&auml;sse und Streusal&szlig;. Die Schuhe sind deswegen auch perfekt wenn etwas los ist mit den F&uuml;&szlig;en Ihres Hundes oder wenn Ihr Hund eine kleine Wunde hat. Diese heilen dann schneller.<\/p>\r\n<p style=\"text-align: justify;\">Die Schuhe sind sehr angenehm f&uuml;r den Hund weil sie aus zartem Material gefertigt sind. Durch den Klettverschlu&szlig; ist es auch m&ouml;glich die Schuhe auf einfache Weise anzupassen.<\/p>\r\n<table style=\"\" border=\"1\">\r\n<thead>\r\n<tr>\r\n<td colspan=\"2\">\r\n<p class=\"bold\" style=\"text-align: center;\"><strong><span id=\"result_box\" class=\"short_text\"><span class=\"hps\">Die Ma&szlig;e<\/span><\/span><\/strong><\/p>\r\n<\/td>\r\n<\/tr>\r\n<\/thead>\r\n<tbody>\r\n<tr>\r\n<td><strong><em><strong>Gr&ouml;&szlig;e<\/strong><\/em><\/strong><\/td>\r\n<td><strong><em><span id=\"result_box\" class=\"short_text\"><span class=\"hps\">Rasgrootte<br \/><\/span><\/span><\/em><\/strong><\/td>\r\n<\/tr>\r\n<tr>\r\n<td>S<\/td>\r\n<td>Jack Russel, Yorkshire Terrier<\/td>\r\n<\/tr>\r\n<tr>\r\n<td>M<\/td>\r\n<td>Beagle, Border Collie<\/td>\r\n<\/tr>\r\n<tr>\r\n<td>L<\/td>\r\n<td>Labrabor, Golden Retriever<\/td>\r\n<\/tr>\r\n<tr>\r\n<td>XL<\/td>\r\n<td>Deutsche Sch&auml;ferhund<\/td>\r\n<\/tr>\r\n<tr>\r\n<td>XXL<\/td>\r\n<td>Rottweiler<\/td>\r\n<\/tr>\r\n<tr>\r\n<td>XXXL<\/td>\r\n<td>Berner Sennenhund<\/td>\r\n<\/tr>\r\n<\/tbody>\r\n<\/table>\r\n<p style=\"text-align: justify;\"><em><em>Aufpassen bitte: Die Verpackung enth&auml;lt nur zwei Hundeschuhe. Dies ist weil die vordere und hintere Beine des Hundes manchmal eine andere Gr&ouml;&szlig;e haben.<\/em><\/em><\/p>","_de_post_name":"hondenschoen-walker-care","_de_post_excerpt":"","_de_post_title":"Walker Care Hundeschuhe","_fr_post_content":"<p style=\"text-align: justify;\">Hondenschoenen van Walker Care beschermen de voetzolen van de hond tegen vuil, kou, vochtigheid en strooizout. De schoenen zijn daarom ook perfect als uw hond last heeft van zijn poten of een wondje heeft. Deze kunnen dan sneller genezen.<\/p>\r\n<p style=\"text-align: justify;\">De schoenen zijn aangenaam voor de hond aangezien ze van zacht materiaal gemaakt zijn. Tevens zijn de schoenen makkelijk te verstellen door middel van het klittenband.<\/p>\r\n<table style=\"\" border=\"1\">\r\n<thead>\r\n<tr>\r\n<td colspan=\"2\">\r\n<p class=\"bold\" style=\"text-align: center;\"><strong><span id=\"result_box\" class=\"short_text\"><span class=\"hps\">Benodigde maat<\/span><\/span><\/strong><\/p>\r\n<\/td>\r\n<\/tr>\r\n<\/thead>\r\n<tbody>\r\n<tr>\r\n<td><strong><em><strong>Maat<br \/><\/strong><\/em><\/strong><\/td>\r\n<td><strong><em><span id=\"result_box\" class=\"short_text\"><span class=\"hps\">Rasgrootte<br \/><\/span><\/span><\/em><\/strong><\/td>\r\n<\/tr>\r\n<tr>\r\n<td>S<\/td>\r\n<td>Jack Russel, Yorkshire Terrier<\/td>\r\n<\/tr>\r\n<tr>\r\n<td>M<\/td>\r\n<td>Beagle, Border Collie<\/td>\r\n<\/tr>\r\n<tr>\r\n<td>L<\/td>\r\n<td>Labrabor, Golden Retriever<\/td>\r\n<\/tr>\r\n<tr>\r\n<td>XL<\/td>\r\n<td>Duitse Herder<\/td>\r\n<\/tr>\r\n<tr>\r\n<td>XXL<\/td>\r\n<td>Rottweiler<\/td>\r\n<\/tr>\r\n<tr>\r\n<td>XXXL<\/td>\r\n<td>Berner Sennen, Newfoundlander<\/td>\r\n<\/tr>\r\n<\/tbody>\r\n<\/table>\r\n<p style=\"text-align: justify;\"><em>Let op: De verpakking bevat 2 hondenschoenen. Dit komt doordat de voor en achter poten van uw hond soms een andere maat hebben.<\/em><\/p>","_fr_post_name":"hondenschoen-walker-care","_fr_post_excerpt":"","_fr_post_title":"Walker Care Hondenschoen ","_es_post_content":"<p>Los zapatos para perros Trixie Walker Care protegen las almohadillas de las patas del perro contra la suciedad, el fr\u00edo, la humedad y la sal del camino. Por lo tanto, los zapatos tambi\u00e9n son perfectos si su perro tiene problemas con las patas o tiene una herida. Estos pueden sanar m\u00e1s r\u00e1pido.<\/p>\r\n<p>Los zapatos son agradables para el perro ya que est\u00e1n hechos de un material suave. Los zapatos tambi\u00e9n son f\u00e1ciles de ajustar por medio del velcro.<\/p>\r\n<table style=\"\" border=\"1\">\r\n<thead>\r\n<tr>\r\n<td colspan=\"2\">\r\n<p class=\"bold\" style=\"text-align: center;\"><strong><span id=\"result_box\" class=\"short_text\"><span class=\"hps\">Tama\u00f1os<\/span><\/span><\/strong><\/p>\r\n<\/td>\r\n<\/tr>\r\n<\/thead>\r\n<tbody>\r\n<tr>\r\n<td><strong><em><strong>Tama\u00f1o<br \/><\/strong><\/em><\/strong><\/td>\r\n<td><strong><em><span id=\"result_box\" class=\"short_text\"><span class=\"hps\">Tama\u00f1o de la raza<br \/><\/span><\/span><\/em><\/strong><\/td>\r\n<\/tr>\r\n<tr>\r\n<td>S<\/td>\r\n<td>Jack Russel, Yorkshire Terrier<\/td>\r\n<\/tr>\r\n<tr>\r\n<td>M<\/td>\r\n<td>Beagle, Border Collie<\/td>\r\n<\/tr>\r\n<tr>\r\n<td>L<\/td>\r\n<td>Labrabor, Golden Retriever<\/td>\r\n<\/tr>\r\n<tr>\r\n<td>XL<\/td>\r\n<td>Pastor alem\u00e1n<\/td>\r\n<\/tr>\r\n<tr>\r\n<td>XXL<\/td>\r\n<td>Rottweiler<\/td>\r\n<\/tr>\r\n<tr>\r\n<td>XXXL<\/td>\r\n<td>Boyero de Berna, Terranova<\/td>\r\n<\/tr>\r\n<\/tbody>\r\n<\/table>\r\n<p style=\"text-align: justify;\">\u00a0<\/p>\r\n<p style=\"text-align: justify;\"><em>Nota: El paquete contiene 2 zapatos para perros. Esto se debe a que las patas delanteras y traseras de su perro a veces tienen diferentes tama\u00f1os.<\/em><\/p>","_es_post_name":"trixie-walker-care-zapatos-para-perros","_es_post_excerpt":"","_es_post_title":"Trixie Walker Care zapatos para perros","edit_language":"nl"},"product_brand":[],"product_cat":[1861,2130,1862,1117],"product_tag":[],"class_list":{"0":"post-117704","1":"product","2":"type-product","3":"status-publish","4":"has-post-thumbnail","6":"product_cat-benodigdheden","7":"product_cat-beschermende-shirts","8":"product_cat-ehbo","9":"product_cat-honden","10":"pa_aandoening-wond_ehbo","11":"pa_doeldier-hond","12":"pa_fabricatieland-duitsland","13":"pa_merkfilter-trixie","14":"pa_productsoort-overig","15":"pa_seo_canonical_store_id-not_found_value","16":"pa_seo_category-not_found_value","17":"pa_seo_meta_robots-not_found_value","18":"pa_toedieningswijze-schoenen","19":"pa_werkzamestof-overig","21":"first","22":"instock","23":"taxable","24":"shipping-taxable","25":"product-type-grouped"},"yoast_head":"<!-- This site is optimized with the Yoast SEO plugin v27.5 - https:\/\/yoast.com\/product\/yoast-seo-wordpress\/ -->\n<title>Trixie Walker Care Hondenschoen - Pharmacy4pets<\/title>\n<meta name=\"robots\" content=\"index, follow, max-snippet:-1, max-image-preview:large, max-video-preview:-1\" \/>\n<link rel=\"canonical\" href=\"https:\/\/p4p-nl.bootmine.com\/%product-slug%\/hondenschoen-walker-care\" \/>\n<meta property=\"og:locale\" content=\"nl_NL\" \/>\n<meta property=\"og:type\" content=\"article\" \/>\n<meta property=\"og:title\" content=\"Trixie Walker Care Hondenschoen - Pharmacy4pets\" \/>\n<meta property=\"og:description\" content=\"De Trixie Walker Care hondenschoenen beschermen de voetzolen van uw hond tegen vuil, kou, vochtigheid en strooizout. De schoenen zijn daarom ook perfect als uw hond last heeft van zijn poten of een wondje heeft. Deze kunnen dan sneller genezen. De schoenen zijn aangenaam voor de hond aangezien ze van zacht materiaal gemaakt zijn. Tevens [&hellip;]\" \/>\n<meta property=\"og:url\" content=\"https:\/\/p4p-nl.bootmine.com\/%product-slug%\/hondenschoen-walker-care\" \/>\n<meta property=\"og:site_name\" content=\"Pharmacy4pets\" \/>\n<meta property=\"article:publisher\" content=\"https:\/\/www.facebook.com\/people\/Pharmacy4petsnl\/100063484989896\/\" \/>\n<meta property=\"article:modified_time\" content=\"2026-03-25T11:56:42+00:00\" \/>\n<meta property=\"og:image\" content=\"https:\/\/p4p-nl.bootmine.com\/wp-content\/uploads\/2017\/03\/23393_2.jpg\" \/>\n\t<meta property=\"og:image:width\" content=\"291\" \/>\n\t<meta property=\"og:image:height\" content=\"317\" \/>\n\t<meta property=\"og:image:type\" content=\"image\/jpeg\" \/>\n<meta name=\"twitter:card\" content=\"summary_large_image\" \/>\n<meta name=\"twitter:label1\" content=\"Geschatte leestijd\" \/>\n\t<meta name=\"twitter:data1\" content=\"1 minuut\" \/>\n<script type=\"application\/ld+json\" class=\"yoast-schema-graph\">{\"@context\":\"https:\\\/\\\/schema.org\",\"@graph\":[{\"@type\":\"WebPage\",\"@id\":\"https:\\\/\\\/p4p-nl.bootmine.com\\\/%product-slug%\\\/hondenschoen-walker-care\",\"url\":\"https:\\\/\\\/p4p-nl.bootmine.com\\\/%product-slug%\\\/hondenschoen-walker-care\",\"name\":\"Trixie Walker Care Hondenschoen - Pharmacy4pets\",\"isPartOf\":{\"@id\":\"http:\\\/\\\/www.pharmacy4pets.nl\\\/#website\"},\"primaryImageOfPage\":{\"@id\":\"https:\\\/\\\/p4p-nl.bootmine.com\\\/%product-slug%\\\/hondenschoen-walker-care#primaryimage\"},\"image\":{\"@id\":\"https:\\\/\\\/p4p-nl.bootmine.com\\\/%product-slug%\\\/hondenschoen-walker-care#primaryimage\"},\"thumbnailUrl\":\"https:\\\/\\\/www.pharmacy4pets.nl\\\/wp-content\\\/uploads\\\/2017\\\/03\\\/23393_2.jpg\",\"datePublished\":\"2017-03-08T14:18:28+00:00\",\"dateModified\":\"2026-03-25T11:56:42+00:00\",\"breadcrumb\":{\"@id\":\"https:\\\/\\\/p4p-nl.bootmine.com\\\/%product-slug%\\\/hondenschoen-walker-care#breadcrumb\"},\"inLanguage\":\"nl-NL\",\"potentialAction\":[{\"@type\":\"ReadAction\",\"target\":[\"https:\\\/\\\/p4p-nl.bootmine.com\\\/%product-slug%\\\/hondenschoen-walker-care\"]}]},{\"@type\":\"ImageObject\",\"inLanguage\":\"nl-NL\",\"@id\":\"https:\\\/\\\/p4p-nl.bootmine.com\\\/%product-slug%\\\/hondenschoen-walker-care#primaryimage\",\"url\":\"https:\\\/\\\/www.pharmacy4pets.nl\\\/wp-content\\\/uploads\\\/2017\\\/03\\\/23393_2.jpg\",\"contentUrl\":\"https:\\\/\\\/www.pharmacy4pets.nl\\\/wp-content\\\/uploads\\\/2017\\\/03\\\/23393_2.jpg\",\"width\":291,\"height\":317,\"caption\":\"Trixie\"},{\"@type\":\"BreadcrumbList\",\"@id\":\"https:\\\/\\\/p4p-nl.bootmine.com\\\/%product-slug%\\\/hondenschoen-walker-care#breadcrumb\",\"itemListElement\":[{\"@type\":\"ListItem\",\"position\":1,\"name\":\"Home\",\"item\":\"https:\\\/\\\/p4p-nl.bootmine.com\\\/\"},{\"@type\":\"ListItem\",\"position\":2,\"name\":\"Winkel\",\"item\":\"https:\\\/\\\/p4p-nl.bootmine.com\\\/winkel\"},{\"@type\":\"ListItem\",\"position\":3,\"name\":\"Trixie Walker Care Hondenschoen\"}]},{\"@type\":\"WebSite\",\"@id\":\"http:\\\/\\\/www.pharmacy4pets.nl\\\/#website\",\"url\":\"http:\\\/\\\/www.pharmacy4pets.nl\\\/\",\"name\":\"Pharmacy4pets\",\"description\":\"Pharmacy4pets.nl is d\u00e9 online apotheek waar u terecht kunt voor alle diergeneesmiddelen, verzorgingsproducten en dieetvoeding voor uw huisdier.\",\"publisher\":{\"@id\":\"http:\\\/\\\/www.pharmacy4pets.nl\\\/#organization\"},\"potentialAction\":[{\"@type\":\"SearchAction\",\"target\":{\"@type\":\"EntryPoint\",\"urlTemplate\":\"http:\\\/\\\/www.pharmacy4pets.nl\\\/?s={search_term_string}\"},\"query-input\":{\"@type\":\"PropertyValueSpecification\",\"valueRequired\":true,\"valueName\":\"search_term_string\"}}],\"inLanguage\":\"nl-NL\"},{\"@type\":\"Organization\",\"@id\":\"http:\\\/\\\/www.pharmacy4pets.nl\\\/#organization\",\"name\":\"Pharmacy4pets\",\"url\":\"http:\\\/\\\/www.pharmacy4pets.nl\\\/\",\"logo\":{\"@type\":\"ImageObject\",\"inLanguage\":\"nl-NL\",\"@id\":\"http:\\\/\\\/www.pharmacy4pets.nl\\\/#\\\/schema\\\/logo\\\/image\\\/\",\"url\":\"https:\\\/\\\/p4p-nl.bootmine.com\\\/wp-content\\\/uploads\\\/2026\\\/03\\\/logo-pharmacy4pets.png\",\"contentUrl\":\"https:\\\/\\\/p4p-nl.bootmine.com\\\/wp-content\\\/uploads\\\/2026\\\/03\\\/logo-pharmacy4pets.png\",\"width\":1024,\"height\":135,\"caption\":\"Pharmacy4pets\"},\"image\":{\"@id\":\"http:\\\/\\\/www.pharmacy4pets.nl\\\/#\\\/schema\\\/logo\\\/image\\\/\"},\"sameAs\":[\"https:\\\/\\\/www.facebook.com\\\/people\\\/Pharmacy4petsnl\\\/100063484989896\\\/\",\"https:\\\/\\\/www.youtube.com\\\/channel\\\/UCGPTIgucgli03tP2_kvLkHg\\\/featured\",\"https:\\\/\\\/www.instagram.com\\\/pharmacy4pets.nl\"]}]}<\/script>\n<!-- \/ Yoast SEO plugin. -->","yoast_head_json":{"title":"Trixie Walker Care Hondenschoen - Pharmacy4pets","robots":{"index":"index","follow":"follow","max-snippet":"max-snippet:-1","max-image-preview":"max-image-preview:large","max-video-preview":"max-video-preview:-1"},"canonical":"https:\/\/p4p-nl.bootmine.com\/%product-slug%\/hondenschoen-walker-care","og_locale":"nl_NL","og_type":"article","og_title":"Trixie Walker Care Hondenschoen - Pharmacy4pets","og_description":"De Trixie Walker Care hondenschoenen beschermen de voetzolen van uw hond tegen vuil, kou, vochtigheid en strooizout. De schoenen zijn daarom ook perfect als uw hond last heeft van zijn poten of een wondje heeft. Deze kunnen dan sneller genezen. De schoenen zijn aangenaam voor de hond aangezien ze van zacht materiaal gemaakt zijn. Tevens [&hellip;]","og_url":"https:\/\/p4p-nl.bootmine.com\/%product-slug%\/hondenschoen-walker-care","og_site_name":"Pharmacy4pets","article_publisher":"https:\/\/www.facebook.com\/people\/Pharmacy4petsnl\/100063484989896\/","article_modified_time":"2026-03-25T11:56:42+00:00","og_image":[{"width":291,"height":317,"url":"https:\/\/p4p-nl.bootmine.com\/wp-content\/uploads\/2017\/03\/23393_2.jpg","type":"image\/jpeg"}],"twitter_card":"summary_large_image","twitter_misc":{"Geschatte leestijd":"1 minuut"},"schema":{"@context":"https:\/\/schema.org","@graph":[{"@type":"WebPage","@id":"https:\/\/p4p-nl.bootmine.com\/%product-slug%\/hondenschoen-walker-care","url":"https:\/\/p4p-nl.bootmine.com\/%product-slug%\/hondenschoen-walker-care","name":"Trixie Walker Care Hondenschoen - Pharmacy4pets","isPartOf":{"@id":"http:\/\/www.pharmacy4pets.nl\/#website"},"primaryImageOfPage":{"@id":"https:\/\/p4p-nl.bootmine.com\/%product-slug%\/hondenschoen-walker-care#primaryimage"},"image":{"@id":"https:\/\/p4p-nl.bootmine.com\/%product-slug%\/hondenschoen-walker-care#primaryimage"},"thumbnailUrl":"https:\/\/www.pharmacy4pets.nl\/wp-content\/uploads\/2017\/03\/23393_2.jpg","datePublished":"2017-03-08T14:18:28+00:00","dateModified":"2026-03-25T11:56:42+00:00","breadcrumb":{"@id":"https:\/\/p4p-nl.bootmine.com\/%product-slug%\/hondenschoen-walker-care#breadcrumb"},"inLanguage":"nl-NL","potentialAction":[{"@type":"ReadAction","target":["https:\/\/p4p-nl.bootmine.com\/%product-slug%\/hondenschoen-walker-care"]}]},{"@type":"ImageObject","inLanguage":"nl-NL","@id":"https:\/\/p4p-nl.bootmine.com\/%product-slug%\/hondenschoen-walker-care#primaryimage","url":"https:\/\/www.pharmacy4pets.nl\/wp-content\/uploads\/2017\/03\/23393_2.jpg","contentUrl":"https:\/\/www.pharmacy4pets.nl\/wp-content\/uploads\/2017\/03\/23393_2.jpg","width":291,"height":317,"caption":"Trixie"},{"@type":"BreadcrumbList","@id":"https:\/\/p4p-nl.bootmine.com\/%product-slug%\/hondenschoen-walker-care#breadcrumb","itemListElement":[{"@type":"ListItem","position":1,"name":"Home","item":"https:\/\/p4p-nl.bootmine.com\/"},{"@type":"ListItem","position":2,"name":"Winkel","item":"https:\/\/p4p-nl.bootmine.com\/winkel"},{"@type":"ListItem","position":3,"name":"Trixie Walker Care Hondenschoen"}]},{"@type":"WebSite","@id":"http:\/\/www.pharmacy4pets.nl\/#website","url":"http:\/\/www.pharmacy4pets.nl\/","name":"Pharmacy4pets","description":"Pharmacy4pets.nl is d\u00e9 online apotheek waar u terecht kunt voor alle diergeneesmiddelen, verzorgingsproducten en dieetvoeding voor uw huisdier.","publisher":{"@id":"http:\/\/www.pharmacy4pets.nl\/#organization"},"potentialAction":[{"@type":"SearchAction","target":{"@type":"EntryPoint","urlTemplate":"http:\/\/www.pharmacy4pets.nl\/?s={search_term_string}"},"query-input":{"@type":"PropertyValueSpecification","valueRequired":true,"valueName":"search_term_string"}}],"inLanguage":"nl-NL"},{"@type":"Organization","@id":"http:\/\/www.pharmacy4pets.nl\/#organization","name":"Pharmacy4pets","url":"http:\/\/www.pharmacy4pets.nl\/","logo":{"@type":"ImageObject","inLanguage":"nl-NL","@id":"http:\/\/www.pharmacy4pets.nl\/#\/schema\/logo\/image\/","url":"https:\/\/p4p-nl.bootmine.com\/wp-content\/uploads\/2026\/03\/logo-pharmacy4pets.png","contentUrl":"https:\/\/p4p-nl.bootmine.com\/wp-content\/uploads\/2026\/03\/logo-pharmacy4pets.png","width":1024,"height":135,"caption":"Pharmacy4pets"},"image":{"@id":"http:\/\/www.pharmacy4pets.nl\/#\/schema\/logo\/image\/"},"sameAs":["https:\/\/www.facebook.com\/people\/Pharmacy4petsnl\/100063484989896\/","https:\/\/www.youtube.com\/channel\/UCGPTIgucgli03tP2_kvLkHg\/featured","https:\/\/www.instagram.com\/pharmacy4pets.nl"]}]}},"market_data":{"nl":{"price":0,"sale_price":0,"active":false,"url":null,"parent_url":"","tax_rate":0,"price_inc_tax":0,"sale_price_inc_tax":0},"de":{"price":0,"sale_price":0,"active":false,"url":null,"parent_url":"","tax_rate":0,"price_inc_tax":0,"sale_price_inc_tax":0},"be":{"price":0,"sale_price":0,"active":false,"url":null,"parent_url":"","tax_rate":0,"price_inc_tax":0,"sale_price_inc_tax":0},"fr":{"price":0,"sale_price":0,"active":false,"url":null,"parent_url":"","tax_rate":0,"price_inc_tax":0,"sale_price_inc_tax":0},"ch":{"price":0,"sale_price":0,"active":false,"url":null,"parent_url":"","tax_rate":0,"price_inc_tax":0,"sale_price_inc_tax":0},"at":{"price":0,"sale_price":0,"active":false,"url":null,"parent_url":"","tax_rate":0,"price_inc_tax":0,"sale_price_inc_tax":0},"es":{"price":0,"sale_price":0,"active":false,"url":null,"parent_url":"","tax_rate":0,"price_inc_tax":0,"sale_price_inc_tax":0},"dk":{"price":0,"sale_price":0,"active":false,"url":null,"parent_url":"","tax_rate":0,"price_inc_tax":0,"sale_price_inc_tax":0},"com":{"price":0,"sale_price":0,"active":false,"url":null,"parent_url":"","tax_rate":0,"price_inc_tax":0,"sale_price_inc_tax":0}},"market_nl_price":0,"market_nl_sale_price":0,"market_nl_active":false,"market_nl_url":null,"market_nl_parent_url":"","market_nl_tax_rate":0,"market_nl_price_inc_tax":0,"market_nl_sale_price_inc_tax":0,"market_de_price":0,"market_de_sale_price":0,"market_de_active":false,"market_de_url":null,"market_de_parent_url":"","market_de_tax_rate":0,"market_de_price_inc_tax":0,"market_de_sale_price_inc_tax":0,"market_be_price":0,"market_be_sale_price":0,"market_be_active":false,"market_be_url":null,"market_be_parent_url":"","market_be_tax_rate":0,"market_be_price_inc_tax":0,"market_be_sale_price_inc_tax":0,"market_fr_price":0,"market_fr_sale_price":0,"market_fr_active":false,"market_fr_url":null,"market_fr_parent_url":"","market_fr_tax_rate":0,"market_fr_price_inc_tax":0,"market_fr_sale_price_inc_tax":0,"market_ch_price":0,"market_ch_sale_price":0,"market_ch_active":false,"market_ch_url":null,"market_ch_parent_url":"","market_ch_tax_rate":0,"market_ch_price_inc_tax":0,"market_ch_sale_price_inc_tax":0,"market_at_price":0,"market_at_sale_price":0,"market_at_active":false,"market_at_url":null,"market_at_parent_url":"","market_at_tax_rate":0,"market_at_price_inc_tax":0,"market_at_sale_price_inc_tax":0,"market_es_price":0,"market_es_sale_price":0,"market_es_active":false,"market_es_url":null,"market_es_parent_url":"","market_es_tax_rate":0,"market_es_price_inc_tax":0,"market_es_sale_price_inc_tax":0,"market_dk_price":0,"market_dk_sale_price":0,"market_dk_active":false,"market_dk_url":null,"market_dk_parent_url":"","market_dk_tax_rate":0,"market_dk_price_inc_tax":0,"market_dk_sale_price_inc_tax":0,"market_com_price":0,"market_com_sale_price":0,"market_com_active":false,"market_com_url":null,"market_com_parent_url":"","market_com_tax_rate":0,"market_com_price_inc_tax":0,"market_com_sale_price_inc_tax":0,"acf":[],"_links":{"self":[{"href":"https:\/\/www.pharmacy4pets.nl\/be\/wp-json\/wp\/v2\/product\/117704","targetHints":{"allow":["GET"]}}],"collection":[{"href":"https:\/\/www.pharmacy4pets.nl\/be\/wp-json\/wp\/v2\/product"}],"about":[{"href":"https:\/\/www.pharmacy4pets.nl\/be\/wp-json\/wp\/v2\/types\/product"}],"replies":[{"embeddable":true,"href":"https:\/\/www.pharmacy4pets.nl\/be\/wp-json\/wp\/v2\/comments?post=117704"}],"wp:featuredmedia":[{"embeddable":true,"href":"https:\/\/www.pharmacy4pets.nl\/be\/wp-json\/wp\/v2\/media\/117700"}],"wp:attachment":[{"href":"https:\/\/www.pharmacy4pets.nl\/be\/wp-json\/wp\/v2\/media?parent=117704"}],"wp:term":[{"taxonomy":"product_brand","embeddable":true,"href":"https:\/\/www.pharmacy4pets.nl\/be\/wp-json\/wp\/v2\/product_brand?post=117704"},{"taxonomy":"product_cat","embeddable":true,"href":"https:\/\/www.pharmacy4pets.nl\/be\/wp-json\/wp\/v2\/product_cat?post=117704"},{"taxonomy":"product_tag","embeddable":true,"href":"https:\/\/www.pharmacy4pets.nl\/be\/wp-json\/wp\/v2\/product_tag?post=117704"}],"curies":[{"name":"wp","href":"https:\/\/api.w.org\/{rel}","templated":true}]}}