{"id":117638,"date":"2017-01-20T15:15:26","date_gmt":"2017-01-20T15:15:26","guid":{"rendered":"https:\/\/p4p.test\/latex-boerderij-dier-2"},"modified":"2026-03-25T11:56:35","modified_gmt":"2026-03-25T11:56:35","slug":"latex-boerderij-dier","status":"publish","type":"product","link":"https:\/\/www.pharmacy4pets.nl\/be\/latex-boerderij-dier","title":{"rendered":"Latex boerderijdier 1 stuk"},"content":{"rendered":"<p style=\"text-align: justify;\">Dit latex speeltje is een leuk en duurzaam speeltje voor uw hond. Het speeltje heeft een hoogte van 11cm.<\/p>\n<p style=\"text-align: justify;\">Het latex speeltje is verkrijgbaar in vier verschillende dieren, zoals aangegeven op de afbeelding. Er zal een willekeurige dier naar u toegezonden worden. Mocht u graag een bepaald dier ontvangen dan horen wij dit graag van u via de mail. info@pharmacy4pets.nl<\/p>\n","protected":false},"excerpt":{"rendered":"<p>Dit latex speeltje is een leuk en duurzaam speeltje voor uw hond. Het speeltje heeft een hoogte van 11cm. Het latex speeltje is verkrijgbaar in vier verschillende dieren, zoals aangegeven op de afbeelding. Er zal een willekeurige dier naar u toegezonden worden. Mocht u graag een bepaald dier ontvangen dan horen wij dit graag van [&hellip;]<\/p>\n","protected":false},"featured_media":117635,"comment_status":"open","ping_status":"closed","template":"","meta":{"_acf_changed":false,"_nl_post_content":"<p style=\"text-align: justify;\">Dit latex speeltje is een leuk en duurzaam speeltje voor uw hond. Het speeltje heeft een hoogte van 11cm.<\/p>\r\n<p style=\"text-align: justify;\">Het latex speeltje is verkrijgbaar in vier verschillende dieren, zoals aangegeven op de afbeelding. Er zal een willekeurige dier naar u toegezonden worden. Mocht u graag een bepaald dier ontvangen dan horen wij dit graag van u via de mail. info@pharmacy4pets.nl<\/p>","_nl_post_name":"latex-boerderij-dier","_nl_post_excerpt":"","_nl_post_title":"Latex boerderijdier 1 stuk","_en_post_content":"<p style=\"text-align: justify;\">This Latex Farm animal is a fun and durable toy for your dog. The toy has a length of 11cm.&nbsp;<\/p>\r\n<p style=\"text-align: justify;\">The Latex Farm animal&nbsp;is available in four different animals, as shown on our picture. You will recieve a random animal when you order one. If you would like to recieve a specific animal, please send us an e-mail at info@pharmacy4pets.com&nbsp;<\/p>","_en_post_name":"latex-boerderij-dier","_en_post_excerpt":"","_en_post_title":"Latex Farm animal 1 piece","_de_post_content":"<p style=\"text-align: justify;\">Dieses Latex Bauernhof Tier ist<span>&nbsp;ein sehr tolles und dauerhaft Spielzeug f&uuml;r&nbsp;<span>Ihre Hund.&nbsp;<\/span><\/span>Das Bauernhof Tier ist 11cm.<\/p>\r\n<p style=\"text-align: justify;\"><span><span>Diese&nbsp;Latex Bauernhof Tier<\/span>&nbsp;ist verf&uuml;gbar in vier verschiedene Tieren, wir aufgegeben am Abbildung. Wann Sie eine Spielzeug bestellen, bekommen Sie ein&nbsp;zuf&auml;lliges Tier. Wenn Sie ein spezielles Tier bekommen m&ouml;chten, schicken Sie bitte eine email: info@pharmacy4pets.de<\/span><\/p>","_de_post_name":"latex-boerderij-dier","_de_post_excerpt":"","_de_post_title":"Latex Bauernhof Tier 1 St\u00fcck","_fr_post_content":"<p style=\"text-align: justify;\">Dit latex speeltje is een leuk en duurzaam speeltje voor uw hond. Het speeltje heeft een hoogte van 11cm.<\/p>\r\n<p style=\"text-align: justify;\">Het latex speeltje is verkrijgbaar in vier verschillende dieren, zoals aangegeven op de afbeelding. Er zal een willekeurige dier naar u toegezonden worden. Mocht u graag een bepaald dier ontvangen dan horen wij dit graag van u via de mail. info@pharmacy4pets.nl<\/p>","_fr_post_name":"latex-boerderij-dier","_fr_post_excerpt":"","_fr_post_title":"Latex boerderijdier 1 stuk","_es_post_content":"<p>Este animal de granja de l\u00e1tex es un juguete divertido y duradero para su perro. El juguete para perros tiene una altura de 11 cm.<\/p>\r\n<p>El juguete de l\u00e1tex est\u00e1 disponible en cuatro animales diferentes, como se muestra en la imagen. Si desea recibir un determinado animal, nos gustar\u00eda saber de usted a trav\u00e9s del bot\u00f3n de contacto en la parte inferior de esta p\u00e1gina.<\/p>","_es_post_name":"animal-de-granja-latex","_es_post_excerpt":"","_es_post_title":"Animal de granja de l\u00e1tex 1 pieza","edit_language":"nl"},"product_brand":[],"product_cat":[2012,2209,1861,2049,1117,1865,1857,2177,2213],"product_tag":[],"class_list":{"0":"post-117638","1":"product","2":"type-product","3":"status-publish","4":"has-post-thumbnail","6":"product_cat-acties","7":"product_cat-puppy-benodigdheden","8":"product_cat-benodigdheden","9":"product_cat-flamingo","10":"product_cat-honden","11":"product_cat-hondenspeelgoed","12":"product_cat-merken","13":"product_cat-puppy","14":"product_cat-puppy-speelgoed","15":"pa_aandoening-overig","16":"pa_doeldier-hond","17":"pa_fabricatieland-belgie","18":"pa_merkfilter-flamingo","19":"pa_merkgroep-flamingo","20":"pa_productsoort-overig","21":"pa_seo_canonical_store_id-not_found_value","22":"pa_seo_category-not_found_value","23":"pa_seo_meta_robots-not_found_value","24":"pa_toedieningswijze-speelgoed","25":"pa_unit_pricing_base_measure-1ct","26":"pa_unit_pricing_measure-1ct","27":"pa_werkzamestof-overig","29":"first","30":"instock","31":"sale","32":"taxable","33":"shipping-taxable","34":"purchasable","35":"product-type-simple"},"yoast_head":"<!-- This site is optimized with the Yoast SEO plugin v27.5 - https:\/\/yoast.com\/product\/yoast-seo-wordpress\/ -->\n<title>Latex boerderijdier 1 stuk - Pharmacy4pets<\/title>\n<meta name=\"robots\" content=\"index, follow, max-snippet:-1, max-image-preview:large, max-video-preview:-1\" \/>\n<link rel=\"canonical\" href=\"https:\/\/p4p-nl.bootmine.com\/%product-slug%\/latex-boerderij-dier\" \/>\n<meta property=\"og:locale\" content=\"nl_NL\" \/>\n<meta property=\"og:type\" content=\"article\" \/>\n<meta property=\"og:title\" content=\"Latex boerderijdier 1 stuk - Pharmacy4pets\" \/>\n<meta property=\"og:description\" content=\"Dit latex speeltje is een leuk en duurzaam speeltje voor uw hond. Het speeltje heeft een hoogte van 11cm. Het latex speeltje is verkrijgbaar in vier verschillende dieren, zoals aangegeven op de afbeelding. Er zal een willekeurige dier naar u toegezonden worden. Mocht u graag een bepaald dier ontvangen dan horen wij dit graag van [&hellip;]\" \/>\n<meta property=\"og:url\" content=\"https:\/\/p4p-nl.bootmine.com\/%product-slug%\/latex-boerderij-dier\" \/>\n<meta property=\"og:site_name\" content=\"Pharmacy4pets\" \/>\n<meta property=\"article:publisher\" content=\"https:\/\/www.facebook.com\/people\/Pharmacy4petsnl\/100063484989896\/\" \/>\n<meta property=\"article:modified_time\" content=\"2026-03-25T11:56:35+00:00\" \/>\n<meta property=\"og:image\" content=\"https:\/\/p4p-nl.bootmine.com\/wp-content\/uploads\/2017\/01\/25.jpg\" \/>\n\t<meta property=\"og:image:width\" content=\"310\" \/>\n\t<meta property=\"og:image:height\" content=\"310\" \/>\n\t<meta property=\"og:image:type\" content=\"image\/jpeg\" \/>\n<meta name=\"twitter:card\" content=\"summary_large_image\" \/>\n<script type=\"application\/ld+json\" class=\"yoast-schema-graph\">{\"@context\":\"https:\\\/\\\/schema.org\",\"@graph\":[{\"@type\":\"WebPage\",\"@id\":\"https:\\\/\\\/p4p-nl.bootmine.com\\\/%product-slug%\\\/latex-boerderij-dier\",\"url\":\"https:\\\/\\\/p4p-nl.bootmine.com\\\/%product-slug%\\\/latex-boerderij-dier\",\"name\":\"Latex boerderijdier 1 stuk - Pharmacy4pets\",\"isPartOf\":{\"@id\":\"http:\\\/\\\/www.pharmacy4pets.nl\\\/#website\"},\"primaryImageOfPage\":{\"@id\":\"https:\\\/\\\/p4p-nl.bootmine.com\\\/%product-slug%\\\/latex-boerderij-dier#primaryimage\"},\"image\":{\"@id\":\"https:\\\/\\\/p4p-nl.bootmine.com\\\/%product-slug%\\\/latex-boerderij-dier#primaryimage\"},\"thumbnailUrl\":\"https:\\\/\\\/www.pharmacy4pets.nl\\\/wp-content\\\/uploads\\\/2017\\\/01\\\/25.jpg\",\"datePublished\":\"2017-01-20T15:15:26+00:00\",\"dateModified\":\"2026-03-25T11:56:35+00:00\",\"breadcrumb\":{\"@id\":\"https:\\\/\\\/p4p-nl.bootmine.com\\\/%product-slug%\\\/latex-boerderij-dier#breadcrumb\"},\"inLanguage\":\"nl-NL\",\"potentialAction\":[{\"@type\":\"ReadAction\",\"target\":[\"https:\\\/\\\/p4p-nl.bootmine.com\\\/%product-slug%\\\/latex-boerderij-dier\"]}]},{\"@type\":\"ImageObject\",\"inLanguage\":\"nl-NL\",\"@id\":\"https:\\\/\\\/p4p-nl.bootmine.com\\\/%product-slug%\\\/latex-boerderij-dier#primaryimage\",\"url\":\"https:\\\/\\\/www.pharmacy4pets.nl\\\/wp-content\\\/uploads\\\/2017\\\/01\\\/25.jpg\",\"contentUrl\":\"https:\\\/\\\/www.pharmacy4pets.nl\\\/wp-content\\\/uploads\\\/2017\\\/01\\\/25.jpg\",\"width\":310,\"height\":310,\"caption\":\"Flamingo\"},{\"@type\":\"BreadcrumbList\",\"@id\":\"https:\\\/\\\/p4p-nl.bootmine.com\\\/%product-slug%\\\/latex-boerderij-dier#breadcrumb\",\"itemListElement\":[{\"@type\":\"ListItem\",\"position\":1,\"name\":\"Home\",\"item\":\"https:\\\/\\\/p4p-nl.bootmine.com\\\/\"},{\"@type\":\"ListItem\",\"position\":2,\"name\":\"Winkel\",\"item\":\"https:\\\/\\\/p4p-nl.bootmine.com\\\/winkel\"},{\"@type\":\"ListItem\",\"position\":3,\"name\":\"Latex boerderijdier 1 stuk\"}]},{\"@type\":\"WebSite\",\"@id\":\"http:\\\/\\\/www.pharmacy4pets.nl\\\/#website\",\"url\":\"http:\\\/\\\/www.pharmacy4pets.nl\\\/\",\"name\":\"Pharmacy4pets\",\"description\":\"Pharmacy4pets.nl is d\u00e9 online apotheek waar u terecht kunt voor alle diergeneesmiddelen, verzorgingsproducten en dieetvoeding voor uw huisdier.\",\"publisher\":{\"@id\":\"http:\\\/\\\/www.pharmacy4pets.nl\\\/#organization\"},\"potentialAction\":[{\"@type\":\"SearchAction\",\"target\":{\"@type\":\"EntryPoint\",\"urlTemplate\":\"http:\\\/\\\/www.pharmacy4pets.nl\\\/?s={search_term_string}\"},\"query-input\":{\"@type\":\"PropertyValueSpecification\",\"valueRequired\":true,\"valueName\":\"search_term_string\"}}],\"inLanguage\":\"nl-NL\"},{\"@type\":\"Organization\",\"@id\":\"http:\\\/\\\/www.pharmacy4pets.nl\\\/#organization\",\"name\":\"Pharmacy4pets\",\"url\":\"http:\\\/\\\/www.pharmacy4pets.nl\\\/\",\"logo\":{\"@type\":\"ImageObject\",\"inLanguage\":\"nl-NL\",\"@id\":\"http:\\\/\\\/www.pharmacy4pets.nl\\\/#\\\/schema\\\/logo\\\/image\\\/\",\"url\":\"https:\\\/\\\/p4p-nl.bootmine.com\\\/wp-content\\\/uploads\\\/2026\\\/03\\\/logo-pharmacy4pets.png\",\"contentUrl\":\"https:\\\/\\\/p4p-nl.bootmine.com\\\/wp-content\\\/uploads\\\/2026\\\/03\\\/logo-pharmacy4pets.png\",\"width\":1024,\"height\":135,\"caption\":\"Pharmacy4pets\"},\"image\":{\"@id\":\"http:\\\/\\\/www.pharmacy4pets.nl\\\/#\\\/schema\\\/logo\\\/image\\\/\"},\"sameAs\":[\"https:\\\/\\\/www.facebook.com\\\/people\\\/Pharmacy4petsnl\\\/100063484989896\\\/\",\"https:\\\/\\\/www.youtube.com\\\/channel\\\/UCGPTIgucgli03tP2_kvLkHg\\\/featured\",\"https:\\\/\\\/www.instagram.com\\\/pharmacy4pets.nl\"]}]}<\/script>\n<!-- \/ Yoast SEO plugin. -->","yoast_head_json":{"title":"Latex boerderijdier 1 stuk - Pharmacy4pets","robots":{"index":"index","follow":"follow","max-snippet":"max-snippet:-1","max-image-preview":"max-image-preview:large","max-video-preview":"max-video-preview:-1"},"canonical":"https:\/\/p4p-nl.bootmine.com\/%product-slug%\/latex-boerderij-dier","og_locale":"nl_NL","og_type":"article","og_title":"Latex boerderijdier 1 stuk - Pharmacy4pets","og_description":"Dit latex speeltje is een leuk en duurzaam speeltje voor uw hond. Het speeltje heeft een hoogte van 11cm. Het latex speeltje is verkrijgbaar in vier verschillende dieren, zoals aangegeven op de afbeelding. Er zal een willekeurige dier naar u toegezonden worden. Mocht u graag een bepaald dier ontvangen dan horen wij dit graag van [&hellip;]","og_url":"https:\/\/p4p-nl.bootmine.com\/%product-slug%\/latex-boerderij-dier","og_site_name":"Pharmacy4pets","article_publisher":"https:\/\/www.facebook.com\/people\/Pharmacy4petsnl\/100063484989896\/","article_modified_time":"2026-03-25T11:56:35+00:00","og_image":[{"width":310,"height":310,"url":"https:\/\/p4p-nl.bootmine.com\/wp-content\/uploads\/2017\/01\/25.jpg","type":"image\/jpeg"}],"twitter_card":"summary_large_image","schema":{"@context":"https:\/\/schema.org","@graph":[{"@type":"WebPage","@id":"https:\/\/p4p-nl.bootmine.com\/%product-slug%\/latex-boerderij-dier","url":"https:\/\/p4p-nl.bootmine.com\/%product-slug%\/latex-boerderij-dier","name":"Latex boerderijdier 1 stuk - Pharmacy4pets","isPartOf":{"@id":"http:\/\/www.pharmacy4pets.nl\/#website"},"primaryImageOfPage":{"@id":"https:\/\/p4p-nl.bootmine.com\/%product-slug%\/latex-boerderij-dier#primaryimage"},"image":{"@id":"https:\/\/p4p-nl.bootmine.com\/%product-slug%\/latex-boerderij-dier#primaryimage"},"thumbnailUrl":"https:\/\/www.pharmacy4pets.nl\/wp-content\/uploads\/2017\/01\/25.jpg","datePublished":"2017-01-20T15:15:26+00:00","dateModified":"2026-03-25T11:56:35+00:00","breadcrumb":{"@id":"https:\/\/p4p-nl.bootmine.com\/%product-slug%\/latex-boerderij-dier#breadcrumb"},"inLanguage":"nl-NL","potentialAction":[{"@type":"ReadAction","target":["https:\/\/p4p-nl.bootmine.com\/%product-slug%\/latex-boerderij-dier"]}]},{"@type":"ImageObject","inLanguage":"nl-NL","@id":"https:\/\/p4p-nl.bootmine.com\/%product-slug%\/latex-boerderij-dier#primaryimage","url":"https:\/\/www.pharmacy4pets.nl\/wp-content\/uploads\/2017\/01\/25.jpg","contentUrl":"https:\/\/www.pharmacy4pets.nl\/wp-content\/uploads\/2017\/01\/25.jpg","width":310,"height":310,"caption":"Flamingo"},{"@type":"BreadcrumbList","@id":"https:\/\/p4p-nl.bootmine.com\/%product-slug%\/latex-boerderij-dier#breadcrumb","itemListElement":[{"@type":"ListItem","position":1,"name":"Home","item":"https:\/\/p4p-nl.bootmine.com\/"},{"@type":"ListItem","position":2,"name":"Winkel","item":"https:\/\/p4p-nl.bootmine.com\/winkel"},{"@type":"ListItem","position":3,"name":"Latex boerderijdier 1 stuk"}]},{"@type":"WebSite","@id":"http:\/\/www.pharmacy4pets.nl\/#website","url":"http:\/\/www.pharmacy4pets.nl\/","name":"Pharmacy4pets","description":"Pharmacy4pets.nl is d\u00e9 online apotheek waar u terecht kunt voor alle diergeneesmiddelen, verzorgingsproducten en dieetvoeding voor uw huisdier.","publisher":{"@id":"http:\/\/www.pharmacy4pets.nl\/#organization"},"potentialAction":[{"@type":"SearchAction","target":{"@type":"EntryPoint","urlTemplate":"http:\/\/www.pharmacy4pets.nl\/?s={search_term_string}"},"query-input":{"@type":"PropertyValueSpecification","valueRequired":true,"valueName":"search_term_string"}}],"inLanguage":"nl-NL"},{"@type":"Organization","@id":"http:\/\/www.pharmacy4pets.nl\/#organization","name":"Pharmacy4pets","url":"http:\/\/www.pharmacy4pets.nl\/","logo":{"@type":"ImageObject","inLanguage":"nl-NL","@id":"http:\/\/www.pharmacy4pets.nl\/#\/schema\/logo\/image\/","url":"https:\/\/p4p-nl.bootmine.com\/wp-content\/uploads\/2026\/03\/logo-pharmacy4pets.png","contentUrl":"https:\/\/p4p-nl.bootmine.com\/wp-content\/uploads\/2026\/03\/logo-pharmacy4pets.png","width":1024,"height":135,"caption":"Pharmacy4pets"},"image":{"@id":"http:\/\/www.pharmacy4pets.nl\/#\/schema\/logo\/image\/"},"sameAs":["https:\/\/www.facebook.com\/people\/Pharmacy4petsnl\/100063484989896\/","https:\/\/www.youtube.com\/channel\/UCGPTIgucgli03tP2_kvLkHg\/featured","https:\/\/www.instagram.com\/pharmacy4pets.nl"]}]}},"market_data":{"nl":{"price":0,"sale_price":0,"active":false,"url":null,"parent_url":"","tax_rate":0,"price_inc_tax":0,"sale_price_inc_tax":0},"de":{"price":0,"sale_price":0,"active":false,"url":null,"parent_url":"","tax_rate":0,"price_inc_tax":0,"sale_price_inc_tax":0},"be":{"price":0,"sale_price":0,"active":false,"url":null,"parent_url":"","tax_rate":0,"price_inc_tax":0,"sale_price_inc_tax":0},"fr":{"price":0,"sale_price":0,"active":false,"url":null,"parent_url":"","tax_rate":0,"price_inc_tax":0,"sale_price_inc_tax":0},"ch":{"price":0,"sale_price":0,"active":false,"url":null,"parent_url":"","tax_rate":0,"price_inc_tax":0,"sale_price_inc_tax":0},"at":{"price":0,"sale_price":0,"active":false,"url":null,"parent_url":"","tax_rate":0,"price_inc_tax":0,"sale_price_inc_tax":0},"es":{"price":0,"sale_price":0,"active":false,"url":null,"parent_url":"","tax_rate":0,"price_inc_tax":0,"sale_price_inc_tax":0},"dk":{"price":0,"sale_price":0,"active":false,"url":null,"parent_url":"","tax_rate":0,"price_inc_tax":0,"sale_price_inc_tax":0},"com":{"price":0,"sale_price":0,"active":false,"url":null,"parent_url":"","tax_rate":0,"price_inc_tax":0,"sale_price_inc_tax":0}},"market_nl_price":0,"market_nl_sale_price":0,"market_nl_active":false,"market_nl_url":null,"market_nl_parent_url":"","market_nl_tax_rate":0,"market_nl_price_inc_tax":0,"market_nl_sale_price_inc_tax":0,"market_de_price":0,"market_de_sale_price":0,"market_de_active":false,"market_de_url":null,"market_de_parent_url":"","market_de_tax_rate":0,"market_de_price_inc_tax":0,"market_de_sale_price_inc_tax":0,"market_be_price":0,"market_be_sale_price":0,"market_be_active":false,"market_be_url":null,"market_be_parent_url":"","market_be_tax_rate":0,"market_be_price_inc_tax":0,"market_be_sale_price_inc_tax":0,"market_fr_price":0,"market_fr_sale_price":0,"market_fr_active":false,"market_fr_url":null,"market_fr_parent_url":"","market_fr_tax_rate":0,"market_fr_price_inc_tax":0,"market_fr_sale_price_inc_tax":0,"market_ch_price":0,"market_ch_sale_price":0,"market_ch_active":false,"market_ch_url":null,"market_ch_parent_url":"","market_ch_tax_rate":0,"market_ch_price_inc_tax":0,"market_ch_sale_price_inc_tax":0,"market_at_price":0,"market_at_sale_price":0,"market_at_active":false,"market_at_url":null,"market_at_parent_url":"","market_at_tax_rate":0,"market_at_price_inc_tax":0,"market_at_sale_price_inc_tax":0,"market_es_price":0,"market_es_sale_price":0,"market_es_active":false,"market_es_url":null,"market_es_parent_url":"","market_es_tax_rate":0,"market_es_price_inc_tax":0,"market_es_sale_price_inc_tax":0,"market_dk_price":0,"market_dk_sale_price":0,"market_dk_active":false,"market_dk_url":null,"market_dk_parent_url":"","market_dk_tax_rate":0,"market_dk_price_inc_tax":0,"market_dk_sale_price_inc_tax":0,"market_com_price":0,"market_com_sale_price":0,"market_com_active":false,"market_com_url":null,"market_com_parent_url":"","market_com_tax_rate":0,"market_com_price_inc_tax":0,"market_com_sale_price_inc_tax":0,"acf":[],"_links":{"self":[{"href":"https:\/\/www.pharmacy4pets.nl\/be\/wp-json\/wp\/v2\/product\/117638","targetHints":{"allow":["GET"]}}],"collection":[{"href":"https:\/\/www.pharmacy4pets.nl\/be\/wp-json\/wp\/v2\/product"}],"about":[{"href":"https:\/\/www.pharmacy4pets.nl\/be\/wp-json\/wp\/v2\/types\/product"}],"replies":[{"embeddable":true,"href":"https:\/\/www.pharmacy4pets.nl\/be\/wp-json\/wp\/v2\/comments?post=117638"}],"wp:featuredmedia":[{"embeddable":true,"href":"https:\/\/www.pharmacy4pets.nl\/be\/wp-json\/wp\/v2\/media\/117635"}],"wp:attachment":[{"href":"https:\/\/www.pharmacy4pets.nl\/be\/wp-json\/wp\/v2\/media?parent=117638"}],"wp:term":[{"taxonomy":"product_brand","embeddable":true,"href":"https:\/\/www.pharmacy4pets.nl\/be\/wp-json\/wp\/v2\/product_brand?post=117638"},{"taxonomy":"product_cat","embeddable":true,"href":"https:\/\/www.pharmacy4pets.nl\/be\/wp-json\/wp\/v2\/product_cat?post=117638"},{"taxonomy":"product_tag","embeddable":true,"href":"https:\/\/www.pharmacy4pets.nl\/be\/wp-json\/wp\/v2\/product_tag?post=117638"}],"curies":[{"name":"wp","href":"https:\/\/api.w.org\/{rel}","templated":true}]}}