{"id":117619,"date":"2017-01-20T14:55:43","date_gmt":"2017-01-20T14:55:43","guid":{"rendered":"https:\/\/p4p.test\/vinyl-noppenbal-9cm"},"modified":"2026-03-25T11:56:33","modified_gmt":"2026-03-25T11:56:33","slug":"vinyl-noppenbal-9cm","status":"publish","type":"product","link":"https:\/\/www.pharmacy4pets.nl\/be\/vinyl-noppenbal-9cm","title":{"rendered":"Vinyl noppenbal 9cm"},"content":{"rendered":"<p style=\"text-align: justify;\">Deze vinyl noppenbal is ideaal voor apporteerspelletjes met uw hond. Het speeltje bevat tevens een squeaker, waardoor hij piept wanneer uw hond in de bal bijt.<\/p>\n<p style=\"text-align: justify;\">De noppenbal is verkrijgbaar in twee verschillende maten:<\/p>\n<p style=\"text-align: justify;\">-Vinyl noppenbal 6cm<\/p>\n<p style=\"text-align: justify;\">-Vinyl noppenbal 9cm<\/p>\n<p style=\"text-align: justify;\">De noppenbal is verkrijgbaar in drie verschillende kleuren, zoals aangegeven op de afbeelding. Er zal een willekeurige kleur naar u toegezonden worden. Mocht u graag een bepaalde kleur ontvangen dan horen wij dit graag van u via de mail. info@pharmacy4pets.nl<\/p>\n","protected":false},"excerpt":{"rendered":"<p>Deze vinyl noppenbal is ideaal voor apporteerspelletjes met uw hond. Het speeltje bevat tevens een squeaker, waardoor hij piept wanneer uw hond in de bal bijt. De noppenbal is verkrijgbaar in twee verschillende maten: -Vinyl noppenbal 6cm -Vinyl noppenbal 9cm De noppenbal is verkrijgbaar in drie verschillende kleuren, zoals aangegeven op de afbeelding. Er zal [&hellip;]<\/p>\n","protected":false},"featured_media":117617,"comment_status":"open","ping_status":"closed","template":"","meta":{"_acf_changed":false,"_nl_post_content":"<p style=\"text-align: justify;\">Deze vinyl noppenbal is ideaal voor apporteerspelletjes met uw hond. Het speeltje bevat tevens een squeaker, waardoor hij piept wanneer uw hond in de bal bijt.<\/p>\r\n<p style=\"text-align: justify;\">De noppenbal is verkrijgbaar in twee verschillende maten:<\/p>\r\n<p style=\"text-align: justify;\">-Vinyl noppenbal 6cm<\/p>\r\n<p style=\"text-align: justify;\">-Vinyl noppenbal 9cm<\/p>\r\n<p style=\"text-align: justify;\">De noppenbal is verkrijgbaar in drie verschillende kleuren, zoals aangegeven op de afbeelding. Er zal een willekeurige kleur naar u toegezonden worden. Mocht u graag een bepaalde kleur ontvangen dan horen wij dit graag van u via de mail. info@pharmacy4pets.nl<\/p>","_nl_post_name":"vinyl-noppenbal-9cm","_nl_post_excerpt":"","_nl_post_title":"Vinyl noppenbal 9cm","_en_post_content":"<p style=\"text-align: justify;\">This vinyl hedgehog ball is perfect for throw and fetch games with your dog. The toy has a squeaker, which makes a squeaking sound when your dog bites in it.&nbsp;<\/p>\r\n<p style=\"text-align: justify;\">The vinyl hedgehog ball is available in two different sizes:<\/p>\r\n<p style=\"text-align: justify;\">-Vinyl hedgehog ball 6cm<\/p>\r\n<p style=\"text-align: justify;\">-Vinyl hedgehog ball 9cm<\/p>\r\n<p style=\"text-align: justify;\">The hedgehog ball is available in three different colours, as shown on our picture. You will recieve a random colour when you order one. If you would like to recieve a specific colour, please send us an e-mail at info@pharmacy4pets.com&nbsp;<\/p>","_en_post_name":"vinyl-noppenbal-9cm","_en_post_excerpt":"","_en_post_title":"Vinyl hedgehog ball 9cm","_de_post_content":"<p style=\"text-align: justify;\">Diese <span>Vinyl Noppenball sehr geeignet f&uuml;r&nbsp;<span>Apportierspiele mit Ihre Hund.&nbsp;<\/span><\/span>Das Spielzeug enth&auml;lt auch ein Squeaker.<\/p>\r\n<p style=\"text-align: justify;\">Diese Noppenball ist verf&uuml;gbar in zwei verschiedene gro&szlig;en:<\/p>\r\n<p style=\"text-align: justify;\">-Vinyl Noppenball 6cm<\/p>\r\n<p style=\"text-align: justify;\">-Vinyl Noppenball 9cm<\/p>\r\n<p style=\"text-align: justify;\"><span>Diese Noppenball ist verf&uuml;gbar in drei verschiedene Farben, wir aufgegeben am Abbildung. Wann Sie eine Noppenballe bestellen, bekommen Sie ein&nbsp;zuf&auml;llige Farbe. Wenn Sie ein spezielle Farbe bekommen m&ouml;chten, schicken Sie bitte eine email: info@pharmacy4pets.de<\/span><\/p>","_de_post_name":"vinyl-noppenbal-9cm","_de_post_excerpt":"","_de_post_title":"Vinyl Noppenball 9cm","_fr_post_content":"<p style=\"text-align: justify;\">Deze vinyl noppenbal is ideaal voor apporteerspelletjes met uw hond. Het speeltje bevat tevens een squeaker, waardoor hij piept wanneer uw hond in de bal bijt.<\/p>\r\n<p style=\"text-align: justify;\">De noppenbal is verkrijgbaar in twee verschillende maten:<\/p>\r\n<p style=\"text-align: justify;\">-Vinyl noppenbal 6cm<\/p>\r\n<p style=\"text-align: justify;\">-Vinyl noppenbal 9cm<\/p>\r\n<p style=\"text-align: justify;\">De noppenbal is verkrijgbaar in drie verschillende kleuren, zoals aangegeven op de afbeelding. Er zal een willekeurige kleur naar u toegezonden worden. Mocht u graag een bepaalde kleur ontvangen dan horen wij dit graag van u via de mail. info@pharmacy4pets.nl<\/p>","_fr_post_name":"vinyl-noppenbal-9cm","_fr_post_excerpt":"","_fr_post_title":"Vinyl noppenbal 9cm","_es_post_content":"<p>Esta pelota de vinilo con protuberancias es ideal para juegos de buscar con su perro. El juguete tambi\u00e9n contiene un chirriador, que lo hace chirriar cuando su perro muerde la pelota.<\/p>\r\n<p>La pelota de vinilo est\u00e1 disponible en dos tama\u00f1os diferentes:<\/p>\r\n<ul>\r\n<li>Pelota de vinilo 6 cm<\/li>\r\n<li>Pelota de vinilo 9 cm<\/li>\r\n<\/ul>\r\n<p>La pelota est\u00e1 disponible en tres colores diferentes como se muestra en la imagen. Se le enviar\u00e1 un color aleatorio. Si desea recibir un determinado color, nos gustar\u00eda saber de usted por correo electr\u00f3nico.\u00a0info@pharmacy4pets.nl.<\/p>","_es_post_name":"pelota-de-vinilo-9-cm","_es_post_excerpt":"","_es_post_title":"Pelota de vinilo 9 cm","edit_language":"nl"},"product_brand":[],"product_cat":[2209,1861,1117,1865,2177,2213],"product_tag":[],"class_list":{"0":"post-117619","1":"product","2":"type-product","3":"status-publish","4":"has-post-thumbnail","6":"product_cat-puppy-benodigdheden","7":"product_cat-benodigdheden","8":"product_cat-honden","9":"product_cat-hondenspeelgoed","10":"product_cat-puppy","11":"product_cat-puppy-speelgoed","12":"pa_aandoening-overig","13":"pa_doeldier-hond","14":"pa_fabricatieland-belgie","15":"pa_merkfilter-flamingo","16":"pa_merkgroep-flamingo","17":"pa_productsoort-overig","18":"pa_seo_canonical_store_id-not_found_value","19":"pa_seo_category-not_found_value","20":"pa_seo_meta_robots-not_found_value","21":"pa_toedieningswijze-speelgoed","22":"pa_unit_pricing_base_measure-1ct","23":"pa_unit_pricing_measure-1ct","24":"pa_werkzamestof-overig","26":"first","27":"instock","28":"taxable","29":"shipping-taxable","30":"purchasable","31":"product-type-simple"},"yoast_head":"<!-- This site is optimized with the Yoast SEO plugin v27.5 - https:\/\/yoast.com\/product\/yoast-seo-wordpress\/ -->\n<title>Vinyl noppenbal 9cm - Pharmacy4pets<\/title>\n<meta name=\"robots\" content=\"index, follow, max-snippet:-1, max-image-preview:large, max-video-preview:-1\" \/>\n<link rel=\"canonical\" href=\"https:\/\/p4p-nl.bootmine.com\/%product-slug%\/vinyl-noppenbal-9cm\" \/>\n<meta property=\"og:locale\" content=\"nl_NL\" \/>\n<meta property=\"og:type\" content=\"article\" \/>\n<meta property=\"og:title\" content=\"Vinyl noppenbal 9cm - Pharmacy4pets\" \/>\n<meta property=\"og:description\" content=\"Deze vinyl noppenbal is ideaal voor apporteerspelletjes met uw hond. Het speeltje bevat tevens een squeaker, waardoor hij piept wanneer uw hond in de bal bijt. De noppenbal is verkrijgbaar in twee verschillende maten: -Vinyl noppenbal 6cm -Vinyl noppenbal 9cm De noppenbal is verkrijgbaar in drie verschillende kleuren, zoals aangegeven op de afbeelding. Er zal [&hellip;]\" \/>\n<meta property=\"og:url\" content=\"https:\/\/p4p-nl.bootmine.com\/%product-slug%\/vinyl-noppenbal-9cm\" \/>\n<meta property=\"og:site_name\" content=\"Pharmacy4pets\" \/>\n<meta property=\"article:publisher\" content=\"https:\/\/www.facebook.com\/people\/Pharmacy4petsnl\/100063484989896\/\" \/>\n<meta property=\"article:modified_time\" content=\"2026-03-25T11:56:33+00:00\" \/>\n<meta property=\"og:image\" content=\"https:\/\/p4p-nl.bootmine.com\/wp-content\/uploads\/2017\/01\/17_1_1.jpg\" \/>\n\t<meta property=\"og:image:width\" content=\"310\" \/>\n\t<meta property=\"og:image:height\" content=\"310\" \/>\n\t<meta property=\"og:image:type\" content=\"image\/jpeg\" \/>\n<meta name=\"twitter:card\" content=\"summary_large_image\" \/>\n<script type=\"application\/ld+json\" class=\"yoast-schema-graph\">{\"@context\":\"https:\\\/\\\/schema.org\",\"@graph\":[{\"@type\":\"WebPage\",\"@id\":\"https:\\\/\\\/p4p-nl.bootmine.com\\\/%product-slug%\\\/vinyl-noppenbal-9cm\",\"url\":\"https:\\\/\\\/p4p-nl.bootmine.com\\\/%product-slug%\\\/vinyl-noppenbal-9cm\",\"name\":\"Vinyl noppenbal 9cm - Pharmacy4pets\",\"isPartOf\":{\"@id\":\"http:\\\/\\\/www.pharmacy4pets.nl\\\/#website\"},\"primaryImageOfPage\":{\"@id\":\"https:\\\/\\\/p4p-nl.bootmine.com\\\/%product-slug%\\\/vinyl-noppenbal-9cm#primaryimage\"},\"image\":{\"@id\":\"https:\\\/\\\/p4p-nl.bootmine.com\\\/%product-slug%\\\/vinyl-noppenbal-9cm#primaryimage\"},\"thumbnailUrl\":\"https:\\\/\\\/www.pharmacy4pets.nl\\\/wp-content\\\/uploads\\\/2017\\\/01\\\/17_1_1.jpg\",\"datePublished\":\"2017-01-20T14:55:43+00:00\",\"dateModified\":\"2026-03-25T11:56:33+00:00\",\"breadcrumb\":{\"@id\":\"https:\\\/\\\/p4p-nl.bootmine.com\\\/%product-slug%\\\/vinyl-noppenbal-9cm#breadcrumb\"},\"inLanguage\":\"nl-NL\",\"potentialAction\":[{\"@type\":\"ReadAction\",\"target\":[\"https:\\\/\\\/p4p-nl.bootmine.com\\\/%product-slug%\\\/vinyl-noppenbal-9cm\"]}]},{\"@type\":\"ImageObject\",\"inLanguage\":\"nl-NL\",\"@id\":\"https:\\\/\\\/p4p-nl.bootmine.com\\\/%product-slug%\\\/vinyl-noppenbal-9cm#primaryimage\",\"url\":\"https:\\\/\\\/www.pharmacy4pets.nl\\\/wp-content\\\/uploads\\\/2017\\\/01\\\/17_1_1.jpg\",\"contentUrl\":\"https:\\\/\\\/www.pharmacy4pets.nl\\\/wp-content\\\/uploads\\\/2017\\\/01\\\/17_1_1.jpg\",\"width\":310,\"height\":310,\"caption\":\"Flamingo\"},{\"@type\":\"BreadcrumbList\",\"@id\":\"https:\\\/\\\/p4p-nl.bootmine.com\\\/%product-slug%\\\/vinyl-noppenbal-9cm#breadcrumb\",\"itemListElement\":[{\"@type\":\"ListItem\",\"position\":1,\"name\":\"Home\",\"item\":\"https:\\\/\\\/p4p-nl.bootmine.com\\\/\"},{\"@type\":\"ListItem\",\"position\":2,\"name\":\"Winkel\",\"item\":\"https:\\\/\\\/p4p-nl.bootmine.com\\\/winkel\"},{\"@type\":\"ListItem\",\"position\":3,\"name\":\"Vinyl noppenbal 9cm\"}]},{\"@type\":\"WebSite\",\"@id\":\"http:\\\/\\\/www.pharmacy4pets.nl\\\/#website\",\"url\":\"http:\\\/\\\/www.pharmacy4pets.nl\\\/\",\"name\":\"Pharmacy4pets\",\"description\":\"Pharmacy4pets.nl is d\u00e9 online apotheek waar u terecht kunt voor alle diergeneesmiddelen, verzorgingsproducten en dieetvoeding voor uw huisdier.\",\"publisher\":{\"@id\":\"http:\\\/\\\/www.pharmacy4pets.nl\\\/#organization\"},\"potentialAction\":[{\"@type\":\"SearchAction\",\"target\":{\"@type\":\"EntryPoint\",\"urlTemplate\":\"http:\\\/\\\/www.pharmacy4pets.nl\\\/?s={search_term_string}\"},\"query-input\":{\"@type\":\"PropertyValueSpecification\",\"valueRequired\":true,\"valueName\":\"search_term_string\"}}],\"inLanguage\":\"nl-NL\"},{\"@type\":\"Organization\",\"@id\":\"http:\\\/\\\/www.pharmacy4pets.nl\\\/#organization\",\"name\":\"Pharmacy4pets\",\"url\":\"http:\\\/\\\/www.pharmacy4pets.nl\\\/\",\"logo\":{\"@type\":\"ImageObject\",\"inLanguage\":\"nl-NL\",\"@id\":\"http:\\\/\\\/www.pharmacy4pets.nl\\\/#\\\/schema\\\/logo\\\/image\\\/\",\"url\":\"https:\\\/\\\/p4p-nl.bootmine.com\\\/wp-content\\\/uploads\\\/2026\\\/03\\\/logo-pharmacy4pets.png\",\"contentUrl\":\"https:\\\/\\\/p4p-nl.bootmine.com\\\/wp-content\\\/uploads\\\/2026\\\/03\\\/logo-pharmacy4pets.png\",\"width\":1024,\"height\":135,\"caption\":\"Pharmacy4pets\"},\"image\":{\"@id\":\"http:\\\/\\\/www.pharmacy4pets.nl\\\/#\\\/schema\\\/logo\\\/image\\\/\"},\"sameAs\":[\"https:\\\/\\\/www.facebook.com\\\/people\\\/Pharmacy4petsnl\\\/100063484989896\\\/\",\"https:\\\/\\\/www.youtube.com\\\/channel\\\/UCGPTIgucgli03tP2_kvLkHg\\\/featured\",\"https:\\\/\\\/www.instagram.com\\\/pharmacy4pets.nl\"]}]}<\/script>\n<!-- \/ Yoast SEO plugin. -->","yoast_head_json":{"title":"Vinyl noppenbal 9cm - Pharmacy4pets","robots":{"index":"index","follow":"follow","max-snippet":"max-snippet:-1","max-image-preview":"max-image-preview:large","max-video-preview":"max-video-preview:-1"},"canonical":"https:\/\/p4p-nl.bootmine.com\/%product-slug%\/vinyl-noppenbal-9cm","og_locale":"nl_NL","og_type":"article","og_title":"Vinyl noppenbal 9cm - Pharmacy4pets","og_description":"Deze vinyl noppenbal is ideaal voor apporteerspelletjes met uw hond. Het speeltje bevat tevens een squeaker, waardoor hij piept wanneer uw hond in de bal bijt. De noppenbal is verkrijgbaar in twee verschillende maten: -Vinyl noppenbal 6cm -Vinyl noppenbal 9cm De noppenbal is verkrijgbaar in drie verschillende kleuren, zoals aangegeven op de afbeelding. Er zal [&hellip;]","og_url":"https:\/\/p4p-nl.bootmine.com\/%product-slug%\/vinyl-noppenbal-9cm","og_site_name":"Pharmacy4pets","article_publisher":"https:\/\/www.facebook.com\/people\/Pharmacy4petsnl\/100063484989896\/","article_modified_time":"2026-03-25T11:56:33+00:00","og_image":[{"width":310,"height":310,"url":"https:\/\/p4p-nl.bootmine.com\/wp-content\/uploads\/2017\/01\/17_1_1.jpg","type":"image\/jpeg"}],"twitter_card":"summary_large_image","schema":{"@context":"https:\/\/schema.org","@graph":[{"@type":"WebPage","@id":"https:\/\/p4p-nl.bootmine.com\/%product-slug%\/vinyl-noppenbal-9cm","url":"https:\/\/p4p-nl.bootmine.com\/%product-slug%\/vinyl-noppenbal-9cm","name":"Vinyl noppenbal 9cm - Pharmacy4pets","isPartOf":{"@id":"http:\/\/www.pharmacy4pets.nl\/#website"},"primaryImageOfPage":{"@id":"https:\/\/p4p-nl.bootmine.com\/%product-slug%\/vinyl-noppenbal-9cm#primaryimage"},"image":{"@id":"https:\/\/p4p-nl.bootmine.com\/%product-slug%\/vinyl-noppenbal-9cm#primaryimage"},"thumbnailUrl":"https:\/\/www.pharmacy4pets.nl\/wp-content\/uploads\/2017\/01\/17_1_1.jpg","datePublished":"2017-01-20T14:55:43+00:00","dateModified":"2026-03-25T11:56:33+00:00","breadcrumb":{"@id":"https:\/\/p4p-nl.bootmine.com\/%product-slug%\/vinyl-noppenbal-9cm#breadcrumb"},"inLanguage":"nl-NL","potentialAction":[{"@type":"ReadAction","target":["https:\/\/p4p-nl.bootmine.com\/%product-slug%\/vinyl-noppenbal-9cm"]}]},{"@type":"ImageObject","inLanguage":"nl-NL","@id":"https:\/\/p4p-nl.bootmine.com\/%product-slug%\/vinyl-noppenbal-9cm#primaryimage","url":"https:\/\/www.pharmacy4pets.nl\/wp-content\/uploads\/2017\/01\/17_1_1.jpg","contentUrl":"https:\/\/www.pharmacy4pets.nl\/wp-content\/uploads\/2017\/01\/17_1_1.jpg","width":310,"height":310,"caption":"Flamingo"},{"@type":"BreadcrumbList","@id":"https:\/\/p4p-nl.bootmine.com\/%product-slug%\/vinyl-noppenbal-9cm#breadcrumb","itemListElement":[{"@type":"ListItem","position":1,"name":"Home","item":"https:\/\/p4p-nl.bootmine.com\/"},{"@type":"ListItem","position":2,"name":"Winkel","item":"https:\/\/p4p-nl.bootmine.com\/winkel"},{"@type":"ListItem","position":3,"name":"Vinyl noppenbal 9cm"}]},{"@type":"WebSite","@id":"http:\/\/www.pharmacy4pets.nl\/#website","url":"http:\/\/www.pharmacy4pets.nl\/","name":"Pharmacy4pets","description":"Pharmacy4pets.nl is d\u00e9 online apotheek waar u terecht kunt voor alle diergeneesmiddelen, verzorgingsproducten en dieetvoeding voor uw huisdier.","publisher":{"@id":"http:\/\/www.pharmacy4pets.nl\/#organization"},"potentialAction":[{"@type":"SearchAction","target":{"@type":"EntryPoint","urlTemplate":"http:\/\/www.pharmacy4pets.nl\/?s={search_term_string}"},"query-input":{"@type":"PropertyValueSpecification","valueRequired":true,"valueName":"search_term_string"}}],"inLanguage":"nl-NL"},{"@type":"Organization","@id":"http:\/\/www.pharmacy4pets.nl\/#organization","name":"Pharmacy4pets","url":"http:\/\/www.pharmacy4pets.nl\/","logo":{"@type":"ImageObject","inLanguage":"nl-NL","@id":"http:\/\/www.pharmacy4pets.nl\/#\/schema\/logo\/image\/","url":"https:\/\/p4p-nl.bootmine.com\/wp-content\/uploads\/2026\/03\/logo-pharmacy4pets.png","contentUrl":"https:\/\/p4p-nl.bootmine.com\/wp-content\/uploads\/2026\/03\/logo-pharmacy4pets.png","width":1024,"height":135,"caption":"Pharmacy4pets"},"image":{"@id":"http:\/\/www.pharmacy4pets.nl\/#\/schema\/logo\/image\/"},"sameAs":["https:\/\/www.facebook.com\/people\/Pharmacy4petsnl\/100063484989896\/","https:\/\/www.youtube.com\/channel\/UCGPTIgucgli03tP2_kvLkHg\/featured","https:\/\/www.instagram.com\/pharmacy4pets.nl"]}]}},"market_data":{"nl":{"price":0,"sale_price":0,"active":false,"url":null,"parent_url":"","tax_rate":0,"price_inc_tax":0,"sale_price_inc_tax":0},"de":{"price":0,"sale_price":0,"active":false,"url":null,"parent_url":"","tax_rate":0,"price_inc_tax":0,"sale_price_inc_tax":0},"be":{"price":0,"sale_price":0,"active":false,"url":null,"parent_url":"","tax_rate":0,"price_inc_tax":0,"sale_price_inc_tax":0},"fr":{"price":0,"sale_price":0,"active":false,"url":null,"parent_url":"","tax_rate":0,"price_inc_tax":0,"sale_price_inc_tax":0},"ch":{"price":0,"sale_price":0,"active":false,"url":null,"parent_url":"","tax_rate":0,"price_inc_tax":0,"sale_price_inc_tax":0},"at":{"price":0,"sale_price":0,"active":false,"url":null,"parent_url":"","tax_rate":0,"price_inc_tax":0,"sale_price_inc_tax":0},"es":{"price":0,"sale_price":0,"active":false,"url":null,"parent_url":"","tax_rate":0,"price_inc_tax":0,"sale_price_inc_tax":0},"dk":{"price":0,"sale_price":0,"active":false,"url":null,"parent_url":"","tax_rate":0,"price_inc_tax":0,"sale_price_inc_tax":0},"com":{"price":0,"sale_price":0,"active":false,"url":null,"parent_url":"","tax_rate":0,"price_inc_tax":0,"sale_price_inc_tax":0}},"market_nl_price":0,"market_nl_sale_price":0,"market_nl_active":false,"market_nl_url":null,"market_nl_parent_url":"","market_nl_tax_rate":0,"market_nl_price_inc_tax":0,"market_nl_sale_price_inc_tax":0,"market_de_price":0,"market_de_sale_price":0,"market_de_active":false,"market_de_url":null,"market_de_parent_url":"","market_de_tax_rate":0,"market_de_price_inc_tax":0,"market_de_sale_price_inc_tax":0,"market_be_price":0,"market_be_sale_price":0,"market_be_active":false,"market_be_url":null,"market_be_parent_url":"","market_be_tax_rate":0,"market_be_price_inc_tax":0,"market_be_sale_price_inc_tax":0,"market_fr_price":0,"market_fr_sale_price":0,"market_fr_active":false,"market_fr_url":null,"market_fr_parent_url":"","market_fr_tax_rate":0,"market_fr_price_inc_tax":0,"market_fr_sale_price_inc_tax":0,"market_ch_price":0,"market_ch_sale_price":0,"market_ch_active":false,"market_ch_url":null,"market_ch_parent_url":"","market_ch_tax_rate":0,"market_ch_price_inc_tax":0,"market_ch_sale_price_inc_tax":0,"market_at_price":0,"market_at_sale_price":0,"market_at_active":false,"market_at_url":null,"market_at_parent_url":"","market_at_tax_rate":0,"market_at_price_inc_tax":0,"market_at_sale_price_inc_tax":0,"market_es_price":0,"market_es_sale_price":0,"market_es_active":false,"market_es_url":null,"market_es_parent_url":"","market_es_tax_rate":0,"market_es_price_inc_tax":0,"market_es_sale_price_inc_tax":0,"market_dk_price":0,"market_dk_sale_price":0,"market_dk_active":false,"market_dk_url":null,"market_dk_parent_url":"","market_dk_tax_rate":0,"market_dk_price_inc_tax":0,"market_dk_sale_price_inc_tax":0,"market_com_price":0,"market_com_sale_price":0,"market_com_active":false,"market_com_url":null,"market_com_parent_url":"","market_com_tax_rate":0,"market_com_price_inc_tax":0,"market_com_sale_price_inc_tax":0,"acf":[],"_links":{"self":[{"href":"https:\/\/www.pharmacy4pets.nl\/be\/wp-json\/wp\/v2\/product\/117619","targetHints":{"allow":["GET"]}}],"collection":[{"href":"https:\/\/www.pharmacy4pets.nl\/be\/wp-json\/wp\/v2\/product"}],"about":[{"href":"https:\/\/www.pharmacy4pets.nl\/be\/wp-json\/wp\/v2\/types\/product"}],"replies":[{"embeddable":true,"href":"https:\/\/www.pharmacy4pets.nl\/be\/wp-json\/wp\/v2\/comments?post=117619"}],"wp:featuredmedia":[{"embeddable":true,"href":"https:\/\/www.pharmacy4pets.nl\/be\/wp-json\/wp\/v2\/media\/117617"}],"wp:attachment":[{"href":"https:\/\/www.pharmacy4pets.nl\/be\/wp-json\/wp\/v2\/media?parent=117619"}],"wp:term":[{"taxonomy":"product_brand","embeddable":true,"href":"https:\/\/www.pharmacy4pets.nl\/be\/wp-json\/wp\/v2\/product_brand?post=117619"},{"taxonomy":"product_cat","embeddable":true,"href":"https:\/\/www.pharmacy4pets.nl\/be\/wp-json\/wp\/v2\/product_cat?post=117619"},{"taxonomy":"product_tag","embeddable":true,"href":"https:\/\/www.pharmacy4pets.nl\/be\/wp-json\/wp\/v2\/product_tag?post=117619"}],"curies":[{"name":"wp","href":"https:\/\/api.w.org\/{rel}","templated":true}]}}