{"id":117597,"date":"2017-01-12T12:06:05","date_gmt":"2017-01-12T12:06:05","guid":{"rendered":"https:\/\/p4p.test\/nageltang-doggyman-hond-klein-2"},"modified":"2026-04-14T08:02:21","modified_gmt":"2026-04-14T08:02:21","slug":"nageltang-doggyman-hond-klein","status":"publish","type":"product","link":"https:\/\/www.pharmacy4pets.nl\/be\/nageltang-doggyman-hond-klein","title":{"rendered":"Nageltang Doggyman Hond klein"},"content":{"rendered":"<p style=\"text-align: justify;\">Met de nageltang van Doggyman wordt het zeer eenvoudig de nagels van uw hond te knippen. De nageltang is eenvoudig in gebruik en beschikt tevens over een vergrendeling.<\/p>\n<p style=\"text-align: justify;\">De nageltang van Doggyman is verkrijgbaar in twee maten:<\/p>\n<p style=\"text-align: justify;\">Nageltang Doggyman Hond klein : 12,5cm<\/p>\n<p style=\"text-align: justify;\">Nageltang Doggyman Hond groot : 16,5cm<\/p>\n","protected":false},"excerpt":{"rendered":"<p>Met de nageltang van Doggyman wordt het zeer eenvoudig de nagels van uw hond te knippen. De nageltang is eenvoudig in gebruik en beschikt tevens over een vergrendeling. De nageltang van Doggyman is verkrijgbaar in twee maten: Nageltang Doggyman Hond klein : 12,5cm Nageltang Doggyman Hond groot : 16,5cm<\/p>\n","protected":false},"featured_media":117594,"comment_status":"open","ping_status":"closed","template":"","meta":{"_acf_changed":false,"_nl_post_content":"<p style=\"text-align: justify;\">Met de nageltang van Doggyman wordt het zeer eenvoudig de nagels van uw hond te knippen. De nageltang is eenvoudig in gebruik en beschikt tevens over een vergrendeling.<\/p>\r\n<p style=\"text-align: justify;\">De nageltang van Doggyman is verkrijgbaar in twee maten:<\/p>\r\n<p style=\"text-align: justify;\">Nageltang Doggyman Hond klein : 12,5cm<\/p>\r\n<p style=\"text-align: justify;\">Nageltang Doggyman Hond groot : 16,5cm<\/p>","_nl_post_name":"nageltang-doggyman-hond-klein","_nl_post_excerpt":"","_nl_post_title":"Nageltang Doggyman Hond klein","_en_post_content":"<p style=\"text-align: justify;\">With the nail clipper from Doggyman is becomes highly simple to cut the nails of your dog. The nail clipper is very easy to use and can be locked.&nbsp;<\/p>\r\n<p style=\"text-align: justify;\">Nail Clipper Doggyman is obtainable in two sizes:<\/p>\r\n<p style=\"text-align: justify;\">Nail Clipper Doggyman Dog Small : 12,5cm<\/p>\r\n<p style=\"text-align: justify;\">Nail Clipper Doggyman Dog Large : 16,5cm<\/p>","_en_post_name":"nageltang-doggyman-hond-klein","_en_post_excerpt":"","_en_post_title":"Nail Clipper Doggyman Dog Small","_de_post_content":"<p>Mit die Krallenzangen van Doggyman ist es sehr einfach die Nageln Ihres Hund zu k&uuml;rzen. Die Krallenzange ist einfach zu nutzen und Sie k&ouml;nnen die Zange abschliessen.&nbsp;<\/p>\r\n<p>&nbsp;<\/p>\r\n<p>Die Krallenzange von Doggyman sind lieferbar in 2 verschiedende Gr&ouml;&szlig;en :<\/p>\r\n<p>Krallenzange Doggyman Hund klein : 12,5cm<\/p>\r\n<p>Krallenzange Doggyman Hund gr&ouml;&szlig; : 16,5cm<\/p>","_de_post_name":"nageltang-doggyman-hond-klein","_de_post_excerpt":"","_de_post_title":"Krallenzange Doggyman Hund klein","_fr_post_content":"<p>Le coupe-ongles Doggyman permet de couper tr\u00e8s facilement les ongles de votre chien. Le coupe-ongles est facile \u00e0 utiliser et dispose d'un m\u00e9canisme de verrouillage.<\/p>\n<p>Les coupe-ongles Doggyman sont disponibles en deux tailles :<\/p>\n<p>Coupe-ongles Doggyman Chien petit : 12.5cm<\/p>","_fr_post_name":"couple-ongle-doggyman-chien-petit","_fr_post_excerpt":"","_fr_post_title":"Couple-ongle Doggyman Chien petit","_es_post_content":"<p>Los corta\u00fa\u00f1as para perros peque\u00f1os de Doggyman hacen que sea muy f\u00e1cil cortar las u\u00f1as de su perro. Los corta\u00fa\u00f1as son f\u00e1cil de usar y tambi\u00e9n tiene un candado.<\/p>\r\n<p>Los corta\u00fa\u00f1as Doggyman est\u00e1n disponibles en dos tama\u00f1os:<\/p>\r\n<ul>\r\n<li>Cortau\u00f1as Doggyman Perros peque\u00f1os: 12,5 cm<\/li>\r\n<li>Cortau\u00f1as Doggyman Perros grandes: 16,5 cm<\/li>\r\n<\/ul>","_es_post_name":"cortaunas-doggyman-perros-pequenos","_es_post_excerpt":"","_es_post_title":"Corta\u00fa\u00f1as Doggyman Perros peque\u00f1os","edit_language":"nl"},"product_brand":[],"product_cat":[1861,2043,1117,1857,1863],"product_tag":[],"class_list":{"0":"post-117597","1":"product","2":"type-product","3":"status-publish","4":"has-post-thumbnail","6":"product_cat-benodigdheden","7":"product_cat-doggyman","8":"product_cat-honden","9":"product_cat-merken","10":"product_cat-verzorging","11":"pa_aandoening-huid_vacht","12":"pa_doeldier-hond","13":"pa_fabricatieland-nederland","14":"pa_merkfilter-doggyman","15":"pa_merkgroep-vmd","16":"pa_productsoort-overig","17":"pa_seo_canonical_store_id-not_found_value","18":"pa_seo_category-not_found_value","19":"pa_seo_meta_robots-not_found_value","20":"pa_toedieningswijze-nageltang","21":"pa_unit_pricing_base_measure-1ct","22":"pa_unit_pricing_measure-1ct","23":"pa_werkzamestof-overig","25":"first","26":"instock","27":"taxable","28":"shipping-taxable","29":"purchasable","30":"product-type-simple"},"yoast_head":"<!-- This site is optimized with the Yoast SEO plugin v27.5 - https:\/\/yoast.com\/product\/yoast-seo-wordpress\/ -->\n<title>Nageltang Doggyman Hond klein | Pharmacy4pets<\/title>\n<meta name=\"robots\" content=\"index, follow, max-snippet:-1, max-image-preview:large, max-video-preview:-1\" \/>\n<link rel=\"canonical\" href=\"https:\/\/www.pharmacy4pets.nl\/nageltang-doggyman-hond-klein\" \/>\n<meta property=\"og:locale\" content=\"nl_NL\" \/>\n<meta property=\"og:type\" content=\"article\" \/>\n<meta property=\"og:title\" content=\"Nageltang Doggyman Hond klein | Pharmacy4pets\" \/>\n<meta property=\"og:description\" content=\"Met de nageltang van Doggyman wordt het zeer eenvoudig de nagels van uw hond te knippen. De nageltang is eenvoudig in gebruik en beschikt tevens over een vergrendeling. De nageltang van Doggyman is verkrijgbaar in twee maten: Nageltang Doggyman Hond klein : 12,5cm Nageltang Doggyman Hond groot : 16,5cm\" \/>\n<meta property=\"og:url\" content=\"https:\/\/www.pharmacy4pets.nl\/nageltang-doggyman-hond-klein\" \/>\n<meta property=\"og:site_name\" content=\"Pharmacy4pets\" \/>\n<meta property=\"article:publisher\" content=\"https:\/\/www.facebook.com\/people\/Pharmacy4petsnl\/100063484989896\/\" \/>\n<meta property=\"article:modified_time\" content=\"2026-04-14T08:02:21+00:00\" \/>\n<meta property=\"og:image\" content=\"https:\/\/www.pharmacy4pets.nl\/wp-content\/uploads\/2017\/01\/24712.jpg\" \/>\n\t<meta property=\"og:image:width\" content=\"194\" \/>\n\t<meta property=\"og:image:height\" content=\"600\" \/>\n\t<meta property=\"og:image:type\" content=\"image\/jpeg\" \/>\n<meta name=\"twitter:card\" content=\"summary_large_image\" \/>\n<script type=\"application\/ld+json\" class=\"yoast-schema-graph\">{\"@context\":\"https:\\\/\\\/schema.org\",\"@graph\":[{\"@type\":\"WebPage\",\"@id\":\"https:\\\/\\\/www.pharmacy4pets.nl\\\/nageltang-doggyman-hond-klein\",\"url\":\"https:\\\/\\\/www.pharmacy4pets.nl\\\/nageltang-doggyman-hond-klein\",\"name\":\"Nageltang Doggyman Hond klein | Pharmacy4pets\",\"isPartOf\":{\"@id\":\"https:\\\/\\\/www.pharmacy4pets.nl\\\/be\\\/#website\"},\"primaryImageOfPage\":{\"@id\":\"https:\\\/\\\/www.pharmacy4pets.nl\\\/nageltang-doggyman-hond-klein#primaryimage\"},\"image\":{\"@id\":\"https:\\\/\\\/www.pharmacy4pets.nl\\\/nageltang-doggyman-hond-klein#primaryimage\"},\"thumbnailUrl\":\"https:\\\/\\\/www.pharmacy4pets.nl\\\/wp-content\\\/uploads\\\/2017\\\/01\\\/24712.jpg\",\"datePublished\":\"2017-01-12T12:06:05+00:00\",\"dateModified\":\"2026-04-14T08:02:21+00:00\",\"breadcrumb\":{\"@id\":\"https:\\\/\\\/www.pharmacy4pets.nl\\\/nageltang-doggyman-hond-klein#breadcrumb\"},\"inLanguage\":\"nl-NL\",\"potentialAction\":[{\"@type\":\"ReadAction\",\"target\":[\"https:\\\/\\\/www.pharmacy4pets.nl\\\/nageltang-doggyman-hond-klein\"]}]},{\"@type\":\"ImageObject\",\"inLanguage\":\"nl-NL\",\"@id\":\"https:\\\/\\\/www.pharmacy4pets.nl\\\/nageltang-doggyman-hond-klein#primaryimage\",\"url\":\"https:\\\/\\\/www.pharmacy4pets.nl\\\/wp-content\\\/uploads\\\/2017\\\/01\\\/24712.jpg\",\"contentUrl\":\"https:\\\/\\\/www.pharmacy4pets.nl\\\/wp-content\\\/uploads\\\/2017\\\/01\\\/24712.jpg\",\"width\":194,\"height\":600,\"caption\":\"Doggyman\"},{\"@type\":\"BreadcrumbList\",\"@id\":\"https:\\\/\\\/www.pharmacy4pets.nl\\\/nageltang-doggyman-hond-klein#breadcrumb\",\"itemListElement\":[{\"@type\":\"ListItem\",\"position\":1,\"name\":\"Home\",\"item\":\"https:\\\/\\\/p4p-nl.bootmine.com\\\/\"},{\"@type\":\"ListItem\",\"position\":2,\"name\":\"Winkel\",\"item\":\"https:\\\/\\\/www.pharmacy4pets.nl\\\/be\\\/winkel\"},{\"@type\":\"ListItem\",\"position\":3,\"name\":\"Nageltang Doggyman Hond klein\"}]},{\"@type\":\"WebSite\",\"@id\":\"https:\\\/\\\/www.pharmacy4pets.nl\\\/be\\\/#website\",\"url\":\"https:\\\/\\\/www.pharmacy4pets.nl\\\/be\\\/\",\"name\":\"Pharmacy4pets\",\"description\":\"Pharmacy4pets.nl is d\u00e9 online apotheek waar u terecht kunt voor alle diergeneesmiddelen, verzorgingsproducten en dieetvoeding voor uw huisdier.\",\"publisher\":{\"@id\":\"https:\\\/\\\/www.pharmacy4pets.nl\\\/be\\\/#organization\"},\"potentialAction\":[{\"@type\":\"SearchAction\",\"target\":{\"@type\":\"EntryPoint\",\"urlTemplate\":\"https:\\\/\\\/www.pharmacy4pets.nl\\\/be\\\/?s={search_term_string}\"},\"query-input\":{\"@type\":\"PropertyValueSpecification\",\"valueRequired\":true,\"valueName\":\"search_term_string\"}}],\"inLanguage\":\"nl-NL\"},{\"@type\":\"Organization\",\"@id\":\"https:\\\/\\\/www.pharmacy4pets.nl\\\/be\\\/#organization\",\"name\":\"Pharmacy4pets\",\"url\":\"https:\\\/\\\/www.pharmacy4pets.nl\\\/be\\\/\",\"logo\":{\"@type\":\"ImageObject\",\"inLanguage\":\"nl-NL\",\"@id\":\"https:\\\/\\\/www.pharmacy4pets.nl\\\/be\\\/#\\\/schema\\\/logo\\\/image\\\/\",\"url\":\"https:\\\/\\\/p4p-nl.bootmine.com\\\/wp-content\\\/uploads\\\/2026\\\/03\\\/logo-pharmacy4pets.png\",\"contentUrl\":\"https:\\\/\\\/p4p-nl.bootmine.com\\\/wp-content\\\/uploads\\\/2026\\\/03\\\/logo-pharmacy4pets.png\",\"width\":1024,\"height\":135,\"caption\":\"Pharmacy4pets\"},\"image\":{\"@id\":\"https:\\\/\\\/www.pharmacy4pets.nl\\\/be\\\/#\\\/schema\\\/logo\\\/image\\\/\"},\"sameAs\":[\"https:\\\/\\\/www.facebook.com\\\/people\\\/Pharmacy4petsnl\\\/100063484989896\\\/\",\"https:\\\/\\\/www.youtube.com\\\/channel\\\/UCGPTIgucgli03tP2_kvLkHg\\\/featured\",\"https:\\\/\\\/www.instagram.com\\\/pharmacy4pets.nl\"]}]}<\/script>\n<!-- \/ Yoast SEO plugin. -->","yoast_head_json":{"title":"Nageltang Doggyman Hond klein | Pharmacy4pets","robots":{"index":"index","follow":"follow","max-snippet":"max-snippet:-1","max-image-preview":"max-image-preview:large","max-video-preview":"max-video-preview:-1"},"canonical":"https:\/\/www.pharmacy4pets.nl\/nageltang-doggyman-hond-klein","og_locale":"nl_NL","og_type":"article","og_title":"Nageltang Doggyman Hond klein | Pharmacy4pets","og_description":"Met de nageltang van Doggyman wordt het zeer eenvoudig de nagels van uw hond te knippen. De nageltang is eenvoudig in gebruik en beschikt tevens over een vergrendeling. De nageltang van Doggyman is verkrijgbaar in twee maten: Nageltang Doggyman Hond klein : 12,5cm Nageltang Doggyman Hond groot : 16,5cm","og_url":"https:\/\/www.pharmacy4pets.nl\/nageltang-doggyman-hond-klein","og_site_name":"Pharmacy4pets","article_publisher":"https:\/\/www.facebook.com\/people\/Pharmacy4petsnl\/100063484989896\/","article_modified_time":"2026-04-14T08:02:21+00:00","og_image":[{"width":194,"height":600,"url":"https:\/\/www.pharmacy4pets.nl\/wp-content\/uploads\/2017\/01\/24712.jpg","type":"image\/jpeg"}],"twitter_card":"summary_large_image","schema":{"@context":"https:\/\/schema.org","@graph":[{"@type":"WebPage","@id":"https:\/\/www.pharmacy4pets.nl\/nageltang-doggyman-hond-klein","url":"https:\/\/www.pharmacy4pets.nl\/nageltang-doggyman-hond-klein","name":"Nageltang Doggyman Hond klein | Pharmacy4pets","isPartOf":{"@id":"https:\/\/www.pharmacy4pets.nl\/be\/#website"},"primaryImageOfPage":{"@id":"https:\/\/www.pharmacy4pets.nl\/nageltang-doggyman-hond-klein#primaryimage"},"image":{"@id":"https:\/\/www.pharmacy4pets.nl\/nageltang-doggyman-hond-klein#primaryimage"},"thumbnailUrl":"https:\/\/www.pharmacy4pets.nl\/wp-content\/uploads\/2017\/01\/24712.jpg","datePublished":"2017-01-12T12:06:05+00:00","dateModified":"2026-04-14T08:02:21+00:00","breadcrumb":{"@id":"https:\/\/www.pharmacy4pets.nl\/nageltang-doggyman-hond-klein#breadcrumb"},"inLanguage":"nl-NL","potentialAction":[{"@type":"ReadAction","target":["https:\/\/www.pharmacy4pets.nl\/nageltang-doggyman-hond-klein"]}]},{"@type":"ImageObject","inLanguage":"nl-NL","@id":"https:\/\/www.pharmacy4pets.nl\/nageltang-doggyman-hond-klein#primaryimage","url":"https:\/\/www.pharmacy4pets.nl\/wp-content\/uploads\/2017\/01\/24712.jpg","contentUrl":"https:\/\/www.pharmacy4pets.nl\/wp-content\/uploads\/2017\/01\/24712.jpg","width":194,"height":600,"caption":"Doggyman"},{"@type":"BreadcrumbList","@id":"https:\/\/www.pharmacy4pets.nl\/nageltang-doggyman-hond-klein#breadcrumb","itemListElement":[{"@type":"ListItem","position":1,"name":"Home","item":"https:\/\/p4p-nl.bootmine.com\/"},{"@type":"ListItem","position":2,"name":"Winkel","item":"https:\/\/www.pharmacy4pets.nl\/be\/winkel"},{"@type":"ListItem","position":3,"name":"Nageltang Doggyman Hond klein"}]},{"@type":"WebSite","@id":"https:\/\/www.pharmacy4pets.nl\/be\/#website","url":"https:\/\/www.pharmacy4pets.nl\/be\/","name":"Pharmacy4pets","description":"Pharmacy4pets.nl is d\u00e9 online apotheek waar u terecht kunt voor alle diergeneesmiddelen, verzorgingsproducten en dieetvoeding voor uw huisdier.","publisher":{"@id":"https:\/\/www.pharmacy4pets.nl\/be\/#organization"},"potentialAction":[{"@type":"SearchAction","target":{"@type":"EntryPoint","urlTemplate":"https:\/\/www.pharmacy4pets.nl\/be\/?s={search_term_string}"},"query-input":{"@type":"PropertyValueSpecification","valueRequired":true,"valueName":"search_term_string"}}],"inLanguage":"nl-NL"},{"@type":"Organization","@id":"https:\/\/www.pharmacy4pets.nl\/be\/#organization","name":"Pharmacy4pets","url":"https:\/\/www.pharmacy4pets.nl\/be\/","logo":{"@type":"ImageObject","inLanguage":"nl-NL","@id":"https:\/\/www.pharmacy4pets.nl\/be\/#\/schema\/logo\/image\/","url":"https:\/\/p4p-nl.bootmine.com\/wp-content\/uploads\/2026\/03\/logo-pharmacy4pets.png","contentUrl":"https:\/\/p4p-nl.bootmine.com\/wp-content\/uploads\/2026\/03\/logo-pharmacy4pets.png","width":1024,"height":135,"caption":"Pharmacy4pets"},"image":{"@id":"https:\/\/www.pharmacy4pets.nl\/be\/#\/schema\/logo\/image\/"},"sameAs":["https:\/\/www.facebook.com\/people\/Pharmacy4petsnl\/100063484989896\/","https:\/\/www.youtube.com\/channel\/UCGPTIgucgli03tP2_kvLkHg\/featured","https:\/\/www.instagram.com\/pharmacy4pets.nl"]}]}},"market_data":{"nl":{"price":0,"sale_price":0,"active":false,"url":"","parent_url":"","tax_rate":0,"price_inc_tax":0,"sale_price_inc_tax":0},"de":{"price":0,"sale_price":0,"active":false,"url":"","parent_url":"","tax_rate":0,"price_inc_tax":0,"sale_price_inc_tax":0},"be":{"price":0,"sale_price":0,"active":false,"url":"","parent_url":"","tax_rate":0,"price_inc_tax":0,"sale_price_inc_tax":0},"fr":{"price":0,"sale_price":0,"active":false,"url":"","parent_url":"","tax_rate":0,"price_inc_tax":0,"sale_price_inc_tax":0},"ch":{"price":0,"sale_price":0,"active":false,"url":"","parent_url":"","tax_rate":0,"price_inc_tax":0,"sale_price_inc_tax":0},"at":{"price":0,"sale_price":0,"active":false,"url":"","parent_url":"","tax_rate":0,"price_inc_tax":0,"sale_price_inc_tax":0},"es":{"price":0,"sale_price":0,"active":false,"url":"","parent_url":"","tax_rate":0,"price_inc_tax":0,"sale_price_inc_tax":0},"dk":{"price":0,"sale_price":0,"active":false,"url":"","parent_url":"","tax_rate":0,"price_inc_tax":0,"sale_price_inc_tax":0},"com":{"price":0,"sale_price":0,"active":false,"url":"","parent_url":"","tax_rate":0,"price_inc_tax":0,"sale_price_inc_tax":0}},"market_nl_price":0,"market_nl_sale_price":0,"market_nl_active":false,"market_nl_url":"","market_nl_parent_url":"","market_nl_tax_rate":0,"market_nl_price_inc_tax":0,"market_nl_sale_price_inc_tax":0,"market_de_price":0,"market_de_sale_price":0,"market_de_active":false,"market_de_url":"","market_de_parent_url":"","market_de_tax_rate":0,"market_de_price_inc_tax":0,"market_de_sale_price_inc_tax":0,"market_be_price":0,"market_be_sale_price":0,"market_be_active":false,"market_be_url":"","market_be_parent_url":"","market_be_tax_rate":0,"market_be_price_inc_tax":0,"market_be_sale_price_inc_tax":0,"market_fr_price":0,"market_fr_sale_price":0,"market_fr_active":false,"market_fr_url":"","market_fr_parent_url":"","market_fr_tax_rate":0,"market_fr_price_inc_tax":0,"market_fr_sale_price_inc_tax":0,"market_ch_price":0,"market_ch_sale_price":0,"market_ch_active":false,"market_ch_url":"","market_ch_parent_url":"","market_ch_tax_rate":0,"market_ch_price_inc_tax":0,"market_ch_sale_price_inc_tax":0,"market_at_price":0,"market_at_sale_price":0,"market_at_active":false,"market_at_url":"","market_at_parent_url":"","market_at_tax_rate":0,"market_at_price_inc_tax":0,"market_at_sale_price_inc_tax":0,"market_es_price":0,"market_es_sale_price":0,"market_es_active":false,"market_es_url":"","market_es_parent_url":"","market_es_tax_rate":0,"market_es_price_inc_tax":0,"market_es_sale_price_inc_tax":0,"market_dk_price":0,"market_dk_sale_price":0,"market_dk_active":false,"market_dk_url":"","market_dk_parent_url":"","market_dk_tax_rate":0,"market_dk_price_inc_tax":0,"market_dk_sale_price_inc_tax":0,"market_com_price":0,"market_com_sale_price":0,"market_com_active":false,"market_com_url":"","market_com_parent_url":"","market_com_tax_rate":0,"market_com_price_inc_tax":0,"market_com_sale_price_inc_tax":0,"acf":[],"_links":{"self":[{"href":"https:\/\/www.pharmacy4pets.nl\/be\/wp-json\/wp\/v2\/product\/117597","targetHints":{"allow":["GET"]}}],"collection":[{"href":"https:\/\/www.pharmacy4pets.nl\/be\/wp-json\/wp\/v2\/product"}],"about":[{"href":"https:\/\/www.pharmacy4pets.nl\/be\/wp-json\/wp\/v2\/types\/product"}],"replies":[{"embeddable":true,"href":"https:\/\/www.pharmacy4pets.nl\/be\/wp-json\/wp\/v2\/comments?post=117597"}],"wp:featuredmedia":[{"embeddable":true,"href":"https:\/\/www.pharmacy4pets.nl\/be\/wp-json\/wp\/v2\/media\/117594"}],"wp:attachment":[{"href":"https:\/\/www.pharmacy4pets.nl\/be\/wp-json\/wp\/v2\/media?parent=117597"}],"wp:term":[{"taxonomy":"product_brand","embeddable":true,"href":"https:\/\/www.pharmacy4pets.nl\/be\/wp-json\/wp\/v2\/product_brand?post=117597"},{"taxonomy":"product_cat","embeddable":true,"href":"https:\/\/www.pharmacy4pets.nl\/be\/wp-json\/wp\/v2\/product_cat?post=117597"},{"taxonomy":"product_tag","embeddable":true,"href":"https:\/\/www.pharmacy4pets.nl\/be\/wp-json\/wp\/v2\/product_tag?post=117597"}],"curies":[{"name":"wp","href":"https:\/\/api.w.org\/{rel}","templated":true}]}}