{"id":117573,"date":"2016-12-09T09:53:27","date_gmt":"2016-12-09T09:53:27","guid":{"rendered":"https:\/\/p4p.test\/puur-pseudo-pregnancy-3"},"modified":"2026-04-14T08:02:19","modified_gmt":"2026-04-14T08:02:19","slug":"puur-pseudo-pregnancy","status":"publish","type":"product","link":"https:\/\/www.pharmacy4pets.nl\/be\/puur-pseudo-pregnancy","title":{"rendered":"PUUR Pseudo Pregnancy | 50 ml"},"content":{"rendered":"<p style=\"text-align: justify;\">PUUR Pseudo Pregnancy is een aanvullend diervoeder welke aan een hond, kat of konijn gegeven kan worden wanneer deze schijnzwanger is. Dit kan voorkomen door bijvoorbeeld een verstoring na de loopsheid\/krolsheid.<\/p>\n<p style=\"text-align: justify;\">U dient het product aan uw huisdier te geven aan het einde van de loopsheid of krolsheid. Daarna dient u het door te geven tot aan het eind van de periode dat de schijndracht normaal over zou zijn gegaan. U kunt het product zo in de bek ingeven of het vermengen met water. Ook mag het op eten gedruppeld worden.&nbsp;<\/p>\n<p style=\"text-align: justify;\">Bij katten kunt u er ook voor kiezen om de druppels op de voorpoot te druppelen. U moet dan wel goed in de gaten houden dat de kat de poten goed schoon likt.<\/p>\n<table style=\"\" border=\"1\">\n<thead>\n<tr>\n<td colspan=\"2\">\n<p style=\"text-align: center;\"><b>Dosering (1 ml = 20 druppels)<\/b><\/p>\n<\/td>\n<\/tr>\n<tr>\n<td>\n<p><b>Dier &nbsp; &nbsp; &nbsp; &nbsp; &nbsp; &nbsp; &nbsp; &nbsp; &nbsp; &nbsp; &nbsp; &nbsp; &nbsp;<\/b><\/p>\n<\/td>\n<td>\n<p><b>Aantal druppels (1-2 x per dag)<\/b><\/p>\n<\/td>\n<\/tr>\n<tr>\n<td>\n<p>Hond<\/p>\n<\/td>\n<td>\n<p>10 &#8211; 15 druppels<\/p>\n<\/td>\n<\/tr>\n<tr>\n<td>\n<p>Kat<\/p>\n<\/td>\n<td>\n<p>6 &#8211; 10 druppels<\/p>\n<\/td>\n<\/tr>\n<tr>\n<td>\n<p>Konijn<\/p>\n<\/td>\n<td>\n<p>3 &#8211; 5 druppels<\/p>\n<\/td>\n<\/tr>\n<\/thead>\n<\/table>\n<p style=\"text-align: justify;\">De verpakking bevat 50 ml.&nbsp;<\/p>\n","protected":false},"excerpt":{"rendered":"<p>PUUR Pseudo Pregnancy is een aanvullend diervoeder welke aan een hond, kat of konijn gegeven kan worden wanneer deze schijnzwanger is. Dit kan voorkomen door bijvoorbeeld een verstoring na de loopsheid\/krolsheid. U dient het product aan uw huisdier te geven aan het einde van de loopsheid of krolsheid. Daarna dient u het door te geven [&hellip;]<\/p>\n","protected":false},"featured_media":117570,"comment_status":"open","ping_status":"closed","template":"","meta":{"_acf_changed":false,"_nl_post_content":"<p style=\"text-align: justify;\">PUUR Pseudo Pregnancy is een aanvullend diervoeder welke aan een hond, kat of konijn gegeven kan worden wanneer deze schijnzwanger is. Dit kan voorkomen door bijvoorbeeld een verstoring na de loopsheid\/krolsheid.<\/p>\r\n<p style=\"text-align: justify;\">U dient het product aan uw huisdier te geven aan het einde van de loopsheid of krolsheid. Daarna dient u het door te geven tot aan het eind van de periode dat de schijndracht normaal over zou zijn gegaan. U kunt het product zo in de bek ingeven of het vermengen met water. Ook mag het op eten gedruppeld worden.&nbsp;<\/p>\r\n<p style=\"text-align: justify;\">Bij katten kunt u er ook voor kiezen om de druppels op de voorpoot te druppelen. U moet dan wel goed in de gaten houden dat de kat de poten goed schoon likt.<\/p>\r\n<table style=\"\" border=\"1\">\r\n<thead>\r\n<tr>\r\n<td colspan=\"2\">\r\n<p style=\"text-align: center;\"><b>Dosering (1 ml = 20 druppels)<\/b><\/p>\r\n<\/td>\r\n<\/tr>\r\n<tr>\r\n<td>\r\n<p><b>Dier &nbsp; &nbsp; &nbsp; &nbsp; &nbsp; &nbsp; &nbsp; &nbsp; &nbsp; &nbsp; &nbsp; &nbsp; &nbsp;<\/b><\/p>\r\n<\/td>\r\n<td>\r\n<p><b>Aantal druppels (1-2 x per dag)<\/b><\/p>\r\n<\/td>\r\n<\/tr>\r\n<tr>\r\n<td>\r\n<p>Hond<\/p>\r\n<\/td>\r\n<td>\r\n<p>10 - 15 druppels<\/p>\r\n<\/td>\r\n<\/tr>\r\n<tr>\r\n<td>\r\n<p>Kat<\/p>\r\n<\/td>\r\n<td>\r\n<p>6 - 10 druppels<\/p>\r\n<\/td>\r\n<\/tr>\r\n<tr>\r\n<td>\r\n<p>Konijn<\/p>\r\n<\/td>\r\n<td>\r\n<p>3 - 5 druppels<\/p>\r\n<\/td>\r\n<\/tr>\r\n<\/thead>\r\n<\/table>\r\n<p style=\"text-align: justify;\">De verpakking bevat 50 ml.&nbsp;<\/p>","_nl_post_name":"puur-pseudo-pregnancy","_nl_post_excerpt":"","_nl_post_title":"PUUR Pseudo Pregnancy | 50 ml","_en_post_content":"<p style=\"text-align: justify;\">PUUR Pseudo Pregnancy is a complementary nutrition that you can give to your dog, cat or rabbit when they think that they are pregnant, so in case of a fase pregnancy. This can occur after a distortion after being in heat.<\/p>\r\n<p style=\"text-align: justify;\">U need to give the product to your pet at the end of the heat. After that, you need to give it untill the time the pet should have been in heat.<\/p>\r\n<p style=\"text-align: justify;\">U can give the drops directly into the mouth of your pet or you can mix it with some water. Also, you can drip it on some food. In case of a cat, you can drip it on his front leg. You should keep an eye on her untill she has cleaned her feet.<\/p>\r\n<table border=\"1\">\r\n<thead>\r\n<tr>\r\n<td colspan=\"2\">\r\n<p style=\"text-align: center;\"><b>Dosage (1 ml = 20 Drops)<\/b><\/p>\r\n<\/td>\r\n<\/tr>\r\n<tr>\r\n<td>\r\n<p><b>Animal &nbsp; &nbsp; &nbsp; &nbsp; &nbsp; &nbsp; &nbsp; &nbsp; &nbsp; &nbsp; &nbsp; &nbsp;&nbsp;<\/b><\/p>\r\n<\/td>\r\n<td>\r\n<p><b>Number of drops (1-2 x per day)<\/b><\/p>\r\n<\/td>\r\n<\/tr>\r\n<tr>\r\n<td>\r\n<p>Dog<\/p>\r\n<\/td>\r\n<td>\r\n<p>10 - 15 drops<\/p>\r\n<\/td>\r\n<\/tr>\r\n<tr>\r\n<td>\r\n<p>Cat<\/p>\r\n<\/td>\r\n<td>\r\n<p>6 - 10 drops<\/p>\r\n<\/td>\r\n<\/tr>\r\n<tr>\r\n<td>\r\n<p>Rabbit<\/p>\r\n<\/td>\r\n<td>\r\n<p>3 - 5 drops<\/p>\r\n<\/td>\r\n<\/tr>\r\n<\/thead>\r\n<\/table>\r\n<p style=\"text-align: justify;\">The package contains 50 ml.&nbsp;<\/p>","_en_post_name":"puur-pseudo-pregnancy","_en_post_excerpt":"","_en_post_title":"PUUR Pseudo Pregnancy | 50 ml","_de_post_content":"<p style=\"text-align: justify;\">PUUR Pseudo Pregnancy ist ein Erg&auml;nzungsfuttermittel f&uuml;r scheinschwangerschaft bei Hunde, Katzen und Kaninchen. Die Tieren k&ouml;nnen scheinzwanger sein durch eine St&ouml;rung nach den Estrous Zyklus\/Krolsheid.<\/p>\r\n<p style=\"text-align: justify;\">Sie mussen das Product am ende des Estrous Zuklus oder Krolsheid geben. Dann mussen&nbsp; Sie das zum ende der Periode der scheinzwangerschaft anwenden.<\/p>\r\n<p style=\"text-align: justify;\">Sie k&ouml;nnen die Tropfen direkt oral eingeben oder mit ein bischen Wasser mengen. &nbsp;Auch k&ouml;nnen Sie das tr&ouml;pfeln auf etwas Futter.<\/p>\r\n<table border=\"1\">\r\n<thead>\r\n<tr>\r\n<td colspan=\"2\">\r\n<p style=\"text-align: center;\"><b>Doserung (1 ml = 20 Tropfen)<\/b><\/p>\r\n<\/td>\r\n<\/tr>\r\n<tr>\r\n<td>\r\n<p><b>Tier &nbsp; &nbsp; &nbsp; &nbsp; &nbsp; &nbsp; &nbsp; &nbsp; &nbsp; &nbsp; &nbsp; &nbsp; &nbsp;<\/b><\/p>\r\n<\/td>\r\n<td>\r\n<p><b>Anzahl Tropfen&nbsp;(1-2 x pro Tag)<\/b><\/p>\r\n<\/td>\r\n<\/tr>\r\n<tr>\r\n<td>\r\n<p>Hund<\/p>\r\n<\/td>\r\n<td>\r\n<p>10 - 15 Tropfen<\/p>\r\n<\/td>\r\n<\/tr>\r\n<tr>\r\n<td>\r\n<p>Katze<\/p>\r\n<\/td>\r\n<td>\r\n<p>6 - 10&nbsp;Tropfen<\/p>\r\n<\/td>\r\n<\/tr>\r\n<tr>\r\n<td>\r\n<p>Kaninchen<\/p>\r\n<\/td>\r\n<td>\r\n<p>3 &ndash; 5 Tropfen<\/p>\r\n<\/td>\r\n<\/tr>\r\n<\/thead>\r\n<\/table>\r\n<p style=\"text-align: justify;\">Die Verpackung enth&auml;lt 50 ml.&nbsp;<\/p>","_de_post_name":"puur-pseudo-pregnancy","_de_post_excerpt":"","_de_post_title":"PUUR Pseudo Pregnancy | 50 ml","_fr_post_content":"<p style=\"text-align: justify;\">PUUR Pseudo Pregnancy is een aanvullend diervoeder welke aan een hond, kat of konijn gegeven kan worden wanneer deze schijnzwanger is. Dit kan voorkomen door bijvoorbeeld een verstoring na de loopsheid\/krolsheid.<\/p>\r\n<p style=\"text-align: justify;\">U dient het product aan uw huisdier te geven aan het einde van de loopsheid of krolsheid. Daarna dient u het door te geven tot aan het eind van de periode dat de schijndracht normaal over zou zijn gegaan. U kunt het product zo in de bek ingeven of het vermengen met water. Ook mag het op eten gedruppeld worden.&nbsp;<\/p>\r\n<p style=\"text-align: justify;\">Bij katten kunt u er ook voor kiezen om de druppels op de voorpoot te druppelen. U moet dan wel goed in de gaten houden dat de kat de poten goed schoon likt.<\/p>\r\n<table style=\"\" border=\"1\">\r\n<thead>\r\n<tr>\r\n<td colspan=\"2\">\r\n<p style=\"text-align: center;\"><b>Dosering (1 ml = 20 druppels)<\/b><\/p>\r\n<\/td>\r\n<\/tr>\r\n<tr>\r\n<td>\r\n<p><b>Dier &nbsp; &nbsp; &nbsp; &nbsp; &nbsp; &nbsp; &nbsp; &nbsp; &nbsp; &nbsp; &nbsp; &nbsp; &nbsp;<\/b><\/p>\r\n<\/td>\r\n<td>\r\n<p><b>Aantal druppels (1-2 x per dag)<\/b><\/p>\r\n<\/td>\r\n<\/tr>\r\n<tr>\r\n<td>\r\n<p>Hond<\/p>\r\n<\/td>\r\n<td>\r\n<p>10 - 15 druppels<\/p>\r\n<\/td>\r\n<\/tr>\r\n<tr>\r\n<td>\r\n<p>Kat<\/p>\r\n<\/td>\r\n<td>\r\n<p>6 - 10 druppels<\/p>\r\n<\/td>\r\n<\/tr>\r\n<tr>\r\n<td>\r\n<p>Konijn<\/p>\r\n<\/td>\r\n<td>\r\n<p>3 - 5 druppels<\/p>\r\n<\/td>\r\n<\/tr>\r\n<\/thead>\r\n<\/table>\r\n<p style=\"text-align: justify;\">De verpakking bevat 50 ml.&nbsp;<\/p>","_fr_post_name":"puur-pseudo-pregnancy","_fr_post_excerpt":"","_fr_post_title":"PUUR Pseudo Pregnancy | 50 ml","_es_post_content":"<p>PUUR Pseudo Pregnancy es un suplemento alimenticio para animales que se puede dar a una perra, gata o coneja cuando est\u00e1 falsamente embarazada. Esto puede ocurrir, por ejemplo, debido a una perturbaci\u00f3n despu\u00e9s del per\u00edodo de calor\/calor.<\/p>\r\n<p>Debes darle el producto a su mascota al finalizar el celo o celo. Despu\u00e9s de eso, debe transmitirlo hasta el final del per\u00edodo que normalmente habr\u00eda pasado el embarazo falso. Puede introducir el producto directamente en la boca o mezclarlo con agua. Tambi\u00e9n se puede gotear sobre la comida.<\/p>\r\n<p>Con los gatos tambi\u00e9n puedes optar por gotear las gotas en la pata delantera. A continuaci\u00f3n, debe asegurarse de que el gato lame las patas limpias.<\/p>\r\n<table style=\"\" border=\"1\">\r\n<thead>\r\n<tr>\r\n<td colspan=\"2\">\r\n<p style=\"text-align: center;\"><strong>Dosis (1 ml = 20 gotas)<\/strong><\/p>\r\n<\/td>\r\n<\/tr>\r\n<tr>\r\n<td>\r\n<p><strong>Animal \u00a0 \u00a0 \u00a0 \u00a0 \u00a0 \u00a0 \u00a0 \u00a0 \u00a0 \u00a0 \u00a0 \u00a0 \u00a0<\/strong><\/p>\r\n<\/td>\r\n<td>\r\n<p><strong>Numero de gotas (1-2 x por d\u00eda)<\/strong><\/p>\r\n<\/td>\r\n<\/tr>\r\n<tr>\r\n<td>\r\n<p>Perra<\/p>\r\n<\/td>\r\n<td>\r\n<p>10 - 15 gotas<\/p>\r\n<\/td>\r\n<\/tr>\r\n<tr>\r\n<td>\r\n<p>Gata<\/p>\r\n<\/td>\r\n<td>\r\n<p>6 - 10 gotas<\/p>\r\n<\/td>\r\n<\/tr>\r\n<tr>\r\n<td>\r\n<p>Coneja<\/p>\r\n<\/td>\r\n<td>\r\n<p>3 - 5 gotas<\/p>\r\n<\/td>\r\n<\/tr>\r\n<\/thead>\r\n<\/table>\r\n<p style=\"text-align: justify;\">\u00a0<\/p>","_es_post_name":"puur-pseudo-pregnancy","_es_post_excerpt":"","_es_post_title":"PUUR Pseudo Pregnancy | 50 ml","edit_language":"nl"},"product_brand":[],"product_cat":[1117,1839,1857,1950,1853],"product_tag":[],"class_list":{"0":"post-117573","1":"product","2":"type-product","3":"status-publish","4":"has-post-thumbnail","6":"product_cat-honden","7":"product_cat-medicijnen-supplementen","8":"product_cat-merken","9":"product_cat-puur","10":"product_cat-vruchtbaarheid","11":"pa_aandoening-overig","12":"pa_doeldier-hond","13":"pa_doeldier-kat","14":"pa_doeldier-knaagdier","15":"pa_doeldier-konijn","16":"pa_fabricatieland-nederland","17":"pa_merkfilter-puur","18":"pa_merkgroep-nml","19":"pa_productsoort-overig","20":"pa_seo_canonical_store_id-not_found_value","21":"pa_seo_category-not_found_value","22":"pa_seo_meta_robots-not_found_value","23":"pa_toedieningswijze-vloeistof","24":"pa_unit_pricing_base_measure-10ml","25":"pa_unit_pricing_measure-50ml","26":"pa_werkzamestof-overig","28":"first","29":"instock","30":"taxable","31":"shipping-taxable","32":"purchasable","33":"product-type-simple"},"yoast_head":"<!-- This site is optimized with the Yoast SEO plugin v27.5 - https:\/\/yoast.com\/product\/yoast-seo-wordpress\/ -->\n<title>PUUR Pseudo Pregnancy | 50 ml - Pharmacy4pets<\/title>\n<meta name=\"robots\" content=\"index, follow, max-snippet:-1, max-image-preview:large, max-video-preview:-1\" \/>\n<link rel=\"canonical\" href=\"https:\/\/p4p-nl.bootmine.com\/%product-slug%\/puur-pseudo-pregnancy\" \/>\n<meta property=\"og:locale\" content=\"nl_NL\" \/>\n<meta property=\"og:type\" content=\"article\" \/>\n<meta property=\"og:title\" content=\"PUUR Pseudo Pregnancy | 50 ml - Pharmacy4pets\" \/>\n<meta property=\"og:description\" content=\"PUUR Pseudo Pregnancy is een aanvullend diervoeder welke aan een hond, kat of konijn gegeven kan worden wanneer deze schijnzwanger is. Dit kan voorkomen door bijvoorbeeld een verstoring na de loopsheid\/krolsheid. U dient het product aan uw huisdier te geven aan het einde van de loopsheid of krolsheid. Daarna dient u het door te geven [&hellip;]\" \/>\n<meta property=\"og:url\" content=\"https:\/\/p4p-nl.bootmine.com\/%product-slug%\/puur-pseudo-pregnancy\" \/>\n<meta property=\"og:site_name\" content=\"Pharmacy4pets\" \/>\n<meta property=\"article:publisher\" content=\"https:\/\/www.facebook.com\/people\/Pharmacy4petsnl\/100063484989896\/\" \/>\n<meta property=\"article:modified_time\" content=\"2026-04-14T08:02:19+00:00\" \/>\n<meta property=\"og:image\" content=\"https:\/\/p4p-nl.bootmine.com\/wp-content\/uploads\/2016\/12\/19771.png\" \/>\n\t<meta property=\"og:image:width\" content=\"260\" \/>\n\t<meta property=\"og:image:height\" content=\"317\" \/>\n\t<meta property=\"og:image:type\" content=\"image\/png\" \/>\n<meta name=\"twitter:card\" content=\"summary_large_image\" \/>\n<meta name=\"twitter:label1\" content=\"Geschatte leestijd\" \/>\n\t<meta name=\"twitter:data1\" content=\"1 minuut\" \/>\n<script type=\"application\/ld+json\" class=\"yoast-schema-graph\">{\"@context\":\"https:\\\/\\\/schema.org\",\"@graph\":[{\"@type\":\"WebPage\",\"@id\":\"https:\\\/\\\/p4p-nl.bootmine.com\\\/%product-slug%\\\/puur-pseudo-pregnancy\",\"url\":\"https:\\\/\\\/p4p-nl.bootmine.com\\\/%product-slug%\\\/puur-pseudo-pregnancy\",\"name\":\"PUUR Pseudo Pregnancy | 50 ml - Pharmacy4pets\",\"isPartOf\":{\"@id\":\"http:\\\/\\\/www.pharmacy4pets.nl\\\/#website\"},\"primaryImageOfPage\":{\"@id\":\"https:\\\/\\\/p4p-nl.bootmine.com\\\/%product-slug%\\\/puur-pseudo-pregnancy#primaryimage\"},\"image\":{\"@id\":\"https:\\\/\\\/p4p-nl.bootmine.com\\\/%product-slug%\\\/puur-pseudo-pregnancy#primaryimage\"},\"thumbnailUrl\":\"https:\\\/\\\/www.pharmacy4pets.nl\\\/wp-content\\\/uploads\\\/2016\\\/12\\\/19771.png\",\"datePublished\":\"2016-12-09T09:53:27+00:00\",\"dateModified\":\"2026-04-14T08:02:19+00:00\",\"breadcrumb\":{\"@id\":\"https:\\\/\\\/p4p-nl.bootmine.com\\\/%product-slug%\\\/puur-pseudo-pregnancy#breadcrumb\"},\"inLanguage\":\"nl-NL\",\"potentialAction\":[{\"@type\":\"ReadAction\",\"target\":[\"https:\\\/\\\/p4p-nl.bootmine.com\\\/%product-slug%\\\/puur-pseudo-pregnancy\"]}]},{\"@type\":\"ImageObject\",\"inLanguage\":\"nl-NL\",\"@id\":\"https:\\\/\\\/p4p-nl.bootmine.com\\\/%product-slug%\\\/puur-pseudo-pregnancy#primaryimage\",\"url\":\"https:\\\/\\\/www.pharmacy4pets.nl\\\/wp-content\\\/uploads\\\/2016\\\/12\\\/19771.png\",\"contentUrl\":\"https:\\\/\\\/www.pharmacy4pets.nl\\\/wp-content\\\/uploads\\\/2016\\\/12\\\/19771.png\",\"width\":260,\"height\":317,\"caption\":\"PUUR\"},{\"@type\":\"BreadcrumbList\",\"@id\":\"https:\\\/\\\/p4p-nl.bootmine.com\\\/%product-slug%\\\/puur-pseudo-pregnancy#breadcrumb\",\"itemListElement\":[{\"@type\":\"ListItem\",\"position\":1,\"name\":\"Home\",\"item\":\"https:\\\/\\\/p4p-nl.bootmine.com\\\/\"},{\"@type\":\"ListItem\",\"position\":2,\"name\":\"Winkel\",\"item\":\"https:\\\/\\\/p4p-nl.bootmine.com\\\/winkel\"},{\"@type\":\"ListItem\",\"position\":3,\"name\":\"PUUR Pseudo Pregnancy | 50 ml\"}]},{\"@type\":\"WebSite\",\"@id\":\"http:\\\/\\\/www.pharmacy4pets.nl\\\/#website\",\"url\":\"http:\\\/\\\/www.pharmacy4pets.nl\\\/\",\"name\":\"Pharmacy4pets\",\"description\":\"Pharmacy4pets.nl is d\u00e9 online apotheek waar u terecht kunt voor alle diergeneesmiddelen, verzorgingsproducten en dieetvoeding voor uw huisdier.\",\"publisher\":{\"@id\":\"http:\\\/\\\/www.pharmacy4pets.nl\\\/#organization\"},\"potentialAction\":[{\"@type\":\"SearchAction\",\"target\":{\"@type\":\"EntryPoint\",\"urlTemplate\":\"http:\\\/\\\/www.pharmacy4pets.nl\\\/?s={search_term_string}\"},\"query-input\":{\"@type\":\"PropertyValueSpecification\",\"valueRequired\":true,\"valueName\":\"search_term_string\"}}],\"inLanguage\":\"nl-NL\"},{\"@type\":\"Organization\",\"@id\":\"http:\\\/\\\/www.pharmacy4pets.nl\\\/#organization\",\"name\":\"Pharmacy4pets\",\"url\":\"http:\\\/\\\/www.pharmacy4pets.nl\\\/\",\"logo\":{\"@type\":\"ImageObject\",\"inLanguage\":\"nl-NL\",\"@id\":\"http:\\\/\\\/www.pharmacy4pets.nl\\\/#\\\/schema\\\/logo\\\/image\\\/\",\"url\":\"https:\\\/\\\/p4p-nl.bootmine.com\\\/wp-content\\\/uploads\\\/2026\\\/03\\\/logo-pharmacy4pets.png\",\"contentUrl\":\"https:\\\/\\\/p4p-nl.bootmine.com\\\/wp-content\\\/uploads\\\/2026\\\/03\\\/logo-pharmacy4pets.png\",\"width\":1024,\"height\":135,\"caption\":\"Pharmacy4pets\"},\"image\":{\"@id\":\"http:\\\/\\\/www.pharmacy4pets.nl\\\/#\\\/schema\\\/logo\\\/image\\\/\"},\"sameAs\":[\"https:\\\/\\\/www.facebook.com\\\/people\\\/Pharmacy4petsnl\\\/100063484989896\\\/\",\"https:\\\/\\\/www.youtube.com\\\/channel\\\/UCGPTIgucgli03tP2_kvLkHg\\\/featured\",\"https:\\\/\\\/www.instagram.com\\\/pharmacy4pets.nl\"]}]}<\/script>\n<!-- \/ Yoast SEO plugin. -->","yoast_head_json":{"title":"PUUR Pseudo Pregnancy | 50 ml - Pharmacy4pets","robots":{"index":"index","follow":"follow","max-snippet":"max-snippet:-1","max-image-preview":"max-image-preview:large","max-video-preview":"max-video-preview:-1"},"canonical":"https:\/\/p4p-nl.bootmine.com\/%product-slug%\/puur-pseudo-pregnancy","og_locale":"nl_NL","og_type":"article","og_title":"PUUR Pseudo Pregnancy | 50 ml - Pharmacy4pets","og_description":"PUUR Pseudo Pregnancy is een aanvullend diervoeder welke aan een hond, kat of konijn gegeven kan worden wanneer deze schijnzwanger is. Dit kan voorkomen door bijvoorbeeld een verstoring na de loopsheid\/krolsheid. U dient het product aan uw huisdier te geven aan het einde van de loopsheid of krolsheid. Daarna dient u het door te geven [&hellip;]","og_url":"https:\/\/p4p-nl.bootmine.com\/%product-slug%\/puur-pseudo-pregnancy","og_site_name":"Pharmacy4pets","article_publisher":"https:\/\/www.facebook.com\/people\/Pharmacy4petsnl\/100063484989896\/","article_modified_time":"2026-04-14T08:02:19+00:00","og_image":[{"width":260,"height":317,"url":"https:\/\/p4p-nl.bootmine.com\/wp-content\/uploads\/2016\/12\/19771.png","type":"image\/png"}],"twitter_card":"summary_large_image","twitter_misc":{"Geschatte leestijd":"1 minuut"},"schema":{"@context":"https:\/\/schema.org","@graph":[{"@type":"WebPage","@id":"https:\/\/p4p-nl.bootmine.com\/%product-slug%\/puur-pseudo-pregnancy","url":"https:\/\/p4p-nl.bootmine.com\/%product-slug%\/puur-pseudo-pregnancy","name":"PUUR Pseudo Pregnancy | 50 ml - Pharmacy4pets","isPartOf":{"@id":"http:\/\/www.pharmacy4pets.nl\/#website"},"primaryImageOfPage":{"@id":"https:\/\/p4p-nl.bootmine.com\/%product-slug%\/puur-pseudo-pregnancy#primaryimage"},"image":{"@id":"https:\/\/p4p-nl.bootmine.com\/%product-slug%\/puur-pseudo-pregnancy#primaryimage"},"thumbnailUrl":"https:\/\/www.pharmacy4pets.nl\/wp-content\/uploads\/2016\/12\/19771.png","datePublished":"2016-12-09T09:53:27+00:00","dateModified":"2026-04-14T08:02:19+00:00","breadcrumb":{"@id":"https:\/\/p4p-nl.bootmine.com\/%product-slug%\/puur-pseudo-pregnancy#breadcrumb"},"inLanguage":"nl-NL","potentialAction":[{"@type":"ReadAction","target":["https:\/\/p4p-nl.bootmine.com\/%product-slug%\/puur-pseudo-pregnancy"]}]},{"@type":"ImageObject","inLanguage":"nl-NL","@id":"https:\/\/p4p-nl.bootmine.com\/%product-slug%\/puur-pseudo-pregnancy#primaryimage","url":"https:\/\/www.pharmacy4pets.nl\/wp-content\/uploads\/2016\/12\/19771.png","contentUrl":"https:\/\/www.pharmacy4pets.nl\/wp-content\/uploads\/2016\/12\/19771.png","width":260,"height":317,"caption":"PUUR"},{"@type":"BreadcrumbList","@id":"https:\/\/p4p-nl.bootmine.com\/%product-slug%\/puur-pseudo-pregnancy#breadcrumb","itemListElement":[{"@type":"ListItem","position":1,"name":"Home","item":"https:\/\/p4p-nl.bootmine.com\/"},{"@type":"ListItem","position":2,"name":"Winkel","item":"https:\/\/p4p-nl.bootmine.com\/winkel"},{"@type":"ListItem","position":3,"name":"PUUR Pseudo Pregnancy | 50 ml"}]},{"@type":"WebSite","@id":"http:\/\/www.pharmacy4pets.nl\/#website","url":"http:\/\/www.pharmacy4pets.nl\/","name":"Pharmacy4pets","description":"Pharmacy4pets.nl is d\u00e9 online apotheek waar u terecht kunt voor alle diergeneesmiddelen, verzorgingsproducten en dieetvoeding voor uw huisdier.","publisher":{"@id":"http:\/\/www.pharmacy4pets.nl\/#organization"},"potentialAction":[{"@type":"SearchAction","target":{"@type":"EntryPoint","urlTemplate":"http:\/\/www.pharmacy4pets.nl\/?s={search_term_string}"},"query-input":{"@type":"PropertyValueSpecification","valueRequired":true,"valueName":"search_term_string"}}],"inLanguage":"nl-NL"},{"@type":"Organization","@id":"http:\/\/www.pharmacy4pets.nl\/#organization","name":"Pharmacy4pets","url":"http:\/\/www.pharmacy4pets.nl\/","logo":{"@type":"ImageObject","inLanguage":"nl-NL","@id":"http:\/\/www.pharmacy4pets.nl\/#\/schema\/logo\/image\/","url":"https:\/\/p4p-nl.bootmine.com\/wp-content\/uploads\/2026\/03\/logo-pharmacy4pets.png","contentUrl":"https:\/\/p4p-nl.bootmine.com\/wp-content\/uploads\/2026\/03\/logo-pharmacy4pets.png","width":1024,"height":135,"caption":"Pharmacy4pets"},"image":{"@id":"http:\/\/www.pharmacy4pets.nl\/#\/schema\/logo\/image\/"},"sameAs":["https:\/\/www.facebook.com\/people\/Pharmacy4petsnl\/100063484989896\/","https:\/\/www.youtube.com\/channel\/UCGPTIgucgli03tP2_kvLkHg\/featured","https:\/\/www.instagram.com\/pharmacy4pets.nl"]}]}},"market_data":{"nl":{"price":0,"sale_price":0,"active":false,"url":null,"parent_url":"","tax_rate":0,"price_inc_tax":0,"sale_price_inc_tax":0},"de":{"price":0,"sale_price":0,"active":false,"url":null,"parent_url":"","tax_rate":0,"price_inc_tax":0,"sale_price_inc_tax":0},"be":{"price":0,"sale_price":0,"active":false,"url":null,"parent_url":"","tax_rate":0,"price_inc_tax":0,"sale_price_inc_tax":0},"fr":{"price":0,"sale_price":0,"active":false,"url":null,"parent_url":"","tax_rate":0,"price_inc_tax":0,"sale_price_inc_tax":0},"ch":{"price":0,"sale_price":0,"active":false,"url":null,"parent_url":"","tax_rate":0,"price_inc_tax":0,"sale_price_inc_tax":0},"at":{"price":0,"sale_price":0,"active":false,"url":null,"parent_url":"","tax_rate":0,"price_inc_tax":0,"sale_price_inc_tax":0},"es":{"price":0,"sale_price":0,"active":false,"url":null,"parent_url":"","tax_rate":0,"price_inc_tax":0,"sale_price_inc_tax":0},"dk":{"price":0,"sale_price":0,"active":false,"url":null,"parent_url":"","tax_rate":0,"price_inc_tax":0,"sale_price_inc_tax":0},"com":{"price":0,"sale_price":0,"active":false,"url":null,"parent_url":"","tax_rate":0,"price_inc_tax":0,"sale_price_inc_tax":0}},"market_nl_price":0,"market_nl_sale_price":0,"market_nl_active":false,"market_nl_url":null,"market_nl_parent_url":"","market_nl_tax_rate":0,"market_nl_price_inc_tax":0,"market_nl_sale_price_inc_tax":0,"market_de_price":0,"market_de_sale_price":0,"market_de_active":false,"market_de_url":null,"market_de_parent_url":"","market_de_tax_rate":0,"market_de_price_inc_tax":0,"market_de_sale_price_inc_tax":0,"market_be_price":0,"market_be_sale_price":0,"market_be_active":false,"market_be_url":null,"market_be_parent_url":"","market_be_tax_rate":0,"market_be_price_inc_tax":0,"market_be_sale_price_inc_tax":0,"market_fr_price":0,"market_fr_sale_price":0,"market_fr_active":false,"market_fr_url":null,"market_fr_parent_url":"","market_fr_tax_rate":0,"market_fr_price_inc_tax":0,"market_fr_sale_price_inc_tax":0,"market_ch_price":0,"market_ch_sale_price":0,"market_ch_active":false,"market_ch_url":null,"market_ch_parent_url":"","market_ch_tax_rate":0,"market_ch_price_inc_tax":0,"market_ch_sale_price_inc_tax":0,"market_at_price":0,"market_at_sale_price":0,"market_at_active":false,"market_at_url":null,"market_at_parent_url":"","market_at_tax_rate":0,"market_at_price_inc_tax":0,"market_at_sale_price_inc_tax":0,"market_es_price":0,"market_es_sale_price":0,"market_es_active":false,"market_es_url":null,"market_es_parent_url":"","market_es_tax_rate":0,"market_es_price_inc_tax":0,"market_es_sale_price_inc_tax":0,"market_dk_price":0,"market_dk_sale_price":0,"market_dk_active":false,"market_dk_url":null,"market_dk_parent_url":"","market_dk_tax_rate":0,"market_dk_price_inc_tax":0,"market_dk_sale_price_inc_tax":0,"market_com_price":0,"market_com_sale_price":0,"market_com_active":false,"market_com_url":null,"market_com_parent_url":"","market_com_tax_rate":0,"market_com_price_inc_tax":0,"market_com_sale_price_inc_tax":0,"acf":[],"_links":{"self":[{"href":"https:\/\/www.pharmacy4pets.nl\/be\/wp-json\/wp\/v2\/product\/117573","targetHints":{"allow":["GET"]}}],"collection":[{"href":"https:\/\/www.pharmacy4pets.nl\/be\/wp-json\/wp\/v2\/product"}],"about":[{"href":"https:\/\/www.pharmacy4pets.nl\/be\/wp-json\/wp\/v2\/types\/product"}],"replies":[{"embeddable":true,"href":"https:\/\/www.pharmacy4pets.nl\/be\/wp-json\/wp\/v2\/comments?post=117573"}],"wp:featuredmedia":[{"embeddable":true,"href":"https:\/\/www.pharmacy4pets.nl\/be\/wp-json\/wp\/v2\/media\/117570"}],"wp:attachment":[{"href":"https:\/\/www.pharmacy4pets.nl\/be\/wp-json\/wp\/v2\/media?parent=117573"}],"wp:term":[{"taxonomy":"product_brand","embeddable":true,"href":"https:\/\/www.pharmacy4pets.nl\/be\/wp-json\/wp\/v2\/product_brand?post=117573"},{"taxonomy":"product_cat","embeddable":true,"href":"https:\/\/www.pharmacy4pets.nl\/be\/wp-json\/wp\/v2\/product_cat?post=117573"},{"taxonomy":"product_tag","embeddable":true,"href":"https:\/\/www.pharmacy4pets.nl\/be\/wp-json\/wp\/v2\/product_tag?post=117573"}],"curies":[{"name":"wp","href":"https:\/\/api.w.org\/{rel}","templated":true}]}}