{"id":117559,"date":"2016-12-08T16:16:49","date_gmt":"2016-12-08T16:16:49","guid":{"rendered":"https:\/\/p4p.test\/puur-urogeni"},"modified":"2026-04-14T08:02:18","modified_gmt":"2026-04-14T08:02:18","slug":"puur-urogeni","status":"publish","type":"product","link":"https:\/\/www.pharmacy4pets.nl\/be\/puur-urogeni","title":{"rendered":"PUUR Urogeni | 50 ml"},"content":{"rendered":"<p style=\"text-align: justify;\">PUUR Urogeni is een product voor honden en katten welke helpt de blaas, nieren en urinewegen schoon te houden.<\/p>\n<p style=\"text-align: justify;\">U kunt het product zo in de bek ingeven of het vermengen met water. Ook mag het op eten gedruppeld worden.&nbsp;Bij katten kunt u er ook voor kiezen om de druppels op de voorpoot te druppelen. U moet dan wel goed in de gaten houden dat de kat de poten goed schoon likt.<\/p>\n<table style=\"\" border=\"1\">\n<thead>\n<tr>\n<td colspan=\"2\">\n<p style=\"text-align: center;\"><b>Dosering (1 ml = 20 druppels)<\/b><\/p>\n<\/td>\n<\/tr>\n<tr>\n<td>\n<p><b>Dier &nbsp; &nbsp; &nbsp; &nbsp; &nbsp; &nbsp; &nbsp; &nbsp; &nbsp; &nbsp; &nbsp; &nbsp; &nbsp;<\/b><\/p>\n<\/td>\n<td>\n<p><b>Aantal druppels (1-3 x per dag)&nbsp;<\/b><\/p>\n<\/td>\n<\/tr>\n<tr>\n<td>\n<p>Hond&nbsp; &gt; 25 kg<\/p>\n<\/td>\n<td>\n<p>15 druppels<\/p>\n<\/td>\n<\/tr>\n<tr>\n<td>\n<p>Hond 10-25 kg<\/p>\n<\/td>\n<td>\n<p>10 druppels<\/p>\n<\/td>\n<\/tr>\n<tr>\n<td>\n<p>Hond &lt; 10 kg<\/p>\n<\/td>\n<td>\n<p>5 druppels<\/p>\n<\/td>\n<\/tr>\n<tr>\n<td>\n<p>Kat<\/p>\n<\/td>\n<td>\n<p>3 druppels<\/p>\n<\/td>\n<\/tr>\n<\/thead>\n<\/table>\n<p style=\"text-align: justify;\">De verpakking bevat 50 ml.&nbsp;<\/p>\n","protected":false},"excerpt":{"rendered":"<p>PUUR Urogeni is een product voor honden en katten welke helpt de blaas, nieren en urinewegen schoon te houden. U kunt het product zo in de bek ingeven of het vermengen met water. Ook mag het op eten gedruppeld worden.&nbsp;Bij katten kunt u er ook voor kiezen om de druppels op de voorpoot te druppelen. [&hellip;]<\/p>\n","protected":false},"featured_media":117556,"comment_status":"open","ping_status":"closed","template":"","meta":{"_acf_changed":false,"_nl_post_content":"<p style=\"text-align: justify;\">PUUR Urogeni is een product voor honden en katten welke helpt de blaas, nieren en urinewegen schoon te houden.<\/p>\r\n<p style=\"text-align: justify;\">U kunt het product zo in de bek ingeven of het vermengen met water. Ook mag het op eten gedruppeld worden.&nbsp;Bij katten kunt u er ook voor kiezen om de druppels op de voorpoot te druppelen. U moet dan wel goed in de gaten houden dat de kat de poten goed schoon likt.<\/p>\r\n<table style=\"\" border=\"1\">\r\n<thead>\r\n<tr>\r\n<td colspan=\"2\">\r\n<p style=\"text-align: center;\"><b>Dosering (1 ml = 20 druppels)<\/b><\/p>\r\n<\/td>\r\n<\/tr>\r\n<tr>\r\n<td>\r\n<p><b>Dier &nbsp; &nbsp; &nbsp; &nbsp; &nbsp; &nbsp; &nbsp; &nbsp; &nbsp; &nbsp; &nbsp; &nbsp; &nbsp;<\/b><\/p>\r\n<\/td>\r\n<td>\r\n<p><b>Aantal druppels (1-3 x per dag)&nbsp;<\/b><\/p>\r\n<\/td>\r\n<\/tr>\r\n<tr>\r\n<td>\r\n<p>Hond&nbsp; &gt; 25 kg<\/p>\r\n<\/td>\r\n<td>\r\n<p>15 druppels<\/p>\r\n<\/td>\r\n<\/tr>\r\n<tr>\r\n<td>\r\n<p>Hond 10-25 kg<\/p>\r\n<\/td>\r\n<td>\r\n<p>10 druppels<\/p>\r\n<\/td>\r\n<\/tr>\r\n<tr>\r\n<td>\r\n<p>Hond &lt; 10 kg<\/p>\r\n<\/td>\r\n<td>\r\n<p>5 druppels<\/p>\r\n<\/td>\r\n<\/tr>\r\n<tr>\r\n<td>\r\n<p>Kat<\/p>\r\n<\/td>\r\n<td>\r\n<p>3 druppels<\/p>\r\n<\/td>\r\n<\/tr>\r\n<\/thead>\r\n<\/table>\r\n<p style=\"text-align: justify;\">De verpakking bevat 50 ml.&nbsp;<\/p>","_nl_post_name":"puur-urogeni","_nl_post_excerpt":"","_nl_post_title":"PUUR Urogeni | 50 ml","_en_post_content":"<p style=\"text-align: justify;\">PUUR Urogeni is a product for dogs an cats which helps keeping the bladder, kidneys and urinal ways clean.<\/p>\r\n<p style=\"text-align: justify;\">U can give the drops directly into the mouth of your pet or you can mix it with some water. Also, you can drip it on some food. In case of a cat, you can drip it on his front leg. You should keep an eye on her untill she has cleaned her feet.<\/p>\r\n<table border=\"1\">\r\n<thead>\r\n<tr>\r\n<td colspan=\"2\">\r\n<p style=\"text-align: center;\"><b>Dosage (1 ml = 20 Drops)<\/b><\/p>\r\n<\/td>\r\n<\/tr>\r\n<tr>\r\n<td>\r\n<p><b>Animal &nbsp; &nbsp; &nbsp; &nbsp; &nbsp; &nbsp; &nbsp; &nbsp; &nbsp; &nbsp; &nbsp; &nbsp;&nbsp;<\/b><\/p>\r\n<\/td>\r\n<td>\r\n<p><b>Number of drops (1-3 x per day)<\/b><\/p>\r\n<\/td>\r\n<\/tr>\r\n<tr>\r\n<td>\r\n<p>Dog &gt; 25 kg<\/p>\r\n<\/td>\r\n<td>\r\n<p>&nbsp;15 drops<\/p>\r\n<\/td>\r\n<\/tr>\r\n<tr>\r\n<td>\r\n<p>Dog 10 &ndash; 25 kg<\/p>\r\n<\/td>\r\n<td>\r\n<p>&nbsp;10 drops<\/p>\r\n<\/td>\r\n<\/tr>\r\n<tr>\r\n<td>\r\n<p>Dog &lt; 10 kg<\/p>\r\n<\/td>\r\n<td>\r\n<p>5 drops<\/p>\r\n<\/td>\r\n<\/tr>\r\n<tr>\r\n<td>\r\n<p>Cat<\/p>\r\n<\/td>\r\n<td>\r\n<p>3 drops<\/p>\r\n<\/td>\r\n<\/tr>\r\n<\/thead>\r\n<\/table>\r\n<p style=\"text-align: justify;\">The package contains 50 ml.&nbsp;<\/p>","_en_post_name":"puur-urogeni","_en_post_excerpt":"","_en_post_title":"PUUR Urogeni | 50 ml","_de_post_content":"<p style=\"text-align: justify;\">PUUR Urogeni is eind Product f&uuml;r Hunde und Katzen welche hilft die Blase, Nieren und Harnwege sauber zu halten.<\/p>\r\n<p style=\"text-align: justify;\">Sie k&ouml;nnen die Tropfen direkt oral eingeben oder mit ein bischen Wasser mengen. &nbsp;Auch k&ouml;nnen Sie das tr&ouml;pfeln auf etwas Futter.<\/p>\r\n<table border=\"1\">\r\n<thead>\r\n<tr>\r\n<td colspan=\"2\">\r\n<p style=\"text-align: center;\"><b>Doserung (1 ml = 20 Tropfen)<\/b><\/p>\r\n<\/td>\r\n<\/tr>\r\n<tr>\r\n<td>\r\n<p><b>Tier &nbsp; &nbsp; &nbsp; &nbsp; &nbsp; &nbsp; &nbsp; &nbsp; &nbsp; &nbsp; &nbsp; &nbsp; &nbsp;<\/b><\/p>\r\n<\/td>\r\n<td>\r\n<p><b>Anzahl Tropfen&nbsp;(1-3 x pro Tag)<\/b><\/p>\r\n<\/td>\r\n<\/tr>\r\n<tr>\r\n<td>\r\n<p>Hund &gt; 25 kg<\/p>\r\n<\/td>\r\n<td>\r\n<p>15 Tropfen<\/p>\r\n<\/td>\r\n<\/tr>\r\n<tr>\r\n<td>\r\n<p>Hund 10 &ndash; 25 kg<\/p>\r\n<\/td>\r\n<td>\r\n<p>10 Tropfen<\/p>\r\n<\/td>\r\n<\/tr>\r\n<tr>\r\n<td>\r\n<p>Hund &lt; 10 kg<\/p>\r\n<\/td>\r\n<td>\r\n<p>5 Tropfen<\/p>\r\n<\/td>\r\n<\/tr>\r\n<tr>\r\n<td>\r\n<p>Katze<\/p>\r\n<\/td>\r\n<td>\r\n<p>3 Tropfen<\/p>\r\n<\/td>\r\n<\/tr>\r\n<\/thead>\r\n<\/table>\r\n<p style=\"text-align: justify;\">Die Verpackung enth&auml;lt 50 ml.&nbsp;<\/p>","_de_post_name":"puur-urogeni","_de_post_excerpt":"","_de_post_title":"PUUR Urogeni | 50 ml","_fr_post_content":"<p style=\"text-align: justify;\"><span class=\"HwtZe\" lang=\"fr\"><span class=\"jCAhz ChMk0b\"><span class=\"ryNqvb\">PUUR Urogeni est un produit pour chiens et chats qui aide \u00e0 garder la vessie, les reins et les voies urinaires propres.<\/span><\/span><\/span><\/p>\n<p style=\"text-align: justify;\"><span class=\"HwtZe\" lang=\"fr\"><span class=\"jCAhz ChMk0b\"><span class=\"ryNqvb\">Vous pouvez donner le produit directement dans la bouche ou le m\u00e9langer avec de l'eau.<\/span><\/span> <span class=\"jCAhz ChMk0b\"><span class=\"ryNqvb\">Il peut \u00e9galement \u00eatre vers\u00e9 sur les aliments.<\/span><\/span> <span class=\"jCAhz ChMk0b\"><span class=\"ryNqvb\">Chez les chats, vous pouvez \u00e9galement choisir de faire couler les gouttes sur la patte avant.<\/span><\/span> <span class=\"jCAhz ChMk0b\"><span class=\"ryNqvb\">Vous devez alors surveiller de pr\u00e8s si le chat se l\u00e8che les pattes.<\/span><\/span><\/span><\/p>\n<table border=\"1\">\n<thead>\n<tr>\n<td colspan=\"2\">\n<p style=\"text-align: center;\"><b>Dosage (1 ml = 20 gouttes)<\/b><\/p>\n<\/td>\n<\/tr>\n<tr>\n<td>\n<p><b>Animal<\/b><\/p>\n<\/td>\n<td>\n<p><b>Nombre de gouttes (1-3 x par jour)\u00a0<\/b><\/p>\n<\/td>\n<\/tr>\n<tr>\n<td>\n<p>Chien &gt;25 kg<\/p>\n<\/td>\n<td>\n<p>15 gouttes<\/p>\n<\/td>\n<\/tr>\n<tr>\n<td>\n<p>Chien 10-25 kg<\/p>\n<\/td>\n<td>\n<p>10 gouttes<\/p>\n<\/td>\n<\/tr>\n<tr>\n<td>\n<p>Chien &lt;10 kg<\/p>\n<\/td>\n<td>\n<p>5 gouttes<\/p>\n<\/td>\n<\/tr>\n<tr>\n<td>\n<p>Chat<\/p>\n<\/td>\n<td>\n<p>3 gouttes<\/p>\n<\/td>\n<\/tr>\n<\/thead>\n<\/table>\n<p style=\"text-align: justify;\"><span class=\"HwtZe\" lang=\"fr\"><span class=\"jCAhz ChMk0b\"><span class=\"ryNqvb\">Le paquet contient 50 ml.<\/span><\/span><\/span><\/p>","_fr_post_name":"puur-urogeni","_fr_post_excerpt":"","_fr_post_title":"PUUR Urogeni | 50 ml","_es_post_content":"<p>PUUR Urogeni es un suplemento alimenticio para perros y gatos que ayuda a mantener limpia la vejiga, los ri\u00f1ones y las v\u00edas urinarias.<\/p>\r\n<p>Puede introducir el producto directamente en la boca o mezclarlo con agua. Tambi\u00e9n se puede gotear sobre la comida. Con los gatos tambi\u00e9n puedes optar por gotear las gotas en la pata delantera. A continuaci\u00f3n, debe asegurarse de que el gato lame las patas limpias.<\/p>\r\n<table style=\"\" border=\"1\">\r\n<thead>\r\n<tr>\r\n<td colspan=\"2\">\r\n<p style=\"text-align: center;\"><strong>Dosis (1 ml = 20 gotas)<\/strong><\/p>\r\n<\/td>\r\n<\/tr>\r\n<tr>\r\n<td>\r\n<p><strong>Animal \u00a0 \u00a0 \u00a0 \u00a0 \u00a0 \u00a0 \u00a0 \u00a0 \u00a0 \u00a0 \u00a0 \u00a0 \u00a0<\/strong><\/p>\r\n<\/td>\r\n<td>\r\n<p><strong>Numero de gotas (1-3 x por d\u00eda)\u00a0<\/strong><\/p>\r\n<\/td>\r\n<\/tr>\r\n<tr>\r\n<td>\r\n<p>Perros\u00a0 &gt; 25 kg<\/p>\r\n<\/td>\r\n<td>\r\n<p>15 gotas<\/p>\r\n<\/td>\r\n<\/tr>\r\n<tr>\r\n<td>\r\n<p>Perros 10-25 kg<\/p>\r\n<\/td>\r\n<td>\r\n<p>10 gotas<\/p>\r\n<\/td>\r\n<\/tr>\r\n<tr>\r\n<td>\r\n<p>Perros &lt; 10 kg<\/p>\r\n<\/td>\r\n<td>\r\n<p>5 gotas<\/p>\r\n<\/td>\r\n<\/tr>\r\n<tr>\r\n<td>\r\n<p>Gatos<\/p>\r\n<\/td>\r\n<td>\r\n<p>3 gotas<\/p>\r\n<\/td>\r\n<\/tr>\r\n<\/thead>\r\n<\/table>\r\n<p style=\"text-align: justify;\">Botella de 50 ml.\u00a0<\/p>","_es_post_name":"puur-urogeni","_es_post_excerpt":"","_es_post_title":"PUUR Urogeni | 50 ml","edit_language":"nl"},"product_brand":[],"product_cat":[1997,1979,1117,1118,1839,1871,1857,1849,1880,1950],"product_tag":[],"class_list":{"0":"post-117559","1":"product","2":"type-product","3":"status-publish","4":"has-post-thumbnail","6":"product_cat-blaasontsteking","8":"product_cat-honden","9":"product_cat-katten","10":"product_cat-medicijnen-supplementen","12":"product_cat-merken","13":"product_cat-nieren-blaas-urinewegen","15":"product_cat-puur","16":"pa_aandoening-overig","17":"pa_doeldier-hond","18":"pa_doeldier-kat","19":"pa_fabricatieland-nederland","20":"pa_merkfilter-puur","21":"pa_merkgroep-nml","22":"pa_productsoort-overig","23":"pa_seo_canonical_store_id-not_found_value","24":"pa_seo_category-not_found_value","25":"pa_seo_meta_robots-not_found_value","26":"pa_toedieningswijze-vloeistof","27":"pa_unit_pricing_base_measure-10ml","28":"pa_unit_pricing_measure-50ml","29":"pa_werkzamestof-overig","31":"first","32":"instock","33":"taxable","34":"shipping-taxable","35":"purchasable","36":"product-type-simple"},"yoast_head":"<!-- This site is optimized with the Yoast SEO plugin v27.5 - https:\/\/yoast.com\/product\/yoast-seo-wordpress\/ -->\n<title>PUUR Urogeni | 50 ml - Pharmacy4pets<\/title>\n<meta name=\"robots\" content=\"index, follow, max-snippet:-1, max-image-preview:large, max-video-preview:-1\" \/>\n<link rel=\"canonical\" href=\"https:\/\/p4p-nl.bootmine.com\/%product-slug%\/puur-urogeni\" \/>\n<meta property=\"og:locale\" content=\"nl_NL\" \/>\n<meta property=\"og:type\" content=\"article\" \/>\n<meta property=\"og:title\" content=\"PUUR Urogeni | 50 ml - Pharmacy4pets\" \/>\n<meta property=\"og:description\" content=\"PUUR Urogeni is een product voor honden en katten welke helpt de blaas, nieren en urinewegen schoon te houden. U kunt het product zo in de bek ingeven of het vermengen met water. Ook mag het op eten gedruppeld worden.&nbsp;Bij katten kunt u er ook voor kiezen om de druppels op de voorpoot te druppelen. [&hellip;]\" \/>\n<meta property=\"og:url\" content=\"https:\/\/p4p-nl.bootmine.com\/%product-slug%\/puur-urogeni\" \/>\n<meta property=\"og:site_name\" content=\"Pharmacy4pets\" \/>\n<meta property=\"article:publisher\" content=\"https:\/\/www.facebook.com\/people\/Pharmacy4petsnl\/100063484989896\/\" \/>\n<meta property=\"article:modified_time\" content=\"2026-04-14T08:02:18+00:00\" \/>\n<meta property=\"og:image\" content=\"https:\/\/p4p-nl.bootmine.com\/wp-content\/uploads\/2016\/12\/22660.jpg\" \/>\n\t<meta property=\"og:image:width\" content=\"310\" \/>\n\t<meta property=\"og:image:height\" content=\"310\" \/>\n\t<meta property=\"og:image:type\" content=\"image\/jpeg\" \/>\n<meta name=\"twitter:card\" content=\"summary_large_image\" \/>\n<meta name=\"twitter:label1\" content=\"Geschatte leestijd\" \/>\n\t<meta name=\"twitter:data1\" content=\"1 minuut\" \/>\n<script type=\"application\/ld+json\" class=\"yoast-schema-graph\">{\"@context\":\"https:\\\/\\\/schema.org\",\"@graph\":[{\"@type\":\"WebPage\",\"@id\":\"https:\\\/\\\/p4p-nl.bootmine.com\\\/%product-slug%\\\/puur-urogeni\",\"url\":\"https:\\\/\\\/p4p-nl.bootmine.com\\\/%product-slug%\\\/puur-urogeni\",\"name\":\"PUUR Urogeni | 50 ml - Pharmacy4pets\",\"isPartOf\":{\"@id\":\"http:\\\/\\\/www.pharmacy4pets.nl\\\/#website\"},\"primaryImageOfPage\":{\"@id\":\"https:\\\/\\\/p4p-nl.bootmine.com\\\/%product-slug%\\\/puur-urogeni#primaryimage\"},\"image\":{\"@id\":\"https:\\\/\\\/p4p-nl.bootmine.com\\\/%product-slug%\\\/puur-urogeni#primaryimage\"},\"thumbnailUrl\":\"https:\\\/\\\/www.pharmacy4pets.nl\\\/wp-content\\\/uploads\\\/2016\\\/12\\\/22660.jpg\",\"datePublished\":\"2016-12-08T16:16:49+00:00\",\"dateModified\":\"2026-04-14T08:02:18+00:00\",\"breadcrumb\":{\"@id\":\"https:\\\/\\\/p4p-nl.bootmine.com\\\/%product-slug%\\\/puur-urogeni#breadcrumb\"},\"inLanguage\":\"nl-NL\",\"potentialAction\":[{\"@type\":\"ReadAction\",\"target\":[\"https:\\\/\\\/p4p-nl.bootmine.com\\\/%product-slug%\\\/puur-urogeni\"]}]},{\"@type\":\"ImageObject\",\"inLanguage\":\"nl-NL\",\"@id\":\"https:\\\/\\\/p4p-nl.bootmine.com\\\/%product-slug%\\\/puur-urogeni#primaryimage\",\"url\":\"https:\\\/\\\/www.pharmacy4pets.nl\\\/wp-content\\\/uploads\\\/2016\\\/12\\\/22660.jpg\",\"contentUrl\":\"https:\\\/\\\/www.pharmacy4pets.nl\\\/wp-content\\\/uploads\\\/2016\\\/12\\\/22660.jpg\",\"width\":310,\"height\":310,\"caption\":\"PUUR\"},{\"@type\":\"BreadcrumbList\",\"@id\":\"https:\\\/\\\/p4p-nl.bootmine.com\\\/%product-slug%\\\/puur-urogeni#breadcrumb\",\"itemListElement\":[{\"@type\":\"ListItem\",\"position\":1,\"name\":\"Home\",\"item\":\"https:\\\/\\\/p4p-nl.bootmine.com\\\/\"},{\"@type\":\"ListItem\",\"position\":2,\"name\":\"Winkel\",\"item\":\"https:\\\/\\\/p4p-nl.bootmine.com\\\/winkel\"},{\"@type\":\"ListItem\",\"position\":3,\"name\":\"PUUR Urogeni | 50 ml\"}]},{\"@type\":\"WebSite\",\"@id\":\"http:\\\/\\\/www.pharmacy4pets.nl\\\/#website\",\"url\":\"http:\\\/\\\/www.pharmacy4pets.nl\\\/\",\"name\":\"Pharmacy4pets\",\"description\":\"Pharmacy4pets.nl is d\u00e9 online apotheek waar u terecht kunt voor alle diergeneesmiddelen, verzorgingsproducten en dieetvoeding voor uw huisdier.\",\"publisher\":{\"@id\":\"http:\\\/\\\/www.pharmacy4pets.nl\\\/#organization\"},\"potentialAction\":[{\"@type\":\"SearchAction\",\"target\":{\"@type\":\"EntryPoint\",\"urlTemplate\":\"http:\\\/\\\/www.pharmacy4pets.nl\\\/?s={search_term_string}\"},\"query-input\":{\"@type\":\"PropertyValueSpecification\",\"valueRequired\":true,\"valueName\":\"search_term_string\"}}],\"inLanguage\":\"nl-NL\"},{\"@type\":\"Organization\",\"@id\":\"http:\\\/\\\/www.pharmacy4pets.nl\\\/#organization\",\"name\":\"Pharmacy4pets\",\"url\":\"http:\\\/\\\/www.pharmacy4pets.nl\\\/\",\"logo\":{\"@type\":\"ImageObject\",\"inLanguage\":\"nl-NL\",\"@id\":\"http:\\\/\\\/www.pharmacy4pets.nl\\\/#\\\/schema\\\/logo\\\/image\\\/\",\"url\":\"https:\\\/\\\/p4p-nl.bootmine.com\\\/wp-content\\\/uploads\\\/2026\\\/03\\\/logo-pharmacy4pets.png\",\"contentUrl\":\"https:\\\/\\\/p4p-nl.bootmine.com\\\/wp-content\\\/uploads\\\/2026\\\/03\\\/logo-pharmacy4pets.png\",\"width\":1024,\"height\":135,\"caption\":\"Pharmacy4pets\"},\"image\":{\"@id\":\"http:\\\/\\\/www.pharmacy4pets.nl\\\/#\\\/schema\\\/logo\\\/image\\\/\"},\"sameAs\":[\"https:\\\/\\\/www.facebook.com\\\/people\\\/Pharmacy4petsnl\\\/100063484989896\\\/\",\"https:\\\/\\\/www.youtube.com\\\/channel\\\/UCGPTIgucgli03tP2_kvLkHg\\\/featured\",\"https:\\\/\\\/www.instagram.com\\\/pharmacy4pets.nl\"]}]}<\/script>\n<!-- \/ Yoast SEO plugin. -->","yoast_head_json":{"title":"PUUR Urogeni | 50 ml - Pharmacy4pets","robots":{"index":"index","follow":"follow","max-snippet":"max-snippet:-1","max-image-preview":"max-image-preview:large","max-video-preview":"max-video-preview:-1"},"canonical":"https:\/\/p4p-nl.bootmine.com\/%product-slug%\/puur-urogeni","og_locale":"nl_NL","og_type":"article","og_title":"PUUR Urogeni | 50 ml - Pharmacy4pets","og_description":"PUUR Urogeni is een product voor honden en katten welke helpt de blaas, nieren en urinewegen schoon te houden. U kunt het product zo in de bek ingeven of het vermengen met water. Ook mag het op eten gedruppeld worden.&nbsp;Bij katten kunt u er ook voor kiezen om de druppels op de voorpoot te druppelen. [&hellip;]","og_url":"https:\/\/p4p-nl.bootmine.com\/%product-slug%\/puur-urogeni","og_site_name":"Pharmacy4pets","article_publisher":"https:\/\/www.facebook.com\/people\/Pharmacy4petsnl\/100063484989896\/","article_modified_time":"2026-04-14T08:02:18+00:00","og_image":[{"width":310,"height":310,"url":"https:\/\/p4p-nl.bootmine.com\/wp-content\/uploads\/2016\/12\/22660.jpg","type":"image\/jpeg"}],"twitter_card":"summary_large_image","twitter_misc":{"Geschatte leestijd":"1 minuut"},"schema":{"@context":"https:\/\/schema.org","@graph":[{"@type":"WebPage","@id":"https:\/\/p4p-nl.bootmine.com\/%product-slug%\/puur-urogeni","url":"https:\/\/p4p-nl.bootmine.com\/%product-slug%\/puur-urogeni","name":"PUUR Urogeni | 50 ml - Pharmacy4pets","isPartOf":{"@id":"http:\/\/www.pharmacy4pets.nl\/#website"},"primaryImageOfPage":{"@id":"https:\/\/p4p-nl.bootmine.com\/%product-slug%\/puur-urogeni#primaryimage"},"image":{"@id":"https:\/\/p4p-nl.bootmine.com\/%product-slug%\/puur-urogeni#primaryimage"},"thumbnailUrl":"https:\/\/www.pharmacy4pets.nl\/wp-content\/uploads\/2016\/12\/22660.jpg","datePublished":"2016-12-08T16:16:49+00:00","dateModified":"2026-04-14T08:02:18+00:00","breadcrumb":{"@id":"https:\/\/p4p-nl.bootmine.com\/%product-slug%\/puur-urogeni#breadcrumb"},"inLanguage":"nl-NL","potentialAction":[{"@type":"ReadAction","target":["https:\/\/p4p-nl.bootmine.com\/%product-slug%\/puur-urogeni"]}]},{"@type":"ImageObject","inLanguage":"nl-NL","@id":"https:\/\/p4p-nl.bootmine.com\/%product-slug%\/puur-urogeni#primaryimage","url":"https:\/\/www.pharmacy4pets.nl\/wp-content\/uploads\/2016\/12\/22660.jpg","contentUrl":"https:\/\/www.pharmacy4pets.nl\/wp-content\/uploads\/2016\/12\/22660.jpg","width":310,"height":310,"caption":"PUUR"},{"@type":"BreadcrumbList","@id":"https:\/\/p4p-nl.bootmine.com\/%product-slug%\/puur-urogeni#breadcrumb","itemListElement":[{"@type":"ListItem","position":1,"name":"Home","item":"https:\/\/p4p-nl.bootmine.com\/"},{"@type":"ListItem","position":2,"name":"Winkel","item":"https:\/\/p4p-nl.bootmine.com\/winkel"},{"@type":"ListItem","position":3,"name":"PUUR Urogeni | 50 ml"}]},{"@type":"WebSite","@id":"http:\/\/www.pharmacy4pets.nl\/#website","url":"http:\/\/www.pharmacy4pets.nl\/","name":"Pharmacy4pets","description":"Pharmacy4pets.nl is d\u00e9 online apotheek waar u terecht kunt voor alle diergeneesmiddelen, verzorgingsproducten en dieetvoeding voor uw huisdier.","publisher":{"@id":"http:\/\/www.pharmacy4pets.nl\/#organization"},"potentialAction":[{"@type":"SearchAction","target":{"@type":"EntryPoint","urlTemplate":"http:\/\/www.pharmacy4pets.nl\/?s={search_term_string}"},"query-input":{"@type":"PropertyValueSpecification","valueRequired":true,"valueName":"search_term_string"}}],"inLanguage":"nl-NL"},{"@type":"Organization","@id":"http:\/\/www.pharmacy4pets.nl\/#organization","name":"Pharmacy4pets","url":"http:\/\/www.pharmacy4pets.nl\/","logo":{"@type":"ImageObject","inLanguage":"nl-NL","@id":"http:\/\/www.pharmacy4pets.nl\/#\/schema\/logo\/image\/","url":"https:\/\/p4p-nl.bootmine.com\/wp-content\/uploads\/2026\/03\/logo-pharmacy4pets.png","contentUrl":"https:\/\/p4p-nl.bootmine.com\/wp-content\/uploads\/2026\/03\/logo-pharmacy4pets.png","width":1024,"height":135,"caption":"Pharmacy4pets"},"image":{"@id":"http:\/\/www.pharmacy4pets.nl\/#\/schema\/logo\/image\/"},"sameAs":["https:\/\/www.facebook.com\/people\/Pharmacy4petsnl\/100063484989896\/","https:\/\/www.youtube.com\/channel\/UCGPTIgucgli03tP2_kvLkHg\/featured","https:\/\/www.instagram.com\/pharmacy4pets.nl"]}]}},"market_data":{"nl":{"price":0,"sale_price":0,"active":false,"url":null,"parent_url":"","tax_rate":0,"price_inc_tax":0,"sale_price_inc_tax":0},"de":{"price":0,"sale_price":0,"active":false,"url":null,"parent_url":"","tax_rate":0,"price_inc_tax":0,"sale_price_inc_tax":0},"be":{"price":0,"sale_price":0,"active":false,"url":null,"parent_url":"","tax_rate":0,"price_inc_tax":0,"sale_price_inc_tax":0},"fr":{"price":0,"sale_price":0,"active":false,"url":null,"parent_url":"","tax_rate":0,"price_inc_tax":0,"sale_price_inc_tax":0},"ch":{"price":0,"sale_price":0,"active":false,"url":null,"parent_url":"","tax_rate":0,"price_inc_tax":0,"sale_price_inc_tax":0},"at":{"price":0,"sale_price":0,"active":false,"url":null,"parent_url":"","tax_rate":0,"price_inc_tax":0,"sale_price_inc_tax":0},"es":{"price":0,"sale_price":0,"active":false,"url":null,"parent_url":"","tax_rate":0,"price_inc_tax":0,"sale_price_inc_tax":0},"dk":{"price":0,"sale_price":0,"active":false,"url":null,"parent_url":"","tax_rate":0,"price_inc_tax":0,"sale_price_inc_tax":0},"com":{"price":0,"sale_price":0,"active":false,"url":null,"parent_url":"","tax_rate":0,"price_inc_tax":0,"sale_price_inc_tax":0}},"market_nl_price":0,"market_nl_sale_price":0,"market_nl_active":false,"market_nl_url":null,"market_nl_parent_url":"","market_nl_tax_rate":0,"market_nl_price_inc_tax":0,"market_nl_sale_price_inc_tax":0,"market_de_price":0,"market_de_sale_price":0,"market_de_active":false,"market_de_url":null,"market_de_parent_url":"","market_de_tax_rate":0,"market_de_price_inc_tax":0,"market_de_sale_price_inc_tax":0,"market_be_price":0,"market_be_sale_price":0,"market_be_active":false,"market_be_url":null,"market_be_parent_url":"","market_be_tax_rate":0,"market_be_price_inc_tax":0,"market_be_sale_price_inc_tax":0,"market_fr_price":0,"market_fr_sale_price":0,"market_fr_active":false,"market_fr_url":null,"market_fr_parent_url":"","market_fr_tax_rate":0,"market_fr_price_inc_tax":0,"market_fr_sale_price_inc_tax":0,"market_ch_price":0,"market_ch_sale_price":0,"market_ch_active":false,"market_ch_url":null,"market_ch_parent_url":"","market_ch_tax_rate":0,"market_ch_price_inc_tax":0,"market_ch_sale_price_inc_tax":0,"market_at_price":0,"market_at_sale_price":0,"market_at_active":false,"market_at_url":null,"market_at_parent_url":"","market_at_tax_rate":0,"market_at_price_inc_tax":0,"market_at_sale_price_inc_tax":0,"market_es_price":0,"market_es_sale_price":0,"market_es_active":false,"market_es_url":null,"market_es_parent_url":"","market_es_tax_rate":0,"market_es_price_inc_tax":0,"market_es_sale_price_inc_tax":0,"market_dk_price":0,"market_dk_sale_price":0,"market_dk_active":false,"market_dk_url":null,"market_dk_parent_url":"","market_dk_tax_rate":0,"market_dk_price_inc_tax":0,"market_dk_sale_price_inc_tax":0,"market_com_price":0,"market_com_sale_price":0,"market_com_active":false,"market_com_url":null,"market_com_parent_url":"","market_com_tax_rate":0,"market_com_price_inc_tax":0,"market_com_sale_price_inc_tax":0,"acf":[],"_links":{"self":[{"href":"https:\/\/www.pharmacy4pets.nl\/be\/wp-json\/wp\/v2\/product\/117559","targetHints":{"allow":["GET"]}}],"collection":[{"href":"https:\/\/www.pharmacy4pets.nl\/be\/wp-json\/wp\/v2\/product"}],"about":[{"href":"https:\/\/www.pharmacy4pets.nl\/be\/wp-json\/wp\/v2\/types\/product"}],"replies":[{"embeddable":true,"href":"https:\/\/www.pharmacy4pets.nl\/be\/wp-json\/wp\/v2\/comments?post=117559"}],"wp:featuredmedia":[{"embeddable":true,"href":"https:\/\/www.pharmacy4pets.nl\/be\/wp-json\/wp\/v2\/media\/117556"}],"wp:attachment":[{"href":"https:\/\/www.pharmacy4pets.nl\/be\/wp-json\/wp\/v2\/media?parent=117559"}],"wp:term":[{"taxonomy":"product_brand","embeddable":true,"href":"https:\/\/www.pharmacy4pets.nl\/be\/wp-json\/wp\/v2\/product_brand?post=117559"},{"taxonomy":"product_cat","embeddable":true,"href":"https:\/\/www.pharmacy4pets.nl\/be\/wp-json\/wp\/v2\/product_cat?post=117559"},{"taxonomy":"product_tag","embeddable":true,"href":"https:\/\/www.pharmacy4pets.nl\/be\/wp-json\/wp\/v2\/product_tag?post=117559"}],"curies":[{"name":"wp","href":"https:\/\/api.w.org\/{rel}","templated":true}]}}