{"id":117536,"date":"2016-12-08T14:54:36","date_gmt":"2016-12-08T14:54:36","guid":{"rendered":"https:\/\/p4p.test\/puur-skin-gel"},"modified":"2026-04-14T08:02:15","modified_gmt":"2026-04-14T08:02:15","slug":"puur-skin-gel","status":"publish","type":"product","link":"https:\/\/www.pharmacy4pets.nl\/be\/puur-skin-gel","title":{"rendered":"PUUR Skin Gel | 50 ml | Exp 31-05-2026"},"content":{"rendered":"<p>PUUR Skin Gel is een speciale wondzalf voor honden, katten en paarden. De zalf ondersteunt het herstel van huidbeschadigingen en wonden. Daarnaast beschermt de gel tegen schuren, likken en krabben.<\/p>\n<p>U dient de zalf 2 maal daags op de wond aan te brengen. Uitsluitend voor uitwendig gebruik<\/p>\n<p>De verpakking bevat 50 ml.<\/p>\n","protected":false},"excerpt":{"rendered":"<p>PUUR Skin Gel is een speciale wondzalf voor honden, katten en paarden. De zalf ondersteunt het herstel van huidbeschadigingen en wonden. Daarnaast beschermt de gel tegen schuren, likken en krabben. U dient de zalf 2 maal daags op de wond aan te brengen. Uitsluitend voor uitwendig gebruik De verpakking bevat 50 ml.<\/p>\n","protected":false},"featured_media":117533,"comment_status":"open","ping_status":"closed","template":"","meta":{"_acf_changed":false,"_nl_post_content":"<p>PUUR Skin Gel is een speciale wondzalf voor honden, katten en paarden. De zalf ondersteunt het herstel van huidbeschadigingen en wonden. Daarnaast beschermt de gel tegen schuren, likken en krabben.<\/p>\r\n<p>U dient de zalf 2 maal daags op de wond aan te brengen. Uitsluitend voor uitwendig gebruik<\/p>\r\n<p>De verpakking bevat 50 ml.<\/p>","_nl_post_name":"puur-skin-gel","_nl_post_excerpt":"","_nl_post_title":"PUUR Skin Gel | 50 ml | Exp 31-05-2026","_en_post_content":"<p>PUUR Skin Gel is a special wound gel for dogs, cats and horses. The cream supports the recovery of skindamages and wounds.. Is also protects the wound agains, licking, rubbing and scratching.<\/p>\r\n<p>U need to apply the gel 2 times a day directly on to the wound.<\/p>\r\n<p>The package contains 50 ml.<\/p>","_en_post_name":"puur-skin-gel","_en_post_excerpt":"","_en_post_title":"PUUR Skin Gel | 50 ml | Exp 31-05-2026","_de_post_content":"<p>PUUR Skin Gel ist ein spezielle wundversorgung f\u00fcr Hunde, Katzen und Pferden welche den Heilungsprozess der gesch\u00e4digter Haut unterst\u00fctzt. Dar\u00fcber hinaus sch\u00fctzt die Salbe vor Abrieb, lecken und kratzen.<\/p>\r\n<p>Sie mussen 2 pro Tag die Gel auf die Wundoberfl\u00e4che aufbringen.<\/p>\r\n<p>Die Verpackung enth\u00e4lt 50 ml.<\/p>","_de_post_name":"puur-skin-gel","_de_post_excerpt":"","_de_post_title":"PUUR Skin Gel | 50 ml | Exp 31-05-2026","_fr_post_content":"<p>PUUR Skin Gel is een speciale wondzalf voor honden, katten en paarden. De zalf ondersteunt het herstel van huidbeschadigingen en wonden. Daarnaast beschermt de gel tegen schuren, likken en krabben.<\/p>\r\n<p>U dient de zalf 2 maal daags op de wond aan te brengen. Uitsluitend voor uitwendig gebruik<\/p>\r\n<p>De verpakking bevat 50 ml.<\/p>","_fr_post_name":"puur-skin-gel","_fr_post_excerpt":"","_fr_post_title":"PUUR Skin Gel | 50 ml | Exp 31-05-2026","_es_post_content":"<p>PUUR Skin Gel es una pomada para heridas para perros, gatos y caballos. La gel cicatrizante apoya la recuperaci\u00f3n de da\u00f1os y heridas en la piel. Adem\u00e1s, el gel protege contra rozaduras, lamidas y ara\u00f1azos.<\/p>\r\n<p>Debe aplicar PUUR Wound Gel en la herida 2 veces al d\u00eda. S\u00f3lo para uso externo.<\/p>\r\n<p>El tubo contiene 50 ml.<\/p>","_es_post_name":"puur-skin-gel","_es_post_excerpt":"","_es_post_title":"PUUR Skin Gel | 50 ml | Exp 31-05-2026","edit_language":"nl"},"product_brand":[],"product_cat":[1891,1861,1820,1892,1862,1821,1117,2341,1974,1876,1845,1118,1871,1839,1857,1809,1950],"product_tag":[],"class_list":{"0":"post-117536","1":"product","2":"type-product","3":"status-publish","4":"has-post-thumbnail","6":"product_cat-benodigdheden","9":"product_cat-ehbo","12":"product_cat-honden","13":"product_cat-hotspot","15":"product_cat-huid-vacht","17":"product_cat-katten","18":"product_cat-medicijnen-supplementen","20":"product_cat-merken","21":"product_cat-paarden","22":"product_cat-puur","23":"pa_aandoening-wond_ehbo","24":"pa_doeldier-ezel","25":"pa_doeldier-hond","26":"pa_doeldier-kat","27":"pa_doeldier-paard","28":"pa_fabricatieland-nederland","29":"pa_merkfilter-puur","30":"pa_merkgroep-nml","31":"pa_productsoort-overig","32":"pa_seo_canonical_store_id-not_found_value","33":"pa_seo_category-not_found_value","34":"pa_seo_meta_robots-not_found_value","35":"pa_toedieningswijze-zalf","36":"pa_unit_pricing_base_measure-10ml","37":"pa_unit_pricing_measure-50ml","38":"pa_werkzamestof-overig","40":"first","41":"instock","42":"taxable","43":"shipping-taxable","44":"purchasable","45":"product-type-simple"},"yoast_head":"<!-- This site is optimized with the Yoast SEO plugin v27.5 - https:\/\/yoast.com\/product\/yoast-seo-wordpress\/ -->\n<title>PUUR Skin Gel | 50 ml | Exp 31-05-2026 - Pharmacy4pets<\/title>\n<meta name=\"robots\" content=\"index, follow, max-snippet:-1, max-image-preview:large, max-video-preview:-1\" \/>\n<link rel=\"canonical\" href=\"https:\/\/p4p-nl.bootmine.com\/%product-slug%\/puur-skin-gel\" \/>\n<meta property=\"og:locale\" content=\"nl_NL\" \/>\n<meta property=\"og:type\" content=\"article\" \/>\n<meta property=\"og:title\" content=\"PUUR Skin Gel | 50 ml | Exp 31-05-2026 - Pharmacy4pets\" \/>\n<meta property=\"og:description\" content=\"PUUR Skin Gel is een speciale wondzalf voor honden, katten en paarden. De zalf ondersteunt het herstel van huidbeschadigingen en wonden. Daarnaast beschermt de gel tegen schuren, likken en krabben. U dient de zalf 2 maal daags op de wond aan te brengen. Uitsluitend voor uitwendig gebruik De verpakking bevat 50 ml.\" \/>\n<meta property=\"og:url\" content=\"https:\/\/p4p-nl.bootmine.com\/%product-slug%\/puur-skin-gel\" \/>\n<meta property=\"og:site_name\" content=\"Pharmacy4pets\" \/>\n<meta property=\"article:publisher\" content=\"https:\/\/www.facebook.com\/people\/Pharmacy4petsnl\/100063484989896\/\" \/>\n<meta property=\"article:modified_time\" content=\"2026-04-14T08:02:15+00:00\" \/>\n<meta property=\"og:image\" content=\"https:\/\/p4p-nl.bootmine.com\/wp-content\/uploads\/2016\/12\/22174.jpg\" \/>\n\t<meta property=\"og:image:width\" content=\"600\" \/>\n\t<meta property=\"og:image:height\" content=\"600\" \/>\n\t<meta property=\"og:image:type\" content=\"image\/jpeg\" \/>\n<meta name=\"twitter:card\" content=\"summary_large_image\" \/>\n<script type=\"application\/ld+json\" class=\"yoast-schema-graph\">{\"@context\":\"https:\\\/\\\/schema.org\",\"@graph\":[{\"@type\":\"WebPage\",\"@id\":\"https:\\\/\\\/p4p-nl.bootmine.com\\\/%product-slug%\\\/puur-skin-gel\",\"url\":\"https:\\\/\\\/p4p-nl.bootmine.com\\\/%product-slug%\\\/puur-skin-gel\",\"name\":\"PUUR Skin Gel | 50 ml | Exp 31-05-2026 - Pharmacy4pets\",\"isPartOf\":{\"@id\":\"http:\\\/\\\/www.pharmacy4pets.nl\\\/#website\"},\"primaryImageOfPage\":{\"@id\":\"https:\\\/\\\/p4p-nl.bootmine.com\\\/%product-slug%\\\/puur-skin-gel#primaryimage\"},\"image\":{\"@id\":\"https:\\\/\\\/p4p-nl.bootmine.com\\\/%product-slug%\\\/puur-skin-gel#primaryimage\"},\"thumbnailUrl\":\"https:\\\/\\\/www.pharmacy4pets.nl\\\/wp-content\\\/uploads\\\/2016\\\/12\\\/22174.jpg\",\"datePublished\":\"2016-12-08T14:54:36+00:00\",\"dateModified\":\"2026-04-14T08:02:15+00:00\",\"breadcrumb\":{\"@id\":\"https:\\\/\\\/p4p-nl.bootmine.com\\\/%product-slug%\\\/puur-skin-gel#breadcrumb\"},\"inLanguage\":\"nl-NL\",\"potentialAction\":[{\"@type\":\"ReadAction\",\"target\":[\"https:\\\/\\\/p4p-nl.bootmine.com\\\/%product-slug%\\\/puur-skin-gel\"]}]},{\"@type\":\"ImageObject\",\"inLanguage\":\"nl-NL\",\"@id\":\"https:\\\/\\\/p4p-nl.bootmine.com\\\/%product-slug%\\\/puur-skin-gel#primaryimage\",\"url\":\"https:\\\/\\\/www.pharmacy4pets.nl\\\/wp-content\\\/uploads\\\/2016\\\/12\\\/22174.jpg\",\"contentUrl\":\"https:\\\/\\\/www.pharmacy4pets.nl\\\/wp-content\\\/uploads\\\/2016\\\/12\\\/22174.jpg\",\"width\":600,\"height\":600,\"caption\":\"PUUR\"},{\"@type\":\"BreadcrumbList\",\"@id\":\"https:\\\/\\\/p4p-nl.bootmine.com\\\/%product-slug%\\\/puur-skin-gel#breadcrumb\",\"itemListElement\":[{\"@type\":\"ListItem\",\"position\":1,\"name\":\"Home\",\"item\":\"https:\\\/\\\/p4p-nl.bootmine.com\\\/\"},{\"@type\":\"ListItem\",\"position\":2,\"name\":\"Winkel\",\"item\":\"https:\\\/\\\/p4p-nl.bootmine.com\\\/winkel\"},{\"@type\":\"ListItem\",\"position\":3,\"name\":\"PUUR Skin Gel | 50 ml | Exp 31-05-2026\"}]},{\"@type\":\"WebSite\",\"@id\":\"http:\\\/\\\/www.pharmacy4pets.nl\\\/#website\",\"url\":\"http:\\\/\\\/www.pharmacy4pets.nl\\\/\",\"name\":\"Pharmacy4pets\",\"description\":\"Pharmacy4pets.nl is d\u00e9 online apotheek waar u terecht kunt voor alle diergeneesmiddelen, verzorgingsproducten en dieetvoeding voor uw huisdier.\",\"publisher\":{\"@id\":\"http:\\\/\\\/www.pharmacy4pets.nl\\\/#organization\"},\"potentialAction\":[{\"@type\":\"SearchAction\",\"target\":{\"@type\":\"EntryPoint\",\"urlTemplate\":\"http:\\\/\\\/www.pharmacy4pets.nl\\\/?s={search_term_string}\"},\"query-input\":{\"@type\":\"PropertyValueSpecification\",\"valueRequired\":true,\"valueName\":\"search_term_string\"}}],\"inLanguage\":\"nl-NL\"},{\"@type\":\"Organization\",\"@id\":\"http:\\\/\\\/www.pharmacy4pets.nl\\\/#organization\",\"name\":\"Pharmacy4pets\",\"url\":\"http:\\\/\\\/www.pharmacy4pets.nl\\\/\",\"logo\":{\"@type\":\"ImageObject\",\"inLanguage\":\"nl-NL\",\"@id\":\"http:\\\/\\\/www.pharmacy4pets.nl\\\/#\\\/schema\\\/logo\\\/image\\\/\",\"url\":\"https:\\\/\\\/p4p-nl.bootmine.com\\\/wp-content\\\/uploads\\\/2026\\\/03\\\/logo-pharmacy4pets.png\",\"contentUrl\":\"https:\\\/\\\/p4p-nl.bootmine.com\\\/wp-content\\\/uploads\\\/2026\\\/03\\\/logo-pharmacy4pets.png\",\"width\":1024,\"height\":135,\"caption\":\"Pharmacy4pets\"},\"image\":{\"@id\":\"http:\\\/\\\/www.pharmacy4pets.nl\\\/#\\\/schema\\\/logo\\\/image\\\/\"},\"sameAs\":[\"https:\\\/\\\/www.facebook.com\\\/people\\\/Pharmacy4petsnl\\\/100063484989896\\\/\",\"https:\\\/\\\/www.youtube.com\\\/channel\\\/UCGPTIgucgli03tP2_kvLkHg\\\/featured\",\"https:\\\/\\\/www.instagram.com\\\/pharmacy4pets.nl\"]}]}<\/script>\n<!-- \/ Yoast SEO plugin. -->","yoast_head_json":{"title":"PUUR Skin Gel | 50 ml | Exp 31-05-2026 - Pharmacy4pets","robots":{"index":"index","follow":"follow","max-snippet":"max-snippet:-1","max-image-preview":"max-image-preview:large","max-video-preview":"max-video-preview:-1"},"canonical":"https:\/\/p4p-nl.bootmine.com\/%product-slug%\/puur-skin-gel","og_locale":"nl_NL","og_type":"article","og_title":"PUUR Skin Gel | 50 ml | Exp 31-05-2026 - Pharmacy4pets","og_description":"PUUR Skin Gel is een speciale wondzalf voor honden, katten en paarden. De zalf ondersteunt het herstel van huidbeschadigingen en wonden. Daarnaast beschermt de gel tegen schuren, likken en krabben. U dient de zalf 2 maal daags op de wond aan te brengen. Uitsluitend voor uitwendig gebruik De verpakking bevat 50 ml.","og_url":"https:\/\/p4p-nl.bootmine.com\/%product-slug%\/puur-skin-gel","og_site_name":"Pharmacy4pets","article_publisher":"https:\/\/www.facebook.com\/people\/Pharmacy4petsnl\/100063484989896\/","article_modified_time":"2026-04-14T08:02:15+00:00","og_image":[{"width":600,"height":600,"url":"https:\/\/p4p-nl.bootmine.com\/wp-content\/uploads\/2016\/12\/22174.jpg","type":"image\/jpeg"}],"twitter_card":"summary_large_image","schema":{"@context":"https:\/\/schema.org","@graph":[{"@type":"WebPage","@id":"https:\/\/p4p-nl.bootmine.com\/%product-slug%\/puur-skin-gel","url":"https:\/\/p4p-nl.bootmine.com\/%product-slug%\/puur-skin-gel","name":"PUUR Skin Gel | 50 ml | Exp 31-05-2026 - Pharmacy4pets","isPartOf":{"@id":"http:\/\/www.pharmacy4pets.nl\/#website"},"primaryImageOfPage":{"@id":"https:\/\/p4p-nl.bootmine.com\/%product-slug%\/puur-skin-gel#primaryimage"},"image":{"@id":"https:\/\/p4p-nl.bootmine.com\/%product-slug%\/puur-skin-gel#primaryimage"},"thumbnailUrl":"https:\/\/www.pharmacy4pets.nl\/wp-content\/uploads\/2016\/12\/22174.jpg","datePublished":"2016-12-08T14:54:36+00:00","dateModified":"2026-04-14T08:02:15+00:00","breadcrumb":{"@id":"https:\/\/p4p-nl.bootmine.com\/%product-slug%\/puur-skin-gel#breadcrumb"},"inLanguage":"nl-NL","potentialAction":[{"@type":"ReadAction","target":["https:\/\/p4p-nl.bootmine.com\/%product-slug%\/puur-skin-gel"]}]},{"@type":"ImageObject","inLanguage":"nl-NL","@id":"https:\/\/p4p-nl.bootmine.com\/%product-slug%\/puur-skin-gel#primaryimage","url":"https:\/\/www.pharmacy4pets.nl\/wp-content\/uploads\/2016\/12\/22174.jpg","contentUrl":"https:\/\/www.pharmacy4pets.nl\/wp-content\/uploads\/2016\/12\/22174.jpg","width":600,"height":600,"caption":"PUUR"},{"@type":"BreadcrumbList","@id":"https:\/\/p4p-nl.bootmine.com\/%product-slug%\/puur-skin-gel#breadcrumb","itemListElement":[{"@type":"ListItem","position":1,"name":"Home","item":"https:\/\/p4p-nl.bootmine.com\/"},{"@type":"ListItem","position":2,"name":"Winkel","item":"https:\/\/p4p-nl.bootmine.com\/winkel"},{"@type":"ListItem","position":3,"name":"PUUR Skin Gel | 50 ml | Exp 31-05-2026"}]},{"@type":"WebSite","@id":"http:\/\/www.pharmacy4pets.nl\/#website","url":"http:\/\/www.pharmacy4pets.nl\/","name":"Pharmacy4pets","description":"Pharmacy4pets.nl is d\u00e9 online apotheek waar u terecht kunt voor alle diergeneesmiddelen, verzorgingsproducten en dieetvoeding voor uw huisdier.","publisher":{"@id":"http:\/\/www.pharmacy4pets.nl\/#organization"},"potentialAction":[{"@type":"SearchAction","target":{"@type":"EntryPoint","urlTemplate":"http:\/\/www.pharmacy4pets.nl\/?s={search_term_string}"},"query-input":{"@type":"PropertyValueSpecification","valueRequired":true,"valueName":"search_term_string"}}],"inLanguage":"nl-NL"},{"@type":"Organization","@id":"http:\/\/www.pharmacy4pets.nl\/#organization","name":"Pharmacy4pets","url":"http:\/\/www.pharmacy4pets.nl\/","logo":{"@type":"ImageObject","inLanguage":"nl-NL","@id":"http:\/\/www.pharmacy4pets.nl\/#\/schema\/logo\/image\/","url":"https:\/\/p4p-nl.bootmine.com\/wp-content\/uploads\/2026\/03\/logo-pharmacy4pets.png","contentUrl":"https:\/\/p4p-nl.bootmine.com\/wp-content\/uploads\/2026\/03\/logo-pharmacy4pets.png","width":1024,"height":135,"caption":"Pharmacy4pets"},"image":{"@id":"http:\/\/www.pharmacy4pets.nl\/#\/schema\/logo\/image\/"},"sameAs":["https:\/\/www.facebook.com\/people\/Pharmacy4petsnl\/100063484989896\/","https:\/\/www.youtube.com\/channel\/UCGPTIgucgli03tP2_kvLkHg\/featured","https:\/\/www.instagram.com\/pharmacy4pets.nl"]}]}},"market_data":{"nl":{"price":0,"sale_price":0,"active":false,"url":null,"parent_url":"","tax_rate":0,"price_inc_tax":0,"sale_price_inc_tax":0},"de":{"price":0,"sale_price":0,"active":false,"url":null,"parent_url":"","tax_rate":0,"price_inc_tax":0,"sale_price_inc_tax":0},"be":{"price":0,"sale_price":0,"active":false,"url":null,"parent_url":"","tax_rate":0,"price_inc_tax":0,"sale_price_inc_tax":0},"fr":{"price":0,"sale_price":0,"active":false,"url":null,"parent_url":"","tax_rate":0,"price_inc_tax":0,"sale_price_inc_tax":0},"ch":{"price":0,"sale_price":0,"active":false,"url":null,"parent_url":"","tax_rate":0,"price_inc_tax":0,"sale_price_inc_tax":0},"at":{"price":0,"sale_price":0,"active":false,"url":null,"parent_url":"","tax_rate":0,"price_inc_tax":0,"sale_price_inc_tax":0},"es":{"price":0,"sale_price":0,"active":false,"url":null,"parent_url":"","tax_rate":0,"price_inc_tax":0,"sale_price_inc_tax":0},"dk":{"price":0,"sale_price":0,"active":false,"url":null,"parent_url":"","tax_rate":0,"price_inc_tax":0,"sale_price_inc_tax":0},"com":{"price":0,"sale_price":0,"active":false,"url":null,"parent_url":"","tax_rate":0,"price_inc_tax":0,"sale_price_inc_tax":0}},"market_nl_price":0,"market_nl_sale_price":0,"market_nl_active":false,"market_nl_url":null,"market_nl_parent_url":"","market_nl_tax_rate":0,"market_nl_price_inc_tax":0,"market_nl_sale_price_inc_tax":0,"market_de_price":0,"market_de_sale_price":0,"market_de_active":false,"market_de_url":null,"market_de_parent_url":"","market_de_tax_rate":0,"market_de_price_inc_tax":0,"market_de_sale_price_inc_tax":0,"market_be_price":0,"market_be_sale_price":0,"market_be_active":false,"market_be_url":null,"market_be_parent_url":"","market_be_tax_rate":0,"market_be_price_inc_tax":0,"market_be_sale_price_inc_tax":0,"market_fr_price":0,"market_fr_sale_price":0,"market_fr_active":false,"market_fr_url":null,"market_fr_parent_url":"","market_fr_tax_rate":0,"market_fr_price_inc_tax":0,"market_fr_sale_price_inc_tax":0,"market_ch_price":0,"market_ch_sale_price":0,"market_ch_active":false,"market_ch_url":null,"market_ch_parent_url":"","market_ch_tax_rate":0,"market_ch_price_inc_tax":0,"market_ch_sale_price_inc_tax":0,"market_at_price":0,"market_at_sale_price":0,"market_at_active":false,"market_at_url":null,"market_at_parent_url":"","market_at_tax_rate":0,"market_at_price_inc_tax":0,"market_at_sale_price_inc_tax":0,"market_es_price":0,"market_es_sale_price":0,"market_es_active":false,"market_es_url":null,"market_es_parent_url":"","market_es_tax_rate":0,"market_es_price_inc_tax":0,"market_es_sale_price_inc_tax":0,"market_dk_price":0,"market_dk_sale_price":0,"market_dk_active":false,"market_dk_url":null,"market_dk_parent_url":"","market_dk_tax_rate":0,"market_dk_price_inc_tax":0,"market_dk_sale_price_inc_tax":0,"market_com_price":0,"market_com_sale_price":0,"market_com_active":false,"market_com_url":null,"market_com_parent_url":"","market_com_tax_rate":0,"market_com_price_inc_tax":0,"market_com_sale_price_inc_tax":0,"acf":[],"_links":{"self":[{"href":"https:\/\/www.pharmacy4pets.nl\/be\/wp-json\/wp\/v2\/product\/117536","targetHints":{"allow":["GET"]}}],"collection":[{"href":"https:\/\/www.pharmacy4pets.nl\/be\/wp-json\/wp\/v2\/product"}],"about":[{"href":"https:\/\/www.pharmacy4pets.nl\/be\/wp-json\/wp\/v2\/types\/product"}],"replies":[{"embeddable":true,"href":"https:\/\/www.pharmacy4pets.nl\/be\/wp-json\/wp\/v2\/comments?post=117536"}],"wp:featuredmedia":[{"embeddable":true,"href":"https:\/\/www.pharmacy4pets.nl\/be\/wp-json\/wp\/v2\/media\/117533"}],"wp:attachment":[{"href":"https:\/\/www.pharmacy4pets.nl\/be\/wp-json\/wp\/v2\/media?parent=117536"}],"wp:term":[{"taxonomy":"product_brand","embeddable":true,"href":"https:\/\/www.pharmacy4pets.nl\/be\/wp-json\/wp\/v2\/product_brand?post=117536"},{"taxonomy":"product_cat","embeddable":true,"href":"https:\/\/www.pharmacy4pets.nl\/be\/wp-json\/wp\/v2\/product_cat?post=117536"},{"taxonomy":"product_tag","embeddable":true,"href":"https:\/\/www.pharmacy4pets.nl\/be\/wp-json\/wp\/v2\/product_tag?post=117536"}],"curies":[{"name":"wp","href":"https:\/\/api.w.org\/{rel}","templated":true}]}}