{"id":117531,"date":"2016-12-08T14:45:24","date_gmt":"2016-12-08T14:45:24","guid":{"rendered":"https:\/\/p4p.test\/puur-weerstand-resistentia"},"modified":"2026-04-14T08:02:15","modified_gmt":"2026-04-14T08:02:15","slug":"puur-weerstand-resistentia","status":"publish","type":"product","link":"https:\/\/www.pharmacy4pets.nl\/be\/puur-weerstand-resistentia","title":{"rendered":"PUUR Weerstand &#8211; Resistentia | 150 gr"},"content":{"rendered":"<p style=\"text-align: justify;\">PUUR Weerstand &#8211; Resistentia is een aanvullende diervoeding die uw hond of kat helpt de weerstand te verbeteren. Het product stimuleert het immuunsysteem en beschermd hierbij gezonde cellen. Het product helpt uw huisdier sneller te herstellen na een ziekte, of wanneer uw huisdier oververmoeid is geweest.<\/p>\n<p style=\"text-align: justify;\">U kunt PUUR Weerstand \/ Resistentia door het voer van uw hond mengen. Zorg er hierbij wel voor dat u het poeder vochtig maakt zodat uw huisdier het hier van het voer afblaast.<\/p>\n<table style=\"\" border=\"1\">\n<thead>\n<tr>\n<td colspan=\"2\">\n<p style=\"text-align: center;\"><b>Dosering (1 maatschep = 0,5 gram)<\/b><\/p>\n<\/td>\n<\/tr>\n<tr>\n<td>\n<p><b>Dier &nbsp; &nbsp; &nbsp; &nbsp; &nbsp; &nbsp; &nbsp; &nbsp; &nbsp; &nbsp; &nbsp; &nbsp; &nbsp;<\/b><\/p>\n<\/td>\n<td>\n<p><b>Aantal maatscheppen (1-2 &nbsp;x per dag)<\/b><\/p>\n<\/td>\n<\/tr>\n<tr>\n<td>\n<p>Hond&nbsp; &gt; 25 kg<\/p>\n<\/td>\n<td>\n<p>3 maatscheppen<\/p>\n<\/td>\n<\/tr>\n<tr>\n<td>\n<p>Hond 10-25 kg<\/p>\n<\/td>\n<td>\n<p>2 maatscheppen<\/p>\n<\/td>\n<\/tr>\n<tr>\n<td>\n<p>Kat + Hond &lt; 10 kg<\/p>\n<\/td>\n<td>\n<p>1 maatschep<\/p>\n<\/td>\n<\/tr>\n<\/thead>\n<\/table>\n<p style=\"text-align: justify;\">De verpakking bevat 150 gr.&nbsp;<\/p>\n","protected":false},"excerpt":{"rendered":"<p>PUUR Weerstand &#8211; Resistentia is een aanvullende diervoeding die uw hond of kat helpt de weerstand te verbeteren. Het product stimuleert het immuunsysteem en beschermd hierbij gezonde cellen. Het product helpt uw huisdier sneller te herstellen na een ziekte, of wanneer uw huisdier oververmoeid is geweest. U kunt PUUR Weerstand \/ Resistentia door het voer [&hellip;]<\/p>\n","protected":false},"featured_media":117526,"comment_status":"open","ping_status":"closed","template":"","meta":{"_acf_changed":false,"_nl_post_content":"<p style=\"text-align: justify;\">PUUR Weerstand - Resistentia is een aanvullende diervoeding die uw hond of kat helpt de weerstand te verbeteren. Het product stimuleert het immuunsysteem en beschermd hierbij gezonde cellen. Het product helpt uw huisdier sneller te herstellen na een ziekte, of wanneer uw huisdier oververmoeid is geweest.<\/p>\r\n<p style=\"text-align: justify;\">U kunt PUUR Weerstand \/ Resistentia door het voer van uw hond mengen. Zorg er hierbij wel voor dat u het poeder vochtig maakt zodat uw huisdier het hier van het voer afblaast.<\/p>\r\n<table style=\"\" border=\"1\">\r\n<thead>\r\n<tr>\r\n<td colspan=\"2\">\r\n<p style=\"text-align: center;\"><b>Dosering (1 maatschep = 0,5 gram)<\/b><\/p>\r\n<\/td>\r\n<\/tr>\r\n<tr>\r\n<td>\r\n<p><b>Dier &nbsp; &nbsp; &nbsp; &nbsp; &nbsp; &nbsp; &nbsp; &nbsp; &nbsp; &nbsp; &nbsp; &nbsp; &nbsp;<\/b><\/p>\r\n<\/td>\r\n<td>\r\n<p><b>Aantal maatscheppen (1-2 &nbsp;x per dag)<\/b><\/p>\r\n<\/td>\r\n<\/tr>\r\n<tr>\r\n<td>\r\n<p>Hond&nbsp; &gt; 25 kg<\/p>\r\n<\/td>\r\n<td>\r\n<p>3 maatscheppen<\/p>\r\n<\/td>\r\n<\/tr>\r\n<tr>\r\n<td>\r\n<p>Hond 10-25 kg<\/p>\r\n<\/td>\r\n<td>\r\n<p>2 maatscheppen<\/p>\r\n<\/td>\r\n<\/tr>\r\n<tr>\r\n<td>\r\n<p>Kat + Hond &lt; 10 kg<\/p>\r\n<\/td>\r\n<td>\r\n<p>1 maatschep<\/p>\r\n<\/td>\r\n<\/tr>\r\n<\/thead>\r\n<\/table>\r\n<p style=\"text-align: justify;\">De verpakking bevat 150 gr.&nbsp;<\/p>","_nl_post_name":"puur-weerstand-resistentia","_nl_post_excerpt":"","_nl_post_title":"PUUR Weerstand - Resistentia | 150 gr","_en_post_content":"<p style=\"text-align: justify;\">PUUR Resistance is a complementary nutrition that helps your dog or cat to improve his resistance. The product stimulates the immunsystem and protects the healthy cells in your pets body. PUUR Resistance helps your pet to recover faster after an illness or when your pet has been extremely exhausted.<\/p>\r\n<p style=\"text-align: justify;\">U can mix PUUR Tranquil through the food of your dog or cat. Make sure that the powder is a bit wet, so you pet cannot blow the powder out of his bowl.<\/p>\r\n<table style=\"\" border=\"1\">\r\n<thead>\r\n<tr>\r\n<td colspan=\"2\">\r\n<p style=\"text-align: center;\"><b>Dosage (1 Scoop = 0,5 gram)<\/b><\/p>\r\n<\/td>\r\n<\/tr>\r\n<tr>\r\n<td>\r\n<p><b>Animal&nbsp; &nbsp; &nbsp; &nbsp; &nbsp; &nbsp;&nbsp; &nbsp; &nbsp; &nbsp; &nbsp; &nbsp;<\/b><\/p>\r\n<\/td>\r\n<td>\r\n<p><b>Number of scoops (1-2 &nbsp;x per day)<\/b><\/p>\r\n<\/td>\r\n<\/tr>\r\n<tr>\r\n<td>\r\n<p>Dog &gt; 25 kg<\/p>\r\n<\/td>\r\n<td>\r\n<p>3 scoops<\/p>\r\n<\/td>\r\n<\/tr>\r\n<tr>\r\n<td>\r\n<p>Dog 10-25 kg<\/p>\r\n<\/td>\r\n<td>\r\n<p>2 scoops<\/p>\r\n<\/td>\r\n<\/tr>\r\n<tr>\r\n<td>\r\n<p>Cat + Dog &lt; 10 kg<\/p>\r\n<\/td>\r\n<td>\r\n<p>1 scoop<\/p>\r\n<\/td>\r\n<\/tr>\r\n<\/thead>\r\n<\/table>\r\n<p style=\"text-align: justify;\">The package contains 150 gr.<\/p>","_en_post_name":"puur-weerstand-resistentia","_en_post_excerpt":"","_en_post_title":"PUUR Resistance | 150 gr","_de_post_content":"<p style=\"text-align: justify;\">PUUR Widerstand &ndash; Resistentia ist ein Erg&auml;nzungsfuttermittel welche die widerstand Ihres Hun doder Katze verbessert. Dieses Product stimuliert das Immunsystem und sch&uuml;tzt die gesunde Zellen. PUUR Widerstand &ndash; Resistentia hilft Ihres Haustier schneller zu hellen.<\/p>\r\n<p style=\"text-align: justify;\">Sie k&ouml;nnen die PUUR Tranquil mengen mit das Futter. Beachten Sie das Sie das Pulver ein bischen anfeuchten. Dann blasen die tieren das nicht auf den Sch&uuml;ssel.<\/p>\r\n<table border=\"1\">\r\n<thead>\r\n<tr>\r\n<td colspan=\"2\">\r\n<p style=\"text-align: center;\"><b>Doserung (1 Messl&ouml;ffel = 0,5 Gramm)<\/b><\/p>\r\n<\/td>\r\n<\/tr>\r\n<tr>\r\n<td>\r\n<p><b>Tier&nbsp; &nbsp; &nbsp; &nbsp; &nbsp; &nbsp; &nbsp; &nbsp; &nbsp; &nbsp; &nbsp; &nbsp;&nbsp;<\/b><\/p>\r\n<\/td>\r\n<td>\r\n<p><b>Anzahl Messl&ouml;ffel (1-2 x pro Tag)<\/b><\/p>\r\n<\/td>\r\n<\/tr>\r\n<tr>\r\n<td>\r\n<p>Hund &gt; 25 kg<\/p>\r\n<\/td>\r\n<td>\r\n<p>3 Messl&ouml;ffel<\/p>\r\n<\/td>\r\n<\/tr>\r\n<tr>\r\n<td>\r\n<p>Hund 10-25 kg<\/p>\r\n<\/td>\r\n<td>\r\n<p>2 &nbsp;Messl&ouml;ffel<\/p>\r\n<\/td>\r\n<\/tr>\r\n<tr>\r\n<td>\r\n<p>Katze + Hund &lt; 10 kg<\/p>\r\n<\/td>\r\n<td>\r\n<p>1 Messl&ouml;ffel<\/p>\r\n<\/td>\r\n<\/tr>\r\n<\/thead>\r\n<\/table>\r\n<p style=\"text-align: justify;\">Die Verpackung enth&auml;lt 150 gr.<\/p>","_de_post_name":"puur-weerstand-resistentia","_de_post_excerpt":"","_de_post_title":"PUUR Widerstand \u2013 Resistentia | 150 gr","_fr_post_content":"<p style=\"text-align: justify;\">PUUR Weerstand - Resistentia is een aanvullende diervoeding die uw hond of kat helpt de weerstand te verbeteren. Het product stimuleert het immuunsysteem en beschermd hierbij gezonde cellen. Het product helpt uw huisdier sneller te herstellen na een ziekte, of wanneer uw huisdier oververmoeid is geweest.<\/p>\r\n<p style=\"text-align: justify;\">U kunt PUUR Weerstand \/ Resistentia door het voer van uw hond mengen. Zorg er hierbij wel voor dat u het poeder vochtig maakt zodat uw huisdier het hier van het voer afblaast.<\/p>\r\n<table style=\"\" border=\"1\">\r\n<thead>\r\n<tr>\r\n<td colspan=\"2\">\r\n<p style=\"text-align: center;\"><b>Dosering (1 maatschep = 0,5 gram)<\/b><\/p>\r\n<\/td>\r\n<\/tr>\r\n<tr>\r\n<td>\r\n<p><b>Dier &nbsp; &nbsp; &nbsp; &nbsp; &nbsp; &nbsp; &nbsp; &nbsp; &nbsp; &nbsp; &nbsp; &nbsp; &nbsp;<\/b><\/p>\r\n<\/td>\r\n<td>\r\n<p><b>Aantal maatscheppen (1-2 &nbsp;x per dag)<\/b><\/p>\r\n<\/td>\r\n<\/tr>\r\n<tr>\r\n<td>\r\n<p>Hond&nbsp; &gt; 25 kg<\/p>\r\n<\/td>\r\n<td>\r\n<p>3 maatscheppen<\/p>\r\n<\/td>\r\n<\/tr>\r\n<tr>\r\n<td>\r\n<p>Hond 10-25 kg<\/p>\r\n<\/td>\r\n<td>\r\n<p>2 maatscheppen<\/p>\r\n<\/td>\r\n<\/tr>\r\n<tr>\r\n<td>\r\n<p>Kat + Hond &lt; 10 kg<\/p>\r\n<\/td>\r\n<td>\r\n<p>1 maatschep<\/p>\r\n<\/td>\r\n<\/tr>\r\n<\/thead>\r\n<\/table>\r\n<p style=\"text-align: justify;\">De verpakking bevat 150 gr.&nbsp;<\/p>","_fr_post_name":"puur-weerstand-resistentia","_fr_post_excerpt":"","_fr_post_title":"PUUR Weerstand - Resistentia | 150 gr","_es_post_content":"<p>PUUR Resistencia es un suplemento alimenticio que ayuda a su perro o gato a mejorar su resistencia. El producto estimula el sistema inmunol\u00f3gico y protege las c\u00e9lulas sanas. El producto ayuda a su mascota a recuperarse m\u00e1s r\u00e1pido despu\u00e9s de una enfermedad o cuando su mascota ha estado demasiado cansada.<\/p>\r\n<p>Puedes mezclar PUUR Resistance \/ Resistia a trav\u00e9s de la comida de su perro o gato. Aseg\u00farate de humedecer el polvo para que su mascota lo sople de la comida aqu\u00ed.<\/p>\r\n<table style=\"\" border=\"1\">\r\n<thead>\r\n<tr>\r\n<td colspan=\"2\">\r\n<p style=\"text-align: center;\"><strong>Dosis (1 cuchara dosificadora = 0,5 gramo)<\/strong><\/p>\r\n<\/td>\r\n<\/tr>\r\n<tr>\r\n<td>\r\n<p><strong>Animal \u00a0 \u00a0 \u00a0 \u00a0 \u00a0 \u00a0 \u00a0 \u00a0 \u00a0 \u00a0 \u00a0 \u00a0 \u00a0<\/strong><\/p>\r\n<\/td>\r\n<td>\r\n<p><strong>Cucharas dosificadoras (1-2 x por d\u00eda)<\/strong><\/p>\r\n<\/td>\r\n<\/tr>\r\n<tr>\r\n<td>\r\n<p>Perros\u00a0 &gt; 25 kg<\/p>\r\n<\/td>\r\n<td>\r\n<p>3 cucharas dosificadoras<\/p>\r\n<\/td>\r\n<\/tr>\r\n<tr>\r\n<td>\r\n<p>Perros 10-25 kg<\/p>\r\n<\/td>\r\n<td>\r\n<p>2 cucharas dosificadoras<\/p>\r\n<\/td>\r\n<\/tr>\r\n<tr>\r\n<td>\r\n<p>Gatos y perros &lt; 10 kg<\/p>\r\n<\/td>\r\n<td>\r\n<p>1 cuchara dosificadora<\/p>\r\n<\/td>\r\n<\/tr>\r\n<\/thead>\r\n<\/table>\r\n<p style=\"text-align: justify;\">150 gramos de polvo.\u00a0<\/p>","_es_post_name":"puur-resistencia-perros-gatos","_es_post_excerpt":"","_es_post_title":"PUUR Resistencia | 150 gramos","edit_language":"nl"},"product_brand":[],"product_cat":[1117,2014,2013,1118,1871,1839,1857,1950],"product_tag":[],"class_list":{"0":"post-117531","1":"product","2":"type-product","3":"status-publish","4":"has-post-thumbnail","6":"product_cat-honden","7":"product_cat-immuunsysteem-weerstand","9":"product_cat-katten","10":"product_cat-medicijnen-supplementen","12":"product_cat-merken","13":"product_cat-puur","14":"pa_aandoening-overig","15":"pa_doeldier-hond","16":"pa_doeldier-kat","17":"pa_fabricatieland-nederland","18":"pa_merkfilter-puur","19":"pa_merkgroep-nml","20":"pa_productsoort-overig","21":"pa_seo_canonical_store_id-not_found_value","22":"pa_seo_category-not_found_value","23":"pa_seo_meta_robots-not_found_value","24":"pa_toedieningswijze-poeder","25":"pa_unit_pricing_base_measure-100g","26":"pa_unit_pricing_measure-150g","27":"pa_werkzamestof-overig","29":"first","30":"instock","31":"taxable","32":"shipping-taxable","33":"purchasable","34":"product-type-simple"},"yoast_head":"<!-- This site is optimized with the Yoast SEO plugin v27.5 - https:\/\/yoast.com\/product\/yoast-seo-wordpress\/ -->\n<title>PUUR Weerstand - Resistentia | 150 gr - Pharmacy4pets<\/title>\n<meta name=\"robots\" content=\"index, follow, max-snippet:-1, max-image-preview:large, max-video-preview:-1\" \/>\n<link rel=\"canonical\" href=\"https:\/\/p4p-nl.bootmine.com\/%product-slug%\/puur-weerstand-resistentia\" \/>\n<meta property=\"og:locale\" content=\"nl_NL\" \/>\n<meta property=\"og:type\" content=\"article\" \/>\n<meta property=\"og:title\" content=\"PUUR Weerstand - Resistentia | 150 gr - Pharmacy4pets\" \/>\n<meta property=\"og:description\" content=\"PUUR Weerstand &#8211; Resistentia is een aanvullende diervoeding die uw hond of kat helpt de weerstand te verbeteren. Het product stimuleert het immuunsysteem en beschermd hierbij gezonde cellen. Het product helpt uw huisdier sneller te herstellen na een ziekte, of wanneer uw huisdier oververmoeid is geweest. U kunt PUUR Weerstand \/ Resistentia door het voer [&hellip;]\" \/>\n<meta property=\"og:url\" content=\"https:\/\/p4p-nl.bootmine.com\/%product-slug%\/puur-weerstand-resistentia\" \/>\n<meta property=\"og:site_name\" content=\"Pharmacy4pets\" \/>\n<meta property=\"article:publisher\" content=\"https:\/\/www.facebook.com\/people\/Pharmacy4petsnl\/100063484989896\/\" \/>\n<meta property=\"article:modified_time\" content=\"2026-04-14T08:02:15+00:00\" \/>\n<meta property=\"og:image\" content=\"https:\/\/p4p-nl.bootmine.com\/wp-content\/uploads\/2016\/12\/19768.jpg\" \/>\n\t<meta property=\"og:image:width\" content=\"310\" \/>\n\t<meta property=\"og:image:height\" content=\"310\" \/>\n\t<meta property=\"og:image:type\" content=\"image\/jpeg\" \/>\n<meta name=\"twitter:card\" content=\"summary_large_image\" \/>\n<meta name=\"twitter:label1\" content=\"Geschatte leestijd\" \/>\n\t<meta name=\"twitter:data1\" content=\"1 minuut\" \/>\n<script type=\"application\/ld+json\" class=\"yoast-schema-graph\">{\"@context\":\"https:\\\/\\\/schema.org\",\"@graph\":[{\"@type\":\"WebPage\",\"@id\":\"https:\\\/\\\/p4p-nl.bootmine.com\\\/%product-slug%\\\/puur-weerstand-resistentia\",\"url\":\"https:\\\/\\\/p4p-nl.bootmine.com\\\/%product-slug%\\\/puur-weerstand-resistentia\",\"name\":\"PUUR Weerstand - Resistentia | 150 gr - Pharmacy4pets\",\"isPartOf\":{\"@id\":\"http:\\\/\\\/www.pharmacy4pets.nl\\\/#website\"},\"primaryImageOfPage\":{\"@id\":\"https:\\\/\\\/p4p-nl.bootmine.com\\\/%product-slug%\\\/puur-weerstand-resistentia#primaryimage\"},\"image\":{\"@id\":\"https:\\\/\\\/p4p-nl.bootmine.com\\\/%product-slug%\\\/puur-weerstand-resistentia#primaryimage\"},\"thumbnailUrl\":\"https:\\\/\\\/www.pharmacy4pets.nl\\\/wp-content\\\/uploads\\\/2016\\\/12\\\/19768.jpg\",\"datePublished\":\"2016-12-08T14:45:24+00:00\",\"dateModified\":\"2026-04-14T08:02:15+00:00\",\"breadcrumb\":{\"@id\":\"https:\\\/\\\/p4p-nl.bootmine.com\\\/%product-slug%\\\/puur-weerstand-resistentia#breadcrumb\"},\"inLanguage\":\"nl-NL\",\"potentialAction\":[{\"@type\":\"ReadAction\",\"target\":[\"https:\\\/\\\/p4p-nl.bootmine.com\\\/%product-slug%\\\/puur-weerstand-resistentia\"]}]},{\"@type\":\"ImageObject\",\"inLanguage\":\"nl-NL\",\"@id\":\"https:\\\/\\\/p4p-nl.bootmine.com\\\/%product-slug%\\\/puur-weerstand-resistentia#primaryimage\",\"url\":\"https:\\\/\\\/www.pharmacy4pets.nl\\\/wp-content\\\/uploads\\\/2016\\\/12\\\/19768.jpg\",\"contentUrl\":\"https:\\\/\\\/www.pharmacy4pets.nl\\\/wp-content\\\/uploads\\\/2016\\\/12\\\/19768.jpg\",\"width\":310,\"height\":310,\"caption\":\"PUUR\"},{\"@type\":\"BreadcrumbList\",\"@id\":\"https:\\\/\\\/p4p-nl.bootmine.com\\\/%product-slug%\\\/puur-weerstand-resistentia#breadcrumb\",\"itemListElement\":[{\"@type\":\"ListItem\",\"position\":1,\"name\":\"Home\",\"item\":\"https:\\\/\\\/p4p-nl.bootmine.com\\\/\"},{\"@type\":\"ListItem\",\"position\":2,\"name\":\"Winkel\",\"item\":\"https:\\\/\\\/p4p-nl.bootmine.com\\\/winkel\"},{\"@type\":\"ListItem\",\"position\":3,\"name\":\"PUUR Weerstand &#8211; Resistentia | 150 gr\"}]},{\"@type\":\"WebSite\",\"@id\":\"http:\\\/\\\/www.pharmacy4pets.nl\\\/#website\",\"url\":\"http:\\\/\\\/www.pharmacy4pets.nl\\\/\",\"name\":\"Pharmacy4pets\",\"description\":\"Pharmacy4pets.nl is d\u00e9 online apotheek waar u terecht kunt voor alle diergeneesmiddelen, verzorgingsproducten en dieetvoeding voor uw huisdier.\",\"publisher\":{\"@id\":\"http:\\\/\\\/www.pharmacy4pets.nl\\\/#organization\"},\"potentialAction\":[{\"@type\":\"SearchAction\",\"target\":{\"@type\":\"EntryPoint\",\"urlTemplate\":\"http:\\\/\\\/www.pharmacy4pets.nl\\\/?s={search_term_string}\"},\"query-input\":{\"@type\":\"PropertyValueSpecification\",\"valueRequired\":true,\"valueName\":\"search_term_string\"}}],\"inLanguage\":\"nl-NL\"},{\"@type\":\"Organization\",\"@id\":\"http:\\\/\\\/www.pharmacy4pets.nl\\\/#organization\",\"name\":\"Pharmacy4pets\",\"url\":\"http:\\\/\\\/www.pharmacy4pets.nl\\\/\",\"logo\":{\"@type\":\"ImageObject\",\"inLanguage\":\"nl-NL\",\"@id\":\"http:\\\/\\\/www.pharmacy4pets.nl\\\/#\\\/schema\\\/logo\\\/image\\\/\",\"url\":\"https:\\\/\\\/p4p-nl.bootmine.com\\\/wp-content\\\/uploads\\\/2026\\\/03\\\/logo-pharmacy4pets.png\",\"contentUrl\":\"https:\\\/\\\/p4p-nl.bootmine.com\\\/wp-content\\\/uploads\\\/2026\\\/03\\\/logo-pharmacy4pets.png\",\"width\":1024,\"height\":135,\"caption\":\"Pharmacy4pets\"},\"image\":{\"@id\":\"http:\\\/\\\/www.pharmacy4pets.nl\\\/#\\\/schema\\\/logo\\\/image\\\/\"},\"sameAs\":[\"https:\\\/\\\/www.facebook.com\\\/people\\\/Pharmacy4petsnl\\\/100063484989896\\\/\",\"https:\\\/\\\/www.youtube.com\\\/channel\\\/UCGPTIgucgli03tP2_kvLkHg\\\/featured\",\"https:\\\/\\\/www.instagram.com\\\/pharmacy4pets.nl\"]}]}<\/script>\n<!-- \/ Yoast SEO plugin. -->","yoast_head_json":{"title":"PUUR Weerstand - Resistentia | 150 gr - Pharmacy4pets","robots":{"index":"index","follow":"follow","max-snippet":"max-snippet:-1","max-image-preview":"max-image-preview:large","max-video-preview":"max-video-preview:-1"},"canonical":"https:\/\/p4p-nl.bootmine.com\/%product-slug%\/puur-weerstand-resistentia","og_locale":"nl_NL","og_type":"article","og_title":"PUUR Weerstand - Resistentia | 150 gr - Pharmacy4pets","og_description":"PUUR Weerstand &#8211; Resistentia is een aanvullende diervoeding die uw hond of kat helpt de weerstand te verbeteren. Het product stimuleert het immuunsysteem en beschermd hierbij gezonde cellen. Het product helpt uw huisdier sneller te herstellen na een ziekte, of wanneer uw huisdier oververmoeid is geweest. U kunt PUUR Weerstand \/ Resistentia door het voer [&hellip;]","og_url":"https:\/\/p4p-nl.bootmine.com\/%product-slug%\/puur-weerstand-resistentia","og_site_name":"Pharmacy4pets","article_publisher":"https:\/\/www.facebook.com\/people\/Pharmacy4petsnl\/100063484989896\/","article_modified_time":"2026-04-14T08:02:15+00:00","og_image":[{"width":310,"height":310,"url":"https:\/\/p4p-nl.bootmine.com\/wp-content\/uploads\/2016\/12\/19768.jpg","type":"image\/jpeg"}],"twitter_card":"summary_large_image","twitter_misc":{"Geschatte leestijd":"1 minuut"},"schema":{"@context":"https:\/\/schema.org","@graph":[{"@type":"WebPage","@id":"https:\/\/p4p-nl.bootmine.com\/%product-slug%\/puur-weerstand-resistentia","url":"https:\/\/p4p-nl.bootmine.com\/%product-slug%\/puur-weerstand-resistentia","name":"PUUR Weerstand - Resistentia | 150 gr - Pharmacy4pets","isPartOf":{"@id":"http:\/\/www.pharmacy4pets.nl\/#website"},"primaryImageOfPage":{"@id":"https:\/\/p4p-nl.bootmine.com\/%product-slug%\/puur-weerstand-resistentia#primaryimage"},"image":{"@id":"https:\/\/p4p-nl.bootmine.com\/%product-slug%\/puur-weerstand-resistentia#primaryimage"},"thumbnailUrl":"https:\/\/www.pharmacy4pets.nl\/wp-content\/uploads\/2016\/12\/19768.jpg","datePublished":"2016-12-08T14:45:24+00:00","dateModified":"2026-04-14T08:02:15+00:00","breadcrumb":{"@id":"https:\/\/p4p-nl.bootmine.com\/%product-slug%\/puur-weerstand-resistentia#breadcrumb"},"inLanguage":"nl-NL","potentialAction":[{"@type":"ReadAction","target":["https:\/\/p4p-nl.bootmine.com\/%product-slug%\/puur-weerstand-resistentia"]}]},{"@type":"ImageObject","inLanguage":"nl-NL","@id":"https:\/\/p4p-nl.bootmine.com\/%product-slug%\/puur-weerstand-resistentia#primaryimage","url":"https:\/\/www.pharmacy4pets.nl\/wp-content\/uploads\/2016\/12\/19768.jpg","contentUrl":"https:\/\/www.pharmacy4pets.nl\/wp-content\/uploads\/2016\/12\/19768.jpg","width":310,"height":310,"caption":"PUUR"},{"@type":"BreadcrumbList","@id":"https:\/\/p4p-nl.bootmine.com\/%product-slug%\/puur-weerstand-resistentia#breadcrumb","itemListElement":[{"@type":"ListItem","position":1,"name":"Home","item":"https:\/\/p4p-nl.bootmine.com\/"},{"@type":"ListItem","position":2,"name":"Winkel","item":"https:\/\/p4p-nl.bootmine.com\/winkel"},{"@type":"ListItem","position":3,"name":"PUUR Weerstand &#8211; Resistentia | 150 gr"}]},{"@type":"WebSite","@id":"http:\/\/www.pharmacy4pets.nl\/#website","url":"http:\/\/www.pharmacy4pets.nl\/","name":"Pharmacy4pets","description":"Pharmacy4pets.nl is d\u00e9 online apotheek waar u terecht kunt voor alle diergeneesmiddelen, verzorgingsproducten en dieetvoeding voor uw huisdier.","publisher":{"@id":"http:\/\/www.pharmacy4pets.nl\/#organization"},"potentialAction":[{"@type":"SearchAction","target":{"@type":"EntryPoint","urlTemplate":"http:\/\/www.pharmacy4pets.nl\/?s={search_term_string}"},"query-input":{"@type":"PropertyValueSpecification","valueRequired":true,"valueName":"search_term_string"}}],"inLanguage":"nl-NL"},{"@type":"Organization","@id":"http:\/\/www.pharmacy4pets.nl\/#organization","name":"Pharmacy4pets","url":"http:\/\/www.pharmacy4pets.nl\/","logo":{"@type":"ImageObject","inLanguage":"nl-NL","@id":"http:\/\/www.pharmacy4pets.nl\/#\/schema\/logo\/image\/","url":"https:\/\/p4p-nl.bootmine.com\/wp-content\/uploads\/2026\/03\/logo-pharmacy4pets.png","contentUrl":"https:\/\/p4p-nl.bootmine.com\/wp-content\/uploads\/2026\/03\/logo-pharmacy4pets.png","width":1024,"height":135,"caption":"Pharmacy4pets"},"image":{"@id":"http:\/\/www.pharmacy4pets.nl\/#\/schema\/logo\/image\/"},"sameAs":["https:\/\/www.facebook.com\/people\/Pharmacy4petsnl\/100063484989896\/","https:\/\/www.youtube.com\/channel\/UCGPTIgucgli03tP2_kvLkHg\/featured","https:\/\/www.instagram.com\/pharmacy4pets.nl"]}]}},"market_data":{"nl":{"price":0,"sale_price":0,"active":false,"url":null,"parent_url":"","tax_rate":0,"price_inc_tax":0,"sale_price_inc_tax":0},"de":{"price":0,"sale_price":0,"active":false,"url":null,"parent_url":"","tax_rate":0,"price_inc_tax":0,"sale_price_inc_tax":0},"be":{"price":0,"sale_price":0,"active":false,"url":null,"parent_url":"","tax_rate":0,"price_inc_tax":0,"sale_price_inc_tax":0},"fr":{"price":0,"sale_price":0,"active":false,"url":null,"parent_url":"","tax_rate":0,"price_inc_tax":0,"sale_price_inc_tax":0},"ch":{"price":0,"sale_price":0,"active":false,"url":null,"parent_url":"","tax_rate":0,"price_inc_tax":0,"sale_price_inc_tax":0},"at":{"price":0,"sale_price":0,"active":false,"url":null,"parent_url":"","tax_rate":0,"price_inc_tax":0,"sale_price_inc_tax":0},"es":{"price":0,"sale_price":0,"active":false,"url":null,"parent_url":"","tax_rate":0,"price_inc_tax":0,"sale_price_inc_tax":0},"dk":{"price":0,"sale_price":0,"active":false,"url":null,"parent_url":"","tax_rate":0,"price_inc_tax":0,"sale_price_inc_tax":0},"com":{"price":0,"sale_price":0,"active":false,"url":null,"parent_url":"","tax_rate":0,"price_inc_tax":0,"sale_price_inc_tax":0}},"market_nl_price":0,"market_nl_sale_price":0,"market_nl_active":false,"market_nl_url":null,"market_nl_parent_url":"","market_nl_tax_rate":0,"market_nl_price_inc_tax":0,"market_nl_sale_price_inc_tax":0,"market_de_price":0,"market_de_sale_price":0,"market_de_active":false,"market_de_url":null,"market_de_parent_url":"","market_de_tax_rate":0,"market_de_price_inc_tax":0,"market_de_sale_price_inc_tax":0,"market_be_price":0,"market_be_sale_price":0,"market_be_active":false,"market_be_url":null,"market_be_parent_url":"","market_be_tax_rate":0,"market_be_price_inc_tax":0,"market_be_sale_price_inc_tax":0,"market_fr_price":0,"market_fr_sale_price":0,"market_fr_active":false,"market_fr_url":null,"market_fr_parent_url":"","market_fr_tax_rate":0,"market_fr_price_inc_tax":0,"market_fr_sale_price_inc_tax":0,"market_ch_price":0,"market_ch_sale_price":0,"market_ch_active":false,"market_ch_url":null,"market_ch_parent_url":"","market_ch_tax_rate":0,"market_ch_price_inc_tax":0,"market_ch_sale_price_inc_tax":0,"market_at_price":0,"market_at_sale_price":0,"market_at_active":false,"market_at_url":null,"market_at_parent_url":"","market_at_tax_rate":0,"market_at_price_inc_tax":0,"market_at_sale_price_inc_tax":0,"market_es_price":0,"market_es_sale_price":0,"market_es_active":false,"market_es_url":null,"market_es_parent_url":"","market_es_tax_rate":0,"market_es_price_inc_tax":0,"market_es_sale_price_inc_tax":0,"market_dk_price":0,"market_dk_sale_price":0,"market_dk_active":false,"market_dk_url":null,"market_dk_parent_url":"","market_dk_tax_rate":0,"market_dk_price_inc_tax":0,"market_dk_sale_price_inc_tax":0,"market_com_price":0,"market_com_sale_price":0,"market_com_active":false,"market_com_url":null,"market_com_parent_url":"","market_com_tax_rate":0,"market_com_price_inc_tax":0,"market_com_sale_price_inc_tax":0,"acf":[],"_links":{"self":[{"href":"https:\/\/www.pharmacy4pets.nl\/be\/wp-json\/wp\/v2\/product\/117531","targetHints":{"allow":["GET"]}}],"collection":[{"href":"https:\/\/www.pharmacy4pets.nl\/be\/wp-json\/wp\/v2\/product"}],"about":[{"href":"https:\/\/www.pharmacy4pets.nl\/be\/wp-json\/wp\/v2\/types\/product"}],"replies":[{"embeddable":true,"href":"https:\/\/www.pharmacy4pets.nl\/be\/wp-json\/wp\/v2\/comments?post=117531"}],"wp:featuredmedia":[{"embeddable":true,"href":"https:\/\/www.pharmacy4pets.nl\/be\/wp-json\/wp\/v2\/media\/117526"}],"wp:attachment":[{"href":"https:\/\/www.pharmacy4pets.nl\/be\/wp-json\/wp\/v2\/media?parent=117531"}],"wp:term":[{"taxonomy":"product_brand","embeddable":true,"href":"https:\/\/www.pharmacy4pets.nl\/be\/wp-json\/wp\/v2\/product_brand?post=117531"},{"taxonomy":"product_cat","embeddable":true,"href":"https:\/\/www.pharmacy4pets.nl\/be\/wp-json\/wp\/v2\/product_cat?post=117531"},{"taxonomy":"product_tag","embeddable":true,"href":"https:\/\/www.pharmacy4pets.nl\/be\/wp-json\/wp\/v2\/product_tag?post=117531"}],"curies":[{"name":"wp","href":"https:\/\/api.w.org\/{rel}","templated":true}]}}