{"id":117525,"date":"2016-12-08T14:01:25","date_gmt":"2016-12-08T14:01:25","guid":{"rendered":"https:\/\/p4p.test\/puur-calendula-zalf-2"},"modified":"2026-04-14T08:02:14","modified_gmt":"2026-04-14T08:02:14","slug":"puur-calendula-zalf","status":"publish","type":"product","link":"https:\/\/www.pharmacy4pets.nl\/be\/puur-calendula-zalf","title":{"rendered":"PUUR Calendula zalf  | 50 ml"},"content":{"rendered":"<p style=\"text-align: justify;\">PUUR Calendula zalf is een speciale zalf voor honden, katten en paarden. De zalf ondersteunt het herstel van de beschadigde huid en littekenweefsel. Daarnaast beschermt de gel tegen schuren, likken en krabben.<\/p>\n<p style=\"text-align: justify;\">U dient de zalf 2 tot 3 maal daags op de beschadigde huid aan te brengen.<\/p>\n<p style=\"text-align: justify;\">De verpakking bevat 50 ml.<\/p>\n","protected":false},"excerpt":{"rendered":"<p>PUUR Calendula zalf is een speciale zalf voor honden, katten en paarden. De zalf ondersteunt het herstel van de beschadigde huid en littekenweefsel. Daarnaast beschermt de gel tegen schuren, likken en krabben. U dient de zalf 2 tot 3 maal daags op de beschadigde huid aan te brengen. De verpakking bevat 50 ml.<\/p>\n","protected":false},"featured_media":117522,"comment_status":"open","ping_status":"closed","template":"","meta":{"_acf_changed":false,"_nl_post_content":"<p style=\"text-align: justify;\">PUUR Calendula zalf is een speciale zalf voor honden, katten en paarden. De zalf ondersteunt het herstel van de beschadigde huid en littekenweefsel. Daarnaast beschermt de gel tegen schuren, likken en krabben.<\/p>\n<p style=\"text-align: justify;\">U dient de zalf 2 tot 3 maal daags op de beschadigde huid aan te brengen.<\/p>\n<p style=\"text-align: justify;\">De verpakking bevat 50 ml.<\/p>","_nl_post_name":"puur-calendula-zalf","_nl_post_excerpt":"","_nl_post_title":"PUUR Calendula zalf  | 50 ml","_en_post_content":"<p style=\"text-align: justify;\">PUUR Calendula Cream is a special wound cream for dogs, cats and horses. The cream supports the recovery of skindamages, wounds an scartissue. Is also protects the wound agains, licking, rubbing and scratching.<\/p>\r\n<p style=\"text-align: justify;\">U need to apply the cream 2 or 3 times a day directly on to the wound.<\/p>\r\n<p style=\"text-align: justify;\">The package contains 50 ml.<\/p>","_en_post_name":"puur-calendula-zalf","_en_post_excerpt":"","_en_post_title":"PUUR Calendula cream | 50 ml","_de_post_content":"<p>PUUR Calendula Salbe ist ein spezielle Salbe f&uuml;r Hunde, Katzen und Pferden welche den Heilungsprozess der gesch&auml;digter Haut unterst&uuml;tzt. Dar&uuml;ber hinaus sch&uuml;tzt die Salbe vor Abrieb, lecken und kratzen.<\/p>\r\n<p>Sie mussen 2 bis 3 mal pro Tag die Salbe auf die Wundoberfl&auml;che aufbringen.<\/p>\r\n<p style=\"text-align: justify;\">Die Verpackung enth&auml;lt 50 ml.&nbsp;<\/p>","_de_post_name":"puur-calendula-zalf","_de_post_excerpt":"","_de_post_title":"PUUR Calendula Salbe | 50 ml","_fr_post_content":"<p style=\"text-align: justify;\">PUUR Calendula zalf is een speciale zalf voor honden, katten en paarden. De zalf ondersteunt het herstel van de beschadigde huid en littekenweefsel. Daarnaast beschermt de gel tegen schuren, likken en krabben.<\/p>\n<p style=\"text-align: justify;\">U dient de zalf 2 tot 3 maal daags op de beschadigde huid aan te brengen.<\/p>\n<p style=\"text-align: justify;\">De verpakking bevat 50 ml.<\/p>","_fr_post_name":"puur-calendula-zalf","_fr_post_excerpt":"","_fr_post_title":"PUUR Calendula zalf  | 50 ml","_es_post_content":"<p>La crema de cal\u00e9ndula PUUR es una pomada especial para heridas de perros, gatos y caballos. La crema apoya la recuperaci\u00f3n de da\u00f1os en la piel, heridas y tejido cicatricial. Adem\u00e1s, el gel protege contra rozaduras, lamidas y ara\u00f1azos.<\/p>\r\n<p>Debes aplicar la pomada sobre la herida de 2 a 3 veces al d\u00eda.<\/p>\r\n<p>El paquete contiene 50 ml.<\/p>","_es_post_name":"puur-crema-de-calendula","_es_post_excerpt":"","_es_post_title":"PUUR Crema de cal\u00e9ndula | 50 ml","edit_language":"nl"},"product_brand":[],"product_cat":[1891,1820,1861,1892,1821,1862,1117,1118,1839,1857,1809,1855,1950],"product_tag":[],"class_list":{"0":"post-117525","1":"product","2":"type-product","3":"status-publish","4":"has-post-thumbnail","6":"product_cat-benodigdheden","9":"product_cat-ehbo","12":"product_cat-honden","13":"product_cat-katten","14":"product_cat-medicijnen-supplementen","15":"product_cat-merken","16":"product_cat-paarden","17":"product_cat-pijn-ontsteking","18":"product_cat-puur","19":"pa_aandoening-wond_ehbo","20":"pa_doeldier-ezel","21":"pa_doeldier-hond","22":"pa_doeldier-kat","23":"pa_doeldier-paard","24":"pa_fabricatieland-nederland","25":"pa_merkfilter-puur","26":"pa_merkgroep-nml","27":"pa_productsoort-overig","28":"pa_seo_canonical_store_id-not_found_value","29":"pa_seo_category-not_found_value","30":"pa_seo_meta_robots-not_found_value","31":"pa_toedieningswijze-zalf","32":"pa_unit_pricing_base_measure-10ml","33":"pa_unit_pricing_measure-50ml","34":"pa_werkzamestof-overig","36":"first","37":"instock","38":"taxable","39":"shipping-taxable","40":"purchasable","41":"product-type-simple"},"yoast_head":"<!-- This site is optimized with the Yoast SEO plugin v27.5 - https:\/\/yoast.com\/product\/yoast-seo-wordpress\/ -->\n<title>PUUR Calendula zalf | 50 ml - Pharmacy4pets<\/title>\n<meta name=\"robots\" content=\"index, follow, max-snippet:-1, max-image-preview:large, max-video-preview:-1\" \/>\n<link rel=\"canonical\" href=\"https:\/\/p4p-nl.bootmine.com\/%product-slug%\/puur-calendula-zalf\" \/>\n<meta property=\"og:locale\" content=\"nl_NL\" \/>\n<meta property=\"og:type\" content=\"article\" \/>\n<meta property=\"og:title\" content=\"PUUR Calendula zalf | 50 ml - Pharmacy4pets\" \/>\n<meta property=\"og:description\" content=\"PUUR Calendula zalf is een speciale zalf voor honden, katten en paarden. De zalf ondersteunt het herstel van de beschadigde huid en littekenweefsel. Daarnaast beschermt de gel tegen schuren, likken en krabben. U dient de zalf 2 tot 3 maal daags op de beschadigde huid aan te brengen. De verpakking bevat 50 ml.\" \/>\n<meta property=\"og:url\" content=\"https:\/\/p4p-nl.bootmine.com\/%product-slug%\/puur-calendula-zalf\" \/>\n<meta property=\"og:site_name\" content=\"Pharmacy4pets\" \/>\n<meta property=\"article:publisher\" content=\"https:\/\/www.facebook.com\/people\/Pharmacy4petsnl\/100063484989896\/\" \/>\n<meta property=\"article:modified_time\" content=\"2026-04-14T08:02:14+00:00\" \/>\n<meta property=\"og:image\" content=\"https:\/\/p4p-nl.bootmine.com\/wp-content\/uploads\/2016\/12\/puur-calendula-zalf.jpg\" \/>\n\t<meta property=\"og:image:width\" content=\"600\" \/>\n\t<meta property=\"og:image:height\" content=\"600\" \/>\n\t<meta property=\"og:image:type\" content=\"image\/jpeg\" \/>\n<meta name=\"twitter:card\" content=\"summary_large_image\" \/>\n<script type=\"application\/ld+json\" class=\"yoast-schema-graph\">{\"@context\":\"https:\\\/\\\/schema.org\",\"@graph\":[{\"@type\":\"WebPage\",\"@id\":\"https:\\\/\\\/p4p-nl.bootmine.com\\\/%product-slug%\\\/puur-calendula-zalf\",\"url\":\"https:\\\/\\\/p4p-nl.bootmine.com\\\/%product-slug%\\\/puur-calendula-zalf\",\"name\":\"PUUR Calendula zalf | 50 ml - Pharmacy4pets\",\"isPartOf\":{\"@id\":\"http:\\\/\\\/www.pharmacy4pets.nl\\\/#website\"},\"primaryImageOfPage\":{\"@id\":\"https:\\\/\\\/p4p-nl.bootmine.com\\\/%product-slug%\\\/puur-calendula-zalf#primaryimage\"},\"image\":{\"@id\":\"https:\\\/\\\/p4p-nl.bootmine.com\\\/%product-slug%\\\/puur-calendula-zalf#primaryimage\"},\"thumbnailUrl\":\"https:\\\/\\\/www.pharmacy4pets.nl\\\/wp-content\\\/uploads\\\/2016\\\/12\\\/puur-calendula-zalf.jpg\",\"datePublished\":\"2016-12-08T14:01:25+00:00\",\"dateModified\":\"2026-04-14T08:02:14+00:00\",\"breadcrumb\":{\"@id\":\"https:\\\/\\\/p4p-nl.bootmine.com\\\/%product-slug%\\\/puur-calendula-zalf#breadcrumb\"},\"inLanguage\":\"nl-NL\",\"potentialAction\":[{\"@type\":\"ReadAction\",\"target\":[\"https:\\\/\\\/p4p-nl.bootmine.com\\\/%product-slug%\\\/puur-calendula-zalf\"]}]},{\"@type\":\"ImageObject\",\"inLanguage\":\"nl-NL\",\"@id\":\"https:\\\/\\\/p4p-nl.bootmine.com\\\/%product-slug%\\\/puur-calendula-zalf#primaryimage\",\"url\":\"https:\\\/\\\/www.pharmacy4pets.nl\\\/wp-content\\\/uploads\\\/2016\\\/12\\\/puur-calendula-zalf.jpg\",\"contentUrl\":\"https:\\\/\\\/www.pharmacy4pets.nl\\\/wp-content\\\/uploads\\\/2016\\\/12\\\/puur-calendula-zalf.jpg\",\"width\":600,\"height\":600,\"caption\":\"PUUR\"},{\"@type\":\"BreadcrumbList\",\"@id\":\"https:\\\/\\\/p4p-nl.bootmine.com\\\/%product-slug%\\\/puur-calendula-zalf#breadcrumb\",\"itemListElement\":[{\"@type\":\"ListItem\",\"position\":1,\"name\":\"Home\",\"item\":\"https:\\\/\\\/p4p-nl.bootmine.com\\\/\"},{\"@type\":\"ListItem\",\"position\":2,\"name\":\"Winkel\",\"item\":\"https:\\\/\\\/p4p-nl.bootmine.com\\\/winkel\"},{\"@type\":\"ListItem\",\"position\":3,\"name\":\"PUUR Calendula zalf | 50 ml\"}]},{\"@type\":\"WebSite\",\"@id\":\"http:\\\/\\\/www.pharmacy4pets.nl\\\/#website\",\"url\":\"http:\\\/\\\/www.pharmacy4pets.nl\\\/\",\"name\":\"Pharmacy4pets\",\"description\":\"Pharmacy4pets.nl is d\u00e9 online apotheek waar u terecht kunt voor alle diergeneesmiddelen, verzorgingsproducten en dieetvoeding voor uw huisdier.\",\"publisher\":{\"@id\":\"http:\\\/\\\/www.pharmacy4pets.nl\\\/#organization\"},\"potentialAction\":[{\"@type\":\"SearchAction\",\"target\":{\"@type\":\"EntryPoint\",\"urlTemplate\":\"http:\\\/\\\/www.pharmacy4pets.nl\\\/?s={search_term_string}\"},\"query-input\":{\"@type\":\"PropertyValueSpecification\",\"valueRequired\":true,\"valueName\":\"search_term_string\"}}],\"inLanguage\":\"nl-NL\"},{\"@type\":\"Organization\",\"@id\":\"http:\\\/\\\/www.pharmacy4pets.nl\\\/#organization\",\"name\":\"Pharmacy4pets\",\"url\":\"http:\\\/\\\/www.pharmacy4pets.nl\\\/\",\"logo\":{\"@type\":\"ImageObject\",\"inLanguage\":\"nl-NL\",\"@id\":\"http:\\\/\\\/www.pharmacy4pets.nl\\\/#\\\/schema\\\/logo\\\/image\\\/\",\"url\":\"https:\\\/\\\/p4p-nl.bootmine.com\\\/wp-content\\\/uploads\\\/2026\\\/03\\\/logo-pharmacy4pets.png\",\"contentUrl\":\"https:\\\/\\\/p4p-nl.bootmine.com\\\/wp-content\\\/uploads\\\/2026\\\/03\\\/logo-pharmacy4pets.png\",\"width\":1024,\"height\":135,\"caption\":\"Pharmacy4pets\"},\"image\":{\"@id\":\"http:\\\/\\\/www.pharmacy4pets.nl\\\/#\\\/schema\\\/logo\\\/image\\\/\"},\"sameAs\":[\"https:\\\/\\\/www.facebook.com\\\/people\\\/Pharmacy4petsnl\\\/100063484989896\\\/\",\"https:\\\/\\\/www.youtube.com\\\/channel\\\/UCGPTIgucgli03tP2_kvLkHg\\\/featured\",\"https:\\\/\\\/www.instagram.com\\\/pharmacy4pets.nl\"]}]}<\/script>\n<!-- \/ Yoast SEO plugin. -->","yoast_head_json":{"title":"PUUR Calendula zalf | 50 ml - Pharmacy4pets","robots":{"index":"index","follow":"follow","max-snippet":"max-snippet:-1","max-image-preview":"max-image-preview:large","max-video-preview":"max-video-preview:-1"},"canonical":"https:\/\/p4p-nl.bootmine.com\/%product-slug%\/puur-calendula-zalf","og_locale":"nl_NL","og_type":"article","og_title":"PUUR Calendula zalf | 50 ml - Pharmacy4pets","og_description":"PUUR Calendula zalf is een speciale zalf voor honden, katten en paarden. De zalf ondersteunt het herstel van de beschadigde huid en littekenweefsel. Daarnaast beschermt de gel tegen schuren, likken en krabben. U dient de zalf 2 tot 3 maal daags op de beschadigde huid aan te brengen. De verpakking bevat 50 ml.","og_url":"https:\/\/p4p-nl.bootmine.com\/%product-slug%\/puur-calendula-zalf","og_site_name":"Pharmacy4pets","article_publisher":"https:\/\/www.facebook.com\/people\/Pharmacy4petsnl\/100063484989896\/","article_modified_time":"2026-04-14T08:02:14+00:00","og_image":[{"width":600,"height":600,"url":"https:\/\/p4p-nl.bootmine.com\/wp-content\/uploads\/2016\/12\/puur-calendula-zalf.jpg","type":"image\/jpeg"}],"twitter_card":"summary_large_image","schema":{"@context":"https:\/\/schema.org","@graph":[{"@type":"WebPage","@id":"https:\/\/p4p-nl.bootmine.com\/%product-slug%\/puur-calendula-zalf","url":"https:\/\/p4p-nl.bootmine.com\/%product-slug%\/puur-calendula-zalf","name":"PUUR Calendula zalf | 50 ml - Pharmacy4pets","isPartOf":{"@id":"http:\/\/www.pharmacy4pets.nl\/#website"},"primaryImageOfPage":{"@id":"https:\/\/p4p-nl.bootmine.com\/%product-slug%\/puur-calendula-zalf#primaryimage"},"image":{"@id":"https:\/\/p4p-nl.bootmine.com\/%product-slug%\/puur-calendula-zalf#primaryimage"},"thumbnailUrl":"https:\/\/www.pharmacy4pets.nl\/wp-content\/uploads\/2016\/12\/puur-calendula-zalf.jpg","datePublished":"2016-12-08T14:01:25+00:00","dateModified":"2026-04-14T08:02:14+00:00","breadcrumb":{"@id":"https:\/\/p4p-nl.bootmine.com\/%product-slug%\/puur-calendula-zalf#breadcrumb"},"inLanguage":"nl-NL","potentialAction":[{"@type":"ReadAction","target":["https:\/\/p4p-nl.bootmine.com\/%product-slug%\/puur-calendula-zalf"]}]},{"@type":"ImageObject","inLanguage":"nl-NL","@id":"https:\/\/p4p-nl.bootmine.com\/%product-slug%\/puur-calendula-zalf#primaryimage","url":"https:\/\/www.pharmacy4pets.nl\/wp-content\/uploads\/2016\/12\/puur-calendula-zalf.jpg","contentUrl":"https:\/\/www.pharmacy4pets.nl\/wp-content\/uploads\/2016\/12\/puur-calendula-zalf.jpg","width":600,"height":600,"caption":"PUUR"},{"@type":"BreadcrumbList","@id":"https:\/\/p4p-nl.bootmine.com\/%product-slug%\/puur-calendula-zalf#breadcrumb","itemListElement":[{"@type":"ListItem","position":1,"name":"Home","item":"https:\/\/p4p-nl.bootmine.com\/"},{"@type":"ListItem","position":2,"name":"Winkel","item":"https:\/\/p4p-nl.bootmine.com\/winkel"},{"@type":"ListItem","position":3,"name":"PUUR Calendula zalf | 50 ml"}]},{"@type":"WebSite","@id":"http:\/\/www.pharmacy4pets.nl\/#website","url":"http:\/\/www.pharmacy4pets.nl\/","name":"Pharmacy4pets","description":"Pharmacy4pets.nl is d\u00e9 online apotheek waar u terecht kunt voor alle diergeneesmiddelen, verzorgingsproducten en dieetvoeding voor uw huisdier.","publisher":{"@id":"http:\/\/www.pharmacy4pets.nl\/#organization"},"potentialAction":[{"@type":"SearchAction","target":{"@type":"EntryPoint","urlTemplate":"http:\/\/www.pharmacy4pets.nl\/?s={search_term_string}"},"query-input":{"@type":"PropertyValueSpecification","valueRequired":true,"valueName":"search_term_string"}}],"inLanguage":"nl-NL"},{"@type":"Organization","@id":"http:\/\/www.pharmacy4pets.nl\/#organization","name":"Pharmacy4pets","url":"http:\/\/www.pharmacy4pets.nl\/","logo":{"@type":"ImageObject","inLanguage":"nl-NL","@id":"http:\/\/www.pharmacy4pets.nl\/#\/schema\/logo\/image\/","url":"https:\/\/p4p-nl.bootmine.com\/wp-content\/uploads\/2026\/03\/logo-pharmacy4pets.png","contentUrl":"https:\/\/p4p-nl.bootmine.com\/wp-content\/uploads\/2026\/03\/logo-pharmacy4pets.png","width":1024,"height":135,"caption":"Pharmacy4pets"},"image":{"@id":"http:\/\/www.pharmacy4pets.nl\/#\/schema\/logo\/image\/"},"sameAs":["https:\/\/www.facebook.com\/people\/Pharmacy4petsnl\/100063484989896\/","https:\/\/www.youtube.com\/channel\/UCGPTIgucgli03tP2_kvLkHg\/featured","https:\/\/www.instagram.com\/pharmacy4pets.nl"]}]}},"market_data":{"nl":{"price":0,"sale_price":0,"active":false,"url":null,"parent_url":"","tax_rate":0,"price_inc_tax":0,"sale_price_inc_tax":0},"de":{"price":0,"sale_price":0,"active":false,"url":null,"parent_url":"","tax_rate":0,"price_inc_tax":0,"sale_price_inc_tax":0},"be":{"price":0,"sale_price":0,"active":false,"url":null,"parent_url":"","tax_rate":0,"price_inc_tax":0,"sale_price_inc_tax":0},"fr":{"price":0,"sale_price":0,"active":false,"url":null,"parent_url":"","tax_rate":0,"price_inc_tax":0,"sale_price_inc_tax":0},"ch":{"price":0,"sale_price":0,"active":false,"url":null,"parent_url":"","tax_rate":0,"price_inc_tax":0,"sale_price_inc_tax":0},"at":{"price":0,"sale_price":0,"active":false,"url":null,"parent_url":"","tax_rate":0,"price_inc_tax":0,"sale_price_inc_tax":0},"es":{"price":0,"sale_price":0,"active":false,"url":null,"parent_url":"","tax_rate":0,"price_inc_tax":0,"sale_price_inc_tax":0},"dk":{"price":0,"sale_price":0,"active":false,"url":null,"parent_url":"","tax_rate":0,"price_inc_tax":0,"sale_price_inc_tax":0},"com":{"price":0,"sale_price":0,"active":false,"url":null,"parent_url":"","tax_rate":0,"price_inc_tax":0,"sale_price_inc_tax":0}},"market_nl_price":0,"market_nl_sale_price":0,"market_nl_active":false,"market_nl_url":null,"market_nl_parent_url":"","market_nl_tax_rate":0,"market_nl_price_inc_tax":0,"market_nl_sale_price_inc_tax":0,"market_de_price":0,"market_de_sale_price":0,"market_de_active":false,"market_de_url":null,"market_de_parent_url":"","market_de_tax_rate":0,"market_de_price_inc_tax":0,"market_de_sale_price_inc_tax":0,"market_be_price":0,"market_be_sale_price":0,"market_be_active":false,"market_be_url":null,"market_be_parent_url":"","market_be_tax_rate":0,"market_be_price_inc_tax":0,"market_be_sale_price_inc_tax":0,"market_fr_price":0,"market_fr_sale_price":0,"market_fr_active":false,"market_fr_url":null,"market_fr_parent_url":"","market_fr_tax_rate":0,"market_fr_price_inc_tax":0,"market_fr_sale_price_inc_tax":0,"market_ch_price":0,"market_ch_sale_price":0,"market_ch_active":false,"market_ch_url":null,"market_ch_parent_url":"","market_ch_tax_rate":0,"market_ch_price_inc_tax":0,"market_ch_sale_price_inc_tax":0,"market_at_price":0,"market_at_sale_price":0,"market_at_active":false,"market_at_url":null,"market_at_parent_url":"","market_at_tax_rate":0,"market_at_price_inc_tax":0,"market_at_sale_price_inc_tax":0,"market_es_price":0,"market_es_sale_price":0,"market_es_active":false,"market_es_url":null,"market_es_parent_url":"","market_es_tax_rate":0,"market_es_price_inc_tax":0,"market_es_sale_price_inc_tax":0,"market_dk_price":0,"market_dk_sale_price":0,"market_dk_active":false,"market_dk_url":null,"market_dk_parent_url":"","market_dk_tax_rate":0,"market_dk_price_inc_tax":0,"market_dk_sale_price_inc_tax":0,"market_com_price":0,"market_com_sale_price":0,"market_com_active":false,"market_com_url":null,"market_com_parent_url":"","market_com_tax_rate":0,"market_com_price_inc_tax":0,"market_com_sale_price_inc_tax":0,"acf":[],"_links":{"self":[{"href":"https:\/\/www.pharmacy4pets.nl\/be\/wp-json\/wp\/v2\/product\/117525","targetHints":{"allow":["GET"]}}],"collection":[{"href":"https:\/\/www.pharmacy4pets.nl\/be\/wp-json\/wp\/v2\/product"}],"about":[{"href":"https:\/\/www.pharmacy4pets.nl\/be\/wp-json\/wp\/v2\/types\/product"}],"replies":[{"embeddable":true,"href":"https:\/\/www.pharmacy4pets.nl\/be\/wp-json\/wp\/v2\/comments?post=117525"}],"wp:featuredmedia":[{"embeddable":true,"href":"https:\/\/www.pharmacy4pets.nl\/be\/wp-json\/wp\/v2\/media\/117522"}],"wp:attachment":[{"href":"https:\/\/www.pharmacy4pets.nl\/be\/wp-json\/wp\/v2\/media?parent=117525"}],"wp:term":[{"taxonomy":"product_brand","embeddable":true,"href":"https:\/\/www.pharmacy4pets.nl\/be\/wp-json\/wp\/v2\/product_brand?post=117525"},{"taxonomy":"product_cat","embeddable":true,"href":"https:\/\/www.pharmacy4pets.nl\/be\/wp-json\/wp\/v2\/product_cat?post=117525"},{"taxonomy":"product_tag","embeddable":true,"href":"https:\/\/www.pharmacy4pets.nl\/be\/wp-json\/wp\/v2\/product_tag?post=117525"}],"curies":[{"name":"wp","href":"https:\/\/api.w.org\/{rel}","templated":true}]}}