{"id":117517,"date":"2016-12-08T13:48:51","date_gmt":"2016-12-08T13:48:51","guid":{"rendered":"https:\/\/p4p.test\/puur-tranquil"},"modified":"2026-04-14T08:02:14","modified_gmt":"2026-04-14T08:02:14","slug":"puur-tranquil","status":"publish","type":"product","link":"https:\/\/www.pharmacy4pets.nl\/be\/puur-tranquil","title":{"rendered":"PUUR Tranquil | 75 gr"},"content":{"rendered":"<p style=\"text-align: justify;\">PUUR Tranquil helpt uw hond of kat te ontspannen voor een langere periode. Het product kalmeert uw huisdier zonder dat deze minder alert wordt. PUUR Tranquil bevat verschillende kruiden en mineralen die er voor zorgen dat uw huisdier zich veiliger voelt. U kunt dit product bijvoorbeeld gebruiken wanneer uw hond of kat bang is voor vuurwerk.<\/p>\n<p style=\"text-align: justify;\">U kunt PUUR Tranquil door het voer van uw hond mengen. Zorg er hierbij wel voor dat u het poeder vochtig maakt zodat uw huisdier het hier van het voer afblaast.<\/p>\n<table style=\"\" border=\"1\">\n<thead>\n<tr>\n<td colspan=\"2\">\n<p style=\"text-align: center;\"><strong>Dosering (1 maatschep = 1 gram)<\/strong><\/p>\n<\/td>\n<\/tr>\n<tr>\n<td>\n<p><strong>Dier \u00a0 \u00a0 \u00a0 \u00a0 \u00a0 \u00a0 \u00a0 \u00a0 \u00a0 \u00a0 \u00a0 \u00a0 \u00a0<\/strong><\/p>\n<\/td>\n<td>\n<p><strong>Aantal maatscheppen (1-2 \u00a0x per dag)<\/strong><\/p>\n<\/td>\n<\/tr>\n<tr>\n<td>\n<p>Hond\u00a0 &gt; 25 kg<\/p>\n<\/td>\n<td>\n<p>3 maatscheppen<\/p>\n<\/td>\n<\/tr>\n<tr>\n<td>\n<p>Hond 10-25 kg<\/p>\n<\/td>\n<td>\n<p>2 maatscheppen<\/p>\n<\/td>\n<\/tr>\n<tr>\n<td>\n<p>Kat + Hond &lt; 10 kg<\/p>\n<\/td>\n<td>\n<p>1 maatschep<\/p>\n<\/td>\n<\/tr>\n<\/thead>\n<\/table>\n<p style=\"text-align: justify;\">De verpakking bevat 75 gr.\u00a0<\/p>\n","protected":false},"excerpt":{"rendered":"<p>PUUR Tranquil helpt uw hond of kat te ontspannen voor een langere periode. Het product kalmeert uw huisdier zonder dat deze minder alert wordt. PUUR Tranquil bevat verschillende kruiden en mineralen die er voor zorgen dat uw huisdier zich veiliger voelt. U kunt dit product bijvoorbeeld gebruiken wanneer uw hond of kat bang is voor [&hellip;]<\/p>\n","protected":false},"featured_media":117516,"comment_status":"open","ping_status":"closed","template":"","meta":{"_acf_changed":false,"_nl_post_content":"<p style=\"text-align: justify;\">PUUR Tranquil helpt uw hond of kat te ontspannen voor een langere periode. Het product kalmeert uw huisdier zonder dat deze minder alert wordt. PUUR Tranquil bevat verschillende kruiden en mineralen die er voor zorgen dat uw huisdier zich veiliger voelt. U kunt dit product bijvoorbeeld gebruiken wanneer uw hond of kat bang is voor vuurwerk.<\/p>\r\n<p style=\"text-align: justify;\">U kunt PUUR Tranquil door het voer van uw hond mengen. Zorg er hierbij wel voor dat u het poeder vochtig maakt zodat uw huisdier het hier van het voer afblaast.<\/p>\r\n<table style=\"\" border=\"1\">\r\n<thead>\r\n<tr>\r\n<td colspan=\"2\">\r\n<p style=\"text-align: center;\"><strong>Dosering (1 maatschep = 1 gram)<\/strong><\/p>\r\n<\/td>\r\n<\/tr>\r\n<tr>\r\n<td>\r\n<p><strong>Dier \u00a0 \u00a0 \u00a0 \u00a0 \u00a0 \u00a0 \u00a0 \u00a0 \u00a0 \u00a0 \u00a0 \u00a0 \u00a0<\/strong><\/p>\r\n<\/td>\r\n<td>\r\n<p><strong>Aantal maatscheppen (1-2 \u00a0x per dag)<\/strong><\/p>\r\n<\/td>\r\n<\/tr>\r\n<tr>\r\n<td>\r\n<p>Hond\u00a0 &gt; 25 kg<\/p>\r\n<\/td>\r\n<td>\r\n<p>3 maatscheppen<\/p>\r\n<\/td>\r\n<\/tr>\r\n<tr>\r\n<td>\r\n<p>Hond 10-25 kg<\/p>\r\n<\/td>\r\n<td>\r\n<p>2 maatscheppen<\/p>\r\n<\/td>\r\n<\/tr>\r\n<tr>\r\n<td>\r\n<p>Kat + Hond &lt; 10 kg<\/p>\r\n<\/td>\r\n<td>\r\n<p>1 maatschep<\/p>\r\n<\/td>\r\n<\/tr>\r\n<\/thead>\r\n<\/table>\r\n<p style=\"text-align: justify;\">De verpakking bevat 75 gr.\u00a0<\/p>","_nl_post_name":"puur-tranquil","_nl_post_excerpt":"","_nl_post_title":"PUUR Tranquil | 75 gr","_en_post_content":"<p style=\"text-align: justify;\">PUUR Tranquil helps your dog or cat to relax during a longer period of time. The product calms your pet without lowering his awareness. PUUR Tranquil contains different herbs and an minerals that make sure that your pets feels safer. U can use this product when your cat or dog is afraid of thunder or fireworks.<\/p>\r\n<p style=\"text-align: justify;\">U can mix PUUR Tranquil through the food of your dog or cat. Make sure that the powder is a bit wet, so you pet cannot blow the powder out of his bowl.<\/p>\r\n<table style=\"\" border=\"1\">\r\n<thead>\r\n<tr>\r\n<td colspan=\"2\">\r\n<p style=\"text-align: center;\"><strong>Dosage (1 Scoop = 1 gram)<\/strong><\/p>\r\n<\/td>\r\n<\/tr>\r\n<tr>\r\n<td>\r\n<p><strong>Animal\u00a0 \u00a0 \u00a0 \u00a0 \u00a0 \u00a0\u00a0 \u00a0 \u00a0 \u00a0 \u00a0 \u00a0<\/strong><\/p>\r\n<\/td>\r\n<td>\r\n<p><strong>Number of scoops (1-2 \u00a0x per day)<\/strong><\/p>\r\n<\/td>\r\n<\/tr>\r\n<tr>\r\n<td>\r\n<p>Dog &gt; 25 kg<\/p>\r\n<\/td>\r\n<td>\r\n<p>3 scoops<\/p>\r\n<\/td>\r\n<\/tr>\r\n<tr>\r\n<td>\r\n<p>Dog 10-25 kg<\/p>\r\n<\/td>\r\n<td>\r\n<p>2 scoops<\/p>\r\n<\/td>\r\n<\/tr>\r\n<tr>\r\n<td>\r\n<p>Cat + Dog &lt; 10 kg<\/p>\r\n<\/td>\r\n<td>\r\n<p>1 scoop<\/p>\r\n<\/td>\r\n<\/tr>\r\n<\/thead>\r\n<\/table>\r\n<p style=\"text-align: justify;\"><strong>\u00a0<\/strong>The package contains 75 gr.<\/p>","_en_post_name":"puur-tranquil","_en_post_excerpt":"","_en_post_title":"PUUR Tranquil | 75 gr","_de_post_content":"<p style=\"text-align: justify;\">PUUR Tranquil hilft Ihre Hund oder Katze mehr ruhe und tranquility zu finden. Es wirkt beruhigend, aber es vermindert der Aufmerksamkeit nicht. PUUR Tranquil enth\u00e4lt verschiedene Mineralien und Kr\u00e4utern die ein enstpannende Wirkung haben.<\/p>\r\n<p style=\"text-align: justify;\">Sie k\u00f6nnen die PUUR Tranquil mengen mit das Futter. Beachten Sie das Sie das Pulver ein bischen anfeuchten. Dann blasen die tieren das nicht auf den Sch\u00fcssel.<\/p>\r\n<table border=\"1\">\r\n<thead>\r\n<tr>\r\n<td colspan=\"2\">\r\n<p style=\"text-align: center;\"><strong>Doserung (1 Messl\u00f6ffel = 1 Gramm)<\/strong><\/p>\r\n<\/td>\r\n<\/tr>\r\n<tr>\r\n<td>\r\n<p><strong>Tier\u00a0 \u00a0 \u00a0 \u00a0 \u00a0 \u00a0 \u00a0 \u00a0 \u00a0 \u00a0 \u00a0 \u00a0\u00a0<\/strong><\/p>\r\n<\/td>\r\n<td>\r\n<p><strong>Anzahl Messl\u00f6ffel (1-2 x pro Tag)<\/strong><\/p>\r\n<\/td>\r\n<\/tr>\r\n<tr>\r\n<td>\r\n<p>Hund &gt; 25 kg<\/p>\r\n<\/td>\r\n<td>\r\n<p>3 Messl\u00f6ffel<\/p>\r\n<\/td>\r\n<\/tr>\r\n<tr>\r\n<td>\r\n<p>Hund 10-25 kg<\/p>\r\n<\/td>\r\n<td>\r\n<p>2 \u00a0Messl\u00f6ffel<\/p>\r\n<\/td>\r\n<\/tr>\r\n<tr>\r\n<td>\r\n<p>Katze + Hund &lt; 10 kg<\/p>\r\n<\/td>\r\n<td>\r\n<p>1 Messl\u00f6ffel<\/p>\r\n<\/td>\r\n<\/tr>\r\n<\/thead>\r\n<\/table>\r\n<p style=\"text-align: justify;\">Die Verpackung enth\u00e4lt 75 gr.<\/p>","_de_post_name":"puur-tranquil","_de_post_excerpt":"","_de_post_title":"PUUR Tranquil | 75 gr","_fr_post_content":"<p style=\"text-align: justify;\">PUUR Tranquil helpt uw hond of kat te ontspannen voor een langere periode. Het product kalmeert uw huisdier zonder dat deze minder alert wordt. PUUR Tranquil bevat verschillende kruiden en mineralen die er voor zorgen dat uw huisdier zich veiliger voelt. U kunt dit product bijvoorbeeld gebruiken wanneer uw hond of kat bang is voor vuurwerk.<\/p>\r\n<p style=\"text-align: justify;\">U kunt PUUR Tranquil door het voer van uw hond mengen. Zorg er hierbij wel voor dat u het poeder vochtig maakt zodat uw huisdier het hier van het voer afblaast.<\/p>\r\n<table style=\"\" border=\"1\">\r\n<thead>\r\n<tr>\r\n<td colspan=\"2\">\r\n<p style=\"text-align: center;\"><strong>Dosering (1 maatschep = 1 gram)<\/strong><\/p>\r\n<\/td>\r\n<\/tr>\r\n<tr>\r\n<td>\r\n<p><strong>Dier \u00a0 \u00a0 \u00a0 \u00a0 \u00a0 \u00a0 \u00a0 \u00a0 \u00a0 \u00a0 \u00a0 \u00a0 \u00a0<\/strong><\/p>\r\n<\/td>\r\n<td>\r\n<p><strong>Aantal maatscheppen (1-2 \u00a0x per dag)<\/strong><\/p>\r\n<\/td>\r\n<\/tr>\r\n<tr>\r\n<td>\r\n<p>Hond\u00a0 &gt; 25 kg<\/p>\r\n<\/td>\r\n<td>\r\n<p>3 maatscheppen<\/p>\r\n<\/td>\r\n<\/tr>\r\n<tr>\r\n<td>\r\n<p>Hond 10-25 kg<\/p>\r\n<\/td>\r\n<td>\r\n<p>2 maatscheppen<\/p>\r\n<\/td>\r\n<\/tr>\r\n<tr>\r\n<td>\r\n<p>Kat + Hond &lt; 10 kg<\/p>\r\n<\/td>\r\n<td>\r\n<p>1 maatschep<\/p>\r\n<\/td>\r\n<\/tr>\r\n<\/thead>\r\n<\/table>\r\n<p style=\"text-align: justify;\">De verpakking bevat 75 gr.\u00a0<\/p>","_fr_post_name":"puur-tranquil","_fr_post_excerpt":"","_fr_post_title":"PUUR Tranquil | 75 gr","_es_post_content":"<p>PUUR Tranquil ayuda a su perro o gato a relajarse durante m\u00e1s tiempo. Este suplemento alimenticio calma a su mascota sin que est\u00e9 menos alerta. PUUR Tranquil contiene diversas hierbas y minerales que aseguran que su mascota se sienta m\u00e1s segura. Puedes utilizar este producto, por ejemplo, si su perro o gato tiene miedo a los fuegos artificiales.<\/p>\r\n<p>Puedes mezclar PUUR Tranquil con la comida de su perro o gato. Aseg\u00farate de humedecer el polvo para que su mascota lo sople de la comida aqu\u00ed.<\/p>\r\n<table style=\"\" border=\"1\">\r\n<thead>\r\n<tr>\r\n<td colspan=\"2\">\r\n<p style=\"text-align: center;\"><strong>Dosis (1 cuchara dosificadora = 1 gramo)<\/strong><\/p>\r\n<\/td>\r\n<\/tr>\r\n<tr>\r\n<td>\r\n<p><strong>Animal \u00a0 \u00a0 \u00a0 \u00a0 \u00a0 \u00a0 \u00a0 \u00a0 \u00a0 \u00a0 \u00a0 \u00a0 \u00a0<\/strong><\/p>\r\n<\/td>\r\n<td>\r\n<p><strong>Cucharas dosificadoras (1-2 \u00a0x por d\u00eda)<\/strong><\/p>\r\n<\/td>\r\n<\/tr>\r\n<tr>\r\n<td>\r\n<p>Perros\u00a0 &gt; 25 kg<\/p>\r\n<\/td>\r\n<td>\r\n<p>3 cucharas dosificadoras<\/p>\r\n<\/td>\r\n<\/tr>\r\n<tr>\r\n<td>\r\n<p>Perros 10-25 kg<\/p>\r\n<\/td>\r\n<td>\r\n<p>2 cucharas dosificadoras<\/p>\r\n<\/td>\r\n<\/tr>\r\n<tr>\r\n<td>\r\n<p>Gatos y perros &lt; 10 kg<\/p>\r\n<\/td>\r\n<td>\r\n<p>1 cuchara dosificadora<\/p>\r\n<\/td>\r\n<\/tr>\r\n<\/thead>\r\n<\/table>\r\n<p style=\"text-align: justify;\">75 gramos de polvo.\u00a0<\/p>","_es_post_name":"puur-tranquil","_es_post_excerpt":"","_es_post_title":"PUUR Tranquil | 75 gramos","edit_language":"nl"},"product_brand":[],"product_cat":[2001,1984,1117,1118,1871,1839,1857,1950,1854,1885],"product_tag":[],"class_list":{"0":"post-117517","1":"product","2":"type-product","3":"status-publish","4":"has-post-thumbnail","6":"product_cat-angst-stress","8":"product_cat-honden","9":"product_cat-katten","10":"product_cat-medicijnen-supplementen","12":"product_cat-merken","13":"product_cat-puur","14":"product_cat-zenuwstelsel","16":"pa_aandoening-gedrag","17":"pa_doeldier-hond","18":"pa_doeldier-kat","19":"pa_fabricatieland-nederland","20":"pa_merkfilter-puur","21":"pa_merkgroep-nml","22":"pa_productsoort-overig","23":"pa_seo_canonical_store_id-not_found_value","24":"pa_seo_category-not_found_value","25":"pa_seo_meta_robots-not_found_value","26":"pa_toedieningswijze-poeder","27":"pa_unit_pricing_base_measure-10g","28":"pa_unit_pricing_measure-75g","29":"pa_werkzamestof-overig","31":"first","32":"instock","33":"taxable","34":"shipping-taxable","35":"purchasable","36":"product-type-simple"},"yoast_head":"<!-- This site is optimized with the Yoast SEO plugin v27.5 - https:\/\/yoast.com\/product\/yoast-seo-wordpress\/ -->\n<title>PUUR Tranquil | 75 gr - Pharmacy4pets<\/title>\n<meta name=\"robots\" content=\"index, follow, max-snippet:-1, max-image-preview:large, max-video-preview:-1\" \/>\n<link rel=\"canonical\" href=\"https:\/\/p4p-nl.bootmine.com\/%product-slug%\/puur-tranquil\" \/>\n<meta property=\"og:locale\" content=\"nl_NL\" \/>\n<meta property=\"og:type\" content=\"article\" \/>\n<meta property=\"og:title\" content=\"PUUR Tranquil | 75 gr - Pharmacy4pets\" \/>\n<meta property=\"og:description\" content=\"PUUR Tranquil helpt uw hond of kat te ontspannen voor een langere periode. Het product kalmeert uw huisdier zonder dat deze minder alert wordt. PUUR Tranquil bevat verschillende kruiden en mineralen die er voor zorgen dat uw huisdier zich veiliger voelt. U kunt dit product bijvoorbeeld gebruiken wanneer uw hond of kat bang is voor [&hellip;]\" \/>\n<meta property=\"og:url\" content=\"https:\/\/p4p-nl.bootmine.com\/%product-slug%\/puur-tranquil\" \/>\n<meta property=\"og:site_name\" content=\"Pharmacy4pets\" \/>\n<meta property=\"article:publisher\" content=\"https:\/\/www.facebook.com\/people\/Pharmacy4petsnl\/100063484989896\/\" \/>\n<meta property=\"article:modified_time\" content=\"2026-04-14T08:02:14+00:00\" \/>\n<meta property=\"og:image\" content=\"https:\/\/p4p-nl.bootmine.com\/wp-content\/uploads\/2016\/12\/puur-tranquil.jpg\" \/>\n\t<meta property=\"og:image:width\" content=\"600\" \/>\n\t<meta property=\"og:image:height\" content=\"600\" \/>\n\t<meta property=\"og:image:type\" content=\"image\/jpeg\" \/>\n<meta name=\"twitter:card\" content=\"summary_large_image\" \/>\n<meta name=\"twitter:label1\" content=\"Geschatte leestijd\" \/>\n\t<meta name=\"twitter:data1\" content=\"1 minuut\" \/>\n<script type=\"application\/ld+json\" class=\"yoast-schema-graph\">{\"@context\":\"https:\\\/\\\/schema.org\",\"@graph\":[{\"@type\":\"WebPage\",\"@id\":\"https:\\\/\\\/p4p-nl.bootmine.com\\\/%product-slug%\\\/puur-tranquil\",\"url\":\"https:\\\/\\\/p4p-nl.bootmine.com\\\/%product-slug%\\\/puur-tranquil\",\"name\":\"PUUR Tranquil | 75 gr - Pharmacy4pets\",\"isPartOf\":{\"@id\":\"http:\\\/\\\/www.pharmacy4pets.nl\\\/#website\"},\"primaryImageOfPage\":{\"@id\":\"https:\\\/\\\/p4p-nl.bootmine.com\\\/%product-slug%\\\/puur-tranquil#primaryimage\"},\"image\":{\"@id\":\"https:\\\/\\\/p4p-nl.bootmine.com\\\/%product-slug%\\\/puur-tranquil#primaryimage\"},\"thumbnailUrl\":\"https:\\\/\\\/www.pharmacy4pets.nl\\\/wp-content\\\/uploads\\\/2016\\\/12\\\/puur-tranquil.jpg\",\"datePublished\":\"2016-12-08T13:48:51+00:00\",\"dateModified\":\"2026-04-14T08:02:14+00:00\",\"breadcrumb\":{\"@id\":\"https:\\\/\\\/p4p-nl.bootmine.com\\\/%product-slug%\\\/puur-tranquil#breadcrumb\"},\"inLanguage\":\"nl-NL\",\"potentialAction\":[{\"@type\":\"ReadAction\",\"target\":[\"https:\\\/\\\/p4p-nl.bootmine.com\\\/%product-slug%\\\/puur-tranquil\"]}]},{\"@type\":\"ImageObject\",\"inLanguage\":\"nl-NL\",\"@id\":\"https:\\\/\\\/p4p-nl.bootmine.com\\\/%product-slug%\\\/puur-tranquil#primaryimage\",\"url\":\"https:\\\/\\\/www.pharmacy4pets.nl\\\/wp-content\\\/uploads\\\/2016\\\/12\\\/puur-tranquil.jpg\",\"contentUrl\":\"https:\\\/\\\/www.pharmacy4pets.nl\\\/wp-content\\\/uploads\\\/2016\\\/12\\\/puur-tranquil.jpg\",\"width\":600,\"height\":600,\"caption\":\"PUUR Tranquil\"},{\"@type\":\"BreadcrumbList\",\"@id\":\"https:\\\/\\\/p4p-nl.bootmine.com\\\/%product-slug%\\\/puur-tranquil#breadcrumb\",\"itemListElement\":[{\"@type\":\"ListItem\",\"position\":1,\"name\":\"Home\",\"item\":\"https:\\\/\\\/p4p-nl.bootmine.com\\\/\"},{\"@type\":\"ListItem\",\"position\":2,\"name\":\"Winkel\",\"item\":\"https:\\\/\\\/p4p-nl.bootmine.com\\\/winkel\"},{\"@type\":\"ListItem\",\"position\":3,\"name\":\"PUUR Tranquil | 75 gr\"}]},{\"@type\":\"WebSite\",\"@id\":\"http:\\\/\\\/www.pharmacy4pets.nl\\\/#website\",\"url\":\"http:\\\/\\\/www.pharmacy4pets.nl\\\/\",\"name\":\"Pharmacy4pets\",\"description\":\"Pharmacy4pets.nl is d\u00e9 online apotheek waar u terecht kunt voor alle diergeneesmiddelen, verzorgingsproducten en dieetvoeding voor uw huisdier.\",\"publisher\":{\"@id\":\"http:\\\/\\\/www.pharmacy4pets.nl\\\/#organization\"},\"potentialAction\":[{\"@type\":\"SearchAction\",\"target\":{\"@type\":\"EntryPoint\",\"urlTemplate\":\"http:\\\/\\\/www.pharmacy4pets.nl\\\/?s={search_term_string}\"},\"query-input\":{\"@type\":\"PropertyValueSpecification\",\"valueRequired\":true,\"valueName\":\"search_term_string\"}}],\"inLanguage\":\"nl-NL\"},{\"@type\":\"Organization\",\"@id\":\"http:\\\/\\\/www.pharmacy4pets.nl\\\/#organization\",\"name\":\"Pharmacy4pets\",\"url\":\"http:\\\/\\\/www.pharmacy4pets.nl\\\/\",\"logo\":{\"@type\":\"ImageObject\",\"inLanguage\":\"nl-NL\",\"@id\":\"http:\\\/\\\/www.pharmacy4pets.nl\\\/#\\\/schema\\\/logo\\\/image\\\/\",\"url\":\"https:\\\/\\\/p4p-nl.bootmine.com\\\/wp-content\\\/uploads\\\/2026\\\/03\\\/logo-pharmacy4pets.png\",\"contentUrl\":\"https:\\\/\\\/p4p-nl.bootmine.com\\\/wp-content\\\/uploads\\\/2026\\\/03\\\/logo-pharmacy4pets.png\",\"width\":1024,\"height\":135,\"caption\":\"Pharmacy4pets\"},\"image\":{\"@id\":\"http:\\\/\\\/www.pharmacy4pets.nl\\\/#\\\/schema\\\/logo\\\/image\\\/\"},\"sameAs\":[\"https:\\\/\\\/www.facebook.com\\\/people\\\/Pharmacy4petsnl\\\/100063484989896\\\/\",\"https:\\\/\\\/www.youtube.com\\\/channel\\\/UCGPTIgucgli03tP2_kvLkHg\\\/featured\",\"https:\\\/\\\/www.instagram.com\\\/pharmacy4pets.nl\"]}]}<\/script>\n<!-- \/ Yoast SEO plugin. -->","yoast_head_json":{"title":"PUUR Tranquil | 75 gr - Pharmacy4pets","robots":{"index":"index","follow":"follow","max-snippet":"max-snippet:-1","max-image-preview":"max-image-preview:large","max-video-preview":"max-video-preview:-1"},"canonical":"https:\/\/p4p-nl.bootmine.com\/%product-slug%\/puur-tranquil","og_locale":"nl_NL","og_type":"article","og_title":"PUUR Tranquil | 75 gr - Pharmacy4pets","og_description":"PUUR Tranquil helpt uw hond of kat te ontspannen voor een langere periode. Het product kalmeert uw huisdier zonder dat deze minder alert wordt. PUUR Tranquil bevat verschillende kruiden en mineralen die er voor zorgen dat uw huisdier zich veiliger voelt. U kunt dit product bijvoorbeeld gebruiken wanneer uw hond of kat bang is voor [&hellip;]","og_url":"https:\/\/p4p-nl.bootmine.com\/%product-slug%\/puur-tranquil","og_site_name":"Pharmacy4pets","article_publisher":"https:\/\/www.facebook.com\/people\/Pharmacy4petsnl\/100063484989896\/","article_modified_time":"2026-04-14T08:02:14+00:00","og_image":[{"width":600,"height":600,"url":"https:\/\/p4p-nl.bootmine.com\/wp-content\/uploads\/2016\/12\/puur-tranquil.jpg","type":"image\/jpeg"}],"twitter_card":"summary_large_image","twitter_misc":{"Geschatte leestijd":"1 minuut"},"schema":{"@context":"https:\/\/schema.org","@graph":[{"@type":"WebPage","@id":"https:\/\/p4p-nl.bootmine.com\/%product-slug%\/puur-tranquil","url":"https:\/\/p4p-nl.bootmine.com\/%product-slug%\/puur-tranquil","name":"PUUR Tranquil | 75 gr - Pharmacy4pets","isPartOf":{"@id":"http:\/\/www.pharmacy4pets.nl\/#website"},"primaryImageOfPage":{"@id":"https:\/\/p4p-nl.bootmine.com\/%product-slug%\/puur-tranquil#primaryimage"},"image":{"@id":"https:\/\/p4p-nl.bootmine.com\/%product-slug%\/puur-tranquil#primaryimage"},"thumbnailUrl":"https:\/\/www.pharmacy4pets.nl\/wp-content\/uploads\/2016\/12\/puur-tranquil.jpg","datePublished":"2016-12-08T13:48:51+00:00","dateModified":"2026-04-14T08:02:14+00:00","breadcrumb":{"@id":"https:\/\/p4p-nl.bootmine.com\/%product-slug%\/puur-tranquil#breadcrumb"},"inLanguage":"nl-NL","potentialAction":[{"@type":"ReadAction","target":["https:\/\/p4p-nl.bootmine.com\/%product-slug%\/puur-tranquil"]}]},{"@type":"ImageObject","inLanguage":"nl-NL","@id":"https:\/\/p4p-nl.bootmine.com\/%product-slug%\/puur-tranquil#primaryimage","url":"https:\/\/www.pharmacy4pets.nl\/wp-content\/uploads\/2016\/12\/puur-tranquil.jpg","contentUrl":"https:\/\/www.pharmacy4pets.nl\/wp-content\/uploads\/2016\/12\/puur-tranquil.jpg","width":600,"height":600,"caption":"PUUR Tranquil"},{"@type":"BreadcrumbList","@id":"https:\/\/p4p-nl.bootmine.com\/%product-slug%\/puur-tranquil#breadcrumb","itemListElement":[{"@type":"ListItem","position":1,"name":"Home","item":"https:\/\/p4p-nl.bootmine.com\/"},{"@type":"ListItem","position":2,"name":"Winkel","item":"https:\/\/p4p-nl.bootmine.com\/winkel"},{"@type":"ListItem","position":3,"name":"PUUR Tranquil | 75 gr"}]},{"@type":"WebSite","@id":"http:\/\/www.pharmacy4pets.nl\/#website","url":"http:\/\/www.pharmacy4pets.nl\/","name":"Pharmacy4pets","description":"Pharmacy4pets.nl is d\u00e9 online apotheek waar u terecht kunt voor alle diergeneesmiddelen, verzorgingsproducten en dieetvoeding voor uw huisdier.","publisher":{"@id":"http:\/\/www.pharmacy4pets.nl\/#organization"},"potentialAction":[{"@type":"SearchAction","target":{"@type":"EntryPoint","urlTemplate":"http:\/\/www.pharmacy4pets.nl\/?s={search_term_string}"},"query-input":{"@type":"PropertyValueSpecification","valueRequired":true,"valueName":"search_term_string"}}],"inLanguage":"nl-NL"},{"@type":"Organization","@id":"http:\/\/www.pharmacy4pets.nl\/#organization","name":"Pharmacy4pets","url":"http:\/\/www.pharmacy4pets.nl\/","logo":{"@type":"ImageObject","inLanguage":"nl-NL","@id":"http:\/\/www.pharmacy4pets.nl\/#\/schema\/logo\/image\/","url":"https:\/\/p4p-nl.bootmine.com\/wp-content\/uploads\/2026\/03\/logo-pharmacy4pets.png","contentUrl":"https:\/\/p4p-nl.bootmine.com\/wp-content\/uploads\/2026\/03\/logo-pharmacy4pets.png","width":1024,"height":135,"caption":"Pharmacy4pets"},"image":{"@id":"http:\/\/www.pharmacy4pets.nl\/#\/schema\/logo\/image\/"},"sameAs":["https:\/\/www.facebook.com\/people\/Pharmacy4petsnl\/100063484989896\/","https:\/\/www.youtube.com\/channel\/UCGPTIgucgli03tP2_kvLkHg\/featured","https:\/\/www.instagram.com\/pharmacy4pets.nl"]}]}},"market_data":{"nl":{"price":0,"sale_price":0,"active":false,"url":null,"parent_url":"","tax_rate":0,"price_inc_tax":0,"sale_price_inc_tax":0},"de":{"price":0,"sale_price":0,"active":false,"url":null,"parent_url":"","tax_rate":0,"price_inc_tax":0,"sale_price_inc_tax":0},"be":{"price":0,"sale_price":0,"active":false,"url":null,"parent_url":"","tax_rate":0,"price_inc_tax":0,"sale_price_inc_tax":0},"fr":{"price":0,"sale_price":0,"active":false,"url":null,"parent_url":"","tax_rate":0,"price_inc_tax":0,"sale_price_inc_tax":0},"ch":{"price":0,"sale_price":0,"active":false,"url":null,"parent_url":"","tax_rate":0,"price_inc_tax":0,"sale_price_inc_tax":0},"at":{"price":0,"sale_price":0,"active":false,"url":null,"parent_url":"","tax_rate":0,"price_inc_tax":0,"sale_price_inc_tax":0},"es":{"price":0,"sale_price":0,"active":false,"url":null,"parent_url":"","tax_rate":0,"price_inc_tax":0,"sale_price_inc_tax":0},"dk":{"price":0,"sale_price":0,"active":false,"url":null,"parent_url":"","tax_rate":0,"price_inc_tax":0,"sale_price_inc_tax":0},"com":{"price":0,"sale_price":0,"active":false,"url":null,"parent_url":"","tax_rate":0,"price_inc_tax":0,"sale_price_inc_tax":0}},"market_nl_price":0,"market_nl_sale_price":0,"market_nl_active":false,"market_nl_url":null,"market_nl_parent_url":"","market_nl_tax_rate":0,"market_nl_price_inc_tax":0,"market_nl_sale_price_inc_tax":0,"market_de_price":0,"market_de_sale_price":0,"market_de_active":false,"market_de_url":null,"market_de_parent_url":"","market_de_tax_rate":0,"market_de_price_inc_tax":0,"market_de_sale_price_inc_tax":0,"market_be_price":0,"market_be_sale_price":0,"market_be_active":false,"market_be_url":null,"market_be_parent_url":"","market_be_tax_rate":0,"market_be_price_inc_tax":0,"market_be_sale_price_inc_tax":0,"market_fr_price":0,"market_fr_sale_price":0,"market_fr_active":false,"market_fr_url":null,"market_fr_parent_url":"","market_fr_tax_rate":0,"market_fr_price_inc_tax":0,"market_fr_sale_price_inc_tax":0,"market_ch_price":0,"market_ch_sale_price":0,"market_ch_active":false,"market_ch_url":null,"market_ch_parent_url":"","market_ch_tax_rate":0,"market_ch_price_inc_tax":0,"market_ch_sale_price_inc_tax":0,"market_at_price":0,"market_at_sale_price":0,"market_at_active":false,"market_at_url":null,"market_at_parent_url":"","market_at_tax_rate":0,"market_at_price_inc_tax":0,"market_at_sale_price_inc_tax":0,"market_es_price":0,"market_es_sale_price":0,"market_es_active":false,"market_es_url":null,"market_es_parent_url":"","market_es_tax_rate":0,"market_es_price_inc_tax":0,"market_es_sale_price_inc_tax":0,"market_dk_price":0,"market_dk_sale_price":0,"market_dk_active":false,"market_dk_url":null,"market_dk_parent_url":"","market_dk_tax_rate":0,"market_dk_price_inc_tax":0,"market_dk_sale_price_inc_tax":0,"market_com_price":0,"market_com_sale_price":0,"market_com_active":false,"market_com_url":null,"market_com_parent_url":"","market_com_tax_rate":0,"market_com_price_inc_tax":0,"market_com_sale_price_inc_tax":0,"acf":[],"_links":{"self":[{"href":"https:\/\/www.pharmacy4pets.nl\/be\/wp-json\/wp\/v2\/product\/117517","targetHints":{"allow":["GET"]}}],"collection":[{"href":"https:\/\/www.pharmacy4pets.nl\/be\/wp-json\/wp\/v2\/product"}],"about":[{"href":"https:\/\/www.pharmacy4pets.nl\/be\/wp-json\/wp\/v2\/types\/product"}],"replies":[{"embeddable":true,"href":"https:\/\/www.pharmacy4pets.nl\/be\/wp-json\/wp\/v2\/comments?post=117517"}],"wp:featuredmedia":[{"embeddable":true,"href":"https:\/\/www.pharmacy4pets.nl\/be\/wp-json\/wp\/v2\/media\/117516"}],"wp:attachment":[{"href":"https:\/\/www.pharmacy4pets.nl\/be\/wp-json\/wp\/v2\/media?parent=117517"}],"wp:term":[{"taxonomy":"product_brand","embeddable":true,"href":"https:\/\/www.pharmacy4pets.nl\/be\/wp-json\/wp\/v2\/product_brand?post=117517"},{"taxonomy":"product_cat","embeddable":true,"href":"https:\/\/www.pharmacy4pets.nl\/be\/wp-json\/wp\/v2\/product_cat?post=117517"},{"taxonomy":"product_tag","embeddable":true,"href":"https:\/\/www.pharmacy4pets.nl\/be\/wp-json\/wp\/v2\/product_tag?post=117517"}],"curies":[{"name":"wp","href":"https:\/\/api.w.org\/{rel}","templated":true}]}}