{"id":117487,"date":"2016-12-07T14:33:33","date_gmt":"2016-12-07T14:33:33","guid":{"rendered":"https:\/\/p4p.test\/puur-cranberry"},"modified":"2026-04-14T08:02:11","modified_gmt":"2026-04-14T08:02:11","slug":"puur-cranberry","status":"publish","type":"product","link":"https:\/\/www.pharmacy4pets.nl\/be\/puur-cranberry","title":{"rendered":"PUUR Cranberry | 90 caps"},"content":{"rendered":"<p style=\"text-align: justify;\">PUUR Cranberry is een aanvullend diervoeder bij een blaasontsteking bij uw hond of kat. Met de PUUR Cranberry gaat u ontstekingen tegen en helpt u de blaas en urinewegen van uw huisdier gezond te houden.<\/p>\n<p style=\"text-align: justify;\">U kunt het product vermengen met het eten, aangezien de capsules geopend kunnen worden. Wel is hierbij aan te raden om het poeder een beetje nat te maken, zodat dit beter in de voerbak blijft zitten. Ook kunt u de capsules vermengen met water. U dient de inhoud dan wel in de bek toe te dienen.<\/p>\n<table style=\"\" border=\"1\">\n<thead>\n<tr>\n<td colspan=\"2\">\n<p style=\"text-align: center;\"><b>Dosering <\/b><\/p>\n<\/td>\n<\/tr>\n<tr>\n<td>\n<p><b>Dier &nbsp; &nbsp; &nbsp; &nbsp; &nbsp; &nbsp; &nbsp; &nbsp; &nbsp; &nbsp; &nbsp; &nbsp; &nbsp;<\/b><\/p>\n<\/td>\n<td>\n<p><b>Aantal capsules (1 x per dag)<\/b><\/p>\n<\/td>\n<\/tr>\n<tr>\n<td>\n<p>Hond<\/p>\n<\/td>\n<td>\n<p>1 &#8211; 3 capsules<\/p>\n<\/td>\n<\/tr>\n<tr>\n<td>\n<p>Kat<\/p>\n<\/td>\n<td>\n<p>1 capsule<\/p>\n<\/td>\n<\/tr>\n<\/thead>\n<\/table>\n<p style=\"text-align: justify;\">De verpakking bevat 90 capsules.<\/p>\n","protected":false},"excerpt":{"rendered":"<p>PUUR Cranberry is een aanvullend diervoeder bij een blaasontsteking bij uw hond of kat. Met de PUUR Cranberry gaat u ontstekingen tegen en helpt u de blaas en urinewegen van uw huisdier gezond te houden. U kunt het product vermengen met het eten, aangezien de capsules geopend kunnen worden. Wel is hierbij aan te raden [&hellip;]<\/p>\n","protected":false},"featured_media":117486,"comment_status":"open","ping_status":"closed","template":"","meta":{"_acf_changed":false,"_nl_post_content":"<p style=\"text-align: justify;\">PUUR Cranberry is een aanvullend diervoeder bij een blaasontsteking bij uw hond of kat. Met de PUUR Cranberry gaat u ontstekingen tegen en helpt u de blaas en urinewegen van uw huisdier gezond te houden.<\/p>\r\n<p style=\"text-align: justify;\">U kunt het product vermengen met het eten, aangezien de capsules geopend kunnen worden. Wel is hierbij aan te raden om het poeder een beetje nat te maken, zodat dit beter in de voerbak blijft zitten. Ook kunt u de capsules vermengen met water. U dient de inhoud dan wel in de bek toe te dienen.<\/p>\r\n<table style=\"\" border=\"1\">\r\n<thead>\r\n<tr>\r\n<td colspan=\"2\">\r\n<p style=\"text-align: center;\"><b>Dosering <\/b><\/p>\r\n<\/td>\r\n<\/tr>\r\n<tr>\r\n<td>\r\n<p><b>Dier &nbsp; &nbsp; &nbsp; &nbsp; &nbsp; &nbsp; &nbsp; &nbsp; &nbsp; &nbsp; &nbsp; &nbsp; &nbsp;<\/b><\/p>\r\n<\/td>\r\n<td>\r\n<p><b>Aantal capsules (1 x per dag)<\/b><\/p>\r\n<\/td>\r\n<\/tr>\r\n<tr>\r\n<td>\r\n<p>Hond<\/p>\r\n<\/td>\r\n<td>\r\n<p>1 - 3 capsules<\/p>\r\n<\/td>\r\n<\/tr>\r\n<tr>\r\n<td>\r\n<p>Kat<\/p>\r\n<\/td>\r\n<td>\r\n<p>1 capsule<\/p>\r\n<\/td>\r\n<\/tr>\r\n<\/thead>\r\n<\/table>\r\n<p style=\"text-align: justify;\">De verpakking bevat 90 capsules.<\/p>","_nl_post_name":"puur-cranberry","_nl_post_excerpt":"","_nl_post_title":"PUUR Cranberry | 90 caps","_en_post_content":"<p style=\"text-align: justify;\">PUUR Cranberry is a complementary nutrition for when your dog, horse or cat suffers from a bladder infection.. PUUR Cranberry counteracts infections and helps keeping the bladder healthy.<\/p>\r\n<p style=\"text-align: justify;\">U can mix the capsules through the food, becaus you can open the capsules. When you open them, it is reccommended to make the powder wet, so your pet can&rsquo;t blow the powder out of his feeder. You can also mix the cacpusles with water. If you do this you need to give it directly into the mouth.<\/p>\r\n<table border=\"1\">\r\n<thead>\r\n<tr>\r\n<td colspan=\"2\">\r\n<p style=\"text-align: center;\"><b>Dosage<\/b><\/p>\r\n<\/td>\r\n<\/tr>\r\n<tr>\r\n<td>\r\n<p><b>Animal &nbsp; &nbsp; &nbsp; &nbsp; &nbsp; &nbsp; &nbsp; &nbsp; &nbsp; &nbsp; &nbsp; &nbsp;&nbsp;<\/b><\/p>\r\n<\/td>\r\n<td>\r\n<p><b>Number of capsules (1 x per day)<\/b><\/p>\r\n<\/td>\r\n<\/tr>\r\n<tr>\r\n<td>\r\n<p>Dog<\/p>\r\n<\/td>\r\n<td>\r\n<p>1 &ndash; 3 capsules<\/p>\r\n<\/td>\r\n<\/tr>\r\n<tr>\r\n<td>\r\n<p>Cat<\/p>\r\n<\/td>\r\n<td>\r\n<p>1 capsule<\/p>\r\n<\/td>\r\n<\/tr>\r\n<\/thead>\r\n<\/table>\r\n<p style=\"text-align: justify;\">&nbsp;The package contains 90 capsules.&nbsp;<\/p>","_en_post_name":"puur-cranberry","_en_post_excerpt":"","_en_post_title":"PUUR Cranberry | 90 caps","_de_post_content":"<p style=\"text-align: justify;\">PUUR Cranberry sind Cranberry pillen f\u00fcr wann Ihre Hund oder Katze ein Blasenentz\u00fcndung hat. Puur Cranberry hilft die Blase und Harnwege Ihres Haustier gesund zu halten.<\/p>\r\n<p style=\"text-align: justify;\">Sie k&ouml;nnen die Kapseln verabreichten mit dem Futter. Sie k&ouml;nnen die Kapslen daf&uuml;r &ouml;ffnen. Auch k&ouml;nnen Sie die Kapseln mit etwas Leckerem eingeben.<\/p>\r\n<table border=\"1\">\r\n<thead>\r\n<tr>\r\n<td colspan=\"2\">\r\n<p style=\"text-align: center;\"><b>Doserung <\/b><\/p>\r\n<\/td>\r\n<\/tr>\r\n<tr>\r\n<td>\r\n<p><b>Tier &nbsp; &nbsp; &nbsp; &nbsp; &nbsp; &nbsp; &nbsp; &nbsp; &nbsp; &nbsp; &nbsp; &nbsp; &nbsp;<\/b><\/p>\r\n<\/td>\r\n<td>\r\n<p><b>Anzahl Kapseln&nbsp;(1 x pro Tag)<\/b><\/p>\r\n<\/td>\r\n<\/tr>\r\n<tr>\r\n<td>\r\n<p>Hund<\/p>\r\n<\/td>\r\n<td>\r\n<p>1 &ndash; 3 Kapseln<\/p>\r\n<\/td>\r\n<\/tr>\r\n<tr>\r\n<td>\r\n<p>Katze<\/p>\r\n<\/td>\r\n<td>\r\n<p>1 Kapsel<\/p>\r\n<\/td>\r\n<\/tr>\r\n<\/thead>\r\n<\/table>\r\n<p style=\"text-align: justify;\">Die Verpackung enth&auml;lt 90 Kapseln&nbsp;<\/p>","_de_post_name":"puur-cranberry","_de_post_excerpt":"","_de_post_title":"PUUR Cranberry | 90 caps","_fr_post_content":"<p>PUUR Cranberry est un aliment compl\u00e9mentaire pour une infection de la vessie chez votre chien ou votre chat. Avec le PUUR Cranberry, vous combattez l'inflammation et aidez \u00e0 maintenir la vessie et les voies urinaires de votre animal en bonne sant\u00e9.<\/p>\n<p>Vous pouvez m\u00e9langer le produit avec de la nourriture, car les g\u00e9lules peuvent \u00eatre ouvertes. Il est conseill\u00e9 de mouiller un peu la poudre, afin qu'elle reste mieux dans le bol alimentaire. Vous pouvez \u00e9galement m\u00e9langer les g\u00e9lules avec de l'eau. Vous devez administrer le contenu dans la bouche.<\/p>\n<table border=\"1\">\n<thead>\n<tr>\n<td colspan=\"2\">\n<p style=\"text-align: center;\"><b>Dosage<\/b><\/p>\n<\/td>\n<\/tr>\n<tr>\n<td>\n<p><b>Animal\u00a0 \u00a0 \u00a0 \u00a0 \u00a0 \u00a0 \u00a0 \u00a0 \u00a0 \u00a0 \u00a0 \u00a0 \u00a0\u00a0<\/b><\/p>\n<\/td>\n<td>\n<p><b>Nombre de g\u00e9lules (1 x par jour)<\/b><\/p>\n<\/td>\n<\/tr>\n<tr>\n<td>\n<p>Chien<\/p>\n<\/td>\n<td>\n<p>1 - 3 g\u00e9lules<\/p>\n<\/td>\n<\/tr>\n<tr>\n<td>\n<p>Chat<\/p>\n<\/td>\n<td>\n<p>1 g\u00e9lule<\/p>\n<\/td>\n<\/tr>\n<\/thead>\n<\/table>\n<div class=\"lRu31\">\u00a0<\/div>\n<div class=\"lRu31\"><span class=\"HwtZe\" lang=\"fr\"><span class=\"jCAhz ChMk0b\"><span class=\"ryNqvb\">Le paquet contient 90 g\u00e9lules.<\/span><\/span><\/span><\/div>","_fr_post_name":"puur-cranberry","_fr_post_excerpt":"","_fr_post_title":"PUUR Cranberry | 90 g\u00e9lules","_es_post_content":"<p>PUUR Cranberry es un suplemento alimenticio para apoyar el tratamiento de la cistitis en su perro o gato. PUUR Cranberry ayuda a combatir la inflamaci\u00f3n y a mantener saludables la vejiga y el tracto urinario de su mascota.<\/p>\r\n<p>Puede mezclar el producto con alimentos ya que las c\u00e1psulas se pueden abrir. Es recomendable mojar un poco el polvo, para que se mantenga mejor en el bol de comida. Tambi\u00e9n puede mezclar las c\u00e1psulas con agua. A continuaci\u00f3n, debe administrar el contenido en la boca.<\/p>\r\n<table style=\"\" border=\"1\">\r\n<thead>\r\n<tr>\r\n<td colspan=\"2\">\r\n<p style=\"text-align: center;\"><strong>Dosis <\/strong><\/p>\r\n<\/td>\r\n<\/tr>\r\n<tr>\r\n<td>\r\n<p><strong>Animal \u00a0 \u00a0 \u00a0 \u00a0 \u00a0 \u00a0 \u00a0 \u00a0 \u00a0 \u00a0 \u00a0 \u00a0 \u00a0<\/strong><\/p>\r\n<\/td>\r\n<td>\r\n<p><strong>Numero de c\u00e1psulas (1 x por d\u00eda)<\/strong><\/p>\r\n<\/td>\r\n<\/tr>\r\n<tr>\r\n<td>\r\n<p>Perros<\/p>\r\n<\/td>\r\n<td>\r\n<p>1 - 3 c\u00e1psulas<\/p>\r\n<\/td>\r\n<\/tr>\r\n<tr>\r\n<td>\r\n<p>Gatos<\/p>\r\n<\/td>\r\n<td>\r\n<p>1 c\u00e1psula<\/p>\r\n<\/td>\r\n<\/tr>\r\n<\/thead>\r\n<\/table>\r\n<p style=\"text-align: justify;\">El paquete contiene 90 c\u00e1psulas.<\/p>","_es_post_name":"puur-cranberry","_es_post_excerpt":"","_es_post_title":"PUUR Cranberry | 90 c\u00e1psulas","edit_language":"nl"},"product_brand":[],"product_cat":[1997,1979,1117,1118,1839,1871,1857,1880,1849,1950],"product_tag":[],"class_list":{"0":"post-117487","1":"product","2":"type-product","3":"status-publish","4":"has-post-thumbnail","6":"product_cat-blaasontsteking","8":"product_cat-honden","9":"product_cat-katten","10":"product_cat-medicijnen-supplementen","12":"product_cat-merken","13":"product_cat-nieren-blaas-urinewegen","15":"product_cat-puur","16":"pa_aandoening-overig","17":"pa_doeldier-hond","18":"pa_doeldier-kat","19":"pa_fabricatieland-nederland","20":"pa_merkfilter-puur","21":"pa_merkgroep-nml","22":"pa_productsoort-overig","23":"pa_seo_canonical_store_id-not_found_value","24":"pa_seo_category-not_found_value","25":"pa_seo_meta_robots-not_found_value","26":"pa_toedieningswijze-capsules","27":"pa_unit_pricing_base_measure-1ct","28":"pa_unit_pricing_measure-90ct","29":"pa_werkzamestof-overig","31":"first","32":"instock","33":"taxable","34":"shipping-taxable","35":"purchasable","36":"product-type-simple"},"yoast_head":"<!-- This site is optimized with the Yoast SEO plugin v27.5 - https:\/\/yoast.com\/product\/yoast-seo-wordpress\/ -->\n<title>PUUR Cranberry | 90 caps - Pharmacy4pets<\/title>\n<meta name=\"robots\" content=\"index, follow, max-snippet:-1, max-image-preview:large, max-video-preview:-1\" \/>\n<link rel=\"canonical\" href=\"https:\/\/p4p-nl.bootmine.com\/%product-slug%\/puur-cranberry\" \/>\n<meta property=\"og:locale\" content=\"nl_NL\" \/>\n<meta property=\"og:type\" content=\"article\" \/>\n<meta property=\"og:title\" content=\"PUUR Cranberry | 90 caps - Pharmacy4pets\" \/>\n<meta property=\"og:description\" content=\"PUUR Cranberry is een aanvullend diervoeder bij een blaasontsteking bij uw hond of kat. Met de PUUR Cranberry gaat u ontstekingen tegen en helpt u de blaas en urinewegen van uw huisdier gezond te houden. U kunt het product vermengen met het eten, aangezien de capsules geopend kunnen worden. Wel is hierbij aan te raden [&hellip;]\" \/>\n<meta property=\"og:url\" content=\"https:\/\/p4p-nl.bootmine.com\/%product-slug%\/puur-cranberry\" \/>\n<meta property=\"og:site_name\" content=\"Pharmacy4pets\" \/>\n<meta property=\"article:publisher\" content=\"https:\/\/www.facebook.com\/people\/Pharmacy4petsnl\/100063484989896\/\" \/>\n<meta property=\"article:modified_time\" content=\"2026-04-14T08:02:11+00:00\" \/>\n<meta property=\"og:image\" content=\"https:\/\/p4p-nl.bootmine.com\/wp-content\/uploads\/2016\/12\/21039.jpg\" \/>\n\t<meta property=\"og:image:width\" content=\"262\" \/>\n\t<meta property=\"og:image:height\" content=\"317\" \/>\n\t<meta property=\"og:image:type\" content=\"image\/jpeg\" \/>\n<meta name=\"twitter:card\" content=\"summary_large_image\" \/>\n<meta name=\"twitter:label1\" content=\"Geschatte leestijd\" \/>\n\t<meta name=\"twitter:data1\" content=\"1 minuut\" \/>\n<script type=\"application\/ld+json\" class=\"yoast-schema-graph\">{\"@context\":\"https:\\\/\\\/schema.org\",\"@graph\":[{\"@type\":\"WebPage\",\"@id\":\"https:\\\/\\\/p4p-nl.bootmine.com\\\/%product-slug%\\\/puur-cranberry\",\"url\":\"https:\\\/\\\/p4p-nl.bootmine.com\\\/%product-slug%\\\/puur-cranberry\",\"name\":\"PUUR Cranberry | 90 caps - Pharmacy4pets\",\"isPartOf\":{\"@id\":\"http:\\\/\\\/www.pharmacy4pets.nl\\\/#website\"},\"primaryImageOfPage\":{\"@id\":\"https:\\\/\\\/p4p-nl.bootmine.com\\\/%product-slug%\\\/puur-cranberry#primaryimage\"},\"image\":{\"@id\":\"https:\\\/\\\/p4p-nl.bootmine.com\\\/%product-slug%\\\/puur-cranberry#primaryimage\"},\"thumbnailUrl\":\"https:\\\/\\\/www.pharmacy4pets.nl\\\/wp-content\\\/uploads\\\/2016\\\/12\\\/21039.jpg\",\"datePublished\":\"2016-12-07T14:33:33+00:00\",\"dateModified\":\"2026-04-14T08:02:11+00:00\",\"breadcrumb\":{\"@id\":\"https:\\\/\\\/p4p-nl.bootmine.com\\\/%product-slug%\\\/puur-cranberry#breadcrumb\"},\"inLanguage\":\"nl-NL\",\"potentialAction\":[{\"@type\":\"ReadAction\",\"target\":[\"https:\\\/\\\/p4p-nl.bootmine.com\\\/%product-slug%\\\/puur-cranberry\"]}]},{\"@type\":\"ImageObject\",\"inLanguage\":\"nl-NL\",\"@id\":\"https:\\\/\\\/p4p-nl.bootmine.com\\\/%product-slug%\\\/puur-cranberry#primaryimage\",\"url\":\"https:\\\/\\\/www.pharmacy4pets.nl\\\/wp-content\\\/uploads\\\/2016\\\/12\\\/21039.jpg\",\"contentUrl\":\"https:\\\/\\\/www.pharmacy4pets.nl\\\/wp-content\\\/uploads\\\/2016\\\/12\\\/21039.jpg\",\"width\":262,\"height\":317,\"caption\":\"PUUR\"},{\"@type\":\"BreadcrumbList\",\"@id\":\"https:\\\/\\\/p4p-nl.bootmine.com\\\/%product-slug%\\\/puur-cranberry#breadcrumb\",\"itemListElement\":[{\"@type\":\"ListItem\",\"position\":1,\"name\":\"Home\",\"item\":\"https:\\\/\\\/p4p-nl.bootmine.com\\\/\"},{\"@type\":\"ListItem\",\"position\":2,\"name\":\"Winkel\",\"item\":\"https:\\\/\\\/p4p-nl.bootmine.com\\\/winkel\"},{\"@type\":\"ListItem\",\"position\":3,\"name\":\"PUUR Cranberry | 90 caps\"}]},{\"@type\":\"WebSite\",\"@id\":\"http:\\\/\\\/www.pharmacy4pets.nl\\\/#website\",\"url\":\"http:\\\/\\\/www.pharmacy4pets.nl\\\/\",\"name\":\"Pharmacy4pets\",\"description\":\"Pharmacy4pets.nl is d\u00e9 online apotheek waar u terecht kunt voor alle diergeneesmiddelen, verzorgingsproducten en dieetvoeding voor uw huisdier.\",\"publisher\":{\"@id\":\"http:\\\/\\\/www.pharmacy4pets.nl\\\/#organization\"},\"potentialAction\":[{\"@type\":\"SearchAction\",\"target\":{\"@type\":\"EntryPoint\",\"urlTemplate\":\"http:\\\/\\\/www.pharmacy4pets.nl\\\/?s={search_term_string}\"},\"query-input\":{\"@type\":\"PropertyValueSpecification\",\"valueRequired\":true,\"valueName\":\"search_term_string\"}}],\"inLanguage\":\"nl-NL\"},{\"@type\":\"Organization\",\"@id\":\"http:\\\/\\\/www.pharmacy4pets.nl\\\/#organization\",\"name\":\"Pharmacy4pets\",\"url\":\"http:\\\/\\\/www.pharmacy4pets.nl\\\/\",\"logo\":{\"@type\":\"ImageObject\",\"inLanguage\":\"nl-NL\",\"@id\":\"http:\\\/\\\/www.pharmacy4pets.nl\\\/#\\\/schema\\\/logo\\\/image\\\/\",\"url\":\"https:\\\/\\\/p4p-nl.bootmine.com\\\/wp-content\\\/uploads\\\/2026\\\/03\\\/logo-pharmacy4pets.png\",\"contentUrl\":\"https:\\\/\\\/p4p-nl.bootmine.com\\\/wp-content\\\/uploads\\\/2026\\\/03\\\/logo-pharmacy4pets.png\",\"width\":1024,\"height\":135,\"caption\":\"Pharmacy4pets\"},\"image\":{\"@id\":\"http:\\\/\\\/www.pharmacy4pets.nl\\\/#\\\/schema\\\/logo\\\/image\\\/\"},\"sameAs\":[\"https:\\\/\\\/www.facebook.com\\\/people\\\/Pharmacy4petsnl\\\/100063484989896\\\/\",\"https:\\\/\\\/www.youtube.com\\\/channel\\\/UCGPTIgucgli03tP2_kvLkHg\\\/featured\",\"https:\\\/\\\/www.instagram.com\\\/pharmacy4pets.nl\"]}]}<\/script>\n<!-- \/ Yoast SEO plugin. -->","yoast_head_json":{"title":"PUUR Cranberry | 90 caps - Pharmacy4pets","robots":{"index":"index","follow":"follow","max-snippet":"max-snippet:-1","max-image-preview":"max-image-preview:large","max-video-preview":"max-video-preview:-1"},"canonical":"https:\/\/p4p-nl.bootmine.com\/%product-slug%\/puur-cranberry","og_locale":"nl_NL","og_type":"article","og_title":"PUUR Cranberry | 90 caps - Pharmacy4pets","og_description":"PUUR Cranberry is een aanvullend diervoeder bij een blaasontsteking bij uw hond of kat. Met de PUUR Cranberry gaat u ontstekingen tegen en helpt u de blaas en urinewegen van uw huisdier gezond te houden. U kunt het product vermengen met het eten, aangezien de capsules geopend kunnen worden. Wel is hierbij aan te raden [&hellip;]","og_url":"https:\/\/p4p-nl.bootmine.com\/%product-slug%\/puur-cranberry","og_site_name":"Pharmacy4pets","article_publisher":"https:\/\/www.facebook.com\/people\/Pharmacy4petsnl\/100063484989896\/","article_modified_time":"2026-04-14T08:02:11+00:00","og_image":[{"width":262,"height":317,"url":"https:\/\/p4p-nl.bootmine.com\/wp-content\/uploads\/2016\/12\/21039.jpg","type":"image\/jpeg"}],"twitter_card":"summary_large_image","twitter_misc":{"Geschatte leestijd":"1 minuut"},"schema":{"@context":"https:\/\/schema.org","@graph":[{"@type":"WebPage","@id":"https:\/\/p4p-nl.bootmine.com\/%product-slug%\/puur-cranberry","url":"https:\/\/p4p-nl.bootmine.com\/%product-slug%\/puur-cranberry","name":"PUUR Cranberry | 90 caps - Pharmacy4pets","isPartOf":{"@id":"http:\/\/www.pharmacy4pets.nl\/#website"},"primaryImageOfPage":{"@id":"https:\/\/p4p-nl.bootmine.com\/%product-slug%\/puur-cranberry#primaryimage"},"image":{"@id":"https:\/\/p4p-nl.bootmine.com\/%product-slug%\/puur-cranberry#primaryimage"},"thumbnailUrl":"https:\/\/www.pharmacy4pets.nl\/wp-content\/uploads\/2016\/12\/21039.jpg","datePublished":"2016-12-07T14:33:33+00:00","dateModified":"2026-04-14T08:02:11+00:00","breadcrumb":{"@id":"https:\/\/p4p-nl.bootmine.com\/%product-slug%\/puur-cranberry#breadcrumb"},"inLanguage":"nl-NL","potentialAction":[{"@type":"ReadAction","target":["https:\/\/p4p-nl.bootmine.com\/%product-slug%\/puur-cranberry"]}]},{"@type":"ImageObject","inLanguage":"nl-NL","@id":"https:\/\/p4p-nl.bootmine.com\/%product-slug%\/puur-cranberry#primaryimage","url":"https:\/\/www.pharmacy4pets.nl\/wp-content\/uploads\/2016\/12\/21039.jpg","contentUrl":"https:\/\/www.pharmacy4pets.nl\/wp-content\/uploads\/2016\/12\/21039.jpg","width":262,"height":317,"caption":"PUUR"},{"@type":"BreadcrumbList","@id":"https:\/\/p4p-nl.bootmine.com\/%product-slug%\/puur-cranberry#breadcrumb","itemListElement":[{"@type":"ListItem","position":1,"name":"Home","item":"https:\/\/p4p-nl.bootmine.com\/"},{"@type":"ListItem","position":2,"name":"Winkel","item":"https:\/\/p4p-nl.bootmine.com\/winkel"},{"@type":"ListItem","position":3,"name":"PUUR Cranberry | 90 caps"}]},{"@type":"WebSite","@id":"http:\/\/www.pharmacy4pets.nl\/#website","url":"http:\/\/www.pharmacy4pets.nl\/","name":"Pharmacy4pets","description":"Pharmacy4pets.nl is d\u00e9 online apotheek waar u terecht kunt voor alle diergeneesmiddelen, verzorgingsproducten en dieetvoeding voor uw huisdier.","publisher":{"@id":"http:\/\/www.pharmacy4pets.nl\/#organization"},"potentialAction":[{"@type":"SearchAction","target":{"@type":"EntryPoint","urlTemplate":"http:\/\/www.pharmacy4pets.nl\/?s={search_term_string}"},"query-input":{"@type":"PropertyValueSpecification","valueRequired":true,"valueName":"search_term_string"}}],"inLanguage":"nl-NL"},{"@type":"Organization","@id":"http:\/\/www.pharmacy4pets.nl\/#organization","name":"Pharmacy4pets","url":"http:\/\/www.pharmacy4pets.nl\/","logo":{"@type":"ImageObject","inLanguage":"nl-NL","@id":"http:\/\/www.pharmacy4pets.nl\/#\/schema\/logo\/image\/","url":"https:\/\/p4p-nl.bootmine.com\/wp-content\/uploads\/2026\/03\/logo-pharmacy4pets.png","contentUrl":"https:\/\/p4p-nl.bootmine.com\/wp-content\/uploads\/2026\/03\/logo-pharmacy4pets.png","width":1024,"height":135,"caption":"Pharmacy4pets"},"image":{"@id":"http:\/\/www.pharmacy4pets.nl\/#\/schema\/logo\/image\/"},"sameAs":["https:\/\/www.facebook.com\/people\/Pharmacy4petsnl\/100063484989896\/","https:\/\/www.youtube.com\/channel\/UCGPTIgucgli03tP2_kvLkHg\/featured","https:\/\/www.instagram.com\/pharmacy4pets.nl"]}]}},"market_data":{"nl":{"price":0,"sale_price":0,"active":false,"url":null,"parent_url":"","tax_rate":0,"price_inc_tax":0,"sale_price_inc_tax":0},"de":{"price":0,"sale_price":0,"active":false,"url":null,"parent_url":"","tax_rate":0,"price_inc_tax":0,"sale_price_inc_tax":0},"be":{"price":0,"sale_price":0,"active":false,"url":null,"parent_url":"","tax_rate":0,"price_inc_tax":0,"sale_price_inc_tax":0},"fr":{"price":0,"sale_price":0,"active":false,"url":null,"parent_url":"","tax_rate":0,"price_inc_tax":0,"sale_price_inc_tax":0},"ch":{"price":0,"sale_price":0,"active":false,"url":null,"parent_url":"","tax_rate":0,"price_inc_tax":0,"sale_price_inc_tax":0},"at":{"price":0,"sale_price":0,"active":false,"url":null,"parent_url":"","tax_rate":0,"price_inc_tax":0,"sale_price_inc_tax":0},"es":{"price":0,"sale_price":0,"active":false,"url":null,"parent_url":"","tax_rate":0,"price_inc_tax":0,"sale_price_inc_tax":0},"dk":{"price":0,"sale_price":0,"active":false,"url":null,"parent_url":"","tax_rate":0,"price_inc_tax":0,"sale_price_inc_tax":0},"com":{"price":0,"sale_price":0,"active":false,"url":null,"parent_url":"","tax_rate":0,"price_inc_tax":0,"sale_price_inc_tax":0}},"market_nl_price":0,"market_nl_sale_price":0,"market_nl_active":false,"market_nl_url":null,"market_nl_parent_url":"","market_nl_tax_rate":0,"market_nl_price_inc_tax":0,"market_nl_sale_price_inc_tax":0,"market_de_price":0,"market_de_sale_price":0,"market_de_active":false,"market_de_url":null,"market_de_parent_url":"","market_de_tax_rate":0,"market_de_price_inc_tax":0,"market_de_sale_price_inc_tax":0,"market_be_price":0,"market_be_sale_price":0,"market_be_active":false,"market_be_url":null,"market_be_parent_url":"","market_be_tax_rate":0,"market_be_price_inc_tax":0,"market_be_sale_price_inc_tax":0,"market_fr_price":0,"market_fr_sale_price":0,"market_fr_active":false,"market_fr_url":null,"market_fr_parent_url":"","market_fr_tax_rate":0,"market_fr_price_inc_tax":0,"market_fr_sale_price_inc_tax":0,"market_ch_price":0,"market_ch_sale_price":0,"market_ch_active":false,"market_ch_url":null,"market_ch_parent_url":"","market_ch_tax_rate":0,"market_ch_price_inc_tax":0,"market_ch_sale_price_inc_tax":0,"market_at_price":0,"market_at_sale_price":0,"market_at_active":false,"market_at_url":null,"market_at_parent_url":"","market_at_tax_rate":0,"market_at_price_inc_tax":0,"market_at_sale_price_inc_tax":0,"market_es_price":0,"market_es_sale_price":0,"market_es_active":false,"market_es_url":null,"market_es_parent_url":"","market_es_tax_rate":0,"market_es_price_inc_tax":0,"market_es_sale_price_inc_tax":0,"market_dk_price":0,"market_dk_sale_price":0,"market_dk_active":false,"market_dk_url":null,"market_dk_parent_url":"","market_dk_tax_rate":0,"market_dk_price_inc_tax":0,"market_dk_sale_price_inc_tax":0,"market_com_price":0,"market_com_sale_price":0,"market_com_active":false,"market_com_url":null,"market_com_parent_url":"","market_com_tax_rate":0,"market_com_price_inc_tax":0,"market_com_sale_price_inc_tax":0,"acf":[],"_links":{"self":[{"href":"https:\/\/www.pharmacy4pets.nl\/be\/wp-json\/wp\/v2\/product\/117487","targetHints":{"allow":["GET"]}}],"collection":[{"href":"https:\/\/www.pharmacy4pets.nl\/be\/wp-json\/wp\/v2\/product"}],"about":[{"href":"https:\/\/www.pharmacy4pets.nl\/be\/wp-json\/wp\/v2\/types\/product"}],"replies":[{"embeddable":true,"href":"https:\/\/www.pharmacy4pets.nl\/be\/wp-json\/wp\/v2\/comments?post=117487"}],"wp:featuredmedia":[{"embeddable":true,"href":"https:\/\/www.pharmacy4pets.nl\/be\/wp-json\/wp\/v2\/media\/117486"}],"wp:attachment":[{"href":"https:\/\/www.pharmacy4pets.nl\/be\/wp-json\/wp\/v2\/media?parent=117487"}],"wp:term":[{"taxonomy":"product_brand","embeddable":true,"href":"https:\/\/www.pharmacy4pets.nl\/be\/wp-json\/wp\/v2\/product_brand?post=117487"},{"taxonomy":"product_cat","embeddable":true,"href":"https:\/\/www.pharmacy4pets.nl\/be\/wp-json\/wp\/v2\/product_cat?post=117487"},{"taxonomy":"product_tag","embeddable":true,"href":"https:\/\/www.pharmacy4pets.nl\/be\/wp-json\/wp\/v2\/product_tag?post=117487"}],"curies":[{"name":"wp","href":"https:\/\/api.w.org\/{rel}","templated":true}]}}