{"id":117485,"date":"2016-11-24T13:34:33","date_gmt":"2016-11-24T13:34:33","guid":{"rendered":"https:\/\/p4p.test\/puur-derma-jeuk"},"modified":"2026-04-14T08:02:10","modified_gmt":"2026-04-14T08:02:10","slug":"puur-derma-jeuk","status":"publish","type":"product","link":"https:\/\/www.pharmacy4pets.nl\/be\/puur-derma-jeuk","title":{"rendered":"PUUR Derma &#8211; Jeuk | 50 ml"},"content":{"rendered":"<p style=\"text-align: justify;\">PUUR Derma Jeuk is een aanvullend diervoeder voor de aanpak van een kriebelende huid bij honden en katten. Wanneer uw huisdier kriebel heeft gaat hij krabben. PUUR Derma Jeuk helpt bij de aanpak van deze kriebel en daardoor het krabben.\u00a0Daarnaast helpt het product de vacht te herstellen.<\/p>\n<p style=\"text-align: justify;\">U kunt het product zo in de bek ingeven of het vermengen met water. Ook mag het op eten gedruppeld worden.\u00a0<\/p>\n<table border=\"1\">\n<thead>\n<tr>\n<td colspan=\"2\">\n<p class=\"bold\" style=\"text-align: center;\"><strong>Dosering (1 ml = 20 druppels)<\/strong><\/p>\n<\/td>\n<\/tr>\n<tr>\n<td><strong>Dier \u00a0 \u00a0 \u00a0 \u00a0 \u00a0 \u00a0 \u00a0 \u00a0 \u00a0 \u00a0 \u00a0 \u00a0 \u00a0<\/strong><\/td>\n<td><strong>Aantal druppels (1-4 x per dag)<\/strong><\/td>\n<\/tr>\n<tr>\n<td>Hond<\/td>\n<td>15 &#8211; 20 druppels<\/td>\n<\/tr>\n<tr>\n<td>Kat<\/td>\n<td>5 &#8211; 10 druppels<\/td>\n<\/tr>\n<tr>\n<td>Paard<\/td>\n<td>20 &#8211; 30 druppels<\/td>\n<\/tr>\n<\/thead>\n<\/table>\n<p style=\"text-align: justify;\">De verpakking bevat 50 ml.\u00a0<\/p>\n","protected":false},"excerpt":{"rendered":"<p>PUUR Derma Jeuk is een aanvullend diervoeder voor de aanpak van een kriebelende huid bij honden en katten. Wanneer uw huisdier kriebel heeft gaat hij krabben. PUUR Derma Jeuk helpt bij de aanpak van deze kriebel en daardoor het krabben.\u00a0Daarnaast helpt het product de vacht te herstellen. U kunt het product zo in de bek [&hellip;]<\/p>\n","protected":false},"featured_media":117481,"comment_status":"open","ping_status":"closed","template":"","meta":{"_acf_changed":false,"_nl_post_content":"<p style=\"text-align: justify;\">PUUR Derma Jeuk is een aanvullend diervoeder voor de aanpak van een kriebelende huid bij honden en katten. Wanneer uw huisdier kriebel heeft gaat hij krabben. PUUR Derma Jeuk helpt bij de aanpak van deze kriebel en daardoor het krabben.\u00a0Daarnaast helpt het product de vacht te herstellen.<\/p>\r\n<p style=\"text-align: justify;\">U kunt het product zo in de bek ingeven of het vermengen met water. Ook mag het op eten gedruppeld worden.\u00a0<\/p>\r\n<table border=\"1\">\r\n<thead>\r\n<tr>\r\n<td colspan=\"2\">\r\n<p class=\"bold\" style=\"text-align: center;\"><strong>Dosering (1 ml = 20 druppels)<\/strong><\/p>\r\n<\/td>\r\n<\/tr>\r\n<tr>\r\n<td><strong>Dier \u00a0 \u00a0 \u00a0 \u00a0 \u00a0 \u00a0 \u00a0 \u00a0 \u00a0 \u00a0 \u00a0 \u00a0 \u00a0<\/strong><\/td>\r\n<td><strong>Aantal druppels (1-4 x per dag)<\/strong><\/td>\r\n<\/tr>\r\n<tr>\r\n<td>Hond<\/td>\r\n<td>15 - 20 druppels<\/td>\r\n<\/tr>\r\n<tr>\r\n<td>Kat<\/td>\r\n<td>5 - 10 druppels<\/td>\r\n<\/tr>\r\n<tr>\r\n<td>Paard<\/td>\r\n<td>20 - 30 druppels<\/td>\r\n<\/tr>\r\n<\/thead>\r\n<\/table>\r\n<p style=\"text-align: justify;\">De verpakking bevat 50 ml.\u00a0<\/p>","_nl_post_name":"puur-derma-jeuk","_nl_post_excerpt":"","_nl_post_title":"PUUR Derma - Jeuk | 50 ml","_en_post_content":"<p style=\"text-align: justify;\">PUUR Derma is a complementary nutrition when your dog or cats suffers from an itchy skin. When your pet has an itch he will scratch. PUUR Derma reduces the amount of itchiness and helps your pet to stop stratching his skin. It also helps to recover the skin.<\/p>\r\n<p style=\"text-align: justify;\">U can give the drops directly into the mouth of your pet or you can mix it with some water. Also, you can drip it on some food.<\/p>\r\n<table border=\"1\">\r\n<thead>\r\n<tr>\r\n<td colspan=\"2\">\r\n<p class=\"bold\"><strong>Dosage (1 ml = 20 Tropfen)<\/strong><\/p>\r\n<\/td>\r\n<\/tr>\r\n<tr>\r\n<td><strong>Anmial &nbsp; &nbsp; &nbsp; &nbsp; &nbsp; &nbsp; &nbsp; &nbsp; &nbsp; &nbsp; &nbsp; &nbsp;&nbsp;<\/strong><\/td>\r\n<td><strong>Number of drops (1-4 x per day)<\/strong><\/td>\r\n<\/tr>\r\n<tr>\r\n<td>Dog<\/td>\r\n<td>15 - 20 drops<\/td>\r\n<\/tr>\r\n<tr>\r\n<td>Cat<\/td>\r\n<td>5 - 10 drops<\/td>\r\n<\/tr>\r\n<tr>\r\n<td>Horse<\/td>\r\n<td>20 - 30 drops<\/td>\r\n<\/tr>\r\n<\/thead>\r\n<\/table>\r\n<p style=\"text-align: justify;\">The package contains 50 ml.&nbsp;<\/p>","_en_post_name":"puur-derma-jeuk","_en_post_excerpt":"","_en_post_title":"PUUR Derma  | 50 ml","_de_post_content":"<p style=\"text-align: justify;\">PUUR Derma - Juckreiz ist ein Erg&auml;nzungsfuttermittel f&uuml;r ein juckende Haut bei Hunde und Katzen. Wann Ihre Haustier Juckreiz hat, geht er kratzen.&nbsp;PUUR Derma - Juckreiz reduziert die Jurckreiz und dadurch auch das kratzen. Auch hilft das Futtermittel die Haut zu genesen.<\/p>\r\n<p style=\"text-align: justify;\">Sie k&ouml;nnen die Tropfen direkt oral eingeben oder mit ein bischen Wasser mengen. &nbsp;Auch k&ouml;nnen Sie das tr&ouml;pfeln auf etwas Futter.<\/p>\r\n<table border=\"1\">\r\n<thead>\r\n<tr>\r\n<td colspan=\"2\">\r\n<p class=\"bold\"><strong>Doserung (1 ml = 20 Tropfen)<\/strong><\/p>\r\n<\/td>\r\n<\/tr>\r\n<tr>\r\n<td><strong>Tier &nbsp; &nbsp; &nbsp; &nbsp; &nbsp; &nbsp; &nbsp; &nbsp; &nbsp; &nbsp; &nbsp; &nbsp; &nbsp;<\/strong><\/td>\r\n<td><strong>Anzahl Tropfen&nbsp;(1-4 x pro Tag)<\/strong><\/td>\r\n<\/tr>\r\n<tr>\r\n<td>Hund<\/td>\r\n<td>15 - 20 Tropfen<\/td>\r\n<\/tr>\r\n<tr>\r\n<td>Katze<\/td>\r\n<td>5 - 10&nbsp;Tropfen<\/td>\r\n<\/tr>\r\n<tr>\r\n<td>Pferd<\/td>\r\n<td>20 - 30 Tropfen<br \/><br \/><\/td>\r\n<\/tr>\r\n<\/thead>\r\n<\/table>\r\n<p style=\"text-align: justify;\">Die Verpackung enth&auml;lt 50 ml.&nbsp;<\/p>\r\n<p style=\"text-align: justify;\">&nbsp;<\/p>","_de_post_name":"puur-derma-jeuk","_de_post_excerpt":"","_de_post_title":"PUUR Derma - Juckreiz | 50 ml","_fr_post_content":"<p style=\"text-align: justify;\">PUUR Derma Jeuk is een aanvullend diervoeder voor de aanpak van een kriebelende huid bij honden en katten. Wanneer uw huisdier kriebel heeft gaat hij krabben. PUUR Derma Jeuk helpt bij de aanpak van deze kriebel en daardoor het krabben.\u00a0Daarnaast helpt het product de vacht te herstellen.<\/p>\r\n<p style=\"text-align: justify;\">U kunt het product zo in de bek ingeven of het vermengen met water. Ook mag het op eten gedruppeld worden.\u00a0<\/p>\r\n<table border=\"1\">\r\n<thead>\r\n<tr>\r\n<td colspan=\"2\">\r\n<p class=\"bold\" style=\"text-align: center;\"><strong>Dosering (1 ml = 20 druppels)<\/strong><\/p>\r\n<\/td>\r\n<\/tr>\r\n<tr>\r\n<td><strong>Dier \u00a0 \u00a0 \u00a0 \u00a0 \u00a0 \u00a0 \u00a0 \u00a0 \u00a0 \u00a0 \u00a0 \u00a0 \u00a0<\/strong><\/td>\r\n<td><strong>Aantal druppels (1-4 x per dag)<\/strong><\/td>\r\n<\/tr>\r\n<tr>\r\n<td>Hond<\/td>\r\n<td>15 - 20 druppels<\/td>\r\n<\/tr>\r\n<tr>\r\n<td>Kat<\/td>\r\n<td>5 - 10 druppels<\/td>\r\n<\/tr>\r\n<tr>\r\n<td>Paard<\/td>\r\n<td>20 - 30 druppels<\/td>\r\n<\/tr>\r\n<\/thead>\r\n<\/table>\r\n<p style=\"text-align: justify;\">De verpakking bevat 50 ml.\u00a0<\/p>","_fr_post_name":"puur-derma-jeuk","_fr_post_excerpt":"","_fr_post_title":"PUUR Derma - Jeuk | 50 ml","_es_post_content":"<p>PUUR Derma es un alimento diet\u00e9tico adicional para perros y gatos con picor. PUUR Derma ayuda a reducir el picor y por lo tanto tambi\u00e9n el rascado. Adem\u00e1s, el producto ayuda a restaurar el pelaje.<\/p>\r\n<p>Puede introducir el producto directamente en la boca o mezclarlo con agua. Tambi\u00e9n se puede gotear sobre la comida.<\/p>\r\n<table style=\"\" border=\"1\">\r\n<thead>\r\n<tr>\r\n<td colspan=\"2\">\r\n<p class=\"bold\" style=\"text-align: center;\"><strong>Dosis (1 ml = 20 gotas)<\/strong><\/p>\r\n<\/td>\r\n<\/tr>\r\n<tr>\r\n<td><strong>Animal \u00a0 \u00a0 \u00a0 \u00a0 \u00a0 \u00a0 \u00a0 \u00a0 \u00a0 \u00a0 \u00a0 \u00a0 \u00a0<\/strong><\/td>\r\n<td><strong>Nombre de gotas (1-4 x por d\u00eda)<\/strong><\/td>\r\n<\/tr>\r\n<tr>\r\n<td>Perros<\/td>\r\n<td>15 - 20 gotas<\/td>\r\n<\/tr>\r\n<tr>\r\n<td>Gatos<\/td>\r\n<td>5 - 10 gotas<\/td>\r\n<\/tr>\r\n<tr>\r\n<td>Caballos<\/td>\r\n<td>20 - 30 gotas<\/td>\r\n<\/tr>\r\n<\/thead>\r\n<\/table>\r\n<p style=\"text-align: justify;\">\u00a0<\/p>","_es_post_name":"puur-derma","_es_post_excerpt":"","_es_post_title":"PUUR Derma | 50 ml","edit_language":"nl"},"product_brand":[],"product_cat":[1973,1117,1876,1845,1118,1871,1839,1857,1950],"product_tag":[],"class_list":{"0":"post-117485","1":"product","2":"type-product","3":"status-publish","4":"has-post-thumbnail","6":"product_cat-atopie","7":"product_cat-honden","8":"product_cat-huid-vacht","10":"product_cat-katten","11":"product_cat-medicijnen-supplementen","13":"product_cat-merken","14":"product_cat-puur","15":"pa_aandoening-huid_vacht","16":"pa_doeldier-ezel","17":"pa_doeldier-hond","18":"pa_doeldier-kat","19":"pa_doeldier-paard","20":"pa_fabricatieland-nederland","21":"pa_merkfilter-puur","22":"pa_merkgroep-nml","23":"pa_productsoort-overig","24":"pa_seo_canonical_store_id-not_found_value","25":"pa_seo_category-not_found_value","26":"pa_seo_meta_robots-not_found_value","27":"pa_toedieningswijze-vloeistof","28":"pa_unit_pricing_base_measure-10ml","29":"pa_unit_pricing_measure-50ml","30":"pa_werkzamestof-overig","32":"first","33":"instock","34":"taxable","35":"shipping-taxable","36":"purchasable","37":"product-type-simple"},"yoast_head":"<!-- This site is optimized with the Yoast SEO plugin v27.5 - https:\/\/yoast.com\/product\/yoast-seo-wordpress\/ -->\n<title>PUUR Derma - Jeuk | 50 ml - Pharmacy4pets<\/title>\n<meta name=\"robots\" content=\"index, follow, max-snippet:-1, max-image-preview:large, max-video-preview:-1\" \/>\n<link rel=\"canonical\" href=\"https:\/\/p4p-nl.bootmine.com\/%product-slug%\/puur-derma-jeuk\" \/>\n<meta property=\"og:locale\" content=\"nl_NL\" \/>\n<meta property=\"og:type\" content=\"article\" \/>\n<meta property=\"og:title\" content=\"PUUR Derma - Jeuk | 50 ml - Pharmacy4pets\" \/>\n<meta property=\"og:description\" content=\"PUUR Derma Jeuk is een aanvullend diervoeder voor de aanpak van een kriebelende huid bij honden en katten. Wanneer uw huisdier kriebel heeft gaat hij krabben. PUUR Derma Jeuk helpt bij de aanpak van deze kriebel en daardoor het krabben.\u00a0Daarnaast helpt het product de vacht te herstellen. U kunt het product zo in de bek [&hellip;]\" \/>\n<meta property=\"og:url\" content=\"https:\/\/p4p-nl.bootmine.com\/%product-slug%\/puur-derma-jeuk\" \/>\n<meta property=\"og:site_name\" content=\"Pharmacy4pets\" \/>\n<meta property=\"article:publisher\" content=\"https:\/\/www.facebook.com\/people\/Pharmacy4petsnl\/100063484989896\/\" \/>\n<meta property=\"article:modified_time\" content=\"2026-04-14T08:02:10+00:00\" \/>\n<meta property=\"og:image\" content=\"https:\/\/p4p-nl.bootmine.com\/wp-content\/uploads\/2016\/11\/21564_1.jpg\" \/>\n\t<meta property=\"og:image:width\" content=\"310\" \/>\n\t<meta property=\"og:image:height\" content=\"310\" \/>\n\t<meta property=\"og:image:type\" content=\"image\/jpeg\" \/>\n<meta name=\"twitter:card\" content=\"summary_large_image\" \/>\n<script type=\"application\/ld+json\" class=\"yoast-schema-graph\">{\"@context\":\"https:\\\/\\\/schema.org\",\"@graph\":[{\"@type\":\"WebPage\",\"@id\":\"https:\\\/\\\/p4p-nl.bootmine.com\\\/%product-slug%\\\/puur-derma-jeuk\",\"url\":\"https:\\\/\\\/p4p-nl.bootmine.com\\\/%product-slug%\\\/puur-derma-jeuk\",\"name\":\"PUUR Derma - Jeuk | 50 ml - Pharmacy4pets\",\"isPartOf\":{\"@id\":\"http:\\\/\\\/www.pharmacy4pets.nl\\\/#website\"},\"primaryImageOfPage\":{\"@id\":\"https:\\\/\\\/p4p-nl.bootmine.com\\\/%product-slug%\\\/puur-derma-jeuk#primaryimage\"},\"image\":{\"@id\":\"https:\\\/\\\/p4p-nl.bootmine.com\\\/%product-slug%\\\/puur-derma-jeuk#primaryimage\"},\"thumbnailUrl\":\"https:\\\/\\\/www.pharmacy4pets.nl\\\/wp-content\\\/uploads\\\/2016\\\/11\\\/21564_1.jpg\",\"datePublished\":\"2016-11-24T13:34:33+00:00\",\"dateModified\":\"2026-04-14T08:02:10+00:00\",\"breadcrumb\":{\"@id\":\"https:\\\/\\\/p4p-nl.bootmine.com\\\/%product-slug%\\\/puur-derma-jeuk#breadcrumb\"},\"inLanguage\":\"nl-NL\",\"potentialAction\":[{\"@type\":\"ReadAction\",\"target\":[\"https:\\\/\\\/p4p-nl.bootmine.com\\\/%product-slug%\\\/puur-derma-jeuk\"]}]},{\"@type\":\"ImageObject\",\"inLanguage\":\"nl-NL\",\"@id\":\"https:\\\/\\\/p4p-nl.bootmine.com\\\/%product-slug%\\\/puur-derma-jeuk#primaryimage\",\"url\":\"https:\\\/\\\/www.pharmacy4pets.nl\\\/wp-content\\\/uploads\\\/2016\\\/11\\\/21564_1.jpg\",\"contentUrl\":\"https:\\\/\\\/www.pharmacy4pets.nl\\\/wp-content\\\/uploads\\\/2016\\\/11\\\/21564_1.jpg\",\"width\":310,\"height\":310,\"caption\":\"PUUR\"},{\"@type\":\"BreadcrumbList\",\"@id\":\"https:\\\/\\\/p4p-nl.bootmine.com\\\/%product-slug%\\\/puur-derma-jeuk#breadcrumb\",\"itemListElement\":[{\"@type\":\"ListItem\",\"position\":1,\"name\":\"Home\",\"item\":\"https:\\\/\\\/p4p-nl.bootmine.com\\\/\"},{\"@type\":\"ListItem\",\"position\":2,\"name\":\"Winkel\",\"item\":\"https:\\\/\\\/p4p-nl.bootmine.com\\\/winkel\"},{\"@type\":\"ListItem\",\"position\":3,\"name\":\"PUUR Derma &#8211; Jeuk | 50 ml\"}]},{\"@type\":\"WebSite\",\"@id\":\"http:\\\/\\\/www.pharmacy4pets.nl\\\/#website\",\"url\":\"http:\\\/\\\/www.pharmacy4pets.nl\\\/\",\"name\":\"Pharmacy4pets\",\"description\":\"Pharmacy4pets.nl is d\u00e9 online apotheek waar u terecht kunt voor alle diergeneesmiddelen, verzorgingsproducten en dieetvoeding voor uw huisdier.\",\"publisher\":{\"@id\":\"http:\\\/\\\/www.pharmacy4pets.nl\\\/#organization\"},\"potentialAction\":[{\"@type\":\"SearchAction\",\"target\":{\"@type\":\"EntryPoint\",\"urlTemplate\":\"http:\\\/\\\/www.pharmacy4pets.nl\\\/?s={search_term_string}\"},\"query-input\":{\"@type\":\"PropertyValueSpecification\",\"valueRequired\":true,\"valueName\":\"search_term_string\"}}],\"inLanguage\":\"nl-NL\"},{\"@type\":\"Organization\",\"@id\":\"http:\\\/\\\/www.pharmacy4pets.nl\\\/#organization\",\"name\":\"Pharmacy4pets\",\"url\":\"http:\\\/\\\/www.pharmacy4pets.nl\\\/\",\"logo\":{\"@type\":\"ImageObject\",\"inLanguage\":\"nl-NL\",\"@id\":\"http:\\\/\\\/www.pharmacy4pets.nl\\\/#\\\/schema\\\/logo\\\/image\\\/\",\"url\":\"https:\\\/\\\/p4p-nl.bootmine.com\\\/wp-content\\\/uploads\\\/2026\\\/03\\\/logo-pharmacy4pets.png\",\"contentUrl\":\"https:\\\/\\\/p4p-nl.bootmine.com\\\/wp-content\\\/uploads\\\/2026\\\/03\\\/logo-pharmacy4pets.png\",\"width\":1024,\"height\":135,\"caption\":\"Pharmacy4pets\"},\"image\":{\"@id\":\"http:\\\/\\\/www.pharmacy4pets.nl\\\/#\\\/schema\\\/logo\\\/image\\\/\"},\"sameAs\":[\"https:\\\/\\\/www.facebook.com\\\/people\\\/Pharmacy4petsnl\\\/100063484989896\\\/\",\"https:\\\/\\\/www.youtube.com\\\/channel\\\/UCGPTIgucgli03tP2_kvLkHg\\\/featured\",\"https:\\\/\\\/www.instagram.com\\\/pharmacy4pets.nl\"]}]}<\/script>\n<!-- \/ Yoast SEO plugin. -->","yoast_head_json":{"title":"PUUR Derma - Jeuk | 50 ml - Pharmacy4pets","robots":{"index":"index","follow":"follow","max-snippet":"max-snippet:-1","max-image-preview":"max-image-preview:large","max-video-preview":"max-video-preview:-1"},"canonical":"https:\/\/p4p-nl.bootmine.com\/%product-slug%\/puur-derma-jeuk","og_locale":"nl_NL","og_type":"article","og_title":"PUUR Derma - Jeuk | 50 ml - Pharmacy4pets","og_description":"PUUR Derma Jeuk is een aanvullend diervoeder voor de aanpak van een kriebelende huid bij honden en katten. Wanneer uw huisdier kriebel heeft gaat hij krabben. PUUR Derma Jeuk helpt bij de aanpak van deze kriebel en daardoor het krabben.\u00a0Daarnaast helpt het product de vacht te herstellen. U kunt het product zo in de bek [&hellip;]","og_url":"https:\/\/p4p-nl.bootmine.com\/%product-slug%\/puur-derma-jeuk","og_site_name":"Pharmacy4pets","article_publisher":"https:\/\/www.facebook.com\/people\/Pharmacy4petsnl\/100063484989896\/","article_modified_time":"2026-04-14T08:02:10+00:00","og_image":[{"width":310,"height":310,"url":"https:\/\/p4p-nl.bootmine.com\/wp-content\/uploads\/2016\/11\/21564_1.jpg","type":"image\/jpeg"}],"twitter_card":"summary_large_image","schema":{"@context":"https:\/\/schema.org","@graph":[{"@type":"WebPage","@id":"https:\/\/p4p-nl.bootmine.com\/%product-slug%\/puur-derma-jeuk","url":"https:\/\/p4p-nl.bootmine.com\/%product-slug%\/puur-derma-jeuk","name":"PUUR Derma - Jeuk | 50 ml - Pharmacy4pets","isPartOf":{"@id":"http:\/\/www.pharmacy4pets.nl\/#website"},"primaryImageOfPage":{"@id":"https:\/\/p4p-nl.bootmine.com\/%product-slug%\/puur-derma-jeuk#primaryimage"},"image":{"@id":"https:\/\/p4p-nl.bootmine.com\/%product-slug%\/puur-derma-jeuk#primaryimage"},"thumbnailUrl":"https:\/\/www.pharmacy4pets.nl\/wp-content\/uploads\/2016\/11\/21564_1.jpg","datePublished":"2016-11-24T13:34:33+00:00","dateModified":"2026-04-14T08:02:10+00:00","breadcrumb":{"@id":"https:\/\/p4p-nl.bootmine.com\/%product-slug%\/puur-derma-jeuk#breadcrumb"},"inLanguage":"nl-NL","potentialAction":[{"@type":"ReadAction","target":["https:\/\/p4p-nl.bootmine.com\/%product-slug%\/puur-derma-jeuk"]}]},{"@type":"ImageObject","inLanguage":"nl-NL","@id":"https:\/\/p4p-nl.bootmine.com\/%product-slug%\/puur-derma-jeuk#primaryimage","url":"https:\/\/www.pharmacy4pets.nl\/wp-content\/uploads\/2016\/11\/21564_1.jpg","contentUrl":"https:\/\/www.pharmacy4pets.nl\/wp-content\/uploads\/2016\/11\/21564_1.jpg","width":310,"height":310,"caption":"PUUR"},{"@type":"BreadcrumbList","@id":"https:\/\/p4p-nl.bootmine.com\/%product-slug%\/puur-derma-jeuk#breadcrumb","itemListElement":[{"@type":"ListItem","position":1,"name":"Home","item":"https:\/\/p4p-nl.bootmine.com\/"},{"@type":"ListItem","position":2,"name":"Winkel","item":"https:\/\/p4p-nl.bootmine.com\/winkel"},{"@type":"ListItem","position":3,"name":"PUUR Derma &#8211; Jeuk | 50 ml"}]},{"@type":"WebSite","@id":"http:\/\/www.pharmacy4pets.nl\/#website","url":"http:\/\/www.pharmacy4pets.nl\/","name":"Pharmacy4pets","description":"Pharmacy4pets.nl is d\u00e9 online apotheek waar u terecht kunt voor alle diergeneesmiddelen, verzorgingsproducten en dieetvoeding voor uw huisdier.","publisher":{"@id":"http:\/\/www.pharmacy4pets.nl\/#organization"},"potentialAction":[{"@type":"SearchAction","target":{"@type":"EntryPoint","urlTemplate":"http:\/\/www.pharmacy4pets.nl\/?s={search_term_string}"},"query-input":{"@type":"PropertyValueSpecification","valueRequired":true,"valueName":"search_term_string"}}],"inLanguage":"nl-NL"},{"@type":"Organization","@id":"http:\/\/www.pharmacy4pets.nl\/#organization","name":"Pharmacy4pets","url":"http:\/\/www.pharmacy4pets.nl\/","logo":{"@type":"ImageObject","inLanguage":"nl-NL","@id":"http:\/\/www.pharmacy4pets.nl\/#\/schema\/logo\/image\/","url":"https:\/\/p4p-nl.bootmine.com\/wp-content\/uploads\/2026\/03\/logo-pharmacy4pets.png","contentUrl":"https:\/\/p4p-nl.bootmine.com\/wp-content\/uploads\/2026\/03\/logo-pharmacy4pets.png","width":1024,"height":135,"caption":"Pharmacy4pets"},"image":{"@id":"http:\/\/www.pharmacy4pets.nl\/#\/schema\/logo\/image\/"},"sameAs":["https:\/\/www.facebook.com\/people\/Pharmacy4petsnl\/100063484989896\/","https:\/\/www.youtube.com\/channel\/UCGPTIgucgli03tP2_kvLkHg\/featured","https:\/\/www.instagram.com\/pharmacy4pets.nl"]}]}},"market_data":{"nl":{"price":0,"sale_price":0,"active":false,"url":null,"parent_url":"","tax_rate":0,"price_inc_tax":0,"sale_price_inc_tax":0},"de":{"price":0,"sale_price":0,"active":false,"url":null,"parent_url":"","tax_rate":0,"price_inc_tax":0,"sale_price_inc_tax":0},"be":{"price":0,"sale_price":0,"active":false,"url":null,"parent_url":"","tax_rate":0,"price_inc_tax":0,"sale_price_inc_tax":0},"fr":{"price":0,"sale_price":0,"active":false,"url":null,"parent_url":"","tax_rate":0,"price_inc_tax":0,"sale_price_inc_tax":0},"ch":{"price":0,"sale_price":0,"active":false,"url":null,"parent_url":"","tax_rate":0,"price_inc_tax":0,"sale_price_inc_tax":0},"at":{"price":0,"sale_price":0,"active":false,"url":null,"parent_url":"","tax_rate":0,"price_inc_tax":0,"sale_price_inc_tax":0},"es":{"price":0,"sale_price":0,"active":false,"url":null,"parent_url":"","tax_rate":0,"price_inc_tax":0,"sale_price_inc_tax":0},"dk":{"price":0,"sale_price":0,"active":false,"url":null,"parent_url":"","tax_rate":0,"price_inc_tax":0,"sale_price_inc_tax":0},"com":{"price":0,"sale_price":0,"active":false,"url":null,"parent_url":"","tax_rate":0,"price_inc_tax":0,"sale_price_inc_tax":0}},"market_nl_price":0,"market_nl_sale_price":0,"market_nl_active":false,"market_nl_url":null,"market_nl_parent_url":"","market_nl_tax_rate":0,"market_nl_price_inc_tax":0,"market_nl_sale_price_inc_tax":0,"market_de_price":0,"market_de_sale_price":0,"market_de_active":false,"market_de_url":null,"market_de_parent_url":"","market_de_tax_rate":0,"market_de_price_inc_tax":0,"market_de_sale_price_inc_tax":0,"market_be_price":0,"market_be_sale_price":0,"market_be_active":false,"market_be_url":null,"market_be_parent_url":"","market_be_tax_rate":0,"market_be_price_inc_tax":0,"market_be_sale_price_inc_tax":0,"market_fr_price":0,"market_fr_sale_price":0,"market_fr_active":false,"market_fr_url":null,"market_fr_parent_url":"","market_fr_tax_rate":0,"market_fr_price_inc_tax":0,"market_fr_sale_price_inc_tax":0,"market_ch_price":0,"market_ch_sale_price":0,"market_ch_active":false,"market_ch_url":null,"market_ch_parent_url":"","market_ch_tax_rate":0,"market_ch_price_inc_tax":0,"market_ch_sale_price_inc_tax":0,"market_at_price":0,"market_at_sale_price":0,"market_at_active":false,"market_at_url":null,"market_at_parent_url":"","market_at_tax_rate":0,"market_at_price_inc_tax":0,"market_at_sale_price_inc_tax":0,"market_es_price":0,"market_es_sale_price":0,"market_es_active":false,"market_es_url":null,"market_es_parent_url":"","market_es_tax_rate":0,"market_es_price_inc_tax":0,"market_es_sale_price_inc_tax":0,"market_dk_price":0,"market_dk_sale_price":0,"market_dk_active":false,"market_dk_url":null,"market_dk_parent_url":"","market_dk_tax_rate":0,"market_dk_price_inc_tax":0,"market_dk_sale_price_inc_tax":0,"market_com_price":0,"market_com_sale_price":0,"market_com_active":false,"market_com_url":null,"market_com_parent_url":"","market_com_tax_rate":0,"market_com_price_inc_tax":0,"market_com_sale_price_inc_tax":0,"acf":[],"_links":{"self":[{"href":"https:\/\/www.pharmacy4pets.nl\/be\/wp-json\/wp\/v2\/product\/117485","targetHints":{"allow":["GET"]}}],"collection":[{"href":"https:\/\/www.pharmacy4pets.nl\/be\/wp-json\/wp\/v2\/product"}],"about":[{"href":"https:\/\/www.pharmacy4pets.nl\/be\/wp-json\/wp\/v2\/types\/product"}],"replies":[{"embeddable":true,"href":"https:\/\/www.pharmacy4pets.nl\/be\/wp-json\/wp\/v2\/comments?post=117485"}],"wp:featuredmedia":[{"embeddable":true,"href":"https:\/\/www.pharmacy4pets.nl\/be\/wp-json\/wp\/v2\/media\/117481"}],"wp:attachment":[{"href":"https:\/\/www.pharmacy4pets.nl\/be\/wp-json\/wp\/v2\/media?parent=117485"}],"wp:term":[{"taxonomy":"product_brand","embeddable":true,"href":"https:\/\/www.pharmacy4pets.nl\/be\/wp-json\/wp\/v2\/product_brand?post=117485"},{"taxonomy":"product_cat","embeddable":true,"href":"https:\/\/www.pharmacy4pets.nl\/be\/wp-json\/wp\/v2\/product_cat?post=117485"},{"taxonomy":"product_tag","embeddable":true,"href":"https:\/\/www.pharmacy4pets.nl\/be\/wp-json\/wp\/v2\/product_tag?post=117485"}],"curies":[{"name":"wp","href":"https:\/\/api.w.org\/{rel}","templated":true}]}}