{"id":117464,"date":"2016-10-25T12:28:43","date_gmt":"2016-10-25T12:28:43","guid":{"rendered":"https:\/\/p4p.test\/feliway-friends-starter-set-3"},"modified":"2026-04-14T08:02:09","modified_gmt":"2026-04-14T08:02:09","slug":"feliway-friends-starter-set","status":"publish","type":"product","link":"https:\/\/www.pharmacy4pets.nl\/be\/feliway-friends-starter-set","title":{"rendered":"Feliway Friends startset | Verdamper en flacon 48 ml"},"content":{"rendered":"<p style=\"text-align: justify;\"><span style=\"text-align: justify;\">Feliway Friends vermindert conflicten en spanningen tussen katten in \u00e9\u00e9n huishouden. Denk hierbij bijvoorbeeld aan vechten, staren, blokkeren, najagen of andere agressievormen. Feliway Friends v<\/span><span style=\"text-align: justify;\">ermindert vijandigheid tussen uw katten en zorgt ervoor dat ze gelukkig samen onder \u00e9\u00e9n dak kunnen leven. Dit komt door het Cat Appeasing Feromoon in het product. Dit feromoon produceert de moederpoes als ze haar kittens zoogt, om een band te cre\u00ebren tussen haar en de kittens. Ook als de kat ouder is herkent hij dit feromoon, waardoor hij rustiger zal worden.\u00a0<\/span><\/p>\n<p style=\"text-align: justify;\"><span style=\"text-decoration: underline;\"><span style=\"text-align: justify;\">Toediening:<br \/><\/span><\/span><span style=\"text-align: justify;\">U dient de verdamper in het stopcontact te plaatsen<\/span><\/p>\n<p style=\"text-align: justify;\"><span style=\"text-decoration: underline;\"><span style=\"text-align: justify;\">Verpakking:<br \/><\/span><\/span><span style=\"text-align: justify;\">De verpakking bevat een verdamper en een flacon van 48 ml.<\/span><\/p>\n<p><em>Let op! De verdamper is geschikt voor type C stopcontacten, voor gebruik bij andere stopcontacten zal een wereldstekker nodig zijn.<\/em><\/p>\n","protected":false},"excerpt":{"rendered":"<p>Feliway Friends vermindert conflicten en spanningen tussen katten in \u00e9\u00e9n huishouden. Denk hierbij bijvoorbeeld aan vechten, staren, blokkeren, najagen of andere agressievormen. Feliway Friends vermindert vijandigheid tussen uw katten en zorgt ervoor dat ze gelukkig samen onder \u00e9\u00e9n dak kunnen leven. Dit komt door het Cat Appeasing Feromoon in het product. Dit feromoon produceert de [&hellip;]<\/p>\n","protected":false},"featured_media":117460,"comment_status":"open","ping_status":"closed","template":"","meta":{"_acf_changed":false,"_nl_post_content":"<p style=\"text-align: justify;\"><span style=\"text-align: justify;\">Feliway Friends vermindert conflicten en spanningen tussen katten in \u00e9\u00e9n huishouden. Denk hierbij bijvoorbeeld aan vechten, staren, blokkeren, najagen of andere agressievormen. Feliway Friends v<\/span><span style=\"text-align: justify;\">ermindert vijandigheid tussen uw katten en zorgt ervoor dat ze gelukkig samen onder \u00e9\u00e9n dak kunnen leven. Dit komt door het Cat Appeasing Feromoon in het product. Dit feromoon produceert de moederpoes als ze haar kittens zoogt, om een band te cre\u00ebren tussen haar en de kittens. Ook als de kat ouder is herkent hij dit feromoon, waardoor hij rustiger zal worden.\u00a0<\/span><\/p>\n<p style=\"text-align: justify;\"><span style=\"text-decoration: underline;\"><span style=\"text-align: justify;\">Toediening:<br \/><\/span><\/span><span style=\"text-align: justify;\">U dient de verdamper in het stopcontact te plaatsen<\/span><\/p>\n<p style=\"text-align: justify;\"><span style=\"text-decoration: underline;\"><span style=\"text-align: justify;\">Verpakking:<br \/><\/span><\/span><span style=\"text-align: justify;\">De verpakking bevat een verdamper en een flacon van 48 ml.<\/span><\/p>\n<p><em>Let op! De verdamper is geschikt voor type C stopcontacten, voor gebruik bij andere stopcontacten zal een wereldstekker nodig zijn.<\/em><\/p>","_nl_post_name":"feliway-friends-starter-set","_nl_post_excerpt":"","_nl_post_title":"Feliway Friends startset | Verdamper en flacon 48 ml","_en_post_content":"<p style=\"text-align: justify;\"><span style=\"text-align: justify;\">Feliway Friends reduces tension and conflicts between cats in one houshold. For example fighting, hissing, growting, chasing and other forms of agression. Feliway Friends reduces hostility between your cats and provides a happy home for them. This is due to the Cat Appeasing Pheromone in the product. This is the same pheromone that the mother cat produces when she nurses her kittens. When your cat is older he will still recognise this pheromone, which will make your cat calmer.<\/span><\/p>\n<p style=\"text-align: justify;\"><span style=\"text-decoration: underline;\"><span style=\"text-align: justify;\">Administration:<br \/><\/span><\/span><span style=\"text-align: justify;\">Your should put the diffuser in the wall socket.<\/span><\/p>\n<p style=\"text-align: justify;\"><span style=\"text-decoration: underline;\"><span style=\"text-align: justify;\">Package:<br \/><\/span><\/span><span style=\"text-align: justify;\">The package contains a diffuser and a vial of 48 ml.<\/span><span style=\"text-decoration: underline;\"><span style=\"text-align: justify;\"><br \/><\/span><\/span><\/p>\n<p><em>Please note! The evaporator is suitable for type C sockets, a world plug will be required for use with other sockets.<\/em><\/p>","_en_post_name":"feliway-friends-starter-set","_en_post_excerpt":"","_en_post_title":"Feliway Friends Starter-Set | Diffuser and vial 48 ml","_de_post_content":"<p style=\"text-align: justify;\"><span style=\"text-align: justify;\">Feliway Friends hilft bei Konflikte und Spannunger schwissen Katzen in einem Haushalt. Das bedeutet zum Beispiel anstarren, jagen, k\u00e4mpfen, fauchen, weg versperren oder bei\u00dfen.\u00a0<\/span>Feliway Friends reduziert konflikverhalten schwissen Ihren Katzen und f\u00f6rdert das harmonische Zusammenleben. Das wird verwirklicht durch ein Pheromone, n\u00e4mlich das Cat Appeasing Pheromone. Dieses Pheromone produziert die mutter Katze wann Sie Ihre K\u00e4tzchen saugt. Auch wann Ihre Katze alter ist erkennt er das Pheromone. Dadurch werdet die Katze ruhig.<\/p>\n<p style=\"text-align: justify;\"><span style=\"text-decoration: underline;\">Anwendung:<\/span>Sie sollen die Verdampfer in die Steckdose verarbeiten.<\/p>\n<p style=\"text-align: justify;\"><span style=\"text-decoration: underline;\">Verpackung:<br \/><\/span>Die Verpackung enth\u00e4lt ein Verdampfer und ein Flakon von 48 ml.\u00a0<span style=\"text-decoration: underline;\"><br \/><\/span><\/p>\n<p><em>Bitte beachten Sie! Der Verdampfer ist f\u00fcr Steckdosen vom Typ C geeignet, f\u00fcr andere Steckdosen wird ein Weltstecker ben\u00f6tigt.<\/em><\/p>","_de_post_name":"feliway-friends-starter-set","_de_post_excerpt":"","_de_post_title":"Feliway Friends Starter-Set | Verdampfer und Flakon 48 ml","_fr_post_content":"<p>Feliway Friends r\u00e9duit les conflits et les tensions entre les chats dans un m\u00e9nage. Pensez, par exemple, \u00e0 des chats qui se battent, se fixent, se bloquent, se court apr\u00e8s ou d\u2019autres formes d\u2019agressivit\u00e9. Feliway Friends r\u00e9duit l\u2019hostilit\u00e9 entre les chats et fait qu\u2019ils puissent vivre tranquillement sous un toit. C\u2019est \u00e0 cause de la ph\u00e9romone Cat Appeasing dans le produit. Cette ph\u00e9romone est produite par la m\u00e8re lorsqu\u2019elle allaite ces chatons afin de cr\u00e9er un lien entre elle est ses chatons. M\u00eame si le chat est adulte, il reconnait cette ph\u00e9romone et deviendra plus calme. \u00a0<br \/><br \/><span style=\"text-decoration: underline;\">Application<\/span> : <br \/><br \/>Placez le diffuseur dans une prise de contact. \u00a0<br \/><br \/><span style=\"text-decoration: underline;\">Emballage<\/span> : <br \/><br \/>L\u2019emballage contient un diffuseur et un flacon de 48ml. Une recharge ne contient que la flacon de 48ml.<\/p>\n<p><em>Attention ! L'\u00e9vaporateur est adapt\u00e9 aux prises de courant de type C. Une fiche mondiale est n\u00e9cessaire pour les autres prises de courant.<\/em><\/p>","_fr_post_name":"feliway-friends-diffuseur-flacon-48-ml","_fr_post_excerpt":"","_fr_post_title":"Feliway Friends kit de d\u00e9part | Diffuseur et flacon 48 ml","_es_post_content":"<p>Feliway Friends reduce los conflictos y tensiones entre gatos que conviven en una casa.\u00a0 Se puede pensar en pelear, mirar fijamente, bloquear, perseguir u otras formas de agresividad. Feliway friends disminuye la hostilidad entre sus gatos y establece la harmon\u00eda entre los gatos para que puedan vivir felices juntos bajo el mismo techo. Esto se debe a la feromona apaciguadora de este producto. Es la feromona que la gata lactante produce para crear un v\u00ednculo entre ella y sus gatitos.\u00a0 Pero tambi\u00e9n el gato adulto reconoce esta feromona, que le ayudar\u00e1 en calmarse.<br \/><br \/><span style=\"text-decoration: underline;\">Uso<\/span><br \/>Hay que enchufar el difusor.<br \/><br \/><span style=\"text-decoration: underline;\">Envase<\/span><br \/>El envase contiene un difusor y un vial de 48 ml. El recambio es un vial de 48 ml.<\/p>\n<p><em>\u00a1Atenci\u00f3n! El evaporador es apto para enchufes de tipo C, para utilizarlo con otros enchufes se necesitar\u00e1 una clavija mundial.<\/em><\/p>","_es_post_name":"feliway-friends-difusor-y-recambio-48-ml","_es_post_excerpt":"","_es_post_title":"Feliway Friends Set Inicial | Difusor y recambio 48 ml","edit_language":"nl"},"product_brand":[],"product_cat":[2001,1924,1118,1871,1857,1885],"product_tag":[],"class_list":{"0":"post-117464","1":"product","2":"type-product","3":"status-publish","4":"has-post-thumbnail","6":"product_cat-angst-stress","7":"product_cat-feliway","8":"product_cat-katten","9":"product_cat-medicijnen-supplementen","10":"product_cat-merken","11":"product_cat-zenuwstelsel","12":"pa_aandoening-gedrag","13":"pa_doeldier-kat","14":"pa_fabricatieland-frankrijk","15":"pa_merkfilter-feliway","16":"pa_merkgroep-ceva","17":"pa_productsoort-overig","18":"pa_toedieningswijze-verdamper","19":"pa_unit_pricing_base_measure-1ct","20":"pa_unit_pricing_measure-1ct","21":"pa_werkzamestof-overig","23":"first","24":"instock","25":"taxable","26":"shipping-taxable","27":"purchasable","28":"product-type-simple"},"yoast_head":"<!-- This site is optimized with the Yoast SEO plugin v27.5 - https:\/\/yoast.com\/product\/yoast-seo-wordpress\/ -->\n<title>Feliway Friends startset | Verdamper en flacon 48 ml - Pharmacy4pets<\/title>\n<meta name=\"robots\" content=\"index, follow, max-snippet:-1, max-image-preview:large, max-video-preview:-1\" \/>\n<link rel=\"canonical\" href=\"https:\/\/p4p-nl.bootmine.com\/%product-slug%\/feliway-friends-starter-set\" \/>\n<meta property=\"og:locale\" content=\"nl_NL\" \/>\n<meta property=\"og:type\" content=\"article\" \/>\n<meta property=\"og:title\" content=\"Feliway Friends startset | Verdamper en flacon 48 ml - Pharmacy4pets\" \/>\n<meta property=\"og:description\" content=\"Feliway Friends vermindert conflicten en spanningen tussen katten in \u00e9\u00e9n huishouden. Denk hierbij bijvoorbeeld aan vechten, staren, blokkeren, najagen of andere agressievormen. Feliway Friends vermindert vijandigheid tussen uw katten en zorgt ervoor dat ze gelukkig samen onder \u00e9\u00e9n dak kunnen leven. Dit komt door het Cat Appeasing Feromoon in het product. Dit feromoon produceert de [&hellip;]\" \/>\n<meta property=\"og:url\" content=\"https:\/\/p4p-nl.bootmine.com\/%product-slug%\/feliway-friends-starter-set\" \/>\n<meta property=\"og:site_name\" content=\"Pharmacy4pets\" \/>\n<meta property=\"article:publisher\" content=\"https:\/\/www.facebook.com\/people\/Pharmacy4petsnl\/100063484989896\/\" \/>\n<meta property=\"article:modified_time\" content=\"2026-04-14T08:02:09+00:00\" \/>\n<meta property=\"og:image\" content=\"https:\/\/p4p-nl.bootmine.com\/wp-content\/uploads\/2016\/10\/22405_1_1.jpg\" \/>\n\t<meta property=\"og:image:width\" content=\"1016\" \/>\n\t<meta property=\"og:image:height\" content=\"751\" \/>\n\t<meta property=\"og:image:type\" content=\"image\/jpeg\" \/>\n<meta name=\"twitter:card\" content=\"summary_large_image\" \/>\n<meta name=\"twitter:label1\" content=\"Geschatte leestijd\" \/>\n\t<meta name=\"twitter:data1\" content=\"1 minuut\" \/>\n<script type=\"application\/ld+json\" class=\"yoast-schema-graph\">{\"@context\":\"https:\\\/\\\/schema.org\",\"@graph\":[{\"@type\":\"WebPage\",\"@id\":\"https:\\\/\\\/p4p-nl.bootmine.com\\\/%product-slug%\\\/feliway-friends-starter-set\",\"url\":\"https:\\\/\\\/p4p-nl.bootmine.com\\\/%product-slug%\\\/feliway-friends-starter-set\",\"name\":\"Feliway Friends startset | Verdamper en flacon 48 ml - Pharmacy4pets\",\"isPartOf\":{\"@id\":\"http:\\\/\\\/www.pharmacy4pets.nl\\\/#website\"},\"primaryImageOfPage\":{\"@id\":\"https:\\\/\\\/p4p-nl.bootmine.com\\\/%product-slug%\\\/feliway-friends-starter-set#primaryimage\"},\"image\":{\"@id\":\"https:\\\/\\\/p4p-nl.bootmine.com\\\/%product-slug%\\\/feliway-friends-starter-set#primaryimage\"},\"thumbnailUrl\":\"https:\\\/\\\/www.pharmacy4pets.nl\\\/wp-content\\\/uploads\\\/2016\\\/10\\\/22405_1_1.jpg\",\"datePublished\":\"2016-10-25T12:28:43+00:00\",\"dateModified\":\"2026-04-14T08:02:09+00:00\",\"breadcrumb\":{\"@id\":\"https:\\\/\\\/p4p-nl.bootmine.com\\\/%product-slug%\\\/feliway-friends-starter-set#breadcrumb\"},\"inLanguage\":\"nl-NL\",\"potentialAction\":[{\"@type\":\"ReadAction\",\"target\":[\"https:\\\/\\\/p4p-nl.bootmine.com\\\/%product-slug%\\\/feliway-friends-starter-set\"]}]},{\"@type\":\"ImageObject\",\"inLanguage\":\"nl-NL\",\"@id\":\"https:\\\/\\\/p4p-nl.bootmine.com\\\/%product-slug%\\\/feliway-friends-starter-set#primaryimage\",\"url\":\"https:\\\/\\\/www.pharmacy4pets.nl\\\/wp-content\\\/uploads\\\/2016\\\/10\\\/22405_1_1.jpg\",\"contentUrl\":\"https:\\\/\\\/www.pharmacy4pets.nl\\\/wp-content\\\/uploads\\\/2016\\\/10\\\/22405_1_1.jpg\",\"width\":1016,\"height\":751,\"caption\":\"Feliway\"},{\"@type\":\"BreadcrumbList\",\"@id\":\"https:\\\/\\\/p4p-nl.bootmine.com\\\/%product-slug%\\\/feliway-friends-starter-set#breadcrumb\",\"itemListElement\":[{\"@type\":\"ListItem\",\"position\":1,\"name\":\"Home\",\"item\":\"https:\\\/\\\/p4p-nl.bootmine.com\\\/\"},{\"@type\":\"ListItem\",\"position\":2,\"name\":\"Winkel\",\"item\":\"https:\\\/\\\/p4p-nl.bootmine.com\\\/winkel\"},{\"@type\":\"ListItem\",\"position\":3,\"name\":\"Feliway Friends startset | Verdamper en flacon 48 ml\"}]},{\"@type\":\"WebSite\",\"@id\":\"http:\\\/\\\/www.pharmacy4pets.nl\\\/#website\",\"url\":\"http:\\\/\\\/www.pharmacy4pets.nl\\\/\",\"name\":\"Pharmacy4pets\",\"description\":\"Pharmacy4pets.nl is d\u00e9 online apotheek waar u terecht kunt voor alle diergeneesmiddelen, verzorgingsproducten en dieetvoeding voor uw huisdier.\",\"publisher\":{\"@id\":\"http:\\\/\\\/www.pharmacy4pets.nl\\\/#organization\"},\"potentialAction\":[{\"@type\":\"SearchAction\",\"target\":{\"@type\":\"EntryPoint\",\"urlTemplate\":\"http:\\\/\\\/www.pharmacy4pets.nl\\\/?s={search_term_string}\"},\"query-input\":{\"@type\":\"PropertyValueSpecification\",\"valueRequired\":true,\"valueName\":\"search_term_string\"}}],\"inLanguage\":\"nl-NL\"},{\"@type\":\"Organization\",\"@id\":\"http:\\\/\\\/www.pharmacy4pets.nl\\\/#organization\",\"name\":\"Pharmacy4pets\",\"url\":\"http:\\\/\\\/www.pharmacy4pets.nl\\\/\",\"logo\":{\"@type\":\"ImageObject\",\"inLanguage\":\"nl-NL\",\"@id\":\"http:\\\/\\\/www.pharmacy4pets.nl\\\/#\\\/schema\\\/logo\\\/image\\\/\",\"url\":\"https:\\\/\\\/p4p-nl.bootmine.com\\\/wp-content\\\/uploads\\\/2026\\\/03\\\/logo-pharmacy4pets.png\",\"contentUrl\":\"https:\\\/\\\/p4p-nl.bootmine.com\\\/wp-content\\\/uploads\\\/2026\\\/03\\\/logo-pharmacy4pets.png\",\"width\":1024,\"height\":135,\"caption\":\"Pharmacy4pets\"},\"image\":{\"@id\":\"http:\\\/\\\/www.pharmacy4pets.nl\\\/#\\\/schema\\\/logo\\\/image\\\/\"},\"sameAs\":[\"https:\\\/\\\/www.facebook.com\\\/people\\\/Pharmacy4petsnl\\\/100063484989896\\\/\",\"https:\\\/\\\/www.youtube.com\\\/channel\\\/UCGPTIgucgli03tP2_kvLkHg\\\/featured\",\"https:\\\/\\\/www.instagram.com\\\/pharmacy4pets.nl\"]}]}<\/script>\n<!-- \/ Yoast SEO plugin. -->","yoast_head_json":{"title":"Feliway Friends startset | Verdamper en flacon 48 ml - Pharmacy4pets","robots":{"index":"index","follow":"follow","max-snippet":"max-snippet:-1","max-image-preview":"max-image-preview:large","max-video-preview":"max-video-preview:-1"},"canonical":"https:\/\/p4p-nl.bootmine.com\/%product-slug%\/feliway-friends-starter-set","og_locale":"nl_NL","og_type":"article","og_title":"Feliway Friends startset | Verdamper en flacon 48 ml - Pharmacy4pets","og_description":"Feliway Friends vermindert conflicten en spanningen tussen katten in \u00e9\u00e9n huishouden. Denk hierbij bijvoorbeeld aan vechten, staren, blokkeren, najagen of andere agressievormen. Feliway Friends vermindert vijandigheid tussen uw katten en zorgt ervoor dat ze gelukkig samen onder \u00e9\u00e9n dak kunnen leven. Dit komt door het Cat Appeasing Feromoon in het product. Dit feromoon produceert de [&hellip;]","og_url":"https:\/\/p4p-nl.bootmine.com\/%product-slug%\/feliway-friends-starter-set","og_site_name":"Pharmacy4pets","article_publisher":"https:\/\/www.facebook.com\/people\/Pharmacy4petsnl\/100063484989896\/","article_modified_time":"2026-04-14T08:02:09+00:00","og_image":[{"width":1016,"height":751,"url":"https:\/\/p4p-nl.bootmine.com\/wp-content\/uploads\/2016\/10\/22405_1_1.jpg","type":"image\/jpeg"}],"twitter_card":"summary_large_image","twitter_misc":{"Geschatte leestijd":"1 minuut"},"schema":{"@context":"https:\/\/schema.org","@graph":[{"@type":"WebPage","@id":"https:\/\/p4p-nl.bootmine.com\/%product-slug%\/feliway-friends-starter-set","url":"https:\/\/p4p-nl.bootmine.com\/%product-slug%\/feliway-friends-starter-set","name":"Feliway Friends startset | Verdamper en flacon 48 ml - Pharmacy4pets","isPartOf":{"@id":"http:\/\/www.pharmacy4pets.nl\/#website"},"primaryImageOfPage":{"@id":"https:\/\/p4p-nl.bootmine.com\/%product-slug%\/feliway-friends-starter-set#primaryimage"},"image":{"@id":"https:\/\/p4p-nl.bootmine.com\/%product-slug%\/feliway-friends-starter-set#primaryimage"},"thumbnailUrl":"https:\/\/www.pharmacy4pets.nl\/wp-content\/uploads\/2016\/10\/22405_1_1.jpg","datePublished":"2016-10-25T12:28:43+00:00","dateModified":"2026-04-14T08:02:09+00:00","breadcrumb":{"@id":"https:\/\/p4p-nl.bootmine.com\/%product-slug%\/feliway-friends-starter-set#breadcrumb"},"inLanguage":"nl-NL","potentialAction":[{"@type":"ReadAction","target":["https:\/\/p4p-nl.bootmine.com\/%product-slug%\/feliway-friends-starter-set"]}]},{"@type":"ImageObject","inLanguage":"nl-NL","@id":"https:\/\/p4p-nl.bootmine.com\/%product-slug%\/feliway-friends-starter-set#primaryimage","url":"https:\/\/www.pharmacy4pets.nl\/wp-content\/uploads\/2016\/10\/22405_1_1.jpg","contentUrl":"https:\/\/www.pharmacy4pets.nl\/wp-content\/uploads\/2016\/10\/22405_1_1.jpg","width":1016,"height":751,"caption":"Feliway"},{"@type":"BreadcrumbList","@id":"https:\/\/p4p-nl.bootmine.com\/%product-slug%\/feliway-friends-starter-set#breadcrumb","itemListElement":[{"@type":"ListItem","position":1,"name":"Home","item":"https:\/\/p4p-nl.bootmine.com\/"},{"@type":"ListItem","position":2,"name":"Winkel","item":"https:\/\/p4p-nl.bootmine.com\/winkel"},{"@type":"ListItem","position":3,"name":"Feliway Friends startset | Verdamper en flacon 48 ml"}]},{"@type":"WebSite","@id":"http:\/\/www.pharmacy4pets.nl\/#website","url":"http:\/\/www.pharmacy4pets.nl\/","name":"Pharmacy4pets","description":"Pharmacy4pets.nl is d\u00e9 online apotheek waar u terecht kunt voor alle diergeneesmiddelen, verzorgingsproducten en dieetvoeding voor uw huisdier.","publisher":{"@id":"http:\/\/www.pharmacy4pets.nl\/#organization"},"potentialAction":[{"@type":"SearchAction","target":{"@type":"EntryPoint","urlTemplate":"http:\/\/www.pharmacy4pets.nl\/?s={search_term_string}"},"query-input":{"@type":"PropertyValueSpecification","valueRequired":true,"valueName":"search_term_string"}}],"inLanguage":"nl-NL"},{"@type":"Organization","@id":"http:\/\/www.pharmacy4pets.nl\/#organization","name":"Pharmacy4pets","url":"http:\/\/www.pharmacy4pets.nl\/","logo":{"@type":"ImageObject","inLanguage":"nl-NL","@id":"http:\/\/www.pharmacy4pets.nl\/#\/schema\/logo\/image\/","url":"https:\/\/p4p-nl.bootmine.com\/wp-content\/uploads\/2026\/03\/logo-pharmacy4pets.png","contentUrl":"https:\/\/p4p-nl.bootmine.com\/wp-content\/uploads\/2026\/03\/logo-pharmacy4pets.png","width":1024,"height":135,"caption":"Pharmacy4pets"},"image":{"@id":"http:\/\/www.pharmacy4pets.nl\/#\/schema\/logo\/image\/"},"sameAs":["https:\/\/www.facebook.com\/people\/Pharmacy4petsnl\/100063484989896\/","https:\/\/www.youtube.com\/channel\/UCGPTIgucgli03tP2_kvLkHg\/featured","https:\/\/www.instagram.com\/pharmacy4pets.nl"]}]}},"market_data":{"nl":{"price":0,"sale_price":0,"active":false,"url":null,"parent_url":"","tax_rate":0,"price_inc_tax":0,"sale_price_inc_tax":0},"de":{"price":0,"sale_price":0,"active":false,"url":null,"parent_url":"","tax_rate":0,"price_inc_tax":0,"sale_price_inc_tax":0},"be":{"price":0,"sale_price":0,"active":false,"url":null,"parent_url":"","tax_rate":0,"price_inc_tax":0,"sale_price_inc_tax":0},"fr":{"price":0,"sale_price":0,"active":false,"url":null,"parent_url":"","tax_rate":0,"price_inc_tax":0,"sale_price_inc_tax":0},"ch":{"price":0,"sale_price":0,"active":false,"url":null,"parent_url":"","tax_rate":0,"price_inc_tax":0,"sale_price_inc_tax":0},"at":{"price":0,"sale_price":0,"active":false,"url":null,"parent_url":"","tax_rate":0,"price_inc_tax":0,"sale_price_inc_tax":0},"es":{"price":0,"sale_price":0,"active":false,"url":null,"parent_url":"","tax_rate":0,"price_inc_tax":0,"sale_price_inc_tax":0},"dk":{"price":0,"sale_price":0,"active":false,"url":null,"parent_url":"","tax_rate":0,"price_inc_tax":0,"sale_price_inc_tax":0},"com":{"price":0,"sale_price":0,"active":false,"url":null,"parent_url":"","tax_rate":0,"price_inc_tax":0,"sale_price_inc_tax":0}},"market_nl_price":0,"market_nl_sale_price":0,"market_nl_active":false,"market_nl_url":null,"market_nl_parent_url":"","market_nl_tax_rate":0,"market_nl_price_inc_tax":0,"market_nl_sale_price_inc_tax":0,"market_de_price":0,"market_de_sale_price":0,"market_de_active":false,"market_de_url":null,"market_de_parent_url":"","market_de_tax_rate":0,"market_de_price_inc_tax":0,"market_de_sale_price_inc_tax":0,"market_be_price":0,"market_be_sale_price":0,"market_be_active":false,"market_be_url":null,"market_be_parent_url":"","market_be_tax_rate":0,"market_be_price_inc_tax":0,"market_be_sale_price_inc_tax":0,"market_fr_price":0,"market_fr_sale_price":0,"market_fr_active":false,"market_fr_url":null,"market_fr_parent_url":"","market_fr_tax_rate":0,"market_fr_price_inc_tax":0,"market_fr_sale_price_inc_tax":0,"market_ch_price":0,"market_ch_sale_price":0,"market_ch_active":false,"market_ch_url":null,"market_ch_parent_url":"","market_ch_tax_rate":0,"market_ch_price_inc_tax":0,"market_ch_sale_price_inc_tax":0,"market_at_price":0,"market_at_sale_price":0,"market_at_active":false,"market_at_url":null,"market_at_parent_url":"","market_at_tax_rate":0,"market_at_price_inc_tax":0,"market_at_sale_price_inc_tax":0,"market_es_price":0,"market_es_sale_price":0,"market_es_active":false,"market_es_url":null,"market_es_parent_url":"","market_es_tax_rate":0,"market_es_price_inc_tax":0,"market_es_sale_price_inc_tax":0,"market_dk_price":0,"market_dk_sale_price":0,"market_dk_active":false,"market_dk_url":null,"market_dk_parent_url":"","market_dk_tax_rate":0,"market_dk_price_inc_tax":0,"market_dk_sale_price_inc_tax":0,"market_com_price":0,"market_com_sale_price":0,"market_com_active":false,"market_com_url":null,"market_com_parent_url":"","market_com_tax_rate":0,"market_com_price_inc_tax":0,"market_com_sale_price_inc_tax":0,"acf":[],"_links":{"self":[{"href":"https:\/\/www.pharmacy4pets.nl\/be\/wp-json\/wp\/v2\/product\/117464","targetHints":{"allow":["GET"]}}],"collection":[{"href":"https:\/\/www.pharmacy4pets.nl\/be\/wp-json\/wp\/v2\/product"}],"about":[{"href":"https:\/\/www.pharmacy4pets.nl\/be\/wp-json\/wp\/v2\/types\/product"}],"replies":[{"embeddable":true,"href":"https:\/\/www.pharmacy4pets.nl\/be\/wp-json\/wp\/v2\/comments?post=117464"}],"wp:featuredmedia":[{"embeddable":true,"href":"https:\/\/www.pharmacy4pets.nl\/be\/wp-json\/wp\/v2\/media\/117460"}],"wp:attachment":[{"href":"https:\/\/www.pharmacy4pets.nl\/be\/wp-json\/wp\/v2\/media?parent=117464"}],"wp:term":[{"taxonomy":"product_brand","embeddable":true,"href":"https:\/\/www.pharmacy4pets.nl\/be\/wp-json\/wp\/v2\/product_brand?post=117464"},{"taxonomy":"product_cat","embeddable":true,"href":"https:\/\/www.pharmacy4pets.nl\/be\/wp-json\/wp\/v2\/product_cat?post=117464"},{"taxonomy":"product_tag","embeddable":true,"href":"https:\/\/www.pharmacy4pets.nl\/be\/wp-json\/wp\/v2\/product_tag?post=117464"}],"curies":[{"name":"wp","href":"https:\/\/api.w.org\/{rel}","templated":true}]}}