{"id":117442,"date":"2016-10-13T08:05:52","date_gmt":"2016-10-13T08:05:52","guid":{"rendered":"https:\/\/p4p.test\/visio-light-led-halsband-kat-roze"},"modified":"2026-03-25T11:56:16","modified_gmt":"2026-03-25T11:56:16","slug":"visio-light-led-halsband-kat-roze","status":"publish","type":"product","link":"https:\/\/www.pharmacy4pets.nl\/be\/visio-light-led-halsband-kat-roze","title":{"rendered":"Visio Light LED halsband Kat roze"},"content":{"rendered":"<p style=\"text-align: justify;\">Visio Light LED halsband Kat roze is een lichtgevende halsband die tot een afstand van 500 meter zichtbaar is. De halsband is waterresistent en kan op 2 standen ingesteld worden: op continu licht en op knipperlicht. De halsband is heroplaadbaar doordat deze met behulp van de bijgeleverde USB-kabel eenvoudig aangesloten kan worden op de computer. U hoeft dus geen batterijen te gebruiken! De halsband heeft een lengte van 35 cm en kan op iedere gewenste lengte tot een lengte van 20 cm ingekort worden. Hierdoor is de halsband voor iedere kat op maat te maken. De Visio Light LED halsband voor katten worden geleverd inclusief USB-kabel. De roze halsband bevat witte led-lampjes.<\/p>\n","protected":false},"excerpt":{"rendered":"<p>Visio Light LED halsband Kat roze is een lichtgevende halsband die tot een afstand van 500 meter zichtbaar is. De halsband is waterresistent en kan op 2 standen ingesteld worden: op continu licht en op knipperlicht. De halsband is heroplaadbaar doordat deze met behulp van de bijgeleverde USB-kabel eenvoudig aangesloten kan worden op de computer. [&hellip;]<\/p>\n","protected":false},"featured_media":117438,"comment_status":"open","ping_status":"closed","template":"","meta":{"_acf_changed":false,"_nl_post_content":"<p style=\"text-align: justify;\">Visio Light LED halsband Kat roze is een lichtgevende halsband die tot een afstand van 500 meter zichtbaar is. De halsband is waterresistent en kan op 2 standen ingesteld worden: op continu licht en op knipperlicht. De halsband is heroplaadbaar doordat deze met behulp van de bijgeleverde USB-kabel eenvoudig aangesloten kan worden op de computer. U hoeft dus geen batterijen te gebruiken! De halsband heeft een lengte van 35 cm en kan op iedere gewenste lengte tot een lengte van 20 cm ingekort worden. Hierdoor is de halsband voor iedere kat op maat te maken. De Visio Light LED halsband voor katten worden geleverd inclusief USB-kabel. De roze halsband bevat witte led-lampjes.<\/p>","_nl_post_name":"visio-light-led-halsband-kat-roze","_nl_post_excerpt":"","_nl_post_title":"Visio Light LED halsband Kat roze","_en_post_content":"<p style=\"text-align: justify;\">Visio Light LED collar cat pink&nbsp;is a luminous collar that is visible from a distance of up to 500 meter. The collar is water resistant and has 2 options: continuous light and flashing light. The collar is rechargeable by using the USB cable to connect the collar to the computer. You don&rsquo;t need to use batteries! The collar has a length of 35 cm and can be shortened to any desired length up to a length of 20 cm. In this way, the collar fits for every cat. The Visio Light LED collar for cats comes with a USB cable. The pink collar contains white LED lights.<\/p>","_en_post_name":"visio-light-led-halsband-kat-roze","_en_post_excerpt":"","_en_post_title":"Visio Light LED collar cat pink","_de_post_content":"<p style=\"text-align: justify;\">Visio Light LED-Halsband f&uuml;r Katze ist ein Leuchthalsband, die bis zu einer Entfernung von 500 Meter sichtbar ist. Der Kragen ist wasserdicht und hat 2 Optionen: Dauerlicht und Blinklicht. Der Kragen ist wiederaufladbar und kann mithilfe des USB-Kabels an den Computer angeschlossen werden. Sie brauchen keine Batterien! Der Kragen hat eine L&auml;nge von 35 cm und kann in jeder gew&uuml;nschten L&auml;nge bis zu einer L&auml;nge von 20 cm verk&uuml;rzt werden. Auf diese Weise passt sich das Halsband f&uuml;r jeden Katze. Das Visio Light LED-Halsband f&uuml;r Katze kommt mit einem USB-Kabel. Die rosa Halsband enth\u00e4lt gelbe LED-Leuchten.<\/p>","_de_post_name":"visio-light-led-halsband-kat-roze","_de_post_excerpt":"","_de_post_title":"Visio Light LED-Halsband Katze Rosa","_fr_post_content":"Visio Light LED collier Chat est un collier lumineux visible jusqu'\u00e0 une distance de 500 m\u00e8tres. Le collier est r\u00e9sistant \u00e0 l'eau et peut \u00eatre r\u00e9gl\u00e9 sur 2 r\u00e9glages : lumi\u00e8re continue et lumi\u00e8re clignotante. Le collier est rechargeable car il peut facilement \u00eatre connect\u00e9 \u00e0 l'ordinateur \u00e0 l'aide du c\u00e2ble USB fourni. Vous n'avez donc pas besoin d'utiliser de piles ! Le collier a une longueur de 35 cm et peut \u00eatre raccourci \u00e0 la longueur souhait\u00e9e jusqu'\u00e0 20 cm. Cela rend le collier personnalisable pour chaque chat. Le collier LED Visio Light pour chat est livr\u00e9 avec un c\u00e2ble USB. Le collier est disponible en rouge, rose, noir ou orange.","_fr_post_name":"visio-light-led-collier-chat-rose","_fr_post_excerpt":"","_fr_post_title":"Collier LED Visio Light chat | Rose","_es_post_content":"<p style=\"text-align: justify;\">El collar para gatos Visio Light LED es un collar luminoso que es visible hasta una distancia de 500 metros. El collar es resistente al agua y se puede configurar en 2 posiciones: luz continua y luz intermitente. El collar es recargable porque se puede conectar f\u00e1cilmente a la computadora usando el cable USB suministrado. \u00a1As\u00ed que no necesitas usar pilas! El collar tiene una longitud de 35 cm y se puede acortar a cualquier longitud deseada hasta una longitud de 20 cm. Esto hace posible adaptar el collar para cada gato. El collar Visio Light LED para gatos viene con un cable USB.\u00a0<\/p>","_es_post_name":"visio-light-led-collar-gatos-rosa","_es_post_excerpt":"","_es_post_title":"Visio Light LED collar para gatos | Rosa","edit_language":"nl"},"product_brand":[],"product_cat":[1891,1118,1857,1894,1966],"product_tag":[],"class_list":{"0":"post-117442","1":"product","2":"type-product","3":"status-publish","4":"has-post-thumbnail","6":"product_cat-benodigdheden","7":"product_cat-katten","8":"product_cat-merken","9":"product_cat-veiligheid","10":"product_cat-visio","11":"pa_aandoening-overig","12":"pa_doeldier-kat","13":"pa_fabricatieland-belgie","14":"pa_merkfilter-flamingo","15":"pa_merkgroep-flamingo","16":"pa_productsoort-overig","17":"pa_seo_canonical_store_id-not_found_value","18":"pa_seo_category-not_found_value","19":"pa_seo_meta_robots-not_found_value","20":"pa_toedieningswijze-halsband","21":"pa_unit_pricing_base_measure-1ct","22":"pa_unit_pricing_measure-1ct","23":"pa_werkzamestof-overig","25":"first","26":"instock","27":"taxable","28":"shipping-taxable","29":"purchasable","30":"product-type-simple"},"yoast_head":"<!-- This site is optimized with the Yoast SEO plugin v27.5 - https:\/\/yoast.com\/product\/yoast-seo-wordpress\/ -->\n<title>Visio Light LED hondenhalsband wit<\/title>\n<meta name=\"description\" content=\"Visio Light LED hondenhalsband is een lichtgevende halsband die tot een afstand van 500 meter zichtbaar is. De halsband is verkrijgbaar in leuke kleuren!\" \/>\n<meta name=\"robots\" content=\"index, follow, max-snippet:-1, max-image-preview:large, max-video-preview:-1\" \/>\n<link rel=\"canonical\" href=\"https:\/\/p4p-nl.bootmine.com\/%product-slug%\/visio-light-led-halsband-kat-roze\" \/>\n<meta property=\"og:locale\" content=\"nl_NL\" \/>\n<meta property=\"og:type\" content=\"article\" \/>\n<meta property=\"og:title\" content=\"Visio Light LED hondenhalsband wit\" \/>\n<meta property=\"og:description\" content=\"Visio Light LED hondenhalsband is een lichtgevende halsband die tot een afstand van 500 meter zichtbaar is. De halsband is verkrijgbaar in leuke kleuren!\" \/>\n<meta property=\"og:url\" content=\"https:\/\/p4p-nl.bootmine.com\/%product-slug%\/visio-light-led-halsband-kat-roze\" \/>\n<meta property=\"og:site_name\" content=\"Pharmacy4pets\" \/>\n<meta property=\"article:publisher\" content=\"https:\/\/www.facebook.com\/people\/Pharmacy4petsnl\/100063484989896\/\" \/>\n<meta property=\"article:modified_time\" content=\"2026-03-25T11:56:16+00:00\" \/>\n<meta property=\"og:image\" content=\"https:\/\/p4p-nl.bootmine.com\/wp-content\/uploads\/2016\/10\/23014.JPG\" \/>\n\t<meta property=\"og:image:width\" content=\"414\" \/>\n\t<meta property=\"og:image:height\" content=\"600\" \/>\n\t<meta property=\"og:image:type\" content=\"image\/jpeg\" \/>\n<meta name=\"twitter:card\" content=\"summary_large_image\" \/>\n<meta name=\"twitter:label1\" content=\"Geschatte leestijd\" \/>\n\t<meta name=\"twitter:data1\" content=\"1 minuut\" \/>\n<script type=\"application\/ld+json\" class=\"yoast-schema-graph\">{\"@context\":\"https:\\\/\\\/schema.org\",\"@graph\":[{\"@type\":\"WebPage\",\"@id\":\"https:\\\/\\\/p4p-nl.bootmine.com\\\/%product-slug%\\\/visio-light-led-halsband-kat-roze\",\"url\":\"https:\\\/\\\/p4p-nl.bootmine.com\\\/%product-slug%\\\/visio-light-led-halsband-kat-roze\",\"name\":\"Visio Light LED hondenhalsband wit\",\"isPartOf\":{\"@id\":\"http:\\\/\\\/www.pharmacy4pets.nl\\\/#website\"},\"primaryImageOfPage\":{\"@id\":\"https:\\\/\\\/p4p-nl.bootmine.com\\\/%product-slug%\\\/visio-light-led-halsband-kat-roze#primaryimage\"},\"image\":{\"@id\":\"https:\\\/\\\/p4p-nl.bootmine.com\\\/%product-slug%\\\/visio-light-led-halsband-kat-roze#primaryimage\"},\"thumbnailUrl\":\"https:\\\/\\\/www.pharmacy4pets.nl\\\/wp-content\\\/uploads\\\/2016\\\/10\\\/23014.JPG\",\"datePublished\":\"2016-10-13T08:05:52+00:00\",\"dateModified\":\"2026-03-25T11:56:16+00:00\",\"description\":\"Visio Light LED hondenhalsband is een lichtgevende halsband die tot een afstand van 500 meter zichtbaar is. De halsband is verkrijgbaar in leuke kleuren!\",\"breadcrumb\":{\"@id\":\"https:\\\/\\\/p4p-nl.bootmine.com\\\/%product-slug%\\\/visio-light-led-halsband-kat-roze#breadcrumb\"},\"inLanguage\":\"nl-NL\",\"potentialAction\":[{\"@type\":\"ReadAction\",\"target\":[\"https:\\\/\\\/p4p-nl.bootmine.com\\\/%product-slug%\\\/visio-light-led-halsband-kat-roze\"]}]},{\"@type\":\"ImageObject\",\"inLanguage\":\"nl-NL\",\"@id\":\"https:\\\/\\\/p4p-nl.bootmine.com\\\/%product-slug%\\\/visio-light-led-halsband-kat-roze#primaryimage\",\"url\":\"https:\\\/\\\/www.pharmacy4pets.nl\\\/wp-content\\\/uploads\\\/2016\\\/10\\\/23014.JPG\",\"contentUrl\":\"https:\\\/\\\/www.pharmacy4pets.nl\\\/wp-content\\\/uploads\\\/2016\\\/10\\\/23014.JPG\",\"width\":414,\"height\":600,\"caption\":\"Flamingo\"},{\"@type\":\"BreadcrumbList\",\"@id\":\"https:\\\/\\\/p4p-nl.bootmine.com\\\/%product-slug%\\\/visio-light-led-halsband-kat-roze#breadcrumb\",\"itemListElement\":[{\"@type\":\"ListItem\",\"position\":1,\"name\":\"Home\",\"item\":\"https:\\\/\\\/p4p-nl.bootmine.com\\\/\"},{\"@type\":\"ListItem\",\"position\":2,\"name\":\"Winkel\",\"item\":\"https:\\\/\\\/p4p-nl.bootmine.com\\\/winkel\"},{\"@type\":\"ListItem\",\"position\":3,\"name\":\"Visio Light LED halsband Kat roze\"}]},{\"@type\":\"WebSite\",\"@id\":\"http:\\\/\\\/www.pharmacy4pets.nl\\\/#website\",\"url\":\"http:\\\/\\\/www.pharmacy4pets.nl\\\/\",\"name\":\"Pharmacy4pets\",\"description\":\"Pharmacy4pets.nl is d\u00e9 online apotheek waar u terecht kunt voor alle diergeneesmiddelen, verzorgingsproducten en dieetvoeding voor uw huisdier.\",\"publisher\":{\"@id\":\"http:\\\/\\\/www.pharmacy4pets.nl\\\/#organization\"},\"potentialAction\":[{\"@type\":\"SearchAction\",\"target\":{\"@type\":\"EntryPoint\",\"urlTemplate\":\"http:\\\/\\\/www.pharmacy4pets.nl\\\/?s={search_term_string}\"},\"query-input\":{\"@type\":\"PropertyValueSpecification\",\"valueRequired\":true,\"valueName\":\"search_term_string\"}}],\"inLanguage\":\"nl-NL\"},{\"@type\":\"Organization\",\"@id\":\"http:\\\/\\\/www.pharmacy4pets.nl\\\/#organization\",\"name\":\"Pharmacy4pets\",\"url\":\"http:\\\/\\\/www.pharmacy4pets.nl\\\/\",\"logo\":{\"@type\":\"ImageObject\",\"inLanguage\":\"nl-NL\",\"@id\":\"http:\\\/\\\/www.pharmacy4pets.nl\\\/#\\\/schema\\\/logo\\\/image\\\/\",\"url\":\"https:\\\/\\\/p4p-nl.bootmine.com\\\/wp-content\\\/uploads\\\/2026\\\/03\\\/logo-pharmacy4pets.png\",\"contentUrl\":\"https:\\\/\\\/p4p-nl.bootmine.com\\\/wp-content\\\/uploads\\\/2026\\\/03\\\/logo-pharmacy4pets.png\",\"width\":1024,\"height\":135,\"caption\":\"Pharmacy4pets\"},\"image\":{\"@id\":\"http:\\\/\\\/www.pharmacy4pets.nl\\\/#\\\/schema\\\/logo\\\/image\\\/\"},\"sameAs\":[\"https:\\\/\\\/www.facebook.com\\\/people\\\/Pharmacy4petsnl\\\/100063484989896\\\/\",\"https:\\\/\\\/www.youtube.com\\\/channel\\\/UCGPTIgucgli03tP2_kvLkHg\\\/featured\",\"https:\\\/\\\/www.instagram.com\\\/pharmacy4pets.nl\"]}]}<\/script>\n<!-- \/ Yoast SEO plugin. -->","yoast_head_json":{"title":"Visio Light LED hondenhalsband wit","description":"Visio Light LED hondenhalsband is een lichtgevende halsband die tot een afstand van 500 meter zichtbaar is. De halsband is verkrijgbaar in leuke kleuren!","robots":{"index":"index","follow":"follow","max-snippet":"max-snippet:-1","max-image-preview":"max-image-preview:large","max-video-preview":"max-video-preview:-1"},"canonical":"https:\/\/p4p-nl.bootmine.com\/%product-slug%\/visio-light-led-halsband-kat-roze","og_locale":"nl_NL","og_type":"article","og_title":"Visio Light LED hondenhalsband wit","og_description":"Visio Light LED hondenhalsband is een lichtgevende halsband die tot een afstand van 500 meter zichtbaar is. De halsband is verkrijgbaar in leuke kleuren!","og_url":"https:\/\/p4p-nl.bootmine.com\/%product-slug%\/visio-light-led-halsband-kat-roze","og_site_name":"Pharmacy4pets","article_publisher":"https:\/\/www.facebook.com\/people\/Pharmacy4petsnl\/100063484989896\/","article_modified_time":"2026-03-25T11:56:16+00:00","og_image":[{"width":414,"height":600,"url":"https:\/\/p4p-nl.bootmine.com\/wp-content\/uploads\/2016\/10\/23014.JPG","type":"image\/jpeg"}],"twitter_card":"summary_large_image","twitter_misc":{"Geschatte leestijd":"1 minuut"},"schema":{"@context":"https:\/\/schema.org","@graph":[{"@type":"WebPage","@id":"https:\/\/p4p-nl.bootmine.com\/%product-slug%\/visio-light-led-halsband-kat-roze","url":"https:\/\/p4p-nl.bootmine.com\/%product-slug%\/visio-light-led-halsband-kat-roze","name":"Visio Light LED hondenhalsband wit","isPartOf":{"@id":"http:\/\/www.pharmacy4pets.nl\/#website"},"primaryImageOfPage":{"@id":"https:\/\/p4p-nl.bootmine.com\/%product-slug%\/visio-light-led-halsband-kat-roze#primaryimage"},"image":{"@id":"https:\/\/p4p-nl.bootmine.com\/%product-slug%\/visio-light-led-halsband-kat-roze#primaryimage"},"thumbnailUrl":"https:\/\/www.pharmacy4pets.nl\/wp-content\/uploads\/2016\/10\/23014.JPG","datePublished":"2016-10-13T08:05:52+00:00","dateModified":"2026-03-25T11:56:16+00:00","description":"Visio Light LED hondenhalsband is een lichtgevende halsband die tot een afstand van 500 meter zichtbaar is. De halsband is verkrijgbaar in leuke kleuren!","breadcrumb":{"@id":"https:\/\/p4p-nl.bootmine.com\/%product-slug%\/visio-light-led-halsband-kat-roze#breadcrumb"},"inLanguage":"nl-NL","potentialAction":[{"@type":"ReadAction","target":["https:\/\/p4p-nl.bootmine.com\/%product-slug%\/visio-light-led-halsband-kat-roze"]}]},{"@type":"ImageObject","inLanguage":"nl-NL","@id":"https:\/\/p4p-nl.bootmine.com\/%product-slug%\/visio-light-led-halsband-kat-roze#primaryimage","url":"https:\/\/www.pharmacy4pets.nl\/wp-content\/uploads\/2016\/10\/23014.JPG","contentUrl":"https:\/\/www.pharmacy4pets.nl\/wp-content\/uploads\/2016\/10\/23014.JPG","width":414,"height":600,"caption":"Flamingo"},{"@type":"BreadcrumbList","@id":"https:\/\/p4p-nl.bootmine.com\/%product-slug%\/visio-light-led-halsband-kat-roze#breadcrumb","itemListElement":[{"@type":"ListItem","position":1,"name":"Home","item":"https:\/\/p4p-nl.bootmine.com\/"},{"@type":"ListItem","position":2,"name":"Winkel","item":"https:\/\/p4p-nl.bootmine.com\/winkel"},{"@type":"ListItem","position":3,"name":"Visio Light LED halsband Kat roze"}]},{"@type":"WebSite","@id":"http:\/\/www.pharmacy4pets.nl\/#website","url":"http:\/\/www.pharmacy4pets.nl\/","name":"Pharmacy4pets","description":"Pharmacy4pets.nl is d\u00e9 online apotheek waar u terecht kunt voor alle diergeneesmiddelen, verzorgingsproducten en dieetvoeding voor uw huisdier.","publisher":{"@id":"http:\/\/www.pharmacy4pets.nl\/#organization"},"potentialAction":[{"@type":"SearchAction","target":{"@type":"EntryPoint","urlTemplate":"http:\/\/www.pharmacy4pets.nl\/?s={search_term_string}"},"query-input":{"@type":"PropertyValueSpecification","valueRequired":true,"valueName":"search_term_string"}}],"inLanguage":"nl-NL"},{"@type":"Organization","@id":"http:\/\/www.pharmacy4pets.nl\/#organization","name":"Pharmacy4pets","url":"http:\/\/www.pharmacy4pets.nl\/","logo":{"@type":"ImageObject","inLanguage":"nl-NL","@id":"http:\/\/www.pharmacy4pets.nl\/#\/schema\/logo\/image\/","url":"https:\/\/p4p-nl.bootmine.com\/wp-content\/uploads\/2026\/03\/logo-pharmacy4pets.png","contentUrl":"https:\/\/p4p-nl.bootmine.com\/wp-content\/uploads\/2026\/03\/logo-pharmacy4pets.png","width":1024,"height":135,"caption":"Pharmacy4pets"},"image":{"@id":"http:\/\/www.pharmacy4pets.nl\/#\/schema\/logo\/image\/"},"sameAs":["https:\/\/www.facebook.com\/people\/Pharmacy4petsnl\/100063484989896\/","https:\/\/www.youtube.com\/channel\/UCGPTIgucgli03tP2_kvLkHg\/featured","https:\/\/www.instagram.com\/pharmacy4pets.nl"]}]}},"market_data":{"nl":{"price":0,"sale_price":0,"active":false,"url":null,"parent_url":"","tax_rate":0,"price_inc_tax":0,"sale_price_inc_tax":0},"de":{"price":0,"sale_price":0,"active":false,"url":null,"parent_url":"","tax_rate":0,"price_inc_tax":0,"sale_price_inc_tax":0},"be":{"price":0,"sale_price":0,"active":false,"url":null,"parent_url":"","tax_rate":0,"price_inc_tax":0,"sale_price_inc_tax":0},"fr":{"price":0,"sale_price":0,"active":false,"url":null,"parent_url":"","tax_rate":0,"price_inc_tax":0,"sale_price_inc_tax":0},"ch":{"price":0,"sale_price":0,"active":false,"url":null,"parent_url":"","tax_rate":0,"price_inc_tax":0,"sale_price_inc_tax":0},"at":{"price":0,"sale_price":0,"active":false,"url":null,"parent_url":"","tax_rate":0,"price_inc_tax":0,"sale_price_inc_tax":0},"es":{"price":0,"sale_price":0,"active":false,"url":null,"parent_url":"","tax_rate":0,"price_inc_tax":0,"sale_price_inc_tax":0},"dk":{"price":0,"sale_price":0,"active":false,"url":null,"parent_url":"","tax_rate":0,"price_inc_tax":0,"sale_price_inc_tax":0},"com":{"price":0,"sale_price":0,"active":false,"url":null,"parent_url":"","tax_rate":0,"price_inc_tax":0,"sale_price_inc_tax":0}},"market_nl_price":0,"market_nl_sale_price":0,"market_nl_active":false,"market_nl_url":null,"market_nl_parent_url":"","market_nl_tax_rate":0,"market_nl_price_inc_tax":0,"market_nl_sale_price_inc_tax":0,"market_de_price":0,"market_de_sale_price":0,"market_de_active":false,"market_de_url":null,"market_de_parent_url":"","market_de_tax_rate":0,"market_de_price_inc_tax":0,"market_de_sale_price_inc_tax":0,"market_be_price":0,"market_be_sale_price":0,"market_be_active":false,"market_be_url":null,"market_be_parent_url":"","market_be_tax_rate":0,"market_be_price_inc_tax":0,"market_be_sale_price_inc_tax":0,"market_fr_price":0,"market_fr_sale_price":0,"market_fr_active":false,"market_fr_url":null,"market_fr_parent_url":"","market_fr_tax_rate":0,"market_fr_price_inc_tax":0,"market_fr_sale_price_inc_tax":0,"market_ch_price":0,"market_ch_sale_price":0,"market_ch_active":false,"market_ch_url":null,"market_ch_parent_url":"","market_ch_tax_rate":0,"market_ch_price_inc_tax":0,"market_ch_sale_price_inc_tax":0,"market_at_price":0,"market_at_sale_price":0,"market_at_active":false,"market_at_url":null,"market_at_parent_url":"","market_at_tax_rate":0,"market_at_price_inc_tax":0,"market_at_sale_price_inc_tax":0,"market_es_price":0,"market_es_sale_price":0,"market_es_active":false,"market_es_url":null,"market_es_parent_url":"","market_es_tax_rate":0,"market_es_price_inc_tax":0,"market_es_sale_price_inc_tax":0,"market_dk_price":0,"market_dk_sale_price":0,"market_dk_active":false,"market_dk_url":null,"market_dk_parent_url":"","market_dk_tax_rate":0,"market_dk_price_inc_tax":0,"market_dk_sale_price_inc_tax":0,"market_com_price":0,"market_com_sale_price":0,"market_com_active":false,"market_com_url":null,"market_com_parent_url":"","market_com_tax_rate":0,"market_com_price_inc_tax":0,"market_com_sale_price_inc_tax":0,"acf":[],"_links":{"self":[{"href":"https:\/\/www.pharmacy4pets.nl\/be\/wp-json\/wp\/v2\/product\/117442","targetHints":{"allow":["GET"]}}],"collection":[{"href":"https:\/\/www.pharmacy4pets.nl\/be\/wp-json\/wp\/v2\/product"}],"about":[{"href":"https:\/\/www.pharmacy4pets.nl\/be\/wp-json\/wp\/v2\/types\/product"}],"replies":[{"embeddable":true,"href":"https:\/\/www.pharmacy4pets.nl\/be\/wp-json\/wp\/v2\/comments?post=117442"}],"wp:featuredmedia":[{"embeddable":true,"href":"https:\/\/www.pharmacy4pets.nl\/be\/wp-json\/wp\/v2\/media\/117438"}],"wp:attachment":[{"href":"https:\/\/www.pharmacy4pets.nl\/be\/wp-json\/wp\/v2\/media?parent=117442"}],"wp:term":[{"taxonomy":"product_brand","embeddable":true,"href":"https:\/\/www.pharmacy4pets.nl\/be\/wp-json\/wp\/v2\/product_brand?post=117442"},{"taxonomy":"product_cat","embeddable":true,"href":"https:\/\/www.pharmacy4pets.nl\/be\/wp-json\/wp\/v2\/product_cat?post=117442"},{"taxonomy":"product_tag","embeddable":true,"href":"https:\/\/www.pharmacy4pets.nl\/be\/wp-json\/wp\/v2\/product_tag?post=117442"}],"curies":[{"name":"wp","href":"https:\/\/api.w.org\/{rel}","templated":true}]}}