{"id":117376,"date":"2016-09-08T15:33:39","date_gmt":"2016-09-08T15:33:39","guid":{"rendered":"https:\/\/p4p.test\/hexarinse-mondspoelvloeistof"},"modified":"2026-04-14T08:02:07","modified_gmt":"2026-04-14T08:02:07","slug":"hexarinse-mondspoelvloeistof","status":"publish","type":"product","link":"https:\/\/www.pharmacy4pets.nl\/be\/hexarinse-mondspoelvloeistof","title":{"rendered":"Hexarinse mondspoelvloeistof 237 ml"},"content":{"rendered":"<p>Hexarinse is een spoelvloeistof die ervoor zorgt dat uw hond of kat een schoon gebit krijgt. De vloeistof is verzachtend, verfrissend en smakelijke. Bij dagelijks gebruik zorgt Hexarinse ook voor een frisse adem. Ook herstelt de vloeistof het tandvlees.<\/p>\n<p style=\"text-align: justify;\">De verpakking bevat 237 ml.<\/p>\n","protected":false},"excerpt":{"rendered":"<p>Hexarinse is een spoelvloeistof die ervoor zorgt dat uw hond of kat een schoon gebit krijgt. De vloeistof is verzachtend, verfrissend en smakelijke. Bij dagelijks gebruik zorgt Hexarinse ook voor een frisse adem. Ook herstelt de vloeistof het tandvlees. De verpakking bevat 237 ml.<\/p>\n","protected":false},"featured_media":117372,"comment_status":"open","ping_status":"closed","template":"","meta":{"_acf_changed":false,"_nl_post_content":"<p>Hexarinse is een spoelvloeistof die ervoor zorgt dat uw hond of kat een schoon gebit krijgt. De vloeistof is verzachtend, verfrissend en smakelijke. Bij dagelijks gebruik zorgt Hexarinse ook voor een frisse adem. Ook herstelt de vloeistof het tandvlees.<\/p>\r\n<p style=\"text-align: justify;\">De verpakking bevat 237 ml.<\/p>","_nl_post_name":"hexarinse-mondspoelvloeistof","_nl_post_excerpt":"","_nl_post_title":"Hexarinse mondspoelvloeistof 237 ml","_en_post_content":"<p style=\"text-align: justify;\">Hexarinse is a flushing fluid that makes sure your dog or cat gets clean teeth. The fluid is softning, refreashing and tastfull. With daily use Hexarine &nbsp;also provides your dog or cat with a nice smelling breath. Also does the fluid calm the irritated gums.<\/p>\r\n<p style=\"text-align: justify;\">The package contains 237 ml.<\/p>","_en_post_name":"hexarinse-mondspoelvloeistof","_en_post_excerpt":"","_en_post_title":"Hexarinse mouth flushing liquid 237 ml","_de_post_content":"<p style=\"text-align: justify;\">Hexarinse ist ein Sp&uuml;ll&ouml;sung welche sorgt f&uuml;r einen ein sauberes Gebiss bei Ihrem Hund oder Katze.&nbsp;Die L&ouml;sung ist angenehm, erfrischend und appetitlich. Bei t&auml;glicher Anwendung bekommt Ihre Hund oder Katze auch ein frisches Atemzug. Auch beruhigen die Strips irritiert Zahnfleisch.<\/p>\r\n<p style=\"text-align: justify;\">Die Verpackung enth&auml;lt 237 ml.<\/p>","_de_post_name":"hexarinse-mondspoelvloeistof","_de_post_excerpt":"","_de_post_title":"Hexarinse Sp\u00fcll\u00f6sung 237 ml","_fr_post_content":"<p>Hexarinse is een spoelvloeistof die ervoor zorgt dat uw hond of kat een schoon gebit krijgt. De vloeistof is verzachtend, verfrissend en smakelijke. Bij dagelijks gebruik zorgt Hexarinse ook voor een frisse adem. Ook herstelt de vloeistof het tandvlees.<\/p>\r\n<p style=\"text-align: justify;\">De verpakking bevat 237 ml.<\/p>","_fr_post_name":"hexarinse-mondspoelvloeistof","_fr_post_excerpt":"","_fr_post_title":"Hexarinse mondspoelvloeistof 237 ml","_es_post_content":"<p>Hexarinse de Virbac es un enjuague bucal para perros y gatos que contribuye a la limpieza dental. El l\u00edquido es calmante, refrescante y sabroso. Con el uso diario, Hexarinse tambi\u00e9n proporciona un aliento fresco. El l\u00edquido tambi\u00e9n restaura las enc\u00edas.<\/p>\r\n<p>El envase contiene 237 ml.<\/p>","_es_post_name":"hexarinse-enjuague-bucal","_es_post_excerpt":"","_es_post_title":"Hexarinse enjuague bucal 237 ml","edit_language":"nl"},"product_brand":[],"product_cat":[1873,1842,2055,1117,1118,1839,1871,1857],"product_tag":[],"class_list":{"0":"post-117376","1":"product","2":"type-product","3":"status-publish","4":"has-post-thumbnail","6":"product_cat-gebit","8":"product_cat-hexarinse","9":"product_cat-honden","10":"product_cat-katten","11":"product_cat-medicijnen-supplementen","13":"product_cat-merken","14":"pa_aandoening-gebit","15":"pa_doeldier-hond","16":"pa_doeldier-kat","17":"pa_fabricatieland-frankrijk","18":"pa_merkfilter-hexarinse","19":"pa_merkgroep-virbac","20":"pa_productsoort-overig","21":"pa_seo_canonical_store_id-not_found_value","22":"pa_seo_category-not_found_value","23":"pa_seo_meta_robots-not_found_value","24":"pa_toedieningswijze-vloeistof","25":"pa_unit_pricing_base_measure-100ml","26":"pa_unit_pricing_measure-237ml","27":"pa_werkzamestof-overig","29":"first","30":"instock","31":"taxable","32":"shipping-taxable","33":"purchasable","34":"product-type-simple"},"yoast_head":"<!-- This site is optimized with the Yoast SEO plugin v27.5 - https:\/\/yoast.com\/product\/yoast-seo-wordpress\/ -->\n<title>Hexarinse mondspoelvloeistof 237 ml - Pharmacy4pets<\/title>\n<meta name=\"robots\" content=\"index, follow, max-snippet:-1, max-image-preview:large, max-video-preview:-1\" \/>\n<link rel=\"canonical\" href=\"https:\/\/p4p-nl.bootmine.com\/%product-slug%\/hexarinse-mondspoelvloeistof\" \/>\n<meta property=\"og:locale\" content=\"nl_NL\" \/>\n<meta property=\"og:type\" content=\"article\" \/>\n<meta property=\"og:title\" content=\"Hexarinse mondspoelvloeistof 237 ml - Pharmacy4pets\" \/>\n<meta property=\"og:description\" content=\"Hexarinse is een spoelvloeistof die ervoor zorgt dat uw hond of kat een schoon gebit krijgt. De vloeistof is verzachtend, verfrissend en smakelijke. Bij dagelijks gebruik zorgt Hexarinse ook voor een frisse adem. Ook herstelt de vloeistof het tandvlees. De verpakking bevat 237 ml.\" \/>\n<meta property=\"og:url\" content=\"https:\/\/p4p-nl.bootmine.com\/%product-slug%\/hexarinse-mondspoelvloeistof\" \/>\n<meta property=\"og:site_name\" content=\"Pharmacy4pets\" \/>\n<meta property=\"article:publisher\" content=\"https:\/\/www.facebook.com\/people\/Pharmacy4petsnl\/100063484989896\/\" \/>\n<meta property=\"article:modified_time\" content=\"2026-04-14T08:02:07+00:00\" \/>\n<meta property=\"og:image\" content=\"https:\/\/p4p-nl.bootmine.com\/wp-content\/uploads\/2016\/09\/15786.jpg\" \/>\n\t<meta property=\"og:image:width\" content=\"158\" \/>\n\t<meta property=\"og:image:height\" content=\"317\" \/>\n\t<meta property=\"og:image:type\" content=\"image\/jpeg\" \/>\n<meta name=\"twitter:card\" content=\"summary_large_image\" \/>\n<script type=\"application\/ld+json\" class=\"yoast-schema-graph\">{\"@context\":\"https:\\\/\\\/schema.org\",\"@graph\":[{\"@type\":\"WebPage\",\"@id\":\"https:\\\/\\\/p4p-nl.bootmine.com\\\/%product-slug%\\\/hexarinse-mondspoelvloeistof\",\"url\":\"https:\\\/\\\/p4p-nl.bootmine.com\\\/%product-slug%\\\/hexarinse-mondspoelvloeistof\",\"name\":\"Hexarinse mondspoelvloeistof 237 ml - Pharmacy4pets\",\"isPartOf\":{\"@id\":\"http:\\\/\\\/www.pharmacy4pets.nl\\\/#website\"},\"primaryImageOfPage\":{\"@id\":\"https:\\\/\\\/p4p-nl.bootmine.com\\\/%product-slug%\\\/hexarinse-mondspoelvloeistof#primaryimage\"},\"image\":{\"@id\":\"https:\\\/\\\/p4p-nl.bootmine.com\\\/%product-slug%\\\/hexarinse-mondspoelvloeistof#primaryimage\"},\"thumbnailUrl\":\"https:\\\/\\\/www.pharmacy4pets.nl\\\/wp-content\\\/uploads\\\/2016\\\/09\\\/15786.jpg\",\"datePublished\":\"2016-09-08T15:33:39+00:00\",\"dateModified\":\"2026-04-14T08:02:07+00:00\",\"breadcrumb\":{\"@id\":\"https:\\\/\\\/p4p-nl.bootmine.com\\\/%product-slug%\\\/hexarinse-mondspoelvloeistof#breadcrumb\"},\"inLanguage\":\"nl-NL\",\"potentialAction\":[{\"@type\":\"ReadAction\",\"target\":[\"https:\\\/\\\/p4p-nl.bootmine.com\\\/%product-slug%\\\/hexarinse-mondspoelvloeistof\"]}]},{\"@type\":\"ImageObject\",\"inLanguage\":\"nl-NL\",\"@id\":\"https:\\\/\\\/p4p-nl.bootmine.com\\\/%product-slug%\\\/hexarinse-mondspoelvloeistof#primaryimage\",\"url\":\"https:\\\/\\\/www.pharmacy4pets.nl\\\/wp-content\\\/uploads\\\/2016\\\/09\\\/15786.jpg\",\"contentUrl\":\"https:\\\/\\\/www.pharmacy4pets.nl\\\/wp-content\\\/uploads\\\/2016\\\/09\\\/15786.jpg\",\"width\":158,\"height\":317,\"caption\":\"Hexarinse\"},{\"@type\":\"BreadcrumbList\",\"@id\":\"https:\\\/\\\/p4p-nl.bootmine.com\\\/%product-slug%\\\/hexarinse-mondspoelvloeistof#breadcrumb\",\"itemListElement\":[{\"@type\":\"ListItem\",\"position\":1,\"name\":\"Home\",\"item\":\"https:\\\/\\\/p4p-nl.bootmine.com\\\/\"},{\"@type\":\"ListItem\",\"position\":2,\"name\":\"Winkel\",\"item\":\"https:\\\/\\\/p4p-nl.bootmine.com\\\/winkel\"},{\"@type\":\"ListItem\",\"position\":3,\"name\":\"Hexarinse mondspoelvloeistof 237 ml\"}]},{\"@type\":\"WebSite\",\"@id\":\"http:\\\/\\\/www.pharmacy4pets.nl\\\/#website\",\"url\":\"http:\\\/\\\/www.pharmacy4pets.nl\\\/\",\"name\":\"Pharmacy4pets\",\"description\":\"Pharmacy4pets.nl is d\u00e9 online apotheek waar u terecht kunt voor alle diergeneesmiddelen, verzorgingsproducten en dieetvoeding voor uw huisdier.\",\"publisher\":{\"@id\":\"http:\\\/\\\/www.pharmacy4pets.nl\\\/#organization\"},\"potentialAction\":[{\"@type\":\"SearchAction\",\"target\":{\"@type\":\"EntryPoint\",\"urlTemplate\":\"http:\\\/\\\/www.pharmacy4pets.nl\\\/?s={search_term_string}\"},\"query-input\":{\"@type\":\"PropertyValueSpecification\",\"valueRequired\":true,\"valueName\":\"search_term_string\"}}],\"inLanguage\":\"nl-NL\"},{\"@type\":\"Organization\",\"@id\":\"http:\\\/\\\/www.pharmacy4pets.nl\\\/#organization\",\"name\":\"Pharmacy4pets\",\"url\":\"http:\\\/\\\/www.pharmacy4pets.nl\\\/\",\"logo\":{\"@type\":\"ImageObject\",\"inLanguage\":\"nl-NL\",\"@id\":\"http:\\\/\\\/www.pharmacy4pets.nl\\\/#\\\/schema\\\/logo\\\/image\\\/\",\"url\":\"https:\\\/\\\/p4p-nl.bootmine.com\\\/wp-content\\\/uploads\\\/2026\\\/03\\\/logo-pharmacy4pets.png\",\"contentUrl\":\"https:\\\/\\\/p4p-nl.bootmine.com\\\/wp-content\\\/uploads\\\/2026\\\/03\\\/logo-pharmacy4pets.png\",\"width\":1024,\"height\":135,\"caption\":\"Pharmacy4pets\"},\"image\":{\"@id\":\"http:\\\/\\\/www.pharmacy4pets.nl\\\/#\\\/schema\\\/logo\\\/image\\\/\"},\"sameAs\":[\"https:\\\/\\\/www.facebook.com\\\/people\\\/Pharmacy4petsnl\\\/100063484989896\\\/\",\"https:\\\/\\\/www.youtube.com\\\/channel\\\/UCGPTIgucgli03tP2_kvLkHg\\\/featured\",\"https:\\\/\\\/www.instagram.com\\\/pharmacy4pets.nl\"]}]}<\/script>\n<!-- \/ Yoast SEO plugin. -->","yoast_head_json":{"title":"Hexarinse mondspoelvloeistof 237 ml - Pharmacy4pets","robots":{"index":"index","follow":"follow","max-snippet":"max-snippet:-1","max-image-preview":"max-image-preview:large","max-video-preview":"max-video-preview:-1"},"canonical":"https:\/\/p4p-nl.bootmine.com\/%product-slug%\/hexarinse-mondspoelvloeistof","og_locale":"nl_NL","og_type":"article","og_title":"Hexarinse mondspoelvloeistof 237 ml - Pharmacy4pets","og_description":"Hexarinse is een spoelvloeistof die ervoor zorgt dat uw hond of kat een schoon gebit krijgt. De vloeistof is verzachtend, verfrissend en smakelijke. Bij dagelijks gebruik zorgt Hexarinse ook voor een frisse adem. Ook herstelt de vloeistof het tandvlees. De verpakking bevat 237 ml.","og_url":"https:\/\/p4p-nl.bootmine.com\/%product-slug%\/hexarinse-mondspoelvloeistof","og_site_name":"Pharmacy4pets","article_publisher":"https:\/\/www.facebook.com\/people\/Pharmacy4petsnl\/100063484989896\/","article_modified_time":"2026-04-14T08:02:07+00:00","og_image":[{"width":158,"height":317,"url":"https:\/\/p4p-nl.bootmine.com\/wp-content\/uploads\/2016\/09\/15786.jpg","type":"image\/jpeg"}],"twitter_card":"summary_large_image","schema":{"@context":"https:\/\/schema.org","@graph":[{"@type":"WebPage","@id":"https:\/\/p4p-nl.bootmine.com\/%product-slug%\/hexarinse-mondspoelvloeistof","url":"https:\/\/p4p-nl.bootmine.com\/%product-slug%\/hexarinse-mondspoelvloeistof","name":"Hexarinse mondspoelvloeistof 237 ml - Pharmacy4pets","isPartOf":{"@id":"http:\/\/www.pharmacy4pets.nl\/#website"},"primaryImageOfPage":{"@id":"https:\/\/p4p-nl.bootmine.com\/%product-slug%\/hexarinse-mondspoelvloeistof#primaryimage"},"image":{"@id":"https:\/\/p4p-nl.bootmine.com\/%product-slug%\/hexarinse-mondspoelvloeistof#primaryimage"},"thumbnailUrl":"https:\/\/www.pharmacy4pets.nl\/wp-content\/uploads\/2016\/09\/15786.jpg","datePublished":"2016-09-08T15:33:39+00:00","dateModified":"2026-04-14T08:02:07+00:00","breadcrumb":{"@id":"https:\/\/p4p-nl.bootmine.com\/%product-slug%\/hexarinse-mondspoelvloeistof#breadcrumb"},"inLanguage":"nl-NL","potentialAction":[{"@type":"ReadAction","target":["https:\/\/p4p-nl.bootmine.com\/%product-slug%\/hexarinse-mondspoelvloeistof"]}]},{"@type":"ImageObject","inLanguage":"nl-NL","@id":"https:\/\/p4p-nl.bootmine.com\/%product-slug%\/hexarinse-mondspoelvloeistof#primaryimage","url":"https:\/\/www.pharmacy4pets.nl\/wp-content\/uploads\/2016\/09\/15786.jpg","contentUrl":"https:\/\/www.pharmacy4pets.nl\/wp-content\/uploads\/2016\/09\/15786.jpg","width":158,"height":317,"caption":"Hexarinse"},{"@type":"BreadcrumbList","@id":"https:\/\/p4p-nl.bootmine.com\/%product-slug%\/hexarinse-mondspoelvloeistof#breadcrumb","itemListElement":[{"@type":"ListItem","position":1,"name":"Home","item":"https:\/\/p4p-nl.bootmine.com\/"},{"@type":"ListItem","position":2,"name":"Winkel","item":"https:\/\/p4p-nl.bootmine.com\/winkel"},{"@type":"ListItem","position":3,"name":"Hexarinse mondspoelvloeistof 237 ml"}]},{"@type":"WebSite","@id":"http:\/\/www.pharmacy4pets.nl\/#website","url":"http:\/\/www.pharmacy4pets.nl\/","name":"Pharmacy4pets","description":"Pharmacy4pets.nl is d\u00e9 online apotheek waar u terecht kunt voor alle diergeneesmiddelen, verzorgingsproducten en dieetvoeding voor uw huisdier.","publisher":{"@id":"http:\/\/www.pharmacy4pets.nl\/#organization"},"potentialAction":[{"@type":"SearchAction","target":{"@type":"EntryPoint","urlTemplate":"http:\/\/www.pharmacy4pets.nl\/?s={search_term_string}"},"query-input":{"@type":"PropertyValueSpecification","valueRequired":true,"valueName":"search_term_string"}}],"inLanguage":"nl-NL"},{"@type":"Organization","@id":"http:\/\/www.pharmacy4pets.nl\/#organization","name":"Pharmacy4pets","url":"http:\/\/www.pharmacy4pets.nl\/","logo":{"@type":"ImageObject","inLanguage":"nl-NL","@id":"http:\/\/www.pharmacy4pets.nl\/#\/schema\/logo\/image\/","url":"https:\/\/p4p-nl.bootmine.com\/wp-content\/uploads\/2026\/03\/logo-pharmacy4pets.png","contentUrl":"https:\/\/p4p-nl.bootmine.com\/wp-content\/uploads\/2026\/03\/logo-pharmacy4pets.png","width":1024,"height":135,"caption":"Pharmacy4pets"},"image":{"@id":"http:\/\/www.pharmacy4pets.nl\/#\/schema\/logo\/image\/"},"sameAs":["https:\/\/www.facebook.com\/people\/Pharmacy4petsnl\/100063484989896\/","https:\/\/www.youtube.com\/channel\/UCGPTIgucgli03tP2_kvLkHg\/featured","https:\/\/www.instagram.com\/pharmacy4pets.nl"]}]}},"market_data":{"nl":{"price":0,"sale_price":0,"active":false,"url":null,"parent_url":"","tax_rate":0,"price_inc_tax":0,"sale_price_inc_tax":0},"de":{"price":0,"sale_price":0,"active":false,"url":null,"parent_url":"","tax_rate":0,"price_inc_tax":0,"sale_price_inc_tax":0},"be":{"price":0,"sale_price":0,"active":false,"url":null,"parent_url":"","tax_rate":0,"price_inc_tax":0,"sale_price_inc_tax":0},"fr":{"price":0,"sale_price":0,"active":false,"url":null,"parent_url":"","tax_rate":0,"price_inc_tax":0,"sale_price_inc_tax":0},"ch":{"price":0,"sale_price":0,"active":false,"url":null,"parent_url":"","tax_rate":0,"price_inc_tax":0,"sale_price_inc_tax":0},"at":{"price":0,"sale_price":0,"active":false,"url":null,"parent_url":"","tax_rate":0,"price_inc_tax":0,"sale_price_inc_tax":0},"es":{"price":0,"sale_price":0,"active":false,"url":null,"parent_url":"","tax_rate":0,"price_inc_tax":0,"sale_price_inc_tax":0},"dk":{"price":0,"sale_price":0,"active":false,"url":null,"parent_url":"","tax_rate":0,"price_inc_tax":0,"sale_price_inc_tax":0},"com":{"price":0,"sale_price":0,"active":false,"url":null,"parent_url":"","tax_rate":0,"price_inc_tax":0,"sale_price_inc_tax":0}},"market_nl_price":0,"market_nl_sale_price":0,"market_nl_active":false,"market_nl_url":null,"market_nl_parent_url":"","market_nl_tax_rate":0,"market_nl_price_inc_tax":0,"market_nl_sale_price_inc_tax":0,"market_de_price":0,"market_de_sale_price":0,"market_de_active":false,"market_de_url":null,"market_de_parent_url":"","market_de_tax_rate":0,"market_de_price_inc_tax":0,"market_de_sale_price_inc_tax":0,"market_be_price":0,"market_be_sale_price":0,"market_be_active":false,"market_be_url":null,"market_be_parent_url":"","market_be_tax_rate":0,"market_be_price_inc_tax":0,"market_be_sale_price_inc_tax":0,"market_fr_price":0,"market_fr_sale_price":0,"market_fr_active":false,"market_fr_url":null,"market_fr_parent_url":"","market_fr_tax_rate":0,"market_fr_price_inc_tax":0,"market_fr_sale_price_inc_tax":0,"market_ch_price":0,"market_ch_sale_price":0,"market_ch_active":false,"market_ch_url":null,"market_ch_parent_url":"","market_ch_tax_rate":0,"market_ch_price_inc_tax":0,"market_ch_sale_price_inc_tax":0,"market_at_price":0,"market_at_sale_price":0,"market_at_active":false,"market_at_url":null,"market_at_parent_url":"","market_at_tax_rate":0,"market_at_price_inc_tax":0,"market_at_sale_price_inc_tax":0,"market_es_price":0,"market_es_sale_price":0,"market_es_active":false,"market_es_url":null,"market_es_parent_url":"","market_es_tax_rate":0,"market_es_price_inc_tax":0,"market_es_sale_price_inc_tax":0,"market_dk_price":0,"market_dk_sale_price":0,"market_dk_active":false,"market_dk_url":null,"market_dk_parent_url":"","market_dk_tax_rate":0,"market_dk_price_inc_tax":0,"market_dk_sale_price_inc_tax":0,"market_com_price":0,"market_com_sale_price":0,"market_com_active":false,"market_com_url":null,"market_com_parent_url":"","market_com_tax_rate":0,"market_com_price_inc_tax":0,"market_com_sale_price_inc_tax":0,"acf":[],"_links":{"self":[{"href":"https:\/\/www.pharmacy4pets.nl\/be\/wp-json\/wp\/v2\/product\/117376","targetHints":{"allow":["GET"]}}],"collection":[{"href":"https:\/\/www.pharmacy4pets.nl\/be\/wp-json\/wp\/v2\/product"}],"about":[{"href":"https:\/\/www.pharmacy4pets.nl\/be\/wp-json\/wp\/v2\/types\/product"}],"replies":[{"embeddable":true,"href":"https:\/\/www.pharmacy4pets.nl\/be\/wp-json\/wp\/v2\/comments?post=117376"}],"wp:featuredmedia":[{"embeddable":true,"href":"https:\/\/www.pharmacy4pets.nl\/be\/wp-json\/wp\/v2\/media\/117372"}],"wp:attachment":[{"href":"https:\/\/www.pharmacy4pets.nl\/be\/wp-json\/wp\/v2\/media?parent=117376"}],"wp:term":[{"taxonomy":"product_brand","embeddable":true,"href":"https:\/\/www.pharmacy4pets.nl\/be\/wp-json\/wp\/v2\/product_brand?post=117376"},{"taxonomy":"product_cat","embeddable":true,"href":"https:\/\/www.pharmacy4pets.nl\/be\/wp-json\/wp\/v2\/product_cat?post=117376"},{"taxonomy":"product_tag","embeddable":true,"href":"https:\/\/www.pharmacy4pets.nl\/be\/wp-json\/wp\/v2\/product_tag?post=117376"}],"curies":[{"name":"wp","href":"https:\/\/api.w.org\/{rel}","templated":true}]}}