{"id":117363,"date":"2016-09-08T13:56:03","date_gmt":"2016-09-08T13:56:03","guid":{"rendered":"https:\/\/p4p.test\/orozyme-bucco-fresh"},"modified":"2026-03-25T11:56:09","modified_gmt":"2026-03-25T11:56:09","slug":"orozyme-bucco-fresh","status":"publish","type":"product","link":"https:\/\/www.pharmacy4pets.nl\/be\/orozyme-bucco-fresh","title":{"rendered":"Orozyme bucco fresh"},"content":{"rendered":"<h1>Orozyme Bucco Fresh<\/h1>\n<p>Orozyme Bucco Fresh is een 100% natuurlijk product op basis van een speciaal type algen. Bij dieren die het poetsen niet toestaan kan Orozyme Bucco-Fresh dagelijks aan het voeder toegediend worden. Het gemalen poeder op basis van een speciaal type algen werkt via het vasculair systeem (de bloedvaten) tot in de speekselklieren. Via het speeksel wordt de mondholte behandeld. De slechte adem verdwijnt na 3 \u00e0 6 weken toediening: een eerste bewijs van verbetering van de mond- en tandhygi\u00ebne. In tweede instantie verweekt en verdwijnt de bestaande tandplak en kan de zachter geworden tandsteen gemakkelijker verwijderd worden door middel van poetsen.<\/p>\n","protected":false},"excerpt":{"rendered":"<p>Orozyme Bucco Fresh Orozyme Bucco Fresh is een 100% natuurlijk product op basis van een speciaal type algen. Bij dieren die het poetsen niet toestaan kan Orozyme Bucco-Fresh dagelijks aan het voeder toegediend worden. Het gemalen poeder op basis van een speciaal type algen werkt via het vasculair systeem (de bloedvaten) tot in de speekselklieren. [&hellip;]<\/p>\n","protected":false},"featured_media":117358,"comment_status":"open","ping_status":"closed","template":"","meta":{"_acf_changed":false,"_nl_post_content":"<h1>Orozyme Bucco Fresh<\/h1>\n<p>Orozyme Bucco Fresh is een 100% natuurlijk product op basis van een speciaal type algen. Bij dieren die het poetsen niet toestaan kan Orozyme Bucco-Fresh dagelijks aan het voeder toegediend worden. Het gemalen poeder op basis van een speciaal type algen werkt via het vasculair systeem (de bloedvaten) tot in de speekselklieren. Via het speeksel wordt de mondholte behandeld. De slechte adem verdwijnt na 3 \u00e0 6 weken toediening: een eerste bewijs van verbetering van de mond- en tandhygi\u00ebne. In tweede instantie verweekt en verdwijnt de bestaande tandplak en kan de zachter geworden tandsteen gemakkelijker verwijderd worden door middel van poetsen.<\/p>","_nl_post_name":"orozyme-bucco-fresh","_nl_post_excerpt":"","_nl_post_title":"Orozyme bucco fresh","_en_post_content":"Orozyme Bucco-Fresh is a 100% natural product based on a special type of algae. For animals that do not allow brushing, Orozyme Bucco-Fresh can be administered daily to the food. The grounded powder on the basis of a special type of algae works through the vascular system (the blood vessels) until in the salivary glands. Through the saliva, the oral cavity is treated. The bad breath will disappear after 3 to 6 weeks of using this product: the first evidence of improving oral and dental hygiene.Secondly, it softens and existing plaque will disappear and the softened tartar can be easily removed by brushing. ","_en_post_name":"orozyme-bucco-fresh","_en_post_excerpt":"","_en_post_title":"Orozyme bucco-fresh ","_de_post_content":"Orozyme Bucco-Fresh ist ein 100% nat\u00fcrliches Produkt auf einer speziellen Art von Algen. Bei Tieren, die Z\u00e4hneputzen nicht zulassen, kann Orozyme Bucco-Fresh t\u00e4glich zum Futter verabreicht werden. Das gemahlene Pulver auf der Basis einer speziellen Art von Algen wird durch das Gef\u00e4\u00dfsystem (Blutgef\u00e4\u00dfe) arbeiten, bis in den Speicheldr\u00fcsen. Durch den Speichel wird der Mundh\u00f6hle behandelt. Die schlechte Atem wird nach 3 bis 6 Wochen Gebrauch verschwinden: einen ersten Beweis f\u00fcr die Verbesserung der Mund-und Zahnhygiene. In der zweiten Instanz, erweicht und bestehende Plaque verschwindet und der Zahnstein kann leicht gemildert werden durch B\u00fcrsten werden.","_de_post_name":"orozyme-bucco-fresh","_de_post_excerpt":"","_de_post_title":"Orozyme bucco-fresh ","_fr_post_content":"Orozyme Bucco-Fresh is een 100% natuurlijk product op basis van een speciaal type algen. Bij dieren die het poetsen niet toestaan kan Orozyme Bucco-Fresh dagelijks aan het voeder toegediend worden. Het gemalen poeder op basis van een speciaal type algen werkt via het vasculair systeem (de bloedvaten) tot in de speekselklieren. Via het speeksel wordt de mondholte behandeld. De slechte adem verdwijnt na 3 \u00e0 6 weken toediening: een eerste bewijs van verbetering van de mond- en tandhygi\u00ebne. In tweede instantie verweekt en verdwijnt de bestaande tandplak en kan de zachter geworden tandsteen gemakkelijker verwijderd worden door middel van poetsen.","_fr_post_name":"orozyme-bucco-fresh","_fr_post_excerpt":"","_fr_post_title":"Orozyme bucco-fresh ","_es_post_content":"<p>Orozyme Bucco-Fresh es un producto 100% natural basado en un tipo especial de algas. Orozyme Bucco-Fresh puede ser administrado diariamente a la comida de los animales que no permiten el cepillado. El polvo molido, a base de un tipo especial de algas, funciona a trav&eacute;s del sistema vascular (vasos sangu&iacute;neos) hasta las gl&aacute;ndulas salivales. La cavidad oral se trata a trav&eacute;s de la saliva. El mal aliento desaparece despu&eacute;s de 3 a 6 semanas de administraci&oacute;n: una primera prueba de la mejora de la higiene oral y dental. En segundo lugar, la placa existente se ablanda y desaparece y el sarro ablandado se puede eliminar m&aacute;s f&aacute;cilmente mediante el cepillado.<br \/><br \/><\/p>","_es_post_name":"orozyme-bucco-fresh","_es_post_excerpt":"","_es_post_title":"Orozyme bucco-fresh ","edit_language":"nl"},"product_brand":[],"product_cat":[1842,1873,1117,1118,1871,1839,1857,1944],"product_tag":[],"class_list":{"0":"post-117363","1":"product","2":"type-product","3":"status-publish","4":"has-post-thumbnail","6":"product_cat-gebit","8":"product_cat-honden","9":"product_cat-katten","10":"product_cat-medicijnen-supplementen","12":"product_cat-merken","13":"product_cat-orozyme","14":"pa_aandoening-gebit","15":"pa_doeldier-hond","16":"pa_doeldier-kat","17":"pa_fabricatieland-belgie","18":"pa_merkfilter-orozyme","19":"pa_merkgroep-ecuphar","20":"pa_productsoort-voedingssupplement","21":"pa_seo_canonical_store_id-not_found_value","22":"pa_seo_category-not_found_value","23":"pa_seo_meta_robots-not_found_value","24":"pa_toedieningswijze-poeder","25":"pa_werkzamestof-overig","27":"first","28":"instock","29":"taxable","30":"shipping-taxable","31":"product-type-grouped"},"yoast_head":"<!-- This site is optimized with the Yoast SEO plugin v27.5 - https:\/\/yoast.com\/product\/yoast-seo-wordpress\/ -->\n<title>Orozyme Bucco Fresh | 100% natuurlijk | Pharmacy4pets.nl<\/title>\n<meta name=\"description\" content=\"Orozyme Bucco Fresh - 100% natuurlijk - voor mond- en tandhygi\u00ebne bij honden en katten. \u2b50 Klantbeoordeling 9\/10 \u2b50 PharmaPunten sparen \u2b50 Pharmacy4pets.nl\" \/>\n<meta name=\"robots\" content=\"index, follow, max-snippet:-1, max-image-preview:large, max-video-preview:-1\" \/>\n<link rel=\"canonical\" href=\"https:\/\/p4p-nl.bootmine.com\/%product-slug%\/orozyme-bucco-fresh\" \/>\n<meta property=\"og:locale\" content=\"nl_NL\" \/>\n<meta property=\"og:type\" content=\"article\" \/>\n<meta property=\"og:title\" content=\"Orozyme Bucco Fresh | 100% natuurlijk | Pharmacy4pets.nl\" \/>\n<meta property=\"og:description\" content=\"Orozyme Bucco Fresh - 100% natuurlijk - voor mond- en tandhygi\u00ebne bij honden en katten. \u2b50 Klantbeoordeling 9\/10 \u2b50 PharmaPunten sparen \u2b50 Pharmacy4pets.nl\" \/>\n<meta property=\"og:url\" content=\"https:\/\/p4p-nl.bootmine.com\/%product-slug%\/orozyme-bucco-fresh\" \/>\n<meta property=\"og:site_name\" content=\"Pharmacy4pets\" \/>\n<meta property=\"article:publisher\" content=\"https:\/\/www.facebook.com\/people\/Pharmacy4petsnl\/100063484989896\/\" \/>\n<meta property=\"article:modified_time\" content=\"2026-03-25T11:56:09+00:00\" \/>\n<meta property=\"og:image\" content=\"https:\/\/p4p-nl.bootmine.com\/wp-content\/uploads\/2016\/09\/18225_1.jpg\" \/>\n\t<meta property=\"og:image:width\" content=\"700\" \/>\n\t<meta property=\"og:image:height\" content=\"700\" \/>\n\t<meta property=\"og:image:type\" content=\"image\/jpeg\" \/>\n<meta name=\"twitter:card\" content=\"summary_large_image\" \/>\n<meta name=\"twitter:label1\" content=\"Geschatte leestijd\" \/>\n\t<meta name=\"twitter:data1\" content=\"1 minuut\" \/>\n<script type=\"application\/ld+json\" class=\"yoast-schema-graph\">{\"@context\":\"https:\\\/\\\/schema.org\",\"@graph\":[{\"@type\":\"WebPage\",\"@id\":\"https:\\\/\\\/p4p-nl.bootmine.com\\\/%product-slug%\\\/orozyme-bucco-fresh\",\"url\":\"https:\\\/\\\/p4p-nl.bootmine.com\\\/%product-slug%\\\/orozyme-bucco-fresh\",\"name\":\"Orozyme Bucco Fresh | 100% natuurlijk | Pharmacy4pets.nl\",\"isPartOf\":{\"@id\":\"http:\\\/\\\/www.pharmacy4pets.nl\\\/#website\"},\"primaryImageOfPage\":{\"@id\":\"https:\\\/\\\/p4p-nl.bootmine.com\\\/%product-slug%\\\/orozyme-bucco-fresh#primaryimage\"},\"image\":{\"@id\":\"https:\\\/\\\/p4p-nl.bootmine.com\\\/%product-slug%\\\/orozyme-bucco-fresh#primaryimage\"},\"thumbnailUrl\":\"https:\\\/\\\/www.pharmacy4pets.nl\\\/wp-content\\\/uploads\\\/2016\\\/09\\\/18225_1.jpg\",\"datePublished\":\"2016-09-08T13:56:03+00:00\",\"dateModified\":\"2026-03-25T11:56:09+00:00\",\"description\":\"Orozyme Bucco Fresh - 100% natuurlijk - voor mond- en tandhygi\u00ebne bij honden en katten. \u2b50 Klantbeoordeling 9\\\/10 \u2b50 PharmaPunten sparen \u2b50 Pharmacy4pets.nl\",\"breadcrumb\":{\"@id\":\"https:\\\/\\\/p4p-nl.bootmine.com\\\/%product-slug%\\\/orozyme-bucco-fresh#breadcrumb\"},\"inLanguage\":\"nl-NL\",\"potentialAction\":[{\"@type\":\"ReadAction\",\"target\":[\"https:\\\/\\\/p4p-nl.bootmine.com\\\/%product-slug%\\\/orozyme-bucco-fresh\"]}]},{\"@type\":\"ImageObject\",\"inLanguage\":\"nl-NL\",\"@id\":\"https:\\\/\\\/p4p-nl.bootmine.com\\\/%product-slug%\\\/orozyme-bucco-fresh#primaryimage\",\"url\":\"https:\\\/\\\/www.pharmacy4pets.nl\\\/wp-content\\\/uploads\\\/2016\\\/09\\\/18225_1.jpg\",\"contentUrl\":\"https:\\\/\\\/www.pharmacy4pets.nl\\\/wp-content\\\/uploads\\\/2016\\\/09\\\/18225_1.jpg\",\"width\":700,\"height\":700,\"caption\":\"Orozyme Bucco Fresh\"},{\"@type\":\"BreadcrumbList\",\"@id\":\"https:\\\/\\\/p4p-nl.bootmine.com\\\/%product-slug%\\\/orozyme-bucco-fresh#breadcrumb\",\"itemListElement\":[{\"@type\":\"ListItem\",\"position\":1,\"name\":\"Home\",\"item\":\"https:\\\/\\\/p4p-nl.bootmine.com\\\/\"},{\"@type\":\"ListItem\",\"position\":2,\"name\":\"Winkel\",\"item\":\"https:\\\/\\\/p4p-nl.bootmine.com\\\/winkel\"},{\"@type\":\"ListItem\",\"position\":3,\"name\":\"Orozyme bucco fresh\"}]},{\"@type\":\"WebSite\",\"@id\":\"http:\\\/\\\/www.pharmacy4pets.nl\\\/#website\",\"url\":\"http:\\\/\\\/www.pharmacy4pets.nl\\\/\",\"name\":\"Pharmacy4pets\",\"description\":\"Pharmacy4pets.nl is d\u00e9 online apotheek waar u terecht kunt voor alle diergeneesmiddelen, verzorgingsproducten en dieetvoeding voor uw huisdier.\",\"publisher\":{\"@id\":\"http:\\\/\\\/www.pharmacy4pets.nl\\\/#organization\"},\"potentialAction\":[{\"@type\":\"SearchAction\",\"target\":{\"@type\":\"EntryPoint\",\"urlTemplate\":\"http:\\\/\\\/www.pharmacy4pets.nl\\\/?s={search_term_string}\"},\"query-input\":{\"@type\":\"PropertyValueSpecification\",\"valueRequired\":true,\"valueName\":\"search_term_string\"}}],\"inLanguage\":\"nl-NL\"},{\"@type\":\"Organization\",\"@id\":\"http:\\\/\\\/www.pharmacy4pets.nl\\\/#organization\",\"name\":\"Pharmacy4pets\",\"url\":\"http:\\\/\\\/www.pharmacy4pets.nl\\\/\",\"logo\":{\"@type\":\"ImageObject\",\"inLanguage\":\"nl-NL\",\"@id\":\"http:\\\/\\\/www.pharmacy4pets.nl\\\/#\\\/schema\\\/logo\\\/image\\\/\",\"url\":\"https:\\\/\\\/p4p-nl.bootmine.com\\\/wp-content\\\/uploads\\\/2026\\\/03\\\/logo-pharmacy4pets.png\",\"contentUrl\":\"https:\\\/\\\/p4p-nl.bootmine.com\\\/wp-content\\\/uploads\\\/2026\\\/03\\\/logo-pharmacy4pets.png\",\"width\":1024,\"height\":135,\"caption\":\"Pharmacy4pets\"},\"image\":{\"@id\":\"http:\\\/\\\/www.pharmacy4pets.nl\\\/#\\\/schema\\\/logo\\\/image\\\/\"},\"sameAs\":[\"https:\\\/\\\/www.facebook.com\\\/people\\\/Pharmacy4petsnl\\\/100063484989896\\\/\",\"https:\\\/\\\/www.youtube.com\\\/channel\\\/UCGPTIgucgli03tP2_kvLkHg\\\/featured\",\"https:\\\/\\\/www.instagram.com\\\/pharmacy4pets.nl\"]}]}<\/script>\n<!-- \/ Yoast SEO plugin. -->","yoast_head_json":{"title":"Orozyme Bucco Fresh | 100% natuurlijk | Pharmacy4pets.nl","description":"Orozyme Bucco Fresh - 100% natuurlijk - voor mond- en tandhygi\u00ebne bij honden en katten. \u2b50 Klantbeoordeling 9\/10 \u2b50 PharmaPunten sparen \u2b50 Pharmacy4pets.nl","robots":{"index":"index","follow":"follow","max-snippet":"max-snippet:-1","max-image-preview":"max-image-preview:large","max-video-preview":"max-video-preview:-1"},"canonical":"https:\/\/p4p-nl.bootmine.com\/%product-slug%\/orozyme-bucco-fresh","og_locale":"nl_NL","og_type":"article","og_title":"Orozyme Bucco Fresh | 100% natuurlijk | Pharmacy4pets.nl","og_description":"Orozyme Bucco Fresh - 100% natuurlijk - voor mond- en tandhygi\u00ebne bij honden en katten. \u2b50 Klantbeoordeling 9\/10 \u2b50 PharmaPunten sparen \u2b50 Pharmacy4pets.nl","og_url":"https:\/\/p4p-nl.bootmine.com\/%product-slug%\/orozyme-bucco-fresh","og_site_name":"Pharmacy4pets","article_publisher":"https:\/\/www.facebook.com\/people\/Pharmacy4petsnl\/100063484989896\/","article_modified_time":"2026-03-25T11:56:09+00:00","og_image":[{"width":700,"height":700,"url":"https:\/\/p4p-nl.bootmine.com\/wp-content\/uploads\/2016\/09\/18225_1.jpg","type":"image\/jpeg"}],"twitter_card":"summary_large_image","twitter_misc":{"Geschatte leestijd":"1 minuut"},"schema":{"@context":"https:\/\/schema.org","@graph":[{"@type":"WebPage","@id":"https:\/\/p4p-nl.bootmine.com\/%product-slug%\/orozyme-bucco-fresh","url":"https:\/\/p4p-nl.bootmine.com\/%product-slug%\/orozyme-bucco-fresh","name":"Orozyme Bucco Fresh | 100% natuurlijk | Pharmacy4pets.nl","isPartOf":{"@id":"http:\/\/www.pharmacy4pets.nl\/#website"},"primaryImageOfPage":{"@id":"https:\/\/p4p-nl.bootmine.com\/%product-slug%\/orozyme-bucco-fresh#primaryimage"},"image":{"@id":"https:\/\/p4p-nl.bootmine.com\/%product-slug%\/orozyme-bucco-fresh#primaryimage"},"thumbnailUrl":"https:\/\/www.pharmacy4pets.nl\/wp-content\/uploads\/2016\/09\/18225_1.jpg","datePublished":"2016-09-08T13:56:03+00:00","dateModified":"2026-03-25T11:56:09+00:00","description":"Orozyme Bucco Fresh - 100% natuurlijk - voor mond- en tandhygi\u00ebne bij honden en katten. \u2b50 Klantbeoordeling 9\/10 \u2b50 PharmaPunten sparen \u2b50 Pharmacy4pets.nl","breadcrumb":{"@id":"https:\/\/p4p-nl.bootmine.com\/%product-slug%\/orozyme-bucco-fresh#breadcrumb"},"inLanguage":"nl-NL","potentialAction":[{"@type":"ReadAction","target":["https:\/\/p4p-nl.bootmine.com\/%product-slug%\/orozyme-bucco-fresh"]}]},{"@type":"ImageObject","inLanguage":"nl-NL","@id":"https:\/\/p4p-nl.bootmine.com\/%product-slug%\/orozyme-bucco-fresh#primaryimage","url":"https:\/\/www.pharmacy4pets.nl\/wp-content\/uploads\/2016\/09\/18225_1.jpg","contentUrl":"https:\/\/www.pharmacy4pets.nl\/wp-content\/uploads\/2016\/09\/18225_1.jpg","width":700,"height":700,"caption":"Orozyme Bucco Fresh"},{"@type":"BreadcrumbList","@id":"https:\/\/p4p-nl.bootmine.com\/%product-slug%\/orozyme-bucco-fresh#breadcrumb","itemListElement":[{"@type":"ListItem","position":1,"name":"Home","item":"https:\/\/p4p-nl.bootmine.com\/"},{"@type":"ListItem","position":2,"name":"Winkel","item":"https:\/\/p4p-nl.bootmine.com\/winkel"},{"@type":"ListItem","position":3,"name":"Orozyme bucco fresh"}]},{"@type":"WebSite","@id":"http:\/\/www.pharmacy4pets.nl\/#website","url":"http:\/\/www.pharmacy4pets.nl\/","name":"Pharmacy4pets","description":"Pharmacy4pets.nl is d\u00e9 online apotheek waar u terecht kunt voor alle diergeneesmiddelen, verzorgingsproducten en dieetvoeding voor uw huisdier.","publisher":{"@id":"http:\/\/www.pharmacy4pets.nl\/#organization"},"potentialAction":[{"@type":"SearchAction","target":{"@type":"EntryPoint","urlTemplate":"http:\/\/www.pharmacy4pets.nl\/?s={search_term_string}"},"query-input":{"@type":"PropertyValueSpecification","valueRequired":true,"valueName":"search_term_string"}}],"inLanguage":"nl-NL"},{"@type":"Organization","@id":"http:\/\/www.pharmacy4pets.nl\/#organization","name":"Pharmacy4pets","url":"http:\/\/www.pharmacy4pets.nl\/","logo":{"@type":"ImageObject","inLanguage":"nl-NL","@id":"http:\/\/www.pharmacy4pets.nl\/#\/schema\/logo\/image\/","url":"https:\/\/p4p-nl.bootmine.com\/wp-content\/uploads\/2026\/03\/logo-pharmacy4pets.png","contentUrl":"https:\/\/p4p-nl.bootmine.com\/wp-content\/uploads\/2026\/03\/logo-pharmacy4pets.png","width":1024,"height":135,"caption":"Pharmacy4pets"},"image":{"@id":"http:\/\/www.pharmacy4pets.nl\/#\/schema\/logo\/image\/"},"sameAs":["https:\/\/www.facebook.com\/people\/Pharmacy4petsnl\/100063484989896\/","https:\/\/www.youtube.com\/channel\/UCGPTIgucgli03tP2_kvLkHg\/featured","https:\/\/www.instagram.com\/pharmacy4pets.nl"]}]}},"market_data":{"nl":{"price":0,"sale_price":0,"active":false,"url":null,"parent_url":"","tax_rate":0,"price_inc_tax":0,"sale_price_inc_tax":0},"de":{"price":0,"sale_price":0,"active":false,"url":null,"parent_url":"","tax_rate":0,"price_inc_tax":0,"sale_price_inc_tax":0},"be":{"price":0,"sale_price":0,"active":false,"url":null,"parent_url":"","tax_rate":0,"price_inc_tax":0,"sale_price_inc_tax":0},"fr":{"price":0,"sale_price":0,"active":false,"url":null,"parent_url":"","tax_rate":0,"price_inc_tax":0,"sale_price_inc_tax":0},"ch":{"price":0,"sale_price":0,"active":false,"url":null,"parent_url":"","tax_rate":0,"price_inc_tax":0,"sale_price_inc_tax":0},"at":{"price":0,"sale_price":0,"active":false,"url":null,"parent_url":"","tax_rate":0,"price_inc_tax":0,"sale_price_inc_tax":0},"es":{"price":0,"sale_price":0,"active":false,"url":null,"parent_url":"","tax_rate":0,"price_inc_tax":0,"sale_price_inc_tax":0},"dk":{"price":0,"sale_price":0,"active":false,"url":null,"parent_url":"","tax_rate":0,"price_inc_tax":0,"sale_price_inc_tax":0},"com":{"price":0,"sale_price":0,"active":false,"url":null,"parent_url":"","tax_rate":0,"price_inc_tax":0,"sale_price_inc_tax":0}},"market_nl_price":0,"market_nl_sale_price":0,"market_nl_active":false,"market_nl_url":null,"market_nl_parent_url":"","market_nl_tax_rate":0,"market_nl_price_inc_tax":0,"market_nl_sale_price_inc_tax":0,"market_de_price":0,"market_de_sale_price":0,"market_de_active":false,"market_de_url":null,"market_de_parent_url":"","market_de_tax_rate":0,"market_de_price_inc_tax":0,"market_de_sale_price_inc_tax":0,"market_be_price":0,"market_be_sale_price":0,"market_be_active":false,"market_be_url":null,"market_be_parent_url":"","market_be_tax_rate":0,"market_be_price_inc_tax":0,"market_be_sale_price_inc_tax":0,"market_fr_price":0,"market_fr_sale_price":0,"market_fr_active":false,"market_fr_url":null,"market_fr_parent_url":"","market_fr_tax_rate":0,"market_fr_price_inc_tax":0,"market_fr_sale_price_inc_tax":0,"market_ch_price":0,"market_ch_sale_price":0,"market_ch_active":false,"market_ch_url":null,"market_ch_parent_url":"","market_ch_tax_rate":0,"market_ch_price_inc_tax":0,"market_ch_sale_price_inc_tax":0,"market_at_price":0,"market_at_sale_price":0,"market_at_active":false,"market_at_url":null,"market_at_parent_url":"","market_at_tax_rate":0,"market_at_price_inc_tax":0,"market_at_sale_price_inc_tax":0,"market_es_price":0,"market_es_sale_price":0,"market_es_active":false,"market_es_url":null,"market_es_parent_url":"","market_es_tax_rate":0,"market_es_price_inc_tax":0,"market_es_sale_price_inc_tax":0,"market_dk_price":0,"market_dk_sale_price":0,"market_dk_active":false,"market_dk_url":null,"market_dk_parent_url":"","market_dk_tax_rate":0,"market_dk_price_inc_tax":0,"market_dk_sale_price_inc_tax":0,"market_com_price":0,"market_com_sale_price":0,"market_com_active":false,"market_com_url":null,"market_com_parent_url":"","market_com_tax_rate":0,"market_com_price_inc_tax":0,"market_com_sale_price_inc_tax":0,"acf":[],"_links":{"self":[{"href":"https:\/\/www.pharmacy4pets.nl\/be\/wp-json\/wp\/v2\/product\/117363","targetHints":{"allow":["GET"]}}],"collection":[{"href":"https:\/\/www.pharmacy4pets.nl\/be\/wp-json\/wp\/v2\/product"}],"about":[{"href":"https:\/\/www.pharmacy4pets.nl\/be\/wp-json\/wp\/v2\/types\/product"}],"replies":[{"embeddable":true,"href":"https:\/\/www.pharmacy4pets.nl\/be\/wp-json\/wp\/v2\/comments?post=117363"}],"wp:featuredmedia":[{"embeddable":true,"href":"https:\/\/www.pharmacy4pets.nl\/be\/wp-json\/wp\/v2\/media\/117358"}],"wp:attachment":[{"href":"https:\/\/www.pharmacy4pets.nl\/be\/wp-json\/wp\/v2\/media?parent=117363"}],"wp:term":[{"taxonomy":"product_brand","embeddable":true,"href":"https:\/\/www.pharmacy4pets.nl\/be\/wp-json\/wp\/v2\/product_brand?post=117363"},{"taxonomy":"product_cat","embeddable":true,"href":"https:\/\/www.pharmacy4pets.nl\/be\/wp-json\/wp\/v2\/product_cat?post=117363"},{"taxonomy":"product_tag","embeddable":true,"href":"https:\/\/www.pharmacy4pets.nl\/be\/wp-json\/wp\/v2\/product_tag?post=117363"}],"curies":[{"name":"wp","href":"https:\/\/api.w.org\/{rel}","templated":true}]}}