{"id":117203,"date":"2016-06-01T10:25:12","date_gmt":"2016-06-01T10:25:12","guid":{"rendered":"https:\/\/p4p.test\/c-e-t-tandpasta-leversmaak-2"},"modified":"2026-04-14T08:01:58","modified_gmt":"2026-04-14T08:01:58","slug":"c-e-t-tandpasta-leversmaak","status":"publish","type":"product","link":"https:\/\/www.pharmacy4pets.nl\/be\/c-e-t-tandpasta-leversmaak","title":{"rendered":"C.E.T. Tandpasta leversmaak 100 gram"},"content":{"rendered":"<p style=\"text-align: justify;\">C.E.T. tandpasta met leversmaak is speciaal ontwikkeld voor honden en katten en is bijzonder smakelijk. De tandpasta bevat het gepatenteerd C.E.T. Dual Enzyme System, dat het natuurlijk afweersysteem in de mond activeert en stimuleert. De speciale, smakelijke samenstelling kan zonder problemen worden doorgeslikt. Regelmatig tandenpoetsen met de C.E.T. tandpasta voorkomt tandplak, tandsteenvorming en een slechte adem. Voor een optimaal effect wordt dagelijks tandenpoetsen aanbevolen. De tube bevat 100 gram.<\/p>\n","protected":false},"excerpt":{"rendered":"<p>C.E.T. tandpasta met leversmaak is speciaal ontwikkeld voor honden en katten en is bijzonder smakelijk. De tandpasta bevat het gepatenteerd C.E.T. Dual Enzyme System, dat het natuurlijk afweersysteem in de mond activeert en stimuleert. De speciale, smakelijke samenstelling kan zonder problemen worden doorgeslikt. Regelmatig tandenpoetsen met de C.E.T. tandpasta voorkomt tandplak, tandsteenvorming en een slechte [&hellip;]<\/p>\n","protected":false},"featured_media":117200,"comment_status":"open","ping_status":"closed","template":"","meta":{"_acf_changed":false,"_nl_post_content":"<p style=\"text-align: justify;\">C.E.T. tandpasta met leversmaak is speciaal ontwikkeld voor honden en katten en is bijzonder smakelijk. De tandpasta bevat het gepatenteerd C.E.T. Dual Enzyme System, dat het natuurlijk afweersysteem in de mond activeert en stimuleert. De speciale, smakelijke samenstelling kan zonder problemen worden doorgeslikt. Regelmatig tandenpoetsen met de C.E.T. tandpasta voorkomt tandplak, tandsteenvorming en een slechte adem. Voor een optimaal effect wordt dagelijks tandenpoetsen aanbevolen. De tube bevat 100 gram.","_nl_post_name":"c-e-t-tandpasta-leversmaak","_nl_post_excerpt":"","_nl_post_title":"C.E.T. Tandpasta leversmaak 100 gram","_en_post_content":"<p style=\"text-align: justify;\">C.E.T. Toothpaste with liver flavor is specifically developed for dogs and cats and is very tasty. The toothpaste contains the patented C.E.T. Dual Enzyme System, which the natural immune system activates and stimulates the palate. The special tasty composition can easily be swallowed. Regular brushing with the C.E.T. toothpaste prevents plaque, tartar and bad breath. For optimal effect daily tooth brushing is recommended. The tube contains 100 grams.","_en_post_name":"c-e-t-tandpasta-leversmaak","_en_post_excerpt":"","_en_post_title":"C.E.T. Toothpaste liver flavor 100 gram","_de_post_content":"<p style=\"text-align: justify;\">C.E.T. Zahnpasta mit Lebergeschmack ist f&uuml;r Hunde und Katzen entwickelt und ist besonders schmackhaft. Die Zahnpasta enth&auml;lt die patentierte C.E.T. Dual-Enzym-System, das das nat&uuml;rliche Immunsystem aktiviert und stimuliert den Gaumen. Die spezielle schmackhafte Zusammensetzung kann ohne Probleme geschluckt werden. Regelm&auml;&szlig;iges putzen mit dem C.E.T. Zahnpasta verhindert Plaque, Zahnstein und Mundgeruch . F&uuml;r eine optimale Wirkung wird t&auml;glich Z&auml;hneputzen empfohlen. Die Tube enth&auml;lt 100 Gramm.","_de_post_name":"c-e-t-tandpasta-leversmaak","_de_post_excerpt":"","_de_post_title":" C.E.T. Zahnpasta Lebergeschmack 100 Gramm","_fr_post_content":"<p style=\"text-align: justify;\">C.E.T. tandpasta met leversmaak is speciaal ontwikkeld voor honden en katten en is bijzonder smakelijk. De tandpasta bevat het gepatenteerd C.E.T. Dual Enzyme System, dat het natuurlijk afweersysteem in de mond activeert en stimuleert. De speciale, smakelijke samenstelling kan zonder problemen worden doorgeslikt. Regelmatig tandenpoetsen met de C.E.T. tandpasta voorkomt tandplak, tandsteenvorming en een slechte adem. Voor een optimaal effect wordt dagelijks tandenpoetsen aanbevolen. De tube bevat 100 gram.","_fr_post_name":"c-e-t-tandpasta-leversmaak","_fr_post_excerpt":"","_fr_post_title":"C.E.T. Tandpasta leversmaak 100 gram","_es_post_content":"<p style=\"text-align: justify;\"><span class=\"JLqJ4b ChMk0b\"><span class=\"Q4iAWc\">La <\/span><\/span><span class=\"JLqJ4b ChMk0b\"><span class=\"Q4iAWc\">pasta de dientes C.E.T. con sabor a h\u00edgado para perros y gatos y es especialmente sabrosa.<\/span><\/span> <span class=\"JLqJ4b ChMk0b\"><span class=\"Q4iAWc\">La pasta de dientes contiene el C.E.T. patentado.<\/span><\/span> <span class=\"JLqJ4b ChMk0b\"><span class=\"Q4iAWc\">Dual Enzyme System, que activa y estimula el sistema de defensa natural de la boca.<\/span><\/span> <span class=\"JLqJ4b ChMk0b\"><span class=\"Q4iAWc\">La composici\u00f3n especial y sabrosa se puede tragar sin problemas.<\/span><\/span> <span class=\"JLqJ4b ChMk0b\"><span class=\"Q4iAWc\">Cepilla tus dientes regularmente con la C.E.T.<\/span><\/span> <span class=\"JLqJ4b ChMk0b\"><span class=\"Q4iAWc\">pasta de dientes previene la placa, la formaci\u00f3n de sarro y el mal aliento.<\/span><\/span> <span class=\"JLqJ4b ChMk0b\"><span class=\"Q4iAWc\">Se recomienda el cepillado diario para un efecto \u00f3ptimo.<\/span><\/span> <span class=\"JLqJ4b ChMk0b\"><span class=\"Q4iAWc\">El tubo contiene 100 gramos.<\/span><\/span><\/p>\n<h3>Composici\u00f3n<\/h3>\n<p>Agua, glicerina, hidrolizado de almid\u00f3n hidrogenado, di\u00f3xido de silicio, hexametafosfato de sodio, carb\u00f3mero, huevo de gallina en polvo, citrato de zinc, hidr\u00f3xido de sodio, sorbato de potasio, benzoato de sodio, h\u00edgado en polvo, propilenglicol, cloruro de sodio, subtilisina, citrato tris\u00f3dico dihidratado, fosfato de sodio, glucosa oxidasa.<\/p>\n<h3>Propiedades<\/h3>\n<p>La pasta de dientes C.E.T. ha sido especialmente desarrollada para perros y gatos. La pasta de dientes contiene el C.E.T. patentado. Dual Enzyme System, que estimula el sistema de defensa natural de la boca contra la formaci\u00f3n de placa y sarro. No es necesario enjuagar despu\u00e9s de cepillarse los dientes.<\/p>\n<h3>Animal objetivo<\/h3>\n<p>Perros y gatos.<\/p>\n<h3>Indicaciones<\/h3>\n<p>Cuidado dental y bucal.<\/p>\n<h3>Administraci\u00f3n y dosificaci\u00f3n<\/h3>\n<p>Cepilla tus dientes regularmente con la C.E.T. pasta de dientes enzim\u00e1tica ayuda a prevenir la placa y reduce la acumulaci\u00f3n de sarro y el mal aliento. Se recomienda el cepillado diario para un efecto \u00f3ptimo.<\/p>\n<h3>Advertencias<\/h3>\n<p>Mantener fuera del alcance de los ni\u00f1os. Este producto no est\u00e1 destinado a ser tragado por el animal.<\/p>\n<h3>Condiciones de almacenamiento\/vida \u00fatil<\/h3>\n<p>Almacenar a temperatura ambiente. Consumir antes de: ver sello de embalaje.<\/p>","_es_post_name":"cet-pasta-de-dientes-para-perros-gatos-sabor-higado","_es_post_excerpt":"","_es_post_title":"C.E.T. pasta de dientes para perros y gatos | Sabor a h\u00edgado | 100 gramos","edit_language":"nl"},"product_brand":[],"product_cat":[1891,1861,2030,2223,1873,1842,1117,1118,1839,2207,1871,1857,2177,2128,2134,1893,1863],"product_tag":[],"class_list":{"0":"post-117203","1":"product","2":"type-product","3":"status-publish","4":"has-post-thumbnail","6":"product_cat-benodigdheden","8":"product_cat-cet","9":"product_cat-gebit","12":"product_cat-honden","13":"product_cat-katten","14":"product_cat-medicijnen-supplementen","17":"product_cat-merken","18":"product_cat-puppy","19":"product_cat-tandenborstels-en-tandpasta","21":"product_cat-verzorging","23":"pa_aandoening-gebit","24":"pa_doeldier-hond","25":"pa_doeldier-kat","26":"pa_fabricatieland-frankrijk","27":"pa_merkfilter-c_e_t_","28":"pa_merkgroep-virbac","29":"pa_productsoort-overig","30":"pa_seo_canonical_store_id-not_found_value","31":"pa_seo_category-not_found_value","32":"pa_seo_meta_robots-not_found_value","33":"pa_toedieningswijze-tandpasta","34":"pa_unit_pricing_base_measure-10g","35":"pa_unit_pricing_measure-100g","36":"pa_werkzamestof-overig","38":"first","39":"instock","40":"taxable","41":"shipping-taxable","42":"purchasable","43":"product-type-simple"},"yoast_head":"<!-- This site is optimized with the Yoast SEO plugin v27.5 - https:\/\/yoast.com\/product\/yoast-seo-wordpress\/ -->\n<title>C.E.T. Tandpasta leversmaak 100 gram - Pharmacy4pets<\/title>\n<meta name=\"robots\" content=\"index, follow, max-snippet:-1, max-image-preview:large, max-video-preview:-1\" \/>\n<link rel=\"canonical\" href=\"https:\/\/p4p-nl.bootmine.com\/%product-slug%\/c-e-t-tandpasta-leversmaak\" \/>\n<meta property=\"og:locale\" content=\"nl_NL\" \/>\n<meta property=\"og:type\" content=\"article\" \/>\n<meta property=\"og:title\" content=\"C.E.T. Tandpasta leversmaak 100 gram - Pharmacy4pets\" \/>\n<meta property=\"og:description\" content=\"C.E.T. tandpasta met leversmaak is speciaal ontwikkeld voor honden en katten en is bijzonder smakelijk. De tandpasta bevat het gepatenteerd C.E.T. Dual Enzyme System, dat het natuurlijk afweersysteem in de mond activeert en stimuleert. De speciale, smakelijke samenstelling kan zonder problemen worden doorgeslikt. Regelmatig tandenpoetsen met de C.E.T. tandpasta voorkomt tandplak, tandsteenvorming en een slechte [&hellip;]\" \/>\n<meta property=\"og:url\" content=\"https:\/\/p4p-nl.bootmine.com\/%product-slug%\/c-e-t-tandpasta-leversmaak\" \/>\n<meta property=\"og:site_name\" content=\"Pharmacy4pets\" \/>\n<meta property=\"article:publisher\" content=\"https:\/\/www.facebook.com\/people\/Pharmacy4petsnl\/100063484989896\/\" \/>\n<meta property=\"article:modified_time\" content=\"2026-04-14T08:01:58+00:00\" \/>\n<meta property=\"og:image\" content=\"https:\/\/p4p-nl.bootmine.com\/wp-content\/uploads\/2016\/06\/C.E.T._Tandpasta_leversmaak_100_gram.jpg\" \/>\n\t<meta property=\"og:image:width\" content=\"1000\" \/>\n\t<meta property=\"og:image:height\" content=\"1000\" \/>\n\t<meta property=\"og:image:type\" content=\"image\/jpeg\" \/>\n<meta name=\"twitter:card\" content=\"summary_large_image\" \/>\n<script type=\"application\/ld+json\" class=\"yoast-schema-graph\">{\"@context\":\"https:\\\/\\\/schema.org\",\"@graph\":[{\"@type\":\"WebPage\",\"@id\":\"https:\\\/\\\/p4p-nl.bootmine.com\\\/%product-slug%\\\/c-e-t-tandpasta-leversmaak\",\"url\":\"https:\\\/\\\/p4p-nl.bootmine.com\\\/%product-slug%\\\/c-e-t-tandpasta-leversmaak\",\"name\":\"C.E.T. Tandpasta leversmaak 100 gram - Pharmacy4pets\",\"isPartOf\":{\"@id\":\"http:\\\/\\\/www.pharmacy4pets.nl\\\/#website\"},\"primaryImageOfPage\":{\"@id\":\"https:\\\/\\\/p4p-nl.bootmine.com\\\/%product-slug%\\\/c-e-t-tandpasta-leversmaak#primaryimage\"},\"image\":{\"@id\":\"https:\\\/\\\/p4p-nl.bootmine.com\\\/%product-slug%\\\/c-e-t-tandpasta-leversmaak#primaryimage\"},\"thumbnailUrl\":\"https:\\\/\\\/www.pharmacy4pets.nl\\\/wp-content\\\/uploads\\\/2016\\\/06\\\/C.E.T._Tandpasta_leversmaak_100_gram.jpg\",\"datePublished\":\"2016-06-01T10:25:12+00:00\",\"dateModified\":\"2026-04-14T08:01:58+00:00\",\"breadcrumb\":{\"@id\":\"https:\\\/\\\/p4p-nl.bootmine.com\\\/%product-slug%\\\/c-e-t-tandpasta-leversmaak#breadcrumb\"},\"inLanguage\":\"nl-NL\",\"potentialAction\":[{\"@type\":\"ReadAction\",\"target\":[\"https:\\\/\\\/p4p-nl.bootmine.com\\\/%product-slug%\\\/c-e-t-tandpasta-leversmaak\"]}]},{\"@type\":\"ImageObject\",\"inLanguage\":\"nl-NL\",\"@id\":\"https:\\\/\\\/p4p-nl.bootmine.com\\\/%product-slug%\\\/c-e-t-tandpasta-leversmaak#primaryimage\",\"url\":\"https:\\\/\\\/www.pharmacy4pets.nl\\\/wp-content\\\/uploads\\\/2016\\\/06\\\/C.E.T._Tandpasta_leversmaak_100_gram.jpg\",\"contentUrl\":\"https:\\\/\\\/www.pharmacy4pets.nl\\\/wp-content\\\/uploads\\\/2016\\\/06\\\/C.E.T._Tandpasta_leversmaak_100_gram.jpg\",\"width\":1000,\"height\":1000,\"caption\":\"C.E.T.\"},{\"@type\":\"BreadcrumbList\",\"@id\":\"https:\\\/\\\/p4p-nl.bootmine.com\\\/%product-slug%\\\/c-e-t-tandpasta-leversmaak#breadcrumb\",\"itemListElement\":[{\"@type\":\"ListItem\",\"position\":1,\"name\":\"Home\",\"item\":\"https:\\\/\\\/p4p-nl.bootmine.com\\\/\"},{\"@type\":\"ListItem\",\"position\":2,\"name\":\"Winkel\",\"item\":\"https:\\\/\\\/p4p-nl.bootmine.com\\\/winkel\"},{\"@type\":\"ListItem\",\"position\":3,\"name\":\"C.E.T. Tandpasta leversmaak 100 gram\"}]},{\"@type\":\"WebSite\",\"@id\":\"http:\\\/\\\/www.pharmacy4pets.nl\\\/#website\",\"url\":\"http:\\\/\\\/www.pharmacy4pets.nl\\\/\",\"name\":\"Pharmacy4pets\",\"description\":\"Pharmacy4pets.nl is d\u00e9 online apotheek waar u terecht kunt voor alle diergeneesmiddelen, verzorgingsproducten en dieetvoeding voor uw huisdier.\",\"publisher\":{\"@id\":\"http:\\\/\\\/www.pharmacy4pets.nl\\\/#organization\"},\"potentialAction\":[{\"@type\":\"SearchAction\",\"target\":{\"@type\":\"EntryPoint\",\"urlTemplate\":\"http:\\\/\\\/www.pharmacy4pets.nl\\\/?s={search_term_string}\"},\"query-input\":{\"@type\":\"PropertyValueSpecification\",\"valueRequired\":true,\"valueName\":\"search_term_string\"}}],\"inLanguage\":\"nl-NL\"},{\"@type\":\"Organization\",\"@id\":\"http:\\\/\\\/www.pharmacy4pets.nl\\\/#organization\",\"name\":\"Pharmacy4pets\",\"url\":\"http:\\\/\\\/www.pharmacy4pets.nl\\\/\",\"logo\":{\"@type\":\"ImageObject\",\"inLanguage\":\"nl-NL\",\"@id\":\"http:\\\/\\\/www.pharmacy4pets.nl\\\/#\\\/schema\\\/logo\\\/image\\\/\",\"url\":\"https:\\\/\\\/p4p-nl.bootmine.com\\\/wp-content\\\/uploads\\\/2026\\\/03\\\/logo-pharmacy4pets.png\",\"contentUrl\":\"https:\\\/\\\/p4p-nl.bootmine.com\\\/wp-content\\\/uploads\\\/2026\\\/03\\\/logo-pharmacy4pets.png\",\"width\":1024,\"height\":135,\"caption\":\"Pharmacy4pets\"},\"image\":{\"@id\":\"http:\\\/\\\/www.pharmacy4pets.nl\\\/#\\\/schema\\\/logo\\\/image\\\/\"},\"sameAs\":[\"https:\\\/\\\/www.facebook.com\\\/people\\\/Pharmacy4petsnl\\\/100063484989896\\\/\",\"https:\\\/\\\/www.youtube.com\\\/channel\\\/UCGPTIgucgli03tP2_kvLkHg\\\/featured\",\"https:\\\/\\\/www.instagram.com\\\/pharmacy4pets.nl\"]}]}<\/script>\n<!-- \/ Yoast SEO plugin. -->","yoast_head_json":{"title":"C.E.T. Tandpasta leversmaak 100 gram - Pharmacy4pets","robots":{"index":"index","follow":"follow","max-snippet":"max-snippet:-1","max-image-preview":"max-image-preview:large","max-video-preview":"max-video-preview:-1"},"canonical":"https:\/\/p4p-nl.bootmine.com\/%product-slug%\/c-e-t-tandpasta-leversmaak","og_locale":"nl_NL","og_type":"article","og_title":"C.E.T. Tandpasta leversmaak 100 gram - Pharmacy4pets","og_description":"C.E.T. tandpasta met leversmaak is speciaal ontwikkeld voor honden en katten en is bijzonder smakelijk. De tandpasta bevat het gepatenteerd C.E.T. Dual Enzyme System, dat het natuurlijk afweersysteem in de mond activeert en stimuleert. De speciale, smakelijke samenstelling kan zonder problemen worden doorgeslikt. Regelmatig tandenpoetsen met de C.E.T. tandpasta voorkomt tandplak, tandsteenvorming en een slechte [&hellip;]","og_url":"https:\/\/p4p-nl.bootmine.com\/%product-slug%\/c-e-t-tandpasta-leversmaak","og_site_name":"Pharmacy4pets","article_publisher":"https:\/\/www.facebook.com\/people\/Pharmacy4petsnl\/100063484989896\/","article_modified_time":"2026-04-14T08:01:58+00:00","og_image":[{"width":1000,"height":1000,"url":"https:\/\/p4p-nl.bootmine.com\/wp-content\/uploads\/2016\/06\/C.E.T._Tandpasta_leversmaak_100_gram.jpg","type":"image\/jpeg"}],"twitter_card":"summary_large_image","schema":{"@context":"https:\/\/schema.org","@graph":[{"@type":"WebPage","@id":"https:\/\/p4p-nl.bootmine.com\/%product-slug%\/c-e-t-tandpasta-leversmaak","url":"https:\/\/p4p-nl.bootmine.com\/%product-slug%\/c-e-t-tandpasta-leversmaak","name":"C.E.T. Tandpasta leversmaak 100 gram - Pharmacy4pets","isPartOf":{"@id":"http:\/\/www.pharmacy4pets.nl\/#website"},"primaryImageOfPage":{"@id":"https:\/\/p4p-nl.bootmine.com\/%product-slug%\/c-e-t-tandpasta-leversmaak#primaryimage"},"image":{"@id":"https:\/\/p4p-nl.bootmine.com\/%product-slug%\/c-e-t-tandpasta-leversmaak#primaryimage"},"thumbnailUrl":"https:\/\/www.pharmacy4pets.nl\/wp-content\/uploads\/2016\/06\/C.E.T._Tandpasta_leversmaak_100_gram.jpg","datePublished":"2016-06-01T10:25:12+00:00","dateModified":"2026-04-14T08:01:58+00:00","breadcrumb":{"@id":"https:\/\/p4p-nl.bootmine.com\/%product-slug%\/c-e-t-tandpasta-leversmaak#breadcrumb"},"inLanguage":"nl-NL","potentialAction":[{"@type":"ReadAction","target":["https:\/\/p4p-nl.bootmine.com\/%product-slug%\/c-e-t-tandpasta-leversmaak"]}]},{"@type":"ImageObject","inLanguage":"nl-NL","@id":"https:\/\/p4p-nl.bootmine.com\/%product-slug%\/c-e-t-tandpasta-leversmaak#primaryimage","url":"https:\/\/www.pharmacy4pets.nl\/wp-content\/uploads\/2016\/06\/C.E.T._Tandpasta_leversmaak_100_gram.jpg","contentUrl":"https:\/\/www.pharmacy4pets.nl\/wp-content\/uploads\/2016\/06\/C.E.T._Tandpasta_leversmaak_100_gram.jpg","width":1000,"height":1000,"caption":"C.E.T."},{"@type":"BreadcrumbList","@id":"https:\/\/p4p-nl.bootmine.com\/%product-slug%\/c-e-t-tandpasta-leversmaak#breadcrumb","itemListElement":[{"@type":"ListItem","position":1,"name":"Home","item":"https:\/\/p4p-nl.bootmine.com\/"},{"@type":"ListItem","position":2,"name":"Winkel","item":"https:\/\/p4p-nl.bootmine.com\/winkel"},{"@type":"ListItem","position":3,"name":"C.E.T. Tandpasta leversmaak 100 gram"}]},{"@type":"WebSite","@id":"http:\/\/www.pharmacy4pets.nl\/#website","url":"http:\/\/www.pharmacy4pets.nl\/","name":"Pharmacy4pets","description":"Pharmacy4pets.nl is d\u00e9 online apotheek waar u terecht kunt voor alle diergeneesmiddelen, verzorgingsproducten en dieetvoeding voor uw huisdier.","publisher":{"@id":"http:\/\/www.pharmacy4pets.nl\/#organization"},"potentialAction":[{"@type":"SearchAction","target":{"@type":"EntryPoint","urlTemplate":"http:\/\/www.pharmacy4pets.nl\/?s={search_term_string}"},"query-input":{"@type":"PropertyValueSpecification","valueRequired":true,"valueName":"search_term_string"}}],"inLanguage":"nl-NL"},{"@type":"Organization","@id":"http:\/\/www.pharmacy4pets.nl\/#organization","name":"Pharmacy4pets","url":"http:\/\/www.pharmacy4pets.nl\/","logo":{"@type":"ImageObject","inLanguage":"nl-NL","@id":"http:\/\/www.pharmacy4pets.nl\/#\/schema\/logo\/image\/","url":"https:\/\/p4p-nl.bootmine.com\/wp-content\/uploads\/2026\/03\/logo-pharmacy4pets.png","contentUrl":"https:\/\/p4p-nl.bootmine.com\/wp-content\/uploads\/2026\/03\/logo-pharmacy4pets.png","width":1024,"height":135,"caption":"Pharmacy4pets"},"image":{"@id":"http:\/\/www.pharmacy4pets.nl\/#\/schema\/logo\/image\/"},"sameAs":["https:\/\/www.facebook.com\/people\/Pharmacy4petsnl\/100063484989896\/","https:\/\/www.youtube.com\/channel\/UCGPTIgucgli03tP2_kvLkHg\/featured","https:\/\/www.instagram.com\/pharmacy4pets.nl"]}]}},"market_data":{"nl":{"price":0,"sale_price":0,"active":false,"url":null,"parent_url":"","tax_rate":0,"price_inc_tax":0,"sale_price_inc_tax":0},"de":{"price":0,"sale_price":0,"active":false,"url":null,"parent_url":"","tax_rate":0,"price_inc_tax":0,"sale_price_inc_tax":0},"be":{"price":0,"sale_price":0,"active":false,"url":null,"parent_url":"","tax_rate":0,"price_inc_tax":0,"sale_price_inc_tax":0},"fr":{"price":0,"sale_price":0,"active":false,"url":null,"parent_url":"","tax_rate":0,"price_inc_tax":0,"sale_price_inc_tax":0},"ch":{"price":0,"sale_price":0,"active":false,"url":null,"parent_url":"","tax_rate":0,"price_inc_tax":0,"sale_price_inc_tax":0},"at":{"price":0,"sale_price":0,"active":false,"url":null,"parent_url":"","tax_rate":0,"price_inc_tax":0,"sale_price_inc_tax":0},"es":{"price":0,"sale_price":0,"active":false,"url":null,"parent_url":"","tax_rate":0,"price_inc_tax":0,"sale_price_inc_tax":0},"dk":{"price":0,"sale_price":0,"active":false,"url":null,"parent_url":"","tax_rate":0,"price_inc_tax":0,"sale_price_inc_tax":0},"com":{"price":0,"sale_price":0,"active":false,"url":null,"parent_url":"","tax_rate":0,"price_inc_tax":0,"sale_price_inc_tax":0}},"market_nl_price":0,"market_nl_sale_price":0,"market_nl_active":false,"market_nl_url":null,"market_nl_parent_url":"","market_nl_tax_rate":0,"market_nl_price_inc_tax":0,"market_nl_sale_price_inc_tax":0,"market_de_price":0,"market_de_sale_price":0,"market_de_active":false,"market_de_url":null,"market_de_parent_url":"","market_de_tax_rate":0,"market_de_price_inc_tax":0,"market_de_sale_price_inc_tax":0,"market_be_price":0,"market_be_sale_price":0,"market_be_active":false,"market_be_url":null,"market_be_parent_url":"","market_be_tax_rate":0,"market_be_price_inc_tax":0,"market_be_sale_price_inc_tax":0,"market_fr_price":0,"market_fr_sale_price":0,"market_fr_active":false,"market_fr_url":null,"market_fr_parent_url":"","market_fr_tax_rate":0,"market_fr_price_inc_tax":0,"market_fr_sale_price_inc_tax":0,"market_ch_price":0,"market_ch_sale_price":0,"market_ch_active":false,"market_ch_url":null,"market_ch_parent_url":"","market_ch_tax_rate":0,"market_ch_price_inc_tax":0,"market_ch_sale_price_inc_tax":0,"market_at_price":0,"market_at_sale_price":0,"market_at_active":false,"market_at_url":null,"market_at_parent_url":"","market_at_tax_rate":0,"market_at_price_inc_tax":0,"market_at_sale_price_inc_tax":0,"market_es_price":0,"market_es_sale_price":0,"market_es_active":false,"market_es_url":null,"market_es_parent_url":"","market_es_tax_rate":0,"market_es_price_inc_tax":0,"market_es_sale_price_inc_tax":0,"market_dk_price":0,"market_dk_sale_price":0,"market_dk_active":false,"market_dk_url":null,"market_dk_parent_url":"","market_dk_tax_rate":0,"market_dk_price_inc_tax":0,"market_dk_sale_price_inc_tax":0,"market_com_price":0,"market_com_sale_price":0,"market_com_active":false,"market_com_url":null,"market_com_parent_url":"","market_com_tax_rate":0,"market_com_price_inc_tax":0,"market_com_sale_price_inc_tax":0,"acf":[],"_links":{"self":[{"href":"https:\/\/www.pharmacy4pets.nl\/be\/wp-json\/wp\/v2\/product\/117203","targetHints":{"allow":["GET"]}}],"collection":[{"href":"https:\/\/www.pharmacy4pets.nl\/be\/wp-json\/wp\/v2\/product"}],"about":[{"href":"https:\/\/www.pharmacy4pets.nl\/be\/wp-json\/wp\/v2\/types\/product"}],"replies":[{"embeddable":true,"href":"https:\/\/www.pharmacy4pets.nl\/be\/wp-json\/wp\/v2\/comments?post=117203"}],"wp:featuredmedia":[{"embeddable":true,"href":"https:\/\/www.pharmacy4pets.nl\/be\/wp-json\/wp\/v2\/media\/117200"}],"wp:attachment":[{"href":"https:\/\/www.pharmacy4pets.nl\/be\/wp-json\/wp\/v2\/media?parent=117203"}],"wp:term":[{"taxonomy":"product_brand","embeddable":true,"href":"https:\/\/www.pharmacy4pets.nl\/be\/wp-json\/wp\/v2\/product_brand?post=117203"},{"taxonomy":"product_cat","embeddable":true,"href":"https:\/\/www.pharmacy4pets.nl\/be\/wp-json\/wp\/v2\/product_cat?post=117203"},{"taxonomy":"product_tag","embeddable":true,"href":"https:\/\/www.pharmacy4pets.nl\/be\/wp-json\/wp\/v2\/product_tag?post=117203"}],"curies":[{"name":"wp","href":"https:\/\/api.w.org\/{rel}","templated":true}]}}