{"id":117195,"date":"2016-04-08T16:59:50","date_gmt":"2016-04-08T16:59:50","guid":{"rendered":"https:\/\/p4p.test\/zitac-100-mg-10x10-tabletten"},"modified":"2026-04-14T08:01:57","modified_gmt":"2026-04-14T08:01:57","slug":"zitac-100-mg-10x10-tabletten","status":"publish","type":"product","link":"https:\/\/www.pharmacy4pets.nl\/be\/zitac-100-mg-10x10-tabletten","title":{"rendered":"Zitac Vet 100 mg 10&#215;10 tabletten"},"content":{"rendered":"<h1 style=\"text-align: justify;\">Zitac 100 mg<\/h1>\n<p style=\"text-align: justify;\">Zitac 100 mg vermindert het braken bij honden, veroorzaakt door chronische gastritis (ontsteking van het maagslijmvlies). Een afname van braken wordt na ongeveer 2 weken bereikt. Wanneer de hond goed reageert op het middel kan de behandeling 2 weken worden gestaakt. Indien het braken weer optreedt, kan de behandeling weer gestart worden zonder risico op intolerantie. Zitac is verkrijgbaar in tabletvorm. De verpakking bestaat uit 100 tabletten.<\/p>\n","protected":false},"excerpt":{"rendered":"<p>Zitac 100 mg Zitac 100 mg vermindert het braken bij honden, veroorzaakt door chronische gastritis (ontsteking van het maagslijmvlies). Een afname van braken wordt na ongeveer 2 weken bereikt. Wanneer de hond goed reageert op het middel kan de behandeling 2 weken worden gestaakt. Indien het braken weer optreedt, kan de behandeling weer gestart worden [&hellip;]<\/p>\n","protected":false},"featured_media":117193,"comment_status":"open","ping_status":"closed","template":"","meta":{"_acf_changed":false,"_nl_post_content":"<h1 style=\"text-align: justify;\">Zitac 100 mg<\/h1>\n<p style=\"text-align: justify;\">Zitac 100 mg vermindert het braken bij honden, veroorzaakt door chronische gastritis (ontsteking van het maagslijmvlies). Een afname van braken wordt na ongeveer 2 weken bereikt. Wanneer de hond goed reageert op het middel kan de behandeling 2 weken worden gestaakt. Indien het braken weer optreedt, kan de behandeling weer gestart worden zonder risico op intolerantie. Zitac is verkrijgbaar in tabletvorm. De verpakking bestaat uit 100 tabletten.<\/p>","_nl_post_name":"zitac-100-mg-10x10-tabletten","_nl_post_excerpt":"","_nl_post_title":"Zitac Vet 100 mg 10x10 tabletten","_en_post_content":"<h1 style=\"text-align: justify;\">Zitac 100 mg<\/h1>\n<p style=\"text-align: justify;\">Zitac Vet is a symptomatic treatment fort he reduction of vomiting associated with chronic gastritis in dogs. Zitac contains cimetidine which acts to reduce acid secretion in the stomach. Once the vomiting has stopped, at least a further 2 weeks of treatment is recommended to prevent recurrence. Zitac 100 mg are tablets. One package contains 100 tablets.<\/p>","_en_post_name":"zitac-100-mg-10x10-tabletten","_en_post_excerpt":"","_en_post_title":"Zitac Vet 100 mg 10x10 tablets","_de_post_content":"<h1 style=\"text-align: justify;\">Zitac 100 mg<\/h1>\n<p style=\"text-align: justify;\">Zitac wird angewendet, um die Magens\u00e4ure-Produktion bei Hunden zu verringern. Eine verringerte Magens\u00e4ure-Produktion hat zur Folge, dass Hunde bei einer chronischen Magenschleimhaut-Entz\u00fcndung weniger erbrechen m\u00fcssen. Zitac ist erh\u00e4ltlich in die Forme von Tabletten . Die Verpackung halt 100 Tabletten.<\/p>","_de_post_name":"zitac-100-mg-10x10-tabletten","_de_post_excerpt":"","_de_post_title":"Zitac Vet 100 mg 10x10 Tabletten","_fr_post_content":"<h1 style=\"text-align: justify;\">Zitac 100 mg<\/h1>\n<p>Zitac 100 mg r\u00e9duit les vomissements chez les chiens caus\u00e9 par la gastrite chronique (infection de la muqueuse gastrique). Une diminution des vomissements est atteint apr\u00e8s 2 semaines. Lorsque votre chien r\u00e9agit bien aux m\u00e9dicaments, le traitement peut \u00eatre arr\u00eat\u00e9 apr\u00e8s 2 semaines. Si les vomissements surviennent \u00e0 nouveau, le traitement peut \u00eatre repris sans risque d\u2019intol\u00e9rance. Zitac est disponible en forme de comprim\u00e9. L\u2019emballage contient 100 comprim\u00e9s.<\/p>","_fr_post_name":"zitac-100-mg-10x10-comprimes","_fr_post_excerpt":"","_fr_post_title":"Zitac Vet 100 mg 10x10 comprim\u00e9s","_es_post_content":"<h1 style=\"text-align: justify;\">Zitac 100 mg<\/h1>\n<p style=\"text-align: justify;\">Zitac 100 mg reduce los v\u00f3mitos en perros, causados por la gastritis cr\u00f3nica (inflamaci\u00f3n de la mucosa g\u00e1strica). Una disminuci\u00f3n de los v\u00f3mitos se logra despu\u00e9s de unas 2 semanas. Cuando el perro reacciona bien al antihistam\u00ednico, el tratamiento puede ser suspendido por 2 semanas. Si los v\u00f3mitos se producen de nuevo, el tratamiento puede iniciarse de nuevo sin riesgo de intolerancia. Zitac est\u00e1 disponible en forma de comprimidos. El envase contiene 100 comprimidos.<\/p>","_es_post_name":"zitac-100-mg-10x10-comprimidos","_es_post_excerpt":"","_es_post_title":"Zitac Vet 100 mg 10x10 pastillas","edit_language":"nl"},"product_brand":[],"product_cat":[1117,1848,1839,1857,1977,2105],"product_tag":[],"class_list":{"0":"post-117195","1":"product","2":"type-product","3":"status-publish","4":"has-post-thumbnail","6":"product_cat-honden","7":"product_cat-maag-darmen","8":"product_cat-medicijnen-supplementen","9":"product_cat-merken","10":"product_cat-overgeven","11":"product_cat-zitac-vet-msd","12":"pa_aandoening-maag_darmen","13":"pa_doeldier-hond","14":"pa_fabricatieland-nederland","15":"pa_merkfilter-zitac","16":"pa_merkgroep-msd","17":"pa_productsoort-diergeneesmiddelvrij_ura","18":"pa_seo_canonical_store_id-not_found_value","19":"pa_seo_category-not_found_value","20":"pa_seo_meta_robots-not_found_value","21":"pa_toedieningswijze-tabletten","22":"pa_unit_pricing_base_measure-1ct","23":"pa_unit_pricing_measure-100ct","24":"pa_werkzamestof-cimetidine","26":"first","27":"instock","28":"taxable","29":"shipping-taxable","30":"purchasable","31":"product-type-simple"},"yoast_head":"<!-- This site is optimized with the Yoast SEO plugin v27.5 - https:\/\/yoast.com\/product\/yoast-seo-wordpress\/ -->\n<title>Zitac vet 100 mg 10x10 tabletten<\/title>\n<meta name=\"robots\" content=\"index, follow, max-snippet:-1, max-image-preview:large, max-video-preview:-1\" \/>\n<link rel=\"canonical\" href=\"https:\/\/p4p-nl.bootmine.com\/%product-slug%\/zitac-100-mg-10x10-tabletten\" \/>\n<meta property=\"og:locale\" content=\"nl_NL\" \/>\n<meta property=\"og:type\" content=\"article\" \/>\n<meta property=\"og:title\" content=\"Zitac vet 100 mg 10x10 tabletten\" \/>\n<meta property=\"og:description\" content=\"Zitac 100 mg Zitac 100 mg vermindert het braken bij honden, veroorzaakt door chronische gastritis (ontsteking van het maagslijmvlies). Een afname van braken wordt na ongeveer 2 weken bereikt. Wanneer de hond goed reageert op het middel kan de behandeling 2 weken worden gestaakt. Indien het braken weer optreedt, kan de behandeling weer gestart worden [&hellip;]\" \/>\n<meta property=\"og:url\" content=\"https:\/\/p4p-nl.bootmine.com\/%product-slug%\/zitac-100-mg-10x10-tabletten\" \/>\n<meta property=\"og:site_name\" content=\"Pharmacy4pets\" \/>\n<meta property=\"article:publisher\" content=\"https:\/\/www.facebook.com\/people\/Pharmacy4petsnl\/100063484989896\/\" \/>\n<meta property=\"article:modified_time\" content=\"2026-04-14T08:01:57+00:00\" \/>\n<meta property=\"og:image\" content=\"https:\/\/p4p-nl.bootmine.com\/wp-content\/uploads\/2016\/04\/Zitac-100-mg_1.jpg\" \/>\n\t<meta property=\"og:image:width\" content=\"500\" \/>\n\t<meta property=\"og:image:height\" content=\"500\" \/>\n\t<meta property=\"og:image:type\" content=\"image\/jpeg\" \/>\n<meta name=\"twitter:card\" content=\"summary_large_image\" \/>\n<script type=\"application\/ld+json\" class=\"yoast-schema-graph\">{\"@context\":\"https:\\\/\\\/schema.org\",\"@graph\":[{\"@type\":\"WebPage\",\"@id\":\"https:\\\/\\\/p4p-nl.bootmine.com\\\/%product-slug%\\\/zitac-100-mg-10x10-tabletten\",\"url\":\"https:\\\/\\\/p4p-nl.bootmine.com\\\/%product-slug%\\\/zitac-100-mg-10x10-tabletten\",\"name\":\"Zitac vet 100 mg 10x10 tabletten\",\"isPartOf\":{\"@id\":\"http:\\\/\\\/www.pharmacy4pets.nl\\\/#website\"},\"primaryImageOfPage\":{\"@id\":\"https:\\\/\\\/p4p-nl.bootmine.com\\\/%product-slug%\\\/zitac-100-mg-10x10-tabletten#primaryimage\"},\"image\":{\"@id\":\"https:\\\/\\\/p4p-nl.bootmine.com\\\/%product-slug%\\\/zitac-100-mg-10x10-tabletten#primaryimage\"},\"thumbnailUrl\":\"https:\\\/\\\/www.pharmacy4pets.nl\\\/wp-content\\\/uploads\\\/2016\\\/04\\\/Zitac-100-mg_1.jpg\",\"datePublished\":\"2016-04-08T16:59:50+00:00\",\"dateModified\":\"2026-04-14T08:01:57+00:00\",\"breadcrumb\":{\"@id\":\"https:\\\/\\\/p4p-nl.bootmine.com\\\/%product-slug%\\\/zitac-100-mg-10x10-tabletten#breadcrumb\"},\"inLanguage\":\"nl-NL\",\"potentialAction\":[{\"@type\":\"ReadAction\",\"target\":[\"https:\\\/\\\/p4p-nl.bootmine.com\\\/%product-slug%\\\/zitac-100-mg-10x10-tabletten\"]}]},{\"@type\":\"ImageObject\",\"inLanguage\":\"nl-NL\",\"@id\":\"https:\\\/\\\/p4p-nl.bootmine.com\\\/%product-slug%\\\/zitac-100-mg-10x10-tabletten#primaryimage\",\"url\":\"https:\\\/\\\/www.pharmacy4pets.nl\\\/wp-content\\\/uploads\\\/2016\\\/04\\\/Zitac-100-mg_1.jpg\",\"contentUrl\":\"https:\\\/\\\/www.pharmacy4pets.nl\\\/wp-content\\\/uploads\\\/2016\\\/04\\\/Zitac-100-mg_1.jpg\",\"width\":500,\"height\":500,\"caption\":\"Zitac\"},{\"@type\":\"BreadcrumbList\",\"@id\":\"https:\\\/\\\/p4p-nl.bootmine.com\\\/%product-slug%\\\/zitac-100-mg-10x10-tabletten#breadcrumb\",\"itemListElement\":[{\"@type\":\"ListItem\",\"position\":1,\"name\":\"Home\",\"item\":\"https:\\\/\\\/p4p-nl.bootmine.com\\\/\"},{\"@type\":\"ListItem\",\"position\":2,\"name\":\"Winkel\",\"item\":\"https:\\\/\\\/p4p-nl.bootmine.com\\\/winkel\"},{\"@type\":\"ListItem\",\"position\":3,\"name\":\"Zitac Vet 100 mg 10&#215;10 tabletten\"}]},{\"@type\":\"WebSite\",\"@id\":\"http:\\\/\\\/www.pharmacy4pets.nl\\\/#website\",\"url\":\"http:\\\/\\\/www.pharmacy4pets.nl\\\/\",\"name\":\"Pharmacy4pets\",\"description\":\"Pharmacy4pets.nl is d\u00e9 online apotheek waar u terecht kunt voor alle diergeneesmiddelen, verzorgingsproducten en dieetvoeding voor uw huisdier.\",\"publisher\":{\"@id\":\"http:\\\/\\\/www.pharmacy4pets.nl\\\/#organization\"},\"potentialAction\":[{\"@type\":\"SearchAction\",\"target\":{\"@type\":\"EntryPoint\",\"urlTemplate\":\"http:\\\/\\\/www.pharmacy4pets.nl\\\/?s={search_term_string}\"},\"query-input\":{\"@type\":\"PropertyValueSpecification\",\"valueRequired\":true,\"valueName\":\"search_term_string\"}}],\"inLanguage\":\"nl-NL\"},{\"@type\":\"Organization\",\"@id\":\"http:\\\/\\\/www.pharmacy4pets.nl\\\/#organization\",\"name\":\"Pharmacy4pets\",\"url\":\"http:\\\/\\\/www.pharmacy4pets.nl\\\/\",\"logo\":{\"@type\":\"ImageObject\",\"inLanguage\":\"nl-NL\",\"@id\":\"http:\\\/\\\/www.pharmacy4pets.nl\\\/#\\\/schema\\\/logo\\\/image\\\/\",\"url\":\"https:\\\/\\\/p4p-nl.bootmine.com\\\/wp-content\\\/uploads\\\/2026\\\/03\\\/logo-pharmacy4pets.png\",\"contentUrl\":\"https:\\\/\\\/p4p-nl.bootmine.com\\\/wp-content\\\/uploads\\\/2026\\\/03\\\/logo-pharmacy4pets.png\",\"width\":1024,\"height\":135,\"caption\":\"Pharmacy4pets\"},\"image\":{\"@id\":\"http:\\\/\\\/www.pharmacy4pets.nl\\\/#\\\/schema\\\/logo\\\/image\\\/\"},\"sameAs\":[\"https:\\\/\\\/www.facebook.com\\\/people\\\/Pharmacy4petsnl\\\/100063484989896\\\/\",\"https:\\\/\\\/www.youtube.com\\\/channel\\\/UCGPTIgucgli03tP2_kvLkHg\\\/featured\",\"https:\\\/\\\/www.instagram.com\\\/pharmacy4pets.nl\"]}]}<\/script>\n<!-- \/ Yoast SEO plugin. -->","yoast_head_json":{"title":"Zitac vet 100 mg 10x10 tabletten","robots":{"index":"index","follow":"follow","max-snippet":"max-snippet:-1","max-image-preview":"max-image-preview:large","max-video-preview":"max-video-preview:-1"},"canonical":"https:\/\/p4p-nl.bootmine.com\/%product-slug%\/zitac-100-mg-10x10-tabletten","og_locale":"nl_NL","og_type":"article","og_title":"Zitac vet 100 mg 10x10 tabletten","og_description":"Zitac 100 mg Zitac 100 mg vermindert het braken bij honden, veroorzaakt door chronische gastritis (ontsteking van het maagslijmvlies). Een afname van braken wordt na ongeveer 2 weken bereikt. Wanneer de hond goed reageert op het middel kan de behandeling 2 weken worden gestaakt. Indien het braken weer optreedt, kan de behandeling weer gestart worden [&hellip;]","og_url":"https:\/\/p4p-nl.bootmine.com\/%product-slug%\/zitac-100-mg-10x10-tabletten","og_site_name":"Pharmacy4pets","article_publisher":"https:\/\/www.facebook.com\/people\/Pharmacy4petsnl\/100063484989896\/","article_modified_time":"2026-04-14T08:01:57+00:00","og_image":[{"width":500,"height":500,"url":"https:\/\/p4p-nl.bootmine.com\/wp-content\/uploads\/2016\/04\/Zitac-100-mg_1.jpg","type":"image\/jpeg"}],"twitter_card":"summary_large_image","schema":{"@context":"https:\/\/schema.org","@graph":[{"@type":"WebPage","@id":"https:\/\/p4p-nl.bootmine.com\/%product-slug%\/zitac-100-mg-10x10-tabletten","url":"https:\/\/p4p-nl.bootmine.com\/%product-slug%\/zitac-100-mg-10x10-tabletten","name":"Zitac vet 100 mg 10x10 tabletten","isPartOf":{"@id":"http:\/\/www.pharmacy4pets.nl\/#website"},"primaryImageOfPage":{"@id":"https:\/\/p4p-nl.bootmine.com\/%product-slug%\/zitac-100-mg-10x10-tabletten#primaryimage"},"image":{"@id":"https:\/\/p4p-nl.bootmine.com\/%product-slug%\/zitac-100-mg-10x10-tabletten#primaryimage"},"thumbnailUrl":"https:\/\/www.pharmacy4pets.nl\/wp-content\/uploads\/2016\/04\/Zitac-100-mg_1.jpg","datePublished":"2016-04-08T16:59:50+00:00","dateModified":"2026-04-14T08:01:57+00:00","breadcrumb":{"@id":"https:\/\/p4p-nl.bootmine.com\/%product-slug%\/zitac-100-mg-10x10-tabletten#breadcrumb"},"inLanguage":"nl-NL","potentialAction":[{"@type":"ReadAction","target":["https:\/\/p4p-nl.bootmine.com\/%product-slug%\/zitac-100-mg-10x10-tabletten"]}]},{"@type":"ImageObject","inLanguage":"nl-NL","@id":"https:\/\/p4p-nl.bootmine.com\/%product-slug%\/zitac-100-mg-10x10-tabletten#primaryimage","url":"https:\/\/www.pharmacy4pets.nl\/wp-content\/uploads\/2016\/04\/Zitac-100-mg_1.jpg","contentUrl":"https:\/\/www.pharmacy4pets.nl\/wp-content\/uploads\/2016\/04\/Zitac-100-mg_1.jpg","width":500,"height":500,"caption":"Zitac"},{"@type":"BreadcrumbList","@id":"https:\/\/p4p-nl.bootmine.com\/%product-slug%\/zitac-100-mg-10x10-tabletten#breadcrumb","itemListElement":[{"@type":"ListItem","position":1,"name":"Home","item":"https:\/\/p4p-nl.bootmine.com\/"},{"@type":"ListItem","position":2,"name":"Winkel","item":"https:\/\/p4p-nl.bootmine.com\/winkel"},{"@type":"ListItem","position":3,"name":"Zitac Vet 100 mg 10&#215;10 tabletten"}]},{"@type":"WebSite","@id":"http:\/\/www.pharmacy4pets.nl\/#website","url":"http:\/\/www.pharmacy4pets.nl\/","name":"Pharmacy4pets","description":"Pharmacy4pets.nl is d\u00e9 online apotheek waar u terecht kunt voor alle diergeneesmiddelen, verzorgingsproducten en dieetvoeding voor uw huisdier.","publisher":{"@id":"http:\/\/www.pharmacy4pets.nl\/#organization"},"potentialAction":[{"@type":"SearchAction","target":{"@type":"EntryPoint","urlTemplate":"http:\/\/www.pharmacy4pets.nl\/?s={search_term_string}"},"query-input":{"@type":"PropertyValueSpecification","valueRequired":true,"valueName":"search_term_string"}}],"inLanguage":"nl-NL"},{"@type":"Organization","@id":"http:\/\/www.pharmacy4pets.nl\/#organization","name":"Pharmacy4pets","url":"http:\/\/www.pharmacy4pets.nl\/","logo":{"@type":"ImageObject","inLanguage":"nl-NL","@id":"http:\/\/www.pharmacy4pets.nl\/#\/schema\/logo\/image\/","url":"https:\/\/p4p-nl.bootmine.com\/wp-content\/uploads\/2026\/03\/logo-pharmacy4pets.png","contentUrl":"https:\/\/p4p-nl.bootmine.com\/wp-content\/uploads\/2026\/03\/logo-pharmacy4pets.png","width":1024,"height":135,"caption":"Pharmacy4pets"},"image":{"@id":"http:\/\/www.pharmacy4pets.nl\/#\/schema\/logo\/image\/"},"sameAs":["https:\/\/www.facebook.com\/people\/Pharmacy4petsnl\/100063484989896\/","https:\/\/www.youtube.com\/channel\/UCGPTIgucgli03tP2_kvLkHg\/featured","https:\/\/www.instagram.com\/pharmacy4pets.nl"]}]}},"market_data":{"nl":{"price":0,"sale_price":0,"active":false,"url":null,"parent_url":"","tax_rate":0,"price_inc_tax":0,"sale_price_inc_tax":0},"de":{"price":0,"sale_price":0,"active":false,"url":null,"parent_url":"","tax_rate":0,"price_inc_tax":0,"sale_price_inc_tax":0},"be":{"price":0,"sale_price":0,"active":false,"url":null,"parent_url":"","tax_rate":0,"price_inc_tax":0,"sale_price_inc_tax":0},"fr":{"price":0,"sale_price":0,"active":false,"url":null,"parent_url":"","tax_rate":0,"price_inc_tax":0,"sale_price_inc_tax":0},"ch":{"price":0,"sale_price":0,"active":false,"url":null,"parent_url":"","tax_rate":0,"price_inc_tax":0,"sale_price_inc_tax":0},"at":{"price":0,"sale_price":0,"active":false,"url":null,"parent_url":"","tax_rate":0,"price_inc_tax":0,"sale_price_inc_tax":0},"es":{"price":0,"sale_price":0,"active":false,"url":null,"parent_url":"","tax_rate":0,"price_inc_tax":0,"sale_price_inc_tax":0},"dk":{"price":0,"sale_price":0,"active":false,"url":null,"parent_url":"","tax_rate":0,"price_inc_tax":0,"sale_price_inc_tax":0},"com":{"price":0,"sale_price":0,"active":false,"url":null,"parent_url":"","tax_rate":0,"price_inc_tax":0,"sale_price_inc_tax":0}},"market_nl_price":0,"market_nl_sale_price":0,"market_nl_active":false,"market_nl_url":null,"market_nl_parent_url":"","market_nl_tax_rate":0,"market_nl_price_inc_tax":0,"market_nl_sale_price_inc_tax":0,"market_de_price":0,"market_de_sale_price":0,"market_de_active":false,"market_de_url":null,"market_de_parent_url":"","market_de_tax_rate":0,"market_de_price_inc_tax":0,"market_de_sale_price_inc_tax":0,"market_be_price":0,"market_be_sale_price":0,"market_be_active":false,"market_be_url":null,"market_be_parent_url":"","market_be_tax_rate":0,"market_be_price_inc_tax":0,"market_be_sale_price_inc_tax":0,"market_fr_price":0,"market_fr_sale_price":0,"market_fr_active":false,"market_fr_url":null,"market_fr_parent_url":"","market_fr_tax_rate":0,"market_fr_price_inc_tax":0,"market_fr_sale_price_inc_tax":0,"market_ch_price":0,"market_ch_sale_price":0,"market_ch_active":false,"market_ch_url":null,"market_ch_parent_url":"","market_ch_tax_rate":0,"market_ch_price_inc_tax":0,"market_ch_sale_price_inc_tax":0,"market_at_price":0,"market_at_sale_price":0,"market_at_active":false,"market_at_url":null,"market_at_parent_url":"","market_at_tax_rate":0,"market_at_price_inc_tax":0,"market_at_sale_price_inc_tax":0,"market_es_price":0,"market_es_sale_price":0,"market_es_active":false,"market_es_url":null,"market_es_parent_url":"","market_es_tax_rate":0,"market_es_price_inc_tax":0,"market_es_sale_price_inc_tax":0,"market_dk_price":0,"market_dk_sale_price":0,"market_dk_active":false,"market_dk_url":null,"market_dk_parent_url":"","market_dk_tax_rate":0,"market_dk_price_inc_tax":0,"market_dk_sale_price_inc_tax":0,"market_com_price":0,"market_com_sale_price":0,"market_com_active":false,"market_com_url":null,"market_com_parent_url":"","market_com_tax_rate":0,"market_com_price_inc_tax":0,"market_com_sale_price_inc_tax":0,"acf":[],"_links":{"self":[{"href":"https:\/\/www.pharmacy4pets.nl\/be\/wp-json\/wp\/v2\/product\/117195","targetHints":{"allow":["GET"]}}],"collection":[{"href":"https:\/\/www.pharmacy4pets.nl\/be\/wp-json\/wp\/v2\/product"}],"about":[{"href":"https:\/\/www.pharmacy4pets.nl\/be\/wp-json\/wp\/v2\/types\/product"}],"replies":[{"embeddable":true,"href":"https:\/\/www.pharmacy4pets.nl\/be\/wp-json\/wp\/v2\/comments?post=117195"}],"wp:featuredmedia":[{"embeddable":true,"href":"https:\/\/www.pharmacy4pets.nl\/be\/wp-json\/wp\/v2\/media\/117193"}],"wp:attachment":[{"href":"https:\/\/www.pharmacy4pets.nl\/be\/wp-json\/wp\/v2\/media?parent=117195"}],"wp:term":[{"taxonomy":"product_brand","embeddable":true,"href":"https:\/\/www.pharmacy4pets.nl\/be\/wp-json\/wp\/v2\/product_brand?post=117195"},{"taxonomy":"product_cat","embeddable":true,"href":"https:\/\/www.pharmacy4pets.nl\/be\/wp-json\/wp\/v2\/product_cat?post=117195"},{"taxonomy":"product_tag","embeddable":true,"href":"https:\/\/www.pharmacy4pets.nl\/be\/wp-json\/wp\/v2\/product_tag?post=117195"}],"curies":[{"name":"wp","href":"https:\/\/api.w.org\/{rel}","templated":true}]}}