{"id":117143,"date":"2016-01-18T10:08:10","date_gmt":"2016-01-18T10:08:10","guid":{"rendered":"https:\/\/p4p.test\/seresto-reflector-grote-hond"},"modified":"2026-05-05T11:46:06","modified_gmt":"2026-05-05T09:46:06","slug":"seresto-reflector-grote-hond","status":"publish","type":"product","link":"https:\/\/www.pharmacy4pets.nl\/be\/seresto-reflector-grote-hond","title":{"rendered":"Seresto reflector (halsband grote hond) | 3 stuks"},"content":{"rendered":"<p style=\"text-align: justify;\">Seresto reflectoren voor de halsband grote hond kunnen worden bevestigd aan de <a href=\"http:\/\/www.pharmacy4pets.nl\/seresto-halsband-grote-hond-8kg\">Seresto halsband voor de grote hond<\/a>. U dient de reflectoren te sluiten, totdat u een klik hoort. De reflectoren op de Seresto halsband vergroten de zichtbaarheid en daarmee veiligheid van uw hond. De reflectoren worden per 3 stuks geleverd.<\/p>\n<p><span style=\"color: #ff4500;\"><em><strong>De reflectoren worden exclusief halsband geleverd.<\/strong><\/em><\/span><\/p>\n","protected":false},"excerpt":{"rendered":"<p>Seresto reflectoren voor de halsband grote hond kunnen worden bevestigd aan de Seresto halsband voor de grote hond. U dient de reflectoren te sluiten, totdat u een klik hoort. De reflectoren op de Seresto halsband vergroten de zichtbaarheid en daarmee veiligheid van uw hond. De reflectoren worden per 3 stuks geleverd. De reflectoren worden exclusief [&hellip;]<\/p>\n","protected":false},"featured_media":117137,"comment_status":"open","ping_status":"closed","template":"","meta":{"_acf_changed":false,"_nl_post_content":"<p style=\"text-align: justify;\">Seresto reflectoren voor de halsband grote hond kunnen worden bevestigd aan de <a href=\"http:\/\/www.pharmacy4pets.nl\/seresto-halsband-grote-hond-8kg\">Seresto halsband voor de grote hond<\/a>. U dient de reflectoren te sluiten, totdat u een klik hoort. De reflectoren op de Seresto halsband vergroten de zichtbaarheid en daarmee veiligheid van uw hond. De reflectoren worden per 3 stuks geleverd.<\/p>\r\n<p><span style=\"color: #ff4500;\"><em><strong>De reflectoren worden exclusief halsband geleverd.<\/strong><\/em><\/span><\/p>","_nl_post_name":"seresto-reflector-grote-hond","_nl_post_excerpt":"","_nl_post_title":"Seresto reflector (halsband grote hond) | 3 stuks","_en_post_content":"<p style=\"text-align: justify;\">Seresto reflectors for the collar large dog can be attached to the <a href=\"http:\/\/www.pharmacy4pets.com\/seresto-halsband-grote-hond-8kg\">Seresto collar for large dogs<\/a>. You must close the reflectors until you hear a click. The reflectors on the Seresto collar increase the visibility and therefore the safety of your dog. The package contains 3 pieces.<\/p>\r\n<p><span style=\"color: #ff4500;\"><em><strong>The reflectors will be delivered without collar.<\/strong><\/em><\/span><\/p>","_en_post_name":"seresto-reflector-grote-hond","_en_post_excerpt":"","_en_post_title":"Seresto reflector (collar large dog) | 3 pieces","_de_post_content":"<p style=\"text-align: justify;\">Seresto Reflektoren f\u00fcr die Halsband gro\u00dfe Hund k\u00f6nnen befestigt werden an die <a href=\"http:\/\/www.pharmacy4pets.de\/seresto-halsband-grote-hond-8kg\">Seresto Halsband f\u00fcr der gro\u00dfe Hund<\/a>. Sie m\u00fcssen die Reflektoren schlie\u03b2en, bis Sie ein Klick h\u00f6ren. Die Reflektoren auf der Seresto Halsband erh\u00f6hen die Sichtbarkeit und damit die Sicherheit Ihres Hundes. Die Reflektoren werden pro 3 St\u00fcck geliefert.<\/p>\r\n<p><span style=\"color: #ff4500;\"><em><strong>Die Reflektoren werden ohne Halsband geliefert.<\/strong><\/em><\/span><\/p>","_de_post_name":"seresto-reflector-grote-hond","_de_post_excerpt":"","_de_post_title":"Seresto Reflektor (Halsband gro\u00dfe Hund) | 3 St\u00fcck","_fr_post_content":"<p>Les r\u00e9flecteurs Seresto pour les colliers grands chiens peuvent \u00eatre fix\u00e9s au collier Seresto pour grand chien. Veuillez bien fermer les r\u00e9flecteurs jusqu\u2019\u00e0 que vous entendez un clic. Les r\u00e9flecteurs Seresto renforcent la visibilit\u00e9 et donc augmente la s\u00e9curit\u00e9 du chien. Les r\u00e9flecteurs sont livr\u00e9s par 3. <br \/><br \/><span style=\"color: #ff0000;\">Les r\u00e9flecteurs sont livr\u00e9s sans collier<\/span><\/p>","_fr_post_name":"seresto-reflecteurs-grand-chien","_fr_post_excerpt":"","_fr_post_title":"Seresto r\u00e9flecteurs (collier chien) | 3 pi\u00e8ces","_es_post_content":"<p style=\"text-align: justify;\">Los reflectores Seresto para el collar de perros grandes se pueden fijar al\u00a0<a href=\"http:\/\/www.pharmacy4pets.nl\/seresto-halsband-grote-hond-8kg\">Seresto collar de perros grandes<\/a>.Al cerrar el reflector se debe o\u00edr un clic. Los reflectores de Seresto aumentan la visibilidad y la seguridad de su perro. El envase contiene 3 unidades.<\/p>\r\n<p><span style=\"color: #ff4500;\"><em><strong>Los reflectores se entregan sin collar.<\/strong><\/em><\/span><\/p>","_es_post_name":"seresto-reflector-perro-grande","_es_post_excerpt":"","_es_post_title":"Seresto reflector (collar perro grande) | 3 unidades","edit_language":"nl"},"product_brand":[],"product_cat":[1861,1117,1857,1954,1864],"product_tag":[],"class_list":{"0":"post-117143","1":"product","2":"type-product","3":"status-publish","4":"has-post-thumbnail","6":"product_cat-benodigdheden","7":"product_cat-honden","8":"product_cat-merken","9":"product_cat-seresto","10":"product_cat-veiligheid","11":"pa_aandoening-overig","12":"pa_doeldier-hond","13":"pa_doeldier-puppy","14":"pa_fabricatieland-duitsland","15":"pa_merkfilter-seresto","16":"pa_merkgroep-elanco","17":"pa_productsoort-overig","18":"pa_seo_canonical_store_id-not_found_value","19":"pa_seo_category-not_found_value","20":"pa_seo_meta_robots-not_found_value","21":"pa_toedieningswijze-reflector","22":"pa_unit_pricing_base_measure-1ct","23":"pa_unit_pricing_measure-3ct","24":"pa_werkzamestof-overig","26":"first","27":"outofstock","28":"taxable","29":"shipping-taxable","30":"purchasable","31":"product-type-simple"},"yoast_head":"<!-- This site is optimized with the Yoast SEO plugin v27.5 - https:\/\/yoast.com\/product\/yoast-seo-wordpress\/ -->\n<title>Seresto reflector (halsband grote hond) | 3 stuks | Pharmacy4pets<\/title>\n<meta name=\"robots\" content=\"index, follow, max-snippet:-1, max-image-preview:large, max-video-preview:-1\" \/>\n<link rel=\"canonical\" href=\"https:\/\/www.pharmacy4pets.nl\/seresto-reflector-grote-hond\" \/>\n<meta property=\"og:locale\" content=\"nl_NL\" \/>\n<meta property=\"og:type\" content=\"article\" \/>\n<meta property=\"og:title\" content=\"Seresto reflector (halsband grote hond) | 3 stuks | Pharmacy4pets\" \/>\n<meta property=\"og:description\" content=\"Seresto reflectoren voor de halsband grote hond kunnen worden bevestigd aan de Seresto halsband voor de grote hond. U dient de reflectoren te sluiten, totdat u een klik hoort. De reflectoren op de Seresto halsband vergroten de zichtbaarheid en daarmee veiligheid van uw hond. De reflectoren worden per 3 stuks geleverd. De reflectoren worden exclusief [&hellip;]\" \/>\n<meta property=\"og:url\" content=\"https:\/\/www.pharmacy4pets.nl\/seresto-reflector-grote-hond\" \/>\n<meta property=\"og:site_name\" content=\"Pharmacy4pets\" \/>\n<meta property=\"article:publisher\" content=\"https:\/\/www.facebook.com\/people\/Pharmacy4petsnl\/100063484989896\/\" \/>\n<meta property=\"article:modified_time\" content=\"2026-05-05T09:46:06+00:00\" \/>\n<meta property=\"og:image\" content=\"https:\/\/www.pharmacy4pets.nl\/wp-content\/uploads\/2016\/01\/seresto_reflectoren_groot_2_1.jpg\" \/>\n\t<meta property=\"og:image:width\" content=\"678\" \/>\n\t<meta property=\"og:image:height\" content=\"311\" \/>\n\t<meta property=\"og:image:type\" content=\"image\/jpeg\" \/>\n<meta name=\"twitter:card\" content=\"summary_large_image\" \/>\n<script type=\"application\/ld+json\" class=\"yoast-schema-graph\">{\"@context\":\"https:\\\/\\\/schema.org\",\"@graph\":[{\"@type\":\"WebPage\",\"@id\":\"https:\\\/\\\/www.pharmacy4pets.nl\\\/seresto-reflector-grote-hond\",\"url\":\"https:\\\/\\\/www.pharmacy4pets.nl\\\/seresto-reflector-grote-hond\",\"name\":\"Seresto reflector (halsband grote hond) | 3 stuks | Pharmacy4pets\",\"isPartOf\":{\"@id\":\"https:\\\/\\\/www.pharmacy4pets.nl\\\/be\\\/#website\"},\"primaryImageOfPage\":{\"@id\":\"https:\\\/\\\/www.pharmacy4pets.nl\\\/seresto-reflector-grote-hond#primaryimage\"},\"image\":{\"@id\":\"https:\\\/\\\/www.pharmacy4pets.nl\\\/seresto-reflector-grote-hond#primaryimage\"},\"thumbnailUrl\":\"https:\\\/\\\/www.pharmacy4pets.nl\\\/wp-content\\\/uploads\\\/2016\\\/01\\\/seresto_reflectoren_groot_2_1.jpg\",\"datePublished\":\"2016-01-18T10:08:10+00:00\",\"dateModified\":\"2026-05-05T09:46:06+00:00\",\"breadcrumb\":{\"@id\":\"https:\\\/\\\/www.pharmacy4pets.nl\\\/seresto-reflector-grote-hond#breadcrumb\"},\"inLanguage\":\"nl-NL\",\"potentialAction\":[{\"@type\":\"ReadAction\",\"target\":[\"https:\\\/\\\/www.pharmacy4pets.nl\\\/seresto-reflector-grote-hond\"]}]},{\"@type\":\"ImageObject\",\"inLanguage\":\"nl-NL\",\"@id\":\"https:\\\/\\\/www.pharmacy4pets.nl\\\/seresto-reflector-grote-hond#primaryimage\",\"url\":\"https:\\\/\\\/www.pharmacy4pets.nl\\\/wp-content\\\/uploads\\\/2016\\\/01\\\/seresto_reflectoren_groot_2_1.jpg\",\"contentUrl\":\"https:\\\/\\\/www.pharmacy4pets.nl\\\/wp-content\\\/uploads\\\/2016\\\/01\\\/seresto_reflectoren_groot_2_1.jpg\",\"width\":678,\"height\":311,\"caption\":\"Seresto\"},{\"@type\":\"BreadcrumbList\",\"@id\":\"https:\\\/\\\/www.pharmacy4pets.nl\\\/seresto-reflector-grote-hond#breadcrumb\",\"itemListElement\":[{\"@type\":\"ListItem\",\"position\":1,\"name\":\"Home\",\"item\":\"https:\\\/\\\/p4p-nl.bootmine.com\\\/\"},{\"@type\":\"ListItem\",\"position\":2,\"name\":\"Winkel\",\"item\":\"https:\\\/\\\/www.pharmacy4pets.nl\\\/be\\\/winkel\"},{\"@type\":\"ListItem\",\"position\":3,\"name\":\"Seresto reflector (halsband grote hond) | 3 stuks\"}]},{\"@type\":\"WebSite\",\"@id\":\"https:\\\/\\\/www.pharmacy4pets.nl\\\/be\\\/#website\",\"url\":\"https:\\\/\\\/www.pharmacy4pets.nl\\\/be\\\/\",\"name\":\"Pharmacy4pets\",\"description\":\"Pharmacy4pets.nl is d\u00e9 online apotheek waar u terecht kunt voor alle diergeneesmiddelen, verzorgingsproducten en dieetvoeding voor uw huisdier.\",\"publisher\":{\"@id\":\"https:\\\/\\\/www.pharmacy4pets.nl\\\/be\\\/#organization\"},\"potentialAction\":[{\"@type\":\"SearchAction\",\"target\":{\"@type\":\"EntryPoint\",\"urlTemplate\":\"https:\\\/\\\/www.pharmacy4pets.nl\\\/be\\\/?s={search_term_string}\"},\"query-input\":{\"@type\":\"PropertyValueSpecification\",\"valueRequired\":true,\"valueName\":\"search_term_string\"}}],\"inLanguage\":\"nl-NL\"},{\"@type\":\"Organization\",\"@id\":\"https:\\\/\\\/www.pharmacy4pets.nl\\\/be\\\/#organization\",\"name\":\"Pharmacy4pets\",\"url\":\"https:\\\/\\\/www.pharmacy4pets.nl\\\/be\\\/\",\"logo\":{\"@type\":\"ImageObject\",\"inLanguage\":\"nl-NL\",\"@id\":\"https:\\\/\\\/www.pharmacy4pets.nl\\\/be\\\/#\\\/schema\\\/logo\\\/image\\\/\",\"url\":\"https:\\\/\\\/p4p-nl.bootmine.com\\\/wp-content\\\/uploads\\\/2026\\\/03\\\/logo-pharmacy4pets.png\",\"contentUrl\":\"https:\\\/\\\/p4p-nl.bootmine.com\\\/wp-content\\\/uploads\\\/2026\\\/03\\\/logo-pharmacy4pets.png\",\"width\":1024,\"height\":135,\"caption\":\"Pharmacy4pets\"},\"image\":{\"@id\":\"https:\\\/\\\/www.pharmacy4pets.nl\\\/be\\\/#\\\/schema\\\/logo\\\/image\\\/\"},\"sameAs\":[\"https:\\\/\\\/www.facebook.com\\\/people\\\/Pharmacy4petsnl\\\/100063484989896\\\/\",\"https:\\\/\\\/www.youtube.com\\\/channel\\\/UCGPTIgucgli03tP2_kvLkHg\\\/featured\",\"https:\\\/\\\/www.instagram.com\\\/pharmacy4pets.nl\"]}]}<\/script>\n<!-- \/ Yoast SEO plugin. -->","yoast_head_json":{"title":"Seresto reflector (halsband grote hond) | 3 stuks | Pharmacy4pets","robots":{"index":"index","follow":"follow","max-snippet":"max-snippet:-1","max-image-preview":"max-image-preview:large","max-video-preview":"max-video-preview:-1"},"canonical":"https:\/\/www.pharmacy4pets.nl\/seresto-reflector-grote-hond","og_locale":"nl_NL","og_type":"article","og_title":"Seresto reflector (halsband grote hond) | 3 stuks | Pharmacy4pets","og_description":"Seresto reflectoren voor de halsband grote hond kunnen worden bevestigd aan de Seresto halsband voor de grote hond. U dient de reflectoren te sluiten, totdat u een klik hoort. De reflectoren op de Seresto halsband vergroten de zichtbaarheid en daarmee veiligheid van uw hond. De reflectoren worden per 3 stuks geleverd. De reflectoren worden exclusief [&hellip;]","og_url":"https:\/\/www.pharmacy4pets.nl\/seresto-reflector-grote-hond","og_site_name":"Pharmacy4pets","article_publisher":"https:\/\/www.facebook.com\/people\/Pharmacy4petsnl\/100063484989896\/","article_modified_time":"2026-05-05T09:46:06+00:00","og_image":[{"width":678,"height":311,"url":"https:\/\/www.pharmacy4pets.nl\/wp-content\/uploads\/2016\/01\/seresto_reflectoren_groot_2_1.jpg","type":"image\/jpeg"}],"twitter_card":"summary_large_image","schema":{"@context":"https:\/\/schema.org","@graph":[{"@type":"WebPage","@id":"https:\/\/www.pharmacy4pets.nl\/seresto-reflector-grote-hond","url":"https:\/\/www.pharmacy4pets.nl\/seresto-reflector-grote-hond","name":"Seresto reflector (halsband grote hond) | 3 stuks | Pharmacy4pets","isPartOf":{"@id":"https:\/\/www.pharmacy4pets.nl\/be\/#website"},"primaryImageOfPage":{"@id":"https:\/\/www.pharmacy4pets.nl\/seresto-reflector-grote-hond#primaryimage"},"image":{"@id":"https:\/\/www.pharmacy4pets.nl\/seresto-reflector-grote-hond#primaryimage"},"thumbnailUrl":"https:\/\/www.pharmacy4pets.nl\/wp-content\/uploads\/2016\/01\/seresto_reflectoren_groot_2_1.jpg","datePublished":"2016-01-18T10:08:10+00:00","dateModified":"2026-05-05T09:46:06+00:00","breadcrumb":{"@id":"https:\/\/www.pharmacy4pets.nl\/seresto-reflector-grote-hond#breadcrumb"},"inLanguage":"nl-NL","potentialAction":[{"@type":"ReadAction","target":["https:\/\/www.pharmacy4pets.nl\/seresto-reflector-grote-hond"]}]},{"@type":"ImageObject","inLanguage":"nl-NL","@id":"https:\/\/www.pharmacy4pets.nl\/seresto-reflector-grote-hond#primaryimage","url":"https:\/\/www.pharmacy4pets.nl\/wp-content\/uploads\/2016\/01\/seresto_reflectoren_groot_2_1.jpg","contentUrl":"https:\/\/www.pharmacy4pets.nl\/wp-content\/uploads\/2016\/01\/seresto_reflectoren_groot_2_1.jpg","width":678,"height":311,"caption":"Seresto"},{"@type":"BreadcrumbList","@id":"https:\/\/www.pharmacy4pets.nl\/seresto-reflector-grote-hond#breadcrumb","itemListElement":[{"@type":"ListItem","position":1,"name":"Home","item":"https:\/\/p4p-nl.bootmine.com\/"},{"@type":"ListItem","position":2,"name":"Winkel","item":"https:\/\/www.pharmacy4pets.nl\/be\/winkel"},{"@type":"ListItem","position":3,"name":"Seresto reflector (halsband grote hond) | 3 stuks"}]},{"@type":"WebSite","@id":"https:\/\/www.pharmacy4pets.nl\/be\/#website","url":"https:\/\/www.pharmacy4pets.nl\/be\/","name":"Pharmacy4pets","description":"Pharmacy4pets.nl is d\u00e9 online apotheek waar u terecht kunt voor alle diergeneesmiddelen, verzorgingsproducten en dieetvoeding voor uw huisdier.","publisher":{"@id":"https:\/\/www.pharmacy4pets.nl\/be\/#organization"},"potentialAction":[{"@type":"SearchAction","target":{"@type":"EntryPoint","urlTemplate":"https:\/\/www.pharmacy4pets.nl\/be\/?s={search_term_string}"},"query-input":{"@type":"PropertyValueSpecification","valueRequired":true,"valueName":"search_term_string"}}],"inLanguage":"nl-NL"},{"@type":"Organization","@id":"https:\/\/www.pharmacy4pets.nl\/be\/#organization","name":"Pharmacy4pets","url":"https:\/\/www.pharmacy4pets.nl\/be\/","logo":{"@type":"ImageObject","inLanguage":"nl-NL","@id":"https:\/\/www.pharmacy4pets.nl\/be\/#\/schema\/logo\/image\/","url":"https:\/\/p4p-nl.bootmine.com\/wp-content\/uploads\/2026\/03\/logo-pharmacy4pets.png","contentUrl":"https:\/\/p4p-nl.bootmine.com\/wp-content\/uploads\/2026\/03\/logo-pharmacy4pets.png","width":1024,"height":135,"caption":"Pharmacy4pets"},"image":{"@id":"https:\/\/www.pharmacy4pets.nl\/be\/#\/schema\/logo\/image\/"},"sameAs":["https:\/\/www.facebook.com\/people\/Pharmacy4petsnl\/100063484989896\/","https:\/\/www.youtube.com\/channel\/UCGPTIgucgli03tP2_kvLkHg\/featured","https:\/\/www.instagram.com\/pharmacy4pets.nl"]}]}},"market_data":{"nl":{"price":0,"sale_price":0,"active":false,"url":"","parent_url":"","tax_rate":0,"price_inc_tax":0,"sale_price_inc_tax":0},"de":{"price":0,"sale_price":0,"active":false,"url":"","parent_url":"","tax_rate":0,"price_inc_tax":0,"sale_price_inc_tax":0},"be":{"price":0,"sale_price":0,"active":false,"url":"","parent_url":"","tax_rate":0,"price_inc_tax":0,"sale_price_inc_tax":0},"fr":{"price":0,"sale_price":0,"active":false,"url":"","parent_url":"","tax_rate":0,"price_inc_tax":0,"sale_price_inc_tax":0},"ch":{"price":0,"sale_price":0,"active":false,"url":"","parent_url":"","tax_rate":0,"price_inc_tax":0,"sale_price_inc_tax":0},"at":{"price":0,"sale_price":0,"active":false,"url":"","parent_url":"","tax_rate":0,"price_inc_tax":0,"sale_price_inc_tax":0},"es":{"price":0,"sale_price":0,"active":false,"url":"","parent_url":"","tax_rate":0,"price_inc_tax":0,"sale_price_inc_tax":0},"dk":{"price":0,"sale_price":0,"active":false,"url":"","parent_url":"","tax_rate":0,"price_inc_tax":0,"sale_price_inc_tax":0},"com":{"price":0,"sale_price":0,"active":false,"url":"","parent_url":"","tax_rate":0,"price_inc_tax":0,"sale_price_inc_tax":0}},"market_nl_price":0,"market_nl_sale_price":0,"market_nl_active":false,"market_nl_url":"","market_nl_parent_url":"","market_nl_tax_rate":0,"market_nl_price_inc_tax":0,"market_nl_sale_price_inc_tax":0,"market_de_price":0,"market_de_sale_price":0,"market_de_active":false,"market_de_url":"","market_de_parent_url":"","market_de_tax_rate":0,"market_de_price_inc_tax":0,"market_de_sale_price_inc_tax":0,"market_be_price":0,"market_be_sale_price":0,"market_be_active":false,"market_be_url":"","market_be_parent_url":"","market_be_tax_rate":0,"market_be_price_inc_tax":0,"market_be_sale_price_inc_tax":0,"market_fr_price":0,"market_fr_sale_price":0,"market_fr_active":false,"market_fr_url":"","market_fr_parent_url":"","market_fr_tax_rate":0,"market_fr_price_inc_tax":0,"market_fr_sale_price_inc_tax":0,"market_ch_price":0,"market_ch_sale_price":0,"market_ch_active":false,"market_ch_url":"","market_ch_parent_url":"","market_ch_tax_rate":0,"market_ch_price_inc_tax":0,"market_ch_sale_price_inc_tax":0,"market_at_price":0,"market_at_sale_price":0,"market_at_active":false,"market_at_url":"","market_at_parent_url":"","market_at_tax_rate":0,"market_at_price_inc_tax":0,"market_at_sale_price_inc_tax":0,"market_es_price":0,"market_es_sale_price":0,"market_es_active":false,"market_es_url":"","market_es_parent_url":"","market_es_tax_rate":0,"market_es_price_inc_tax":0,"market_es_sale_price_inc_tax":0,"market_dk_price":0,"market_dk_sale_price":0,"market_dk_active":false,"market_dk_url":"","market_dk_parent_url":"","market_dk_tax_rate":0,"market_dk_price_inc_tax":0,"market_dk_sale_price_inc_tax":0,"market_com_price":0,"market_com_sale_price":0,"market_com_active":false,"market_com_url":"","market_com_parent_url":"","market_com_tax_rate":0,"market_com_price_inc_tax":0,"market_com_sale_price_inc_tax":0,"acf":[],"_links":{"self":[{"href":"https:\/\/www.pharmacy4pets.nl\/be\/wp-json\/wp\/v2\/product\/117143","targetHints":{"allow":["GET"]}}],"collection":[{"href":"https:\/\/www.pharmacy4pets.nl\/be\/wp-json\/wp\/v2\/product"}],"about":[{"href":"https:\/\/www.pharmacy4pets.nl\/be\/wp-json\/wp\/v2\/types\/product"}],"replies":[{"embeddable":true,"href":"https:\/\/www.pharmacy4pets.nl\/be\/wp-json\/wp\/v2\/comments?post=117143"}],"wp:featuredmedia":[{"embeddable":true,"href":"https:\/\/www.pharmacy4pets.nl\/be\/wp-json\/wp\/v2\/media\/117137"}],"wp:attachment":[{"href":"https:\/\/www.pharmacy4pets.nl\/be\/wp-json\/wp\/v2\/media?parent=117143"}],"wp:term":[{"taxonomy":"product_brand","embeddable":true,"href":"https:\/\/www.pharmacy4pets.nl\/be\/wp-json\/wp\/v2\/product_brand?post=117143"},{"taxonomy":"product_cat","embeddable":true,"href":"https:\/\/www.pharmacy4pets.nl\/be\/wp-json\/wp\/v2\/product_cat?post=117143"},{"taxonomy":"product_tag","embeddable":true,"href":"https:\/\/www.pharmacy4pets.nl\/be\/wp-json\/wp\/v2\/product_tag?post=117143"}],"curies":[{"name":"wp","href":"https:\/\/api.w.org\/{rel}","templated":true}]}}