{"id":117134,"date":"2015-12-28T10:13:43","date_gmt":"2015-12-28T10:13:43","guid":{"rendered":"https:\/\/p4p.test\/dermiel-oordruppels-20-ml-3"},"modified":"2026-04-14T08:01:56","modified_gmt":"2026-04-14T08:01:56","slug":"dermiel-oordruppels-20-ml","status":"publish","type":"product","link":"https:\/\/www.pharmacy4pets.nl\/be\/dermiel-oordruppels-20-ml","title":{"rendered":"Dermiel oordruppels 20 ml"},"content":{"rendered":"<h1>Dermiel oordruppels<\/h1>\n<p>Dermiel oordruppels bevatten onder andere honing en kunnen gebruikt worden ter ondersteuning bij de behandeling van roodheid en gevoeligheid van de gehoorgang. Dermiel oordruppels ondersteunen het herstellend vermogen van de huid.<\/p>\n","protected":false},"excerpt":{"rendered":"<p>Dermiel oordruppels Dermiel oordruppels bevatten onder andere honing en kunnen gebruikt worden ter ondersteuning bij de behandeling van roodheid en gevoeligheid van de gehoorgang. Dermiel oordruppels ondersteunen het herstellend vermogen van de huid.<\/p>\n","protected":false},"featured_media":117132,"comment_status":"open","ping_status":"closed","template":"","meta":{"_acf_changed":false,"_nl_post_content":"<h1>Dermiel oordruppels<\/h1>\r\n<p>Dermiel oordruppels bevatten onder andere honing en kunnen gebruikt worden ter ondersteuning bij de behandeling van roodheid en gevoeligheid van de gehoorgang. Dermiel oordruppels ondersteunen het herstellend vermogen van de huid.<\/p>","_nl_post_name":"dermiel-oordruppels-20-ml","_nl_post_excerpt":"","_nl_post_title":"Dermiel oordruppels 20 ml","_en_post_content":"<h1>Dermiel ear drops<\/h1>\r\n<p>Dermiel ear drops include honey and can be used to support the treatment of redness and sensitivity of the ear canal. Dermiel ear drops support the healing ability of the skin.<\/p>","_en_post_name":"dermiel-oordruppels-20-ml","_en_post_excerpt":"","_en_post_title":"Dermiel ear drops 20 ml","_de_post_content":"<h1>Dermiel Ohrentropfen<\/h1>\r\n<p>Dermiel Ohrentropfen enthalten Honig und k\u00f6nnen zur unterst\u00fctzenden Behandlung von R\u00f6tungen und Empfindlichkeiten des Geh\u00f6rgangs eingesetzt werden. Dermiel Ohrentropfen unterst\u00fctzen die Heilungsf\u00e4higkeit der Haut.<\/p>","_de_post_name":"dermiel-oordruppels-20-ml","_de_post_excerpt":"","_de_post_title":"Dermiel Ohrentropfen 20 ml","_fr_post_content":"<h1>Dermiel gouttes auriculaires<\/h1>\r\n<p>Les gouttes auriculaires Dermiel contiennent du miel et peuvent \u00eatre utilis\u00e9es pour traiter les rougeurs et la sensibilit\u00e9 du conduit auditif. Les gouttes auriculaires Dermiel soutiennent la capacit\u00e9 de gu\u00e9rison de la peau.<\/p>","_fr_post_name":"dermiel-gouttes-auriculaires-20-ml","_fr_post_excerpt":"","_fr_post_title":"Dermiel gouttes auriculaires 20 ml","_es_post_content":"<h1>Dermiel gotas para los o\u00eddos<\/h1>\r\n<p>Dermiel gotas para los o\u00eddos incluyen miel y se pueden utilizar para apoyar el tratamiento del enrojecimiento y la sensibilidad del canal auditivo. Dermiel gotas para los o\u00eddos favorece la capacidad de cicatrizaci\u00f3n de la piel.<\/p>","_es_post_name":"dermiel-gotas-para-los-oidos","_es_post_excerpt":"","_es_post_title":"Dermiel gotas para los o\u00eddos 20 ml","edit_language":"nl"},"product_brand":[],"product_cat":[2345,2344,2229,2040,1117,1118,2178,1825,2185,1839,1871,1857,1982,1983,2000,1851,1882,2198,1824,1855],"product_tag":[],"class_list":{"0":"post-117134","1":"product","2":"type-product","3":"status-publish","4":"has-post-thumbnail","6":"product_cat-benodigdheden","8":"product_cat-cavia","9":"product_cat-dermiel","10":"product_cat-honden","11":"product_cat-katten","12":"product_cat-kitten","13":"product_cat-konijnen","14":"product_cat-medicijnen-supplementen","17":"product_cat-merken","18":"product_cat-oormijt","19":"product_cat-oorontsteking","21":"product_cat-oren","24":"product_cat-overig","25":"product_cat-pijn-ontsteking","26":"pa_aandoening-ogen_oren","27":"pa_doeldier-exoten","28":"pa_doeldier-ezel","29":"pa_doeldier-hond","30":"pa_doeldier-kat","31":"pa_doeldier-knaagdier","32":"pa_doeldier-konijn","33":"pa_doeldier-paard","34":"pa_fabricatieland-nederland","35":"pa_merkfilter-dermiel","36":"pa_merkgroep-dechra","37":"pa_productsoort-overig","38":"pa_toedieningswijze-oordruppels","39":"pa_unit_pricing_base_measure-10ml","40":"pa_unit_pricing_measure-20ml","41":"pa_werkzamestof-overig","43":"first","44":"instock","45":"taxable","46":"shipping-taxable","47":"purchasable","48":"product-type-simple"},"yoast_head":"<!-- This site is optimized with the Yoast SEO plugin v27.5 - https:\/\/yoast.com\/product\/yoast-seo-wordpress\/ -->\n<title>Dermiel oordruppels 20 ml - Pharmacy4pets<\/title>\n<meta name=\"robots\" content=\"index, follow, max-snippet:-1, max-image-preview:large, max-video-preview:-1\" \/>\n<link rel=\"canonical\" href=\"https:\/\/p4p-nl.bootmine.com\/%product-slug%\/dermiel-oordruppels-20-ml\" \/>\n<meta property=\"og:locale\" content=\"nl_NL\" \/>\n<meta property=\"og:type\" content=\"article\" \/>\n<meta property=\"og:title\" content=\"Dermiel oordruppels 20 ml - Pharmacy4pets\" \/>\n<meta property=\"og:description\" content=\"Dermiel oordruppels Dermiel oordruppels bevatten onder andere honing en kunnen gebruikt worden ter ondersteuning bij de behandeling van roodheid en gevoeligheid van de gehoorgang. Dermiel oordruppels ondersteunen het herstellend vermogen van de huid.\" \/>\n<meta property=\"og:url\" content=\"https:\/\/p4p-nl.bootmine.com\/%product-slug%\/dermiel-oordruppels-20-ml\" \/>\n<meta property=\"og:site_name\" content=\"Pharmacy4pets\" \/>\n<meta property=\"article:publisher\" content=\"https:\/\/www.facebook.com\/people\/Pharmacy4petsnl\/100063484989896\/\" \/>\n<meta property=\"article:modified_time\" content=\"2026-04-14T08:01:56+00:00\" \/>\n<meta property=\"og:image\" content=\"https:\/\/p4p-nl.bootmine.com\/wp-content\/uploads\/2015\/12\/21947.jpg\" \/>\n\t<meta property=\"og:image:width\" content=\"317\" \/>\n\t<meta property=\"og:image:height\" content=\"264\" \/>\n\t<meta property=\"og:image:type\" content=\"image\/jpeg\" \/>\n<meta name=\"twitter:card\" content=\"summary_large_image\" \/>\n<script type=\"application\/ld+json\" class=\"yoast-schema-graph\">{\"@context\":\"https:\\\/\\\/schema.org\",\"@graph\":[{\"@type\":\"WebPage\",\"@id\":\"https:\\\/\\\/p4p-nl.bootmine.com\\\/%product-slug%\\\/dermiel-oordruppels-20-ml\",\"url\":\"https:\\\/\\\/p4p-nl.bootmine.com\\\/%product-slug%\\\/dermiel-oordruppels-20-ml\",\"name\":\"Dermiel oordruppels 20 ml - Pharmacy4pets\",\"isPartOf\":{\"@id\":\"http:\\\/\\\/www.pharmacy4pets.nl\\\/#website\"},\"primaryImageOfPage\":{\"@id\":\"https:\\\/\\\/p4p-nl.bootmine.com\\\/%product-slug%\\\/dermiel-oordruppels-20-ml#primaryimage\"},\"image\":{\"@id\":\"https:\\\/\\\/p4p-nl.bootmine.com\\\/%product-slug%\\\/dermiel-oordruppels-20-ml#primaryimage\"},\"thumbnailUrl\":\"https:\\\/\\\/www.pharmacy4pets.nl\\\/wp-content\\\/uploads\\\/2015\\\/12\\\/21947.jpg\",\"datePublished\":\"2015-12-28T10:13:43+00:00\",\"dateModified\":\"2026-04-14T08:01:56+00:00\",\"breadcrumb\":{\"@id\":\"https:\\\/\\\/p4p-nl.bootmine.com\\\/%product-slug%\\\/dermiel-oordruppels-20-ml#breadcrumb\"},\"inLanguage\":\"nl-NL\",\"potentialAction\":[{\"@type\":\"ReadAction\",\"target\":[\"https:\\\/\\\/p4p-nl.bootmine.com\\\/%product-slug%\\\/dermiel-oordruppels-20-ml\"]}]},{\"@type\":\"ImageObject\",\"inLanguage\":\"nl-NL\",\"@id\":\"https:\\\/\\\/p4p-nl.bootmine.com\\\/%product-slug%\\\/dermiel-oordruppels-20-ml#primaryimage\",\"url\":\"https:\\\/\\\/www.pharmacy4pets.nl\\\/wp-content\\\/uploads\\\/2015\\\/12\\\/21947.jpg\",\"contentUrl\":\"https:\\\/\\\/www.pharmacy4pets.nl\\\/wp-content\\\/uploads\\\/2015\\\/12\\\/21947.jpg\",\"width\":317,\"height\":264,\"caption\":\"Dermiel\"},{\"@type\":\"BreadcrumbList\",\"@id\":\"https:\\\/\\\/p4p-nl.bootmine.com\\\/%product-slug%\\\/dermiel-oordruppels-20-ml#breadcrumb\",\"itemListElement\":[{\"@type\":\"ListItem\",\"position\":1,\"name\":\"Home\",\"item\":\"https:\\\/\\\/p4p-nl.bootmine.com\\\/\"},{\"@type\":\"ListItem\",\"position\":2,\"name\":\"Winkel\",\"item\":\"https:\\\/\\\/p4p-nl.bootmine.com\\\/winkel\"},{\"@type\":\"ListItem\",\"position\":3,\"name\":\"Dermiel oordruppels 20 ml\"}]},{\"@type\":\"WebSite\",\"@id\":\"http:\\\/\\\/www.pharmacy4pets.nl\\\/#website\",\"url\":\"http:\\\/\\\/www.pharmacy4pets.nl\\\/\",\"name\":\"Pharmacy4pets\",\"description\":\"Pharmacy4pets.nl is d\u00e9 online apotheek waar u terecht kunt voor alle diergeneesmiddelen, verzorgingsproducten en dieetvoeding voor uw huisdier.\",\"publisher\":{\"@id\":\"http:\\\/\\\/www.pharmacy4pets.nl\\\/#organization\"},\"potentialAction\":[{\"@type\":\"SearchAction\",\"target\":{\"@type\":\"EntryPoint\",\"urlTemplate\":\"http:\\\/\\\/www.pharmacy4pets.nl\\\/?s={search_term_string}\"},\"query-input\":{\"@type\":\"PropertyValueSpecification\",\"valueRequired\":true,\"valueName\":\"search_term_string\"}}],\"inLanguage\":\"nl-NL\"},{\"@type\":\"Organization\",\"@id\":\"http:\\\/\\\/www.pharmacy4pets.nl\\\/#organization\",\"name\":\"Pharmacy4pets\",\"url\":\"http:\\\/\\\/www.pharmacy4pets.nl\\\/\",\"logo\":{\"@type\":\"ImageObject\",\"inLanguage\":\"nl-NL\",\"@id\":\"http:\\\/\\\/www.pharmacy4pets.nl\\\/#\\\/schema\\\/logo\\\/image\\\/\",\"url\":\"https:\\\/\\\/p4p-nl.bootmine.com\\\/wp-content\\\/uploads\\\/2026\\\/03\\\/logo-pharmacy4pets.png\",\"contentUrl\":\"https:\\\/\\\/p4p-nl.bootmine.com\\\/wp-content\\\/uploads\\\/2026\\\/03\\\/logo-pharmacy4pets.png\",\"width\":1024,\"height\":135,\"caption\":\"Pharmacy4pets\"},\"image\":{\"@id\":\"http:\\\/\\\/www.pharmacy4pets.nl\\\/#\\\/schema\\\/logo\\\/image\\\/\"},\"sameAs\":[\"https:\\\/\\\/www.facebook.com\\\/people\\\/Pharmacy4petsnl\\\/100063484989896\\\/\",\"https:\\\/\\\/www.youtube.com\\\/channel\\\/UCGPTIgucgli03tP2_kvLkHg\\\/featured\",\"https:\\\/\\\/www.instagram.com\\\/pharmacy4pets.nl\"]}]}<\/script>\n<!-- \/ Yoast SEO plugin. -->","yoast_head_json":{"title":"Dermiel oordruppels 20 ml - Pharmacy4pets","robots":{"index":"index","follow":"follow","max-snippet":"max-snippet:-1","max-image-preview":"max-image-preview:large","max-video-preview":"max-video-preview:-1"},"canonical":"https:\/\/p4p-nl.bootmine.com\/%product-slug%\/dermiel-oordruppels-20-ml","og_locale":"nl_NL","og_type":"article","og_title":"Dermiel oordruppels 20 ml - Pharmacy4pets","og_description":"Dermiel oordruppels Dermiel oordruppels bevatten onder andere honing en kunnen gebruikt worden ter ondersteuning bij de behandeling van roodheid en gevoeligheid van de gehoorgang. Dermiel oordruppels ondersteunen het herstellend vermogen van de huid.","og_url":"https:\/\/p4p-nl.bootmine.com\/%product-slug%\/dermiel-oordruppels-20-ml","og_site_name":"Pharmacy4pets","article_publisher":"https:\/\/www.facebook.com\/people\/Pharmacy4petsnl\/100063484989896\/","article_modified_time":"2026-04-14T08:01:56+00:00","og_image":[{"width":317,"height":264,"url":"https:\/\/p4p-nl.bootmine.com\/wp-content\/uploads\/2015\/12\/21947.jpg","type":"image\/jpeg"}],"twitter_card":"summary_large_image","schema":{"@context":"https:\/\/schema.org","@graph":[{"@type":"WebPage","@id":"https:\/\/p4p-nl.bootmine.com\/%product-slug%\/dermiel-oordruppels-20-ml","url":"https:\/\/p4p-nl.bootmine.com\/%product-slug%\/dermiel-oordruppels-20-ml","name":"Dermiel oordruppels 20 ml - Pharmacy4pets","isPartOf":{"@id":"http:\/\/www.pharmacy4pets.nl\/#website"},"primaryImageOfPage":{"@id":"https:\/\/p4p-nl.bootmine.com\/%product-slug%\/dermiel-oordruppels-20-ml#primaryimage"},"image":{"@id":"https:\/\/p4p-nl.bootmine.com\/%product-slug%\/dermiel-oordruppels-20-ml#primaryimage"},"thumbnailUrl":"https:\/\/www.pharmacy4pets.nl\/wp-content\/uploads\/2015\/12\/21947.jpg","datePublished":"2015-12-28T10:13:43+00:00","dateModified":"2026-04-14T08:01:56+00:00","breadcrumb":{"@id":"https:\/\/p4p-nl.bootmine.com\/%product-slug%\/dermiel-oordruppels-20-ml#breadcrumb"},"inLanguage":"nl-NL","potentialAction":[{"@type":"ReadAction","target":["https:\/\/p4p-nl.bootmine.com\/%product-slug%\/dermiel-oordruppels-20-ml"]}]},{"@type":"ImageObject","inLanguage":"nl-NL","@id":"https:\/\/p4p-nl.bootmine.com\/%product-slug%\/dermiel-oordruppels-20-ml#primaryimage","url":"https:\/\/www.pharmacy4pets.nl\/wp-content\/uploads\/2015\/12\/21947.jpg","contentUrl":"https:\/\/www.pharmacy4pets.nl\/wp-content\/uploads\/2015\/12\/21947.jpg","width":317,"height":264,"caption":"Dermiel"},{"@type":"BreadcrumbList","@id":"https:\/\/p4p-nl.bootmine.com\/%product-slug%\/dermiel-oordruppels-20-ml#breadcrumb","itemListElement":[{"@type":"ListItem","position":1,"name":"Home","item":"https:\/\/p4p-nl.bootmine.com\/"},{"@type":"ListItem","position":2,"name":"Winkel","item":"https:\/\/p4p-nl.bootmine.com\/winkel"},{"@type":"ListItem","position":3,"name":"Dermiel oordruppels 20 ml"}]},{"@type":"WebSite","@id":"http:\/\/www.pharmacy4pets.nl\/#website","url":"http:\/\/www.pharmacy4pets.nl\/","name":"Pharmacy4pets","description":"Pharmacy4pets.nl is d\u00e9 online apotheek waar u terecht kunt voor alle diergeneesmiddelen, verzorgingsproducten en dieetvoeding voor uw huisdier.","publisher":{"@id":"http:\/\/www.pharmacy4pets.nl\/#organization"},"potentialAction":[{"@type":"SearchAction","target":{"@type":"EntryPoint","urlTemplate":"http:\/\/www.pharmacy4pets.nl\/?s={search_term_string}"},"query-input":{"@type":"PropertyValueSpecification","valueRequired":true,"valueName":"search_term_string"}}],"inLanguage":"nl-NL"},{"@type":"Organization","@id":"http:\/\/www.pharmacy4pets.nl\/#organization","name":"Pharmacy4pets","url":"http:\/\/www.pharmacy4pets.nl\/","logo":{"@type":"ImageObject","inLanguage":"nl-NL","@id":"http:\/\/www.pharmacy4pets.nl\/#\/schema\/logo\/image\/","url":"https:\/\/p4p-nl.bootmine.com\/wp-content\/uploads\/2026\/03\/logo-pharmacy4pets.png","contentUrl":"https:\/\/p4p-nl.bootmine.com\/wp-content\/uploads\/2026\/03\/logo-pharmacy4pets.png","width":1024,"height":135,"caption":"Pharmacy4pets"},"image":{"@id":"http:\/\/www.pharmacy4pets.nl\/#\/schema\/logo\/image\/"},"sameAs":["https:\/\/www.facebook.com\/people\/Pharmacy4petsnl\/100063484989896\/","https:\/\/www.youtube.com\/channel\/UCGPTIgucgli03tP2_kvLkHg\/featured","https:\/\/www.instagram.com\/pharmacy4pets.nl"]}]}},"market_data":{"nl":{"price":0,"sale_price":0,"active":false,"url":null,"parent_url":"","tax_rate":0,"price_inc_tax":0,"sale_price_inc_tax":0},"de":{"price":0,"sale_price":0,"active":false,"url":null,"parent_url":"","tax_rate":0,"price_inc_tax":0,"sale_price_inc_tax":0},"be":{"price":0,"sale_price":0,"active":false,"url":null,"parent_url":"","tax_rate":0,"price_inc_tax":0,"sale_price_inc_tax":0},"fr":{"price":0,"sale_price":0,"active":false,"url":null,"parent_url":"","tax_rate":0,"price_inc_tax":0,"sale_price_inc_tax":0},"ch":{"price":0,"sale_price":0,"active":false,"url":null,"parent_url":"","tax_rate":0,"price_inc_tax":0,"sale_price_inc_tax":0},"at":{"price":0,"sale_price":0,"active":false,"url":null,"parent_url":"","tax_rate":0,"price_inc_tax":0,"sale_price_inc_tax":0},"es":{"price":0,"sale_price":0,"active":false,"url":null,"parent_url":"","tax_rate":0,"price_inc_tax":0,"sale_price_inc_tax":0},"dk":{"price":0,"sale_price":0,"active":false,"url":null,"parent_url":"","tax_rate":0,"price_inc_tax":0,"sale_price_inc_tax":0},"com":{"price":0,"sale_price":0,"active":false,"url":null,"parent_url":"","tax_rate":0,"price_inc_tax":0,"sale_price_inc_tax":0}},"market_nl_price":0,"market_nl_sale_price":0,"market_nl_active":false,"market_nl_url":null,"market_nl_parent_url":"","market_nl_tax_rate":0,"market_nl_price_inc_tax":0,"market_nl_sale_price_inc_tax":0,"market_de_price":0,"market_de_sale_price":0,"market_de_active":false,"market_de_url":null,"market_de_parent_url":"","market_de_tax_rate":0,"market_de_price_inc_tax":0,"market_de_sale_price_inc_tax":0,"market_be_price":0,"market_be_sale_price":0,"market_be_active":false,"market_be_url":null,"market_be_parent_url":"","market_be_tax_rate":0,"market_be_price_inc_tax":0,"market_be_sale_price_inc_tax":0,"market_fr_price":0,"market_fr_sale_price":0,"market_fr_active":false,"market_fr_url":null,"market_fr_parent_url":"","market_fr_tax_rate":0,"market_fr_price_inc_tax":0,"market_fr_sale_price_inc_tax":0,"market_ch_price":0,"market_ch_sale_price":0,"market_ch_active":false,"market_ch_url":null,"market_ch_parent_url":"","market_ch_tax_rate":0,"market_ch_price_inc_tax":0,"market_ch_sale_price_inc_tax":0,"market_at_price":0,"market_at_sale_price":0,"market_at_active":false,"market_at_url":null,"market_at_parent_url":"","market_at_tax_rate":0,"market_at_price_inc_tax":0,"market_at_sale_price_inc_tax":0,"market_es_price":0,"market_es_sale_price":0,"market_es_active":false,"market_es_url":null,"market_es_parent_url":"","market_es_tax_rate":0,"market_es_price_inc_tax":0,"market_es_sale_price_inc_tax":0,"market_dk_price":0,"market_dk_sale_price":0,"market_dk_active":false,"market_dk_url":null,"market_dk_parent_url":"","market_dk_tax_rate":0,"market_dk_price_inc_tax":0,"market_dk_sale_price_inc_tax":0,"market_com_price":0,"market_com_sale_price":0,"market_com_active":false,"market_com_url":null,"market_com_parent_url":"","market_com_tax_rate":0,"market_com_price_inc_tax":0,"market_com_sale_price_inc_tax":0,"acf":[],"_links":{"self":[{"href":"https:\/\/www.pharmacy4pets.nl\/be\/wp-json\/wp\/v2\/product\/117134","targetHints":{"allow":["GET"]}}],"collection":[{"href":"https:\/\/www.pharmacy4pets.nl\/be\/wp-json\/wp\/v2\/product"}],"about":[{"href":"https:\/\/www.pharmacy4pets.nl\/be\/wp-json\/wp\/v2\/types\/product"}],"replies":[{"embeddable":true,"href":"https:\/\/www.pharmacy4pets.nl\/be\/wp-json\/wp\/v2\/comments?post=117134"}],"wp:featuredmedia":[{"embeddable":true,"href":"https:\/\/www.pharmacy4pets.nl\/be\/wp-json\/wp\/v2\/media\/117132"}],"wp:attachment":[{"href":"https:\/\/www.pharmacy4pets.nl\/be\/wp-json\/wp\/v2\/media?parent=117134"}],"wp:term":[{"taxonomy":"product_brand","embeddable":true,"href":"https:\/\/www.pharmacy4pets.nl\/be\/wp-json\/wp\/v2\/product_brand?post=117134"},{"taxonomy":"product_cat","embeddable":true,"href":"https:\/\/www.pharmacy4pets.nl\/be\/wp-json\/wp\/v2\/product_cat?post=117134"},{"taxonomy":"product_tag","embeddable":true,"href":"https:\/\/www.pharmacy4pets.nl\/be\/wp-json\/wp\/v2\/product_tag?post=117134"}],"curies":[{"name":"wp","href":"https:\/\/api.w.org\/{rel}","templated":true}]}}