{"id":116935,"date":"2015-07-20T11:35:50","date_gmt":"2015-07-20T11:35:50","guid":{"rendered":"https:\/\/p4p.test\/adaptil-verdamper-flacon-24"},"modified":"2026-04-14T08:01:48","modified_gmt":"2026-04-14T08:01:48","slug":"adaptil-verdamper-flacon-24","status":"publish","type":"product","link":"https:\/\/www.pharmacy4pets.nl\/be\/adaptil-verdamper-flacon-24","title":{"rendered":"Adaptil Calm startset | Verdamper en flacon 48 ml"},"content":{"rendered":"<p>Adaptil verdamper helpt bij het geruststellen van honden, ondersteunt bij stress\/spanning en geeft honden een veilig gevoel.<\/p>\n<p><span style=\"text-decoration: underline;\">Toediening:<br \/><\/span>De Adaptil verdamper kan in een stopcontact worden geplaatst, waarna feromonen worden verspreid die voor 2 maanden werkzaam zijn. Voor honden die bang zijn van geluiden (vuurwerk, onweer), ongelukkig zijn als ze alleen gelaten worden of in andere stressvolle situaties binnenshuis (bezoekers, baby, nieuw huisdier, verhuizing).<\/p>\n<p><span style=\"text-decoration: underline;\">Verpakking:<br \/><\/span>De verpakking bevat verdamper en een navulling 48 ml.<\/p>\n<p><em>Let op! De verdamper is geschikt voor type C stopcontacten, voor gebruik bij andere stopcontacten zal een wereldstekker nodig zijn.<\/em><\/p>\n","protected":false},"excerpt":{"rendered":"<p>Adaptil verdamper helpt bij het geruststellen van honden, ondersteunt bij stress\/spanning en geeft honden een veilig gevoel. Toediening:De Adaptil verdamper kan in een stopcontact worden geplaatst, waarna feromonen worden verspreid die voor 2 maanden werkzaam zijn. Voor honden die bang zijn van geluiden (vuurwerk, onweer), ongelukkig zijn als ze alleen gelaten worden of in andere [&hellip;]<\/p>\n","protected":false},"featured_media":116928,"comment_status":"open","ping_status":"closed","template":"","meta":{"_acf_changed":false,"_nl_post_content":"<p>Adaptil verdamper helpt bij het geruststellen van honden, ondersteunt bij stress\/spanning en geeft honden een veilig gevoel.<\/p>\r\n<p><span style=\"text-decoration: underline;\">Toediening:<br \/><\/span>De Adaptil verdamper kan in een stopcontact worden geplaatst, waarna feromonen worden verspreid die voor 2 maanden werkzaam zijn. Voor honden die bang zijn van geluiden (vuurwerk, onweer), ongelukkig zijn als ze alleen gelaten worden of in andere stressvolle situaties binnenshuis (bezoekers, baby, nieuw huisdier, verhuizing).<\/p>\r\n<p><span style=\"text-decoration: underline;\">Verpakking:<br \/><\/span>De verpakking bevat verdamper en een navulling 48 ml.<\/p>\r\n<p><em>Let op! De verdamper is geschikt voor type C stopcontacten, voor gebruik bij andere stopcontacten zal een wereldstekker nodig zijn.<\/em><\/p>","_nl_post_name":"adaptil-verdamper-flacon-24","_nl_post_excerpt":"","_nl_post_title":"Adaptil Calm startset | Verdamper en flacon 48 ml","_en_post_content":"<p>Adaptil diffuser helps to reassure dogs, helps to reduce stress and give dogs a sense of security.<\/p>\n<p><span style=\"text-decoration: underline;\">Administration:<br \/><\/span>The Adaptil diffuser can be placed in a socket and pheromones are diffused which will work for two months. For dogs who are afraid of noises (fireworks, thunderstorms), unhappy if they are left alone, or in other stressful situations indoors (visitors, baby, new pet, moving).<\/p>\n<p><span style=\"text-decoration: underline;\">Package:<br \/><\/span>The package contains 1 diffuser and 1 refill of 48 ml.<\/p>\n<p><em>Please note! The evaporator is suitable for type C sockets, a world plug will be required for use with other sockets.<\/em><\/p>","_en_post_name":"adaptil-verdamper-flacon-24","_en_post_excerpt":"","_en_post_title":"Adaptil Calm Starter-Set | Diffuser and vial 48 ml","_de_post_content":"<p>Adaptil Zerst\u00e4uber hilft Hunde beruhigen, sorgt f\u00fcr Stressabbau und gebt Hunde ein Gef\u00fchl der Sicherheit.<\/p>\n<p><span style=\"text-decoration: underline;\">Anwendung:<br \/><\/span>Der Adaptil Zerst\u00e4uber kann angeordnet werden in einem Sockel und dispergiert Pheromone die wirksam sind f\u00fcr zwei Monate. F\u00fcr Hunde die Angst haben vor Ger\u00e4uschen (Feuerwerk, Gewitter), ungl\u00fccklich sein wenn sie allein gelassen werden oder in anderen Stresssituationen im Innenbereich (Besucher, Baby, neues Haustier, Umzug).<\/p>\n<p><span style=\"text-decoration: underline;\">Verpackung:<br \/><\/span>Die Verpackung enth\u00e4lt 1 Zerst\u00e4uber und 1 Flasche \u00e1 48 ml.<\/p>\n<p><em>Bitte beachten Sie! Der Verdampfer ist f\u00fcr Steckdosen vom Typ C geeignet, f\u00fcr andere Steckdosen wird ein Weltstecker ben\u00f6tigt.<\/em><\/p>","_de_post_name":"adaptil-verdamper-flacon-24","_de_post_excerpt":"","_de_post_title":"Adaptil Calm Starter-Set | Verdampfer und Flakon 48 ml","_fr_post_content":"<p>Le diffuseur Adaptil aide \u00e0 rassurer les chiens, veille \u00e0 une baisse de stress et donne aux chiens un sentiment de suret\u00e9.<\/p>\n<p><span style=\"text-decoration: underline;\">Administration :<br \/><\/span>Le diffuseur Adaptil se place dans une prise apr\u00e8s lequel des ph\u00e9romones se r\u00e9pendent qui restent actifs pendant deux mois, Pour les chiens ayant peur des bruits (feux d'artifices, orages), sont malheureux lorsqu'ils sont laiss\u00e9 seuls ou d'autres moments de stress (visiteurs, b\u00e9b\u00e9s, nouvel animal de compagnie, d\u00e9m\u00e9nagement)<\/p>\n<p><span style=\"text-decoration: underline;\">Emballage :<br \/><\/span>L'emballage contient un diffuseur et une recharge de 48 ml.\u00a0<\/p>\n<p><em>Attention ! L'\u00e9vaporateur est adapt\u00e9 aux prises de courant de type C. Une fiche mondiale est n\u00e9cessaire pour les autres prises de courant.<\/em><\/p>","_fr_post_name":"adaptil-diffuseur-flacon-48-ml","_fr_post_excerpt":"","_fr_post_title":"Adaptil Calm kit de d\u00e9part | Diffuseur et flacon 48 ml","_es_post_content":"<p>Adaptil Difusor ayuda a tranquilizar a su perro, reduce el estr\u00e9s y da una sensaci\u00f3n de tranquilidad.<\/p>\n<p><br \/><span style=\"text-decoration: underline;\">Instrucciones de uso<\/span><br \/>El difusor Adaptil se enchufa para poder liberar feromonas tranquilizantes y durar\u00e1 4 semanas. El difusor ayuda a los perros que tienen miedo a los ruidos (fuegos artificiales o tormenta), quedarse solo u otras situaciones estresantes tales como llegadas de las visitas, un beb\u00e9, un nuevo cachorro, una mudanza.<\/p>\n<p><span style=\"text-decoration: underline;\">Envase:<\/span><br \/>El envase contiene el difusor y un vial de 48 ml.<\/p>\n<p><em>\u00a1Atenci\u00f3n! El evaporador es apto para enchufes de tipo C, para utilizarlo con otros enchufes se necesitar\u00e1 una clavija mundial.<\/em><\/p>","_es_post_name":"adaptil-difusor-vial-24","_es_post_excerpt":"","_es_post_title":"Adaptil Calm Set Inicial | Difusor y recambio 48 ml","edit_language":"nl"},"product_brand":[],"product_cat":[1899,1984,1117,1839,1857,1854],"product_tag":[],"class_list":{"0":"post-116935","1":"product","2":"type-product","3":"status-publish","4":"has-post-thumbnail","6":"product_cat-adaptil","7":"product_cat-angst-stress","8":"product_cat-honden","9":"product_cat-medicijnen-supplementen","10":"product_cat-merken","11":"product_cat-zenuwstelsel","12":"pa_aandoening-gedrag","13":"pa_doeldier-hond","14":"pa_fabricatieland-frankrijk","15":"pa_merkfilter-adaptil","16":"pa_merkgroep-ceva","17":"pa_productsoort-overig","18":"pa_seo_canonical_store_id-not_found_value","19":"pa_seo_category-not_found_value","20":"pa_seo_meta_robots-not_found_value","21":"pa_toedieningswijze-verdamper","22":"pa_unit_pricing_base_measure-1ct","23":"pa_unit_pricing_measure-1ct","24":"pa_werkzamestof-overig","26":"first","27":"instock","28":"taxable","29":"shipping-taxable","30":"purchasable","31":"product-type-simple"},"yoast_head":"<!-- This site is optimized with the Yoast SEO plugin v27.5 - https:\/\/yoast.com\/product\/yoast-seo-wordpress\/ -->\n<title>Adaptil Calm startset | Verdamper en flacon 48 ml - Pharmacy4pets<\/title>\n<meta name=\"robots\" content=\"index, follow, max-snippet:-1, max-image-preview:large, max-video-preview:-1\" \/>\n<link rel=\"canonical\" href=\"https:\/\/p4p-nl.bootmine.com\/%product-slug%\/adaptil-verdamper-flacon-24\" \/>\n<meta property=\"og:locale\" content=\"nl_NL\" \/>\n<meta property=\"og:type\" content=\"article\" \/>\n<meta property=\"og:title\" content=\"Adaptil Calm startset | Verdamper en flacon 48 ml - Pharmacy4pets\" \/>\n<meta property=\"og:description\" content=\"Adaptil verdamper helpt bij het geruststellen van honden, ondersteunt bij stress\/spanning en geeft honden een veilig gevoel. Toediening:De Adaptil verdamper kan in een stopcontact worden geplaatst, waarna feromonen worden verspreid die voor 2 maanden werkzaam zijn. Voor honden die bang zijn van geluiden (vuurwerk, onweer), ongelukkig zijn als ze alleen gelaten worden of in andere [&hellip;]\" \/>\n<meta property=\"og:url\" content=\"https:\/\/p4p-nl.bootmine.com\/%product-slug%\/adaptil-verdamper-flacon-24\" \/>\n<meta property=\"og:site_name\" content=\"Pharmacy4pets\" \/>\n<meta property=\"article:publisher\" content=\"https:\/\/www.facebook.com\/people\/Pharmacy4petsnl\/100063484989896\/\" \/>\n<meta property=\"article:modified_time\" content=\"2026-04-14T08:01:48+00:00\" \/>\n<meta property=\"og:image\" content=\"https:\/\/p4p-nl.bootmine.com\/wp-content\/uploads\/2015\/07\/16320_2.jpg\" \/>\n\t<meta property=\"og:image:width\" content=\"600\" \/>\n\t<meta property=\"og:image:height\" content=\"598\" \/>\n\t<meta property=\"og:image:type\" content=\"image\/jpeg\" \/>\n<meta name=\"twitter:card\" content=\"summary_large_image\" \/>\n<script type=\"application\/ld+json\" class=\"yoast-schema-graph\">{\"@context\":\"https:\\\/\\\/schema.org\",\"@graph\":[{\"@type\":\"WebPage\",\"@id\":\"https:\\\/\\\/p4p-nl.bootmine.com\\\/%product-slug%\\\/adaptil-verdamper-flacon-24\",\"url\":\"https:\\\/\\\/p4p-nl.bootmine.com\\\/%product-slug%\\\/adaptil-verdamper-flacon-24\",\"name\":\"Adaptil Calm startset | Verdamper en flacon 48 ml - Pharmacy4pets\",\"isPartOf\":{\"@id\":\"http:\\\/\\\/www.pharmacy4pets.nl\\\/#website\"},\"primaryImageOfPage\":{\"@id\":\"https:\\\/\\\/p4p-nl.bootmine.com\\\/%product-slug%\\\/adaptil-verdamper-flacon-24#primaryimage\"},\"image\":{\"@id\":\"https:\\\/\\\/p4p-nl.bootmine.com\\\/%product-slug%\\\/adaptil-verdamper-flacon-24#primaryimage\"},\"thumbnailUrl\":\"https:\\\/\\\/www.pharmacy4pets.nl\\\/wp-content\\\/uploads\\\/2015\\\/07\\\/16320_2.jpg\",\"datePublished\":\"2015-07-20T11:35:50+00:00\",\"dateModified\":\"2026-04-14T08:01:48+00:00\",\"breadcrumb\":{\"@id\":\"https:\\\/\\\/p4p-nl.bootmine.com\\\/%product-slug%\\\/adaptil-verdamper-flacon-24#breadcrumb\"},\"inLanguage\":\"nl-NL\",\"potentialAction\":[{\"@type\":\"ReadAction\",\"target\":[\"https:\\\/\\\/p4p-nl.bootmine.com\\\/%product-slug%\\\/adaptil-verdamper-flacon-24\"]}]},{\"@type\":\"ImageObject\",\"inLanguage\":\"nl-NL\",\"@id\":\"https:\\\/\\\/p4p-nl.bootmine.com\\\/%product-slug%\\\/adaptil-verdamper-flacon-24#primaryimage\",\"url\":\"https:\\\/\\\/www.pharmacy4pets.nl\\\/wp-content\\\/uploads\\\/2015\\\/07\\\/16320_2.jpg\",\"contentUrl\":\"https:\\\/\\\/www.pharmacy4pets.nl\\\/wp-content\\\/uploads\\\/2015\\\/07\\\/16320_2.jpg\",\"width\":600,\"height\":598,\"caption\":\"Adaptil\"},{\"@type\":\"BreadcrumbList\",\"@id\":\"https:\\\/\\\/p4p-nl.bootmine.com\\\/%product-slug%\\\/adaptil-verdamper-flacon-24#breadcrumb\",\"itemListElement\":[{\"@type\":\"ListItem\",\"position\":1,\"name\":\"Home\",\"item\":\"https:\\\/\\\/p4p-nl.bootmine.com\\\/\"},{\"@type\":\"ListItem\",\"position\":2,\"name\":\"Winkel\",\"item\":\"https:\\\/\\\/p4p-nl.bootmine.com\\\/winkel\"},{\"@type\":\"ListItem\",\"position\":3,\"name\":\"Adaptil Calm startset | Verdamper en flacon 48 ml\"}]},{\"@type\":\"WebSite\",\"@id\":\"http:\\\/\\\/www.pharmacy4pets.nl\\\/#website\",\"url\":\"http:\\\/\\\/www.pharmacy4pets.nl\\\/\",\"name\":\"Pharmacy4pets\",\"description\":\"Pharmacy4pets.nl is d\u00e9 online apotheek waar u terecht kunt voor alle diergeneesmiddelen, verzorgingsproducten en dieetvoeding voor uw huisdier.\",\"publisher\":{\"@id\":\"http:\\\/\\\/www.pharmacy4pets.nl\\\/#organization\"},\"potentialAction\":[{\"@type\":\"SearchAction\",\"target\":{\"@type\":\"EntryPoint\",\"urlTemplate\":\"http:\\\/\\\/www.pharmacy4pets.nl\\\/?s={search_term_string}\"},\"query-input\":{\"@type\":\"PropertyValueSpecification\",\"valueRequired\":true,\"valueName\":\"search_term_string\"}}],\"inLanguage\":\"nl-NL\"},{\"@type\":\"Organization\",\"@id\":\"http:\\\/\\\/www.pharmacy4pets.nl\\\/#organization\",\"name\":\"Pharmacy4pets\",\"url\":\"http:\\\/\\\/www.pharmacy4pets.nl\\\/\",\"logo\":{\"@type\":\"ImageObject\",\"inLanguage\":\"nl-NL\",\"@id\":\"http:\\\/\\\/www.pharmacy4pets.nl\\\/#\\\/schema\\\/logo\\\/image\\\/\",\"url\":\"https:\\\/\\\/p4p-nl.bootmine.com\\\/wp-content\\\/uploads\\\/2026\\\/03\\\/logo-pharmacy4pets.png\",\"contentUrl\":\"https:\\\/\\\/p4p-nl.bootmine.com\\\/wp-content\\\/uploads\\\/2026\\\/03\\\/logo-pharmacy4pets.png\",\"width\":1024,\"height\":135,\"caption\":\"Pharmacy4pets\"},\"image\":{\"@id\":\"http:\\\/\\\/www.pharmacy4pets.nl\\\/#\\\/schema\\\/logo\\\/image\\\/\"},\"sameAs\":[\"https:\\\/\\\/www.facebook.com\\\/people\\\/Pharmacy4petsnl\\\/100063484989896\\\/\",\"https:\\\/\\\/www.youtube.com\\\/channel\\\/UCGPTIgucgli03tP2_kvLkHg\\\/featured\",\"https:\\\/\\\/www.instagram.com\\\/pharmacy4pets.nl\"]}]}<\/script>\n<!-- \/ Yoast SEO plugin. -->","yoast_head_json":{"title":"Adaptil Calm startset | Verdamper en flacon 48 ml - Pharmacy4pets","robots":{"index":"index","follow":"follow","max-snippet":"max-snippet:-1","max-image-preview":"max-image-preview:large","max-video-preview":"max-video-preview:-1"},"canonical":"https:\/\/p4p-nl.bootmine.com\/%product-slug%\/adaptil-verdamper-flacon-24","og_locale":"nl_NL","og_type":"article","og_title":"Adaptil Calm startset | Verdamper en flacon 48 ml - Pharmacy4pets","og_description":"Adaptil verdamper helpt bij het geruststellen van honden, ondersteunt bij stress\/spanning en geeft honden een veilig gevoel. Toediening:De Adaptil verdamper kan in een stopcontact worden geplaatst, waarna feromonen worden verspreid die voor 2 maanden werkzaam zijn. Voor honden die bang zijn van geluiden (vuurwerk, onweer), ongelukkig zijn als ze alleen gelaten worden of in andere [&hellip;]","og_url":"https:\/\/p4p-nl.bootmine.com\/%product-slug%\/adaptil-verdamper-flacon-24","og_site_name":"Pharmacy4pets","article_publisher":"https:\/\/www.facebook.com\/people\/Pharmacy4petsnl\/100063484989896\/","article_modified_time":"2026-04-14T08:01:48+00:00","og_image":[{"width":600,"height":598,"url":"https:\/\/p4p-nl.bootmine.com\/wp-content\/uploads\/2015\/07\/16320_2.jpg","type":"image\/jpeg"}],"twitter_card":"summary_large_image","schema":{"@context":"https:\/\/schema.org","@graph":[{"@type":"WebPage","@id":"https:\/\/p4p-nl.bootmine.com\/%product-slug%\/adaptil-verdamper-flacon-24","url":"https:\/\/p4p-nl.bootmine.com\/%product-slug%\/adaptil-verdamper-flacon-24","name":"Adaptil Calm startset | Verdamper en flacon 48 ml - Pharmacy4pets","isPartOf":{"@id":"http:\/\/www.pharmacy4pets.nl\/#website"},"primaryImageOfPage":{"@id":"https:\/\/p4p-nl.bootmine.com\/%product-slug%\/adaptil-verdamper-flacon-24#primaryimage"},"image":{"@id":"https:\/\/p4p-nl.bootmine.com\/%product-slug%\/adaptil-verdamper-flacon-24#primaryimage"},"thumbnailUrl":"https:\/\/www.pharmacy4pets.nl\/wp-content\/uploads\/2015\/07\/16320_2.jpg","datePublished":"2015-07-20T11:35:50+00:00","dateModified":"2026-04-14T08:01:48+00:00","breadcrumb":{"@id":"https:\/\/p4p-nl.bootmine.com\/%product-slug%\/adaptil-verdamper-flacon-24#breadcrumb"},"inLanguage":"nl-NL","potentialAction":[{"@type":"ReadAction","target":["https:\/\/p4p-nl.bootmine.com\/%product-slug%\/adaptil-verdamper-flacon-24"]}]},{"@type":"ImageObject","inLanguage":"nl-NL","@id":"https:\/\/p4p-nl.bootmine.com\/%product-slug%\/adaptil-verdamper-flacon-24#primaryimage","url":"https:\/\/www.pharmacy4pets.nl\/wp-content\/uploads\/2015\/07\/16320_2.jpg","contentUrl":"https:\/\/www.pharmacy4pets.nl\/wp-content\/uploads\/2015\/07\/16320_2.jpg","width":600,"height":598,"caption":"Adaptil"},{"@type":"BreadcrumbList","@id":"https:\/\/p4p-nl.bootmine.com\/%product-slug%\/adaptil-verdamper-flacon-24#breadcrumb","itemListElement":[{"@type":"ListItem","position":1,"name":"Home","item":"https:\/\/p4p-nl.bootmine.com\/"},{"@type":"ListItem","position":2,"name":"Winkel","item":"https:\/\/p4p-nl.bootmine.com\/winkel"},{"@type":"ListItem","position":3,"name":"Adaptil Calm startset | Verdamper en flacon 48 ml"}]},{"@type":"WebSite","@id":"http:\/\/www.pharmacy4pets.nl\/#website","url":"http:\/\/www.pharmacy4pets.nl\/","name":"Pharmacy4pets","description":"Pharmacy4pets.nl is d\u00e9 online apotheek waar u terecht kunt voor alle diergeneesmiddelen, verzorgingsproducten en dieetvoeding voor uw huisdier.","publisher":{"@id":"http:\/\/www.pharmacy4pets.nl\/#organization"},"potentialAction":[{"@type":"SearchAction","target":{"@type":"EntryPoint","urlTemplate":"http:\/\/www.pharmacy4pets.nl\/?s={search_term_string}"},"query-input":{"@type":"PropertyValueSpecification","valueRequired":true,"valueName":"search_term_string"}}],"inLanguage":"nl-NL"},{"@type":"Organization","@id":"http:\/\/www.pharmacy4pets.nl\/#organization","name":"Pharmacy4pets","url":"http:\/\/www.pharmacy4pets.nl\/","logo":{"@type":"ImageObject","inLanguage":"nl-NL","@id":"http:\/\/www.pharmacy4pets.nl\/#\/schema\/logo\/image\/","url":"https:\/\/p4p-nl.bootmine.com\/wp-content\/uploads\/2026\/03\/logo-pharmacy4pets.png","contentUrl":"https:\/\/p4p-nl.bootmine.com\/wp-content\/uploads\/2026\/03\/logo-pharmacy4pets.png","width":1024,"height":135,"caption":"Pharmacy4pets"},"image":{"@id":"http:\/\/www.pharmacy4pets.nl\/#\/schema\/logo\/image\/"},"sameAs":["https:\/\/www.facebook.com\/people\/Pharmacy4petsnl\/100063484989896\/","https:\/\/www.youtube.com\/channel\/UCGPTIgucgli03tP2_kvLkHg\/featured","https:\/\/www.instagram.com\/pharmacy4pets.nl"]}]}},"market_data":{"nl":{"price":0,"sale_price":0,"active":false,"url":null,"parent_url":"","tax_rate":0,"price_inc_tax":0,"sale_price_inc_tax":0},"de":{"price":0,"sale_price":0,"active":false,"url":null,"parent_url":"","tax_rate":0,"price_inc_tax":0,"sale_price_inc_tax":0},"be":{"price":0,"sale_price":0,"active":false,"url":null,"parent_url":"","tax_rate":0,"price_inc_tax":0,"sale_price_inc_tax":0},"fr":{"price":0,"sale_price":0,"active":false,"url":null,"parent_url":"","tax_rate":0,"price_inc_tax":0,"sale_price_inc_tax":0},"ch":{"price":0,"sale_price":0,"active":false,"url":null,"parent_url":"","tax_rate":0,"price_inc_tax":0,"sale_price_inc_tax":0},"at":{"price":0,"sale_price":0,"active":false,"url":null,"parent_url":"","tax_rate":0,"price_inc_tax":0,"sale_price_inc_tax":0},"es":{"price":0,"sale_price":0,"active":false,"url":null,"parent_url":"","tax_rate":0,"price_inc_tax":0,"sale_price_inc_tax":0},"dk":{"price":0,"sale_price":0,"active":false,"url":null,"parent_url":"","tax_rate":0,"price_inc_tax":0,"sale_price_inc_tax":0},"com":{"price":0,"sale_price":0,"active":false,"url":null,"parent_url":"","tax_rate":0,"price_inc_tax":0,"sale_price_inc_tax":0}},"market_nl_price":0,"market_nl_sale_price":0,"market_nl_active":false,"market_nl_url":null,"market_nl_parent_url":"","market_nl_tax_rate":0,"market_nl_price_inc_tax":0,"market_nl_sale_price_inc_tax":0,"market_de_price":0,"market_de_sale_price":0,"market_de_active":false,"market_de_url":null,"market_de_parent_url":"","market_de_tax_rate":0,"market_de_price_inc_tax":0,"market_de_sale_price_inc_tax":0,"market_be_price":0,"market_be_sale_price":0,"market_be_active":false,"market_be_url":null,"market_be_parent_url":"","market_be_tax_rate":0,"market_be_price_inc_tax":0,"market_be_sale_price_inc_tax":0,"market_fr_price":0,"market_fr_sale_price":0,"market_fr_active":false,"market_fr_url":null,"market_fr_parent_url":"","market_fr_tax_rate":0,"market_fr_price_inc_tax":0,"market_fr_sale_price_inc_tax":0,"market_ch_price":0,"market_ch_sale_price":0,"market_ch_active":false,"market_ch_url":null,"market_ch_parent_url":"","market_ch_tax_rate":0,"market_ch_price_inc_tax":0,"market_ch_sale_price_inc_tax":0,"market_at_price":0,"market_at_sale_price":0,"market_at_active":false,"market_at_url":null,"market_at_parent_url":"","market_at_tax_rate":0,"market_at_price_inc_tax":0,"market_at_sale_price_inc_tax":0,"market_es_price":0,"market_es_sale_price":0,"market_es_active":false,"market_es_url":null,"market_es_parent_url":"","market_es_tax_rate":0,"market_es_price_inc_tax":0,"market_es_sale_price_inc_tax":0,"market_dk_price":0,"market_dk_sale_price":0,"market_dk_active":false,"market_dk_url":null,"market_dk_parent_url":"","market_dk_tax_rate":0,"market_dk_price_inc_tax":0,"market_dk_sale_price_inc_tax":0,"market_com_price":0,"market_com_sale_price":0,"market_com_active":false,"market_com_url":null,"market_com_parent_url":"","market_com_tax_rate":0,"market_com_price_inc_tax":0,"market_com_sale_price_inc_tax":0,"acf":[],"_links":{"self":[{"href":"https:\/\/www.pharmacy4pets.nl\/be\/wp-json\/wp\/v2\/product\/116935","targetHints":{"allow":["GET"]}}],"collection":[{"href":"https:\/\/www.pharmacy4pets.nl\/be\/wp-json\/wp\/v2\/product"}],"about":[{"href":"https:\/\/www.pharmacy4pets.nl\/be\/wp-json\/wp\/v2\/types\/product"}],"replies":[{"embeddable":true,"href":"https:\/\/www.pharmacy4pets.nl\/be\/wp-json\/wp\/v2\/comments?post=116935"}],"wp:featuredmedia":[{"embeddable":true,"href":"https:\/\/www.pharmacy4pets.nl\/be\/wp-json\/wp\/v2\/media\/116928"}],"wp:attachment":[{"href":"https:\/\/www.pharmacy4pets.nl\/be\/wp-json\/wp\/v2\/media?parent=116935"}],"wp:term":[{"taxonomy":"product_brand","embeddable":true,"href":"https:\/\/www.pharmacy4pets.nl\/be\/wp-json\/wp\/v2\/product_brand?post=116935"},{"taxonomy":"product_cat","embeddable":true,"href":"https:\/\/www.pharmacy4pets.nl\/be\/wp-json\/wp\/v2\/product_cat?post=116935"},{"taxonomy":"product_tag","embeddable":true,"href":"https:\/\/www.pharmacy4pets.nl\/be\/wp-json\/wp\/v2\/product_tag?post=116935"}],"curies":[{"name":"wp","href":"https:\/\/api.w.org\/{rel}","templated":true}]}}