{"id":116855,"date":"2015-06-10T11:40:49","date_gmt":"2015-06-10T11:40:49","guid":{"rendered":"https:\/\/p4p.test\/anthelmex-tabletten-hond-2"},"modified":"2026-03-25T11:55:24","modified_gmt":"2026-03-25T11:55:24","slug":"anthelmex-tabletten-hond","status":"publish","type":"product","link":"https:\/\/www.pharmacy4pets.nl\/be\/anthelmex-tabletten-hond","title":{"rendered":"Anthelmex kauwtabletten hond"},"content":{"rendered":"<p style=\"text-align: justify;\">Anthelmex kauwtabletten voor honden bevatten een combinatie van de werkzame stoffen febantel, pyrantel en praziquantel. Door de combinatie van deze werkzame stoffen is het een breedspectrum wormmiddel dat tegen zowel spoelwormen, haakwormen, zweepwormen als lintwormen werkt. De tabletten kunnen zowel rechtstreeks aan de hond worden toegediend,&nbsp; als door het voer. Door de vettige coating en toegevoegde smaakstoffen worden de kauwtabletten door het merendeel van de honden goed gegeten.<\/p>\n<p style=\"text-align: justify;\">Doseer de tabletten volgens onderstaande tabel:<\/p>\n<table style=\" \" border=\"1\" sizcache=\"5\" sizset=\"0\">\n<thead sizcache=\"5\" sizset=\"0\">\n<tr>\n<td bgcolor=\"#dee7b8\" width=\"380\" colspan=\"2\" align=\"center\">\n<p class=\"bold\" style=\"text-align: center;\"><strong>Dosering<\/strong><\/p>\n<\/td>\n<\/tr>\n<\/thead>\n<tbody sizcache=\"5\" sizset=\"1\">\n<tr>\n<td width=\"204\"><strong><em>Gewicht van de hond<\/em><\/strong><\/td>\n<td width=\"204\"><strong><em>Optimale dosering<\/em><\/strong><\/td>\n<\/tr>\n<tr>\n<td>Hond 2,5-5 kg<\/td>\n<td>0,5&nbsp;tablet Anthelmex<\/td>\n<\/tr>\n<tr>\n<td>Hond&nbsp;5-10 kg&nbsp;<\/td>\n<td>1 tablet Anthelmex<\/td>\n<\/tr>\n<tr>\n<td>Hond&nbsp;10-15 kg<\/td>\n<td>1,5 tablet Anthelmex<\/td>\n<\/tr>\n<tr>\n<td>Hond&nbsp;15-20 kg<\/td>\n<td>2 tabletten Anthelmex<\/td>\n<\/tr>\n<tr>\n<td>Hond 20-25 kg<\/td>\n<td>2,5 tabletten Anthelmex of<br \/>1 tablet Anthelmex Forte<\/td>\n<\/tr>\n<tr>\n<td>Hond&nbsp;25-35 kg&nbsp;<\/td>\n<td>1 tablet Anthelmex Forte<\/td>\n<\/tr>\n<tr>\n<td>Hond&nbsp;35-52,5 kg<\/td>\n<td>1,5 tablet Anthelmex Forte<\/td>\n<\/tr>\n<tr>\n<td>Hond&nbsp;52,5-70 kg<\/td>\n<td>2 tabletten Anthelmex Forte<\/td>\n<\/tr>\n<\/tbody>\n<\/table>\n","protected":false},"excerpt":{"rendered":"<p>Anthelmex kauwtabletten voor honden bevatten een combinatie van de werkzame stoffen febantel, pyrantel en praziquantel. Door de combinatie van deze werkzame stoffen is het een breedspectrum wormmiddel dat tegen zowel spoelwormen, haakwormen, zweepwormen als lintwormen werkt. De tabletten kunnen zowel rechtstreeks aan de hond worden toegediend,&nbsp; als door het voer. Door de vettige coating en [&hellip;]<\/p>\n","protected":false},"featured_media":116852,"comment_status":"open","ping_status":"closed","template":"","meta":{"_acf_changed":false,"_nl_post_content":"<p style=\"text-align: justify;\">Anthelmex kauwtabletten voor honden bevatten een combinatie van de werkzame stoffen febantel, pyrantel en praziquantel. Door de combinatie van deze werkzame stoffen is het een breedspectrum wormmiddel dat tegen zowel spoelwormen, haakwormen, zweepwormen als lintwormen werkt. De tabletten kunnen zowel rechtstreeks aan de hond worden toegediend,&nbsp; als door het voer. Door de vettige coating en toegevoegde smaakstoffen worden de kauwtabletten door het merendeel van de honden goed gegeten.<\/p>\r\n<p style=\"text-align: justify;\">Doseer de tabletten volgens onderstaande tabel:<\/p>\r\n<table style=\" \" border=\"1\" sizcache=\"5\" sizset=\"0\">\r\n<thead sizcache=\"5\" sizset=\"0\">\r\n<tr>\r\n<td bgcolor=\"#dee7b8\" width=\"380\" colspan=\"2\" align=\"center\">\r\n<p class=\"bold\" style=\"text-align: center;\"><strong>Dosering<\/strong><\/p>\r\n<\/td>\r\n<\/tr>\r\n<\/thead>\r\n<tbody sizcache=\"5\" sizset=\"1\">\r\n<tr>\r\n<td width=\"204\"><strong><em>Gewicht van de hond<\/em><\/strong><\/td>\r\n<td width=\"204\"><strong><em>Optimale dosering<\/em><\/strong><\/td>\r\n<\/tr>\r\n<tr>\r\n<td>Hond 2,5-5 kg<\/td>\r\n<td>0,5&nbsp;tablet Anthelmex<\/td>\r\n<\/tr>\r\n<tr>\r\n<td>Hond&nbsp;5-10 kg&nbsp;<\/td>\r\n<td>1 tablet Anthelmex<\/td>\r\n<\/tr>\r\n<tr>\r\n<td>Hond&nbsp;10-15 kg<\/td>\r\n<td>1,5 tablet Anthelmex<\/td>\r\n<\/tr>\r\n<tr>\r\n<td>Hond&nbsp;15-20 kg<\/td>\r\n<td>2 tabletten Anthelmex<\/td>\r\n<\/tr>\r\n<tr>\r\n<td>Hond 20-25 kg<\/td>\r\n<td>2,5 tabletten Anthelmex of<br \/>1 tablet Anthelmex Forte<\/td>\r\n<\/tr>\r\n<tr>\r\n<td>Hond&nbsp;25-35 kg&nbsp;<\/td>\r\n<td>1 tablet Anthelmex Forte<\/td>\r\n<\/tr>\r\n<tr>\r\n<td>Hond&nbsp;35-52,5 kg<\/td>\r\n<td>1,5 tablet Anthelmex Forte<\/td>\r\n<\/tr>\r\n<tr>\r\n<td>Hond&nbsp;52,5-70 kg<\/td>\r\n<td>2 tabletten Anthelmex Forte<\/td>\r\n<\/tr>\r\n<\/tbody>\r\n<\/table>","_nl_post_name":"anthelmex-tabletten-hond","_nl_post_excerpt":"","_nl_post_title":"Anthelmex kauwtabletten hond","_en_post_content":"<p style=\"text-align: justify;\">Anthelmex chewable tablets for dogs contain a combination of the active ingredients febantel, pyrantel and praziquantel. The combination of these active ingredients makes it a broad-spectrum dewormer that works against both whipworms, roundworms, hookworms and tapeworms. The tablets can be administered both directly to the dog and added to the dog&rsquo;s food. The chewable tablet are eaten well by most of the dogs due to the fatty coating and added flavourings.<\/p>\r\n<p>Dosage according to the following table:<\/p>\r\n<table style=\" \" border=\"1\" sizset=\"0\" sizcache=\"5\">\r\n<thead sizset=\"0\" sizcache=\"5\">\r\n<tr>\r\n<td bgcolor=\"#dee7b8\" width=\"380\" colspan=\"2\" align=\"center\">\r\n<p class=\"bold\" style=\"text-align: center;\"><strong>Dosage<\/strong><\/p>\r\n<\/td>\r\n<\/tr>\r\n<\/thead>\r\n<tbody sizset=\"1\" sizcache=\"5\">\r\n<tr>\r\n<td width=\"204\"><strong><em>Body weight of the dog<\/em><\/strong><\/td>\r\n<td width=\"204\"><strong><em>Optimal dosage<\/em><\/strong><\/td>\r\n<\/tr>\r\n<tr>\r\n<td>Dog&nbsp;2,5-5 kg<\/td>\r\n<td>0.5&nbsp;tablet Anthelmex<\/td>\r\n<\/tr>\r\n<tr>\r\n<td>Dog&nbsp;5-10 kg&nbsp;<\/td>\r\n<td>1 tablet Anthelmex<\/td>\r\n<\/tr>\r\n<tr>\r\n<td>Dog&nbsp;10-15 kg<\/td>\r\n<td>1.5 tablet Anthelmex<\/td>\r\n<\/tr>\r\n<tr>\r\n<td>Dog&nbsp;15-20 kg<\/td>\r\n<td>2 tablets Anthelmex<\/td>\r\n<\/tr>\r\n<tr>\r\n<td>Dog&nbsp;20-25 kg<\/td>\r\n<td>2.5 tablets Anthelmex of<br \/>1 tablet Anthelmex Forte<\/td>\r\n<\/tr>\r\n<tr>\r\n<td>Dog&nbsp;25-35 kg&nbsp;<\/td>\r\n<td>1 tablet Anthelmex Forte<\/td>\r\n<\/tr>\r\n<tr>\r\n<td>Dog&nbsp;35-52,5 kg<\/td>\r\n<td>1.5 tablet Anthelmex Forte<\/td>\r\n<\/tr>\r\n<tr>\r\n<td>Dog&nbsp;52,5-70 kg<\/td>\r\n<td>2 tablets Anthelmex Forte<\/td>\r\n<\/tr>\r\n<\/tbody>\r\n<\/table>","_en_post_name":"anthelmex-tabletten-dog","_en_post_excerpt":"","_en_post_title":"Anthelmex chewable tablets dog","_de_post_content":"<p style=\"text-align: justify;\">Anthelmex Kautabletten f\u00fcr Hunde ist ein Breitspektrum-Wurmmittel, die gegen Peitschenw\u00fcrmern, Spulw\u00fcrmer, Hakenw\u00fcrmer und Bandw\u00fcrmer wirkt. Die Tabletten k\u00f6nnen direkt an den Hund und durch der Hundefutter verabreicht werden. Die meisten Hunde essen die Kautabletten gut durch die fetthaltige Schicht und zus\u00e4tzliche Geschmacksstoffe.<\/p>\n<p style=\"text-align: justify;\">Dosierung gem\u00e4\u00df der folgenden Tabelle:<\/p>\n<table border=\"1\">\n<thead>\n<tr>\n<td colspan=\"2\" align=\"center\" bgcolor=\"#dee7b8\" width=\"380\">\n<p class=\"bold\" style=\"text-align: center;\"><strong>Dosierung<\/strong><\/p>\n<\/td>\n<\/tr>\n<\/thead>\n<tbody>\n<tr>\n<td width=\"204\"><strong><em>K\u00f6rpergewicht des Hundes<\/em><\/strong><\/td>\n<td width=\"204\"><strong><em>Optimalem Dosierung<\/em><\/strong><\/td>\n<\/tr>\n<tr>\n<td>Hund 2,5-5 kg<\/td>\n<td>0,5 Tablet Anthelmex<\/td>\n<\/tr>\n<tr>\n<td>Hund\u00a05-10 kg\u00a0<\/td>\n<td>1 Tablet Anthelmex<\/td>\n<\/tr>\n<tr>\n<td>Hund\u00a010-15 kg<\/td>\n<td>1,5 Tablet Anthelmex<\/td>\n<\/tr>\n<tr>\n<td>Hund\u00a015-20 kg<\/td>\n<td>2 Tabletten Anthelmex<\/td>\n<\/tr>\n<tr>\n<td>Hund 20-25 kg<\/td>\n<td>2,5 Tabletten Anthelmex of<br \/>1 Tablet Anthelmex Forte<\/td>\n<\/tr>\n<tr>\n<td>Hund\u00a025-35 kg\u00a0<\/td>\n<td>1 Tablet Anthelmex Forte<\/td>\n<\/tr>\n<tr>\n<td>Hund\u00a035-52,5 kg<\/td>\n<td>1,5 Tablet Anthelmex Forte<\/td>\n<\/tr>\n<tr>\n<td>Hund\u00a052,5-70 kg<\/td>\n<td>2 Tabletten Anthelmex Forte<\/td>\n<\/tr>\n<\/tbody>\n<\/table>","_de_post_name":"anthelmex-tabletten-hund","_de_post_excerpt":"","_de_post_title":"Anthelmex Kautabletten Hund","_fr_post_content":"<p>Les comprim&eacute;s &agrave; croquer de Anthelmex pour chiens contiennent une combinaison des substances actives f&eacute;bantel, pyrantel et praziquantel. Gr&acirc;ce &agrave; la combinaison de ces substances actives, il s'agit d'un agent vermifuge &agrave; large spectre qui agit contre les ascaris, les vers crochets, les trichures et les taenias. Les comprim&eacute;s peuvent &ecirc;tre administr&eacute;s directement au chien ou &ecirc;tre m&eacute;lang&eacute;s &agrave; la nourriture.&nbsp; En raison de leur enrobage gras et des ar&ocirc;mes ajout&eacute;s, les comprim&eacute;s &agrave; croquer sont bien consomm&eacute;s par la majorit&eacute; des chiens.<\/p>\r\n<p>Doser les comprim&eacute;s selon le tableau ci-dessous :<\/p>\r\n<p><\/p>\r\n<table border=\"1\" style=\" \">\r\n<thead>\r\n<tr>\r\n<td align=\"center\" bgcolor=\"#dee7b8\" colspan=\"2\" width=\"380\">\r\n<p class=\"bold\" style=\"text-align: center;\"><strong>Dosering<\/strong><\/p>\r\n<\/td>\r\n<\/tr>\r\n<\/thead>\r\n<tbody>\r\n<tr>\r\n<td width=\"204\"><strong><em>Poids du chien<\/em><\/strong><\/td>\r\n<td width=\"204\"><strong><em>Dosage optimal<\/em><\/strong><\/td>\r\n<\/tr>\r\n<tr>\r\n<td>Chien&nbsp;2,5-5 kg<\/td>\r\n<td>0,5 comprim&eacute; Anthelmex<\/td>\r\n<\/tr>\r\n<tr>\r\n<td>Chien&nbsp;5-10 kg&nbsp;<\/td>\r\n<td>1&nbsp;comprim&eacute; Anthelmex<\/td>\r\n<\/tr>\r\n<tr>\r\n<td>Chien&nbsp;10-15 kg<\/td>\r\n<td>1,5&nbsp;comprim&eacute; Anthelmex<\/td>\r\n<\/tr>\r\n<tr>\r\n<td>Chien&nbsp;15-20 kg<\/td>\r\n<td>2 comprim&eacute;s Anthelmex<\/td>\r\n<\/tr>\r\n<tr>\r\n<td>Chien&nbsp;20-25 kg<\/td>\r\n<td>2,5&nbsp;comprim&eacute;s Anthelmex ou<br \/>1 comprim&eacute; Anthelmex Forte<\/td>\r\n<\/tr>\r\n<tr>\r\n<td>Chien&nbsp;25-35 kg&nbsp;<\/td>\r\n<td>1&nbsp;comprim&eacute; Anthelmex Forte<\/td>\r\n<\/tr>\r\n<tr>\r\n<td>Chien&nbsp;35-52,5 kg<\/td>\r\n<td>1,5&nbsp;comprim&eacute; Anthelmex Forte<\/td>\r\n<\/tr>\r\n<tr>\r\n<td>Chien 52,5-70 kg<\/td>\r\n<td>2&nbsp;comprim&eacute;s Anthelmex Forte<\/td>\r\n<\/tr>\r\n<\/tbody>\r\n<\/table>","_fr_post_name":"anthelmex-chien-comprimes-a-croquer","_fr_post_excerpt":"","_fr_post_title":"Anthelmex chien comprim\u00e9s \u00e0 croquer","_es_post_content":"<p style=\"text-align: justify;\">Anthelmex kauwtabletten voor honden bevatten een combinatie van de werkzame stoffen febantel, pyrantel en praziquantel. Door de combinatie van deze werkzame stoffen is het een breedspectrum wormmiddel dat tegen zowel spoelwormen, haakwormen, zweepwormen als lintwormen werkt. De tabletten kunnen zowel rechtstreeks aan de hond worden toegediend,&nbsp; als door het voer. Door de vettige coating en toegevoegde smaakstoffen worden de kauwtabletten door het merendeel van de honden goed gegeten.<\/p>\r\n<p style=\"text-align: justify;\">Doseer de tabletten volgens onderstaande tabel:<\/p>\r\n<table style=\" \" border=\"1\" sizcache=\"5\" sizset=\"0\">\r\n<thead sizcache=\"5\" sizset=\"0\">\r\n<tr>\r\n<td bgcolor=\"#dee7b8\" width=\"380\" colspan=\"2\" align=\"center\">\r\n<p class=\"bold\" style=\"text-align: center;\"><strong>Dosering<\/strong><\/p>\r\n<\/td>\r\n<\/tr>\r\n<\/thead>\r\n<tbody sizcache=\"5\" sizset=\"1\">\r\n<tr>\r\n<td width=\"204\"><strong><em>Gewicht van de hond<\/em><\/strong><\/td>\r\n<td width=\"204\"><strong><em>Optimale dosering<\/em><\/strong><\/td>\r\n<\/tr>\r\n<tr>\r\n<td>Hond 2,5-5 kg<\/td>\r\n<td>0,5&nbsp;tablet Anthelmex<\/td>\r\n<\/tr>\r\n<tr>\r\n<td>Hond&nbsp;5-10 kg&nbsp;<\/td>\r\n<td>1 tablet Anthelmex<\/td>\r\n<\/tr>\r\n<tr>\r\n<td>Hond&nbsp;10-15 kg<\/td>\r\n<td>1,5 tablet Anthelmex<\/td>\r\n<\/tr>\r\n<tr>\r\n<td>Hond&nbsp;15-20 kg<\/td>\r\n<td>2 tabletten Anthelmex<\/td>\r\n<\/tr>\r\n<tr>\r\n<td>Hond 20-25 kg<\/td>\r\n<td>2,5 tabletten Anthelmex of<br \/>1 tablet Anthelmex Forte<\/td>\r\n<\/tr>\r\n<tr>\r\n<td>Hond&nbsp;25-35 kg&nbsp;<\/td>\r\n<td>1 tablet Anthelmex Forte<\/td>\r\n<\/tr>\r\n<tr>\r\n<td>Hond&nbsp;35-52,5 kg<\/td>\r\n<td>1,5 tablet Anthelmex Forte<\/td>\r\n<\/tr>\r\n<tr>\r\n<td>Hond&nbsp;52,5-70 kg<\/td>\r\n<td>2 tabletten Anthelmex Forte<\/td>\r\n<\/tr>\r\n<\/tbody>\r\n<\/table>","_es_post_name":"anthelmex-tabletten-hond","_es_post_excerpt":"","_es_post_title":"Anthelmex kauwtabletten hond","edit_language":"nl"},"product_brand":[],"product_cat":[2021,1857],"product_tag":[],"class_list":{"0":"post-116855","1":"product","2":"type-product","3":"status-publish","4":"has-post-thumbnail","6":"product_cat-anthelmex","7":"product_cat-merken","8":"pa_aandoening-wormen","9":"pa_doeldier-hond","10":"pa_doeldier-puppy","11":"pa_fabricatieland-belgie","12":"pa_merkfilter-anthelmex","13":"pa_merkgroep-ecuphar","14":"pa_productsoort-diergeneesmiddelvrij_ura","15":"pa_seo_canonical_store_id-not_found_value","16":"pa_seo_category-not_found_value","17":"pa_seo_meta_robots-not_found_value","18":"pa_toedieningswijze-tabletten","19":"pa_werkzamestof-febantel","20":"pa_werkzamestof-praziquantel","21":"pa_werkzamestof-pyrantel","23":"first","24":"instock","25":"taxable","26":"shipping-taxable","27":"product-type-grouped"},"yoast_head":"<!-- This site is optimized with the Yoast SEO plugin v27.5 - https:\/\/yoast.com\/product\/yoast-seo-wordpress\/ -->\n<title>Anthelmex kauwtabletten hond - Pharmacy4pets<\/title>\n<meta name=\"robots\" content=\"index, follow, max-snippet:-1, max-image-preview:large, max-video-preview:-1\" \/>\n<link rel=\"canonical\" href=\"https:\/\/p4p-nl.bootmine.com\/%product-slug%\/anthelmex-tabletten-hond\" \/>\n<meta property=\"og:locale\" content=\"nl_NL\" \/>\n<meta property=\"og:type\" content=\"article\" \/>\n<meta property=\"og:title\" content=\"Anthelmex kauwtabletten hond - Pharmacy4pets\" \/>\n<meta property=\"og:description\" content=\"Anthelmex kauwtabletten voor honden bevatten een combinatie van de werkzame stoffen febantel, pyrantel en praziquantel. Door de combinatie van deze werkzame stoffen is het een breedspectrum wormmiddel dat tegen zowel spoelwormen, haakwormen, zweepwormen als lintwormen werkt. De tabletten kunnen zowel rechtstreeks aan de hond worden toegediend,&nbsp; als door het voer. Door de vettige coating en [&hellip;]\" \/>\n<meta property=\"og:url\" content=\"https:\/\/p4p-nl.bootmine.com\/%product-slug%\/anthelmex-tabletten-hond\" \/>\n<meta property=\"og:site_name\" content=\"Pharmacy4pets\" \/>\n<meta property=\"article:publisher\" content=\"https:\/\/www.facebook.com\/people\/Pharmacy4petsnl\/100063484989896\/\" \/>\n<meta property=\"article:modified_time\" content=\"2026-03-25T11:55:24+00:00\" \/>\n<meta property=\"og:image\" content=\"https:\/\/p4p-nl.bootmine.com\/wp-content\/uploads\/2015\/06\/anthelmex_5.jpg\" \/>\n\t<meta property=\"og:image:width\" content=\"317\" \/>\n\t<meta property=\"og:image:height\" content=\"239\" \/>\n\t<meta property=\"og:image:type\" content=\"image\/jpeg\" \/>\n<meta name=\"twitter:card\" content=\"summary_large_image\" \/>\n<meta name=\"twitter:label1\" content=\"Geschatte leestijd\" \/>\n\t<meta name=\"twitter:data1\" content=\"1 minuut\" \/>\n<script type=\"application\/ld+json\" class=\"yoast-schema-graph\">{\"@context\":\"https:\\\/\\\/schema.org\",\"@graph\":[{\"@type\":\"WebPage\",\"@id\":\"https:\\\/\\\/p4p-nl.bootmine.com\\\/%product-slug%\\\/anthelmex-tabletten-hond\",\"url\":\"https:\\\/\\\/p4p-nl.bootmine.com\\\/%product-slug%\\\/anthelmex-tabletten-hond\",\"name\":\"Anthelmex kauwtabletten hond - Pharmacy4pets\",\"isPartOf\":{\"@id\":\"http:\\\/\\\/www.pharmacy4pets.nl\\\/#website\"},\"primaryImageOfPage\":{\"@id\":\"https:\\\/\\\/p4p-nl.bootmine.com\\\/%product-slug%\\\/anthelmex-tabletten-hond#primaryimage\"},\"image\":{\"@id\":\"https:\\\/\\\/p4p-nl.bootmine.com\\\/%product-slug%\\\/anthelmex-tabletten-hond#primaryimage\"},\"thumbnailUrl\":\"https:\\\/\\\/www.pharmacy4pets.nl\\\/wp-content\\\/uploads\\\/2015\\\/06\\\/anthelmex_5.jpg\",\"datePublished\":\"2015-06-10T11:40:49+00:00\",\"dateModified\":\"2026-03-25T11:55:24+00:00\",\"breadcrumb\":{\"@id\":\"https:\\\/\\\/p4p-nl.bootmine.com\\\/%product-slug%\\\/anthelmex-tabletten-hond#breadcrumb\"},\"inLanguage\":\"nl-NL\",\"potentialAction\":[{\"@type\":\"ReadAction\",\"target\":[\"https:\\\/\\\/p4p-nl.bootmine.com\\\/%product-slug%\\\/anthelmex-tabletten-hond\"]}]},{\"@type\":\"ImageObject\",\"inLanguage\":\"nl-NL\",\"@id\":\"https:\\\/\\\/p4p-nl.bootmine.com\\\/%product-slug%\\\/anthelmex-tabletten-hond#primaryimage\",\"url\":\"https:\\\/\\\/www.pharmacy4pets.nl\\\/wp-content\\\/uploads\\\/2015\\\/06\\\/anthelmex_5.jpg\",\"contentUrl\":\"https:\\\/\\\/www.pharmacy4pets.nl\\\/wp-content\\\/uploads\\\/2015\\\/06\\\/anthelmex_5.jpg\",\"width\":317,\"height\":239,\"caption\":\"Anthelmex\"},{\"@type\":\"BreadcrumbList\",\"@id\":\"https:\\\/\\\/p4p-nl.bootmine.com\\\/%product-slug%\\\/anthelmex-tabletten-hond#breadcrumb\",\"itemListElement\":[{\"@type\":\"ListItem\",\"position\":1,\"name\":\"Home\",\"item\":\"https:\\\/\\\/p4p-nl.bootmine.com\\\/\"},{\"@type\":\"ListItem\",\"position\":2,\"name\":\"Winkel\",\"item\":\"https:\\\/\\\/p4p-nl.bootmine.com\\\/winkel\"},{\"@type\":\"ListItem\",\"position\":3,\"name\":\"Anthelmex kauwtabletten hond\"}]},{\"@type\":\"WebSite\",\"@id\":\"http:\\\/\\\/www.pharmacy4pets.nl\\\/#website\",\"url\":\"http:\\\/\\\/www.pharmacy4pets.nl\\\/\",\"name\":\"Pharmacy4pets\",\"description\":\"Pharmacy4pets.nl is d\u00e9 online apotheek waar u terecht kunt voor alle diergeneesmiddelen, verzorgingsproducten en dieetvoeding voor uw huisdier.\",\"publisher\":{\"@id\":\"http:\\\/\\\/www.pharmacy4pets.nl\\\/#organization\"},\"potentialAction\":[{\"@type\":\"SearchAction\",\"target\":{\"@type\":\"EntryPoint\",\"urlTemplate\":\"http:\\\/\\\/www.pharmacy4pets.nl\\\/?s={search_term_string}\"},\"query-input\":{\"@type\":\"PropertyValueSpecification\",\"valueRequired\":true,\"valueName\":\"search_term_string\"}}],\"inLanguage\":\"nl-NL\"},{\"@type\":\"Organization\",\"@id\":\"http:\\\/\\\/www.pharmacy4pets.nl\\\/#organization\",\"name\":\"Pharmacy4pets\",\"url\":\"http:\\\/\\\/www.pharmacy4pets.nl\\\/\",\"logo\":{\"@type\":\"ImageObject\",\"inLanguage\":\"nl-NL\",\"@id\":\"http:\\\/\\\/www.pharmacy4pets.nl\\\/#\\\/schema\\\/logo\\\/image\\\/\",\"url\":\"https:\\\/\\\/p4p-nl.bootmine.com\\\/wp-content\\\/uploads\\\/2026\\\/03\\\/logo-pharmacy4pets.png\",\"contentUrl\":\"https:\\\/\\\/p4p-nl.bootmine.com\\\/wp-content\\\/uploads\\\/2026\\\/03\\\/logo-pharmacy4pets.png\",\"width\":1024,\"height\":135,\"caption\":\"Pharmacy4pets\"},\"image\":{\"@id\":\"http:\\\/\\\/www.pharmacy4pets.nl\\\/#\\\/schema\\\/logo\\\/image\\\/\"},\"sameAs\":[\"https:\\\/\\\/www.facebook.com\\\/people\\\/Pharmacy4petsnl\\\/100063484989896\\\/\",\"https:\\\/\\\/www.youtube.com\\\/channel\\\/UCGPTIgucgli03tP2_kvLkHg\\\/featured\",\"https:\\\/\\\/www.instagram.com\\\/pharmacy4pets.nl\"]}]}<\/script>\n<!-- \/ Yoast SEO plugin. -->","yoast_head_json":{"title":"Anthelmex kauwtabletten hond - Pharmacy4pets","robots":{"index":"index","follow":"follow","max-snippet":"max-snippet:-1","max-image-preview":"max-image-preview:large","max-video-preview":"max-video-preview:-1"},"canonical":"https:\/\/p4p-nl.bootmine.com\/%product-slug%\/anthelmex-tabletten-hond","og_locale":"nl_NL","og_type":"article","og_title":"Anthelmex kauwtabletten hond - Pharmacy4pets","og_description":"Anthelmex kauwtabletten voor honden bevatten een combinatie van de werkzame stoffen febantel, pyrantel en praziquantel. Door de combinatie van deze werkzame stoffen is het een breedspectrum wormmiddel dat tegen zowel spoelwormen, haakwormen, zweepwormen als lintwormen werkt. De tabletten kunnen zowel rechtstreeks aan de hond worden toegediend,&nbsp; als door het voer. Door de vettige coating en [&hellip;]","og_url":"https:\/\/p4p-nl.bootmine.com\/%product-slug%\/anthelmex-tabletten-hond","og_site_name":"Pharmacy4pets","article_publisher":"https:\/\/www.facebook.com\/people\/Pharmacy4petsnl\/100063484989896\/","article_modified_time":"2026-03-25T11:55:24+00:00","og_image":[{"width":317,"height":239,"url":"https:\/\/p4p-nl.bootmine.com\/wp-content\/uploads\/2015\/06\/anthelmex_5.jpg","type":"image\/jpeg"}],"twitter_card":"summary_large_image","twitter_misc":{"Geschatte leestijd":"1 minuut"},"schema":{"@context":"https:\/\/schema.org","@graph":[{"@type":"WebPage","@id":"https:\/\/p4p-nl.bootmine.com\/%product-slug%\/anthelmex-tabletten-hond","url":"https:\/\/p4p-nl.bootmine.com\/%product-slug%\/anthelmex-tabletten-hond","name":"Anthelmex kauwtabletten hond - Pharmacy4pets","isPartOf":{"@id":"http:\/\/www.pharmacy4pets.nl\/#website"},"primaryImageOfPage":{"@id":"https:\/\/p4p-nl.bootmine.com\/%product-slug%\/anthelmex-tabletten-hond#primaryimage"},"image":{"@id":"https:\/\/p4p-nl.bootmine.com\/%product-slug%\/anthelmex-tabletten-hond#primaryimage"},"thumbnailUrl":"https:\/\/www.pharmacy4pets.nl\/wp-content\/uploads\/2015\/06\/anthelmex_5.jpg","datePublished":"2015-06-10T11:40:49+00:00","dateModified":"2026-03-25T11:55:24+00:00","breadcrumb":{"@id":"https:\/\/p4p-nl.bootmine.com\/%product-slug%\/anthelmex-tabletten-hond#breadcrumb"},"inLanguage":"nl-NL","potentialAction":[{"@type":"ReadAction","target":["https:\/\/p4p-nl.bootmine.com\/%product-slug%\/anthelmex-tabletten-hond"]}]},{"@type":"ImageObject","inLanguage":"nl-NL","@id":"https:\/\/p4p-nl.bootmine.com\/%product-slug%\/anthelmex-tabletten-hond#primaryimage","url":"https:\/\/www.pharmacy4pets.nl\/wp-content\/uploads\/2015\/06\/anthelmex_5.jpg","contentUrl":"https:\/\/www.pharmacy4pets.nl\/wp-content\/uploads\/2015\/06\/anthelmex_5.jpg","width":317,"height":239,"caption":"Anthelmex"},{"@type":"BreadcrumbList","@id":"https:\/\/p4p-nl.bootmine.com\/%product-slug%\/anthelmex-tabletten-hond#breadcrumb","itemListElement":[{"@type":"ListItem","position":1,"name":"Home","item":"https:\/\/p4p-nl.bootmine.com\/"},{"@type":"ListItem","position":2,"name":"Winkel","item":"https:\/\/p4p-nl.bootmine.com\/winkel"},{"@type":"ListItem","position":3,"name":"Anthelmex kauwtabletten hond"}]},{"@type":"WebSite","@id":"http:\/\/www.pharmacy4pets.nl\/#website","url":"http:\/\/www.pharmacy4pets.nl\/","name":"Pharmacy4pets","description":"Pharmacy4pets.nl is d\u00e9 online apotheek waar u terecht kunt voor alle diergeneesmiddelen, verzorgingsproducten en dieetvoeding voor uw huisdier.","publisher":{"@id":"http:\/\/www.pharmacy4pets.nl\/#organization"},"potentialAction":[{"@type":"SearchAction","target":{"@type":"EntryPoint","urlTemplate":"http:\/\/www.pharmacy4pets.nl\/?s={search_term_string}"},"query-input":{"@type":"PropertyValueSpecification","valueRequired":true,"valueName":"search_term_string"}}],"inLanguage":"nl-NL"},{"@type":"Organization","@id":"http:\/\/www.pharmacy4pets.nl\/#organization","name":"Pharmacy4pets","url":"http:\/\/www.pharmacy4pets.nl\/","logo":{"@type":"ImageObject","inLanguage":"nl-NL","@id":"http:\/\/www.pharmacy4pets.nl\/#\/schema\/logo\/image\/","url":"https:\/\/p4p-nl.bootmine.com\/wp-content\/uploads\/2026\/03\/logo-pharmacy4pets.png","contentUrl":"https:\/\/p4p-nl.bootmine.com\/wp-content\/uploads\/2026\/03\/logo-pharmacy4pets.png","width":1024,"height":135,"caption":"Pharmacy4pets"},"image":{"@id":"http:\/\/www.pharmacy4pets.nl\/#\/schema\/logo\/image\/"},"sameAs":["https:\/\/www.facebook.com\/people\/Pharmacy4petsnl\/100063484989896\/","https:\/\/www.youtube.com\/channel\/UCGPTIgucgli03tP2_kvLkHg\/featured","https:\/\/www.instagram.com\/pharmacy4pets.nl"]}]}},"market_data":{"nl":{"price":0,"sale_price":0,"active":false,"url":null,"parent_url":"","tax_rate":0,"price_inc_tax":0,"sale_price_inc_tax":0},"de":{"price":0,"sale_price":0,"active":false,"url":null,"parent_url":"","tax_rate":0,"price_inc_tax":0,"sale_price_inc_tax":0},"be":{"price":0,"sale_price":0,"active":false,"url":null,"parent_url":"","tax_rate":0,"price_inc_tax":0,"sale_price_inc_tax":0},"fr":{"price":0,"sale_price":0,"active":false,"url":null,"parent_url":"","tax_rate":0,"price_inc_tax":0,"sale_price_inc_tax":0},"ch":{"price":0,"sale_price":0,"active":false,"url":null,"parent_url":"","tax_rate":0,"price_inc_tax":0,"sale_price_inc_tax":0},"at":{"price":0,"sale_price":0,"active":false,"url":null,"parent_url":"","tax_rate":0,"price_inc_tax":0,"sale_price_inc_tax":0},"es":{"price":0,"sale_price":0,"active":false,"url":null,"parent_url":"","tax_rate":0,"price_inc_tax":0,"sale_price_inc_tax":0},"dk":{"price":0,"sale_price":0,"active":false,"url":null,"parent_url":"","tax_rate":0,"price_inc_tax":0,"sale_price_inc_tax":0},"com":{"price":0,"sale_price":0,"active":false,"url":null,"parent_url":"","tax_rate":0,"price_inc_tax":0,"sale_price_inc_tax":0}},"market_nl_price":0,"market_nl_sale_price":0,"market_nl_active":false,"market_nl_url":null,"market_nl_parent_url":"","market_nl_tax_rate":0,"market_nl_price_inc_tax":0,"market_nl_sale_price_inc_tax":0,"market_de_price":0,"market_de_sale_price":0,"market_de_active":false,"market_de_url":null,"market_de_parent_url":"","market_de_tax_rate":0,"market_de_price_inc_tax":0,"market_de_sale_price_inc_tax":0,"market_be_price":0,"market_be_sale_price":0,"market_be_active":false,"market_be_url":null,"market_be_parent_url":"","market_be_tax_rate":0,"market_be_price_inc_tax":0,"market_be_sale_price_inc_tax":0,"market_fr_price":0,"market_fr_sale_price":0,"market_fr_active":false,"market_fr_url":null,"market_fr_parent_url":"","market_fr_tax_rate":0,"market_fr_price_inc_tax":0,"market_fr_sale_price_inc_tax":0,"market_ch_price":0,"market_ch_sale_price":0,"market_ch_active":false,"market_ch_url":null,"market_ch_parent_url":"","market_ch_tax_rate":0,"market_ch_price_inc_tax":0,"market_ch_sale_price_inc_tax":0,"market_at_price":0,"market_at_sale_price":0,"market_at_active":false,"market_at_url":null,"market_at_parent_url":"","market_at_tax_rate":0,"market_at_price_inc_tax":0,"market_at_sale_price_inc_tax":0,"market_es_price":0,"market_es_sale_price":0,"market_es_active":false,"market_es_url":null,"market_es_parent_url":"","market_es_tax_rate":0,"market_es_price_inc_tax":0,"market_es_sale_price_inc_tax":0,"market_dk_price":0,"market_dk_sale_price":0,"market_dk_active":false,"market_dk_url":null,"market_dk_parent_url":"","market_dk_tax_rate":0,"market_dk_price_inc_tax":0,"market_dk_sale_price_inc_tax":0,"market_com_price":0,"market_com_sale_price":0,"market_com_active":false,"market_com_url":null,"market_com_parent_url":"","market_com_tax_rate":0,"market_com_price_inc_tax":0,"market_com_sale_price_inc_tax":0,"acf":[],"_links":{"self":[{"href":"https:\/\/www.pharmacy4pets.nl\/be\/wp-json\/wp\/v2\/product\/116855","targetHints":{"allow":["GET"]}}],"collection":[{"href":"https:\/\/www.pharmacy4pets.nl\/be\/wp-json\/wp\/v2\/product"}],"about":[{"href":"https:\/\/www.pharmacy4pets.nl\/be\/wp-json\/wp\/v2\/types\/product"}],"replies":[{"embeddable":true,"href":"https:\/\/www.pharmacy4pets.nl\/be\/wp-json\/wp\/v2\/comments?post=116855"}],"wp:featuredmedia":[{"embeddable":true,"href":"https:\/\/www.pharmacy4pets.nl\/be\/wp-json\/wp\/v2\/media\/116852"}],"wp:attachment":[{"href":"https:\/\/www.pharmacy4pets.nl\/be\/wp-json\/wp\/v2\/media?parent=116855"}],"wp:term":[{"taxonomy":"product_brand","embeddable":true,"href":"https:\/\/www.pharmacy4pets.nl\/be\/wp-json\/wp\/v2\/product_brand?post=116855"},{"taxonomy":"product_cat","embeddable":true,"href":"https:\/\/www.pharmacy4pets.nl\/be\/wp-json\/wp\/v2\/product_cat?post=116855"},{"taxonomy":"product_tag","embeddable":true,"href":"https:\/\/www.pharmacy4pets.nl\/be\/wp-json\/wp\/v2\/product_tag?post=116855"}],"curies":[{"name":"wp","href":"https:\/\/api.w.org\/{rel}","templated":true}]}}