{"id":116699,"date":"2014-10-29T18:02:57","date_gmt":"2014-10-29T18:02:57","guid":{"rendered":"https:\/\/p4p.test\/bach-rescue-spray-7-ml-3"},"modified":"2026-04-14T08:01:39","modified_gmt":"2026-04-14T08:01:39","slug":"bach-rescue-spray-7-ml","status":"publish","type":"product","link":"https:\/\/www.pharmacy4pets.nl\/be\/bach-rescue-spray-7-ml","title":{"rendered":"Bach RESCUE spray 7 ml"},"content":{"rendered":"<p>Bach RESCUE spray is een 100% natuurlijk product bestaande uit een combinatie van vijf verschillende Bach bloesem remedies. Er zijn 38 verschillende van deze op kruiden en bloemen gebaseerde remedies ontwikkeld door de heer Edward Bach. Elke remedie draagt op zijn eigen specifieke manier bij aan een heldere geest.\u00a0<span style=\"color: #e96608;\"><a style=\"color: #e96608;\" title=\"Meer Bach RESCUE producten\" href=\"https:\/\/www.pharmacy4pets.nl\/merken\/bach-rescue\">Bach RESCUE<\/a><\/span> spray kan zowel door mens als dier gebruikt worden in diverse stressvolle situaties en bij innerlijke onrust.\u00a0<\/p>\n<h2>Hoe wordt Bach RESCUE spray gebruikt?<\/h2>\n<p>Bach RESCUE spray is geschikt voor alle huisdieren. Geef 2 verstuivingen rechtstreeks op de tong van uw huisdier, wanneer nodig. Geef maximaal 20 verstuivingen per dag. De Bach RESCUE spray is zonder probleem langdurig te gebruiken, ook in combinatie met andere producten.<\/p>\n","protected":false},"excerpt":{"rendered":"<p>Bach RESCUE spray is een 100% natuurlijk product bestaande uit een combinatie van vijf verschillende Bach bloesem remedies. Er zijn 38 verschillende van deze op kruiden en bloemen gebaseerde remedies ontwikkeld door de heer Edward Bach. Elke remedie draagt op zijn eigen specifieke manier bij aan een heldere geest.\u00a0Bach RESCUE spray kan zowel door mens [&hellip;]<\/p>\n","protected":false},"featured_media":116698,"comment_status":"open","ping_status":"closed","template":"","meta":{"_acf_changed":false,"_nl_post_content":"<p>Bach RESCUE spray is een 100% natuurlijk product bestaande uit een combinatie van vijf verschillende Bach bloesem remedies. Er zijn 38 verschillende van deze op kruiden en bloemen gebaseerde remedies ontwikkeld door de heer Edward Bach. Elke remedie draagt op zijn eigen specifieke manier bij aan een heldere geest.\u00a0<span style=\"color: #e96608;\"><a style=\"color: #e96608;\" title=\"Meer Bach RESCUE producten\" href=\"https:\/\/www.pharmacy4pets.nl\/merken\/bach-rescue\">Bach RESCUE<\/a><\/span> spray kan zowel door mens als dier gebruikt worden in diverse stressvolle situaties en bij innerlijke onrust.\u00a0<\/p>\r\n<h2>Hoe wordt Bach RESCUE spray gebruikt?<\/h2>\r\n<p>Bach RESCUE spray is geschikt voor alle huisdieren. Geef 2 verstuivingen rechtstreeks op de tong van uw huisdier, wanneer nodig. Geef maximaal 20 verstuivingen per dag. De Bach RESCUE spray is zonder probleem langdurig te gebruiken, ook in combinatie met andere producten.<\/p>","_nl_post_name":"bach-rescue-spray-7-ml","_nl_post_excerpt":"","_nl_post_title":"Bach RESCUE spray 7 ml","_en_post_content":"<p>Bach RESCUE spray is a 100% natural product consisting of a combination of five different Bach flower remedies. There are 38 different of these herbal and flower based remedies developed by Mr. Edward Bach. Each remedy brings balance to the mind in its own specific way. <span style=\"color: #e96608;\"><a style=\"color: #e96608;\" title=\"More Bach RESCUE products\" href=\"https:\/\/www.pharmacy4pets.com\/brands\/bach-rescue\">Bach RESCUE<\/a><\/span> spray can be used by both humans and animals in various stressful situations and in case of inner discomfort.<\/p>\r\n<h2>How is Bach RESCUE spray used?<\/h2>\r\n<p>Bach RESCUE spray is suitable for all pets. Give 2 sprays directly to your pet's tongue as needed. Give up to 20 sprays per day. The Bach RESCUE spray can be used for a long time without any problem, also in combination with other products.<\/p>","_en_post_name":"bach-rescue-spray-7-ml","_en_post_excerpt":"","_en_post_title":"Bach RESCUE spray 7 ml","_de_post_content":"<p>Bach RESCUE Spray ist ein 100 % nat\u00fcrliches Produkt, das aus einer Kombination von f\u00fcnf verschiedenen Bachbl\u00fcten besteht. Es gibt 38 verschiedene dieser Heilmittel auf Kr\u00e4uter- und Bl\u00fctenbasis, die von Herrn Edward Bach entwickelt wurden. Jedes Heilmittel bringt den Geist auf seine eigene Weise ins Gleichgewicht. <span style=\"color: #e96608;\"><a style=\"color: #e96608;\" title=\"Mehr Bach RESCUE Produkte\" href=\"https:\/\/www.pharmacy4pets.de\/marken\/bach-rescue\">Bach RESCUE<\/a><\/span> Spray kann sowohl von Menschen als auch von Tieren in verschiedenen Stresssituationen und bei innerem Unwohlsein angewendet werden.<\/p>\r\n<h2>Wie wird Bach RESCUE Spray angewendet?<\/h2>\r\n<p>Bach RESCUE Spray ist f\u00fcr alle Haustiere geeignet. Geben Sie je nach Bedarf 2 Spr\u00fchst\u00f6\u00dfe direkt auf die Zunge Ihres Haustieres. Geben Sie bis zu 20 Spr\u00fchst\u00f6\u00dfe pro Tag. Das Bach RESCUE Spray kann problemlos \u00fcber einen langen Zeitraum angewendet werden, auch in Kombination mit anderen Produkten.<\/p>","_de_post_name":"bach-rescue-spray-7-ml","_de_post_excerpt":"","_de_post_title":"Bach RESCUE Spray 7 ml","_fr_post_content":"<p>Le spray Bach RESCUE est un produit 100% naturel compos\u00e9 d'une combinaison de cinq fleurs de Bach diff\u00e9rentes. Il existe 38 diff\u00e9rents de ces rem\u00e8des \u00e0 base de plantes et de fleurs d\u00e9velopp\u00e9s par M. Edward Bach. Chaque rem\u00e8de apporte un \u00e9quilibre \u00e0 l'esprit \u00e0 sa mani\u00e8re sp\u00e9cifique. Le spray <span style=\"color: #e96608;\"><a style=\"color: #e96608;\" title=\"Plus de produits de Bach RESCUE\" href=\"https:\/\/www.pharmacy4pets.fr\/marques\/bach-rescue\">Bach RESCUE<\/a><\/span> peut \u00eatre utilis\u00e9 aussi bien par l'homme que par l'animal dans diverses situations de stress et en cas d'inconfort int\u00e9rieur.<\/p>\r\n<h2>Comment utiliser le spray Bach RESCUE ?<\/h2>\r\n<p>Le spray Bach RESCUE convient \u00e0 tous les animaux de compagnie. Donnez 2 pulv\u00e9risations directement sur la langue de votre animal au besoin. Donnez jusqu'\u00e0 20 pulv\u00e9risations par jour. Le spray Bach RESCUE peut \u00eatre utilis\u00e9 longtemps sans probl\u00e8me, \u00e9galement en combinaison avec d'autres produits.<\/p>","_fr_post_name":"bach-rescue-spray-7-ml","_fr_post_excerpt":"","_fr_post_title":"Bach RESCUE spray 7 ml","_es_post_content":"<p>Bach RESCUE spray es un producto 100% natural que consiste en una combinaci\u00f3n de cinco remedios florales de Bach diferentes. Hay 38 diferentes de estos remedios a base de plantas y flores desarrollados por el Sr. Edward Bach. Cada remedio devuelve el equilibrio a la mente en su forma espec\u00edfica. El spray <span style=\"color: #e96608;\"><a style=\"color: #e96608;\" title=\"M\u00e1s de Bach RESCUE\" href=\"https:\/\/www.pharmacy4pets.es\/marcas\/bach-rescue\">Bach RESCUE<\/a><\/span> puede ser utilizado tanto por humanos como por animales en diversas situaciones estresantes y en caso de malestar interior. El spray Bach RESCUE se puede utilizar durante mucho tiempo o en combinaci\u00f3n con otros productos sin ning\u00fan problema.<\/p>\r\n<h2>C\u00f3mo utilizar el spray RESCUE de Bach<\/h2>\r\n<p>El spray Bach RESCUE es adecuado para todas las mascotas. Debido a su pr\u00e1ctico tama\u00f1o, el spray Bach RESCUE es f\u00e1cil de transportar. La dosis es de 2 pulverizaciones directamente sobre la lengua de su mascota seg\u00fan sea necesario. Dar hasta 20 pulverizaciones al d\u00eda. El spray se puede utilizar durante un per\u00edodo de tiempo m\u00e1s largo.<\/p>","_es_post_name":"bach-rescue-spray-7-ml","_es_post_excerpt":"","_es_post_title":"Bach RESCUE spray 7 ml","edit_language":"nl"},"product_brand":[],"product_cat":[2001,1984,2017,2229,1117,1118,1825,1839,2231,1871,1827,1857,1824,1854,1885],"product_tag":[],"class_list":{"0":"post-116699","1":"product","2":"type-product","3":"status-publish","4":"has-post-thumbnail","6":"product_cat-angst-stress","8":"product_cat-bach-rescue","9":"product_cat-cavia","10":"product_cat-honden","11":"product_cat-katten","12":"product_cat-konijnen","13":"product_cat-medicijnen-supplementen","17":"product_cat-merken","18":"product_cat-overig","19":"product_cat-zenuwstelsel","21":"pa_aandoening-gedrag","22":"pa_doeldier-overig","23":"pa_fabricatieland-usa","24":"pa_merkfilter-bachrescue","25":"pa_merkgroep-nml","26":"pa_productsoort-overig","27":"pa_seo_canonical_store_id-not_found_value","28":"pa_seo_category-not_found_value","29":"pa_seo_meta_robots-not_found_value","30":"pa_toedieningswijze-spray","31":"pa_unit_pricing_base_measure-1ml","32":"pa_unit_pricing_measure-7ml","33":"pa_werkzamestof-overig","35":"first","36":"instock","37":"taxable","38":"shipping-taxable","39":"purchasable","40":"product-type-simple"},"yoast_head":"<!-- This site is optimized with the Yoast SEO plugin v27.5 - https:\/\/yoast.com\/product\/yoast-seo-wordpress\/ -->\n<title>Bach RESCUE spray 7 ml - Pharmacy4pets<\/title>\n<meta name=\"robots\" content=\"index, follow, max-snippet:-1, max-image-preview:large, max-video-preview:-1\" \/>\n<link rel=\"canonical\" href=\"https:\/\/p4p-nl.bootmine.com\/%product-slug%\/bach-rescue-spray-7-ml\" \/>\n<meta property=\"og:locale\" content=\"nl_NL\" \/>\n<meta property=\"og:type\" content=\"article\" \/>\n<meta property=\"og:title\" content=\"Bach RESCUE spray 7 ml - Pharmacy4pets\" \/>\n<meta property=\"og:description\" content=\"Bach RESCUE spray is een 100% natuurlijk product bestaande uit een combinatie van vijf verschillende Bach bloesem remedies. Er zijn 38 verschillende van deze op kruiden en bloemen gebaseerde remedies ontwikkeld door de heer Edward Bach. Elke remedie draagt op zijn eigen specifieke manier bij aan een heldere geest.\u00a0Bach RESCUE spray kan zowel door mens [&hellip;]\" \/>\n<meta property=\"og:url\" content=\"https:\/\/p4p-nl.bootmine.com\/%product-slug%\/bach-rescue-spray-7-ml\" \/>\n<meta property=\"og:site_name\" content=\"Pharmacy4pets\" \/>\n<meta property=\"article:publisher\" content=\"https:\/\/www.facebook.com\/people\/Pharmacy4petsnl\/100063484989896\/\" \/>\n<meta property=\"article:modified_time\" content=\"2026-04-14T08:01:39+00:00\" \/>\n<meta property=\"og:image\" content=\"https:\/\/p4p-nl.bootmine.com\/wp-content\/uploads\/2014\/10\/19987_1.jpg\" \/>\n\t<meta property=\"og:image:width\" content=\"224\" \/>\n\t<meta property=\"og:image:height\" content=\"317\" \/>\n\t<meta property=\"og:image:type\" content=\"image\/jpeg\" \/>\n<meta name=\"twitter:card\" content=\"summary_large_image\" \/>\n<meta name=\"twitter:label1\" content=\"Geschatte leestijd\" \/>\n\t<meta name=\"twitter:data1\" content=\"1 minuut\" \/>\n<script type=\"application\/ld+json\" class=\"yoast-schema-graph\">{\"@context\":\"https:\\\/\\\/schema.org\",\"@graph\":[{\"@type\":\"WebPage\",\"@id\":\"https:\\\/\\\/p4p-nl.bootmine.com\\\/%product-slug%\\\/bach-rescue-spray-7-ml\",\"url\":\"https:\\\/\\\/p4p-nl.bootmine.com\\\/%product-slug%\\\/bach-rescue-spray-7-ml\",\"name\":\"Bach RESCUE spray 7 ml - Pharmacy4pets\",\"isPartOf\":{\"@id\":\"http:\\\/\\\/www.pharmacy4pets.nl\\\/#website\"},\"primaryImageOfPage\":{\"@id\":\"https:\\\/\\\/p4p-nl.bootmine.com\\\/%product-slug%\\\/bach-rescue-spray-7-ml#primaryimage\"},\"image\":{\"@id\":\"https:\\\/\\\/p4p-nl.bootmine.com\\\/%product-slug%\\\/bach-rescue-spray-7-ml#primaryimage\"},\"thumbnailUrl\":\"https:\\\/\\\/www.pharmacy4pets.nl\\\/wp-content\\\/uploads\\\/2014\\\/10\\\/19987_1.jpg\",\"datePublished\":\"2014-10-29T18:02:57+00:00\",\"dateModified\":\"2026-04-14T08:01:39+00:00\",\"breadcrumb\":{\"@id\":\"https:\\\/\\\/p4p-nl.bootmine.com\\\/%product-slug%\\\/bach-rescue-spray-7-ml#breadcrumb\"},\"inLanguage\":\"nl-NL\",\"potentialAction\":[{\"@type\":\"ReadAction\",\"target\":[\"https:\\\/\\\/p4p-nl.bootmine.com\\\/%product-slug%\\\/bach-rescue-spray-7-ml\"]}]},{\"@type\":\"ImageObject\",\"inLanguage\":\"nl-NL\",\"@id\":\"https:\\\/\\\/p4p-nl.bootmine.com\\\/%product-slug%\\\/bach-rescue-spray-7-ml#primaryimage\",\"url\":\"https:\\\/\\\/www.pharmacy4pets.nl\\\/wp-content\\\/uploads\\\/2014\\\/10\\\/19987_1.jpg\",\"contentUrl\":\"https:\\\/\\\/www.pharmacy4pets.nl\\\/wp-content\\\/uploads\\\/2014\\\/10\\\/19987_1.jpg\",\"width\":224,\"height\":317,\"caption\":\"Bach RESCUE\"},{\"@type\":\"BreadcrumbList\",\"@id\":\"https:\\\/\\\/p4p-nl.bootmine.com\\\/%product-slug%\\\/bach-rescue-spray-7-ml#breadcrumb\",\"itemListElement\":[{\"@type\":\"ListItem\",\"position\":1,\"name\":\"Home\",\"item\":\"https:\\\/\\\/p4p-nl.bootmine.com\\\/\"},{\"@type\":\"ListItem\",\"position\":2,\"name\":\"Winkel\",\"item\":\"https:\\\/\\\/p4p-nl.bootmine.com\\\/winkel\"},{\"@type\":\"ListItem\",\"position\":3,\"name\":\"Bach RESCUE spray 7 ml\"}]},{\"@type\":\"WebSite\",\"@id\":\"http:\\\/\\\/www.pharmacy4pets.nl\\\/#website\",\"url\":\"http:\\\/\\\/www.pharmacy4pets.nl\\\/\",\"name\":\"Pharmacy4pets\",\"description\":\"Pharmacy4pets.nl is d\u00e9 online apotheek waar u terecht kunt voor alle diergeneesmiddelen, verzorgingsproducten en dieetvoeding voor uw huisdier.\",\"publisher\":{\"@id\":\"http:\\\/\\\/www.pharmacy4pets.nl\\\/#organization\"},\"potentialAction\":[{\"@type\":\"SearchAction\",\"target\":{\"@type\":\"EntryPoint\",\"urlTemplate\":\"http:\\\/\\\/www.pharmacy4pets.nl\\\/?s={search_term_string}\"},\"query-input\":{\"@type\":\"PropertyValueSpecification\",\"valueRequired\":true,\"valueName\":\"search_term_string\"}}],\"inLanguage\":\"nl-NL\"},{\"@type\":\"Organization\",\"@id\":\"http:\\\/\\\/www.pharmacy4pets.nl\\\/#organization\",\"name\":\"Pharmacy4pets\",\"url\":\"http:\\\/\\\/www.pharmacy4pets.nl\\\/\",\"logo\":{\"@type\":\"ImageObject\",\"inLanguage\":\"nl-NL\",\"@id\":\"http:\\\/\\\/www.pharmacy4pets.nl\\\/#\\\/schema\\\/logo\\\/image\\\/\",\"url\":\"https:\\\/\\\/p4p-nl.bootmine.com\\\/wp-content\\\/uploads\\\/2026\\\/03\\\/logo-pharmacy4pets.png\",\"contentUrl\":\"https:\\\/\\\/p4p-nl.bootmine.com\\\/wp-content\\\/uploads\\\/2026\\\/03\\\/logo-pharmacy4pets.png\",\"width\":1024,\"height\":135,\"caption\":\"Pharmacy4pets\"},\"image\":{\"@id\":\"http:\\\/\\\/www.pharmacy4pets.nl\\\/#\\\/schema\\\/logo\\\/image\\\/\"},\"sameAs\":[\"https:\\\/\\\/www.facebook.com\\\/people\\\/Pharmacy4petsnl\\\/100063484989896\\\/\",\"https:\\\/\\\/www.youtube.com\\\/channel\\\/UCGPTIgucgli03tP2_kvLkHg\\\/featured\",\"https:\\\/\\\/www.instagram.com\\\/pharmacy4pets.nl\"]}]}<\/script>\n<!-- \/ Yoast SEO plugin. -->","yoast_head_json":{"title":"Bach RESCUE spray 7 ml - Pharmacy4pets","robots":{"index":"index","follow":"follow","max-snippet":"max-snippet:-1","max-image-preview":"max-image-preview:large","max-video-preview":"max-video-preview:-1"},"canonical":"https:\/\/p4p-nl.bootmine.com\/%product-slug%\/bach-rescue-spray-7-ml","og_locale":"nl_NL","og_type":"article","og_title":"Bach RESCUE spray 7 ml - Pharmacy4pets","og_description":"Bach RESCUE spray is een 100% natuurlijk product bestaande uit een combinatie van vijf verschillende Bach bloesem remedies. Er zijn 38 verschillende van deze op kruiden en bloemen gebaseerde remedies ontwikkeld door de heer Edward Bach. Elke remedie draagt op zijn eigen specifieke manier bij aan een heldere geest.\u00a0Bach RESCUE spray kan zowel door mens [&hellip;]","og_url":"https:\/\/p4p-nl.bootmine.com\/%product-slug%\/bach-rescue-spray-7-ml","og_site_name":"Pharmacy4pets","article_publisher":"https:\/\/www.facebook.com\/people\/Pharmacy4petsnl\/100063484989896\/","article_modified_time":"2026-04-14T08:01:39+00:00","og_image":[{"width":224,"height":317,"url":"https:\/\/p4p-nl.bootmine.com\/wp-content\/uploads\/2014\/10\/19987_1.jpg","type":"image\/jpeg"}],"twitter_card":"summary_large_image","twitter_misc":{"Geschatte leestijd":"1 minuut"},"schema":{"@context":"https:\/\/schema.org","@graph":[{"@type":"WebPage","@id":"https:\/\/p4p-nl.bootmine.com\/%product-slug%\/bach-rescue-spray-7-ml","url":"https:\/\/p4p-nl.bootmine.com\/%product-slug%\/bach-rescue-spray-7-ml","name":"Bach RESCUE spray 7 ml - Pharmacy4pets","isPartOf":{"@id":"http:\/\/www.pharmacy4pets.nl\/#website"},"primaryImageOfPage":{"@id":"https:\/\/p4p-nl.bootmine.com\/%product-slug%\/bach-rescue-spray-7-ml#primaryimage"},"image":{"@id":"https:\/\/p4p-nl.bootmine.com\/%product-slug%\/bach-rescue-spray-7-ml#primaryimage"},"thumbnailUrl":"https:\/\/www.pharmacy4pets.nl\/wp-content\/uploads\/2014\/10\/19987_1.jpg","datePublished":"2014-10-29T18:02:57+00:00","dateModified":"2026-04-14T08:01:39+00:00","breadcrumb":{"@id":"https:\/\/p4p-nl.bootmine.com\/%product-slug%\/bach-rescue-spray-7-ml#breadcrumb"},"inLanguage":"nl-NL","potentialAction":[{"@type":"ReadAction","target":["https:\/\/p4p-nl.bootmine.com\/%product-slug%\/bach-rescue-spray-7-ml"]}]},{"@type":"ImageObject","inLanguage":"nl-NL","@id":"https:\/\/p4p-nl.bootmine.com\/%product-slug%\/bach-rescue-spray-7-ml#primaryimage","url":"https:\/\/www.pharmacy4pets.nl\/wp-content\/uploads\/2014\/10\/19987_1.jpg","contentUrl":"https:\/\/www.pharmacy4pets.nl\/wp-content\/uploads\/2014\/10\/19987_1.jpg","width":224,"height":317,"caption":"Bach RESCUE"},{"@type":"BreadcrumbList","@id":"https:\/\/p4p-nl.bootmine.com\/%product-slug%\/bach-rescue-spray-7-ml#breadcrumb","itemListElement":[{"@type":"ListItem","position":1,"name":"Home","item":"https:\/\/p4p-nl.bootmine.com\/"},{"@type":"ListItem","position":2,"name":"Winkel","item":"https:\/\/p4p-nl.bootmine.com\/winkel"},{"@type":"ListItem","position":3,"name":"Bach RESCUE spray 7 ml"}]},{"@type":"WebSite","@id":"http:\/\/www.pharmacy4pets.nl\/#website","url":"http:\/\/www.pharmacy4pets.nl\/","name":"Pharmacy4pets","description":"Pharmacy4pets.nl is d\u00e9 online apotheek waar u terecht kunt voor alle diergeneesmiddelen, verzorgingsproducten en dieetvoeding voor uw huisdier.","publisher":{"@id":"http:\/\/www.pharmacy4pets.nl\/#organization"},"potentialAction":[{"@type":"SearchAction","target":{"@type":"EntryPoint","urlTemplate":"http:\/\/www.pharmacy4pets.nl\/?s={search_term_string}"},"query-input":{"@type":"PropertyValueSpecification","valueRequired":true,"valueName":"search_term_string"}}],"inLanguage":"nl-NL"},{"@type":"Organization","@id":"http:\/\/www.pharmacy4pets.nl\/#organization","name":"Pharmacy4pets","url":"http:\/\/www.pharmacy4pets.nl\/","logo":{"@type":"ImageObject","inLanguage":"nl-NL","@id":"http:\/\/www.pharmacy4pets.nl\/#\/schema\/logo\/image\/","url":"https:\/\/p4p-nl.bootmine.com\/wp-content\/uploads\/2026\/03\/logo-pharmacy4pets.png","contentUrl":"https:\/\/p4p-nl.bootmine.com\/wp-content\/uploads\/2026\/03\/logo-pharmacy4pets.png","width":1024,"height":135,"caption":"Pharmacy4pets"},"image":{"@id":"http:\/\/www.pharmacy4pets.nl\/#\/schema\/logo\/image\/"},"sameAs":["https:\/\/www.facebook.com\/people\/Pharmacy4petsnl\/100063484989896\/","https:\/\/www.youtube.com\/channel\/UCGPTIgucgli03tP2_kvLkHg\/featured","https:\/\/www.instagram.com\/pharmacy4pets.nl"]}]}},"market_data":{"nl":{"price":0,"sale_price":0,"active":false,"url":null,"parent_url":"","tax_rate":0,"price_inc_tax":0,"sale_price_inc_tax":0},"de":{"price":0,"sale_price":0,"active":false,"url":null,"parent_url":"","tax_rate":0,"price_inc_tax":0,"sale_price_inc_tax":0},"be":{"price":0,"sale_price":0,"active":false,"url":null,"parent_url":"","tax_rate":0,"price_inc_tax":0,"sale_price_inc_tax":0},"fr":{"price":0,"sale_price":0,"active":false,"url":null,"parent_url":"","tax_rate":0,"price_inc_tax":0,"sale_price_inc_tax":0},"ch":{"price":0,"sale_price":0,"active":false,"url":null,"parent_url":"","tax_rate":0,"price_inc_tax":0,"sale_price_inc_tax":0},"at":{"price":0,"sale_price":0,"active":false,"url":null,"parent_url":"","tax_rate":0,"price_inc_tax":0,"sale_price_inc_tax":0},"es":{"price":0,"sale_price":0,"active":false,"url":null,"parent_url":"","tax_rate":0,"price_inc_tax":0,"sale_price_inc_tax":0},"dk":{"price":0,"sale_price":0,"active":false,"url":null,"parent_url":"","tax_rate":0,"price_inc_tax":0,"sale_price_inc_tax":0},"com":{"price":0,"sale_price":0,"active":false,"url":null,"parent_url":"","tax_rate":0,"price_inc_tax":0,"sale_price_inc_tax":0}},"market_nl_price":0,"market_nl_sale_price":0,"market_nl_active":false,"market_nl_url":null,"market_nl_parent_url":"","market_nl_tax_rate":0,"market_nl_price_inc_tax":0,"market_nl_sale_price_inc_tax":0,"market_de_price":0,"market_de_sale_price":0,"market_de_active":false,"market_de_url":null,"market_de_parent_url":"","market_de_tax_rate":0,"market_de_price_inc_tax":0,"market_de_sale_price_inc_tax":0,"market_be_price":0,"market_be_sale_price":0,"market_be_active":false,"market_be_url":null,"market_be_parent_url":"","market_be_tax_rate":0,"market_be_price_inc_tax":0,"market_be_sale_price_inc_tax":0,"market_fr_price":0,"market_fr_sale_price":0,"market_fr_active":false,"market_fr_url":null,"market_fr_parent_url":"","market_fr_tax_rate":0,"market_fr_price_inc_tax":0,"market_fr_sale_price_inc_tax":0,"market_ch_price":0,"market_ch_sale_price":0,"market_ch_active":false,"market_ch_url":null,"market_ch_parent_url":"","market_ch_tax_rate":0,"market_ch_price_inc_tax":0,"market_ch_sale_price_inc_tax":0,"market_at_price":0,"market_at_sale_price":0,"market_at_active":false,"market_at_url":null,"market_at_parent_url":"","market_at_tax_rate":0,"market_at_price_inc_tax":0,"market_at_sale_price_inc_tax":0,"market_es_price":0,"market_es_sale_price":0,"market_es_active":false,"market_es_url":null,"market_es_parent_url":"","market_es_tax_rate":0,"market_es_price_inc_tax":0,"market_es_sale_price_inc_tax":0,"market_dk_price":0,"market_dk_sale_price":0,"market_dk_active":false,"market_dk_url":null,"market_dk_parent_url":"","market_dk_tax_rate":0,"market_dk_price_inc_tax":0,"market_dk_sale_price_inc_tax":0,"market_com_price":0,"market_com_sale_price":0,"market_com_active":false,"market_com_url":null,"market_com_parent_url":"","market_com_tax_rate":0,"market_com_price_inc_tax":0,"market_com_sale_price_inc_tax":0,"acf":[],"_links":{"self":[{"href":"https:\/\/www.pharmacy4pets.nl\/be\/wp-json\/wp\/v2\/product\/116699","targetHints":{"allow":["GET"]}}],"collection":[{"href":"https:\/\/www.pharmacy4pets.nl\/be\/wp-json\/wp\/v2\/product"}],"about":[{"href":"https:\/\/www.pharmacy4pets.nl\/be\/wp-json\/wp\/v2\/types\/product"}],"replies":[{"embeddable":true,"href":"https:\/\/www.pharmacy4pets.nl\/be\/wp-json\/wp\/v2\/comments?post=116699"}],"wp:featuredmedia":[{"embeddable":true,"href":"https:\/\/www.pharmacy4pets.nl\/be\/wp-json\/wp\/v2\/media\/116698"}],"wp:attachment":[{"href":"https:\/\/www.pharmacy4pets.nl\/be\/wp-json\/wp\/v2\/media?parent=116699"}],"wp:term":[{"taxonomy":"product_brand","embeddable":true,"href":"https:\/\/www.pharmacy4pets.nl\/be\/wp-json\/wp\/v2\/product_brand?post=116699"},{"taxonomy":"product_cat","embeddable":true,"href":"https:\/\/www.pharmacy4pets.nl\/be\/wp-json\/wp\/v2\/product_cat?post=116699"},{"taxonomy":"product_tag","embeddable":true,"href":"https:\/\/www.pharmacy4pets.nl\/be\/wp-json\/wp\/v2\/product_tag?post=116699"}],"curies":[{"name":"wp","href":"https:\/\/api.w.org\/{rel}","templated":true}]}}