{"id":116689,"date":"2014-10-22T10:42:02","date_gmt":"2014-10-22T10:42:02","guid":{"rendered":"https:\/\/p4p.test\/flexadin-advanced-30-kauwtabletten"},"modified":"2026-04-14T08:01:39","modified_gmt":"2026-04-14T08:01:39","slug":"flexadin-advanced-30-kauwtabletten","status":"publish","type":"product","link":"https:\/\/www.pharmacy4pets.nl\/be\/flexadin-advanced-30-kauwtabletten","title":{"rendered":"Flexadin Advanced 30 kauwbrokjes (met Boswellia Serrata)"},"content":{"rendered":"<p style=\"text-align: justify;\">Flexadin Advanced is een compleet voedingssupplement ter ondersteuning van de gewrichten van honden. Deze zeer smakelijke, zachte kauwbrokjes kunt u gewoon als traktatie aan uw hond geven. E&eacute;n kauwbrokje (onafhankelijk van de grootte van uw hond) is reeds voldoende voor gezonde gewrichten!<\/p>\n<p>Flexadin Advanced bevat:<\/p>\n<ul style=\"text-align: justify;\">\n<li><span style=\"text-decoration: underline;\">Collageen type II<\/span>: dit zorgt voor een aanpassing van het afweersysteem, waardoor de reactie in het gewricht geremd wordt.<\/li>\n<li><span style=\"text-decoration: underline;\">Omega-3 vetzuren<\/span>: wetenschappelijk bewezen werking ter ondersteuning van osteoartritis bij honden.<\/li>\n<li><span style=\"text-decoration: underline;\">Vitamine E<\/span>: antioxidant die de afbraak van kraakbeen helpt te voorkomen.<\/li>\n<li><span style=\"text-decoration: underline;\">Boswellia Serrata<\/span><\/li>\n<\/ul>\n","protected":false},"excerpt":{"rendered":"<p>Flexadin Advanced is een compleet voedingssupplement ter ondersteuning van de gewrichten van honden. Deze zeer smakelijke, zachte kauwbrokjes kunt u gewoon als traktatie aan uw hond geven. E&eacute;n kauwbrokje (onafhankelijk van de grootte van uw hond) is reeds voldoende voor gezonde gewrichten! Flexadin Advanced bevat: Collageen type II: dit zorgt voor een aanpassing van het [&hellip;]<\/p>\n","protected":false},"featured_media":116684,"comment_status":"open","ping_status":"closed","template":"","meta":{"_acf_changed":false,"_nl_post_content":"<p style=\"text-align: justify;\">Flexadin Advanced is een compleet voedingssupplement ter ondersteuning van de gewrichten van honden. Deze zeer smakelijke, zachte kauwbrokjes kunt u gewoon als traktatie aan uw hond geven. E&eacute;n kauwbrokje (onafhankelijk van de grootte van uw hond) is reeds voldoende voor gezonde gewrichten!<br \/><br \/>Flexadin Advanced bevat:<\/p>\r\n<ul style=\"text-align: justify;\">\r\n<li><span style=\"text-decoration: underline;\">Collageen type II<\/span>: dit zorgt voor een aanpassing van het afweersysteem, waardoor de reactie in het gewricht geremd wordt.<\/li>\r\n<li><span style=\"text-decoration: underline;\">Omega-3 vetzuren<\/span>: wetenschappelijk bewezen werking ter ondersteuning van osteoartritis bij honden.<\/li>\r\n<li><span style=\"text-decoration: underline;\">Vitamine E<\/span>: antioxidant die de afbraak van kraakbeen helpt te voorkomen.<\/li>\r\n<li><span style=\"text-decoration: underline;\">Boswellia Serrata<\/span><\/li>\r\n<\/ul>","_nl_post_name":"flexadin-advanced-30-kauwtabletten","_nl_post_excerpt":"","_nl_post_title":"Flexadin Advanced 30 kauwbrokjes (met Boswellia Serrata)","_en_post_content":"<p>Flexadin Advanced is a complete nutritional supplement to support the joints of dogs. This very tasty, soft biscuits you can simply give to your dog as a treat. One piece&nbsp;(regardless of the size of your dog) is already sufficient for healthy joints! <br \/><br \/>Flexadin Advanced includes:<\/p>\r\n<ul>\r\n<li><span style=\"text-decoration: underline;\">Collagen Type II<\/span>: this allows for an adjustment of the immune system, so the reaction is inhibited in the joint.<\/li>\r\n<li><span style=\"text-decoration: underline;\">Omega-3 fatty acids<\/span>: scientifically proven to support osteoarthritis in dogs.<\/li>\r\n<li><span style=\"text-decoration: underline;\">Vitamin E<\/span>: antioxidant that the degradation of cartilage helps to prevent.<\/li>\r\n<li><span style=\"text-decoration: underline;\">Boswellia Serrata<\/span><\/li>\r\n<\/ul>\r\n","_en_post_name":"flexadin-advanced-30-chews","_en_post_excerpt":"","_en_post_title":"Flexadin Advanced 30 chew biscuits (with Boswellia Serrata)","_de_post_content":"<p style=\"text-align: justify;\">Flexadin Advanced ist eine komplette Nahrungserg&auml;nzungsmittel um die Gelenke der Hunde zu unterst&uuml;tzen. Diese sehr leckere, zarte Kaubrocken k&ouml;nnen Sie einfach als Belohnung zu Ihren Hund geben. 1 St&uuml;ck&nbsp;&nbsp;(unabh&auml;ngig von der Gr&ouml;&szlig;e Ihres Hundes) ist ausreichend f&uuml;r gesunde Gelenke!<\/p>\r\n<p>Flexadin Advanced enth&auml;lt:<\/p>\r\n<ul>\r\n<li><span style=\"text-decoration: underline;\">Kollagen Typ II<\/span>: dies erm&ouml;glicht eine Anpassung des Immunsystems, so dass die Reaktion in das Gelenk gehemmt wird.<\/li>\r\n<li><span style=\"text-decoration: underline;\">Omega-3-Fetts&auml;uren<\/span>: wissenschaftlich bewiesen um Arthrose bei Hunden zu unterst&uuml;tzen.<\/li>\r\n<li><span style=\"text-decoration: underline;\">Vitamin E<\/span>: Antioxidans dass der Abbau von Knorpel hilft zu verhindern.<\/li>\r\n<li><span style=\"text-decoration: underline;\">Boswellia Serrata<\/span><\/li>\r\n<\/ul>","_de_post_name":"flexadin-advanced-30-kaubrocken","_de_post_excerpt":"","_de_post_title":"Flexadin Advanced 30 Kaubrocken (mit Boswellia Serrata)","_fr_post_content":"<p>Flexidan Advances est un compl&eacute;ment alimentaire complet soutenant les articulations des chiens. Ces bouch&eacute;s tr&egrave;s app&eacute;tissantes et tendres peuvent &ecirc;tre utilis&eacute;es en tant que r&eacute;compense pour votre chien. Une bouch&eacute; (d&eacute;pendant de la taille de votre chien) suffit pour des articulations saines ! &nbsp;<br \/><br \/>Flexadin Advances contient :<br \/><br \/><\/p>\r\n<ul>\r\n<li>&nbsp;&nbsp;&nbsp; Collag&egrave;ne type II : cela permet un ajustement du syst&egrave;me immunitaire, ce qui fait que la r&eacute;action dans les articulations est frein&eacute;e. &nbsp;<\/li>\r\n<li>&nbsp;&nbsp;&nbsp; Om&eacute;ga 3, acides gras : effet prouv&eacute; scientifiquement du soutien de l&rsquo;arthrose chez les chiens. &nbsp;<\/li>\r\n<li>&nbsp;&nbsp;&nbsp; Vitamine E : antioxydant qui aide &agrave; pr&eacute;venir la d&eacute;gradation du cartilage<\/li>\r\n<li>&nbsp;&nbsp;&nbsp; Boswellia Serrata<\/li>\r\n<\/ul>","_fr_post_name":"flexadin-advanced-30-bouches-a-croquer","_fr_post_excerpt":"","_fr_post_title":"Flexadin Advanced 30 bouch\u00e9s \u00e0 m\u00e2cher (avec Boswellia Serrata)","_es_post_content":"<p>Flexadin Advanced es un alimento complementario diet&eacute;tico que ayuda al metabolismo de las articulaciones de perros. Estos cromprimidos masticables y muy sabrosos se pueden dar f&aacute;cilmente como premio. &iexcl;Un comprimido palatable al d&iacute;a, independientemente del peso de su perro, es suficiente para las articulaciones sanas!<br \/><br \/>La composici&oacute;n de Flexadin Advanced:<br \/>-<span style=\"text-decoration: underline;\">Col&aacute;geno tipo-II<\/span>: asegura un cambio del sistema inmunol&oacute;gico lo que frena la reacci&oacute;n en la articulaci&oacute;n.<br \/>-<span style=\"text-decoration: underline;\">&Aacute;cidos grasos omega-3:<\/span> cient&iacute;ficamente probado para manejar la osteoartritis en perros.<br \/>-<span style=\"text-decoration: underline;\">Vitamina E:<\/span> antioxidante que ayuda a prevenir la degradaci&oacute;n del cart&iacute;lago articular.<br \/>- <span style=\"text-decoration: underline;\">Boswelia Serrata<\/span><\/p>","_es_post_name":"flexadin-advanced-30-comprimidos","_es_post_excerpt":"","_es_post_title":"Flexadin Advanced 30 pastillas (con Boswellia Serrata)","edit_language":"nl"},"product_brand":[],"product_cat":[1972,1925,1843,1117,1839,1857],"product_tag":[],"class_list":{"0":"post-116689","1":"product","2":"type-product","3":"status-publish","4":"has-post-thumbnail","6":"product_cat-artrose","7":"product_cat-flexadin","8":"product_cat-gewrichten","9":"product_cat-honden","10":"product_cat-medicijnen-supplementen","11":"product_cat-merken","12":"pa_aandoening-gewrichten","13":"pa_doeldier-hond","14":"pa_fabricatieland-frankrijk","15":"pa_merkfilter-flexadin","16":"pa_merkgroep-vetoquinol","17":"pa_productsoort-voedingssupplement","18":"pa_seo_canonical_store_id-not_found_value","19":"pa_seo_category-not_found_value","20":"pa_seo_meta_robots-not_found_value","21":"pa_toedieningswijze-kauwbrokjes","22":"pa_unit_pricing_base_measure-1ct","23":"pa_unit_pricing_measure-30ct","24":"pa_werkzamestof-overig","26":"first","27":"instock","28":"taxable","29":"shipping-taxable","30":"purchasable","31":"product-type-simple"},"yoast_head":"<!-- This site is optimized with the Yoast SEO plugin v27.5 - https:\/\/yoast.com\/product\/yoast-seo-wordpress\/ -->\n<title>Flexadin Advanced 30 kauwbrokjes (met Boswellia Serrata) | Pharmacy4pets<\/title>\n<meta name=\"robots\" content=\"index, follow, max-snippet:-1, max-image-preview:large, max-video-preview:-1\" \/>\n<link rel=\"canonical\" href=\"https:\/\/www.pharmacy4pets.nl\/flexadin-advanced-30-kauwtabletten\" \/>\n<meta property=\"og:locale\" content=\"nl_NL\" \/>\n<meta property=\"og:type\" content=\"article\" \/>\n<meta property=\"og:title\" content=\"Flexadin Advanced 30 kauwbrokjes (met Boswellia Serrata) | Pharmacy4pets\" \/>\n<meta property=\"og:description\" content=\"Flexadin Advanced is een compleet voedingssupplement ter ondersteuning van de gewrichten van honden. Deze zeer smakelijke, zachte kauwbrokjes kunt u gewoon als traktatie aan uw hond geven. E&eacute;n kauwbrokje (onafhankelijk van de grootte van uw hond) is reeds voldoende voor gezonde gewrichten! Flexadin Advanced bevat: Collageen type II: dit zorgt voor een aanpassing van het [&hellip;]\" \/>\n<meta property=\"og:url\" content=\"https:\/\/www.pharmacy4pets.nl\/flexadin-advanced-30-kauwtabletten\" \/>\n<meta property=\"og:site_name\" content=\"Pharmacy4pets\" \/>\n<meta property=\"article:publisher\" content=\"https:\/\/www.facebook.com\/people\/Pharmacy4petsnl\/100063484989896\/\" \/>\n<meta property=\"article:modified_time\" content=\"2026-04-14T08:01:39+00:00\" \/>\n<meta property=\"og:image\" content=\"https:\/\/www.pharmacy4pets.nl\/wp-content\/uploads\/2014\/10\/24609.jpg\" \/>\n\t<meta property=\"og:image:width\" content=\"600\" \/>\n\t<meta property=\"og:image:height\" content=\"455\" \/>\n\t<meta property=\"og:image:type\" content=\"image\/jpeg\" \/>\n<meta name=\"twitter:card\" content=\"summary_large_image\" \/>\n<script type=\"application\/ld+json\" class=\"yoast-schema-graph\">{\"@context\":\"https:\\\/\\\/schema.org\",\"@graph\":[{\"@type\":\"WebPage\",\"@id\":\"https:\\\/\\\/www.pharmacy4pets.nl\\\/flexadin-advanced-30-kauwtabletten\",\"url\":\"https:\\\/\\\/www.pharmacy4pets.nl\\\/flexadin-advanced-30-kauwtabletten\",\"name\":\"Flexadin Advanced 30 kauwbrokjes (met Boswellia Serrata) | Pharmacy4pets\",\"isPartOf\":{\"@id\":\"https:\\\/\\\/www.pharmacy4pets.nl\\\/be\\\/#website\"},\"primaryImageOfPage\":{\"@id\":\"https:\\\/\\\/www.pharmacy4pets.nl\\\/flexadin-advanced-30-kauwtabletten#primaryimage\"},\"image\":{\"@id\":\"https:\\\/\\\/www.pharmacy4pets.nl\\\/flexadin-advanced-30-kauwtabletten#primaryimage\"},\"thumbnailUrl\":\"https:\\\/\\\/www.pharmacy4pets.nl\\\/wp-content\\\/uploads\\\/2014\\\/10\\\/24609.jpg\",\"datePublished\":\"2014-10-22T10:42:02+00:00\",\"dateModified\":\"2026-04-14T08:01:39+00:00\",\"breadcrumb\":{\"@id\":\"https:\\\/\\\/www.pharmacy4pets.nl\\\/flexadin-advanced-30-kauwtabletten#breadcrumb\"},\"inLanguage\":\"nl-NL\",\"potentialAction\":[{\"@type\":\"ReadAction\",\"target\":[\"https:\\\/\\\/www.pharmacy4pets.nl\\\/flexadin-advanced-30-kauwtabletten\"]}]},{\"@type\":\"ImageObject\",\"inLanguage\":\"nl-NL\",\"@id\":\"https:\\\/\\\/www.pharmacy4pets.nl\\\/flexadin-advanced-30-kauwtabletten#primaryimage\",\"url\":\"https:\\\/\\\/www.pharmacy4pets.nl\\\/wp-content\\\/uploads\\\/2014\\\/10\\\/24609.jpg\",\"contentUrl\":\"https:\\\/\\\/www.pharmacy4pets.nl\\\/wp-content\\\/uploads\\\/2014\\\/10\\\/24609.jpg\",\"width\":600,\"height\":455,\"caption\":\"Flexadin\"},{\"@type\":\"BreadcrumbList\",\"@id\":\"https:\\\/\\\/www.pharmacy4pets.nl\\\/flexadin-advanced-30-kauwtabletten#breadcrumb\",\"itemListElement\":[{\"@type\":\"ListItem\",\"position\":1,\"name\":\"Home\",\"item\":\"https:\\\/\\\/p4p-nl.bootmine.com\\\/\"},{\"@type\":\"ListItem\",\"position\":2,\"name\":\"Winkel\",\"item\":\"https:\\\/\\\/www.pharmacy4pets.nl\\\/be\\\/winkel\"},{\"@type\":\"ListItem\",\"position\":3,\"name\":\"Flexadin Advanced 30 kauwbrokjes (met Boswellia Serrata)\"}]},{\"@type\":\"WebSite\",\"@id\":\"https:\\\/\\\/www.pharmacy4pets.nl\\\/be\\\/#website\",\"url\":\"https:\\\/\\\/www.pharmacy4pets.nl\\\/be\\\/\",\"name\":\"Pharmacy4pets\",\"description\":\"Pharmacy4pets.nl is d\u00e9 online apotheek waar u terecht kunt voor alle diergeneesmiddelen, verzorgingsproducten en dieetvoeding voor uw huisdier.\",\"publisher\":{\"@id\":\"https:\\\/\\\/www.pharmacy4pets.nl\\\/be\\\/#organization\"},\"potentialAction\":[{\"@type\":\"SearchAction\",\"target\":{\"@type\":\"EntryPoint\",\"urlTemplate\":\"https:\\\/\\\/www.pharmacy4pets.nl\\\/be\\\/?s={search_term_string}\"},\"query-input\":{\"@type\":\"PropertyValueSpecification\",\"valueRequired\":true,\"valueName\":\"search_term_string\"}}],\"inLanguage\":\"nl-NL\"},{\"@type\":\"Organization\",\"@id\":\"https:\\\/\\\/www.pharmacy4pets.nl\\\/be\\\/#organization\",\"name\":\"Pharmacy4pets\",\"url\":\"https:\\\/\\\/www.pharmacy4pets.nl\\\/be\\\/\",\"logo\":{\"@type\":\"ImageObject\",\"inLanguage\":\"nl-NL\",\"@id\":\"https:\\\/\\\/www.pharmacy4pets.nl\\\/be\\\/#\\\/schema\\\/logo\\\/image\\\/\",\"url\":\"https:\\\/\\\/p4p-nl.bootmine.com\\\/wp-content\\\/uploads\\\/2026\\\/03\\\/logo-pharmacy4pets.png\",\"contentUrl\":\"https:\\\/\\\/p4p-nl.bootmine.com\\\/wp-content\\\/uploads\\\/2026\\\/03\\\/logo-pharmacy4pets.png\",\"width\":1024,\"height\":135,\"caption\":\"Pharmacy4pets\"},\"image\":{\"@id\":\"https:\\\/\\\/www.pharmacy4pets.nl\\\/be\\\/#\\\/schema\\\/logo\\\/image\\\/\"},\"sameAs\":[\"https:\\\/\\\/www.facebook.com\\\/people\\\/Pharmacy4petsnl\\\/100063484989896\\\/\",\"https:\\\/\\\/www.youtube.com\\\/channel\\\/UCGPTIgucgli03tP2_kvLkHg\\\/featured\",\"https:\\\/\\\/www.instagram.com\\\/pharmacy4pets.nl\"]}]}<\/script>\n<!-- \/ Yoast SEO plugin. -->","yoast_head_json":{"title":"Flexadin Advanced 30 kauwbrokjes (met Boswellia Serrata) | Pharmacy4pets","robots":{"index":"index","follow":"follow","max-snippet":"max-snippet:-1","max-image-preview":"max-image-preview:large","max-video-preview":"max-video-preview:-1"},"canonical":"https:\/\/www.pharmacy4pets.nl\/flexadin-advanced-30-kauwtabletten","og_locale":"nl_NL","og_type":"article","og_title":"Flexadin Advanced 30 kauwbrokjes (met Boswellia Serrata) | Pharmacy4pets","og_description":"Flexadin Advanced is een compleet voedingssupplement ter ondersteuning van de gewrichten van honden. Deze zeer smakelijke, zachte kauwbrokjes kunt u gewoon als traktatie aan uw hond geven. E&eacute;n kauwbrokje (onafhankelijk van de grootte van uw hond) is reeds voldoende voor gezonde gewrichten! Flexadin Advanced bevat: Collageen type II: dit zorgt voor een aanpassing van het [&hellip;]","og_url":"https:\/\/www.pharmacy4pets.nl\/flexadin-advanced-30-kauwtabletten","og_site_name":"Pharmacy4pets","article_publisher":"https:\/\/www.facebook.com\/people\/Pharmacy4petsnl\/100063484989896\/","article_modified_time":"2026-04-14T08:01:39+00:00","og_image":[{"width":600,"height":455,"url":"https:\/\/www.pharmacy4pets.nl\/wp-content\/uploads\/2014\/10\/24609.jpg","type":"image\/jpeg"}],"twitter_card":"summary_large_image","schema":{"@context":"https:\/\/schema.org","@graph":[{"@type":"WebPage","@id":"https:\/\/www.pharmacy4pets.nl\/flexadin-advanced-30-kauwtabletten","url":"https:\/\/www.pharmacy4pets.nl\/flexadin-advanced-30-kauwtabletten","name":"Flexadin Advanced 30 kauwbrokjes (met Boswellia Serrata) | Pharmacy4pets","isPartOf":{"@id":"https:\/\/www.pharmacy4pets.nl\/be\/#website"},"primaryImageOfPage":{"@id":"https:\/\/www.pharmacy4pets.nl\/flexadin-advanced-30-kauwtabletten#primaryimage"},"image":{"@id":"https:\/\/www.pharmacy4pets.nl\/flexadin-advanced-30-kauwtabletten#primaryimage"},"thumbnailUrl":"https:\/\/www.pharmacy4pets.nl\/wp-content\/uploads\/2014\/10\/24609.jpg","datePublished":"2014-10-22T10:42:02+00:00","dateModified":"2026-04-14T08:01:39+00:00","breadcrumb":{"@id":"https:\/\/www.pharmacy4pets.nl\/flexadin-advanced-30-kauwtabletten#breadcrumb"},"inLanguage":"nl-NL","potentialAction":[{"@type":"ReadAction","target":["https:\/\/www.pharmacy4pets.nl\/flexadin-advanced-30-kauwtabletten"]}]},{"@type":"ImageObject","inLanguage":"nl-NL","@id":"https:\/\/www.pharmacy4pets.nl\/flexadin-advanced-30-kauwtabletten#primaryimage","url":"https:\/\/www.pharmacy4pets.nl\/wp-content\/uploads\/2014\/10\/24609.jpg","contentUrl":"https:\/\/www.pharmacy4pets.nl\/wp-content\/uploads\/2014\/10\/24609.jpg","width":600,"height":455,"caption":"Flexadin"},{"@type":"BreadcrumbList","@id":"https:\/\/www.pharmacy4pets.nl\/flexadin-advanced-30-kauwtabletten#breadcrumb","itemListElement":[{"@type":"ListItem","position":1,"name":"Home","item":"https:\/\/p4p-nl.bootmine.com\/"},{"@type":"ListItem","position":2,"name":"Winkel","item":"https:\/\/www.pharmacy4pets.nl\/be\/winkel"},{"@type":"ListItem","position":3,"name":"Flexadin Advanced 30 kauwbrokjes (met Boswellia Serrata)"}]},{"@type":"WebSite","@id":"https:\/\/www.pharmacy4pets.nl\/be\/#website","url":"https:\/\/www.pharmacy4pets.nl\/be\/","name":"Pharmacy4pets","description":"Pharmacy4pets.nl is d\u00e9 online apotheek waar u terecht kunt voor alle diergeneesmiddelen, verzorgingsproducten en dieetvoeding voor uw huisdier.","publisher":{"@id":"https:\/\/www.pharmacy4pets.nl\/be\/#organization"},"potentialAction":[{"@type":"SearchAction","target":{"@type":"EntryPoint","urlTemplate":"https:\/\/www.pharmacy4pets.nl\/be\/?s={search_term_string}"},"query-input":{"@type":"PropertyValueSpecification","valueRequired":true,"valueName":"search_term_string"}}],"inLanguage":"nl-NL"},{"@type":"Organization","@id":"https:\/\/www.pharmacy4pets.nl\/be\/#organization","name":"Pharmacy4pets","url":"https:\/\/www.pharmacy4pets.nl\/be\/","logo":{"@type":"ImageObject","inLanguage":"nl-NL","@id":"https:\/\/www.pharmacy4pets.nl\/be\/#\/schema\/logo\/image\/","url":"https:\/\/p4p-nl.bootmine.com\/wp-content\/uploads\/2026\/03\/logo-pharmacy4pets.png","contentUrl":"https:\/\/p4p-nl.bootmine.com\/wp-content\/uploads\/2026\/03\/logo-pharmacy4pets.png","width":1024,"height":135,"caption":"Pharmacy4pets"},"image":{"@id":"https:\/\/www.pharmacy4pets.nl\/be\/#\/schema\/logo\/image\/"},"sameAs":["https:\/\/www.facebook.com\/people\/Pharmacy4petsnl\/100063484989896\/","https:\/\/www.youtube.com\/channel\/UCGPTIgucgli03tP2_kvLkHg\/featured","https:\/\/www.instagram.com\/pharmacy4pets.nl"]}]}},"market_data":{"nl":{"price":0,"sale_price":0,"active":false,"url":"","parent_url":"","tax_rate":0,"price_inc_tax":0,"sale_price_inc_tax":0},"de":{"price":0,"sale_price":0,"active":false,"url":"","parent_url":"","tax_rate":0,"price_inc_tax":0,"sale_price_inc_tax":0},"be":{"price":0,"sale_price":0,"active":false,"url":"","parent_url":"","tax_rate":0,"price_inc_tax":0,"sale_price_inc_tax":0},"fr":{"price":0,"sale_price":0,"active":false,"url":"","parent_url":"","tax_rate":0,"price_inc_tax":0,"sale_price_inc_tax":0},"ch":{"price":0,"sale_price":0,"active":false,"url":"","parent_url":"","tax_rate":0,"price_inc_tax":0,"sale_price_inc_tax":0},"at":{"price":0,"sale_price":0,"active":false,"url":"","parent_url":"","tax_rate":0,"price_inc_tax":0,"sale_price_inc_tax":0},"es":{"price":0,"sale_price":0,"active":false,"url":"","parent_url":"","tax_rate":0,"price_inc_tax":0,"sale_price_inc_tax":0},"dk":{"price":0,"sale_price":0,"active":false,"url":"","parent_url":"","tax_rate":0,"price_inc_tax":0,"sale_price_inc_tax":0},"com":{"price":0,"sale_price":0,"active":false,"url":"","parent_url":"","tax_rate":0,"price_inc_tax":0,"sale_price_inc_tax":0}},"market_nl_price":0,"market_nl_sale_price":0,"market_nl_active":false,"market_nl_url":"","market_nl_parent_url":"","market_nl_tax_rate":0,"market_nl_price_inc_tax":0,"market_nl_sale_price_inc_tax":0,"market_de_price":0,"market_de_sale_price":0,"market_de_active":false,"market_de_url":"","market_de_parent_url":"","market_de_tax_rate":0,"market_de_price_inc_tax":0,"market_de_sale_price_inc_tax":0,"market_be_price":0,"market_be_sale_price":0,"market_be_active":false,"market_be_url":"","market_be_parent_url":"","market_be_tax_rate":0,"market_be_price_inc_tax":0,"market_be_sale_price_inc_tax":0,"market_fr_price":0,"market_fr_sale_price":0,"market_fr_active":false,"market_fr_url":"","market_fr_parent_url":"","market_fr_tax_rate":0,"market_fr_price_inc_tax":0,"market_fr_sale_price_inc_tax":0,"market_ch_price":0,"market_ch_sale_price":0,"market_ch_active":false,"market_ch_url":"","market_ch_parent_url":"","market_ch_tax_rate":0,"market_ch_price_inc_tax":0,"market_ch_sale_price_inc_tax":0,"market_at_price":0,"market_at_sale_price":0,"market_at_active":false,"market_at_url":"","market_at_parent_url":"","market_at_tax_rate":0,"market_at_price_inc_tax":0,"market_at_sale_price_inc_tax":0,"market_es_price":0,"market_es_sale_price":0,"market_es_active":false,"market_es_url":"","market_es_parent_url":"","market_es_tax_rate":0,"market_es_price_inc_tax":0,"market_es_sale_price_inc_tax":0,"market_dk_price":0,"market_dk_sale_price":0,"market_dk_active":false,"market_dk_url":"","market_dk_parent_url":"","market_dk_tax_rate":0,"market_dk_price_inc_tax":0,"market_dk_sale_price_inc_tax":0,"market_com_price":0,"market_com_sale_price":0,"market_com_active":false,"market_com_url":"","market_com_parent_url":"","market_com_tax_rate":0,"market_com_price_inc_tax":0,"market_com_sale_price_inc_tax":0,"acf":[],"_links":{"self":[{"href":"https:\/\/www.pharmacy4pets.nl\/be\/wp-json\/wp\/v2\/product\/116689","targetHints":{"allow":["GET"]}}],"collection":[{"href":"https:\/\/www.pharmacy4pets.nl\/be\/wp-json\/wp\/v2\/product"}],"about":[{"href":"https:\/\/www.pharmacy4pets.nl\/be\/wp-json\/wp\/v2\/types\/product"}],"replies":[{"embeddable":true,"href":"https:\/\/www.pharmacy4pets.nl\/be\/wp-json\/wp\/v2\/comments?post=116689"}],"wp:featuredmedia":[{"embeddable":true,"href":"https:\/\/www.pharmacy4pets.nl\/be\/wp-json\/wp\/v2\/media\/116684"}],"wp:attachment":[{"href":"https:\/\/www.pharmacy4pets.nl\/be\/wp-json\/wp\/v2\/media?parent=116689"}],"wp:term":[{"taxonomy":"product_brand","embeddable":true,"href":"https:\/\/www.pharmacy4pets.nl\/be\/wp-json\/wp\/v2\/product_brand?post=116689"},{"taxonomy":"product_cat","embeddable":true,"href":"https:\/\/www.pharmacy4pets.nl\/be\/wp-json\/wp\/v2\/product_cat?post=116689"},{"taxonomy":"product_tag","embeddable":true,"href":"https:\/\/www.pharmacy4pets.nl\/be\/wp-json\/wp\/v2\/product_tag?post=116689"}],"curies":[{"name":"wp","href":"https:\/\/api.w.org\/{rel}","templated":true}]}}