{"id":116484,"date":"2014-09-22T15:52:49","date_gmt":"2014-09-22T15:52:49","guid":{"rendered":"https:\/\/p4p.test\/o-tom-tekenhaak-3-stuks-2"},"modified":"2026-03-25T11:54:58","modified_gmt":"2026-03-25T11:54:58","slug":"o-tom-tekenhaak-3-stuks","status":"publish","type":"product","link":"https:\/\/www.pharmacy4pets.nl\/be\/o-tom-tekenhaak-3-stuks","title":{"rendered":"Tick Twister by O\u2019TOM | 3 stuks"},"content":{"rendered":"<p style=\"text-align: justify;\">De O\u2019Tom tekenhaak is een innovatieve tekentang die ook wel tick twister genoemd wordt. Deze tekenhaak is zowel geschikt voor mens als dier. Het is het meest doeltreffende instrument om alle teken, volledig en volkomen veilig te verwijderen. Deze tekenhaak plet het achterlijf van de teek niet, wat het risico op het overdragen van ziektes door de teek vermindert. De teek kan volledig, snel en pijnloos worden verwijderd, zonder dat de kop van de teek achterblijft in de huid.<\/p>\n<p>De verpakking bevat 3 tekenhaken. Door de verschillende formaten kunnen alle soorten teken, groot of klein, worden verwijderd.<\/p>\n<p>Door het materiaal van de tang is deze onbreekbaar \u00e9n herbruikbaar. Daarnaast is het kleine formaat van de tekenhaak ook erg praktisch, u neemt ze gemakkelijk mee in uw zak als u bijvoorbeeld een wandeling gaat maken!<\/p>\n","protected":false},"excerpt":{"rendered":"<p>De O\u2019Tom tekenhaak is een innovatieve tekentang die ook wel tick twister genoemd wordt. Deze tekenhaak is zowel geschikt voor mens als dier. Het is het meest doeltreffende instrument om alle teken, volledig en volkomen veilig te verwijderen. Deze tekenhaak plet het achterlijf van de teek niet, wat het risico op het overdragen van ziektes [&hellip;]<\/p>\n","protected":false},"featured_media":116477,"comment_status":"open","ping_status":"closed","template":"","meta":{"_acf_changed":false,"_nl_post_content":"<p style=\"text-align: justify;\">De O\u2019Tom tekenhaak is een innovatieve tekentang die ook wel tick twister genoemd wordt. Deze tekenhaak is zowel geschikt voor mens als dier. Het is het meest doeltreffende instrument om alle teken, volledig en volkomen veilig te verwijderen. Deze tekenhaak plet het achterlijf van de teek niet, wat het risico op het overdragen van ziektes door de teek vermindert. De teek kan volledig, snel en pijnloos worden verwijderd, zonder dat de kop van de teek achterblijft in de huid.<br \/><br \/>De verpakking bevat 3 tekenhaken. Door de verschillende formaten kunnen alle soorten teken, groot of klein, worden verwijderd.<br \/><br \/>Door het materiaal van de tang is deze onbreekbaar \u00e9n herbruikbaar. Daarnaast is het kleine formaat van de tekenhaak ook erg praktisch, u neemt ze gemakkelijk mee in uw zak als u bijvoorbeeld een wandeling gaat maken!<\/p>","_nl_post_name":"o-tom-tekenhaak-3-stuks","_nl_post_excerpt":"","_nl_post_title":"Tick Twister by O\u2019TOM | 3 stuks","_en_post_content":"<p style=\"text-align: justify;\">The O'Tom tick remover is an innovative tick remover which is also called tick twister. This tick remover is suitable for both humans and animals. It is the best way to remove all ticks completely and safely. This tick remover does not compress the tick\u2019s abdomen, reducing the risk of transmission of diseases. It enables a quick and painless tick removal without leaving the tick\u2019s mouth in the skin.<br \/><br \/>The package contains 3 tick removers. Because of the three different sizes all types of ticks, large or small ones, can be removed. Due to the material the remover is also unbreakable and reusable.<\/p>","_en_post_name":"o-tom-tick-remover-3-pieces","_en_post_excerpt":"","_en_post_title":"Tick Twister by O\u2019TOM | 3 pieces","_de_post_content":"<p style=\"text-align: justify;\">Die O'Tom Zeckenhaken ist eine innovative Zeckenzange die auch genannt ist als Tick Twister. Es erlaubt Ihnen, die Zeckenentfernung bei Mensch und Tier. Dieses ist am besten geeignet, Zecken komplett und sicher zu entfernen. Mit O'Tom wird der Bauch der Zecke nicht zerdr\u00fcckt. Dieser Haken verringert demnach das Risiko einer \u00dcbertragung von Krankheitserregern. Es erlaubt Ihnen, die Zecke schnell und schmerzlos zu entfernen.<br \/><br \/>Die Packung enth\u00e4lt 3 Zeckenhaken. Aufgrund der verschiedenen Gr\u00f6\u00dfen k\u00f6nnen alle Typen Zecken, gro\u00df oder klein, gel\u00f6scht werden. Aufgrund des Materials der Haken ist das unzerbrechlich und wiederverwendbar<\/p>","_de_post_name":"o-tom-zeckenhaken-3-stuck","_de_post_excerpt":"","_de_post_title":"Tick Twister by O\u2019TOM | 3 St\u00fcck","_fr_post_content":"<p>Le tire tiques O\u2019Tom est un tire tiques innovatif. Ce tire-tiques convient aussi bien pour les humains que les animaux. L\u2019instrument le plus efficace pour retirer toutes les tiques de mani\u00e8re s\u00fbre et compl\u00e8te. Ce tire-tiques n\u2019aplati pas la partie arri\u00e8re de la tique ce qui diminue le risque de transmission de maladies. La tique peut \u00eatre retir\u00e9e compl\u00e8tement, rapidement et sans douleurs, sans que la t\u00eate de la tique reste dans la peau. \u00a0<br \/>L\u2019emballage contient 3 tires-tiques. Gr\u00e2ce aux trois formats, toutes les sortes de tiques peuvent \u00eatre supprim\u00e9es. \u00a0<br \/><br \/>Gr\u00e2ce \u00e0 la mati\u00e8re du tire tiques, celui-ci est incassable et r\u00e9utilisable. De plus, son petit format rend le tire tiques tr\u00e8s pratique aussi pour emporter dans sa poche pendant une promenade par exemple. <br \/><br \/><\/p>","_fr_post_name":"o-tom-tire-tiques-3-pieces","_fr_post_excerpt":"","_fr_post_title":"Tick Twister by O\u2019TOM | 3 pi\u00e8ces","_es_post_content":"<p style=\"text-align: justify;\">O'Tom es una innovadora pinza para garrapatas, tambi\u00e9n conocida como 'tick twister'. Este gancho para garrapatas es adecuado tanto para humanos como para animales. Es la herramienta m\u00e1s eficaz para eliminar todas las garrapatas por completo y con total seguridad. O'Tom aplasta el abdomen de la garrapata, lo que reduce el riesgo de transmisi\u00f3n de enfermedades a trav\u00e9s de la garrapata. La garrapata se puede eliminar por completo, de forma r\u00e1pida y sin dolor, sin que la cabeza de la garrapata permanezca en la piel.<br \/><br \/>El paquete O'Tom contiene 3 ganchos para garrapatas. Debido a los tres tama\u00f1os diferentes, se pueden eliminar todo tipo de garrapata.<\/p>\n<p style=\"text-align: justify;\">El material de los pinzas para garrapatas O'Tom los hace irrompibles y reutilizables. Adem\u00e1s, el peque\u00f1o tama\u00f1o de las pinzas tambi\u00e9n es muy pr\u00e1ctico, \u00a1puedes llevarlo f\u00e1cilmente contigo en el bolsillo cuando salgas a caminar, por ejemplo!<\/p>","_es_post_name":"o-tom-pinzas-para-garrapatas-3-piezas","_es_post_excerpt":"","_es_post_title":"Tick Twister by O\u2019TOM | 3 piezas","edit_language":"nl"},"product_brand":[],"product_cat":[1117,1118,2178,1857,2067,2177,2184,2205,1869,1836,2181,1867,1834,2203],"product_tag":[],"class_list":{"0":"post-116484","1":"product","2":"type-product","3":"status-publish","4":"has-post-thumbnail","6":"product_cat-honden","7":"product_cat-katten","8":"product_cat-kitten","9":"product_cat-merken","10":"product_cat-o-tom","11":"product_cat-puppy","12":"product_cat-teken","13":"product_cat-teken-puppy","16":"product_cat-vlooien-teken-insecten","20":"pa_aandoening-teken","21":"pa_doeldier-hond","22":"pa_doeldier-kat","23":"pa_doeldier-kitten","24":"pa_doeldier-puppy","25":"pa_fabricatieland-nederland","26":"pa_merkfilter-otom","27":"pa_merkgroep-otom","28":"pa_productsoort-overig","29":"pa_seo_canonical_store_id-not_found_value","30":"pa_seo_category-not_found_value","31":"pa_seo_meta_robots-not_found_value","32":"pa_toedieningswijze-tekentang","33":"pa_unit_pricing_base_measure-1ct","34":"pa_unit_pricing_measure-3ct","35":"pa_werkzamestof-overig","37":"first","38":"instock","39":"taxable","40":"shipping-taxable","41":"purchasable","42":"product-type-simple"},"yoast_head":"<!-- This site is optimized with the Yoast SEO plugin v27.5 - https:\/\/yoast.com\/product\/yoast-seo-wordpress\/ -->\n<title>Tick Twister by O\u2019TOM | 3 stuks - Pharmacy4pets<\/title>\n<meta name=\"robots\" content=\"index, follow, max-snippet:-1, max-image-preview:large, max-video-preview:-1\" \/>\n<link rel=\"canonical\" href=\"https:\/\/p4p-nl.bootmine.com\/%product-slug%\/o-tom-tekenhaak-3-stuks\" \/>\n<meta property=\"og:locale\" content=\"nl_NL\" \/>\n<meta property=\"og:type\" content=\"article\" \/>\n<meta property=\"og:title\" content=\"Tick Twister by O\u2019TOM | 3 stuks - Pharmacy4pets\" \/>\n<meta property=\"og:description\" content=\"De O\u2019Tom tekenhaak is een innovatieve tekentang die ook wel tick twister genoemd wordt. Deze tekenhaak is zowel geschikt voor mens als dier. Het is het meest doeltreffende instrument om alle teken, volledig en volkomen veilig te verwijderen. Deze tekenhaak plet het achterlijf van de teek niet, wat het risico op het overdragen van ziektes [&hellip;]\" \/>\n<meta property=\"og:url\" content=\"https:\/\/p4p-nl.bootmine.com\/%product-slug%\/o-tom-tekenhaak-3-stuks\" \/>\n<meta property=\"og:site_name\" content=\"Pharmacy4pets\" \/>\n<meta property=\"article:publisher\" content=\"https:\/\/www.facebook.com\/people\/Pharmacy4petsnl\/100063484989896\/\" \/>\n<meta property=\"article:modified_time\" content=\"2026-03-25T11:54:58+00:00\" \/>\n<meta property=\"og:image\" content=\"https:\/\/p4p-nl.bootmine.com\/wp-content\/uploads\/2014\/09\/tick-twister-by-otom-4.jpg\" \/>\n\t<meta property=\"og:image:width\" content=\"1000\" \/>\n\t<meta property=\"og:image:height\" content=\"1000\" \/>\n\t<meta property=\"og:image:type\" content=\"image\/jpeg\" \/>\n<meta name=\"twitter:card\" content=\"summary_large_image\" \/>\n<meta name=\"twitter:label1\" content=\"Geschatte leestijd\" \/>\n\t<meta name=\"twitter:data1\" content=\"1 minuut\" \/>\n<script type=\"application\/ld+json\" class=\"yoast-schema-graph\">{\"@context\":\"https:\\\/\\\/schema.org\",\"@graph\":[{\"@type\":\"WebPage\",\"@id\":\"https:\\\/\\\/p4p-nl.bootmine.com\\\/%product-slug%\\\/o-tom-tekenhaak-3-stuks\",\"url\":\"https:\\\/\\\/p4p-nl.bootmine.com\\\/%product-slug%\\\/o-tom-tekenhaak-3-stuks\",\"name\":\"Tick Twister by O\u2019TOM | 3 stuks - Pharmacy4pets\",\"isPartOf\":{\"@id\":\"http:\\\/\\\/www.pharmacy4pets.nl\\\/#website\"},\"primaryImageOfPage\":{\"@id\":\"https:\\\/\\\/p4p-nl.bootmine.com\\\/%product-slug%\\\/o-tom-tekenhaak-3-stuks#primaryimage\"},\"image\":{\"@id\":\"https:\\\/\\\/p4p-nl.bootmine.com\\\/%product-slug%\\\/o-tom-tekenhaak-3-stuks#primaryimage\"},\"thumbnailUrl\":\"https:\\\/\\\/www.pharmacy4pets.nl\\\/wp-content\\\/uploads\\\/2014\\\/09\\\/tick-twister-by-otom-4.jpg\",\"datePublished\":\"2014-09-22T15:52:49+00:00\",\"dateModified\":\"2026-03-25T11:54:58+00:00\",\"breadcrumb\":{\"@id\":\"https:\\\/\\\/p4p-nl.bootmine.com\\\/%product-slug%\\\/o-tom-tekenhaak-3-stuks#breadcrumb\"},\"inLanguage\":\"nl-NL\",\"potentialAction\":[{\"@type\":\"ReadAction\",\"target\":[\"https:\\\/\\\/p4p-nl.bootmine.com\\\/%product-slug%\\\/o-tom-tekenhaak-3-stuks\"]}]},{\"@type\":\"ImageObject\",\"inLanguage\":\"nl-NL\",\"@id\":\"https:\\\/\\\/p4p-nl.bootmine.com\\\/%product-slug%\\\/o-tom-tekenhaak-3-stuks#primaryimage\",\"url\":\"https:\\\/\\\/www.pharmacy4pets.nl\\\/wp-content\\\/uploads\\\/2014\\\/09\\\/tick-twister-by-otom-4.jpg\",\"contentUrl\":\"https:\\\/\\\/www.pharmacy4pets.nl\\\/wp-content\\\/uploads\\\/2014\\\/09\\\/tick-twister-by-otom-4.jpg\",\"width\":1000,\"height\":1000,\"caption\":\"Tick Twister by O'TOM\"},{\"@type\":\"BreadcrumbList\",\"@id\":\"https:\\\/\\\/p4p-nl.bootmine.com\\\/%product-slug%\\\/o-tom-tekenhaak-3-stuks#breadcrumb\",\"itemListElement\":[{\"@type\":\"ListItem\",\"position\":1,\"name\":\"Home\",\"item\":\"https:\\\/\\\/p4p-nl.bootmine.com\\\/\"},{\"@type\":\"ListItem\",\"position\":2,\"name\":\"Winkel\",\"item\":\"https:\\\/\\\/p4p-nl.bootmine.com\\\/winkel\"},{\"@type\":\"ListItem\",\"position\":3,\"name\":\"Tick Twister by O\u2019TOM | 3 stuks\"}]},{\"@type\":\"WebSite\",\"@id\":\"http:\\\/\\\/www.pharmacy4pets.nl\\\/#website\",\"url\":\"http:\\\/\\\/www.pharmacy4pets.nl\\\/\",\"name\":\"Pharmacy4pets\",\"description\":\"Pharmacy4pets.nl is d\u00e9 online apotheek waar u terecht kunt voor alle diergeneesmiddelen, verzorgingsproducten en dieetvoeding voor uw huisdier.\",\"publisher\":{\"@id\":\"http:\\\/\\\/www.pharmacy4pets.nl\\\/#organization\"},\"potentialAction\":[{\"@type\":\"SearchAction\",\"target\":{\"@type\":\"EntryPoint\",\"urlTemplate\":\"http:\\\/\\\/www.pharmacy4pets.nl\\\/?s={search_term_string}\"},\"query-input\":{\"@type\":\"PropertyValueSpecification\",\"valueRequired\":true,\"valueName\":\"search_term_string\"}}],\"inLanguage\":\"nl-NL\"},{\"@type\":\"Organization\",\"@id\":\"http:\\\/\\\/www.pharmacy4pets.nl\\\/#organization\",\"name\":\"Pharmacy4pets\",\"url\":\"http:\\\/\\\/www.pharmacy4pets.nl\\\/\",\"logo\":{\"@type\":\"ImageObject\",\"inLanguage\":\"nl-NL\",\"@id\":\"http:\\\/\\\/www.pharmacy4pets.nl\\\/#\\\/schema\\\/logo\\\/image\\\/\",\"url\":\"https:\\\/\\\/p4p-nl.bootmine.com\\\/wp-content\\\/uploads\\\/2026\\\/03\\\/logo-pharmacy4pets.png\",\"contentUrl\":\"https:\\\/\\\/p4p-nl.bootmine.com\\\/wp-content\\\/uploads\\\/2026\\\/03\\\/logo-pharmacy4pets.png\",\"width\":1024,\"height\":135,\"caption\":\"Pharmacy4pets\"},\"image\":{\"@id\":\"http:\\\/\\\/www.pharmacy4pets.nl\\\/#\\\/schema\\\/logo\\\/image\\\/\"},\"sameAs\":[\"https:\\\/\\\/www.facebook.com\\\/people\\\/Pharmacy4petsnl\\\/100063484989896\\\/\",\"https:\\\/\\\/www.youtube.com\\\/channel\\\/UCGPTIgucgli03tP2_kvLkHg\\\/featured\",\"https:\\\/\\\/www.instagram.com\\\/pharmacy4pets.nl\"]}]}<\/script>\n<!-- \/ Yoast SEO plugin. -->","yoast_head_json":{"title":"Tick Twister by O\u2019TOM | 3 stuks - Pharmacy4pets","robots":{"index":"index","follow":"follow","max-snippet":"max-snippet:-1","max-image-preview":"max-image-preview:large","max-video-preview":"max-video-preview:-1"},"canonical":"https:\/\/p4p-nl.bootmine.com\/%product-slug%\/o-tom-tekenhaak-3-stuks","og_locale":"nl_NL","og_type":"article","og_title":"Tick Twister by O\u2019TOM | 3 stuks - Pharmacy4pets","og_description":"De O\u2019Tom tekenhaak is een innovatieve tekentang die ook wel tick twister genoemd wordt. Deze tekenhaak is zowel geschikt voor mens als dier. Het is het meest doeltreffende instrument om alle teken, volledig en volkomen veilig te verwijderen. Deze tekenhaak plet het achterlijf van de teek niet, wat het risico op het overdragen van ziektes [&hellip;]","og_url":"https:\/\/p4p-nl.bootmine.com\/%product-slug%\/o-tom-tekenhaak-3-stuks","og_site_name":"Pharmacy4pets","article_publisher":"https:\/\/www.facebook.com\/people\/Pharmacy4petsnl\/100063484989896\/","article_modified_time":"2026-03-25T11:54:58+00:00","og_image":[{"width":1000,"height":1000,"url":"https:\/\/p4p-nl.bootmine.com\/wp-content\/uploads\/2014\/09\/tick-twister-by-otom-4.jpg","type":"image\/jpeg"}],"twitter_card":"summary_large_image","twitter_misc":{"Geschatte leestijd":"1 minuut"},"schema":{"@context":"https:\/\/schema.org","@graph":[{"@type":"WebPage","@id":"https:\/\/p4p-nl.bootmine.com\/%product-slug%\/o-tom-tekenhaak-3-stuks","url":"https:\/\/p4p-nl.bootmine.com\/%product-slug%\/o-tom-tekenhaak-3-stuks","name":"Tick Twister by O\u2019TOM | 3 stuks - Pharmacy4pets","isPartOf":{"@id":"http:\/\/www.pharmacy4pets.nl\/#website"},"primaryImageOfPage":{"@id":"https:\/\/p4p-nl.bootmine.com\/%product-slug%\/o-tom-tekenhaak-3-stuks#primaryimage"},"image":{"@id":"https:\/\/p4p-nl.bootmine.com\/%product-slug%\/o-tom-tekenhaak-3-stuks#primaryimage"},"thumbnailUrl":"https:\/\/www.pharmacy4pets.nl\/wp-content\/uploads\/2014\/09\/tick-twister-by-otom-4.jpg","datePublished":"2014-09-22T15:52:49+00:00","dateModified":"2026-03-25T11:54:58+00:00","breadcrumb":{"@id":"https:\/\/p4p-nl.bootmine.com\/%product-slug%\/o-tom-tekenhaak-3-stuks#breadcrumb"},"inLanguage":"nl-NL","potentialAction":[{"@type":"ReadAction","target":["https:\/\/p4p-nl.bootmine.com\/%product-slug%\/o-tom-tekenhaak-3-stuks"]}]},{"@type":"ImageObject","inLanguage":"nl-NL","@id":"https:\/\/p4p-nl.bootmine.com\/%product-slug%\/o-tom-tekenhaak-3-stuks#primaryimage","url":"https:\/\/www.pharmacy4pets.nl\/wp-content\/uploads\/2014\/09\/tick-twister-by-otom-4.jpg","contentUrl":"https:\/\/www.pharmacy4pets.nl\/wp-content\/uploads\/2014\/09\/tick-twister-by-otom-4.jpg","width":1000,"height":1000,"caption":"Tick Twister by O'TOM"},{"@type":"BreadcrumbList","@id":"https:\/\/p4p-nl.bootmine.com\/%product-slug%\/o-tom-tekenhaak-3-stuks#breadcrumb","itemListElement":[{"@type":"ListItem","position":1,"name":"Home","item":"https:\/\/p4p-nl.bootmine.com\/"},{"@type":"ListItem","position":2,"name":"Winkel","item":"https:\/\/p4p-nl.bootmine.com\/winkel"},{"@type":"ListItem","position":3,"name":"Tick Twister by O\u2019TOM | 3 stuks"}]},{"@type":"WebSite","@id":"http:\/\/www.pharmacy4pets.nl\/#website","url":"http:\/\/www.pharmacy4pets.nl\/","name":"Pharmacy4pets","description":"Pharmacy4pets.nl is d\u00e9 online apotheek waar u terecht kunt voor alle diergeneesmiddelen, verzorgingsproducten en dieetvoeding voor uw huisdier.","publisher":{"@id":"http:\/\/www.pharmacy4pets.nl\/#organization"},"potentialAction":[{"@type":"SearchAction","target":{"@type":"EntryPoint","urlTemplate":"http:\/\/www.pharmacy4pets.nl\/?s={search_term_string}"},"query-input":{"@type":"PropertyValueSpecification","valueRequired":true,"valueName":"search_term_string"}}],"inLanguage":"nl-NL"},{"@type":"Organization","@id":"http:\/\/www.pharmacy4pets.nl\/#organization","name":"Pharmacy4pets","url":"http:\/\/www.pharmacy4pets.nl\/","logo":{"@type":"ImageObject","inLanguage":"nl-NL","@id":"http:\/\/www.pharmacy4pets.nl\/#\/schema\/logo\/image\/","url":"https:\/\/p4p-nl.bootmine.com\/wp-content\/uploads\/2026\/03\/logo-pharmacy4pets.png","contentUrl":"https:\/\/p4p-nl.bootmine.com\/wp-content\/uploads\/2026\/03\/logo-pharmacy4pets.png","width":1024,"height":135,"caption":"Pharmacy4pets"},"image":{"@id":"http:\/\/www.pharmacy4pets.nl\/#\/schema\/logo\/image\/"},"sameAs":["https:\/\/www.facebook.com\/people\/Pharmacy4petsnl\/100063484989896\/","https:\/\/www.youtube.com\/channel\/UCGPTIgucgli03tP2_kvLkHg\/featured","https:\/\/www.instagram.com\/pharmacy4pets.nl"]}]}},"market_data":{"nl":{"price":0,"sale_price":0,"active":false,"url":null,"parent_url":"","tax_rate":0,"price_inc_tax":0,"sale_price_inc_tax":0},"de":{"price":0,"sale_price":0,"active":false,"url":null,"parent_url":"","tax_rate":0,"price_inc_tax":0,"sale_price_inc_tax":0},"be":{"price":0,"sale_price":0,"active":false,"url":null,"parent_url":"","tax_rate":0,"price_inc_tax":0,"sale_price_inc_tax":0},"fr":{"price":0,"sale_price":0,"active":false,"url":null,"parent_url":"","tax_rate":0,"price_inc_tax":0,"sale_price_inc_tax":0},"ch":{"price":0,"sale_price":0,"active":false,"url":null,"parent_url":"","tax_rate":0,"price_inc_tax":0,"sale_price_inc_tax":0},"at":{"price":0,"sale_price":0,"active":false,"url":null,"parent_url":"","tax_rate":0,"price_inc_tax":0,"sale_price_inc_tax":0},"es":{"price":0,"sale_price":0,"active":false,"url":null,"parent_url":"","tax_rate":0,"price_inc_tax":0,"sale_price_inc_tax":0},"dk":{"price":0,"sale_price":0,"active":false,"url":null,"parent_url":"","tax_rate":0,"price_inc_tax":0,"sale_price_inc_tax":0},"com":{"price":0,"sale_price":0,"active":false,"url":null,"parent_url":"","tax_rate":0,"price_inc_tax":0,"sale_price_inc_tax":0}},"market_nl_price":0,"market_nl_sale_price":0,"market_nl_active":false,"market_nl_url":null,"market_nl_parent_url":"","market_nl_tax_rate":0,"market_nl_price_inc_tax":0,"market_nl_sale_price_inc_tax":0,"market_de_price":0,"market_de_sale_price":0,"market_de_active":false,"market_de_url":null,"market_de_parent_url":"","market_de_tax_rate":0,"market_de_price_inc_tax":0,"market_de_sale_price_inc_tax":0,"market_be_price":0,"market_be_sale_price":0,"market_be_active":false,"market_be_url":null,"market_be_parent_url":"","market_be_tax_rate":0,"market_be_price_inc_tax":0,"market_be_sale_price_inc_tax":0,"market_fr_price":0,"market_fr_sale_price":0,"market_fr_active":false,"market_fr_url":null,"market_fr_parent_url":"","market_fr_tax_rate":0,"market_fr_price_inc_tax":0,"market_fr_sale_price_inc_tax":0,"market_ch_price":0,"market_ch_sale_price":0,"market_ch_active":false,"market_ch_url":null,"market_ch_parent_url":"","market_ch_tax_rate":0,"market_ch_price_inc_tax":0,"market_ch_sale_price_inc_tax":0,"market_at_price":0,"market_at_sale_price":0,"market_at_active":false,"market_at_url":null,"market_at_parent_url":"","market_at_tax_rate":0,"market_at_price_inc_tax":0,"market_at_sale_price_inc_tax":0,"market_es_price":0,"market_es_sale_price":0,"market_es_active":false,"market_es_url":null,"market_es_parent_url":"","market_es_tax_rate":0,"market_es_price_inc_tax":0,"market_es_sale_price_inc_tax":0,"market_dk_price":0,"market_dk_sale_price":0,"market_dk_active":false,"market_dk_url":null,"market_dk_parent_url":"","market_dk_tax_rate":0,"market_dk_price_inc_tax":0,"market_dk_sale_price_inc_tax":0,"market_com_price":0,"market_com_sale_price":0,"market_com_active":false,"market_com_url":null,"market_com_parent_url":"","market_com_tax_rate":0,"market_com_price_inc_tax":0,"market_com_sale_price_inc_tax":0,"acf":[],"_links":{"self":[{"href":"https:\/\/www.pharmacy4pets.nl\/be\/wp-json\/wp\/v2\/product\/116484","targetHints":{"allow":["GET"]}}],"collection":[{"href":"https:\/\/www.pharmacy4pets.nl\/be\/wp-json\/wp\/v2\/product"}],"about":[{"href":"https:\/\/www.pharmacy4pets.nl\/be\/wp-json\/wp\/v2\/types\/product"}],"replies":[{"embeddable":true,"href":"https:\/\/www.pharmacy4pets.nl\/be\/wp-json\/wp\/v2\/comments?post=116484"}],"wp:featuredmedia":[{"embeddable":true,"href":"https:\/\/www.pharmacy4pets.nl\/be\/wp-json\/wp\/v2\/media\/116477"}],"wp:attachment":[{"href":"https:\/\/www.pharmacy4pets.nl\/be\/wp-json\/wp\/v2\/media?parent=116484"}],"wp:term":[{"taxonomy":"product_brand","embeddable":true,"href":"https:\/\/www.pharmacy4pets.nl\/be\/wp-json\/wp\/v2\/product_brand?post=116484"},{"taxonomy":"product_cat","embeddable":true,"href":"https:\/\/www.pharmacy4pets.nl\/be\/wp-json\/wp\/v2\/product_cat?post=116484"},{"taxonomy":"product_tag","embeddable":true,"href":"https:\/\/www.pharmacy4pets.nl\/be\/wp-json\/wp\/v2\/product_tag?post=116484"}],"curies":[{"name":"wp","href":"https:\/\/api.w.org\/{rel}","templated":true}]}}