{"id":116419,"date":"2014-06-16T11:20:48","date_gmt":"2014-06-16T11:20:48","guid":{"rendered":"https:\/\/p4p.test\/frontline-spot-on-kat"},"modified":"2026-03-25T11:54:53","modified_gmt":"2026-03-25T11:54:53","slug":"frontline-spot-on-kat","status":"publish","type":"product","link":"https:\/\/www.pharmacy4pets.nl\/be\/frontline-spot-on-kat","title":{"rendered":"Frontline Spot-On kat"},"content":{"rendered":"<h1 style=\"text-align: justify;\"><strong>Frontlinespot on kat<\/strong><\/h1>\n<p style=\"text-align: justify;\"><a href=\"https:\/\/www.pharmacy4pets.nl\/merken\/frontline\">Frontline<\/a> Spot On is een pipet voor <a href=\"https:\/\/www.pharmacy4pets.nl\/katten\">katten<\/a> die beschermt tegen <a href=\"https:\/\/www.pharmacy4pets.nl\/katten\/vlooien-teken-insecten\">vlooien, teken en bijtende luizen<\/a>.<\/p>\n<h2 style=\"text-align: justify;\"><strong>Werkzame stof<\/strong><\/h2>\n<p style=\"text-align: justify;\">Frontline Spot On bevat als werkzame stof fipronil.<\/p>\n<h2 style=\"text-align: justify;\"><strong>Toediening<\/strong><\/h2>\n<p style=\"text-align: justify;\">De vloeistof is door middel van een spot-on pipet eenvoudig aan te brengen op de huid tussen de schouderbladen (dit om aflikken te voorkomen), waarna de vloeistof zich zal verspreiden over de rest van het lichaam. Frontline Spot On werkt tot wel 5 weken tegen vlooien en gedurende 4 weken tegen teken.<\/p>\n","protected":false},"excerpt":{"rendered":"<p>Frontlinespot on kat Frontline Spot On is een pipet voor katten die beschermt tegen vlooien, teken en bijtende luizen. Werkzame stof Frontline Spot On bevat als werkzame stof fipronil. Toediening De vloeistof is door middel van een spot-on pipet eenvoudig aan te brengen op de huid tussen de schouderbladen (dit om aflikken te voorkomen), waarna [&hellip;]<\/p>\n","protected":false},"featured_media":116413,"comment_status":"open","ping_status":"closed","template":"","meta":{"_acf_changed":false,"_nl_post_content":"<h1 style=\"text-align: justify;\"><strong>Frontlinespot on kat<\/strong><\/h1>\n<p style=\"text-align: justify;\"><a href=\"https:\/\/www.pharmacy4pets.nl\/merken\/frontline\">Frontline<\/a> Spot On is een pipet voor <a href=\"https:\/\/www.pharmacy4pets.nl\/katten\">katten<\/a> die beschermt tegen <a href=\"https:\/\/www.pharmacy4pets.nl\/katten\/vlooien-teken-insecten\">vlooien, teken en bijtende luizen<\/a>.<\/p>\n<h2 style=\"text-align: justify;\"><strong>Werkzame stof<\/strong><\/h2>\n<p style=\"text-align: justify;\">Frontline Spot On bevat als werkzame stof fipronil.<\/p>\n<h2 style=\"text-align: justify;\"><strong>Toediening<\/strong><\/h2>\n<p style=\"text-align: justify;\">De vloeistof is door middel van een spot-on pipet eenvoudig aan te brengen op de huid tussen de schouderbladen (dit om aflikken te voorkomen), waarna de vloeistof zich zal verspreiden over de rest van het lichaam. Frontline Spot On werkt tot wel 5 weken tegen vlooien en gedurende 4 weken tegen teken.<\/p>","_nl_post_name":"frontline-spot-on-kat","_nl_post_excerpt":"","_nl_post_title":"Frontline Spot-On kat","_en_post_content":"<h1><strong>Frontline Spot On Cat<\/strong><\/h1>\n<p><a href=\"https:\/\/www.pharmacy4pets.com\/brands\/frontline\">Frontline <\/a>Spot-On Cat is a flea product for <a href=\"https:\/\/www.pharmacy4pets.com\/cats\">cats <\/a>which protects against <a href=\"https:\/\/www.pharmacy4pets.com\/cats\/fleas-ticks-insects\">fleas, but also against ticks and biting lice<\/a>.<\/p>\n<h2><strong>Function<\/strong><\/h2>\n<p>It is a liquid that is easy to apply and provide excellent protection for your cat against fleas and ticks. The pipette with the liquid has to be emptied completely on the skin between the shoulder blades during the treatment. The liquid will spread over the skin then. The product can be used from 8 weeks.<\/p>","_en_post_name":"frontline-spot-on-cat","_en_post_excerpt":"","_en_post_title":"Frontline spot-on cat","_de_post_content":"<h1 style=\"text-align: justify;\"><strong>Frontline spot on Katze<\/strong><\/h1>\n<p style=\"text-align: justify;\"><a href=\"https:\/\/www.pharmacy4pets.de\/marken\/frontline\">Frontline<\/a> Spot-On <a href=\"https:\/\/www.pharmacy4pets.de\/katzen\">Katze <\/a>ist eines Flohmittel die gegen Fl\u00f6he sch\u00fctzt, sondern auch gegen Zecken und Haarlinge.<\/p>\n<h2 style=\"text-align: justify;\"><strong>Verwaltung<\/strong><\/h2>\n<p style=\"text-align: justify;\">Es ist einfach in der Anwendung und bieter Ihrer Katze einen hervorragenden Schutz gegen <a href=\"https:\/\/www.pharmacy4pets.de\/katzen\/flohe-zecken-insekten\">Fl\u00f6he und Zecken<\/a>. Die Pipette mit der Fl\u00fcssigkeit w\u00e4hrend der Behandlung vollst\u00e4ndig entleeren auf der Haut zwischen den Schulterbl\u00e4ttern. Die Fl\u00fcssigkeit wird dann auf der Haut verteilt. Das Produkt kann von 8 Wochen verwendet werden.<\/p>","_de_post_name":"frontline-spot-on-katze","_de_post_excerpt":"","_de_post_title":"Frontline Spot-On Katze","_fr_post_content":"<h1><strong>Frontline chat<\/strong><\/h1>\n<p><a href=\"https:\/\/www.pharmacy4pets.fr\/marques\/frontline\">Frontline <\/a>Spot On est une pipette pour <a href=\"https:\/\/www.pharmacy4pets.fr\/chats\">chats <\/a>qui prot\u00e8ge contre les puces, les <a href=\"https:\/\/www.pharmacy4pets.fr\/chats\/puces-tiques-insectes\">tiques et contre les poux mordants<\/a>.<\/p>\n<h2><strong>Substance active<\/strong><\/h2>\n<p>Frontline Spot On a comme substance active le fipronil. Le liquide s\u2019applique facilement gr\u00e2ce \u00e0 la pipette spot-on sur la peau entre les omoplates, apr\u00e8s lequel le liquide se repend dans le reste du corps. Frontline Spot On reste actif pendant de 5 contre les puces et 4 semaines contre les tiques.<\/p>","_fr_post_name":"frontline-spot-on-chat","_fr_post_excerpt":"","_fr_post_title":"Frontline Spot-On chat ","_es_post_content":"<h1 style=\"text-align: justify;\"><strong>Frontline gato<\/strong><\/h1>\n<p style=\"text-align: justify;\"><a href=\"https:\/\/www.pharmacy4pets.es\/marcas\/frontline\">Frontline<\/a> Spot-On son unas pipetas antiparasitarias que protegen a los <a href=\"https:\/\/www.pharmacy4pets.es\/gatos\">gatos<\/a> contra <a href=\"https:\/\/www.pharmacy4pets.es\/gatos\/pulgas-garrapatas-insectos\">pulgas, garrapatas y piojos masticadores<\/a>.<\/p>\n<h2 style=\"text-align: justify;\"><strong>Sustancia activa<\/strong><\/h2>\n<p style=\"text-align: justify;\">Frontline Spot-On contiene la sustancia activa fipronil. El l\u00edquido se aplica f\u00e1cilmente por medio de una pipeta spot-on en la piel entre los om\u00f3platos del gato para evitar que se lama. El l\u00edquido se esparcir\u00e1 entonces por el resto del cuerpo.<\/p>\n<h2 style=\"text-align: justify;\"><strong>Funcionamiento<\/strong><\/h2>\n<p style=\"text-align: justify;\">Frontline Spot-On durar\u00e1\u00a0 hasta 5 semanas contra pulgas y 4 semanas contra garrapatas.<br \/><br \/><\/p>","_es_post_name":"frontline-spot-on-gato","_es_post_excerpt":"","_es_post_title":"Frontline Spot-On gato","edit_language":"nl"},"product_brand":[],"product_cat":[1928,1118,2178,1857,1869,2184,1868,2183,2181,1867],"product_tag":[],"class_list":{"0":"post-116419","1":"product","2":"type-product","3":"status-publish","4":"has-post-thumbnail","6":"product_cat-frontline","7":"product_cat-katten","8":"product_cat-kitten","9":"product_cat-merken","10":"product_cat-teken","12":"product_cat-vlooien","14":"product_cat-vlooien-teken-insecten","16":"pa_aandoening-luizen","17":"pa_aandoening-teken","18":"pa_aandoening-vlooien","19":"pa_doeldier-kat","20":"pa_doeldier-kitten","21":"pa_fabricatieland-frankrijk","22":"pa_merkfilter-frontline","23":"pa_merkgroep-boehringer","24":"pa_productsoort-diergeneesmiddelvrij_ura","25":"pa_seo_canonical_store_id-not_found_value","26":"pa_seo_category-not_found_value","27":"pa_seo_meta_robots-not_found_value","28":"pa_toedieningswijze-spot_on","29":"pa_werkzamestof-fipronil","31":"first","32":"instock","33":"taxable","34":"shipping-taxable","35":"product-type-grouped"},"yoast_head":"<!-- This site is optimized with the Yoast SEO plugin v27.5 - https:\/\/yoast.com\/product\/yoast-seo-wordpress\/ -->\n<title>Frontline Spot-On kat - Pharmacy4pets<\/title>\n<meta name=\"robots\" content=\"index, follow, max-snippet:-1, max-image-preview:large, max-video-preview:-1\" \/>\n<link rel=\"canonical\" href=\"https:\/\/p4p-nl.bootmine.com\/%product-slug%\/frontline-spot-on-kat\" \/>\n<meta property=\"og:locale\" content=\"nl_NL\" \/>\n<meta property=\"og:type\" content=\"article\" \/>\n<meta property=\"og:title\" content=\"Frontline Spot-On kat - Pharmacy4pets\" \/>\n<meta property=\"og:description\" content=\"Frontlinespot on kat Frontline Spot On is een pipet voor katten die beschermt tegen vlooien, teken en bijtende luizen. Werkzame stof Frontline Spot On bevat als werkzame stof fipronil. Toediening De vloeistof is door middel van een spot-on pipet eenvoudig aan te brengen op de huid tussen de schouderbladen (dit om aflikken te voorkomen), waarna [&hellip;]\" \/>\n<meta property=\"og:url\" content=\"https:\/\/p4p-nl.bootmine.com\/%product-slug%\/frontline-spot-on-kat\" \/>\n<meta property=\"og:site_name\" content=\"Pharmacy4pets\" \/>\n<meta property=\"article:publisher\" content=\"https:\/\/www.facebook.com\/people\/Pharmacy4petsnl\/100063484989896\/\" \/>\n<meta property=\"article:modified_time\" content=\"2026-03-25T11:54:53+00:00\" \/>\n<meta property=\"og:image\" content=\"https:\/\/p4p-nl.bootmine.com\/wp-content\/uploads\/2014\/06\/Frontline_Spot-On.jpg\" \/>\n\t<meta property=\"og:image:width\" content=\"500\" \/>\n\t<meta property=\"og:image:height\" content=\"500\" \/>\n\t<meta property=\"og:image:type\" content=\"image\/jpeg\" \/>\n<meta name=\"twitter:card\" content=\"summary_large_image\" \/>\n<script type=\"application\/ld+json\" class=\"yoast-schema-graph\">{\"@context\":\"https:\\\/\\\/schema.org\",\"@graph\":[{\"@type\":\"WebPage\",\"@id\":\"https:\\\/\\\/p4p-nl.bootmine.com\\\/%product-slug%\\\/frontline-spot-on-kat\",\"url\":\"https:\\\/\\\/p4p-nl.bootmine.com\\\/%product-slug%\\\/frontline-spot-on-kat\",\"name\":\"Frontline Spot-On kat - Pharmacy4pets\",\"isPartOf\":{\"@id\":\"http:\\\/\\\/www.pharmacy4pets.nl\\\/#website\"},\"primaryImageOfPage\":{\"@id\":\"https:\\\/\\\/p4p-nl.bootmine.com\\\/%product-slug%\\\/frontline-spot-on-kat#primaryimage\"},\"image\":{\"@id\":\"https:\\\/\\\/p4p-nl.bootmine.com\\\/%product-slug%\\\/frontline-spot-on-kat#primaryimage\"},\"thumbnailUrl\":\"https:\\\/\\\/www.pharmacy4pets.nl\\\/wp-content\\\/uploads\\\/2014\\\/06\\\/Frontline_Spot-On.jpg\",\"datePublished\":\"2014-06-16T11:20:48+00:00\",\"dateModified\":\"2026-03-25T11:54:53+00:00\",\"breadcrumb\":{\"@id\":\"https:\\\/\\\/p4p-nl.bootmine.com\\\/%product-slug%\\\/frontline-spot-on-kat#breadcrumb\"},\"inLanguage\":\"nl-NL\",\"potentialAction\":[{\"@type\":\"ReadAction\",\"target\":[\"https:\\\/\\\/p4p-nl.bootmine.com\\\/%product-slug%\\\/frontline-spot-on-kat\"]}]},{\"@type\":\"ImageObject\",\"inLanguage\":\"nl-NL\",\"@id\":\"https:\\\/\\\/p4p-nl.bootmine.com\\\/%product-slug%\\\/frontline-spot-on-kat#primaryimage\",\"url\":\"https:\\\/\\\/www.pharmacy4pets.nl\\\/wp-content\\\/uploads\\\/2014\\\/06\\\/Frontline_Spot-On.jpg\",\"contentUrl\":\"https:\\\/\\\/www.pharmacy4pets.nl\\\/wp-content\\\/uploads\\\/2014\\\/06\\\/Frontline_Spot-On.jpg\",\"width\":500,\"height\":500,\"caption\":\"Frontline\"},{\"@type\":\"BreadcrumbList\",\"@id\":\"https:\\\/\\\/p4p-nl.bootmine.com\\\/%product-slug%\\\/frontline-spot-on-kat#breadcrumb\",\"itemListElement\":[{\"@type\":\"ListItem\",\"position\":1,\"name\":\"Home\",\"item\":\"https:\\\/\\\/p4p-nl.bootmine.com\\\/\"},{\"@type\":\"ListItem\",\"position\":2,\"name\":\"Winkel\",\"item\":\"https:\\\/\\\/p4p-nl.bootmine.com\\\/winkel\"},{\"@type\":\"ListItem\",\"position\":3,\"name\":\"Frontline Spot-On kat\"}]},{\"@type\":\"WebSite\",\"@id\":\"http:\\\/\\\/www.pharmacy4pets.nl\\\/#website\",\"url\":\"http:\\\/\\\/www.pharmacy4pets.nl\\\/\",\"name\":\"Pharmacy4pets\",\"description\":\"Pharmacy4pets.nl is d\u00e9 online apotheek waar u terecht kunt voor alle diergeneesmiddelen, verzorgingsproducten en dieetvoeding voor uw huisdier.\",\"publisher\":{\"@id\":\"http:\\\/\\\/www.pharmacy4pets.nl\\\/#organization\"},\"potentialAction\":[{\"@type\":\"SearchAction\",\"target\":{\"@type\":\"EntryPoint\",\"urlTemplate\":\"http:\\\/\\\/www.pharmacy4pets.nl\\\/?s={search_term_string}\"},\"query-input\":{\"@type\":\"PropertyValueSpecification\",\"valueRequired\":true,\"valueName\":\"search_term_string\"}}],\"inLanguage\":\"nl-NL\"},{\"@type\":\"Organization\",\"@id\":\"http:\\\/\\\/www.pharmacy4pets.nl\\\/#organization\",\"name\":\"Pharmacy4pets\",\"url\":\"http:\\\/\\\/www.pharmacy4pets.nl\\\/\",\"logo\":{\"@type\":\"ImageObject\",\"inLanguage\":\"nl-NL\",\"@id\":\"http:\\\/\\\/www.pharmacy4pets.nl\\\/#\\\/schema\\\/logo\\\/image\\\/\",\"url\":\"https:\\\/\\\/p4p-nl.bootmine.com\\\/wp-content\\\/uploads\\\/2026\\\/03\\\/logo-pharmacy4pets.png\",\"contentUrl\":\"https:\\\/\\\/p4p-nl.bootmine.com\\\/wp-content\\\/uploads\\\/2026\\\/03\\\/logo-pharmacy4pets.png\",\"width\":1024,\"height\":135,\"caption\":\"Pharmacy4pets\"},\"image\":{\"@id\":\"http:\\\/\\\/www.pharmacy4pets.nl\\\/#\\\/schema\\\/logo\\\/image\\\/\"},\"sameAs\":[\"https:\\\/\\\/www.facebook.com\\\/people\\\/Pharmacy4petsnl\\\/100063484989896\\\/\",\"https:\\\/\\\/www.youtube.com\\\/channel\\\/UCGPTIgucgli03tP2_kvLkHg\\\/featured\",\"https:\\\/\\\/www.instagram.com\\\/pharmacy4pets.nl\"]}]}<\/script>\n<!-- \/ Yoast SEO plugin. -->","yoast_head_json":{"title":"Frontline Spot-On kat - Pharmacy4pets","robots":{"index":"index","follow":"follow","max-snippet":"max-snippet:-1","max-image-preview":"max-image-preview:large","max-video-preview":"max-video-preview:-1"},"canonical":"https:\/\/p4p-nl.bootmine.com\/%product-slug%\/frontline-spot-on-kat","og_locale":"nl_NL","og_type":"article","og_title":"Frontline Spot-On kat - Pharmacy4pets","og_description":"Frontlinespot on kat Frontline Spot On is een pipet voor katten die beschermt tegen vlooien, teken en bijtende luizen. Werkzame stof Frontline Spot On bevat als werkzame stof fipronil. Toediening De vloeistof is door middel van een spot-on pipet eenvoudig aan te brengen op de huid tussen de schouderbladen (dit om aflikken te voorkomen), waarna [&hellip;]","og_url":"https:\/\/p4p-nl.bootmine.com\/%product-slug%\/frontline-spot-on-kat","og_site_name":"Pharmacy4pets","article_publisher":"https:\/\/www.facebook.com\/people\/Pharmacy4petsnl\/100063484989896\/","article_modified_time":"2026-03-25T11:54:53+00:00","og_image":[{"width":500,"height":500,"url":"https:\/\/p4p-nl.bootmine.com\/wp-content\/uploads\/2014\/06\/Frontline_Spot-On.jpg","type":"image\/jpeg"}],"twitter_card":"summary_large_image","schema":{"@context":"https:\/\/schema.org","@graph":[{"@type":"WebPage","@id":"https:\/\/p4p-nl.bootmine.com\/%product-slug%\/frontline-spot-on-kat","url":"https:\/\/p4p-nl.bootmine.com\/%product-slug%\/frontline-spot-on-kat","name":"Frontline Spot-On kat - Pharmacy4pets","isPartOf":{"@id":"http:\/\/www.pharmacy4pets.nl\/#website"},"primaryImageOfPage":{"@id":"https:\/\/p4p-nl.bootmine.com\/%product-slug%\/frontline-spot-on-kat#primaryimage"},"image":{"@id":"https:\/\/p4p-nl.bootmine.com\/%product-slug%\/frontline-spot-on-kat#primaryimage"},"thumbnailUrl":"https:\/\/www.pharmacy4pets.nl\/wp-content\/uploads\/2014\/06\/Frontline_Spot-On.jpg","datePublished":"2014-06-16T11:20:48+00:00","dateModified":"2026-03-25T11:54:53+00:00","breadcrumb":{"@id":"https:\/\/p4p-nl.bootmine.com\/%product-slug%\/frontline-spot-on-kat#breadcrumb"},"inLanguage":"nl-NL","potentialAction":[{"@type":"ReadAction","target":["https:\/\/p4p-nl.bootmine.com\/%product-slug%\/frontline-spot-on-kat"]}]},{"@type":"ImageObject","inLanguage":"nl-NL","@id":"https:\/\/p4p-nl.bootmine.com\/%product-slug%\/frontline-spot-on-kat#primaryimage","url":"https:\/\/www.pharmacy4pets.nl\/wp-content\/uploads\/2014\/06\/Frontline_Spot-On.jpg","contentUrl":"https:\/\/www.pharmacy4pets.nl\/wp-content\/uploads\/2014\/06\/Frontline_Spot-On.jpg","width":500,"height":500,"caption":"Frontline"},{"@type":"BreadcrumbList","@id":"https:\/\/p4p-nl.bootmine.com\/%product-slug%\/frontline-spot-on-kat#breadcrumb","itemListElement":[{"@type":"ListItem","position":1,"name":"Home","item":"https:\/\/p4p-nl.bootmine.com\/"},{"@type":"ListItem","position":2,"name":"Winkel","item":"https:\/\/p4p-nl.bootmine.com\/winkel"},{"@type":"ListItem","position":3,"name":"Frontline Spot-On kat"}]},{"@type":"WebSite","@id":"http:\/\/www.pharmacy4pets.nl\/#website","url":"http:\/\/www.pharmacy4pets.nl\/","name":"Pharmacy4pets","description":"Pharmacy4pets.nl is d\u00e9 online apotheek waar u terecht kunt voor alle diergeneesmiddelen, verzorgingsproducten en dieetvoeding voor uw huisdier.","publisher":{"@id":"http:\/\/www.pharmacy4pets.nl\/#organization"},"potentialAction":[{"@type":"SearchAction","target":{"@type":"EntryPoint","urlTemplate":"http:\/\/www.pharmacy4pets.nl\/?s={search_term_string}"},"query-input":{"@type":"PropertyValueSpecification","valueRequired":true,"valueName":"search_term_string"}}],"inLanguage":"nl-NL"},{"@type":"Organization","@id":"http:\/\/www.pharmacy4pets.nl\/#organization","name":"Pharmacy4pets","url":"http:\/\/www.pharmacy4pets.nl\/","logo":{"@type":"ImageObject","inLanguage":"nl-NL","@id":"http:\/\/www.pharmacy4pets.nl\/#\/schema\/logo\/image\/","url":"https:\/\/p4p-nl.bootmine.com\/wp-content\/uploads\/2026\/03\/logo-pharmacy4pets.png","contentUrl":"https:\/\/p4p-nl.bootmine.com\/wp-content\/uploads\/2026\/03\/logo-pharmacy4pets.png","width":1024,"height":135,"caption":"Pharmacy4pets"},"image":{"@id":"http:\/\/www.pharmacy4pets.nl\/#\/schema\/logo\/image\/"},"sameAs":["https:\/\/www.facebook.com\/people\/Pharmacy4petsnl\/100063484989896\/","https:\/\/www.youtube.com\/channel\/UCGPTIgucgli03tP2_kvLkHg\/featured","https:\/\/www.instagram.com\/pharmacy4pets.nl"]}]}},"market_data":{"nl":{"price":0,"sale_price":0,"active":false,"url":null,"parent_url":"","tax_rate":0,"price_inc_tax":0,"sale_price_inc_tax":0},"de":{"price":0,"sale_price":0,"active":false,"url":null,"parent_url":"","tax_rate":0,"price_inc_tax":0,"sale_price_inc_tax":0},"be":{"price":0,"sale_price":0,"active":false,"url":null,"parent_url":"","tax_rate":0,"price_inc_tax":0,"sale_price_inc_tax":0},"fr":{"price":0,"sale_price":0,"active":false,"url":null,"parent_url":"","tax_rate":0,"price_inc_tax":0,"sale_price_inc_tax":0},"ch":{"price":0,"sale_price":0,"active":false,"url":null,"parent_url":"","tax_rate":0,"price_inc_tax":0,"sale_price_inc_tax":0},"at":{"price":0,"sale_price":0,"active":false,"url":null,"parent_url":"","tax_rate":0,"price_inc_tax":0,"sale_price_inc_tax":0},"es":{"price":0,"sale_price":0,"active":false,"url":null,"parent_url":"","tax_rate":0,"price_inc_tax":0,"sale_price_inc_tax":0},"dk":{"price":0,"sale_price":0,"active":false,"url":null,"parent_url":"","tax_rate":0,"price_inc_tax":0,"sale_price_inc_tax":0},"com":{"price":0,"sale_price":0,"active":false,"url":null,"parent_url":"","tax_rate":0,"price_inc_tax":0,"sale_price_inc_tax":0}},"market_nl_price":0,"market_nl_sale_price":0,"market_nl_active":false,"market_nl_url":null,"market_nl_parent_url":"","market_nl_tax_rate":0,"market_nl_price_inc_tax":0,"market_nl_sale_price_inc_tax":0,"market_de_price":0,"market_de_sale_price":0,"market_de_active":false,"market_de_url":null,"market_de_parent_url":"","market_de_tax_rate":0,"market_de_price_inc_tax":0,"market_de_sale_price_inc_tax":0,"market_be_price":0,"market_be_sale_price":0,"market_be_active":false,"market_be_url":null,"market_be_parent_url":"","market_be_tax_rate":0,"market_be_price_inc_tax":0,"market_be_sale_price_inc_tax":0,"market_fr_price":0,"market_fr_sale_price":0,"market_fr_active":false,"market_fr_url":null,"market_fr_parent_url":"","market_fr_tax_rate":0,"market_fr_price_inc_tax":0,"market_fr_sale_price_inc_tax":0,"market_ch_price":0,"market_ch_sale_price":0,"market_ch_active":false,"market_ch_url":null,"market_ch_parent_url":"","market_ch_tax_rate":0,"market_ch_price_inc_tax":0,"market_ch_sale_price_inc_tax":0,"market_at_price":0,"market_at_sale_price":0,"market_at_active":false,"market_at_url":null,"market_at_parent_url":"","market_at_tax_rate":0,"market_at_price_inc_tax":0,"market_at_sale_price_inc_tax":0,"market_es_price":0,"market_es_sale_price":0,"market_es_active":false,"market_es_url":null,"market_es_parent_url":"","market_es_tax_rate":0,"market_es_price_inc_tax":0,"market_es_sale_price_inc_tax":0,"market_dk_price":0,"market_dk_sale_price":0,"market_dk_active":false,"market_dk_url":null,"market_dk_parent_url":"","market_dk_tax_rate":0,"market_dk_price_inc_tax":0,"market_dk_sale_price_inc_tax":0,"market_com_price":0,"market_com_sale_price":0,"market_com_active":false,"market_com_url":null,"market_com_parent_url":"","market_com_tax_rate":0,"market_com_price_inc_tax":0,"market_com_sale_price_inc_tax":0,"acf":[],"_links":{"self":[{"href":"https:\/\/www.pharmacy4pets.nl\/be\/wp-json\/wp\/v2\/product\/116419","targetHints":{"allow":["GET"]}}],"collection":[{"href":"https:\/\/www.pharmacy4pets.nl\/be\/wp-json\/wp\/v2\/product"}],"about":[{"href":"https:\/\/www.pharmacy4pets.nl\/be\/wp-json\/wp\/v2\/types\/product"}],"replies":[{"embeddable":true,"href":"https:\/\/www.pharmacy4pets.nl\/be\/wp-json\/wp\/v2\/comments?post=116419"}],"wp:featuredmedia":[{"embeddable":true,"href":"https:\/\/www.pharmacy4pets.nl\/be\/wp-json\/wp\/v2\/media\/116413"}],"wp:attachment":[{"href":"https:\/\/www.pharmacy4pets.nl\/be\/wp-json\/wp\/v2\/media?parent=116419"}],"wp:term":[{"taxonomy":"product_brand","embeddable":true,"href":"https:\/\/www.pharmacy4pets.nl\/be\/wp-json\/wp\/v2\/product_brand?post=116419"},{"taxonomy":"product_cat","embeddable":true,"href":"https:\/\/www.pharmacy4pets.nl\/be\/wp-json\/wp\/v2\/product_cat?post=116419"},{"taxonomy":"product_tag","embeddable":true,"href":"https:\/\/www.pharmacy4pets.nl\/be\/wp-json\/wp\/v2\/product_tag?post=116419"}],"curies":[{"name":"wp","href":"https:\/\/api.w.org\/{rel}","templated":true}]}}