{"id":116376,"date":"2014-06-16T10:57:58","date_gmt":"2014-06-16T10:57:58","guid":{"rendered":"https:\/\/p4p.test\/frontline-spray"},"modified":"2026-03-25T11:54:49","modified_gmt":"2026-03-25T11:54:49","slug":"frontline-spray","status":"publish","type":"product","link":"https:\/\/www.pharmacy4pets.nl\/be\/frontline-spray","title":{"rendered":"Frontline spray"},"content":{"rendered":"<h1 style=\"text-align: justify;\"><strong>Frontline Spray<\/strong><\/h1>\n<p style=\"text-align: justify;\"><a href=\"https:\/\/www.pharmacy4pets.nl\/merken\/frontline\">Frontline <\/a>is een spray voor de behandeling en preventie van vlooien bij <a href=\"https:\/\/www.pharmacy4pets.nl\/honden\/vlooien-teken-insecten\">honden <\/a>en <a href=\"https:\/\/www.pharmacy4pets.nl\/katten\/vlooien-teken-insecten\">katten<\/a>. De spray is tevens werkzaam tegen teken.<\/p>\n<h2 style=\"text-align: justify;\"><strong>Werkzame stof<\/strong><\/h2>\n<p style=\"text-align: justify;\">De werkzame stof in Frontline spray is fipronil.<\/p>\n<h2 style=\"text-align: justify;\"><strong>Toediening<\/strong><\/h2>\n<p style=\"text-align: justify;\">Met de Frontline spray dient de gehele vacht vanaf een afstand van 10-20 cm bespoten te worden, tegen de haargroeirichting in. Hierna wordt de vacht gemasseerd, zodat het product goed tot op de huid kan doordringen. Vervolgens moet de vacht op natuurlijke wijze drogen. De spray werkt 5 weken tot maximaal 3 maanden tegen vlooien. Tegen teken werkt de spray maximaal 4 weken.<\/p>\n<h2 style=\"text-align: justify;\"><strong>Bijsluiter<\/strong><\/h2>\n<p style=\"text-align: justify;\">Voor meer informatie over Frontline Spray, zie de <a href=\"https:\/\/www.pharmacy4pets.nl\/amfile\/file\/download\/file\/362\/product\/580\/\">bijsluiter<\/a>.<strong><br \/><\/strong><\/p>\n","protected":false},"excerpt":{"rendered":"<p>Frontline Spray Frontline is een spray voor de behandeling en preventie van vlooien bij honden en katten. De spray is tevens werkzaam tegen teken. Werkzame stof De werkzame stof in Frontline spray is fipronil. Toediening Met de Frontline spray dient de gehele vacht vanaf een afstand van 10-20 cm bespoten te worden, tegen de haargroeirichting [&hellip;]<\/p>\n","protected":false},"featured_media":116365,"comment_status":"open","ping_status":"closed","template":"","meta":{"_acf_changed":false,"_nl_post_content":"<h1 style=\"text-align: justify;\"><strong>Frontline Spray<\/strong><\/h1>\r\n<p style=\"text-align: justify;\"><a href=\"https:\/\/www.pharmacy4pets.nl\/merken\/frontline\">Frontline <\/a>is een spray voor de behandeling en preventie van vlooien bij <a href=\"https:\/\/www.pharmacy4pets.nl\/honden\/vlooien-teken-insecten\">honden <\/a>en <a href=\"https:\/\/www.pharmacy4pets.nl\/katten\/vlooien-teken-insecten\">katten<\/a>. De spray is tevens werkzaam tegen teken.<\/p>\r\n<h2 style=\"text-align: justify;\"><strong>Werkzame stof<\/strong><\/h2>\r\n<p style=\"text-align: justify;\">De werkzame stof in Frontline spray is fipronil.<\/p>\r\n<h2 style=\"text-align: justify;\"><strong>Toediening<\/strong><\/h2>\r\n<p style=\"text-align: justify;\">Met de Frontline spray dient de gehele vacht vanaf een afstand van 10-20 cm bespoten te worden, tegen de haargroeirichting in. Hierna wordt de vacht gemasseerd, zodat het product goed tot op de huid kan doordringen. Vervolgens moet de vacht op natuurlijke wijze drogen. De spray werkt 5 weken tot maximaal 3 maanden tegen vlooien. Tegen teken werkt de spray maximaal 4 weken.<\/p>\r\n<h2 style=\"text-align: justify;\"><strong>Bijsluiter<\/strong><\/h2>\r\n<p style=\"text-align: justify;\">Voor meer informatie over Frontline Spray, zie de <a href=\"https:\/\/www.pharmacy4pets.nl\/amfile\/file\/download\/file\/362\/product\/580\/\">bijsluiter<\/a>.<strong><br \/><\/strong><\/p>","_nl_post_name":"frontline-spray","_nl_post_excerpt":"","_nl_post_title":"Frontline spray","_en_post_content":"<h1 style=\"text-align: justify;\"><strong>Frontline Spray<\/strong><\/h1>\r\n<p style=\"text-align: justify;\"><a href=\"https:\/\/www.pharmacy4pets.com\/brands\/frontline\">Frontline<\/a> is a spray for the treatment and prevention of fleas in <a href=\"https:\/\/www.pharmacy4pets.com\/dogs\/fleas-ticks-insects\">dogs<\/a> and <a href=\"https:\/\/www.pharmacy4pets.com\/cats\/fleas-ticks-insects\">cats<\/a>. The spray is also effective against ticks.<\/p>\r\n<h2 style=\"text-align: justify;\"><strong>Active Ingredient<\/strong><\/h2>\r\n<p style=\"text-align: justify;\">The active ingredient in Frontline spray is fipronil.<\/p>\r\n<h2 style=\"text-align: justify;\"><strong>Application<\/strong><\/h2>\r\n<p style=\"text-align: justify;\">With Frontline spray, the entire coat should be sprayed from a distance of 10-20 cm, against the direction of hair growth. Then, massage the coat to ensure the product penetrates the skin well. Afterwards, allow the coat to dry naturally. The spray works for 5 weeks up to a maximum of 3 months against fleas. Against ticks, the spray works for a maximum of 4 weeks.<\/p>\r\n<h2 style=\"text-align: justify;\"><strong>Leaflet<\/strong><\/h2>\r\n<p style=\"text-align: justify;\">For more information about Frontline Spray, see the <a href=\"https:\/\/www.pharmacy4pets.com\/amfile\/file\/download\/file\/756\/product\/580\/\">leaflet<\/a>.<strong><br \/><\/strong><\/p>","_en_post_name":"frontline-spray","_en_post_excerpt":"","_en_post_title":"Frontline spray","_de_post_content":"<h1 style=\"text-align: justify;\"><strong>Frontline Spray<\/strong><\/h1>\r\n<p style=\"text-align: justify;\"><a href=\"https:\/\/www.pharmacy4pets.de\/marken\/frontline\">Frontline<\/a> ist ein Spray zur Behandlung und Pr\u00e4vention von Fl\u00f6hen bei <a href=\"https:\/\/www.pharmacy4pets.de\/hunde\/flohe-zecken-insekten\">Hunden<\/a> und <a href=\"https:\/\/www.pharmacy4pets.de\/katzen\/flohe-zecken-insekten\">Katzen<\/a>. Das Spray ist auch gegen Zecken wirksam.<\/p>\r\n<h2 style=\"text-align: justify;\"><strong>Wirkstoff<\/strong><\/h2>\r\n<p style=\"text-align: justify;\">Der Wirkstoff in Frontline Spray ist Fipronil.<\/p>\r\n<h2 style=\"text-align: justify;\"><strong>Anwendung<\/strong><\/h2>\r\n<p style=\"text-align: justify;\">Mit Frontline Spray sollte das gesamte Fell aus einer Entfernung von 10-20 cm gegen den Haarwuchs bespr\u00fcht werden. Anschlie\u00dfend sollte das Fell massiert werden, damit das Produkt gut in die Haut eindringen kann. Danach sollte das Fell auf nat\u00fcrliche Weise trocknen. Das Spray wirkt 5 Wochen bis maximal 3 Monate gegen Fl\u00f6he. Gegen Zecken wirkt das Spray maximal 4 Wochen.<\/p>\r\n<h2 style=\"text-align: justify;\"><strong>Beipackzettel<\/strong><\/h2>\r\n<p style=\"text-align: justify;\">F\u00fcr weitere Informationen \u00fcber Frontline Spray siehe den <a href=\"https:\/\/www.pharmacy4pets.de\/amfile\/file\/download\/file\/575\/product\/580\/\">Beipackzettel<\/a>.<strong><br \/><\/strong><\/p>","_de_post_name":"frontline-spray","_de_post_excerpt":"","_de_post_title":"Frontline Spray","_fr_post_content":"<h1 style=\"text-align: justify;\"><strong>Spray Frontline<\/strong><\/h1>\r\n<p style=\"text-align: justify;\"><a href=\"https:\/\/www.pharmacy4pets.fr\/marques\/frontline\">Frontline<\/a> est un spray pour le traitement et la pr\u00e9vention des puces chez les <a href=\"https:\/\/www.pharmacy4pets.fr\/chiens\/puces-tiques-insectes\">chiens<\/a> et les <a href=\"https:\/\/www.pharmacy4pets.fr\/chats\/puces-tiques-insectes\">chats<\/a>. Le spray est \u00e9galement efficace contre les tiques.<\/p>\r\n<h2 style=\"text-align: justify;\"><strong>Principe Actif<\/strong><\/h2>\r\n<p style=\"text-align: justify;\">Le principe actif dans le spray Frontline est le fipronil.<\/p>\r\n<h2 style=\"text-align: justify;\"><strong>Application<\/strong><\/h2>\r\n<p style=\"text-align: justify;\">Avec le spray Frontline, il convient de pulv\u00e9riser l'ensemble du pelage \u00e0 une distance de 10 \u00e0 20 cm, contre le sens du poil. Ensuite, masser le pelage pour que le produit p\u00e9n\u00e8tre bien dans la peau. Ensuite, laissez le pelage s\u00e9cher naturellement. Le spray agit pendant 5 semaines \u00e0 un maximum de 3 mois contre les puces. Contre les tiques, le spray agit jusqu'\u00e0 4 semaines.<\/p>\r\n<h2 style=\"text-align: justify;\"><strong>Notice<\/strong><\/h2>\r\n<p style=\"text-align: justify;\">Pour plus d'informations sur le Spray Frontline, consultez les <a href=\"https:\/\/www.pharmacy4pets.nl\/amfile\/file\/download\/file\/362\/product\/580\/\">notice<\/a>.<strong><br \/><\/strong><\/p>","_fr_post_name":"frontline-spray","_fr_post_excerpt":"","_fr_post_title":"Frontline spray","_es_post_content":"<h1 style=\"text-align: justify;\"><strong>Spray Frontline<\/strong><\/h1>\r\n<p style=\"text-align: justify;\"><a href=\"https:\/\/www.pharmacy4pets.es\/marcas\/frontline\">Frontline<\/a> es un spray para el tratamiento y prevenci\u00f3n de pulgas en <a href=\"https:\/\/www.pharmacy4pets.es\/perros\/pulgas-garrapatas-insectos\">perros<\/a> y <a href=\"https:\/\/www.pharmacy4pets.es\/gatos\/pulgas-garrapatas-insectos\">gatos<\/a>. El spray tambi\u00e9n es efectivo contra garrapatas.<\/p>\r\n<h2 style=\"text-align: justify;\"><strong>Sustancia Activo<\/strong><\/h2>\r\n<p style=\"text-align: justify;\">El sustancia activo en el spray Frontline es fipronil.<\/p>\r\n<h2 style=\"text-align: justify;\"><strong>Aplicaci\u00f3n<\/strong><\/h2>\r\n<p style=\"text-align: justify;\">Con el spray Frontline, se debe rociar todo el pelaje desde una distancia de 10-20 cm, en contra del crecimiento del pelo. Luego, se debe masajear el pelaje para que el producto penetre bien en la piel. Despu\u00e9s, el pelaje debe secarse de forma natural. El spray funciona durante 5 semanas hasta un m\u00e1ximo de 3 meses contra las pulgas. Contra las garrapatas, el spray funciona hasta 4 semanas.<\/p>\r\n<h2 style=\"text-align: justify;\"><strong>Prospecto<\/strong><\/h2>\r\n<p style=\"text-align: justify;\">Para obtener m\u00e1s informaci\u00f3n sobre el Spray Frontline, consulte las <a href=\"https:\/\/www.pharmacy4pets.es\/amfile\/file\/download\/file\/904\/product\/580\/\">prospecto<\/a>.<strong><br \/><\/strong><\/p>","_es_post_name":"frontline-spray","_es_post_excerpt":"","_es_post_title":"Frontline spray","edit_language":"nl"},"product_brand":[],"product_cat":[1928,1117,1118,2178,1857,2177,2205,2184,1869,1836,1868,1835,2183,2181,1867,1834,2203],"product_tag":[],"class_list":{"0":"post-116376","1":"product","2":"type-product","3":"status-publish","4":"has-post-thumbnail","6":"product_cat-frontline","7":"product_cat-honden","8":"product_cat-katten","9":"product_cat-kitten","10":"product_cat-merken","11":"product_cat-puppy","12":"product_cat-teken-puppy","13":"product_cat-teken","16":"product_cat-vlooien","19":"product_cat-vlooien-teken-insecten","23":"pa_aandoening-teken","24":"pa_aandoening-vlooien","25":"pa_doeldier-hond","26":"pa_doeldier-kat","27":"pa_doeldier-kitten","28":"pa_doeldier-puppy","29":"pa_fabricatieland-frankrijk","30":"pa_merkfilter-frontline","31":"pa_merkgroep-boehringer","32":"pa_productsoort-diergeneesmiddelvrij_ura","33":"pa_seo_canonical_store_id-not_found_value","34":"pa_seo_category-not_found_value","35":"pa_seo_meta_robots-not_found_value","36":"pa_toedieningswijze-spray","37":"pa_werkzamestof-fipronil","39":"first","40":"instock","41":"taxable","42":"shipping-taxable","43":"product-type-grouped"},"yoast_head":"<!-- This site is optimized with the Yoast SEO plugin v27.5 - https:\/\/yoast.com\/product\/yoast-seo-wordpress\/ -->\n<title>Frontline spray - Pharmacy4pets<\/title>\n<meta name=\"robots\" content=\"index, follow, max-snippet:-1, max-image-preview:large, max-video-preview:-1\" \/>\n<link rel=\"canonical\" href=\"https:\/\/p4p-nl.bootmine.com\/%product-slug%\/frontline-spray\" \/>\n<meta property=\"og:locale\" content=\"nl_NL\" \/>\n<meta property=\"og:type\" content=\"article\" \/>\n<meta property=\"og:title\" content=\"Frontline spray - Pharmacy4pets\" \/>\n<meta property=\"og:description\" content=\"Frontline Spray Frontline is een spray voor de behandeling en preventie van vlooien bij honden en katten. De spray is tevens werkzaam tegen teken. Werkzame stof De werkzame stof in Frontline spray is fipronil. Toediening Met de Frontline spray dient de gehele vacht vanaf een afstand van 10-20 cm bespoten te worden, tegen de haargroeirichting [&hellip;]\" \/>\n<meta property=\"og:url\" content=\"https:\/\/p4p-nl.bootmine.com\/%product-slug%\/frontline-spray\" \/>\n<meta property=\"og:site_name\" content=\"Pharmacy4pets\" \/>\n<meta property=\"article:publisher\" content=\"https:\/\/www.facebook.com\/people\/Pharmacy4petsnl\/100063484989896\/\" \/>\n<meta property=\"article:modified_time\" content=\"2026-03-25T11:54:49+00:00\" \/>\n<meta property=\"og:image\" content=\"https:\/\/p4p-nl.bootmine.com\/wp-content\/uploads\/2014\/06\/frontline-spray_pharmacy4pets.jpg\" \/>\n\t<meta property=\"og:image:width\" content=\"600\" \/>\n\t<meta property=\"og:image:height\" content=\"600\" \/>\n\t<meta property=\"og:image:type\" content=\"image\/jpeg\" \/>\n<meta name=\"twitter:card\" content=\"summary_large_image\" \/>\n<meta name=\"twitter:label1\" content=\"Geschatte leestijd\" \/>\n\t<meta name=\"twitter:data1\" content=\"1 minuut\" \/>\n<script type=\"application\/ld+json\" class=\"yoast-schema-graph\">{\"@context\":\"https:\\\/\\\/schema.org\",\"@graph\":[{\"@type\":\"WebPage\",\"@id\":\"https:\\\/\\\/p4p-nl.bootmine.com\\\/%product-slug%\\\/frontline-spray\",\"url\":\"https:\\\/\\\/p4p-nl.bootmine.com\\\/%product-slug%\\\/frontline-spray\",\"name\":\"Frontline spray - Pharmacy4pets\",\"isPartOf\":{\"@id\":\"http:\\\/\\\/www.pharmacy4pets.nl\\\/#website\"},\"primaryImageOfPage\":{\"@id\":\"https:\\\/\\\/p4p-nl.bootmine.com\\\/%product-slug%\\\/frontline-spray#primaryimage\"},\"image\":{\"@id\":\"https:\\\/\\\/p4p-nl.bootmine.com\\\/%product-slug%\\\/frontline-spray#primaryimage\"},\"thumbnailUrl\":\"https:\\\/\\\/www.pharmacy4pets.nl\\\/wp-content\\\/uploads\\\/2014\\\/06\\\/frontline-spray_pharmacy4pets.jpg\",\"datePublished\":\"2014-06-16T10:57:58+00:00\",\"dateModified\":\"2026-03-25T11:54:49+00:00\",\"breadcrumb\":{\"@id\":\"https:\\\/\\\/p4p-nl.bootmine.com\\\/%product-slug%\\\/frontline-spray#breadcrumb\"},\"inLanguage\":\"nl-NL\",\"potentialAction\":[{\"@type\":\"ReadAction\",\"target\":[\"https:\\\/\\\/p4p-nl.bootmine.com\\\/%product-slug%\\\/frontline-spray\"]}]},{\"@type\":\"ImageObject\",\"inLanguage\":\"nl-NL\",\"@id\":\"https:\\\/\\\/p4p-nl.bootmine.com\\\/%product-slug%\\\/frontline-spray#primaryimage\",\"url\":\"https:\\\/\\\/www.pharmacy4pets.nl\\\/wp-content\\\/uploads\\\/2014\\\/06\\\/frontline-spray_pharmacy4pets.jpg\",\"contentUrl\":\"https:\\\/\\\/www.pharmacy4pets.nl\\\/wp-content\\\/uploads\\\/2014\\\/06\\\/frontline-spray_pharmacy4pets.jpg\",\"width\":600,\"height\":600,\"caption\":\"Frontline\"},{\"@type\":\"BreadcrumbList\",\"@id\":\"https:\\\/\\\/p4p-nl.bootmine.com\\\/%product-slug%\\\/frontline-spray#breadcrumb\",\"itemListElement\":[{\"@type\":\"ListItem\",\"position\":1,\"name\":\"Home\",\"item\":\"https:\\\/\\\/p4p-nl.bootmine.com\\\/\"},{\"@type\":\"ListItem\",\"position\":2,\"name\":\"Winkel\",\"item\":\"https:\\\/\\\/p4p-nl.bootmine.com\\\/winkel\"},{\"@type\":\"ListItem\",\"position\":3,\"name\":\"Frontline spray\"}]},{\"@type\":\"WebSite\",\"@id\":\"http:\\\/\\\/www.pharmacy4pets.nl\\\/#website\",\"url\":\"http:\\\/\\\/www.pharmacy4pets.nl\\\/\",\"name\":\"Pharmacy4pets\",\"description\":\"Pharmacy4pets.nl is d\u00e9 online apotheek waar u terecht kunt voor alle diergeneesmiddelen, verzorgingsproducten en dieetvoeding voor uw huisdier.\",\"publisher\":{\"@id\":\"http:\\\/\\\/www.pharmacy4pets.nl\\\/#organization\"},\"potentialAction\":[{\"@type\":\"SearchAction\",\"target\":{\"@type\":\"EntryPoint\",\"urlTemplate\":\"http:\\\/\\\/www.pharmacy4pets.nl\\\/?s={search_term_string}\"},\"query-input\":{\"@type\":\"PropertyValueSpecification\",\"valueRequired\":true,\"valueName\":\"search_term_string\"}}],\"inLanguage\":\"nl-NL\"},{\"@type\":\"Organization\",\"@id\":\"http:\\\/\\\/www.pharmacy4pets.nl\\\/#organization\",\"name\":\"Pharmacy4pets\",\"url\":\"http:\\\/\\\/www.pharmacy4pets.nl\\\/\",\"logo\":{\"@type\":\"ImageObject\",\"inLanguage\":\"nl-NL\",\"@id\":\"http:\\\/\\\/www.pharmacy4pets.nl\\\/#\\\/schema\\\/logo\\\/image\\\/\",\"url\":\"https:\\\/\\\/p4p-nl.bootmine.com\\\/wp-content\\\/uploads\\\/2026\\\/03\\\/logo-pharmacy4pets.png\",\"contentUrl\":\"https:\\\/\\\/p4p-nl.bootmine.com\\\/wp-content\\\/uploads\\\/2026\\\/03\\\/logo-pharmacy4pets.png\",\"width\":1024,\"height\":135,\"caption\":\"Pharmacy4pets\"},\"image\":{\"@id\":\"http:\\\/\\\/www.pharmacy4pets.nl\\\/#\\\/schema\\\/logo\\\/image\\\/\"},\"sameAs\":[\"https:\\\/\\\/www.facebook.com\\\/people\\\/Pharmacy4petsnl\\\/100063484989896\\\/\",\"https:\\\/\\\/www.youtube.com\\\/channel\\\/UCGPTIgucgli03tP2_kvLkHg\\\/featured\",\"https:\\\/\\\/www.instagram.com\\\/pharmacy4pets.nl\"]}]}<\/script>\n<!-- \/ Yoast SEO plugin. -->","yoast_head_json":{"title":"Frontline spray - Pharmacy4pets","robots":{"index":"index","follow":"follow","max-snippet":"max-snippet:-1","max-image-preview":"max-image-preview:large","max-video-preview":"max-video-preview:-1"},"canonical":"https:\/\/p4p-nl.bootmine.com\/%product-slug%\/frontline-spray","og_locale":"nl_NL","og_type":"article","og_title":"Frontline spray - Pharmacy4pets","og_description":"Frontline Spray Frontline is een spray voor de behandeling en preventie van vlooien bij honden en katten. De spray is tevens werkzaam tegen teken. Werkzame stof De werkzame stof in Frontline spray is fipronil. Toediening Met de Frontline spray dient de gehele vacht vanaf een afstand van 10-20 cm bespoten te worden, tegen de haargroeirichting [&hellip;]","og_url":"https:\/\/p4p-nl.bootmine.com\/%product-slug%\/frontline-spray","og_site_name":"Pharmacy4pets","article_publisher":"https:\/\/www.facebook.com\/people\/Pharmacy4petsnl\/100063484989896\/","article_modified_time":"2026-03-25T11:54:49+00:00","og_image":[{"width":600,"height":600,"url":"https:\/\/p4p-nl.bootmine.com\/wp-content\/uploads\/2014\/06\/frontline-spray_pharmacy4pets.jpg","type":"image\/jpeg"}],"twitter_card":"summary_large_image","twitter_misc":{"Geschatte leestijd":"1 minuut"},"schema":{"@context":"https:\/\/schema.org","@graph":[{"@type":"WebPage","@id":"https:\/\/p4p-nl.bootmine.com\/%product-slug%\/frontline-spray","url":"https:\/\/p4p-nl.bootmine.com\/%product-slug%\/frontline-spray","name":"Frontline spray - Pharmacy4pets","isPartOf":{"@id":"http:\/\/www.pharmacy4pets.nl\/#website"},"primaryImageOfPage":{"@id":"https:\/\/p4p-nl.bootmine.com\/%product-slug%\/frontline-spray#primaryimage"},"image":{"@id":"https:\/\/p4p-nl.bootmine.com\/%product-slug%\/frontline-spray#primaryimage"},"thumbnailUrl":"https:\/\/www.pharmacy4pets.nl\/wp-content\/uploads\/2014\/06\/frontline-spray_pharmacy4pets.jpg","datePublished":"2014-06-16T10:57:58+00:00","dateModified":"2026-03-25T11:54:49+00:00","breadcrumb":{"@id":"https:\/\/p4p-nl.bootmine.com\/%product-slug%\/frontline-spray#breadcrumb"},"inLanguage":"nl-NL","potentialAction":[{"@type":"ReadAction","target":["https:\/\/p4p-nl.bootmine.com\/%product-slug%\/frontline-spray"]}]},{"@type":"ImageObject","inLanguage":"nl-NL","@id":"https:\/\/p4p-nl.bootmine.com\/%product-slug%\/frontline-spray#primaryimage","url":"https:\/\/www.pharmacy4pets.nl\/wp-content\/uploads\/2014\/06\/frontline-spray_pharmacy4pets.jpg","contentUrl":"https:\/\/www.pharmacy4pets.nl\/wp-content\/uploads\/2014\/06\/frontline-spray_pharmacy4pets.jpg","width":600,"height":600,"caption":"Frontline"},{"@type":"BreadcrumbList","@id":"https:\/\/p4p-nl.bootmine.com\/%product-slug%\/frontline-spray#breadcrumb","itemListElement":[{"@type":"ListItem","position":1,"name":"Home","item":"https:\/\/p4p-nl.bootmine.com\/"},{"@type":"ListItem","position":2,"name":"Winkel","item":"https:\/\/p4p-nl.bootmine.com\/winkel"},{"@type":"ListItem","position":3,"name":"Frontline spray"}]},{"@type":"WebSite","@id":"http:\/\/www.pharmacy4pets.nl\/#website","url":"http:\/\/www.pharmacy4pets.nl\/","name":"Pharmacy4pets","description":"Pharmacy4pets.nl is d\u00e9 online apotheek waar u terecht kunt voor alle diergeneesmiddelen, verzorgingsproducten en dieetvoeding voor uw huisdier.","publisher":{"@id":"http:\/\/www.pharmacy4pets.nl\/#organization"},"potentialAction":[{"@type":"SearchAction","target":{"@type":"EntryPoint","urlTemplate":"http:\/\/www.pharmacy4pets.nl\/?s={search_term_string}"},"query-input":{"@type":"PropertyValueSpecification","valueRequired":true,"valueName":"search_term_string"}}],"inLanguage":"nl-NL"},{"@type":"Organization","@id":"http:\/\/www.pharmacy4pets.nl\/#organization","name":"Pharmacy4pets","url":"http:\/\/www.pharmacy4pets.nl\/","logo":{"@type":"ImageObject","inLanguage":"nl-NL","@id":"http:\/\/www.pharmacy4pets.nl\/#\/schema\/logo\/image\/","url":"https:\/\/p4p-nl.bootmine.com\/wp-content\/uploads\/2026\/03\/logo-pharmacy4pets.png","contentUrl":"https:\/\/p4p-nl.bootmine.com\/wp-content\/uploads\/2026\/03\/logo-pharmacy4pets.png","width":1024,"height":135,"caption":"Pharmacy4pets"},"image":{"@id":"http:\/\/www.pharmacy4pets.nl\/#\/schema\/logo\/image\/"},"sameAs":["https:\/\/www.facebook.com\/people\/Pharmacy4petsnl\/100063484989896\/","https:\/\/www.youtube.com\/channel\/UCGPTIgucgli03tP2_kvLkHg\/featured","https:\/\/www.instagram.com\/pharmacy4pets.nl"]}]}},"market_data":{"nl":{"price":0,"sale_price":0,"active":false,"url":null,"parent_url":"","tax_rate":0,"price_inc_tax":0,"sale_price_inc_tax":0},"de":{"price":0,"sale_price":0,"active":false,"url":null,"parent_url":"","tax_rate":0,"price_inc_tax":0,"sale_price_inc_tax":0},"be":{"price":0,"sale_price":0,"active":false,"url":null,"parent_url":"","tax_rate":0,"price_inc_tax":0,"sale_price_inc_tax":0},"fr":{"price":0,"sale_price":0,"active":false,"url":null,"parent_url":"","tax_rate":0,"price_inc_tax":0,"sale_price_inc_tax":0},"ch":{"price":0,"sale_price":0,"active":false,"url":null,"parent_url":"","tax_rate":0,"price_inc_tax":0,"sale_price_inc_tax":0},"at":{"price":0,"sale_price":0,"active":false,"url":null,"parent_url":"","tax_rate":0,"price_inc_tax":0,"sale_price_inc_tax":0},"es":{"price":0,"sale_price":0,"active":false,"url":null,"parent_url":"","tax_rate":0,"price_inc_tax":0,"sale_price_inc_tax":0},"dk":{"price":0,"sale_price":0,"active":false,"url":null,"parent_url":"","tax_rate":0,"price_inc_tax":0,"sale_price_inc_tax":0},"com":{"price":0,"sale_price":0,"active":false,"url":null,"parent_url":"","tax_rate":0,"price_inc_tax":0,"sale_price_inc_tax":0}},"market_nl_price":0,"market_nl_sale_price":0,"market_nl_active":false,"market_nl_url":null,"market_nl_parent_url":"","market_nl_tax_rate":0,"market_nl_price_inc_tax":0,"market_nl_sale_price_inc_tax":0,"market_de_price":0,"market_de_sale_price":0,"market_de_active":false,"market_de_url":null,"market_de_parent_url":"","market_de_tax_rate":0,"market_de_price_inc_tax":0,"market_de_sale_price_inc_tax":0,"market_be_price":0,"market_be_sale_price":0,"market_be_active":false,"market_be_url":null,"market_be_parent_url":"","market_be_tax_rate":0,"market_be_price_inc_tax":0,"market_be_sale_price_inc_tax":0,"market_fr_price":0,"market_fr_sale_price":0,"market_fr_active":false,"market_fr_url":null,"market_fr_parent_url":"","market_fr_tax_rate":0,"market_fr_price_inc_tax":0,"market_fr_sale_price_inc_tax":0,"market_ch_price":0,"market_ch_sale_price":0,"market_ch_active":false,"market_ch_url":null,"market_ch_parent_url":"","market_ch_tax_rate":0,"market_ch_price_inc_tax":0,"market_ch_sale_price_inc_tax":0,"market_at_price":0,"market_at_sale_price":0,"market_at_active":false,"market_at_url":null,"market_at_parent_url":"","market_at_tax_rate":0,"market_at_price_inc_tax":0,"market_at_sale_price_inc_tax":0,"market_es_price":0,"market_es_sale_price":0,"market_es_active":false,"market_es_url":null,"market_es_parent_url":"","market_es_tax_rate":0,"market_es_price_inc_tax":0,"market_es_sale_price_inc_tax":0,"market_dk_price":0,"market_dk_sale_price":0,"market_dk_active":false,"market_dk_url":null,"market_dk_parent_url":"","market_dk_tax_rate":0,"market_dk_price_inc_tax":0,"market_dk_sale_price_inc_tax":0,"market_com_price":0,"market_com_sale_price":0,"market_com_active":false,"market_com_url":null,"market_com_parent_url":"","market_com_tax_rate":0,"market_com_price_inc_tax":0,"market_com_sale_price_inc_tax":0,"acf":[],"_links":{"self":[{"href":"https:\/\/www.pharmacy4pets.nl\/be\/wp-json\/wp\/v2\/product\/116376","targetHints":{"allow":["GET"]}}],"collection":[{"href":"https:\/\/www.pharmacy4pets.nl\/be\/wp-json\/wp\/v2\/product"}],"about":[{"href":"https:\/\/www.pharmacy4pets.nl\/be\/wp-json\/wp\/v2\/types\/product"}],"replies":[{"embeddable":true,"href":"https:\/\/www.pharmacy4pets.nl\/be\/wp-json\/wp\/v2\/comments?post=116376"}],"wp:featuredmedia":[{"embeddable":true,"href":"https:\/\/www.pharmacy4pets.nl\/be\/wp-json\/wp\/v2\/media\/116365"}],"wp:attachment":[{"href":"https:\/\/www.pharmacy4pets.nl\/be\/wp-json\/wp\/v2\/media?parent=116376"}],"wp:term":[{"taxonomy":"product_brand","embeddable":true,"href":"https:\/\/www.pharmacy4pets.nl\/be\/wp-json\/wp\/v2\/product_brand?post=116376"},{"taxonomy":"product_cat","embeddable":true,"href":"https:\/\/www.pharmacy4pets.nl\/be\/wp-json\/wp\/v2\/product_cat?post=116376"},{"taxonomy":"product_tag","embeddable":true,"href":"https:\/\/www.pharmacy4pets.nl\/be\/wp-json\/wp\/v2\/product_tag?post=116376"}],"curies":[{"name":"wp","href":"https:\/\/api.w.org\/{rel}","templated":true}]}}