{"id":116353,"date":"2014-06-16T09:59:46","date_gmt":"2014-06-16T09:59:46","guid":{"rendered":"https:\/\/p4p.test\/diarsanyl-plus-2"},"modified":"2026-03-25T11:54:48","modified_gmt":"2026-03-25T11:54:48","slug":"diarsanyl-plus","status":"publish","type":"product","link":"https:\/\/www.pharmacy4pets.nl\/be\/diarsanyl-plus","title":{"rendered":"Diarsanyl Plus"},"content":{"rendered":"<p>Diarsanyl Plus is een aanvullend dieetvoeder in de vorm van een pasta, voor honden en katten met acute diarree. Diarsanyl Plus kan tevens gebruikt worden tijdens de daaropvolgende herstelperiode. Aangeraden wordt om voor gebruik een dierenarts te raadplegen. Het product mag in geval van een drinkdieet worden toegediend; het be\u00efnvloedt de gewoonlijk bij diarree aanbevolen rantsoenen niet.<\/p>\n<h3>Ingredi\u00ebnten<\/h3>\n<p>Montmorilloniet en FOS (fructo-oligosaccariden). Montmorilloniet is een kleimineraal met een groot waterbindend vermogen. Hierdoor wordt de ontlasting vaster en volumineuzer, wat een normaal bewegingspatroon van de darmen stimuleert.Fructo-oligosaccariden zijn prebiotica: ze vormen voedsel voor de goede bacteri\u00ebn van de darmflora, waardoor deze worden gestimuleerd en slechte bacteri\u00ebn minder kans krijgen.\u00a0<\/p>\n<h3>Verpakking<\/h3>\n<p>Diarsanyl Plus is verkrijgbaar in 10 of 24 ml.<\/p>\n<h3>Dosering<\/h3>\n<ul>\n<li><span style=\"font-size: 14px;\">2-7 kg: 2x daags 1 ml, 3 dagen (10 ml).<\/span><\/li>\n<li><span style=\"font-size: 14px;\">7-18 kg: 2x daags 2 ml, 3 dagen (24 ml).<\/span><\/li>\n<li><span style=\"font-size: 14px;\">18-30 kg: 2x daags 4 ml, 3 dagen (24 ml).<\/span><\/li>\n<\/ul>\n","protected":false},"excerpt":{"rendered":"<p>Diarsanyl Plus is een aanvullend dieetvoeder in de vorm van een pasta, voor honden en katten met acute diarree. Diarsanyl Plus kan tevens gebruikt worden tijdens de daaropvolgende herstelperiode. Aangeraden wordt om voor gebruik een dierenarts te raadplegen. Het product mag in geval van een drinkdieet worden toegediend; het be\u00efnvloedt de gewoonlijk bij diarree aanbevolen [&hellip;]<\/p>\n","protected":false},"featured_media":116352,"comment_status":"open","ping_status":"closed","template":"","meta":{"_acf_changed":false,"_nl_post_content":"<p>Diarsanyl Plus is een aanvullend dieetvoeder in de vorm van een pasta, voor honden en katten met acute diarree. Diarsanyl Plus kan tevens gebruikt worden tijdens de daaropvolgende herstelperiode. Aangeraden wordt om voor gebruik een dierenarts te raadplegen. Het product mag in geval van een drinkdieet worden toegediend; het be\u00efnvloedt de gewoonlijk bij diarree aanbevolen rantsoenen niet.<\/p>\r\n<h3>Ingredi\u00ebnten<\/h3>\r\n<p>Montmorilloniet en FOS (fructo-oligosaccariden). Montmorilloniet is een kleimineraal met een groot waterbindend vermogen. Hierdoor wordt de ontlasting vaster en volumineuzer, wat een normaal bewegingspatroon van de darmen stimuleert.Fructo-oligosaccariden zijn prebiotica: ze vormen voedsel voor de goede bacteri\u00ebn van de darmflora, waardoor deze worden gestimuleerd en slechte bacteri\u00ebn minder kans krijgen.\u00a0<\/p>\r\n<h3>Verpakking<\/h3>\r\n<p>Diarsanyl Plus is verkrijgbaar in 10 of 24 ml.<\/p>\r\n<h3>Dosering<\/h3>\r\n<ul>\r\n<li><span style=\"font-size: 14px;\">2-7 kg: 2x daags 1 ml, 3 dagen (10 ml).<\/span><\/li>\r\n<li><span style=\"font-size: 14px;\">7-18 kg: 2x daags 2 ml, 3 dagen (24 ml).<\/span><\/li>\r\n<li><span style=\"font-size: 14px;\">18-30 kg: 2x daags 4 ml, 3 dagen (24 ml).<\/span><\/li>\r\n<\/ul>","_nl_post_name":"diarsanyl-plus","_nl_post_excerpt":"","_nl_post_title":"Diarsanyl Plus","_en_post_content":"<p>Diarsanyl Plus is a complementary dietary feed in the form of a paste for dogs and cats with acute diarrhea. Diarsanyl Plus can also be used during the subsequent recovery period. It is recommended to consult a veterinarian before use. The product can be administered during a liquid diet; it does not affect the rations usually recommended for diarrhea.<\/p> <h3>Ingredients<\/h3> <p>Montmorillonite and FOS (fructo-oligosaccharides). Montmorillonite is a clay mineral with a high water-binding capacity. This makes the stool firmer and more voluminous, which stimulates a normal bowel movement pattern. Fructo-oligosaccharides are prebiotics: they provide food for the beneficial bacteria of the gut flora, promoting their growth and giving harmful bacteria less opportunity to thrive.<\/p> <h3>Packaging<\/h3> <p>Diarsanyl Plus is available in 10 or 24 ml.<\/p> <h3>Dosage<\/h3> <ul> <li><span style=\"font-size: 14px;\">2-7 kg: 1 ml twice daily, 3 days (10 ml).<\/span><\/li> <li><span style=\"font-size: 14px;\">7-18 kg: 2 ml twice daily, 3 days (24 ml).<\/span><\/li> <li><span style=\"font-size: 14px;\">18-30 kg: 4 ml twice daily, 3 days (24 ml).<\/span><\/li> <\/ul>","_en_post_name":"diarsanyl-plus","_en_post_excerpt":"","_en_post_title":"Diarsanyl Plus","_de_post_content":"<p>Diarsanyl Plus ist ein erg\u00e4nzendes Di\u00e4tfuttermittel in Form einer Paste f\u00fcr Hunde und Katzen mit akuten Durchf\u00e4llen. Diarsanyl Plus kann auch w\u00e4hrend der anschlie\u00dfenden Erholungsphase verwendet werden. Es wird empfohlen, vor der Anwendung einen Tierarzt zu konsultieren. Das Produkt kann bei einer Trinkdi\u00e4t verabreicht werden; es beeinflusst die \u00fcblicherweise bei Durchfall empfohlenen Rationen nicht.<\/p> <h3>Inhaltsstoffe<\/h3> <p>Montmorillonit und FOS (Fructo-Oligosaccharide). Montmorillonit ist ein Tonmineral mit hoher Wasserbindungskapazit\u00e4t. Dadurch wird der Stuhl fester und volumin\u00f6ser, was ein normales Bewegungsmuster des Darms f\u00f6rdert. Fructo-Oligosaccharide sind Pr\u00e4biotika: Sie dienen als Nahrung f\u00fcr die guten Bakterien der Darmflora, wodurch diese gef\u00f6rdert werden und sch\u00e4dliche Bakterien weniger Chancen haben.<\/p> <h3>Verpackung<\/h3> <p>Diarsanyl Plus ist in 10 oder 24 ml erh\u00e4ltlich.<\/p> <h3>Dosierung<\/h3> <ul> <li><span style=\"font-size: 14px;\">2-7 kg: 2x t\u00e4glich 1 ml, 3 Tage (10 ml).<\/span><\/li> <li><span style=\"font-size: 14px;\">7-18 kg: 2x t\u00e4glich 2 ml, 3 Tage (24 ml).<\/span><\/li> <li><span style=\"font-size: 14px;\">18-30 kg: 2x t\u00e4glich 4 ml, 3 Tage (24 ml).<\/span><\/li> <\/ul>","_de_post_name":"diarsanyl-plus","_de_post_excerpt":"","_de_post_title":"Diarsanyl Plus","_fr_post_content":"<p>Diarsanyl Plus est un aliment di\u00e9t\u00e9tique compl\u00e9mentaire sous forme de p\u00e2te, destin\u00e9 aux chiens et aux chats souffrant de diarrh\u00e9e aigu\u00eb. Diarsanyl Plus peut \u00e9galement \u00eatre utilis\u00e9 pendant la p\u00e9riode de r\u00e9cup\u00e9ration qui suit. Il est recommand\u00e9 de consulter un v\u00e9t\u00e9rinaire avant l'utilisation. Le produit peut \u00eatre administr\u00e9 en cas de r\u00e9gime liquide; il n'affecte pas les rations habituellement recommand\u00e9es en cas de diarrh\u00e9e.<\/p> <h3>Ingr\u00e9dients<\/h3> <p>Montmorillonite et FOS (fructo-oligosaccharides). La montmorillonite est un min\u00e9ral argileux avec une grande capacit\u00e9 de r\u00e9tention d'eau. Cela permet de rendre les selles plus fermes et volumineuses, favorisant ainsi un transit intestinal normal. Les fructo-oligosaccharides sont des pr\u00e9biotiques : ils nourrissent les bonnes bact\u00e9ries de la flore intestinale, stimulant leur croissance et r\u00e9duisant les chances de prolif\u00e9ration des mauvaises bact\u00e9ries.<\/p> <h3>Conditionnement<\/h3> <p>Diarsanyl Plus est disponible en 10 ou 24 ml.<\/p> <h3>Dosage<\/h3> <ul> <li><span style=\"font-size: 14px;\">2-7 kg : 1 ml 2 fois par jour, pendant 3 jours (10 ml).<\/span><\/li> <li><span style=\"font-size: 14px;\">7-18 kg : 2 ml 2 fois par jour, pendant 3 jours (24 ml).<\/span><\/li> <li><span style=\"font-size: 14px;\">18-30 kg : 4 ml 2 fois par jour, pendant 3 jours (24 ml).<\/span><\/li> <\/ul>","_fr_post_name":"diarsanyl-plus","_fr_post_excerpt":"","_fr_post_title":"Diarsanyl Plus","_es_post_content":"<p>Diarsanyl Plus es un alimento complementario en forma de pasta para perros y gatos con diarrea aguda. Diarsanyl Plus tambi\u00e9n se puede usar durante el per\u00edodo de recuperaci\u00f3n posterior. Se recomienda consultar a un veterinario antes de usarlo. El producto puede administrarse en caso de una dieta l\u00edquida; no afecta las raciones generalmente recomendadas para la diarrea.<\/p> <h3>Ingredientes<\/h3> <p>Montmorillonita y FOS (fructo-oligosac\u00e1ridos). La montmorillonita es un mineral de arcilla con una alta capacidad de retenci\u00f3n de agua. Esto hace que las heces sean m\u00e1s firmes y voluminosas, lo que favorece un patr\u00f3n normal de movimiento intestinal. Los fructo-oligosac\u00e1ridos son prebi\u00f3ticos: proporcionan alimento para las bacterias beneficiosas de la flora intestinal, promoviendo su crecimiento y reduciendo la proliferaci\u00f3n de bacterias da\u00f1inas.<\/p> <h3>Presentaci\u00f3n<\/h3> <p>Diarsanyl Plus est\u00e1 disponible en 10 o 24 ml.<\/p> <h3>Dosificaci\u00f3n<\/h3> <ul> <li><span style=\"font-size: 14px;\">2-7 kg: 1 ml 2 veces al d\u00eda, durante 3 d\u00edas (10 ml).<\/span><\/li> <li><span style=\"font-size: 14px;\">7-18 kg: 2 ml 2 veces al d\u00eda, durante 3 d\u00edas (24 ml).<\/span><\/li> <li><span style=\"font-size: 14px;\">18-30 kg: 4 ml 2 veces al d\u00eda, durante 3 d\u00edas (24 ml).<\/span><\/li> <\/ul>","_es_post_name":"diarsanyl-plus","_es_post_excerpt":"","_es_post_title":"Diarsanyl Plus","edit_language":"nl"},"product_brand":[],"product_cat":[1975,1993,2042,1117,1118,1848,1879,1839,1871,1857],"product_tag":[],"class_list":{"0":"post-116353","1":"product","2":"type-product","3":"status-publish","4":"has-post-thumbnail","6":"product_cat-diarree","8":"product_cat-diarsanyl","9":"product_cat-honden","10":"product_cat-katten","11":"product_cat-maag-darmen","13":"product_cat-medicijnen-supplementen","15":"product_cat-merken","16":"pa_aandoening-maag_darmen","17":"pa_doeldier-hond","18":"pa_doeldier-kat","19":"pa_fabricatieland-frankrijk","20":"pa_merkfilter-diarsanyl","21":"pa_merkgroep-ceva","22":"pa_productsoort-voedingssupplement","23":"pa_seo_canonical_store_id-not_found_value","24":"pa_seo_category-not_found_value","25":"pa_seo_meta_robots-not_found_value","26":"pa_toedieningswijze-pasta","27":"pa_werkzamestof-overig","29":"first","30":"instock","31":"taxable","32":"shipping-taxable","33":"product-type-grouped"},"yoast_head":"<!-- This site is optimized with the Yoast SEO plugin v27.5 - https:\/\/yoast.com\/product\/yoast-seo-wordpress\/ -->\n<title>Diarsanyl Plus - Pharmacy4pets<\/title>\n<meta name=\"robots\" content=\"index, follow, max-snippet:-1, max-image-preview:large, max-video-preview:-1\" \/>\n<link rel=\"canonical\" href=\"https:\/\/p4p-nl.bootmine.com\/%product-slug%\/diarsanyl-plus\" \/>\n<meta property=\"og:locale\" content=\"nl_NL\" \/>\n<meta property=\"og:type\" content=\"article\" \/>\n<meta property=\"og:title\" content=\"Diarsanyl Plus - Pharmacy4pets\" \/>\n<meta property=\"og:description\" content=\"Diarsanyl Plus is een aanvullend dieetvoeder in de vorm van een pasta, voor honden en katten met acute diarree. Diarsanyl Plus kan tevens gebruikt worden tijdens de daaropvolgende herstelperiode. Aangeraden wordt om voor gebruik een dierenarts te raadplegen. Het product mag in geval van een drinkdieet worden toegediend; het be\u00efnvloedt de gewoonlijk bij diarree aanbevolen [&hellip;]\" \/>\n<meta property=\"og:url\" content=\"https:\/\/p4p-nl.bootmine.com\/%product-slug%\/diarsanyl-plus\" \/>\n<meta property=\"og:site_name\" content=\"Pharmacy4pets\" \/>\n<meta property=\"article:publisher\" content=\"https:\/\/www.facebook.com\/people\/Pharmacy4petsnl\/100063484989896\/\" \/>\n<meta property=\"article:modified_time\" content=\"2026-03-25T11:54:48+00:00\" \/>\n<meta property=\"og:image\" content=\"https:\/\/p4p-nl.bootmine.com\/wp-content\/uploads\/2014\/06\/99068_1.jpg\" \/>\n\t<meta property=\"og:image:width\" content=\"450\" \/>\n\t<meta property=\"og:image:height\" content=\"450\" \/>\n\t<meta property=\"og:image:type\" content=\"image\/jpeg\" \/>\n<meta name=\"twitter:card\" content=\"summary_large_image\" \/>\n<meta name=\"twitter:label1\" content=\"Geschatte leestijd\" \/>\n\t<meta name=\"twitter:data1\" content=\"1 minuut\" \/>\n<script type=\"application\/ld+json\" class=\"yoast-schema-graph\">{\"@context\":\"https:\\\/\\\/schema.org\",\"@graph\":[{\"@type\":\"WebPage\",\"@id\":\"https:\\\/\\\/p4p-nl.bootmine.com\\\/%product-slug%\\\/diarsanyl-plus\",\"url\":\"https:\\\/\\\/p4p-nl.bootmine.com\\\/%product-slug%\\\/diarsanyl-plus\",\"name\":\"Diarsanyl Plus - Pharmacy4pets\",\"isPartOf\":{\"@id\":\"http:\\\/\\\/www.pharmacy4pets.nl\\\/#website\"},\"primaryImageOfPage\":{\"@id\":\"https:\\\/\\\/p4p-nl.bootmine.com\\\/%product-slug%\\\/diarsanyl-plus#primaryimage\"},\"image\":{\"@id\":\"https:\\\/\\\/p4p-nl.bootmine.com\\\/%product-slug%\\\/diarsanyl-plus#primaryimage\"},\"thumbnailUrl\":\"https:\\\/\\\/www.pharmacy4pets.nl\\\/wp-content\\\/uploads\\\/2014\\\/06\\\/99068_1.jpg\",\"datePublished\":\"2014-06-16T09:59:46+00:00\",\"dateModified\":\"2026-03-25T11:54:48+00:00\",\"breadcrumb\":{\"@id\":\"https:\\\/\\\/p4p-nl.bootmine.com\\\/%product-slug%\\\/diarsanyl-plus#breadcrumb\"},\"inLanguage\":\"nl-NL\",\"potentialAction\":[{\"@type\":\"ReadAction\",\"target\":[\"https:\\\/\\\/p4p-nl.bootmine.com\\\/%product-slug%\\\/diarsanyl-plus\"]}]},{\"@type\":\"ImageObject\",\"inLanguage\":\"nl-NL\",\"@id\":\"https:\\\/\\\/p4p-nl.bootmine.com\\\/%product-slug%\\\/diarsanyl-plus#primaryimage\",\"url\":\"https:\\\/\\\/www.pharmacy4pets.nl\\\/wp-content\\\/uploads\\\/2014\\\/06\\\/99068_1.jpg\",\"contentUrl\":\"https:\\\/\\\/www.pharmacy4pets.nl\\\/wp-content\\\/uploads\\\/2014\\\/06\\\/99068_1.jpg\",\"width\":450,\"height\":450,\"caption\":\"Diarsanyl\"},{\"@type\":\"BreadcrumbList\",\"@id\":\"https:\\\/\\\/p4p-nl.bootmine.com\\\/%product-slug%\\\/diarsanyl-plus#breadcrumb\",\"itemListElement\":[{\"@type\":\"ListItem\",\"position\":1,\"name\":\"Home\",\"item\":\"https:\\\/\\\/p4p-nl.bootmine.com\\\/\"},{\"@type\":\"ListItem\",\"position\":2,\"name\":\"Winkel\",\"item\":\"https:\\\/\\\/p4p-nl.bootmine.com\\\/winkel\"},{\"@type\":\"ListItem\",\"position\":3,\"name\":\"Diarsanyl Plus\"}]},{\"@type\":\"WebSite\",\"@id\":\"http:\\\/\\\/www.pharmacy4pets.nl\\\/#website\",\"url\":\"http:\\\/\\\/www.pharmacy4pets.nl\\\/\",\"name\":\"Pharmacy4pets\",\"description\":\"Pharmacy4pets.nl is d\u00e9 online apotheek waar u terecht kunt voor alle diergeneesmiddelen, verzorgingsproducten en dieetvoeding voor uw huisdier.\",\"publisher\":{\"@id\":\"http:\\\/\\\/www.pharmacy4pets.nl\\\/#organization\"},\"potentialAction\":[{\"@type\":\"SearchAction\",\"target\":{\"@type\":\"EntryPoint\",\"urlTemplate\":\"http:\\\/\\\/www.pharmacy4pets.nl\\\/?s={search_term_string}\"},\"query-input\":{\"@type\":\"PropertyValueSpecification\",\"valueRequired\":true,\"valueName\":\"search_term_string\"}}],\"inLanguage\":\"nl-NL\"},{\"@type\":\"Organization\",\"@id\":\"http:\\\/\\\/www.pharmacy4pets.nl\\\/#organization\",\"name\":\"Pharmacy4pets\",\"url\":\"http:\\\/\\\/www.pharmacy4pets.nl\\\/\",\"logo\":{\"@type\":\"ImageObject\",\"inLanguage\":\"nl-NL\",\"@id\":\"http:\\\/\\\/www.pharmacy4pets.nl\\\/#\\\/schema\\\/logo\\\/image\\\/\",\"url\":\"https:\\\/\\\/p4p-nl.bootmine.com\\\/wp-content\\\/uploads\\\/2026\\\/03\\\/logo-pharmacy4pets.png\",\"contentUrl\":\"https:\\\/\\\/p4p-nl.bootmine.com\\\/wp-content\\\/uploads\\\/2026\\\/03\\\/logo-pharmacy4pets.png\",\"width\":1024,\"height\":135,\"caption\":\"Pharmacy4pets\"},\"image\":{\"@id\":\"http:\\\/\\\/www.pharmacy4pets.nl\\\/#\\\/schema\\\/logo\\\/image\\\/\"},\"sameAs\":[\"https:\\\/\\\/www.facebook.com\\\/people\\\/Pharmacy4petsnl\\\/100063484989896\\\/\",\"https:\\\/\\\/www.youtube.com\\\/channel\\\/UCGPTIgucgli03tP2_kvLkHg\\\/featured\",\"https:\\\/\\\/www.instagram.com\\\/pharmacy4pets.nl\"]}]}<\/script>\n<!-- \/ Yoast SEO plugin. -->","yoast_head_json":{"title":"Diarsanyl Plus - Pharmacy4pets","robots":{"index":"index","follow":"follow","max-snippet":"max-snippet:-1","max-image-preview":"max-image-preview:large","max-video-preview":"max-video-preview:-1"},"canonical":"https:\/\/p4p-nl.bootmine.com\/%product-slug%\/diarsanyl-plus","og_locale":"nl_NL","og_type":"article","og_title":"Diarsanyl Plus - Pharmacy4pets","og_description":"Diarsanyl Plus is een aanvullend dieetvoeder in de vorm van een pasta, voor honden en katten met acute diarree. Diarsanyl Plus kan tevens gebruikt worden tijdens de daaropvolgende herstelperiode. Aangeraden wordt om voor gebruik een dierenarts te raadplegen. Het product mag in geval van een drinkdieet worden toegediend; het be\u00efnvloedt de gewoonlijk bij diarree aanbevolen [&hellip;]","og_url":"https:\/\/p4p-nl.bootmine.com\/%product-slug%\/diarsanyl-plus","og_site_name":"Pharmacy4pets","article_publisher":"https:\/\/www.facebook.com\/people\/Pharmacy4petsnl\/100063484989896\/","article_modified_time":"2026-03-25T11:54:48+00:00","og_image":[{"width":450,"height":450,"url":"https:\/\/p4p-nl.bootmine.com\/wp-content\/uploads\/2014\/06\/99068_1.jpg","type":"image\/jpeg"}],"twitter_card":"summary_large_image","twitter_misc":{"Geschatte leestijd":"1 minuut"},"schema":{"@context":"https:\/\/schema.org","@graph":[{"@type":"WebPage","@id":"https:\/\/p4p-nl.bootmine.com\/%product-slug%\/diarsanyl-plus","url":"https:\/\/p4p-nl.bootmine.com\/%product-slug%\/diarsanyl-plus","name":"Diarsanyl Plus - Pharmacy4pets","isPartOf":{"@id":"http:\/\/www.pharmacy4pets.nl\/#website"},"primaryImageOfPage":{"@id":"https:\/\/p4p-nl.bootmine.com\/%product-slug%\/diarsanyl-plus#primaryimage"},"image":{"@id":"https:\/\/p4p-nl.bootmine.com\/%product-slug%\/diarsanyl-plus#primaryimage"},"thumbnailUrl":"https:\/\/www.pharmacy4pets.nl\/wp-content\/uploads\/2014\/06\/99068_1.jpg","datePublished":"2014-06-16T09:59:46+00:00","dateModified":"2026-03-25T11:54:48+00:00","breadcrumb":{"@id":"https:\/\/p4p-nl.bootmine.com\/%product-slug%\/diarsanyl-plus#breadcrumb"},"inLanguage":"nl-NL","potentialAction":[{"@type":"ReadAction","target":["https:\/\/p4p-nl.bootmine.com\/%product-slug%\/diarsanyl-plus"]}]},{"@type":"ImageObject","inLanguage":"nl-NL","@id":"https:\/\/p4p-nl.bootmine.com\/%product-slug%\/diarsanyl-plus#primaryimage","url":"https:\/\/www.pharmacy4pets.nl\/wp-content\/uploads\/2014\/06\/99068_1.jpg","contentUrl":"https:\/\/www.pharmacy4pets.nl\/wp-content\/uploads\/2014\/06\/99068_1.jpg","width":450,"height":450,"caption":"Diarsanyl"},{"@type":"BreadcrumbList","@id":"https:\/\/p4p-nl.bootmine.com\/%product-slug%\/diarsanyl-plus#breadcrumb","itemListElement":[{"@type":"ListItem","position":1,"name":"Home","item":"https:\/\/p4p-nl.bootmine.com\/"},{"@type":"ListItem","position":2,"name":"Winkel","item":"https:\/\/p4p-nl.bootmine.com\/winkel"},{"@type":"ListItem","position":3,"name":"Diarsanyl Plus"}]},{"@type":"WebSite","@id":"http:\/\/www.pharmacy4pets.nl\/#website","url":"http:\/\/www.pharmacy4pets.nl\/","name":"Pharmacy4pets","description":"Pharmacy4pets.nl is d\u00e9 online apotheek waar u terecht kunt voor alle diergeneesmiddelen, verzorgingsproducten en dieetvoeding voor uw huisdier.","publisher":{"@id":"http:\/\/www.pharmacy4pets.nl\/#organization"},"potentialAction":[{"@type":"SearchAction","target":{"@type":"EntryPoint","urlTemplate":"http:\/\/www.pharmacy4pets.nl\/?s={search_term_string}"},"query-input":{"@type":"PropertyValueSpecification","valueRequired":true,"valueName":"search_term_string"}}],"inLanguage":"nl-NL"},{"@type":"Organization","@id":"http:\/\/www.pharmacy4pets.nl\/#organization","name":"Pharmacy4pets","url":"http:\/\/www.pharmacy4pets.nl\/","logo":{"@type":"ImageObject","inLanguage":"nl-NL","@id":"http:\/\/www.pharmacy4pets.nl\/#\/schema\/logo\/image\/","url":"https:\/\/p4p-nl.bootmine.com\/wp-content\/uploads\/2026\/03\/logo-pharmacy4pets.png","contentUrl":"https:\/\/p4p-nl.bootmine.com\/wp-content\/uploads\/2026\/03\/logo-pharmacy4pets.png","width":1024,"height":135,"caption":"Pharmacy4pets"},"image":{"@id":"http:\/\/www.pharmacy4pets.nl\/#\/schema\/logo\/image\/"},"sameAs":["https:\/\/www.facebook.com\/people\/Pharmacy4petsnl\/100063484989896\/","https:\/\/www.youtube.com\/channel\/UCGPTIgucgli03tP2_kvLkHg\/featured","https:\/\/www.instagram.com\/pharmacy4pets.nl"]}]}},"market_data":{"nl":{"price":0,"sale_price":0,"active":false,"url":null,"parent_url":"","tax_rate":0,"price_inc_tax":0,"sale_price_inc_tax":0},"de":{"price":0,"sale_price":0,"active":false,"url":null,"parent_url":"","tax_rate":0,"price_inc_tax":0,"sale_price_inc_tax":0},"be":{"price":0,"sale_price":0,"active":false,"url":null,"parent_url":"","tax_rate":0,"price_inc_tax":0,"sale_price_inc_tax":0},"fr":{"price":0,"sale_price":0,"active":false,"url":null,"parent_url":"","tax_rate":0,"price_inc_tax":0,"sale_price_inc_tax":0},"ch":{"price":0,"sale_price":0,"active":false,"url":null,"parent_url":"","tax_rate":0,"price_inc_tax":0,"sale_price_inc_tax":0},"at":{"price":0,"sale_price":0,"active":false,"url":null,"parent_url":"","tax_rate":0,"price_inc_tax":0,"sale_price_inc_tax":0},"es":{"price":0,"sale_price":0,"active":false,"url":null,"parent_url":"","tax_rate":0,"price_inc_tax":0,"sale_price_inc_tax":0},"dk":{"price":0,"sale_price":0,"active":false,"url":null,"parent_url":"","tax_rate":0,"price_inc_tax":0,"sale_price_inc_tax":0},"com":{"price":0,"sale_price":0,"active":false,"url":null,"parent_url":"","tax_rate":0,"price_inc_tax":0,"sale_price_inc_tax":0}},"market_nl_price":0,"market_nl_sale_price":0,"market_nl_active":false,"market_nl_url":null,"market_nl_parent_url":"","market_nl_tax_rate":0,"market_nl_price_inc_tax":0,"market_nl_sale_price_inc_tax":0,"market_de_price":0,"market_de_sale_price":0,"market_de_active":false,"market_de_url":null,"market_de_parent_url":"","market_de_tax_rate":0,"market_de_price_inc_tax":0,"market_de_sale_price_inc_tax":0,"market_be_price":0,"market_be_sale_price":0,"market_be_active":false,"market_be_url":null,"market_be_parent_url":"","market_be_tax_rate":0,"market_be_price_inc_tax":0,"market_be_sale_price_inc_tax":0,"market_fr_price":0,"market_fr_sale_price":0,"market_fr_active":false,"market_fr_url":null,"market_fr_parent_url":"","market_fr_tax_rate":0,"market_fr_price_inc_tax":0,"market_fr_sale_price_inc_tax":0,"market_ch_price":0,"market_ch_sale_price":0,"market_ch_active":false,"market_ch_url":null,"market_ch_parent_url":"","market_ch_tax_rate":0,"market_ch_price_inc_tax":0,"market_ch_sale_price_inc_tax":0,"market_at_price":0,"market_at_sale_price":0,"market_at_active":false,"market_at_url":null,"market_at_parent_url":"","market_at_tax_rate":0,"market_at_price_inc_tax":0,"market_at_sale_price_inc_tax":0,"market_es_price":0,"market_es_sale_price":0,"market_es_active":false,"market_es_url":null,"market_es_parent_url":"","market_es_tax_rate":0,"market_es_price_inc_tax":0,"market_es_sale_price_inc_tax":0,"market_dk_price":0,"market_dk_sale_price":0,"market_dk_active":false,"market_dk_url":null,"market_dk_parent_url":"","market_dk_tax_rate":0,"market_dk_price_inc_tax":0,"market_dk_sale_price_inc_tax":0,"market_com_price":0,"market_com_sale_price":0,"market_com_active":false,"market_com_url":null,"market_com_parent_url":"","market_com_tax_rate":0,"market_com_price_inc_tax":0,"market_com_sale_price_inc_tax":0,"acf":[],"_links":{"self":[{"href":"https:\/\/www.pharmacy4pets.nl\/be\/wp-json\/wp\/v2\/product\/116353","targetHints":{"allow":["GET"]}}],"collection":[{"href":"https:\/\/www.pharmacy4pets.nl\/be\/wp-json\/wp\/v2\/product"}],"about":[{"href":"https:\/\/www.pharmacy4pets.nl\/be\/wp-json\/wp\/v2\/types\/product"}],"replies":[{"embeddable":true,"href":"https:\/\/www.pharmacy4pets.nl\/be\/wp-json\/wp\/v2\/comments?post=116353"}],"wp:featuredmedia":[{"embeddable":true,"href":"https:\/\/www.pharmacy4pets.nl\/be\/wp-json\/wp\/v2\/media\/116352"}],"wp:attachment":[{"href":"https:\/\/www.pharmacy4pets.nl\/be\/wp-json\/wp\/v2\/media?parent=116353"}],"wp:term":[{"taxonomy":"product_brand","embeddable":true,"href":"https:\/\/www.pharmacy4pets.nl\/be\/wp-json\/wp\/v2\/product_brand?post=116353"},{"taxonomy":"product_cat","embeddable":true,"href":"https:\/\/www.pharmacy4pets.nl\/be\/wp-json\/wp\/v2\/product_cat?post=116353"},{"taxonomy":"product_tag","embeddable":true,"href":"https:\/\/www.pharmacy4pets.nl\/be\/wp-json\/wp\/v2\/product_tag?post=116353"}],"curies":[{"name":"wp","href":"https:\/\/api.w.org\/{rel}","templated":true}]}}