{"id":116336,"date":"2014-06-16T09:44:49","date_gmt":"2014-06-16T09:44:49","guid":{"rendered":"https:\/\/p4p.test\/telizen"},"modified":"2026-03-25T11:54:47","modified_gmt":"2026-03-25T11:54:47","slug":"telizen","status":"publish","type":"product","link":"https:\/\/www.pharmacy4pets.nl\/be\/telizen","title":{"rendered":"Telizen"},"content":{"rendered":"<h1 style=\"text-align: justify;\">Telizen<\/h1>\n<p style=\"text-align: justify;\">Telizen is een smakelijk, rustgevend voedingssupplement voor honden en katten met als werkzame stof L-theanine. L-theanine is een aminozuur dat bekend staat om zijn\u00a0 werking op de hersenen. Telizen vermindert het angstgedrag en heeft een kalmerende werking zonder dat er bijwerkingen als slaperigheid en sufheid optreden. Daarnaast kan het prima gecombineerd worden met gedragstherapie, de combinatie zorgt voor een situatie waarin het leervermogen zo optimaal mogelijk is en de Telizen maakt de hersenen ontvankelijker voor therapie. Telizen S en Telizen M &amp; L kunnen worden ingezet bij angst op straat, angst voor mensen of andere dieren, angst door verandering van woon- of familiesituatie of angst voor een bepaalde situatie. De verpakking bevat 30 smakelijke tabletten.<\/p>\n<table border=\"1\">\n<thead>\n<tr>\n<td colspan=\"2\" align=\"center\" bgcolor=\"#DEE7B8\" width=\"380\">\n<p class=\"bold\" style=\"text-align: center;\"><strong>Dosering<\/strong><\/p>\n<\/td>\n<\/tr>\n<\/thead>\n<tbody>\n<tr>\n<td width=\"204\"><strong><em>Gewicht van de hond\/kat<\/em><\/strong><\/td>\n<td width=\"234\"><strong><em>Optimale dosering<\/em><\/strong><\/td>\n<\/tr>\n<tr>\n<td>Kat<\/td>\n<td>2x daags 0,5 tablet Telizen S<\/td>\n<\/tr>\n<tr>\n<td>Hond onder 10 kg<\/td>\n<td>2x daags 0,5 tablet Telizen S<\/td>\n<\/tr>\n<tr>\n<td>Hond 10-25 kg<\/td>\n<td>2x daags 0,5 tablet Telizen M&amp;L<\/td>\n<\/tr>\n<tr>\n<td>Hond boven 25 kg<\/td>\n<td>2x daags 1 tablet Telizen M&amp;L<\/td>\n<\/tr>\n<\/tbody>\n<\/table>\n<p><!--10--><\/p>\n","protected":false},"excerpt":{"rendered":"<p>Telizen Telizen is een smakelijk, rustgevend voedingssupplement voor honden en katten met als werkzame stof L-theanine. L-theanine is een aminozuur dat bekend staat om zijn\u00a0 werking op de hersenen. Telizen vermindert het angstgedrag en heeft een kalmerende werking zonder dat er bijwerkingen als slaperigheid en sufheid optreden. Daarnaast kan het prima gecombineerd worden met gedragstherapie, [&hellip;]<\/p>\n","protected":false},"featured_media":116333,"comment_status":"open","ping_status":"closed","template":"","meta":{"_acf_changed":false,"_nl_post_content":"<h1 style=\"text-align: justify;\">Telizen<\/h1>\n<p style=\"text-align: justify;\">Telizen is een smakelijk, rustgevend voedingssupplement voor honden en katten met als werkzame stof L-theanine. L-theanine is een aminozuur dat bekend staat om zijn\u00a0 werking op de hersenen. Telizen vermindert het angstgedrag en heeft een kalmerende werking zonder dat er bijwerkingen als slaperigheid en sufheid optreden. Daarnaast kan het prima gecombineerd worden met gedragstherapie, de combinatie zorgt voor een situatie waarin het leervermogen zo optimaal mogelijk is en de Telizen maakt de hersenen ontvankelijker voor therapie. Telizen S en Telizen M &amp; L kunnen worden ingezet bij angst op straat, angst voor mensen of andere dieren, angst door verandering van woon- of familiesituatie of angst voor een bepaalde situatie. De verpakking bevat 30 smakelijke tabletten.<\/p>\n<table border=\"1\">\n<thead>\n<tr>\n<td colspan=\"2\" align=\"center\" bgcolor=\"#DEE7B8\" width=\"380\">\n<p class=\"bold\" style=\"text-align: center;\"><strong>Dosering<\/strong><\/p>\n<\/td>\n<\/tr>\n<\/thead>\n<tbody>\n<tr>\n<td width=\"204\"><strong><em>Gewicht van de hond\/kat<\/em><\/strong><\/td>\n<td width=\"234\"><strong><em>Optimale dosering<\/em><\/strong><\/td>\n<\/tr>\n<tr>\n<td>Kat<\/td>\n<td>2x daags 0,5 tablet Telizen S<\/td>\n<\/tr>\n<tr>\n<td>Hond onder 10 kg<\/td>\n<td>2x daags 0,5 tablet Telizen S<\/td>\n<\/tr>\n<tr>\n<td>Hond 10-25 kg<\/td>\n<td>2x daags 0,5 tablet Telizen M&amp;L<\/td>\n<\/tr>\n<tr>\n<td>Hond boven 25 kg<\/td>\n<td>2x daags 1 tablet Telizen M&amp;L<\/td>\n<\/tr>\n<\/tbody>\n<\/table>\n<!--10-->","_nl_post_name":"telizen","_nl_post_excerpt":"","_nl_post_title":"Telizen","_en_post_content":"<p style=\"text-align: justify;\">Telizen is a tasty, calming food supplement for dogs and cats with the active ingredient L-theanine. L-theanine is an amino acid which is known for its effect on the brain. Telizen reduces anxiety and has a calming effect without side effects like sleepiness and drowsiness. Telizen can be combined perfectly with behaviour therapy, the combination facilitates a situation in which the ability to learn is optimal. Telizen also makes the brain more receptive to therapy. Telizen S and Telizen M &amp; L&nbsp; can be used for fear on the streets, fear of people or other animals, anxiety due to change of residence or family situation or fear of a particular situation. The package contains 30 tablets.<\/p>\r\n<table style=\"\" border=\"1\">\r\n<thead>\r\n<tr>\r\n<td colspan=\"2\" width=\"380\" align=\"center\" bgcolor=\"#DEE7B8\">\r\n<p style=\"text-align: center;\" class=\"bold\"><strong><span id=\"result_box\" class=\"short_text\" lang=\"en\"><span class=\"hps\">Dosage<\/span><\/span><\/strong><\/p>\r\n<\/td>\r\n<\/tr>\r\n<\/thead>\r\n<tbody>\r\n<tr>\r\n<td width=\"204\"><strong><em><strong>Body weight of the dog\/cat<\/strong><\/em><\/strong><\/td>\r\n<td width=\"234\"><strong><em><span id=\"result_box\" class=\"short_text\" lang=\"en\"><span class=\"hps\">Optimal <strong><span id=\"result_box\" class=\"short_text\" lang=\"en\"><span class=\"hps\">dosage<\/span><\/span><\/strong><br \/><\/span><\/span><\/em><\/strong><\/td>\r\n<\/tr>\r\n<tr>\r\n<td>Cat<\/td>\r\n<td>Twice a day 0.5 tablet Telizen S<\/td>\r\n<\/tr>\r\n<tr>\r\n<td>Dog under 10 kg<\/td>\r\n<td>Twice a day 0.5 tablet Telizen S<\/td>\r\n<\/tr>\r\n<tr>\r\n<td>Dog 10-25 kg<\/td>\r\n<td>Twice a day 0.5 tablet Telizen M&amp;L<\/td>\r\n<\/tr>\r\n<tr>\r\n<td>Dog above 25 kg<\/td>\r\n<td>Twice a day 1 tablet Telizen M&amp;L<\/td>\r\n<\/tr>\r\n<\/tbody>\r\n<\/table>","_en_post_name":"telizen","_en_post_excerpt":"","_en_post_title":"Telizen ","_de_post_content":"<h1 style=\"text-align: justify;\">Telizen<\/h1>\n<p style=\"text-align: justify;\">Telizen ist ein leckeres, beruhigenden Nahrungserg\u00e4nzungsmittel f\u00fcr Hunde und Katzen. Telizen reduziert die Verhaltensweisen die mit Angst verbunden sind, hilft das Tier ruhig sein und f\u00f6rdert die Entspannung ohne Nebenwirkungen, wie Schl\u00e4frigkeit oder andere Unannehmlichkeiten. Telizen kann perfekt mit Verhaltenstherapie kombiniert werden, die Kombination erleichtert eine Situation, in der die F\u00e4higkeit zu lernen optimal ist. Die Telizen macht auch das Gehirn empf\u00e4nglicher f\u00fcr Therapie. Telizen kann verwendet werden f\u00fcr Angst auf die Strasse, Angst vor Menschen oder anderen Tieren, Angst durch Wechsel des Wohnsitzes oder der famili\u00e4ren Situation oder Angst vor einer bestimmten Situation. Die Packung enth\u00e4lt 30 Tabletten.<\/p>\n<table border=\"1\">\n<thead>\n<tr>\n<td colspan=\"2\" align=\"center\" bgcolor=\"#DEE7B8\" width=\"380\">\n<p class=\"bold\" style=\"text-align: center;\"><strong>Dosierung<\/strong><\/p>\n<\/td>\n<\/tr>\n<\/thead>\n<tbody>\n<tr>\n<td width=\"204\"><strong><em>K\u00f6rpergewicht des Hundes\/der Katze<br \/><\/em><\/strong><\/td>\n<td width=\"234\"><strong><em>Optimalem Dosierung<\/em><\/strong><\/td>\n<\/tr>\n<tr>\n<td>Katze<\/td>\n<td>2x pro Tag 0,5 Tablet Telizen S<\/td>\n<\/tr>\n<tr>\n<td>Hund unter 10 kg<\/td>\n<td>2x pro Tag 0,5 Tablet Telizen S<\/td>\n<\/tr>\n<tr>\n<td>Hund 10-25 kg<\/td>\n<td>2x pro Tag 0,5 Tablet Telizen M&amp;L<\/td>\n<\/tr>\n<tr>\n<td>Hund \u00fcber 25 kg<\/td>\n<td>2x pro Tag 1 Tablet Telizen M&amp;L<\/td>\n<\/tr>\n<\/tbody>\n<\/table>","_de_post_name":"telizen","_de_post_excerpt":"","_de_post_title":"Telizen","_fr_post_content":"<p style=\"text-align: justify;\">Telizen, &eacute;galement connu sous le nom d'Anxitane, est un compl&eacute;ment alimentaire savoureux et apaisant pour les chiens et les chats, dont le composant principal est la L-th&eacute;anine. La L-th&eacute;anine est un acide amin&eacute; connu pour son action sur le cerveau. Telizen de Virbac r&eacute;duit l'anxi&eacute;t&eacute; et a un effet calmant sans effets secondaires tels que la somnolence et l'endormissement. De plus, il peut &ecirc;tre parfaitement combin&eacute; avec la th&eacute;rapie comportementale, la combinaison cr&eacute;e une situation o&ugrave; la capacit&eacute; d'apprentissage est aussi optimale que possible et Telizen rend le cerveau plus r&eacute;ceptif &agrave; la th&eacute;rapie. Telizen S et Telizen M &amp; L peuvent &ecirc;tre utilis&eacute;s pour la peur dans la rue, la peur des personnes ou d'autres animaux, la peur due &agrave; un changement de vie ou de situation familiale ou la peur d'une certaine situation. Le paquet contient 30 comprim&eacute;s savoureux.<\/p>\r\n<p><\/p>\r\n<p><\/p>\r\n<table border=\"1\" style=\"\">\r\n<thead>\r\n<tr>\r\n<td align=\"center\" bgcolor=\"#DEE7B8\" colspan=\"2\" width=\"380\">\r\n<p class=\"bold\" style=\"text-align: center;\"><strong>Dosage<\/strong><\/p>\r\n<\/td>\r\n<\/tr>\r\n<\/thead>\r\n<tbody>\r\n<tr>\r\n<td width=\"204\"><strong><em>Poids du chien\/chat<\/em><\/strong><\/td>\r\n<td width=\"234\"><strong><em>Dosage optimal<\/em><\/strong><\/td>\r\n<\/tr>\r\n<tr>\r\n<td>Chat<\/td>\r\n<td>2x par jour 0,5 comprim&eacute; Telizen S<\/td>\r\n<\/tr>\r\n<tr>\r\n<td>Chien moins de 10 kg<\/td>\r\n<td>2x par jour&nbsp;0,5 comprim&eacute;Telizen S<\/td>\r\n<\/tr>\r\n<tr>\r\n<td>Chien 10-25 kg<\/td>\r\n<td>2x par jour&nbsp;0,5 comprim&eacute; Telizen M&amp;L<\/td>\r\n<\/tr>\r\n<tr>\r\n<td>Chien plus de 25 kg<\/td>\r\n<td>2x par jour&nbsp;1 comprim&eacute;&nbsp;Telizen M&amp;L<\/td>\r\n<\/tr>\r\n<\/tbody>\r\n<\/table>\r\n<!--10-->","_fr_post_name":"telizen","_fr_post_excerpt":"","_fr_post_title":"Telizen","_es_post_content":"<p style=\"text-align: justify;\">Telizen, conocido tambi&eacute;n como Anxitane, es un suplemento nutricional sabroso y relajante para perros y gatos con L-teanina como componente principal. La L-teanina es un amino&aacute;cido conocido por su acci&oacute;n en el cerebro. Telizen de Virbac reduce la ansiedad y tiene un efecto calmante sin efectos secundarios como la somnolencia y el sue&ntilde;o. Adem&aacute;s, puede combinarse perfectamente con la terapia de conducta, la combinaci&oacute;n crea una situaci&oacute;n en la que la capacidad de aprendizaje es lo m&aacute;s &oacute;ptima posible y Telizen hace que el cerebro sea m&aacute;s receptivo a la terapia. Telizen S y Telizen M &amp; L pueden utilizarse para el miedo en la calle, a las personas u otros animales, &nbsp;a un cambio de vida o situaci&oacute;n familiar o a una determinada situaci&oacute;n. El paquete contiene 30 sabrosas tabletas.<\/p>\r\n<p><\/p>\r\n<p><\/p>\r\n<table border=\"1\" style=\"\">\r\n<thead>\r\n<tr>\r\n<td align=\"center\" bgcolor=\"#DEE7B8\" colspan=\"2\" width=\"380\">\r\n<p class=\"bold\" style=\"text-align: center;\"><strong>Dosificaci&oacute;n<\/strong><\/p>\r\n<\/td>\r\n<\/tr>\r\n<\/thead>\r\n<tbody>\r\n<tr>\r\n<td width=\"204\"><strong><em>Peso del perro\/gato<\/em><\/strong><\/td>\r\n<td width=\"234\"><strong><em>Dosis &oacute;ptima<\/em><\/strong><\/td>\r\n<\/tr>\r\n<tr>\r\n<td>Gatos<\/td>\r\n<td>2x al d&iacute;a&nbsp;0,5 comprimido&nbsp;Telizen S&nbsp;<\/td>\r\n<\/tr>\r\n<tr>\r\n<td>Perros de menos de&nbsp;10 kg<\/td>\r\n<td>2x al d&iacute;a&nbsp;0,5 comprimido&nbsp;Telizen S<\/td>\r\n<\/tr>\r\n<tr>\r\n<td>Perros 10-25 kg<\/td>\r\n<td>2x al d&iacute;a&nbsp;0,5 comprimido&nbsp;Telizen M&amp;L<\/td>\r\n<\/tr>\r\n<tr>\r\n<td>Perros de m&aacute;s de&nbsp;25 kg<\/td>\r\n<td>2x al d&iacute;a&nbsp;1 comprimido&nbsp;Telizen M&amp;L<\/td>\r\n<\/tr>\r\n<\/tbody>\r\n<\/table>\r\n<!--10-->","_es_post_name":"telizen-anxitane","_es_post_excerpt":"","_es_post_title":"Telizen ","edit_language":"nl"},"product_brand":[],"product_cat":[2001,1984,1117,1118,1839,1871,1857,1957,1854,1885],"product_tag":[],"class_list":{"0":"post-116336","1":"product","2":"type-product","3":"status-publish","4":"has-post-thumbnail","6":"product_cat-angst-stress","8":"product_cat-honden","9":"product_cat-katten","10":"product_cat-medicijnen-supplementen","12":"product_cat-merken","13":"product_cat-telizen-virbac","14":"product_cat-zenuwstelsel","16":"pa_aandoening-gedrag","17":"pa_doeldier-hond","18":"pa_doeldier-kat","19":"pa_fabricatieland-frankrijk","20":"pa_merkfilter-telizen","21":"pa_merkgroep-virbac","22":"pa_productsoort-voedingssupplement","23":"pa_seo_canonical_store_id-not_found_value","24":"pa_seo_category-not_found_value","25":"pa_seo_meta_robots-not_found_value","26":"pa_toedieningswijze-tabletten","27":"pa_werkzamestof-overig","29":"first","30":"instock","31":"taxable","32":"shipping-taxable","33":"product-type-grouped"},"yoast_head":"<!-- This site is optimized with the Yoast SEO plugin v27.5 - https:\/\/yoast.com\/product\/yoast-seo-wordpress\/ -->\n<title>Telizen<\/title>\n<meta name=\"robots\" content=\"index, follow, max-snippet:-1, max-image-preview:large, max-video-preview:-1\" \/>\n<link rel=\"canonical\" href=\"https:\/\/p4p-nl.bootmine.com\/%product-slug%\/telizen\" \/>\n<meta property=\"og:locale\" content=\"nl_NL\" \/>\n<meta property=\"og:type\" content=\"article\" \/>\n<meta property=\"og:title\" content=\"Telizen\" \/>\n<meta property=\"og:description\" content=\"Telizen Telizen is een smakelijk, rustgevend voedingssupplement voor honden en katten met als werkzame stof L-theanine. L-theanine is een aminozuur dat bekend staat om zijn\u00a0 werking op de hersenen. Telizen vermindert het angstgedrag en heeft een kalmerende werking zonder dat er bijwerkingen als slaperigheid en sufheid optreden. Daarnaast kan het prima gecombineerd worden met gedragstherapie, [&hellip;]\" \/>\n<meta property=\"og:url\" content=\"https:\/\/p4p-nl.bootmine.com\/%product-slug%\/telizen\" \/>\n<meta property=\"og:site_name\" content=\"Pharmacy4pets\" \/>\n<meta property=\"article:publisher\" content=\"https:\/\/www.facebook.com\/people\/Pharmacy4petsnl\/100063484989896\/\" \/>\n<meta property=\"article:modified_time\" content=\"2026-03-25T11:54:47+00:00\" \/>\n<meta property=\"og:image\" content=\"https:\/\/p4p-nl.bootmine.com\/wp-content\/uploads\/2014\/06\/99066_2.jpg\" \/>\n\t<meta property=\"og:image:width\" content=\"310\" \/>\n\t<meta property=\"og:image:height\" content=\"310\" \/>\n\t<meta property=\"og:image:type\" content=\"image\/jpeg\" \/>\n<meta name=\"twitter:card\" content=\"summary_large_image\" \/>\n<meta name=\"twitter:label1\" content=\"Geschatte leestijd\" \/>\n\t<meta name=\"twitter:data1\" content=\"1 minuut\" \/>\n<script type=\"application\/ld+json\" class=\"yoast-schema-graph\">{\"@context\":\"https:\\\/\\\/schema.org\",\"@graph\":[{\"@type\":\"WebPage\",\"@id\":\"https:\\\/\\\/p4p-nl.bootmine.com\\\/%product-slug%\\\/telizen\",\"url\":\"https:\\\/\\\/p4p-nl.bootmine.com\\\/%product-slug%\\\/telizen\",\"name\":\"Telizen\",\"isPartOf\":{\"@id\":\"http:\\\/\\\/www.pharmacy4pets.nl\\\/#website\"},\"primaryImageOfPage\":{\"@id\":\"https:\\\/\\\/p4p-nl.bootmine.com\\\/%product-slug%\\\/telizen#primaryimage\"},\"image\":{\"@id\":\"https:\\\/\\\/p4p-nl.bootmine.com\\\/%product-slug%\\\/telizen#primaryimage\"},\"thumbnailUrl\":\"https:\\\/\\\/www.pharmacy4pets.nl\\\/wp-content\\\/uploads\\\/2014\\\/06\\\/99066_2.jpg\",\"datePublished\":\"2014-06-16T09:44:49+00:00\",\"dateModified\":\"2026-03-25T11:54:47+00:00\",\"breadcrumb\":{\"@id\":\"https:\\\/\\\/p4p-nl.bootmine.com\\\/%product-slug%\\\/telizen#breadcrumb\"},\"inLanguage\":\"nl-NL\",\"potentialAction\":[{\"@type\":\"ReadAction\",\"target\":[\"https:\\\/\\\/p4p-nl.bootmine.com\\\/%product-slug%\\\/telizen\"]}]},{\"@type\":\"ImageObject\",\"inLanguage\":\"nl-NL\",\"@id\":\"https:\\\/\\\/p4p-nl.bootmine.com\\\/%product-slug%\\\/telizen#primaryimage\",\"url\":\"https:\\\/\\\/www.pharmacy4pets.nl\\\/wp-content\\\/uploads\\\/2014\\\/06\\\/99066_2.jpg\",\"contentUrl\":\"https:\\\/\\\/www.pharmacy4pets.nl\\\/wp-content\\\/uploads\\\/2014\\\/06\\\/99066_2.jpg\",\"width\":310,\"height\":310,\"caption\":\"Telizen\"},{\"@type\":\"BreadcrumbList\",\"@id\":\"https:\\\/\\\/p4p-nl.bootmine.com\\\/%product-slug%\\\/telizen#breadcrumb\",\"itemListElement\":[{\"@type\":\"ListItem\",\"position\":1,\"name\":\"Home\",\"item\":\"https:\\\/\\\/p4p-nl.bootmine.com\\\/\"},{\"@type\":\"ListItem\",\"position\":2,\"name\":\"Winkel\",\"item\":\"https:\\\/\\\/p4p-nl.bootmine.com\\\/winkel\"},{\"@type\":\"ListItem\",\"position\":3,\"name\":\"Telizen\"}]},{\"@type\":\"WebSite\",\"@id\":\"http:\\\/\\\/www.pharmacy4pets.nl\\\/#website\",\"url\":\"http:\\\/\\\/www.pharmacy4pets.nl\\\/\",\"name\":\"Pharmacy4pets\",\"description\":\"Pharmacy4pets.nl is d\u00e9 online apotheek waar u terecht kunt voor alle diergeneesmiddelen, verzorgingsproducten en dieetvoeding voor uw huisdier.\",\"publisher\":{\"@id\":\"http:\\\/\\\/www.pharmacy4pets.nl\\\/#organization\"},\"potentialAction\":[{\"@type\":\"SearchAction\",\"target\":{\"@type\":\"EntryPoint\",\"urlTemplate\":\"http:\\\/\\\/www.pharmacy4pets.nl\\\/?s={search_term_string}\"},\"query-input\":{\"@type\":\"PropertyValueSpecification\",\"valueRequired\":true,\"valueName\":\"search_term_string\"}}],\"inLanguage\":\"nl-NL\"},{\"@type\":\"Organization\",\"@id\":\"http:\\\/\\\/www.pharmacy4pets.nl\\\/#organization\",\"name\":\"Pharmacy4pets\",\"url\":\"http:\\\/\\\/www.pharmacy4pets.nl\\\/\",\"logo\":{\"@type\":\"ImageObject\",\"inLanguage\":\"nl-NL\",\"@id\":\"http:\\\/\\\/www.pharmacy4pets.nl\\\/#\\\/schema\\\/logo\\\/image\\\/\",\"url\":\"https:\\\/\\\/p4p-nl.bootmine.com\\\/wp-content\\\/uploads\\\/2026\\\/03\\\/logo-pharmacy4pets.png\",\"contentUrl\":\"https:\\\/\\\/p4p-nl.bootmine.com\\\/wp-content\\\/uploads\\\/2026\\\/03\\\/logo-pharmacy4pets.png\",\"width\":1024,\"height\":135,\"caption\":\"Pharmacy4pets\"},\"image\":{\"@id\":\"http:\\\/\\\/www.pharmacy4pets.nl\\\/#\\\/schema\\\/logo\\\/image\\\/\"},\"sameAs\":[\"https:\\\/\\\/www.facebook.com\\\/people\\\/Pharmacy4petsnl\\\/100063484989896\\\/\",\"https:\\\/\\\/www.youtube.com\\\/channel\\\/UCGPTIgucgli03tP2_kvLkHg\\\/featured\",\"https:\\\/\\\/www.instagram.com\\\/pharmacy4pets.nl\"]}]}<\/script>\n<!-- \/ Yoast SEO plugin. -->","yoast_head_json":{"title":"Telizen","robots":{"index":"index","follow":"follow","max-snippet":"max-snippet:-1","max-image-preview":"max-image-preview:large","max-video-preview":"max-video-preview:-1"},"canonical":"https:\/\/p4p-nl.bootmine.com\/%product-slug%\/telizen","og_locale":"nl_NL","og_type":"article","og_title":"Telizen","og_description":"Telizen Telizen is een smakelijk, rustgevend voedingssupplement voor honden en katten met als werkzame stof L-theanine. L-theanine is een aminozuur dat bekend staat om zijn\u00a0 werking op de hersenen. Telizen vermindert het angstgedrag en heeft een kalmerende werking zonder dat er bijwerkingen als slaperigheid en sufheid optreden. Daarnaast kan het prima gecombineerd worden met gedragstherapie, [&hellip;]","og_url":"https:\/\/p4p-nl.bootmine.com\/%product-slug%\/telizen","og_site_name":"Pharmacy4pets","article_publisher":"https:\/\/www.facebook.com\/people\/Pharmacy4petsnl\/100063484989896\/","article_modified_time":"2026-03-25T11:54:47+00:00","og_image":[{"width":310,"height":310,"url":"https:\/\/p4p-nl.bootmine.com\/wp-content\/uploads\/2014\/06\/99066_2.jpg","type":"image\/jpeg"}],"twitter_card":"summary_large_image","twitter_misc":{"Geschatte leestijd":"1 minuut"},"schema":{"@context":"https:\/\/schema.org","@graph":[{"@type":"WebPage","@id":"https:\/\/p4p-nl.bootmine.com\/%product-slug%\/telizen","url":"https:\/\/p4p-nl.bootmine.com\/%product-slug%\/telizen","name":"Telizen","isPartOf":{"@id":"http:\/\/www.pharmacy4pets.nl\/#website"},"primaryImageOfPage":{"@id":"https:\/\/p4p-nl.bootmine.com\/%product-slug%\/telizen#primaryimage"},"image":{"@id":"https:\/\/p4p-nl.bootmine.com\/%product-slug%\/telizen#primaryimage"},"thumbnailUrl":"https:\/\/www.pharmacy4pets.nl\/wp-content\/uploads\/2014\/06\/99066_2.jpg","datePublished":"2014-06-16T09:44:49+00:00","dateModified":"2026-03-25T11:54:47+00:00","breadcrumb":{"@id":"https:\/\/p4p-nl.bootmine.com\/%product-slug%\/telizen#breadcrumb"},"inLanguage":"nl-NL","potentialAction":[{"@type":"ReadAction","target":["https:\/\/p4p-nl.bootmine.com\/%product-slug%\/telizen"]}]},{"@type":"ImageObject","inLanguage":"nl-NL","@id":"https:\/\/p4p-nl.bootmine.com\/%product-slug%\/telizen#primaryimage","url":"https:\/\/www.pharmacy4pets.nl\/wp-content\/uploads\/2014\/06\/99066_2.jpg","contentUrl":"https:\/\/www.pharmacy4pets.nl\/wp-content\/uploads\/2014\/06\/99066_2.jpg","width":310,"height":310,"caption":"Telizen"},{"@type":"BreadcrumbList","@id":"https:\/\/p4p-nl.bootmine.com\/%product-slug%\/telizen#breadcrumb","itemListElement":[{"@type":"ListItem","position":1,"name":"Home","item":"https:\/\/p4p-nl.bootmine.com\/"},{"@type":"ListItem","position":2,"name":"Winkel","item":"https:\/\/p4p-nl.bootmine.com\/winkel"},{"@type":"ListItem","position":3,"name":"Telizen"}]},{"@type":"WebSite","@id":"http:\/\/www.pharmacy4pets.nl\/#website","url":"http:\/\/www.pharmacy4pets.nl\/","name":"Pharmacy4pets","description":"Pharmacy4pets.nl is d\u00e9 online apotheek waar u terecht kunt voor alle diergeneesmiddelen, verzorgingsproducten en dieetvoeding voor uw huisdier.","publisher":{"@id":"http:\/\/www.pharmacy4pets.nl\/#organization"},"potentialAction":[{"@type":"SearchAction","target":{"@type":"EntryPoint","urlTemplate":"http:\/\/www.pharmacy4pets.nl\/?s={search_term_string}"},"query-input":{"@type":"PropertyValueSpecification","valueRequired":true,"valueName":"search_term_string"}}],"inLanguage":"nl-NL"},{"@type":"Organization","@id":"http:\/\/www.pharmacy4pets.nl\/#organization","name":"Pharmacy4pets","url":"http:\/\/www.pharmacy4pets.nl\/","logo":{"@type":"ImageObject","inLanguage":"nl-NL","@id":"http:\/\/www.pharmacy4pets.nl\/#\/schema\/logo\/image\/","url":"https:\/\/p4p-nl.bootmine.com\/wp-content\/uploads\/2026\/03\/logo-pharmacy4pets.png","contentUrl":"https:\/\/p4p-nl.bootmine.com\/wp-content\/uploads\/2026\/03\/logo-pharmacy4pets.png","width":1024,"height":135,"caption":"Pharmacy4pets"},"image":{"@id":"http:\/\/www.pharmacy4pets.nl\/#\/schema\/logo\/image\/"},"sameAs":["https:\/\/www.facebook.com\/people\/Pharmacy4petsnl\/100063484989896\/","https:\/\/www.youtube.com\/channel\/UCGPTIgucgli03tP2_kvLkHg\/featured","https:\/\/www.instagram.com\/pharmacy4pets.nl"]}]}},"market_data":{"nl":{"price":0,"sale_price":0,"active":false,"url":null,"parent_url":"","tax_rate":0,"price_inc_tax":0,"sale_price_inc_tax":0},"de":{"price":0,"sale_price":0,"active":false,"url":null,"parent_url":"","tax_rate":0,"price_inc_tax":0,"sale_price_inc_tax":0},"be":{"price":0,"sale_price":0,"active":false,"url":null,"parent_url":"","tax_rate":0,"price_inc_tax":0,"sale_price_inc_tax":0},"fr":{"price":0,"sale_price":0,"active":false,"url":null,"parent_url":"","tax_rate":0,"price_inc_tax":0,"sale_price_inc_tax":0},"ch":{"price":0,"sale_price":0,"active":false,"url":null,"parent_url":"","tax_rate":0,"price_inc_tax":0,"sale_price_inc_tax":0},"at":{"price":0,"sale_price":0,"active":false,"url":null,"parent_url":"","tax_rate":0,"price_inc_tax":0,"sale_price_inc_tax":0},"es":{"price":0,"sale_price":0,"active":false,"url":null,"parent_url":"","tax_rate":0,"price_inc_tax":0,"sale_price_inc_tax":0},"dk":{"price":0,"sale_price":0,"active":false,"url":null,"parent_url":"","tax_rate":0,"price_inc_tax":0,"sale_price_inc_tax":0},"com":{"price":0,"sale_price":0,"active":false,"url":null,"parent_url":"","tax_rate":0,"price_inc_tax":0,"sale_price_inc_tax":0}},"market_nl_price":0,"market_nl_sale_price":0,"market_nl_active":false,"market_nl_url":null,"market_nl_parent_url":"","market_nl_tax_rate":0,"market_nl_price_inc_tax":0,"market_nl_sale_price_inc_tax":0,"market_de_price":0,"market_de_sale_price":0,"market_de_active":false,"market_de_url":null,"market_de_parent_url":"","market_de_tax_rate":0,"market_de_price_inc_tax":0,"market_de_sale_price_inc_tax":0,"market_be_price":0,"market_be_sale_price":0,"market_be_active":false,"market_be_url":null,"market_be_parent_url":"","market_be_tax_rate":0,"market_be_price_inc_tax":0,"market_be_sale_price_inc_tax":0,"market_fr_price":0,"market_fr_sale_price":0,"market_fr_active":false,"market_fr_url":null,"market_fr_parent_url":"","market_fr_tax_rate":0,"market_fr_price_inc_tax":0,"market_fr_sale_price_inc_tax":0,"market_ch_price":0,"market_ch_sale_price":0,"market_ch_active":false,"market_ch_url":null,"market_ch_parent_url":"","market_ch_tax_rate":0,"market_ch_price_inc_tax":0,"market_ch_sale_price_inc_tax":0,"market_at_price":0,"market_at_sale_price":0,"market_at_active":false,"market_at_url":null,"market_at_parent_url":"","market_at_tax_rate":0,"market_at_price_inc_tax":0,"market_at_sale_price_inc_tax":0,"market_es_price":0,"market_es_sale_price":0,"market_es_active":false,"market_es_url":null,"market_es_parent_url":"","market_es_tax_rate":0,"market_es_price_inc_tax":0,"market_es_sale_price_inc_tax":0,"market_dk_price":0,"market_dk_sale_price":0,"market_dk_active":false,"market_dk_url":null,"market_dk_parent_url":"","market_dk_tax_rate":0,"market_dk_price_inc_tax":0,"market_dk_sale_price_inc_tax":0,"market_com_price":0,"market_com_sale_price":0,"market_com_active":false,"market_com_url":null,"market_com_parent_url":"","market_com_tax_rate":0,"market_com_price_inc_tax":0,"market_com_sale_price_inc_tax":0,"acf":[],"_links":{"self":[{"href":"https:\/\/www.pharmacy4pets.nl\/be\/wp-json\/wp\/v2\/product\/116336","targetHints":{"allow":["GET"]}}],"collection":[{"href":"https:\/\/www.pharmacy4pets.nl\/be\/wp-json\/wp\/v2\/product"}],"about":[{"href":"https:\/\/www.pharmacy4pets.nl\/be\/wp-json\/wp\/v2\/types\/product"}],"replies":[{"embeddable":true,"href":"https:\/\/www.pharmacy4pets.nl\/be\/wp-json\/wp\/v2\/comments?post=116336"}],"wp:featuredmedia":[{"embeddable":true,"href":"https:\/\/www.pharmacy4pets.nl\/be\/wp-json\/wp\/v2\/media\/116333"}],"wp:attachment":[{"href":"https:\/\/www.pharmacy4pets.nl\/be\/wp-json\/wp\/v2\/media?parent=116336"}],"wp:term":[{"taxonomy":"product_brand","embeddable":true,"href":"https:\/\/www.pharmacy4pets.nl\/be\/wp-json\/wp\/v2\/product_brand?post=116336"},{"taxonomy":"product_cat","embeddable":true,"href":"https:\/\/www.pharmacy4pets.nl\/be\/wp-json\/wp\/v2\/product_cat?post=116336"},{"taxonomy":"product_tag","embeddable":true,"href":"https:\/\/www.pharmacy4pets.nl\/be\/wp-json\/wp\/v2\/product_tag?post=116336"}],"curies":[{"name":"wp","href":"https:\/\/api.w.org\/{rel}","templated":true}]}}