{"id":116303,"date":"2014-06-06T14:31:46","date_gmt":"2014-06-06T14:31:46","guid":{"rendered":"https:\/\/p4p.test\/lax-a-past-70-gram-2"},"modified":"2026-04-14T08:01:31","modified_gmt":"2026-04-14T08:01:31","slug":"lax-a-past-70-gram","status":"publish","type":"product","link":"https:\/\/www.pharmacy4pets.nl\/be\/lax-a-past-70-gram","title":{"rendered":"Lax-A-Past 70 gram"},"content":{"rendered":"<p>Lax-A-Past is een voedingssupplement in pastavorm voor katten met spijsverteringsproblemen. Katten hebben de typische gewoonte langdurig de vacht te likken waardoor veel haar wordt opgenomen. Dit fenomeen komt nog meer voor bij katten die weinig buiten komen en zodoende weinig haar op een natuurlijke wijze verliezen. Door het opgenomen haar kunnen spijsverteringsproblemen ontstaan, hetgeen zich kan uiten in braken, droge hoest en constipatie. De pasta dient uitsluitend oraal toegediend te worden.<\/p>\n","protected":false},"excerpt":{"rendered":"<p>Lax-A-Past is een voedingssupplement in pastavorm voor katten met spijsverteringsproblemen. Katten hebben de typische gewoonte langdurig de vacht te likken waardoor veel haar wordt opgenomen. Dit fenomeen komt nog meer voor bij katten die weinig buiten komen en zodoende weinig haar op een natuurlijke wijze verliezen. Door het opgenomen haar kunnen spijsverteringsproblemen ontstaan, hetgeen zich [&hellip;]<\/p>\n","protected":false},"featured_media":116300,"comment_status":"open","ping_status":"closed","template":"","meta":{"_acf_changed":false,"_nl_post_content":"Lax-A-Past is een voedingssupplement in pastavorm voor katten met spijsverteringsproblemen. Katten hebben de typische gewoonte langdurig de vacht te likken waardoor veel haar wordt opgenomen. Dit fenomeen komt nog meer voor bij katten die weinig buiten komen en zodoende weinig haar op een natuurlijke wijze verliezen. Door het opgenomen haar kunnen spijsverteringsproblemen ontstaan, hetgeen zich kan uiten in braken, droge hoest en constipatie. De pasta dient uitsluitend oraal toegediend te worden.","_nl_post_name":"lax-a-past-70-gram","_nl_post_excerpt":"","_nl_post_title":"Lax-A-Past 70 gram","_en_post_content":"Lax-A-Past is a dietary supplement in paste form for cats with digestive problems. Cats have the typical habit of licking the coat for a longer time, which causes much hair to be absorbed. This phenomenon is more common in cats who do not come outside much and thus do not lose hair in a natural way. Because of the absorption of hair digestive problems can occur, which can manifest itself in vomiting, dry cough and constipation. The pasta should only be administered orally.\r\n","_en_post_name":"lax-a-past-70-gram","_en_post_excerpt":"","_en_post_title":"Lax-A-Past 70 gram","_de_post_content":"Lax-A-Past ist ein Nahrungserg\u00e4nzungsmittel in Form von Pasten f\u00fcr Katzen mit Verdauungsproblemen. Katzen haben das typische Gewohnheit  lange Zeit der Pelz zu lecken wodurch viele Haare aufgenehmt werden. Dieses Ph\u00e4nomen ist h\u00e4ufiger bei Katzen die nur wenige drau\u00dfen kommen und so wenig Haare auf nat\u00fcrliche Weise verlieren. Dadurch k\u00f6nnen Verdauungsprobleme auftreten, die sich in Erbrechen, trockener Husten und Verstopfung \u00e4u\u00dfern kann. Die Pasta sollte ausschlie\u00dflich oral verabreicht werden.\r\n","_de_post_name":"lax-a-past-70-gram","_de_post_excerpt":"","_de_post_title":"Lax-A-Past 70 Gramm","_fr_post_content":"<p>Lax-A-Past est un compl&eacute;ment alimentaire sous forme de p&acirc;te pour les chats ayant des probl&egrave;mes digestifs. Les chats ont l'habitude de l&eacute;cher leur pelage pendant longtemps, ils absorbent donc beaucoup de poils. Ce ph&eacute;nom&egrave;ne est encore plus fr&eacute;quent chez les chats qui ne sortent pas beaucoup et qui perdent donc peu de poils de fa&ccedil;on naturelle. Les cheveux absorb&eacute;s peuvent provoquer des troubles digestifs qui peuvent se manifester par des vomissements, une toux s&egrave;che et de la constipation. La p&acirc;te doit &ecirc;tre administr&eacute;e uniquement par voie orale.<\/p>","_fr_post_name":"lax-a-past-70-grammes","_fr_post_excerpt":"","_fr_post_title":"Lax-A-Past 70 grammes","_es_post_content":"<p>Lax-A-Past es un suplemento nutricional en forma de pasta para gatos con problemas digestivos. Los gatos tienen el t&iacute;pico h&aacute;bito de lamer el pelaje durante mucho tiempo, por lo que absorben mucho pelo. Este fen&oacute;meno es a&uacute;n m&aacute;s com&uacute;n en los gatos que no salen mucho y por lo tanto pierden poco pelo de forma natural. El pelo absorbido puede causar problemas digestivos, que se manifiestan en v&oacute;mitos, tos seca y estre&ntilde;imiento. La pasta debe administrarse &uacute;nicamente por v&iacute;a oral.<\/p>","_es_post_name":"lax-a-past-70-gramos","_es_post_excerpt":"","_es_post_title":"Lax-A-Past 70 gramos","edit_language":"nl"},"product_brand":[],"product_cat":[1969,1118,2059,1879,1871,1857],"product_tag":[],"class_list":{"0":"post-116303","1":"product","2":"type-product","3":"status-publish","4":"has-post-thumbnail","6":"product_cat-haarballen","7":"product_cat-katten","8":"product_cat-lax-a-past","9":"product_cat-maag-darmen","10":"product_cat-medicijnen-supplementen","11":"product_cat-merken","12":"pa_aandoening-maag_darmen","13":"pa_doeldier-kat","14":"pa_fabricatieland-nederland","15":"pa_merkfilter-lax_a_past","16":"pa_merkgroep-dechra","17":"pa_productsoort-voedingssupplement","18":"pa_seo_canonical_store_id-not_found_value","19":"pa_seo_category-not_found_value","20":"pa_seo_meta_robots-not_found_value","21":"pa_toedieningswijze-pasta","22":"pa_unit_pricing_base_measure-10g","23":"pa_unit_pricing_measure-70g","24":"pa_werkzamestof-overig","26":"first","27":"instock","28":"taxable","29":"shipping-taxable","30":"purchasable","31":"product-type-simple"},"yoast_head":"<!-- This site is optimized with the Yoast SEO plugin v27.5 - https:\/\/yoast.com\/product\/yoast-seo-wordpress\/ -->\n<title>Lax-A-Past 70 gram - Pharmacy4pets<\/title>\n<meta name=\"robots\" content=\"index, follow, max-snippet:-1, max-image-preview:large, max-video-preview:-1\" \/>\n<link rel=\"canonical\" href=\"https:\/\/p4p-nl.bootmine.com\/%product-slug%\/lax-a-past-70-gram\" \/>\n<meta property=\"og:locale\" content=\"nl_NL\" \/>\n<meta property=\"og:type\" content=\"article\" \/>\n<meta property=\"og:title\" content=\"Lax-A-Past 70 gram - Pharmacy4pets\" \/>\n<meta property=\"og:description\" content=\"Lax-A-Past is een voedingssupplement in pastavorm voor katten met spijsverteringsproblemen. Katten hebben de typische gewoonte langdurig de vacht te likken waardoor veel haar wordt opgenomen. Dit fenomeen komt nog meer voor bij katten die weinig buiten komen en zodoende weinig haar op een natuurlijke wijze verliezen. Door het opgenomen haar kunnen spijsverteringsproblemen ontstaan, hetgeen zich [&hellip;]\" \/>\n<meta property=\"og:url\" content=\"https:\/\/p4p-nl.bootmine.com\/%product-slug%\/lax-a-past-70-gram\" \/>\n<meta property=\"og:site_name\" content=\"Pharmacy4pets\" \/>\n<meta property=\"article:publisher\" content=\"https:\/\/www.facebook.com\/people\/Pharmacy4petsnl\/100063484989896\/\" \/>\n<meta property=\"article:modified_time\" content=\"2026-04-14T08:01:31+00:00\" \/>\n<meta property=\"og:image\" content=\"https:\/\/p4p-nl.bootmine.com\/wp-content\/uploads\/2014\/06\/14439_1_1.jpg\" \/>\n\t<meta property=\"og:image:width\" content=\"600\" \/>\n\t<meta property=\"og:image:height\" content=\"600\" \/>\n\t<meta property=\"og:image:type\" content=\"image\/jpeg\" \/>\n<meta name=\"twitter:card\" content=\"summary_large_image\" \/>\n<script type=\"application\/ld+json\" class=\"yoast-schema-graph\">{\"@context\":\"https:\\\/\\\/schema.org\",\"@graph\":[{\"@type\":\"WebPage\",\"@id\":\"https:\\\/\\\/p4p-nl.bootmine.com\\\/%product-slug%\\\/lax-a-past-70-gram\",\"url\":\"https:\\\/\\\/p4p-nl.bootmine.com\\\/%product-slug%\\\/lax-a-past-70-gram\",\"name\":\"Lax-A-Past 70 gram - Pharmacy4pets\",\"isPartOf\":{\"@id\":\"http:\\\/\\\/www.pharmacy4pets.nl\\\/#website\"},\"primaryImageOfPage\":{\"@id\":\"https:\\\/\\\/p4p-nl.bootmine.com\\\/%product-slug%\\\/lax-a-past-70-gram#primaryimage\"},\"image\":{\"@id\":\"https:\\\/\\\/p4p-nl.bootmine.com\\\/%product-slug%\\\/lax-a-past-70-gram#primaryimage\"},\"thumbnailUrl\":\"https:\\\/\\\/www.pharmacy4pets.nl\\\/wp-content\\\/uploads\\\/2014\\\/06\\\/14439_1_1.jpg\",\"datePublished\":\"2014-06-06T14:31:46+00:00\",\"dateModified\":\"2026-04-14T08:01:31+00:00\",\"breadcrumb\":{\"@id\":\"https:\\\/\\\/p4p-nl.bootmine.com\\\/%product-slug%\\\/lax-a-past-70-gram#breadcrumb\"},\"inLanguage\":\"nl-NL\",\"potentialAction\":[{\"@type\":\"ReadAction\",\"target\":[\"https:\\\/\\\/p4p-nl.bootmine.com\\\/%product-slug%\\\/lax-a-past-70-gram\"]}]},{\"@type\":\"ImageObject\",\"inLanguage\":\"nl-NL\",\"@id\":\"https:\\\/\\\/p4p-nl.bootmine.com\\\/%product-slug%\\\/lax-a-past-70-gram#primaryimage\",\"url\":\"https:\\\/\\\/www.pharmacy4pets.nl\\\/wp-content\\\/uploads\\\/2014\\\/06\\\/14439_1_1.jpg\",\"contentUrl\":\"https:\\\/\\\/www.pharmacy4pets.nl\\\/wp-content\\\/uploads\\\/2014\\\/06\\\/14439_1_1.jpg\",\"width\":600,\"height\":600,\"caption\":\"Lax-A-Past\"},{\"@type\":\"BreadcrumbList\",\"@id\":\"https:\\\/\\\/p4p-nl.bootmine.com\\\/%product-slug%\\\/lax-a-past-70-gram#breadcrumb\",\"itemListElement\":[{\"@type\":\"ListItem\",\"position\":1,\"name\":\"Home\",\"item\":\"https:\\\/\\\/p4p-nl.bootmine.com\\\/\"},{\"@type\":\"ListItem\",\"position\":2,\"name\":\"Winkel\",\"item\":\"https:\\\/\\\/p4p-nl.bootmine.com\\\/winkel\"},{\"@type\":\"ListItem\",\"position\":3,\"name\":\"Lax-A-Past 70 gram\"}]},{\"@type\":\"WebSite\",\"@id\":\"http:\\\/\\\/www.pharmacy4pets.nl\\\/#website\",\"url\":\"http:\\\/\\\/www.pharmacy4pets.nl\\\/\",\"name\":\"Pharmacy4pets\",\"description\":\"Pharmacy4pets.nl is d\u00e9 online apotheek waar u terecht kunt voor alle diergeneesmiddelen, verzorgingsproducten en dieetvoeding voor uw huisdier.\",\"publisher\":{\"@id\":\"http:\\\/\\\/www.pharmacy4pets.nl\\\/#organization\"},\"potentialAction\":[{\"@type\":\"SearchAction\",\"target\":{\"@type\":\"EntryPoint\",\"urlTemplate\":\"http:\\\/\\\/www.pharmacy4pets.nl\\\/?s={search_term_string}\"},\"query-input\":{\"@type\":\"PropertyValueSpecification\",\"valueRequired\":true,\"valueName\":\"search_term_string\"}}],\"inLanguage\":\"nl-NL\"},{\"@type\":\"Organization\",\"@id\":\"http:\\\/\\\/www.pharmacy4pets.nl\\\/#organization\",\"name\":\"Pharmacy4pets\",\"url\":\"http:\\\/\\\/www.pharmacy4pets.nl\\\/\",\"logo\":{\"@type\":\"ImageObject\",\"inLanguage\":\"nl-NL\",\"@id\":\"http:\\\/\\\/www.pharmacy4pets.nl\\\/#\\\/schema\\\/logo\\\/image\\\/\",\"url\":\"https:\\\/\\\/p4p-nl.bootmine.com\\\/wp-content\\\/uploads\\\/2026\\\/03\\\/logo-pharmacy4pets.png\",\"contentUrl\":\"https:\\\/\\\/p4p-nl.bootmine.com\\\/wp-content\\\/uploads\\\/2026\\\/03\\\/logo-pharmacy4pets.png\",\"width\":1024,\"height\":135,\"caption\":\"Pharmacy4pets\"},\"image\":{\"@id\":\"http:\\\/\\\/www.pharmacy4pets.nl\\\/#\\\/schema\\\/logo\\\/image\\\/\"},\"sameAs\":[\"https:\\\/\\\/www.facebook.com\\\/people\\\/Pharmacy4petsnl\\\/100063484989896\\\/\",\"https:\\\/\\\/www.youtube.com\\\/channel\\\/UCGPTIgucgli03tP2_kvLkHg\\\/featured\",\"https:\\\/\\\/www.instagram.com\\\/pharmacy4pets.nl\"]}]}<\/script>\n<!-- \/ Yoast SEO plugin. -->","yoast_head_json":{"title":"Lax-A-Past 70 gram - Pharmacy4pets","robots":{"index":"index","follow":"follow","max-snippet":"max-snippet:-1","max-image-preview":"max-image-preview:large","max-video-preview":"max-video-preview:-1"},"canonical":"https:\/\/p4p-nl.bootmine.com\/%product-slug%\/lax-a-past-70-gram","og_locale":"nl_NL","og_type":"article","og_title":"Lax-A-Past 70 gram - Pharmacy4pets","og_description":"Lax-A-Past is een voedingssupplement in pastavorm voor katten met spijsverteringsproblemen. Katten hebben de typische gewoonte langdurig de vacht te likken waardoor veel haar wordt opgenomen. Dit fenomeen komt nog meer voor bij katten die weinig buiten komen en zodoende weinig haar op een natuurlijke wijze verliezen. Door het opgenomen haar kunnen spijsverteringsproblemen ontstaan, hetgeen zich [&hellip;]","og_url":"https:\/\/p4p-nl.bootmine.com\/%product-slug%\/lax-a-past-70-gram","og_site_name":"Pharmacy4pets","article_publisher":"https:\/\/www.facebook.com\/people\/Pharmacy4petsnl\/100063484989896\/","article_modified_time":"2026-04-14T08:01:31+00:00","og_image":[{"width":600,"height":600,"url":"https:\/\/p4p-nl.bootmine.com\/wp-content\/uploads\/2014\/06\/14439_1_1.jpg","type":"image\/jpeg"}],"twitter_card":"summary_large_image","schema":{"@context":"https:\/\/schema.org","@graph":[{"@type":"WebPage","@id":"https:\/\/p4p-nl.bootmine.com\/%product-slug%\/lax-a-past-70-gram","url":"https:\/\/p4p-nl.bootmine.com\/%product-slug%\/lax-a-past-70-gram","name":"Lax-A-Past 70 gram - Pharmacy4pets","isPartOf":{"@id":"http:\/\/www.pharmacy4pets.nl\/#website"},"primaryImageOfPage":{"@id":"https:\/\/p4p-nl.bootmine.com\/%product-slug%\/lax-a-past-70-gram#primaryimage"},"image":{"@id":"https:\/\/p4p-nl.bootmine.com\/%product-slug%\/lax-a-past-70-gram#primaryimage"},"thumbnailUrl":"https:\/\/www.pharmacy4pets.nl\/wp-content\/uploads\/2014\/06\/14439_1_1.jpg","datePublished":"2014-06-06T14:31:46+00:00","dateModified":"2026-04-14T08:01:31+00:00","breadcrumb":{"@id":"https:\/\/p4p-nl.bootmine.com\/%product-slug%\/lax-a-past-70-gram#breadcrumb"},"inLanguage":"nl-NL","potentialAction":[{"@type":"ReadAction","target":["https:\/\/p4p-nl.bootmine.com\/%product-slug%\/lax-a-past-70-gram"]}]},{"@type":"ImageObject","inLanguage":"nl-NL","@id":"https:\/\/p4p-nl.bootmine.com\/%product-slug%\/lax-a-past-70-gram#primaryimage","url":"https:\/\/www.pharmacy4pets.nl\/wp-content\/uploads\/2014\/06\/14439_1_1.jpg","contentUrl":"https:\/\/www.pharmacy4pets.nl\/wp-content\/uploads\/2014\/06\/14439_1_1.jpg","width":600,"height":600,"caption":"Lax-A-Past"},{"@type":"BreadcrumbList","@id":"https:\/\/p4p-nl.bootmine.com\/%product-slug%\/lax-a-past-70-gram#breadcrumb","itemListElement":[{"@type":"ListItem","position":1,"name":"Home","item":"https:\/\/p4p-nl.bootmine.com\/"},{"@type":"ListItem","position":2,"name":"Winkel","item":"https:\/\/p4p-nl.bootmine.com\/winkel"},{"@type":"ListItem","position":3,"name":"Lax-A-Past 70 gram"}]},{"@type":"WebSite","@id":"http:\/\/www.pharmacy4pets.nl\/#website","url":"http:\/\/www.pharmacy4pets.nl\/","name":"Pharmacy4pets","description":"Pharmacy4pets.nl is d\u00e9 online apotheek waar u terecht kunt voor alle diergeneesmiddelen, verzorgingsproducten en dieetvoeding voor uw huisdier.","publisher":{"@id":"http:\/\/www.pharmacy4pets.nl\/#organization"},"potentialAction":[{"@type":"SearchAction","target":{"@type":"EntryPoint","urlTemplate":"http:\/\/www.pharmacy4pets.nl\/?s={search_term_string}"},"query-input":{"@type":"PropertyValueSpecification","valueRequired":true,"valueName":"search_term_string"}}],"inLanguage":"nl-NL"},{"@type":"Organization","@id":"http:\/\/www.pharmacy4pets.nl\/#organization","name":"Pharmacy4pets","url":"http:\/\/www.pharmacy4pets.nl\/","logo":{"@type":"ImageObject","inLanguage":"nl-NL","@id":"http:\/\/www.pharmacy4pets.nl\/#\/schema\/logo\/image\/","url":"https:\/\/p4p-nl.bootmine.com\/wp-content\/uploads\/2026\/03\/logo-pharmacy4pets.png","contentUrl":"https:\/\/p4p-nl.bootmine.com\/wp-content\/uploads\/2026\/03\/logo-pharmacy4pets.png","width":1024,"height":135,"caption":"Pharmacy4pets"},"image":{"@id":"http:\/\/www.pharmacy4pets.nl\/#\/schema\/logo\/image\/"},"sameAs":["https:\/\/www.facebook.com\/people\/Pharmacy4petsnl\/100063484989896\/","https:\/\/www.youtube.com\/channel\/UCGPTIgucgli03tP2_kvLkHg\/featured","https:\/\/www.instagram.com\/pharmacy4pets.nl"]}]}},"market_data":{"nl":{"price":0,"sale_price":0,"active":false,"url":null,"parent_url":"","tax_rate":0,"price_inc_tax":0,"sale_price_inc_tax":0},"de":{"price":0,"sale_price":0,"active":false,"url":null,"parent_url":"","tax_rate":0,"price_inc_tax":0,"sale_price_inc_tax":0},"be":{"price":0,"sale_price":0,"active":false,"url":null,"parent_url":"","tax_rate":0,"price_inc_tax":0,"sale_price_inc_tax":0},"fr":{"price":0,"sale_price":0,"active":false,"url":null,"parent_url":"","tax_rate":0,"price_inc_tax":0,"sale_price_inc_tax":0},"ch":{"price":0,"sale_price":0,"active":false,"url":null,"parent_url":"","tax_rate":0,"price_inc_tax":0,"sale_price_inc_tax":0},"at":{"price":0,"sale_price":0,"active":false,"url":null,"parent_url":"","tax_rate":0,"price_inc_tax":0,"sale_price_inc_tax":0},"es":{"price":0,"sale_price":0,"active":false,"url":null,"parent_url":"","tax_rate":0,"price_inc_tax":0,"sale_price_inc_tax":0},"dk":{"price":0,"sale_price":0,"active":false,"url":null,"parent_url":"","tax_rate":0,"price_inc_tax":0,"sale_price_inc_tax":0},"com":{"price":0,"sale_price":0,"active":false,"url":null,"parent_url":"","tax_rate":0,"price_inc_tax":0,"sale_price_inc_tax":0}},"market_nl_price":0,"market_nl_sale_price":0,"market_nl_active":false,"market_nl_url":null,"market_nl_parent_url":"","market_nl_tax_rate":0,"market_nl_price_inc_tax":0,"market_nl_sale_price_inc_tax":0,"market_de_price":0,"market_de_sale_price":0,"market_de_active":false,"market_de_url":null,"market_de_parent_url":"","market_de_tax_rate":0,"market_de_price_inc_tax":0,"market_de_sale_price_inc_tax":0,"market_be_price":0,"market_be_sale_price":0,"market_be_active":false,"market_be_url":null,"market_be_parent_url":"","market_be_tax_rate":0,"market_be_price_inc_tax":0,"market_be_sale_price_inc_tax":0,"market_fr_price":0,"market_fr_sale_price":0,"market_fr_active":false,"market_fr_url":null,"market_fr_parent_url":"","market_fr_tax_rate":0,"market_fr_price_inc_tax":0,"market_fr_sale_price_inc_tax":0,"market_ch_price":0,"market_ch_sale_price":0,"market_ch_active":false,"market_ch_url":null,"market_ch_parent_url":"","market_ch_tax_rate":0,"market_ch_price_inc_tax":0,"market_ch_sale_price_inc_tax":0,"market_at_price":0,"market_at_sale_price":0,"market_at_active":false,"market_at_url":null,"market_at_parent_url":"","market_at_tax_rate":0,"market_at_price_inc_tax":0,"market_at_sale_price_inc_tax":0,"market_es_price":0,"market_es_sale_price":0,"market_es_active":false,"market_es_url":null,"market_es_parent_url":"","market_es_tax_rate":0,"market_es_price_inc_tax":0,"market_es_sale_price_inc_tax":0,"market_dk_price":0,"market_dk_sale_price":0,"market_dk_active":false,"market_dk_url":null,"market_dk_parent_url":"","market_dk_tax_rate":0,"market_dk_price_inc_tax":0,"market_dk_sale_price_inc_tax":0,"market_com_price":0,"market_com_sale_price":0,"market_com_active":false,"market_com_url":null,"market_com_parent_url":"","market_com_tax_rate":0,"market_com_price_inc_tax":0,"market_com_sale_price_inc_tax":0,"acf":[],"_links":{"self":[{"href":"https:\/\/www.pharmacy4pets.nl\/be\/wp-json\/wp\/v2\/product\/116303","targetHints":{"allow":["GET"]}}],"collection":[{"href":"https:\/\/www.pharmacy4pets.nl\/be\/wp-json\/wp\/v2\/product"}],"about":[{"href":"https:\/\/www.pharmacy4pets.nl\/be\/wp-json\/wp\/v2\/types\/product"}],"replies":[{"embeddable":true,"href":"https:\/\/www.pharmacy4pets.nl\/be\/wp-json\/wp\/v2\/comments?post=116303"}],"wp:featuredmedia":[{"embeddable":true,"href":"https:\/\/www.pharmacy4pets.nl\/be\/wp-json\/wp\/v2\/media\/116300"}],"wp:attachment":[{"href":"https:\/\/www.pharmacy4pets.nl\/be\/wp-json\/wp\/v2\/media?parent=116303"}],"wp:term":[{"taxonomy":"product_brand","embeddable":true,"href":"https:\/\/www.pharmacy4pets.nl\/be\/wp-json\/wp\/v2\/product_brand?post=116303"},{"taxonomy":"product_cat","embeddable":true,"href":"https:\/\/www.pharmacy4pets.nl\/be\/wp-json\/wp\/v2\/product_cat?post=116303"},{"taxonomy":"product_tag","embeddable":true,"href":"https:\/\/www.pharmacy4pets.nl\/be\/wp-json\/wp\/v2\/product_tag?post=116303"}],"curies":[{"name":"wp","href":"https:\/\/api.w.org\/{rel}","templated":true}]}}