{"id":116296,"date":"2014-06-06T14:31:45","date_gmt":"2014-06-06T14:31:45","guid":{"rendered":"https:\/\/p4p.test\/cisaral-drops-30-ml"},"modified":"2026-04-14T08:01:30","modified_gmt":"2026-04-14T08:01:30","slug":"cisaral-drops-30-ml","status":"publish","type":"product","link":"https:\/\/www.pharmacy4pets.nl\/be\/cisaral-drops-30-ml","title":{"rendered":"Cisaral drops 30 ml"},"content":{"rendered":"<p>Cisaral drops is een suspensie ter bevordering van de maaglediging. Dit diergeneesmiddel is bestemd voor terrariumdieren, kooi- en voli\u00e8revogels, post- en sierduiven en niet bedrijfsmatig gehouden kleine knaagdieren. De suspensie dient oraal toegediend te worden.<\/p>\n","protected":false},"excerpt":{"rendered":"<p>Cisaral drops is een suspensie ter bevordering van de maaglediging. Dit diergeneesmiddel is bestemd voor terrariumdieren, kooi- en voli\u00e8revogels, post- en sierduiven en niet bedrijfsmatig gehouden kleine knaagdieren. De suspensie dient oraal toegediend te worden.<\/p>\n","protected":false},"featured_media":116294,"comment_status":"open","ping_status":"closed","template":"","meta":{"_acf_changed":false,"_nl_post_content":"<p>Cisaral drops is een suspensie ter bevordering van de maaglediging. Dit diergeneesmiddel is bestemd voor terrariumdieren, kooi- en voli\u00e8revogels, post- en sierduiven en niet bedrijfsmatig gehouden kleine knaagdieren. De suspensie dient oraal toegediend te worden.<\/p>","_nl_post_name":"cisaral-drops-30-ml","_nl_post_excerpt":"","_nl_post_title":"Cisaral drops 30 ml","_en_post_content":"Cisaral drops is a suspension to promote gastric emptying. This veterinary medicinal product is intended for terrarium animals, cage and aviary birds, homing pigeons and fancy pigeons and for not commercially kept small rodents. The suspension should be administered orally.\r\n","_en_post_name":"cisaral-drops-30-ml","_en_post_excerpt":"","_en_post_title":"Cisaral drops 30 ml","_de_post_content":"Cisaral Drops ist eine Suspension f\u00fcr die Magenentleerung zu f\u00f6rdern. Dieses Tierarzneimittel ist f\u00fcr Terrarientiere, K\u00e4figvogel und Zierv\u00f6gel, Brieftauben und Ziertaube und nicht im Handel gehalten kleine Nagetiere. Die Suspension musst oral verabreicht werden.\r\n","_de_post_name":"cisaral-drops-30-ml","_de_post_excerpt":"","_de_post_title":"Cisaral Drops 30 ml","_fr_post_content":"<p>Cisaral drops is een suspensie ter bevordering van de maaglediging. Dit diergeneesmiddel is bestemd voor terrariumdieren, kooi- en voli\u00e8revogels, post- en sierduiven en niet bedrijfsmatig gehouden kleine knaagdieren. De suspensie dient oraal toegediend te worden.<\/p>\r\n<p><strong>Samenstelling<\/strong><br \/>Bevat per ml: 1 mg cisapride.<\/p>\r\n<p><strong>Beschrijving<\/strong><br \/>Cisapride heeft een gastrokinetisch effect. Cisapride heeft geen antidopaminerge eigenschappen en kan dus geen extrapiramidale en hyperprolactinemie uitlokken. Cisapride verhoogt de druk in de onderste slokdarmsfincter, het stimuleert de maagcontractiliteit, bevordert de antroduodenale co\u00f6rdinatie en versnelt de maaglediging evenals lediging van de dunne en dikke darm. Deze effecten berusten in hoofdzaak op een bevordering van de afgifte van acetylcholine uit de cholinerge neuronen in de plexus myentericus. Dit effect is beperkt tot de cholinerge innervatie van de gladde spierlaag van het maagdarmkanaal, daar maagzuursecretie en intestinale secretie niet be\u00efnvloed worden.<\/p>\r\n<p><strong>Indicaties<\/strong><br \/>Bevorderen van de maaglediging.<\/p>\r\n<p><strong>Contra-indicaties<\/strong><br \/>Darmobstructies of darmperforaties<\/p>\r\n<p><strong>Bijwerkingen<\/strong><br \/>Abdominale krampen en diarree.<\/p>\r\n<p><strong>Waarschuwingen<\/strong><br \/>De absorptie van sommige farmaca kan worden versneld door het versnellend effect van cisapride op<br \/>de maaglediging.<\/p>\r\n<p><strong>Toedieningswijze en dosering<\/strong><br \/>SCHUDDEN VOOR GEBRUIK!<br \/>Uitsluitend voor orale toediening. De dosering bedraagt 0,25 tot 0,5 mg per kg lichaamsgewicht 2 tot 4 maal daags (=0,25 tot 0,5 ml per kg lichaamsgewicht 2 tot 4 maal daags).<\/p>\r\n<p><strong>Bewaring<\/strong><br \/>In de oorspronkelijke verpakking en buiten het bereik van kinderen bewaren.<br \/>Niet bewaren boven 25\u00b0C, niet in de koelkast bewaren en niet invriezen.<\/p>","_fr_post_name":"cisaral-drops-30-ml","_fr_post_excerpt":"","_fr_post_title":"Cisaral drops 30 ml","_es_post_content":"<p>Cisaral drops es una suspensi\u00f3n para favorecer el vaciado g\u00e1strico. Este medicamento veterinario est\u00e1 destinado a animales de terrario, aves de jaula y aviario, palomas mensajeras y de exhibici\u00f3n y peque\u00f1os roedores que no se mantienen comercialmente. La suspensi\u00f3n debe administrarse por v\u00eda oral.<\/p>\r\n<p><strong>Composici\u00f3n<\/strong><br \/>Contiene por ml: 1 mg de cisaprida.<\/p>\r\n<p><strong>Descripci\u00f3n<\/strong><br \/>La cisaprida tiene un efecto gastrocin\u00e9tico. La cisaprida no tiene propiedades antidopamin\u00e9rgicas y, por lo tanto, no puede provocar hiperprolactinemia extrapiramidal. Cisaprida aumenta la presi\u00f3n en el esf\u00ednter esof\u00e1gico inferior, estimula la contractilidad g\u00e1strica, promueve la coordinaci\u00f3n antroduodenal y acelera el vaciamiento g\u00e1strico, as\u00ed como el vaciado del intestino delgado y grueso. Estos efectos se basan principalmente en una promoci\u00f3n de la liberaci\u00f3n de acetilcolina de las neuronas colin\u00e9rgicas en el plexo mient\u00e9rico. Este efecto se limita a la inervaci\u00f3n colin\u00e9rgica de la capa de m\u00fasculo liso del tracto gastrointestinal, ya que la secreci\u00f3n de \u00e1cido g\u00e1strico y la secreci\u00f3n intestinal no se ven afectadas.<\/p>\r\n<p><strong>Indicaciones<\/strong><br \/>Promover el vaciado g\u00e1strico.<\/p>\r\n<p><strong>Contraindicaciones<\/strong><br \/>Obstrucciones intestinales o perforaciones intestinales<\/p>\r\n<p><strong>Efectos<\/strong><br \/>Calambres abdominales y diarrea.<\/p>\r\n<p><strong>Advertencias<\/strong><br \/>La absorci\u00f3n de algunos f\u00e1rmacos puede acelerarse por el efecto acelerador de la cisaprida sobre<br \/>el vaciamiento g\u00e1strico.<\/p>\r\n<p><strong>M\u00e9todo de administraci\u00f3n y dosificaci\u00f3n<\/strong><br \/>\u00a1AGITAR ANTES DE USAR!<br \/>S\u00f3lo para administraci\u00f3n oral. La dosis es de 0,25 a 0,5 mg por kg de peso corporal de 2 a 4 veces al d\u00eda (= 0,25 a 0,5 ml por kg de peso corporal de 2 a 4 veces al d\u00eda).<\/p>\r\n<p><strong>Almacenamiento<\/strong><br \/>Conservar en el envase original y fuera del alcance de los ni\u00f1os.<br \/>No almacenar por encima de 25\u00b0C, no refrigerar y no congelar.<\/p>","_es_post_name":"cisaral-drops-30-ml","_es_post_excerpt":"","_es_post_title":"Cisaral drops 30 ml","edit_language":"nl"},"product_brand":[],"product_cat":[2229,2033,1825,1827,2231,1857,1824],"product_tag":[],"class_list":{"0":"post-116296","1":"product","2":"type-product","3":"status-publish","4":"has-post-thumbnail","6":"product_cat-cavia","7":"product_cat-cisaral","8":"product_cat-konijnen","9":"product_cat-medicijnen-supplementen","11":"product_cat-merken","12":"product_cat-overig","13":"pa_aandoening-overig","14":"pa_doeldier-exoten","15":"pa_fabricatieland-nederland","16":"pa_merkfilter-cisaral","17":"pa_merkgroep-dechra","18":"pa_productsoort-overig","19":"pa_seo_canonical_store_id-not_found_value","20":"pa_seo_category-not_found_value","21":"pa_seo_meta_robots-not_found_value","22":"pa_toedieningswijze-vloeistof","23":"pa_unit_pricing_base_measure-10ml","24":"pa_unit_pricing_measure-30ml","25":"pa_werkzamestof-overig","27":"first","28":"instock","29":"taxable","30":"shipping-taxable","31":"purchasable","32":"product-type-simple"},"yoast_head":"<!-- This site is optimized with the Yoast SEO plugin v27.5 - https:\/\/yoast.com\/product\/yoast-seo-wordpress\/ -->\n<title>Cisaral drops 30 ml - Pharmacy4pets<\/title>\n<meta name=\"robots\" content=\"index, follow, max-snippet:-1, max-image-preview:large, max-video-preview:-1\" \/>\n<link rel=\"canonical\" href=\"https:\/\/p4p-nl.bootmine.com\/%product-slug%\/cisaral-drops-30-ml\" \/>\n<meta property=\"og:locale\" content=\"nl_NL\" \/>\n<meta property=\"og:type\" content=\"article\" \/>\n<meta property=\"og:title\" content=\"Cisaral drops 30 ml - Pharmacy4pets\" \/>\n<meta property=\"og:description\" content=\"Cisaral drops is een suspensie ter bevordering van de maaglediging. Dit diergeneesmiddel is bestemd voor terrariumdieren, kooi- en voli\u00e8revogels, post- en sierduiven en niet bedrijfsmatig gehouden kleine knaagdieren. De suspensie dient oraal toegediend te worden.\" \/>\n<meta property=\"og:url\" content=\"https:\/\/p4p-nl.bootmine.com\/%product-slug%\/cisaral-drops-30-ml\" \/>\n<meta property=\"og:site_name\" content=\"Pharmacy4pets\" \/>\n<meta property=\"article:publisher\" content=\"https:\/\/www.facebook.com\/people\/Pharmacy4petsnl\/100063484989896\/\" \/>\n<meta property=\"article:modified_time\" content=\"2026-04-14T08:01:30+00:00\" \/>\n<meta property=\"og:image\" content=\"https:\/\/p4p-nl.bootmine.com\/wp-content\/uploads\/2014\/06\/17545_2.jpg\" \/>\n\t<meta property=\"og:image:width\" content=\"368\" \/>\n\t<meta property=\"og:image:height\" content=\"309\" \/>\n\t<meta property=\"og:image:type\" content=\"image\/jpeg\" \/>\n<meta name=\"twitter:card\" content=\"summary_large_image\" \/>\n<script type=\"application\/ld+json\" class=\"yoast-schema-graph\">{\"@context\":\"https:\\\/\\\/schema.org\",\"@graph\":[{\"@type\":\"WebPage\",\"@id\":\"https:\\\/\\\/p4p-nl.bootmine.com\\\/%product-slug%\\\/cisaral-drops-30-ml\",\"url\":\"https:\\\/\\\/p4p-nl.bootmine.com\\\/%product-slug%\\\/cisaral-drops-30-ml\",\"name\":\"Cisaral drops 30 ml - Pharmacy4pets\",\"isPartOf\":{\"@id\":\"http:\\\/\\\/www.pharmacy4pets.nl\\\/#website\"},\"primaryImageOfPage\":{\"@id\":\"https:\\\/\\\/p4p-nl.bootmine.com\\\/%product-slug%\\\/cisaral-drops-30-ml#primaryimage\"},\"image\":{\"@id\":\"https:\\\/\\\/p4p-nl.bootmine.com\\\/%product-slug%\\\/cisaral-drops-30-ml#primaryimage\"},\"thumbnailUrl\":\"https:\\\/\\\/www.pharmacy4pets.nl\\\/wp-content\\\/uploads\\\/2014\\\/06\\\/17545_2.jpg\",\"datePublished\":\"2014-06-06T14:31:45+00:00\",\"dateModified\":\"2026-04-14T08:01:30+00:00\",\"breadcrumb\":{\"@id\":\"https:\\\/\\\/p4p-nl.bootmine.com\\\/%product-slug%\\\/cisaral-drops-30-ml#breadcrumb\"},\"inLanguage\":\"nl-NL\",\"potentialAction\":[{\"@type\":\"ReadAction\",\"target\":[\"https:\\\/\\\/p4p-nl.bootmine.com\\\/%product-slug%\\\/cisaral-drops-30-ml\"]}]},{\"@type\":\"ImageObject\",\"inLanguage\":\"nl-NL\",\"@id\":\"https:\\\/\\\/p4p-nl.bootmine.com\\\/%product-slug%\\\/cisaral-drops-30-ml#primaryimage\",\"url\":\"https:\\\/\\\/www.pharmacy4pets.nl\\\/wp-content\\\/uploads\\\/2014\\\/06\\\/17545_2.jpg\",\"contentUrl\":\"https:\\\/\\\/www.pharmacy4pets.nl\\\/wp-content\\\/uploads\\\/2014\\\/06\\\/17545_2.jpg\",\"width\":368,\"height\":309,\"caption\":\"Cisaral\"},{\"@type\":\"BreadcrumbList\",\"@id\":\"https:\\\/\\\/p4p-nl.bootmine.com\\\/%product-slug%\\\/cisaral-drops-30-ml#breadcrumb\",\"itemListElement\":[{\"@type\":\"ListItem\",\"position\":1,\"name\":\"Home\",\"item\":\"https:\\\/\\\/p4p-nl.bootmine.com\\\/\"},{\"@type\":\"ListItem\",\"position\":2,\"name\":\"Winkel\",\"item\":\"https:\\\/\\\/p4p-nl.bootmine.com\\\/winkel\"},{\"@type\":\"ListItem\",\"position\":3,\"name\":\"Cisaral drops 30 ml\"}]},{\"@type\":\"WebSite\",\"@id\":\"http:\\\/\\\/www.pharmacy4pets.nl\\\/#website\",\"url\":\"http:\\\/\\\/www.pharmacy4pets.nl\\\/\",\"name\":\"Pharmacy4pets\",\"description\":\"Pharmacy4pets.nl is d\u00e9 online apotheek waar u terecht kunt voor alle diergeneesmiddelen, verzorgingsproducten en dieetvoeding voor uw huisdier.\",\"publisher\":{\"@id\":\"http:\\\/\\\/www.pharmacy4pets.nl\\\/#organization\"},\"potentialAction\":[{\"@type\":\"SearchAction\",\"target\":{\"@type\":\"EntryPoint\",\"urlTemplate\":\"http:\\\/\\\/www.pharmacy4pets.nl\\\/?s={search_term_string}\"},\"query-input\":{\"@type\":\"PropertyValueSpecification\",\"valueRequired\":true,\"valueName\":\"search_term_string\"}}],\"inLanguage\":\"nl-NL\"},{\"@type\":\"Organization\",\"@id\":\"http:\\\/\\\/www.pharmacy4pets.nl\\\/#organization\",\"name\":\"Pharmacy4pets\",\"url\":\"http:\\\/\\\/www.pharmacy4pets.nl\\\/\",\"logo\":{\"@type\":\"ImageObject\",\"inLanguage\":\"nl-NL\",\"@id\":\"http:\\\/\\\/www.pharmacy4pets.nl\\\/#\\\/schema\\\/logo\\\/image\\\/\",\"url\":\"https:\\\/\\\/p4p-nl.bootmine.com\\\/wp-content\\\/uploads\\\/2026\\\/03\\\/logo-pharmacy4pets.png\",\"contentUrl\":\"https:\\\/\\\/p4p-nl.bootmine.com\\\/wp-content\\\/uploads\\\/2026\\\/03\\\/logo-pharmacy4pets.png\",\"width\":1024,\"height\":135,\"caption\":\"Pharmacy4pets\"},\"image\":{\"@id\":\"http:\\\/\\\/www.pharmacy4pets.nl\\\/#\\\/schema\\\/logo\\\/image\\\/\"},\"sameAs\":[\"https:\\\/\\\/www.facebook.com\\\/people\\\/Pharmacy4petsnl\\\/100063484989896\\\/\",\"https:\\\/\\\/www.youtube.com\\\/channel\\\/UCGPTIgucgli03tP2_kvLkHg\\\/featured\",\"https:\\\/\\\/www.instagram.com\\\/pharmacy4pets.nl\"]}]}<\/script>\n<!-- \/ Yoast SEO plugin. -->","yoast_head_json":{"title":"Cisaral drops 30 ml - Pharmacy4pets","robots":{"index":"index","follow":"follow","max-snippet":"max-snippet:-1","max-image-preview":"max-image-preview:large","max-video-preview":"max-video-preview:-1"},"canonical":"https:\/\/p4p-nl.bootmine.com\/%product-slug%\/cisaral-drops-30-ml","og_locale":"nl_NL","og_type":"article","og_title":"Cisaral drops 30 ml - Pharmacy4pets","og_description":"Cisaral drops is een suspensie ter bevordering van de maaglediging. Dit diergeneesmiddel is bestemd voor terrariumdieren, kooi- en voli\u00e8revogels, post- en sierduiven en niet bedrijfsmatig gehouden kleine knaagdieren. De suspensie dient oraal toegediend te worden.","og_url":"https:\/\/p4p-nl.bootmine.com\/%product-slug%\/cisaral-drops-30-ml","og_site_name":"Pharmacy4pets","article_publisher":"https:\/\/www.facebook.com\/people\/Pharmacy4petsnl\/100063484989896\/","article_modified_time":"2026-04-14T08:01:30+00:00","og_image":[{"width":368,"height":309,"url":"https:\/\/p4p-nl.bootmine.com\/wp-content\/uploads\/2014\/06\/17545_2.jpg","type":"image\/jpeg"}],"twitter_card":"summary_large_image","schema":{"@context":"https:\/\/schema.org","@graph":[{"@type":"WebPage","@id":"https:\/\/p4p-nl.bootmine.com\/%product-slug%\/cisaral-drops-30-ml","url":"https:\/\/p4p-nl.bootmine.com\/%product-slug%\/cisaral-drops-30-ml","name":"Cisaral drops 30 ml - Pharmacy4pets","isPartOf":{"@id":"http:\/\/www.pharmacy4pets.nl\/#website"},"primaryImageOfPage":{"@id":"https:\/\/p4p-nl.bootmine.com\/%product-slug%\/cisaral-drops-30-ml#primaryimage"},"image":{"@id":"https:\/\/p4p-nl.bootmine.com\/%product-slug%\/cisaral-drops-30-ml#primaryimage"},"thumbnailUrl":"https:\/\/www.pharmacy4pets.nl\/wp-content\/uploads\/2014\/06\/17545_2.jpg","datePublished":"2014-06-06T14:31:45+00:00","dateModified":"2026-04-14T08:01:30+00:00","breadcrumb":{"@id":"https:\/\/p4p-nl.bootmine.com\/%product-slug%\/cisaral-drops-30-ml#breadcrumb"},"inLanguage":"nl-NL","potentialAction":[{"@type":"ReadAction","target":["https:\/\/p4p-nl.bootmine.com\/%product-slug%\/cisaral-drops-30-ml"]}]},{"@type":"ImageObject","inLanguage":"nl-NL","@id":"https:\/\/p4p-nl.bootmine.com\/%product-slug%\/cisaral-drops-30-ml#primaryimage","url":"https:\/\/www.pharmacy4pets.nl\/wp-content\/uploads\/2014\/06\/17545_2.jpg","contentUrl":"https:\/\/www.pharmacy4pets.nl\/wp-content\/uploads\/2014\/06\/17545_2.jpg","width":368,"height":309,"caption":"Cisaral"},{"@type":"BreadcrumbList","@id":"https:\/\/p4p-nl.bootmine.com\/%product-slug%\/cisaral-drops-30-ml#breadcrumb","itemListElement":[{"@type":"ListItem","position":1,"name":"Home","item":"https:\/\/p4p-nl.bootmine.com\/"},{"@type":"ListItem","position":2,"name":"Winkel","item":"https:\/\/p4p-nl.bootmine.com\/winkel"},{"@type":"ListItem","position":3,"name":"Cisaral drops 30 ml"}]},{"@type":"WebSite","@id":"http:\/\/www.pharmacy4pets.nl\/#website","url":"http:\/\/www.pharmacy4pets.nl\/","name":"Pharmacy4pets","description":"Pharmacy4pets.nl is d\u00e9 online apotheek waar u terecht kunt voor alle diergeneesmiddelen, verzorgingsproducten en dieetvoeding voor uw huisdier.","publisher":{"@id":"http:\/\/www.pharmacy4pets.nl\/#organization"},"potentialAction":[{"@type":"SearchAction","target":{"@type":"EntryPoint","urlTemplate":"http:\/\/www.pharmacy4pets.nl\/?s={search_term_string}"},"query-input":{"@type":"PropertyValueSpecification","valueRequired":true,"valueName":"search_term_string"}}],"inLanguage":"nl-NL"},{"@type":"Organization","@id":"http:\/\/www.pharmacy4pets.nl\/#organization","name":"Pharmacy4pets","url":"http:\/\/www.pharmacy4pets.nl\/","logo":{"@type":"ImageObject","inLanguage":"nl-NL","@id":"http:\/\/www.pharmacy4pets.nl\/#\/schema\/logo\/image\/","url":"https:\/\/p4p-nl.bootmine.com\/wp-content\/uploads\/2026\/03\/logo-pharmacy4pets.png","contentUrl":"https:\/\/p4p-nl.bootmine.com\/wp-content\/uploads\/2026\/03\/logo-pharmacy4pets.png","width":1024,"height":135,"caption":"Pharmacy4pets"},"image":{"@id":"http:\/\/www.pharmacy4pets.nl\/#\/schema\/logo\/image\/"},"sameAs":["https:\/\/www.facebook.com\/people\/Pharmacy4petsnl\/100063484989896\/","https:\/\/www.youtube.com\/channel\/UCGPTIgucgli03tP2_kvLkHg\/featured","https:\/\/www.instagram.com\/pharmacy4pets.nl"]}]}},"market_data":{"nl":{"price":0,"sale_price":0,"active":false,"url":null,"parent_url":"","tax_rate":0,"price_inc_tax":0,"sale_price_inc_tax":0},"de":{"price":0,"sale_price":0,"active":false,"url":null,"parent_url":"","tax_rate":0,"price_inc_tax":0,"sale_price_inc_tax":0},"be":{"price":0,"sale_price":0,"active":false,"url":null,"parent_url":"","tax_rate":0,"price_inc_tax":0,"sale_price_inc_tax":0},"fr":{"price":0,"sale_price":0,"active":false,"url":null,"parent_url":"","tax_rate":0,"price_inc_tax":0,"sale_price_inc_tax":0},"ch":{"price":0,"sale_price":0,"active":false,"url":null,"parent_url":"","tax_rate":0,"price_inc_tax":0,"sale_price_inc_tax":0},"at":{"price":0,"sale_price":0,"active":false,"url":null,"parent_url":"","tax_rate":0,"price_inc_tax":0,"sale_price_inc_tax":0},"es":{"price":0,"sale_price":0,"active":false,"url":null,"parent_url":"","tax_rate":0,"price_inc_tax":0,"sale_price_inc_tax":0},"dk":{"price":0,"sale_price":0,"active":false,"url":null,"parent_url":"","tax_rate":0,"price_inc_tax":0,"sale_price_inc_tax":0},"com":{"price":0,"sale_price":0,"active":false,"url":null,"parent_url":"","tax_rate":0,"price_inc_tax":0,"sale_price_inc_tax":0}},"market_nl_price":0,"market_nl_sale_price":0,"market_nl_active":false,"market_nl_url":null,"market_nl_parent_url":"","market_nl_tax_rate":0,"market_nl_price_inc_tax":0,"market_nl_sale_price_inc_tax":0,"market_de_price":0,"market_de_sale_price":0,"market_de_active":false,"market_de_url":null,"market_de_parent_url":"","market_de_tax_rate":0,"market_de_price_inc_tax":0,"market_de_sale_price_inc_tax":0,"market_be_price":0,"market_be_sale_price":0,"market_be_active":false,"market_be_url":null,"market_be_parent_url":"","market_be_tax_rate":0,"market_be_price_inc_tax":0,"market_be_sale_price_inc_tax":0,"market_fr_price":0,"market_fr_sale_price":0,"market_fr_active":false,"market_fr_url":null,"market_fr_parent_url":"","market_fr_tax_rate":0,"market_fr_price_inc_tax":0,"market_fr_sale_price_inc_tax":0,"market_ch_price":0,"market_ch_sale_price":0,"market_ch_active":false,"market_ch_url":null,"market_ch_parent_url":"","market_ch_tax_rate":0,"market_ch_price_inc_tax":0,"market_ch_sale_price_inc_tax":0,"market_at_price":0,"market_at_sale_price":0,"market_at_active":false,"market_at_url":null,"market_at_parent_url":"","market_at_tax_rate":0,"market_at_price_inc_tax":0,"market_at_sale_price_inc_tax":0,"market_es_price":0,"market_es_sale_price":0,"market_es_active":false,"market_es_url":null,"market_es_parent_url":"","market_es_tax_rate":0,"market_es_price_inc_tax":0,"market_es_sale_price_inc_tax":0,"market_dk_price":0,"market_dk_sale_price":0,"market_dk_active":false,"market_dk_url":null,"market_dk_parent_url":"","market_dk_tax_rate":0,"market_dk_price_inc_tax":0,"market_dk_sale_price_inc_tax":0,"market_com_price":0,"market_com_sale_price":0,"market_com_active":false,"market_com_url":null,"market_com_parent_url":"","market_com_tax_rate":0,"market_com_price_inc_tax":0,"market_com_sale_price_inc_tax":0,"acf":[],"_links":{"self":[{"href":"https:\/\/www.pharmacy4pets.nl\/be\/wp-json\/wp\/v2\/product\/116296","targetHints":{"allow":["GET"]}}],"collection":[{"href":"https:\/\/www.pharmacy4pets.nl\/be\/wp-json\/wp\/v2\/product"}],"about":[{"href":"https:\/\/www.pharmacy4pets.nl\/be\/wp-json\/wp\/v2\/types\/product"}],"replies":[{"embeddable":true,"href":"https:\/\/www.pharmacy4pets.nl\/be\/wp-json\/wp\/v2\/comments?post=116296"}],"wp:featuredmedia":[{"embeddable":true,"href":"https:\/\/www.pharmacy4pets.nl\/be\/wp-json\/wp\/v2\/media\/116294"}],"wp:attachment":[{"href":"https:\/\/www.pharmacy4pets.nl\/be\/wp-json\/wp\/v2\/media?parent=116296"}],"wp:term":[{"taxonomy":"product_brand","embeddable":true,"href":"https:\/\/www.pharmacy4pets.nl\/be\/wp-json\/wp\/v2\/product_brand?post=116296"},{"taxonomy":"product_cat","embeddable":true,"href":"https:\/\/www.pharmacy4pets.nl\/be\/wp-json\/wp\/v2\/product_cat?post=116296"},{"taxonomy":"product_tag","embeddable":true,"href":"https:\/\/www.pharmacy4pets.nl\/be\/wp-json\/wp\/v2\/product_tag?post=116296"}],"curies":[{"name":"wp","href":"https:\/\/api.w.org\/{rel}","templated":true}]}}