{"id":116248,"date":"2014-04-04T17:24:43","date_gmt":"2014-04-04T17:24:43","guid":{"rendered":"https:\/\/p4p.test\/pestigon-middelgrote-hond-10-20-kg-4-pipetten"},"modified":"2026-03-25T11:54:40","modified_gmt":"2026-03-25T11:54:40","slug":"pestigon-middelgrote-hond-10-20-kg-4-pipetten","status":"publish","type":"product","link":"https:\/\/www.pharmacy4pets.nl\/be\/pestigon-middelgrote-hond-10-20-kg-4-pipetten","title":{"rendered":"Pestigon middelgrote hond 10-20 kg 4 pipetten |EXP 30-09-2026"},"content":{"rendered":"<p>Pestigon is een middel ter behandeling en preventie van vlooien en teken bij honden. Pestigon heeft een werkzaamheid van 8 weken tegen vlooien en 4 weken tegen teken. Het product kan ook gebruikt worden als deel van de behandelingsstrategie van allergische dermatitis. Pestigon wordt tussen de schouderbladen aangebracht en is geschikt voor honden tussen de 10 en 20 kg. De verpakking bevat 4 pipetten.<\/p>\n","protected":false},"excerpt":{"rendered":"<p>Pestigon is een middel ter behandeling en preventie van vlooien en teken bij honden. Pestigon heeft een werkzaamheid van 8 weken tegen vlooien en 4 weken tegen teken. Het product kan ook gebruikt worden als deel van de behandelingsstrategie van allergische dermatitis. Pestigon wordt tussen de schouderbladen aangebracht en is geschikt voor honden tussen de [&hellip;]<\/p>\n","protected":false},"featured_media":116244,"comment_status":"open","ping_status":"closed","template":"","meta":{"_acf_changed":false,"_nl_post_content":"Pestigon is een middel ter behandeling en preventie van vlooien en teken bij honden. Pestigon heeft een werkzaamheid van 8 weken tegen vlooien en 4 weken tegen teken. Het product kan ook gebruikt worden als deel van de behandelingsstrategie van allergische dermatitis. Pestigon wordt tussen de schouderbladen aangebracht en is geschikt voor honden tussen de 10 en 20 kg. De verpakking bevat 4 pipetten.","_nl_post_name":"pestigon-middelgrote-hond-10-20-kg-4-pipetten","_nl_post_excerpt":"","_nl_post_title":"Pestigon middelgrote hond 10-20 kg 4 pipetten |EXP 30-09-2026","_en_post_content":"Pestigon is a product for the treatment and prevention of fleas and ticks in dogs. Pestigon has an efficacy of 8 weeks against fleas and 4 weeks against ticks. The product can also be used as part of a treatment strategy against allergic dermatitis. Pestigon is applied between the shoulder blades and is suitable for dogs ranging from 10 to 20 kg. The package contains 4 pipettes.\r\n","_en_post_name":"pestigon-middelgrote-hond-10-20-kg-4-pipetten","_en_post_excerpt":"","_en_post_title":"Pestigon medium dog 10-20 kg 4 pipettes |EXP 30-09-2026","_de_post_content":"Pestigon ist ein Mittel zur Behandlung und Vorbeugung von Fl\u00f6hen und Zecken bei Hunden. Pestigon hat eine Wirksamkeit von 8 Wochen gegen Fl\u00f6he und 4 Wochen gegen Zecken. Das Produkt kann auch als Teil einer Behandlungsstrategie f\u00fcr allergische Dermatitis verwendet werden. Pestigon wird zwischen den Schulterbl\u00e4ttern angewendet und ist f\u00fcr Hunde zwischen 10 und 20 kg. Die Packung enth\u00e4lt 4 Pipetten.\r\n","_de_post_name":"pestigon-middelgrote-hond-10-20-kg-4-pipetten","_de_post_excerpt":"","_de_post_title":"Pestigon mittelgro\u03b2e Hund 10-20 kg 4 Pipetten |EXP 30-09-2026","_fr_post_content":"Pestigon is een middel ter behandeling en preventie van vlooien en teken bij honden. Pestigon heeft een werkzaamheid van 8 weken tegen vlooien en 4 weken tegen teken. Het product kan ook gebruikt worden als deel van de behandelingsstrategie van allergische dermatitis. Pestigon wordt tussen de schouderbladen aangebracht en is geschikt voor honden tussen de 10 en 20 kg. De verpakking bevat 4 pipetten.","_fr_post_name":"pestigon-middelgrote-hond-10-20-kg-4-pipetten","_fr_post_excerpt":"","_fr_post_title":"Pestigon middelgrote hond 10-20 kg 4 pipetten |EXP 30-09-2026","_es_post_content":"<p>Pestigon es un antiparasitario para tratar y prevenir las pulgas y garrapatas en perros. Pestigon tiene una eficacia contra las pulgas hasta 8 semanas y contra las garrapatas hasta 4 semanas. El producto puede ser utilizado como parte del programa de tratamiento de la Dermatitis Al&eacute;rgica por Pulgas. Pestigon se aplica entre los om&oacute;platos y es adecuado para perros peque&ntilde;os que pesen de 10 a 20 kg. El envase contiene 4 pipetas.<\/p>","_es_post_name":"pestigon-perros-medianos-10-20-kg-4-pipetas","_es_post_excerpt":"","_es_post_title":"Pestigon perros medianos 10-20 kg 4 pipetas |EXP 30-09-2026","edit_language":"nl"},"product_brand":[],"product_cat":[1117,1857,1946,1836,1835,1834],"product_tag":[],"class_list":{"0":"post-116248","1":"product","2":"type-product","3":"status-publish","4":"has-post-thumbnail","6":"product_cat-honden","7":"product_cat-merken","8":"product_cat-pestigon","9":"product_cat-teken","10":"product_cat-vlooien","11":"product_cat-vlooien-teken-insecten","12":"pa_aandoening-teken","13":"pa_aandoening-vlooien","14":"pa_doeldier-hond","15":"pa_fabricatieland-belgie","16":"pa_merkfilter-pestigon","17":"pa_merkgroep-fendigo","18":"pa_productsoort-diergeneesmiddelvrij_ura","19":"pa_seo_canonical_store_id-not_found_value","20":"pa_seo_category-not_found_value","21":"pa_seo_meta_robots-not_found_value","22":"pa_toedieningswijze-spot_on","23":"pa_unit_pricing_base_measure-1ct","24":"pa_unit_pricing_measure-4ct","25":"pa_werkzamestof-fipronil","27":"first","28":"instock","29":"taxable","30":"shipping-taxable","31":"purchasable","32":"product-type-simple"},"yoast_head":"<!-- This site is optimized with the Yoast SEO plugin v27.5 - https:\/\/yoast.com\/product\/yoast-seo-wordpress\/ -->\n<title>Pestigon middelgrote hond 10-20 kg 4 pipetten |EXP 30-09-2026 - Pharmacy4pets<\/title>\n<meta name=\"robots\" content=\"index, follow, max-snippet:-1, max-image-preview:large, max-video-preview:-1\" \/>\n<link rel=\"canonical\" href=\"https:\/\/p4p-nl.bootmine.com\/%product-slug%\/pestigon-middelgrote-hond-10-20-kg-4-pipetten\" \/>\n<meta property=\"og:locale\" content=\"nl_NL\" \/>\n<meta property=\"og:type\" content=\"article\" \/>\n<meta property=\"og:title\" content=\"Pestigon middelgrote hond 10-20 kg 4 pipetten |EXP 30-09-2026 - Pharmacy4pets\" \/>\n<meta property=\"og:description\" content=\"Pestigon is een middel ter behandeling en preventie van vlooien en teken bij honden. Pestigon heeft een werkzaamheid van 8 weken tegen vlooien en 4 weken tegen teken. Het product kan ook gebruikt worden als deel van de behandelingsstrategie van allergische dermatitis. Pestigon wordt tussen de schouderbladen aangebracht en is geschikt voor honden tussen de [&hellip;]\" \/>\n<meta property=\"og:url\" content=\"https:\/\/p4p-nl.bootmine.com\/%product-slug%\/pestigon-middelgrote-hond-10-20-kg-4-pipetten\" \/>\n<meta property=\"og:site_name\" content=\"Pharmacy4pets\" \/>\n<meta property=\"article:publisher\" content=\"https:\/\/www.facebook.com\/people\/Pharmacy4petsnl\/100063484989896\/\" \/>\n<meta property=\"article:modified_time\" content=\"2026-03-25T11:54:40+00:00\" \/>\n<meta property=\"og:image\" content=\"https:\/\/p4p-nl.bootmine.com\/wp-content\/uploads\/2014\/04\/19937_1.jpg\" \/>\n\t<meta property=\"og:image:width\" content=\"600\" \/>\n\t<meta property=\"og:image:height\" content=\"400\" \/>\n\t<meta property=\"og:image:type\" content=\"image\/jpeg\" \/>\n<meta name=\"twitter:card\" content=\"summary_large_image\" \/>\n<script type=\"application\/ld+json\" class=\"yoast-schema-graph\">{\"@context\":\"https:\\\/\\\/schema.org\",\"@graph\":[{\"@type\":\"WebPage\",\"@id\":\"https:\\\/\\\/p4p-nl.bootmine.com\\\/%product-slug%\\\/pestigon-middelgrote-hond-10-20-kg-4-pipetten\",\"url\":\"https:\\\/\\\/p4p-nl.bootmine.com\\\/%product-slug%\\\/pestigon-middelgrote-hond-10-20-kg-4-pipetten\",\"name\":\"Pestigon middelgrote hond 10-20 kg 4 pipetten |EXP 30-09-2026 - Pharmacy4pets\",\"isPartOf\":{\"@id\":\"http:\\\/\\\/www.pharmacy4pets.nl\\\/#website\"},\"primaryImageOfPage\":{\"@id\":\"https:\\\/\\\/p4p-nl.bootmine.com\\\/%product-slug%\\\/pestigon-middelgrote-hond-10-20-kg-4-pipetten#primaryimage\"},\"image\":{\"@id\":\"https:\\\/\\\/p4p-nl.bootmine.com\\\/%product-slug%\\\/pestigon-middelgrote-hond-10-20-kg-4-pipetten#primaryimage\"},\"thumbnailUrl\":\"https:\\\/\\\/www.pharmacy4pets.nl\\\/wp-content\\\/uploads\\\/2014\\\/04\\\/19937_1.jpg\",\"datePublished\":\"2014-04-04T17:24:43+00:00\",\"dateModified\":\"2026-03-25T11:54:40+00:00\",\"breadcrumb\":{\"@id\":\"https:\\\/\\\/p4p-nl.bootmine.com\\\/%product-slug%\\\/pestigon-middelgrote-hond-10-20-kg-4-pipetten#breadcrumb\"},\"inLanguage\":\"nl-NL\",\"potentialAction\":[{\"@type\":\"ReadAction\",\"target\":[\"https:\\\/\\\/p4p-nl.bootmine.com\\\/%product-slug%\\\/pestigon-middelgrote-hond-10-20-kg-4-pipetten\"]}]},{\"@type\":\"ImageObject\",\"inLanguage\":\"nl-NL\",\"@id\":\"https:\\\/\\\/p4p-nl.bootmine.com\\\/%product-slug%\\\/pestigon-middelgrote-hond-10-20-kg-4-pipetten#primaryimage\",\"url\":\"https:\\\/\\\/www.pharmacy4pets.nl\\\/wp-content\\\/uploads\\\/2014\\\/04\\\/19937_1.jpg\",\"contentUrl\":\"https:\\\/\\\/www.pharmacy4pets.nl\\\/wp-content\\\/uploads\\\/2014\\\/04\\\/19937_1.jpg\",\"width\":600,\"height\":400,\"caption\":\"Pestigon\"},{\"@type\":\"BreadcrumbList\",\"@id\":\"https:\\\/\\\/p4p-nl.bootmine.com\\\/%product-slug%\\\/pestigon-middelgrote-hond-10-20-kg-4-pipetten#breadcrumb\",\"itemListElement\":[{\"@type\":\"ListItem\",\"position\":1,\"name\":\"Home\",\"item\":\"https:\\\/\\\/p4p-nl.bootmine.com\\\/\"},{\"@type\":\"ListItem\",\"position\":2,\"name\":\"Winkel\",\"item\":\"https:\\\/\\\/p4p-nl.bootmine.com\\\/winkel\"},{\"@type\":\"ListItem\",\"position\":3,\"name\":\"Pestigon middelgrote hond 10-20 kg 4 pipetten |EXP 30-09-2026\"}]},{\"@type\":\"WebSite\",\"@id\":\"http:\\\/\\\/www.pharmacy4pets.nl\\\/#website\",\"url\":\"http:\\\/\\\/www.pharmacy4pets.nl\\\/\",\"name\":\"Pharmacy4pets\",\"description\":\"Pharmacy4pets.nl is d\u00e9 online apotheek waar u terecht kunt voor alle diergeneesmiddelen, verzorgingsproducten en dieetvoeding voor uw huisdier.\",\"publisher\":{\"@id\":\"http:\\\/\\\/www.pharmacy4pets.nl\\\/#organization\"},\"potentialAction\":[{\"@type\":\"SearchAction\",\"target\":{\"@type\":\"EntryPoint\",\"urlTemplate\":\"http:\\\/\\\/www.pharmacy4pets.nl\\\/?s={search_term_string}\"},\"query-input\":{\"@type\":\"PropertyValueSpecification\",\"valueRequired\":true,\"valueName\":\"search_term_string\"}}],\"inLanguage\":\"nl-NL\"},{\"@type\":\"Organization\",\"@id\":\"http:\\\/\\\/www.pharmacy4pets.nl\\\/#organization\",\"name\":\"Pharmacy4pets\",\"url\":\"http:\\\/\\\/www.pharmacy4pets.nl\\\/\",\"logo\":{\"@type\":\"ImageObject\",\"inLanguage\":\"nl-NL\",\"@id\":\"http:\\\/\\\/www.pharmacy4pets.nl\\\/#\\\/schema\\\/logo\\\/image\\\/\",\"url\":\"https:\\\/\\\/p4p-nl.bootmine.com\\\/wp-content\\\/uploads\\\/2026\\\/03\\\/logo-pharmacy4pets.png\",\"contentUrl\":\"https:\\\/\\\/p4p-nl.bootmine.com\\\/wp-content\\\/uploads\\\/2026\\\/03\\\/logo-pharmacy4pets.png\",\"width\":1024,\"height\":135,\"caption\":\"Pharmacy4pets\"},\"image\":{\"@id\":\"http:\\\/\\\/www.pharmacy4pets.nl\\\/#\\\/schema\\\/logo\\\/image\\\/\"},\"sameAs\":[\"https:\\\/\\\/www.facebook.com\\\/people\\\/Pharmacy4petsnl\\\/100063484989896\\\/\",\"https:\\\/\\\/www.youtube.com\\\/channel\\\/UCGPTIgucgli03tP2_kvLkHg\\\/featured\",\"https:\\\/\\\/www.instagram.com\\\/pharmacy4pets.nl\"]}]}<\/script>\n<!-- \/ Yoast SEO plugin. -->","yoast_head_json":{"title":"Pestigon middelgrote hond 10-20 kg 4 pipetten |EXP 30-09-2026 - Pharmacy4pets","robots":{"index":"index","follow":"follow","max-snippet":"max-snippet:-1","max-image-preview":"max-image-preview:large","max-video-preview":"max-video-preview:-1"},"canonical":"https:\/\/p4p-nl.bootmine.com\/%product-slug%\/pestigon-middelgrote-hond-10-20-kg-4-pipetten","og_locale":"nl_NL","og_type":"article","og_title":"Pestigon middelgrote hond 10-20 kg 4 pipetten |EXP 30-09-2026 - Pharmacy4pets","og_description":"Pestigon is een middel ter behandeling en preventie van vlooien en teken bij honden. Pestigon heeft een werkzaamheid van 8 weken tegen vlooien en 4 weken tegen teken. Het product kan ook gebruikt worden als deel van de behandelingsstrategie van allergische dermatitis. Pestigon wordt tussen de schouderbladen aangebracht en is geschikt voor honden tussen de [&hellip;]","og_url":"https:\/\/p4p-nl.bootmine.com\/%product-slug%\/pestigon-middelgrote-hond-10-20-kg-4-pipetten","og_site_name":"Pharmacy4pets","article_publisher":"https:\/\/www.facebook.com\/people\/Pharmacy4petsnl\/100063484989896\/","article_modified_time":"2026-03-25T11:54:40+00:00","og_image":[{"width":600,"height":400,"url":"https:\/\/p4p-nl.bootmine.com\/wp-content\/uploads\/2014\/04\/19937_1.jpg","type":"image\/jpeg"}],"twitter_card":"summary_large_image","schema":{"@context":"https:\/\/schema.org","@graph":[{"@type":"WebPage","@id":"https:\/\/p4p-nl.bootmine.com\/%product-slug%\/pestigon-middelgrote-hond-10-20-kg-4-pipetten","url":"https:\/\/p4p-nl.bootmine.com\/%product-slug%\/pestigon-middelgrote-hond-10-20-kg-4-pipetten","name":"Pestigon middelgrote hond 10-20 kg 4 pipetten |EXP 30-09-2026 - Pharmacy4pets","isPartOf":{"@id":"http:\/\/www.pharmacy4pets.nl\/#website"},"primaryImageOfPage":{"@id":"https:\/\/p4p-nl.bootmine.com\/%product-slug%\/pestigon-middelgrote-hond-10-20-kg-4-pipetten#primaryimage"},"image":{"@id":"https:\/\/p4p-nl.bootmine.com\/%product-slug%\/pestigon-middelgrote-hond-10-20-kg-4-pipetten#primaryimage"},"thumbnailUrl":"https:\/\/www.pharmacy4pets.nl\/wp-content\/uploads\/2014\/04\/19937_1.jpg","datePublished":"2014-04-04T17:24:43+00:00","dateModified":"2026-03-25T11:54:40+00:00","breadcrumb":{"@id":"https:\/\/p4p-nl.bootmine.com\/%product-slug%\/pestigon-middelgrote-hond-10-20-kg-4-pipetten#breadcrumb"},"inLanguage":"nl-NL","potentialAction":[{"@type":"ReadAction","target":["https:\/\/p4p-nl.bootmine.com\/%product-slug%\/pestigon-middelgrote-hond-10-20-kg-4-pipetten"]}]},{"@type":"ImageObject","inLanguage":"nl-NL","@id":"https:\/\/p4p-nl.bootmine.com\/%product-slug%\/pestigon-middelgrote-hond-10-20-kg-4-pipetten#primaryimage","url":"https:\/\/www.pharmacy4pets.nl\/wp-content\/uploads\/2014\/04\/19937_1.jpg","contentUrl":"https:\/\/www.pharmacy4pets.nl\/wp-content\/uploads\/2014\/04\/19937_1.jpg","width":600,"height":400,"caption":"Pestigon"},{"@type":"BreadcrumbList","@id":"https:\/\/p4p-nl.bootmine.com\/%product-slug%\/pestigon-middelgrote-hond-10-20-kg-4-pipetten#breadcrumb","itemListElement":[{"@type":"ListItem","position":1,"name":"Home","item":"https:\/\/p4p-nl.bootmine.com\/"},{"@type":"ListItem","position":2,"name":"Winkel","item":"https:\/\/p4p-nl.bootmine.com\/winkel"},{"@type":"ListItem","position":3,"name":"Pestigon middelgrote hond 10-20 kg 4 pipetten |EXP 30-09-2026"}]},{"@type":"WebSite","@id":"http:\/\/www.pharmacy4pets.nl\/#website","url":"http:\/\/www.pharmacy4pets.nl\/","name":"Pharmacy4pets","description":"Pharmacy4pets.nl is d\u00e9 online apotheek waar u terecht kunt voor alle diergeneesmiddelen, verzorgingsproducten en dieetvoeding voor uw huisdier.","publisher":{"@id":"http:\/\/www.pharmacy4pets.nl\/#organization"},"potentialAction":[{"@type":"SearchAction","target":{"@type":"EntryPoint","urlTemplate":"http:\/\/www.pharmacy4pets.nl\/?s={search_term_string}"},"query-input":{"@type":"PropertyValueSpecification","valueRequired":true,"valueName":"search_term_string"}}],"inLanguage":"nl-NL"},{"@type":"Organization","@id":"http:\/\/www.pharmacy4pets.nl\/#organization","name":"Pharmacy4pets","url":"http:\/\/www.pharmacy4pets.nl\/","logo":{"@type":"ImageObject","inLanguage":"nl-NL","@id":"http:\/\/www.pharmacy4pets.nl\/#\/schema\/logo\/image\/","url":"https:\/\/p4p-nl.bootmine.com\/wp-content\/uploads\/2026\/03\/logo-pharmacy4pets.png","contentUrl":"https:\/\/p4p-nl.bootmine.com\/wp-content\/uploads\/2026\/03\/logo-pharmacy4pets.png","width":1024,"height":135,"caption":"Pharmacy4pets"},"image":{"@id":"http:\/\/www.pharmacy4pets.nl\/#\/schema\/logo\/image\/"},"sameAs":["https:\/\/www.facebook.com\/people\/Pharmacy4petsnl\/100063484989896\/","https:\/\/www.youtube.com\/channel\/UCGPTIgucgli03tP2_kvLkHg\/featured","https:\/\/www.instagram.com\/pharmacy4pets.nl"]}]}},"market_data":{"nl":{"price":0,"sale_price":0,"active":false,"url":null,"parent_url":"","tax_rate":0,"price_inc_tax":0,"sale_price_inc_tax":0},"de":{"price":0,"sale_price":0,"active":false,"url":null,"parent_url":"","tax_rate":0,"price_inc_tax":0,"sale_price_inc_tax":0},"be":{"price":0,"sale_price":0,"active":false,"url":null,"parent_url":"","tax_rate":0,"price_inc_tax":0,"sale_price_inc_tax":0},"fr":{"price":0,"sale_price":0,"active":false,"url":null,"parent_url":"","tax_rate":0,"price_inc_tax":0,"sale_price_inc_tax":0},"ch":{"price":0,"sale_price":0,"active":false,"url":null,"parent_url":"","tax_rate":0,"price_inc_tax":0,"sale_price_inc_tax":0},"at":{"price":0,"sale_price":0,"active":false,"url":null,"parent_url":"","tax_rate":0,"price_inc_tax":0,"sale_price_inc_tax":0},"es":{"price":0,"sale_price":0,"active":false,"url":null,"parent_url":"","tax_rate":0,"price_inc_tax":0,"sale_price_inc_tax":0},"dk":{"price":0,"sale_price":0,"active":false,"url":null,"parent_url":"","tax_rate":0,"price_inc_tax":0,"sale_price_inc_tax":0},"com":{"price":0,"sale_price":0,"active":false,"url":null,"parent_url":"","tax_rate":0,"price_inc_tax":0,"sale_price_inc_tax":0}},"market_nl_price":0,"market_nl_sale_price":0,"market_nl_active":false,"market_nl_url":null,"market_nl_parent_url":"","market_nl_tax_rate":0,"market_nl_price_inc_tax":0,"market_nl_sale_price_inc_tax":0,"market_de_price":0,"market_de_sale_price":0,"market_de_active":false,"market_de_url":null,"market_de_parent_url":"","market_de_tax_rate":0,"market_de_price_inc_tax":0,"market_de_sale_price_inc_tax":0,"market_be_price":0,"market_be_sale_price":0,"market_be_active":false,"market_be_url":null,"market_be_parent_url":"","market_be_tax_rate":0,"market_be_price_inc_tax":0,"market_be_sale_price_inc_tax":0,"market_fr_price":0,"market_fr_sale_price":0,"market_fr_active":false,"market_fr_url":null,"market_fr_parent_url":"","market_fr_tax_rate":0,"market_fr_price_inc_tax":0,"market_fr_sale_price_inc_tax":0,"market_ch_price":0,"market_ch_sale_price":0,"market_ch_active":false,"market_ch_url":null,"market_ch_parent_url":"","market_ch_tax_rate":0,"market_ch_price_inc_tax":0,"market_ch_sale_price_inc_tax":0,"market_at_price":0,"market_at_sale_price":0,"market_at_active":false,"market_at_url":null,"market_at_parent_url":"","market_at_tax_rate":0,"market_at_price_inc_tax":0,"market_at_sale_price_inc_tax":0,"market_es_price":0,"market_es_sale_price":0,"market_es_active":false,"market_es_url":null,"market_es_parent_url":"","market_es_tax_rate":0,"market_es_price_inc_tax":0,"market_es_sale_price_inc_tax":0,"market_dk_price":0,"market_dk_sale_price":0,"market_dk_active":false,"market_dk_url":null,"market_dk_parent_url":"","market_dk_tax_rate":0,"market_dk_price_inc_tax":0,"market_dk_sale_price_inc_tax":0,"market_com_price":0,"market_com_sale_price":0,"market_com_active":false,"market_com_url":null,"market_com_parent_url":"","market_com_tax_rate":0,"market_com_price_inc_tax":0,"market_com_sale_price_inc_tax":0,"acf":[],"_links":{"self":[{"href":"https:\/\/www.pharmacy4pets.nl\/be\/wp-json\/wp\/v2\/product\/116248","targetHints":{"allow":["GET"]}}],"collection":[{"href":"https:\/\/www.pharmacy4pets.nl\/be\/wp-json\/wp\/v2\/product"}],"about":[{"href":"https:\/\/www.pharmacy4pets.nl\/be\/wp-json\/wp\/v2\/types\/product"}],"replies":[{"embeddable":true,"href":"https:\/\/www.pharmacy4pets.nl\/be\/wp-json\/wp\/v2\/comments?post=116248"}],"wp:featuredmedia":[{"embeddable":true,"href":"https:\/\/www.pharmacy4pets.nl\/be\/wp-json\/wp\/v2\/media\/116244"}],"wp:attachment":[{"href":"https:\/\/www.pharmacy4pets.nl\/be\/wp-json\/wp\/v2\/media?parent=116248"}],"wp:term":[{"taxonomy":"product_brand","embeddable":true,"href":"https:\/\/www.pharmacy4pets.nl\/be\/wp-json\/wp\/v2\/product_brand?post=116248"},{"taxonomy":"product_cat","embeddable":true,"href":"https:\/\/www.pharmacy4pets.nl\/be\/wp-json\/wp\/v2\/product_cat?post=116248"},{"taxonomy":"product_tag","embeddable":true,"href":"https:\/\/www.pharmacy4pets.nl\/be\/wp-json\/wp\/v2\/product_tag?post=116248"}],"curies":[{"name":"wp","href":"https:\/\/api.w.org\/{rel}","templated":true}]}}