{"id":116229,"date":"2014-04-04T17:24:42","date_gmt":"2014-04-04T17:24:42","guid":{"rendered":"https:\/\/p4p.test\/easypill-digest-comfort-hond-6x28-gram"},"modified":"2026-04-14T08:01:30","modified_gmt":"2026-04-14T08:01:30","slug":"easypill-digest-comfort-hond-6x28-gram","status":"publish","type":"product","link":"https:\/\/www.pharmacy4pets.nl\/be\/easypill-digest-comfort-hond-6x28-gram","title":{"rendered":"Easypill Digest Comfort hond 6&#215;28 gram"},"content":{"rendered":"<p>Easypill Digest Comfort hond (voorheen Easypill Smectite) is een aanvullend diervoeder en bevat surfine groene klei met een zeer hoog absorptievermogen. Het ondersteunt een goede darmwerking en verbetert de stoelgang in geval van dunne ontlasting. De uitstekende smaak van de formulering leidt gewoonlijk tot een spontane inname. De dosering van Smectite hond is als volgt: hond &lt;12 kg lichaamsgewicht: 2 maal daags 1 portie gedurende 7 dagen (2 repen per 7 dagen), hond 12-24 kg lichaamsgewicht: 2 maal daags 2 porties gedurende 7 dagen (4 repen per 7 dagen) en hond &gt;24 kg lichaamsgewicht: 2 maal daags 3 porties gedurende 7 dagen (6 repen per 7 dagen). De verpakking bevat 6&#215;28 gram.<\/p>\n","protected":false},"excerpt":{"rendered":"<p>Easypill Digest Comfort hond (voorheen Easypill Smectite) is een aanvullend diervoeder en bevat surfine groene klei met een zeer hoog absorptievermogen. Het ondersteunt een goede darmwerking en verbetert de stoelgang in geval van dunne ontlasting. De uitstekende smaak van de formulering leidt gewoonlijk tot een spontane inname. De dosering van Smectite hond is als volgt: [&hellip;]<\/p>\n","protected":false},"featured_media":116226,"comment_status":"open","ping_status":"closed","template":"","meta":{"_acf_changed":false,"_nl_post_content":"<p>Easypill Digest Comfort hond (voorheen Easypill Smectite) is een aanvullend diervoeder en bevat surfine groene klei met een zeer hoog absorptievermogen. Het ondersteunt een goede darmwerking en verbetert de stoelgang in geval van dunne ontlasting. De uitstekende smaak van de formulering leidt gewoonlijk tot een spontane inname. De dosering van Smectite hond is als volgt: hond &lt;12 kg lichaamsgewicht: 2 maal daags 1 portie gedurende 7 dagen (2 repen per 7 dagen), hond 12-24 kg lichaamsgewicht: 2 maal daags 2 porties gedurende 7 dagen (4 repen per 7 dagen) en hond &gt;24 kg lichaamsgewicht: 2 maal daags 3 porties gedurende 7 dagen (6 repen per 7 dagen). De verpakking bevat 6x28 gram.<\/p>","_nl_post_name":"easypill-digest-comfort-hond-6x28-gram","_nl_post_excerpt":"","_nl_post_title":"Easypill Digest Comfort hond 6x28 gram","_en_post_content":"<p>Easypill Digest Comfort dog (before Easypill Smectite) is a supplement and contains surfine green clay with a very high absorption. It supports proper bowel function and improves bowel movement in the case of loose stool. The excellent taste of the formula generally leads to a spontaneous intake. The dosage of smectite dog is as follows: Dog &lt;12 kg body weight: 2 times a day 1 portion in 7 days (2 bars per 7 days), dog 12-24 kg body weight: 2 times a day 2 portions for 7 days (4 bars per 7 days) and dogs&gt; 24 kg body weight: 2 times a day 3 portions for 7 days (6 strips per 7 days). The package contains 6x28 grams.<\/p>","_en_post_name":"easypill-digest-comfort-dog-6x28-grams","_en_post_excerpt":"","_en_post_title":"Easypill Digest Comfort dog 6x28 grams","_de_post_content":"<p>Easypill Digest Comfort Hund (fr\u00fcher Easypill Smectite) ist ein Tierfuttererg\u00e4nzungsmittel und enth\u00e4lt Surfine gr\u00fcnen Ton mit einer sehr hohen Absorption. Es unterst\u00fctzt die ordnungsgem\u00e4\u00dfe Darmfunktion und verbessert die Darmbewegung bei weichem Stuhl. Die ausgezeichneten Geschmack der Formulierung f\u00fchrt in der Regel zu einer spontanen Aufnahme. Die Dosierung von Smektit Hund ist wie folgt: Hund &lt;12 kg K\u00f6rpergewicht: 2 mal am Tag eine Portion w\u00e4hrend 7 Tagen (2 Streifen pro 7 Tagen), Hund 12-24 kg K\u00f6rpergewicht: 2 mal am Tag 2 Portionen w\u00e4hrend 7 Tagen (4 Streifen pro 7 Tagen) und Hund &gt; 24 kg K\u00f6rpergewicht: 2 mal am Tag 3 Portionen w\u00e4hrend 7 Tage (6 Streifen pro 7 Tagen). Das Paket enth\u00e4lt 6x28 Gramm.<\/p>","_de_post_name":"easypill-smectite-hund-6x28-gramm","_de_post_excerpt":"","_de_post_title":"Easypill Digest Comfort Hund 6x28 Gramm","_fr_post_content":"<p>Easypill Digest Comfort chien (avant Easypill Smectite) est un compl\u00e9ment alimentaire et contient de l'argile verte surfine \u00e0 tr\u00e8s haute capacit\u00e9 d'absorption. Elle favorise une bonne fonction intestinale et am\u00e9liore le transit intestinal en cas de selles molles. La formulation sp\u00e9cifique tr\u00e8s app\u00e9tente favorise g\u00e9n\u00e9ralement une prise spontan\u00e9e. Le dosage du chien Smectite: chien de 24 kg de poids corporel : 2 fois par jour 3 portions pendant 7 jours (6 barres par 7 jours). Le paquet contient 6x28 grammes.<\/p>","_fr_post_name":"easypill-digest-comfort-chien-6x28-grammes","_fr_post_excerpt":"","_fr_post_title":"Easypill Digest Comfort chien 6x28 grammes","_es_post_content":"<p>Easypill Digest Comfort Dog (anteriormente Easypill Smectite) es un alimento complementario para perros con diarrea. Easypill Digest Comfort contiene arcilla verde surfina con una capacidad de absorci\u00f3n muy alta. Es compatible con una buena funci\u00f3n intestinal y mejora los movimientos intestinales en caso de heces sueltas. El excelente sabor de la formulaci\u00f3n suele conducir a la ingesti\u00f3n espont\u00e1nea.<\/p>\r\n<h3>Dosis<\/h3>\r\n<p>La dosificaci\u00f3n de Smectite Dog es la siguiente:<\/p>\r\n<ul>\r\n<li>Perro &lt;12 kg de peso corporal: 2 veces al d\u00eda 1 porci\u00f3n durante 7 d\u00edas (2 barras por 7 d\u00edas)<\/li>\r\n<li>Perro 12-24 kg de peso corporal: 2 veces al d\u00eda 2 porciones durante 7 d\u00edas (4 barras por 7 d\u00edas)<\/li>\r\n<li>Perro &gt; 24 kg de peso corporal: 2 veces al d\u00eda 3 porciones durante 7 d\u00edas (6 barritas por 7 d\u00edas).<\/li>\r\n<\/ul>\r\n<p><br \/>El paquete contiene 6x28 gramos.<\/p>","_es_post_name":"easypill-digest-comfort-dog","_es_post_excerpt":"","_es_post_title":"Easypill Digest Comfort Dog 6x28 gramos","edit_language":"nl"},"product_brand":[],"product_cat":[1975,1917,1117,1848,1839,1857],"product_tag":[],"class_list":{"0":"post-116229","1":"product","2":"type-product","3":"status-publish","4":"has-post-thumbnail","6":"product_cat-diarree","7":"product_cat-easypill","8":"product_cat-honden","9":"product_cat-maag-darmen","10":"product_cat-medicijnen-supplementen","11":"product_cat-merken","12":"pa_aandoening-maag_darmen","13":"pa_doeldier-hond","14":"pa_fabricatieland-frankrijk","15":"pa_merkfilter-easypill","16":"pa_merkgroep-virbac","17":"pa_productsoort-voedingssupplement","18":"pa_seo_canonical_store_id-not_found_value","19":"pa_seo_category-not_found_value","20":"pa_seo_meta_robots-not_found_value","21":"pa_toedieningswijze-kauwbrokjes","22":"pa_unit_pricing_base_measure-1ct","23":"pa_unit_pricing_measure-6ct","24":"pa_werkzamestof-overig","26":"first","27":"instock","28":"taxable","29":"shipping-taxable","30":"purchasable","31":"product-type-simple"},"yoast_head":"<!-- This site is optimized with the Yoast SEO plugin v27.5 - https:\/\/yoast.com\/product\/yoast-seo-wordpress\/ -->\n<title>Easypill Digest Comfort hond 6x28 gram - Pharmacy4pets<\/title>\n<meta name=\"robots\" content=\"index, follow, max-snippet:-1, max-image-preview:large, max-video-preview:-1\" \/>\n<link rel=\"canonical\" href=\"https:\/\/p4p-nl.bootmine.com\/%product-slug%\/easypill-digest-comfort-hond-6x28-gram\" \/>\n<meta property=\"og:locale\" content=\"nl_NL\" \/>\n<meta property=\"og:type\" content=\"article\" \/>\n<meta property=\"og:title\" content=\"Easypill Digest Comfort hond 6x28 gram - Pharmacy4pets\" \/>\n<meta property=\"og:description\" content=\"Easypill Digest Comfort hond (voorheen Easypill Smectite) is een aanvullend diervoeder en bevat surfine groene klei met een zeer hoog absorptievermogen. Het ondersteunt een goede darmwerking en verbetert de stoelgang in geval van dunne ontlasting. De uitstekende smaak van de formulering leidt gewoonlijk tot een spontane inname. De dosering van Smectite hond is als volgt: [&hellip;]\" \/>\n<meta property=\"og:url\" content=\"https:\/\/p4p-nl.bootmine.com\/%product-slug%\/easypill-digest-comfort-hond-6x28-gram\" \/>\n<meta property=\"og:site_name\" content=\"Pharmacy4pets\" \/>\n<meta property=\"article:publisher\" content=\"https:\/\/www.facebook.com\/people\/Pharmacy4petsnl\/100063484989896\/\" \/>\n<meta property=\"article:modified_time\" content=\"2026-04-14T08:01:30+00:00\" \/>\n<meta property=\"og:image\" content=\"https:\/\/p4p-nl.bootmine.com\/wp-content\/uploads\/2014\/04\/easypill_digest_comfort_dog_schuin_2500x2500_rgb.jpg\" \/>\n\t<meta property=\"og:image:width\" content=\"1000\" \/>\n\t<meta property=\"og:image:height\" content=\"1000\" \/>\n\t<meta property=\"og:image:type\" content=\"image\/jpeg\" \/>\n<meta name=\"twitter:card\" content=\"summary_large_image\" \/>\n<script type=\"application\/ld+json\" class=\"yoast-schema-graph\">{\"@context\":\"https:\\\/\\\/schema.org\",\"@graph\":[{\"@type\":\"WebPage\",\"@id\":\"https:\\\/\\\/p4p-nl.bootmine.com\\\/%product-slug%\\\/easypill-digest-comfort-hond-6x28-gram\",\"url\":\"https:\\\/\\\/p4p-nl.bootmine.com\\\/%product-slug%\\\/easypill-digest-comfort-hond-6x28-gram\",\"name\":\"Easypill Digest Comfort hond 6x28 gram - Pharmacy4pets\",\"isPartOf\":{\"@id\":\"http:\\\/\\\/www.pharmacy4pets.nl\\\/#website\"},\"primaryImageOfPage\":{\"@id\":\"https:\\\/\\\/p4p-nl.bootmine.com\\\/%product-slug%\\\/easypill-digest-comfort-hond-6x28-gram#primaryimage\"},\"image\":{\"@id\":\"https:\\\/\\\/p4p-nl.bootmine.com\\\/%product-slug%\\\/easypill-digest-comfort-hond-6x28-gram#primaryimage\"},\"thumbnailUrl\":\"https:\\\/\\\/www.pharmacy4pets.nl\\\/wp-content\\\/uploads\\\/2014\\\/04\\\/easypill_digest_comfort_dog_schuin_2500x2500_rgb.jpg\",\"datePublished\":\"2014-04-04T17:24:42+00:00\",\"dateModified\":\"2026-04-14T08:01:30+00:00\",\"breadcrumb\":{\"@id\":\"https:\\\/\\\/p4p-nl.bootmine.com\\\/%product-slug%\\\/easypill-digest-comfort-hond-6x28-gram#breadcrumb\"},\"inLanguage\":\"nl-NL\",\"potentialAction\":[{\"@type\":\"ReadAction\",\"target\":[\"https:\\\/\\\/p4p-nl.bootmine.com\\\/%product-slug%\\\/easypill-digest-comfort-hond-6x28-gram\"]}]},{\"@type\":\"ImageObject\",\"inLanguage\":\"nl-NL\",\"@id\":\"https:\\\/\\\/p4p-nl.bootmine.com\\\/%product-slug%\\\/easypill-digest-comfort-hond-6x28-gram#primaryimage\",\"url\":\"https:\\\/\\\/www.pharmacy4pets.nl\\\/wp-content\\\/uploads\\\/2014\\\/04\\\/easypill_digest_comfort_dog_schuin_2500x2500_rgb.jpg\",\"contentUrl\":\"https:\\\/\\\/www.pharmacy4pets.nl\\\/wp-content\\\/uploads\\\/2014\\\/04\\\/easypill_digest_comfort_dog_schuin_2500x2500_rgb.jpg\",\"width\":1000,\"height\":1000,\"caption\":\"Easypill Digest Comfort\"},{\"@type\":\"BreadcrumbList\",\"@id\":\"https:\\\/\\\/p4p-nl.bootmine.com\\\/%product-slug%\\\/easypill-digest-comfort-hond-6x28-gram#breadcrumb\",\"itemListElement\":[{\"@type\":\"ListItem\",\"position\":1,\"name\":\"Home\",\"item\":\"https:\\\/\\\/p4p-nl.bootmine.com\\\/\"},{\"@type\":\"ListItem\",\"position\":2,\"name\":\"Winkel\",\"item\":\"https:\\\/\\\/p4p-nl.bootmine.com\\\/winkel\"},{\"@type\":\"ListItem\",\"position\":3,\"name\":\"Easypill Digest Comfort hond 6&#215;28 gram\"}]},{\"@type\":\"WebSite\",\"@id\":\"http:\\\/\\\/www.pharmacy4pets.nl\\\/#website\",\"url\":\"http:\\\/\\\/www.pharmacy4pets.nl\\\/\",\"name\":\"Pharmacy4pets\",\"description\":\"Pharmacy4pets.nl is d\u00e9 online apotheek waar u terecht kunt voor alle diergeneesmiddelen, verzorgingsproducten en dieetvoeding voor uw huisdier.\",\"publisher\":{\"@id\":\"http:\\\/\\\/www.pharmacy4pets.nl\\\/#organization\"},\"potentialAction\":[{\"@type\":\"SearchAction\",\"target\":{\"@type\":\"EntryPoint\",\"urlTemplate\":\"http:\\\/\\\/www.pharmacy4pets.nl\\\/?s={search_term_string}\"},\"query-input\":{\"@type\":\"PropertyValueSpecification\",\"valueRequired\":true,\"valueName\":\"search_term_string\"}}],\"inLanguage\":\"nl-NL\"},{\"@type\":\"Organization\",\"@id\":\"http:\\\/\\\/www.pharmacy4pets.nl\\\/#organization\",\"name\":\"Pharmacy4pets\",\"url\":\"http:\\\/\\\/www.pharmacy4pets.nl\\\/\",\"logo\":{\"@type\":\"ImageObject\",\"inLanguage\":\"nl-NL\",\"@id\":\"http:\\\/\\\/www.pharmacy4pets.nl\\\/#\\\/schema\\\/logo\\\/image\\\/\",\"url\":\"https:\\\/\\\/p4p-nl.bootmine.com\\\/wp-content\\\/uploads\\\/2026\\\/03\\\/logo-pharmacy4pets.png\",\"contentUrl\":\"https:\\\/\\\/p4p-nl.bootmine.com\\\/wp-content\\\/uploads\\\/2026\\\/03\\\/logo-pharmacy4pets.png\",\"width\":1024,\"height\":135,\"caption\":\"Pharmacy4pets\"},\"image\":{\"@id\":\"http:\\\/\\\/www.pharmacy4pets.nl\\\/#\\\/schema\\\/logo\\\/image\\\/\"},\"sameAs\":[\"https:\\\/\\\/www.facebook.com\\\/people\\\/Pharmacy4petsnl\\\/100063484989896\\\/\",\"https:\\\/\\\/www.youtube.com\\\/channel\\\/UCGPTIgucgli03tP2_kvLkHg\\\/featured\",\"https:\\\/\\\/www.instagram.com\\\/pharmacy4pets.nl\"]}]}<\/script>\n<!-- \/ Yoast SEO plugin. -->","yoast_head_json":{"title":"Easypill Digest Comfort hond 6x28 gram - Pharmacy4pets","robots":{"index":"index","follow":"follow","max-snippet":"max-snippet:-1","max-image-preview":"max-image-preview:large","max-video-preview":"max-video-preview:-1"},"canonical":"https:\/\/p4p-nl.bootmine.com\/%product-slug%\/easypill-digest-comfort-hond-6x28-gram","og_locale":"nl_NL","og_type":"article","og_title":"Easypill Digest Comfort hond 6x28 gram - Pharmacy4pets","og_description":"Easypill Digest Comfort hond (voorheen Easypill Smectite) is een aanvullend diervoeder en bevat surfine groene klei met een zeer hoog absorptievermogen. Het ondersteunt een goede darmwerking en verbetert de stoelgang in geval van dunne ontlasting. De uitstekende smaak van de formulering leidt gewoonlijk tot een spontane inname. De dosering van Smectite hond is als volgt: [&hellip;]","og_url":"https:\/\/p4p-nl.bootmine.com\/%product-slug%\/easypill-digest-comfort-hond-6x28-gram","og_site_name":"Pharmacy4pets","article_publisher":"https:\/\/www.facebook.com\/people\/Pharmacy4petsnl\/100063484989896\/","article_modified_time":"2026-04-14T08:01:30+00:00","og_image":[{"width":1000,"height":1000,"url":"https:\/\/p4p-nl.bootmine.com\/wp-content\/uploads\/2014\/04\/easypill_digest_comfort_dog_schuin_2500x2500_rgb.jpg","type":"image\/jpeg"}],"twitter_card":"summary_large_image","schema":{"@context":"https:\/\/schema.org","@graph":[{"@type":"WebPage","@id":"https:\/\/p4p-nl.bootmine.com\/%product-slug%\/easypill-digest-comfort-hond-6x28-gram","url":"https:\/\/p4p-nl.bootmine.com\/%product-slug%\/easypill-digest-comfort-hond-6x28-gram","name":"Easypill Digest Comfort hond 6x28 gram - Pharmacy4pets","isPartOf":{"@id":"http:\/\/www.pharmacy4pets.nl\/#website"},"primaryImageOfPage":{"@id":"https:\/\/p4p-nl.bootmine.com\/%product-slug%\/easypill-digest-comfort-hond-6x28-gram#primaryimage"},"image":{"@id":"https:\/\/p4p-nl.bootmine.com\/%product-slug%\/easypill-digest-comfort-hond-6x28-gram#primaryimage"},"thumbnailUrl":"https:\/\/www.pharmacy4pets.nl\/wp-content\/uploads\/2014\/04\/easypill_digest_comfort_dog_schuin_2500x2500_rgb.jpg","datePublished":"2014-04-04T17:24:42+00:00","dateModified":"2026-04-14T08:01:30+00:00","breadcrumb":{"@id":"https:\/\/p4p-nl.bootmine.com\/%product-slug%\/easypill-digest-comfort-hond-6x28-gram#breadcrumb"},"inLanguage":"nl-NL","potentialAction":[{"@type":"ReadAction","target":["https:\/\/p4p-nl.bootmine.com\/%product-slug%\/easypill-digest-comfort-hond-6x28-gram"]}]},{"@type":"ImageObject","inLanguage":"nl-NL","@id":"https:\/\/p4p-nl.bootmine.com\/%product-slug%\/easypill-digest-comfort-hond-6x28-gram#primaryimage","url":"https:\/\/www.pharmacy4pets.nl\/wp-content\/uploads\/2014\/04\/easypill_digest_comfort_dog_schuin_2500x2500_rgb.jpg","contentUrl":"https:\/\/www.pharmacy4pets.nl\/wp-content\/uploads\/2014\/04\/easypill_digest_comfort_dog_schuin_2500x2500_rgb.jpg","width":1000,"height":1000,"caption":"Easypill Digest Comfort"},{"@type":"BreadcrumbList","@id":"https:\/\/p4p-nl.bootmine.com\/%product-slug%\/easypill-digest-comfort-hond-6x28-gram#breadcrumb","itemListElement":[{"@type":"ListItem","position":1,"name":"Home","item":"https:\/\/p4p-nl.bootmine.com\/"},{"@type":"ListItem","position":2,"name":"Winkel","item":"https:\/\/p4p-nl.bootmine.com\/winkel"},{"@type":"ListItem","position":3,"name":"Easypill Digest Comfort hond 6&#215;28 gram"}]},{"@type":"WebSite","@id":"http:\/\/www.pharmacy4pets.nl\/#website","url":"http:\/\/www.pharmacy4pets.nl\/","name":"Pharmacy4pets","description":"Pharmacy4pets.nl is d\u00e9 online apotheek waar u terecht kunt voor alle diergeneesmiddelen, verzorgingsproducten en dieetvoeding voor uw huisdier.","publisher":{"@id":"http:\/\/www.pharmacy4pets.nl\/#organization"},"potentialAction":[{"@type":"SearchAction","target":{"@type":"EntryPoint","urlTemplate":"http:\/\/www.pharmacy4pets.nl\/?s={search_term_string}"},"query-input":{"@type":"PropertyValueSpecification","valueRequired":true,"valueName":"search_term_string"}}],"inLanguage":"nl-NL"},{"@type":"Organization","@id":"http:\/\/www.pharmacy4pets.nl\/#organization","name":"Pharmacy4pets","url":"http:\/\/www.pharmacy4pets.nl\/","logo":{"@type":"ImageObject","inLanguage":"nl-NL","@id":"http:\/\/www.pharmacy4pets.nl\/#\/schema\/logo\/image\/","url":"https:\/\/p4p-nl.bootmine.com\/wp-content\/uploads\/2026\/03\/logo-pharmacy4pets.png","contentUrl":"https:\/\/p4p-nl.bootmine.com\/wp-content\/uploads\/2026\/03\/logo-pharmacy4pets.png","width":1024,"height":135,"caption":"Pharmacy4pets"},"image":{"@id":"http:\/\/www.pharmacy4pets.nl\/#\/schema\/logo\/image\/"},"sameAs":["https:\/\/www.facebook.com\/people\/Pharmacy4petsnl\/100063484989896\/","https:\/\/www.youtube.com\/channel\/UCGPTIgucgli03tP2_kvLkHg\/featured","https:\/\/www.instagram.com\/pharmacy4pets.nl"]}]}},"market_data":{"nl":{"price":0,"sale_price":0,"active":false,"url":null,"parent_url":"","tax_rate":0,"price_inc_tax":0,"sale_price_inc_tax":0},"de":{"price":0,"sale_price":0,"active":false,"url":null,"parent_url":"","tax_rate":0,"price_inc_tax":0,"sale_price_inc_tax":0},"be":{"price":0,"sale_price":0,"active":false,"url":null,"parent_url":"","tax_rate":0,"price_inc_tax":0,"sale_price_inc_tax":0},"fr":{"price":0,"sale_price":0,"active":false,"url":null,"parent_url":"","tax_rate":0,"price_inc_tax":0,"sale_price_inc_tax":0},"ch":{"price":0,"sale_price":0,"active":false,"url":null,"parent_url":"","tax_rate":0,"price_inc_tax":0,"sale_price_inc_tax":0},"at":{"price":0,"sale_price":0,"active":false,"url":null,"parent_url":"","tax_rate":0,"price_inc_tax":0,"sale_price_inc_tax":0},"es":{"price":0,"sale_price":0,"active":false,"url":null,"parent_url":"","tax_rate":0,"price_inc_tax":0,"sale_price_inc_tax":0},"dk":{"price":0,"sale_price":0,"active":false,"url":null,"parent_url":"","tax_rate":0,"price_inc_tax":0,"sale_price_inc_tax":0},"com":{"price":0,"sale_price":0,"active":false,"url":null,"parent_url":"","tax_rate":0,"price_inc_tax":0,"sale_price_inc_tax":0}},"market_nl_price":0,"market_nl_sale_price":0,"market_nl_active":false,"market_nl_url":null,"market_nl_parent_url":"","market_nl_tax_rate":0,"market_nl_price_inc_tax":0,"market_nl_sale_price_inc_tax":0,"market_de_price":0,"market_de_sale_price":0,"market_de_active":false,"market_de_url":null,"market_de_parent_url":"","market_de_tax_rate":0,"market_de_price_inc_tax":0,"market_de_sale_price_inc_tax":0,"market_be_price":0,"market_be_sale_price":0,"market_be_active":false,"market_be_url":null,"market_be_parent_url":"","market_be_tax_rate":0,"market_be_price_inc_tax":0,"market_be_sale_price_inc_tax":0,"market_fr_price":0,"market_fr_sale_price":0,"market_fr_active":false,"market_fr_url":null,"market_fr_parent_url":"","market_fr_tax_rate":0,"market_fr_price_inc_tax":0,"market_fr_sale_price_inc_tax":0,"market_ch_price":0,"market_ch_sale_price":0,"market_ch_active":false,"market_ch_url":null,"market_ch_parent_url":"","market_ch_tax_rate":0,"market_ch_price_inc_tax":0,"market_ch_sale_price_inc_tax":0,"market_at_price":0,"market_at_sale_price":0,"market_at_active":false,"market_at_url":null,"market_at_parent_url":"","market_at_tax_rate":0,"market_at_price_inc_tax":0,"market_at_sale_price_inc_tax":0,"market_es_price":0,"market_es_sale_price":0,"market_es_active":false,"market_es_url":null,"market_es_parent_url":"","market_es_tax_rate":0,"market_es_price_inc_tax":0,"market_es_sale_price_inc_tax":0,"market_dk_price":0,"market_dk_sale_price":0,"market_dk_active":false,"market_dk_url":null,"market_dk_parent_url":"","market_dk_tax_rate":0,"market_dk_price_inc_tax":0,"market_dk_sale_price_inc_tax":0,"market_com_price":0,"market_com_sale_price":0,"market_com_active":false,"market_com_url":null,"market_com_parent_url":"","market_com_tax_rate":0,"market_com_price_inc_tax":0,"market_com_sale_price_inc_tax":0,"acf":[],"_links":{"self":[{"href":"https:\/\/www.pharmacy4pets.nl\/be\/wp-json\/wp\/v2\/product\/116229","targetHints":{"allow":["GET"]}}],"collection":[{"href":"https:\/\/www.pharmacy4pets.nl\/be\/wp-json\/wp\/v2\/product"}],"about":[{"href":"https:\/\/www.pharmacy4pets.nl\/be\/wp-json\/wp\/v2\/types\/product"}],"replies":[{"embeddable":true,"href":"https:\/\/www.pharmacy4pets.nl\/be\/wp-json\/wp\/v2\/comments?post=116229"}],"wp:featuredmedia":[{"embeddable":true,"href":"https:\/\/www.pharmacy4pets.nl\/be\/wp-json\/wp\/v2\/media\/116226"}],"wp:attachment":[{"href":"https:\/\/www.pharmacy4pets.nl\/be\/wp-json\/wp\/v2\/media?parent=116229"}],"wp:term":[{"taxonomy":"product_brand","embeddable":true,"href":"https:\/\/www.pharmacy4pets.nl\/be\/wp-json\/wp\/v2\/product_brand?post=116229"},{"taxonomy":"product_cat","embeddable":true,"href":"https:\/\/www.pharmacy4pets.nl\/be\/wp-json\/wp\/v2\/product_cat?post=116229"},{"taxonomy":"product_tag","embeddable":true,"href":"https:\/\/www.pharmacy4pets.nl\/be\/wp-json\/wp\/v2\/product_tag?post=116229"}],"curies":[{"name":"wp","href":"https:\/\/api.w.org\/{rel}","templated":true}]}}