{"id":116225,"date":"2014-04-04T17:24:42","date_gmt":"2014-04-04T17:24:42","guid":{"rendered":"https:\/\/p4p.test\/easypill-hond-20-sachets-3"},"modified":"2026-04-14T08:01:30","modified_gmt":"2026-04-14T08:01:30","slug":"easypill-hond-20-sachets","status":"publish","type":"product","link":"https:\/\/www.pharmacy4pets.nl\/be\/easypill-hond-20-sachets","title":{"rendered":"Easypill hond 20 sachets"},"content":{"rendered":"<p>Easypill is een voedingssupplement voor honden. Het is een snoepje dat het toedienen van medicijnen (tabletten) aan de hond vergemakkelijkt. Easypill heeft voor de hond een aantrekkelijke smaak, geur en samenstelling. Daarmee worden de vorm en smaak van de pil gemaskeerd. Easypill laat zich ook makkelijk verdelen in meerdere stukjes. Zo is de grootte van het stukje Easypill aan te passen aan de grootte van het toe te dienen tabletje. De restanten kunt u weer samenkneden en opnieuw gebruiken. De verpakking bevat 20 sachets.<\/p>\n","protected":false},"excerpt":{"rendered":"<p>Easypill is een voedingssupplement voor honden. Het is een snoepje dat het toedienen van medicijnen (tabletten) aan de hond vergemakkelijkt. Easypill heeft voor de hond een aantrekkelijke smaak, geur en samenstelling. Daarmee worden de vorm en smaak van de pil gemaskeerd. Easypill laat zich ook makkelijk verdelen in meerdere stukjes. Zo is de grootte van [&hellip;]<\/p>\n","protected":false},"featured_media":116224,"comment_status":"open","ping_status":"closed","template":"","meta":{"_acf_changed":false,"_nl_post_content":"Easypill is een voedingssupplement voor honden. Het is een snoepje dat het toedienen van medicijnen (tabletten) aan de hond vergemakkelijkt. Easypill heeft voor de hond een aantrekkelijke smaak, geur en samenstelling. Daarmee worden de vorm en smaak van de pil gemaskeerd. Easypill laat zich ook makkelijk verdelen in meerdere stukjes. Zo is de grootte van het stukje Easypill aan te passen aan de grootte van het toe te dienen tabletje. De restanten kunt u weer samenkneden en opnieuw gebruiken. De verpakking bevat 20 sachets.","_nl_post_name":"easypill-hond-20-sachets","_nl_post_excerpt":"","_nl_post_title":"Easypill hond 20 sachets","_en_post_content":"Easypill is a dietary supplement for dogs. It is a piece of candy that facilitates the administration of medicines (tablets) in dogs. Easypill for the dog has an appealing taste, odor and composition. Hence the shape and taste of the pill is masked. Easypill is also easy to divide into several pieces. Likewise, the size of the piece of Easypill can be adapted to the size of the tablet to be administered. The remains can be knead together again and be used again. The package contains 20 sachets.\r\n","_en_post_name":"easypill-hond-20-sachets","_en_post_excerpt":"","_en_post_title":"Easypill dog 20 sachets","_de_post_content":"Easypill ist ein Nahrungserg\u00e4nzungsmittel f\u00fcr Hunde. Es ist ein St\u00fcck der S\u00fc\u00dfigkeit, dass die Verabreichung von Medikamenten (Tabletten) an der Hunde erleichtert. Easypill f\u00fcr den Hund hat einen ansprechenden Geschmack, Geruch und Komposition. Somit kann die Form und den Geschmack der Tablette maskiert werden. Easypill kann auch leicht in mehrere Teile auf wurden geteilt. Ebenso kann die Gr\u00f6\u00dfe der St\u00fcck Easypill auf die Gr\u00f6\u00dfe der verabreichte Tablette angepast werden. Die Reste k\u00f6nnen Sie wieder zusammenkneten und wieder verwenden. Die Packung enth\u00e4lt 20 Sachets.\r\n","_de_post_name":"easypill-hond-20-sachets","_de_post_excerpt":"","_de_post_title":"Easypill Hund 20 Sachets","_fr_post_content":"Easypill est un compl\u00e9ment alimentaire pour chiens. C'est une friandise qui facilite l'administration de m\u00e9dicaments (comprim\u00e9s) au chien. Easypill a un go\u00fbt, une odeur et une composition attrayants pour le chien. Cela masque la forme et le go\u00fbt de la pilule. Easypill est \u00e9galement facile \u00e0 diviser en plusieurs morceaux. Par exemple, la taille du morceau d'Easypill peut \u00eatre ajust\u00e9e \u00e0 la taille du comprim\u00e9 \u00e0 administrer. Vous pouvez \u00e0 nouveau p\u00e9trir les restes et les r\u00e9utiliser. Le pack contient 20 sachets.","_fr_post_name":"easypill-hond-20-sachets","_fr_post_excerpt":"","_fr_post_title":"Easypill chien 20 sachets","_es_post_content":"<p>Easypill Perros 20 sachets son snacks que facilita la administraci\u00f3n de medicamentos (tabletas) a su perro. Easypill tiene un sabor, olor y composici\u00f3n atractivos para perros. Esto enmascara la forma y el sabor de la p\u00edldora. Easypill tambi\u00e9n es f\u00e1cil de dividir en varias partes. Por ejemplo, el tama\u00f1o de la pieza de Easypill se puede ajustar al tama\u00f1o de la tableta a administrar. Puedes volver a amasar las sobras y usarlas de nuevo.<\/p>","_es_post_name":"easypill-perros-20-sobres","_es_post_excerpt":"","_es_post_title":"Easypill perros 20 sobres","edit_language":"nl"},"product_brand":[],"product_cat":[1861,1917,1862,1117,1848,1839,1857],"product_tag":[],"class_list":{"0":"post-116225","1":"product","2":"type-product","3":"status-publish","4":"has-post-thumbnail","6":"product_cat-benodigdheden","7":"product_cat-easypill","8":"product_cat-ehbo","9":"product_cat-honden","10":"product_cat-maag-darmen","11":"product_cat-medicijnen-supplementen","12":"product_cat-merken","13":"pa_aandoening-maag_darmen","14":"pa_doeldier-hond","15":"pa_fabricatieland-frankrijk","16":"pa_merkfilter-easypill","17":"pa_merkgroep-virbac","18":"pa_productsoort-voedingssupplement","19":"pa_seo_canonical_store_id-not_found_value","20":"pa_seo_category-not_found_value","21":"pa_seo_meta_robots-not_found_value","22":"pa_toedieningswijze-kauwbrokjes","23":"pa_unit_pricing_base_measure-1ct","24":"pa_unit_pricing_measure-20ct","25":"pa_werkzamestof-overig","27":"first","28":"instock","29":"taxable","30":"shipping-taxable","31":"purchasable","32":"product-type-simple"},"yoast_head":"<!-- This site is optimized with the Yoast SEO plugin v27.5 - https:\/\/yoast.com\/product\/yoast-seo-wordpress\/ -->\n<title>Easypill hond 20 sachets - Pharmacy4pets<\/title>\n<meta name=\"robots\" content=\"index, follow, max-snippet:-1, max-image-preview:large, max-video-preview:-1\" \/>\n<link rel=\"canonical\" href=\"https:\/\/p4p-nl.bootmine.com\/%product-slug%\/easypill-hond-20-sachets\" \/>\n<meta property=\"og:locale\" content=\"nl_NL\" \/>\n<meta property=\"og:type\" content=\"article\" \/>\n<meta property=\"og:title\" content=\"Easypill hond 20 sachets - Pharmacy4pets\" \/>\n<meta property=\"og:description\" content=\"Easypill is een voedingssupplement voor honden. Het is een snoepje dat het toedienen van medicijnen (tabletten) aan de hond vergemakkelijkt. Easypill heeft voor de hond een aantrekkelijke smaak, geur en samenstelling. Daarmee worden de vorm en smaak van de pil gemaskeerd. Easypill laat zich ook makkelijk verdelen in meerdere stukjes. Zo is de grootte van [&hellip;]\" \/>\n<meta property=\"og:url\" content=\"https:\/\/p4p-nl.bootmine.com\/%product-slug%\/easypill-hond-20-sachets\" \/>\n<meta property=\"og:site_name\" content=\"Pharmacy4pets\" \/>\n<meta property=\"article:publisher\" content=\"https:\/\/www.facebook.com\/people\/Pharmacy4petsnl\/100063484989896\/\" \/>\n<meta property=\"article:modified_time\" content=\"2026-04-14T08:01:30+00:00\" \/>\n<meta property=\"og:image\" content=\"https:\/\/p4p-nl.bootmine.com\/wp-content\/uploads\/2014\/04\/18502_1.jpg\" \/>\n\t<meta property=\"og:image:width\" content=\"330\" \/>\n\t<meta property=\"og:image:height\" content=\"300\" \/>\n\t<meta property=\"og:image:type\" content=\"image\/jpeg\" \/>\n<meta name=\"twitter:card\" content=\"summary_large_image\" \/>\n<script type=\"application\/ld+json\" class=\"yoast-schema-graph\">{\"@context\":\"https:\\\/\\\/schema.org\",\"@graph\":[{\"@type\":\"WebPage\",\"@id\":\"https:\\\/\\\/p4p-nl.bootmine.com\\\/%product-slug%\\\/easypill-hond-20-sachets\",\"url\":\"https:\\\/\\\/p4p-nl.bootmine.com\\\/%product-slug%\\\/easypill-hond-20-sachets\",\"name\":\"Easypill hond 20 sachets - Pharmacy4pets\",\"isPartOf\":{\"@id\":\"http:\\\/\\\/www.pharmacy4pets.nl\\\/#website\"},\"primaryImageOfPage\":{\"@id\":\"https:\\\/\\\/p4p-nl.bootmine.com\\\/%product-slug%\\\/easypill-hond-20-sachets#primaryimage\"},\"image\":{\"@id\":\"https:\\\/\\\/p4p-nl.bootmine.com\\\/%product-slug%\\\/easypill-hond-20-sachets#primaryimage\"},\"thumbnailUrl\":\"https:\\\/\\\/www.pharmacy4pets.nl\\\/wp-content\\\/uploads\\\/2014\\\/04\\\/18502_1.jpg\",\"datePublished\":\"2014-04-04T17:24:42+00:00\",\"dateModified\":\"2026-04-14T08:01:30+00:00\",\"breadcrumb\":{\"@id\":\"https:\\\/\\\/p4p-nl.bootmine.com\\\/%product-slug%\\\/easypill-hond-20-sachets#breadcrumb\"},\"inLanguage\":\"nl-NL\",\"potentialAction\":[{\"@type\":\"ReadAction\",\"target\":[\"https:\\\/\\\/p4p-nl.bootmine.com\\\/%product-slug%\\\/easypill-hond-20-sachets\"]}]},{\"@type\":\"ImageObject\",\"inLanguage\":\"nl-NL\",\"@id\":\"https:\\\/\\\/p4p-nl.bootmine.com\\\/%product-slug%\\\/easypill-hond-20-sachets#primaryimage\",\"url\":\"https:\\\/\\\/www.pharmacy4pets.nl\\\/wp-content\\\/uploads\\\/2014\\\/04\\\/18502_1.jpg\",\"contentUrl\":\"https:\\\/\\\/www.pharmacy4pets.nl\\\/wp-content\\\/uploads\\\/2014\\\/04\\\/18502_1.jpg\",\"width\":330,\"height\":300,\"caption\":\"Easypill\"},{\"@type\":\"BreadcrumbList\",\"@id\":\"https:\\\/\\\/p4p-nl.bootmine.com\\\/%product-slug%\\\/easypill-hond-20-sachets#breadcrumb\",\"itemListElement\":[{\"@type\":\"ListItem\",\"position\":1,\"name\":\"Home\",\"item\":\"https:\\\/\\\/p4p-nl.bootmine.com\\\/\"},{\"@type\":\"ListItem\",\"position\":2,\"name\":\"Winkel\",\"item\":\"https:\\\/\\\/p4p-nl.bootmine.com\\\/winkel\"},{\"@type\":\"ListItem\",\"position\":3,\"name\":\"Easypill hond 20 sachets\"}]},{\"@type\":\"WebSite\",\"@id\":\"http:\\\/\\\/www.pharmacy4pets.nl\\\/#website\",\"url\":\"http:\\\/\\\/www.pharmacy4pets.nl\\\/\",\"name\":\"Pharmacy4pets\",\"description\":\"Pharmacy4pets.nl is d\u00e9 online apotheek waar u terecht kunt voor alle diergeneesmiddelen, verzorgingsproducten en dieetvoeding voor uw huisdier.\",\"publisher\":{\"@id\":\"http:\\\/\\\/www.pharmacy4pets.nl\\\/#organization\"},\"potentialAction\":[{\"@type\":\"SearchAction\",\"target\":{\"@type\":\"EntryPoint\",\"urlTemplate\":\"http:\\\/\\\/www.pharmacy4pets.nl\\\/?s={search_term_string}\"},\"query-input\":{\"@type\":\"PropertyValueSpecification\",\"valueRequired\":true,\"valueName\":\"search_term_string\"}}],\"inLanguage\":\"nl-NL\"},{\"@type\":\"Organization\",\"@id\":\"http:\\\/\\\/www.pharmacy4pets.nl\\\/#organization\",\"name\":\"Pharmacy4pets\",\"url\":\"http:\\\/\\\/www.pharmacy4pets.nl\\\/\",\"logo\":{\"@type\":\"ImageObject\",\"inLanguage\":\"nl-NL\",\"@id\":\"http:\\\/\\\/www.pharmacy4pets.nl\\\/#\\\/schema\\\/logo\\\/image\\\/\",\"url\":\"https:\\\/\\\/p4p-nl.bootmine.com\\\/wp-content\\\/uploads\\\/2026\\\/03\\\/logo-pharmacy4pets.png\",\"contentUrl\":\"https:\\\/\\\/p4p-nl.bootmine.com\\\/wp-content\\\/uploads\\\/2026\\\/03\\\/logo-pharmacy4pets.png\",\"width\":1024,\"height\":135,\"caption\":\"Pharmacy4pets\"},\"image\":{\"@id\":\"http:\\\/\\\/www.pharmacy4pets.nl\\\/#\\\/schema\\\/logo\\\/image\\\/\"},\"sameAs\":[\"https:\\\/\\\/www.facebook.com\\\/people\\\/Pharmacy4petsnl\\\/100063484989896\\\/\",\"https:\\\/\\\/www.youtube.com\\\/channel\\\/UCGPTIgucgli03tP2_kvLkHg\\\/featured\",\"https:\\\/\\\/www.instagram.com\\\/pharmacy4pets.nl\"]}]}<\/script>\n<!-- \/ Yoast SEO plugin. -->","yoast_head_json":{"title":"Easypill hond 20 sachets - Pharmacy4pets","robots":{"index":"index","follow":"follow","max-snippet":"max-snippet:-1","max-image-preview":"max-image-preview:large","max-video-preview":"max-video-preview:-1"},"canonical":"https:\/\/p4p-nl.bootmine.com\/%product-slug%\/easypill-hond-20-sachets","og_locale":"nl_NL","og_type":"article","og_title":"Easypill hond 20 sachets - Pharmacy4pets","og_description":"Easypill is een voedingssupplement voor honden. Het is een snoepje dat het toedienen van medicijnen (tabletten) aan de hond vergemakkelijkt. Easypill heeft voor de hond een aantrekkelijke smaak, geur en samenstelling. Daarmee worden de vorm en smaak van de pil gemaskeerd. Easypill laat zich ook makkelijk verdelen in meerdere stukjes. Zo is de grootte van [&hellip;]","og_url":"https:\/\/p4p-nl.bootmine.com\/%product-slug%\/easypill-hond-20-sachets","og_site_name":"Pharmacy4pets","article_publisher":"https:\/\/www.facebook.com\/people\/Pharmacy4petsnl\/100063484989896\/","article_modified_time":"2026-04-14T08:01:30+00:00","og_image":[{"width":330,"height":300,"url":"https:\/\/p4p-nl.bootmine.com\/wp-content\/uploads\/2014\/04\/18502_1.jpg","type":"image\/jpeg"}],"twitter_card":"summary_large_image","schema":{"@context":"https:\/\/schema.org","@graph":[{"@type":"WebPage","@id":"https:\/\/p4p-nl.bootmine.com\/%product-slug%\/easypill-hond-20-sachets","url":"https:\/\/p4p-nl.bootmine.com\/%product-slug%\/easypill-hond-20-sachets","name":"Easypill hond 20 sachets - Pharmacy4pets","isPartOf":{"@id":"http:\/\/www.pharmacy4pets.nl\/#website"},"primaryImageOfPage":{"@id":"https:\/\/p4p-nl.bootmine.com\/%product-slug%\/easypill-hond-20-sachets#primaryimage"},"image":{"@id":"https:\/\/p4p-nl.bootmine.com\/%product-slug%\/easypill-hond-20-sachets#primaryimage"},"thumbnailUrl":"https:\/\/www.pharmacy4pets.nl\/wp-content\/uploads\/2014\/04\/18502_1.jpg","datePublished":"2014-04-04T17:24:42+00:00","dateModified":"2026-04-14T08:01:30+00:00","breadcrumb":{"@id":"https:\/\/p4p-nl.bootmine.com\/%product-slug%\/easypill-hond-20-sachets#breadcrumb"},"inLanguage":"nl-NL","potentialAction":[{"@type":"ReadAction","target":["https:\/\/p4p-nl.bootmine.com\/%product-slug%\/easypill-hond-20-sachets"]}]},{"@type":"ImageObject","inLanguage":"nl-NL","@id":"https:\/\/p4p-nl.bootmine.com\/%product-slug%\/easypill-hond-20-sachets#primaryimage","url":"https:\/\/www.pharmacy4pets.nl\/wp-content\/uploads\/2014\/04\/18502_1.jpg","contentUrl":"https:\/\/www.pharmacy4pets.nl\/wp-content\/uploads\/2014\/04\/18502_1.jpg","width":330,"height":300,"caption":"Easypill"},{"@type":"BreadcrumbList","@id":"https:\/\/p4p-nl.bootmine.com\/%product-slug%\/easypill-hond-20-sachets#breadcrumb","itemListElement":[{"@type":"ListItem","position":1,"name":"Home","item":"https:\/\/p4p-nl.bootmine.com\/"},{"@type":"ListItem","position":2,"name":"Winkel","item":"https:\/\/p4p-nl.bootmine.com\/winkel"},{"@type":"ListItem","position":3,"name":"Easypill hond 20 sachets"}]},{"@type":"WebSite","@id":"http:\/\/www.pharmacy4pets.nl\/#website","url":"http:\/\/www.pharmacy4pets.nl\/","name":"Pharmacy4pets","description":"Pharmacy4pets.nl is d\u00e9 online apotheek waar u terecht kunt voor alle diergeneesmiddelen, verzorgingsproducten en dieetvoeding voor uw huisdier.","publisher":{"@id":"http:\/\/www.pharmacy4pets.nl\/#organization"},"potentialAction":[{"@type":"SearchAction","target":{"@type":"EntryPoint","urlTemplate":"http:\/\/www.pharmacy4pets.nl\/?s={search_term_string}"},"query-input":{"@type":"PropertyValueSpecification","valueRequired":true,"valueName":"search_term_string"}}],"inLanguage":"nl-NL"},{"@type":"Organization","@id":"http:\/\/www.pharmacy4pets.nl\/#organization","name":"Pharmacy4pets","url":"http:\/\/www.pharmacy4pets.nl\/","logo":{"@type":"ImageObject","inLanguage":"nl-NL","@id":"http:\/\/www.pharmacy4pets.nl\/#\/schema\/logo\/image\/","url":"https:\/\/p4p-nl.bootmine.com\/wp-content\/uploads\/2026\/03\/logo-pharmacy4pets.png","contentUrl":"https:\/\/p4p-nl.bootmine.com\/wp-content\/uploads\/2026\/03\/logo-pharmacy4pets.png","width":1024,"height":135,"caption":"Pharmacy4pets"},"image":{"@id":"http:\/\/www.pharmacy4pets.nl\/#\/schema\/logo\/image\/"},"sameAs":["https:\/\/www.facebook.com\/people\/Pharmacy4petsnl\/100063484989896\/","https:\/\/www.youtube.com\/channel\/UCGPTIgucgli03tP2_kvLkHg\/featured","https:\/\/www.instagram.com\/pharmacy4pets.nl"]}]}},"market_data":{"nl":{"price":0,"sale_price":0,"active":false,"url":null,"parent_url":"","tax_rate":0,"price_inc_tax":0,"sale_price_inc_tax":0},"de":{"price":0,"sale_price":0,"active":false,"url":null,"parent_url":"","tax_rate":0,"price_inc_tax":0,"sale_price_inc_tax":0},"be":{"price":0,"sale_price":0,"active":false,"url":null,"parent_url":"","tax_rate":0,"price_inc_tax":0,"sale_price_inc_tax":0},"fr":{"price":0,"sale_price":0,"active":false,"url":null,"parent_url":"","tax_rate":0,"price_inc_tax":0,"sale_price_inc_tax":0},"ch":{"price":0,"sale_price":0,"active":false,"url":null,"parent_url":"","tax_rate":0,"price_inc_tax":0,"sale_price_inc_tax":0},"at":{"price":0,"sale_price":0,"active":false,"url":null,"parent_url":"","tax_rate":0,"price_inc_tax":0,"sale_price_inc_tax":0},"es":{"price":0,"sale_price":0,"active":false,"url":null,"parent_url":"","tax_rate":0,"price_inc_tax":0,"sale_price_inc_tax":0},"dk":{"price":0,"sale_price":0,"active":false,"url":null,"parent_url":"","tax_rate":0,"price_inc_tax":0,"sale_price_inc_tax":0},"com":{"price":0,"sale_price":0,"active":false,"url":null,"parent_url":"","tax_rate":0,"price_inc_tax":0,"sale_price_inc_tax":0}},"market_nl_price":0,"market_nl_sale_price":0,"market_nl_active":false,"market_nl_url":null,"market_nl_parent_url":"","market_nl_tax_rate":0,"market_nl_price_inc_tax":0,"market_nl_sale_price_inc_tax":0,"market_de_price":0,"market_de_sale_price":0,"market_de_active":false,"market_de_url":null,"market_de_parent_url":"","market_de_tax_rate":0,"market_de_price_inc_tax":0,"market_de_sale_price_inc_tax":0,"market_be_price":0,"market_be_sale_price":0,"market_be_active":false,"market_be_url":null,"market_be_parent_url":"","market_be_tax_rate":0,"market_be_price_inc_tax":0,"market_be_sale_price_inc_tax":0,"market_fr_price":0,"market_fr_sale_price":0,"market_fr_active":false,"market_fr_url":null,"market_fr_parent_url":"","market_fr_tax_rate":0,"market_fr_price_inc_tax":0,"market_fr_sale_price_inc_tax":0,"market_ch_price":0,"market_ch_sale_price":0,"market_ch_active":false,"market_ch_url":null,"market_ch_parent_url":"","market_ch_tax_rate":0,"market_ch_price_inc_tax":0,"market_ch_sale_price_inc_tax":0,"market_at_price":0,"market_at_sale_price":0,"market_at_active":false,"market_at_url":null,"market_at_parent_url":"","market_at_tax_rate":0,"market_at_price_inc_tax":0,"market_at_sale_price_inc_tax":0,"market_es_price":0,"market_es_sale_price":0,"market_es_active":false,"market_es_url":null,"market_es_parent_url":"","market_es_tax_rate":0,"market_es_price_inc_tax":0,"market_es_sale_price_inc_tax":0,"market_dk_price":0,"market_dk_sale_price":0,"market_dk_active":false,"market_dk_url":null,"market_dk_parent_url":"","market_dk_tax_rate":0,"market_dk_price_inc_tax":0,"market_dk_sale_price_inc_tax":0,"market_com_price":0,"market_com_sale_price":0,"market_com_active":false,"market_com_url":null,"market_com_parent_url":"","market_com_tax_rate":0,"market_com_price_inc_tax":0,"market_com_sale_price_inc_tax":0,"acf":[],"_links":{"self":[{"href":"https:\/\/www.pharmacy4pets.nl\/be\/wp-json\/wp\/v2\/product\/116225","targetHints":{"allow":["GET"]}}],"collection":[{"href":"https:\/\/www.pharmacy4pets.nl\/be\/wp-json\/wp\/v2\/product"}],"about":[{"href":"https:\/\/www.pharmacy4pets.nl\/be\/wp-json\/wp\/v2\/types\/product"}],"replies":[{"embeddable":true,"href":"https:\/\/www.pharmacy4pets.nl\/be\/wp-json\/wp\/v2\/comments?post=116225"}],"wp:featuredmedia":[{"embeddable":true,"href":"https:\/\/www.pharmacy4pets.nl\/be\/wp-json\/wp\/v2\/media\/116224"}],"wp:attachment":[{"href":"https:\/\/www.pharmacy4pets.nl\/be\/wp-json\/wp\/v2\/media?parent=116225"}],"wp:term":[{"taxonomy":"product_brand","embeddable":true,"href":"https:\/\/www.pharmacy4pets.nl\/be\/wp-json\/wp\/v2\/product_brand?post=116225"},{"taxonomy":"product_cat","embeddable":true,"href":"https:\/\/www.pharmacy4pets.nl\/be\/wp-json\/wp\/v2\/product_cat?post=116225"},{"taxonomy":"product_tag","embeddable":true,"href":"https:\/\/www.pharmacy4pets.nl\/be\/wp-json\/wp\/v2\/product_tag?post=116225"}],"curies":[{"name":"wp","href":"https:\/\/api.w.org\/{rel}","templated":true}]}}