{"id":116218,"date":"2014-03-26T13:38:10","date_gmt":"2014-03-26T13:38:10","guid":{"rendered":"https:\/\/p4p.test\/adaptil-hond"},"modified":"2026-03-25T11:54:37","modified_gmt":"2026-03-25T11:54:37","slug":"adaptil-hond","status":"publish","type":"product","link":"https:\/\/www.pharmacy4pets.nl\/be\/adaptil-hond","title":{"rendered":"Adaptil Calm verdamper"},"content":{"rendered":"<h1 style=\"text-align: justify;\"><strong>Adaptil hond<\/strong><\/h1>\n<p style=\"text-align: justify;\">De Adaptil Calm verdamper wordt in het stopcontact geplaatst en verspreid daarna geruststellende feromonen in de ruimte. Een flacon duurt tot 4 weken en heeft een bereik van 50-70 m2. De verdamper is ideaal om pups te laten wennen aan hun nieuwe huis, meerdere honden in een ruimte te kalmeren, of bang voor vuurwerk, De navulling Adaptil is een flacon voor de Adaptil verdamper. Het wordt aangeraden om de verdamper na maximaal 5 navullingen te vervangen.<\/p>\n<p><em>Let op! De verdamper is geschikt voor type C stopcontacten, voor gebruik bij andere stopcontacten zal een wereldstekker nodig zijn.<\/em><\/p>\n","protected":false},"excerpt":{"rendered":"<p>Adaptil hond De Adaptil Calm verdamper wordt in het stopcontact geplaatst en verspreid daarna geruststellende feromonen in de ruimte. Een flacon duurt tot 4 weken en heeft een bereik van 50-70 m2. De verdamper is ideaal om pups te laten wennen aan hun nieuwe huis, meerdere honden in een ruimte te kalmeren, of bang voor [&hellip;]<\/p>\n","protected":false},"featured_media":116209,"comment_status":"open","ping_status":"closed","template":"","meta":{"_acf_changed":false,"_nl_post_content":"<h1 style=\"text-align: justify;\"><strong>Adaptil hond<\/strong><\/h1>\r\n<p style=\"text-align: justify;\">De Adaptil Calm verdamper wordt in het stopcontact geplaatst en verspreid daarna geruststellende feromonen in de ruimte. Een flacon duurt tot 4 weken en heeft een bereik van 50-70 m2. De verdamper is ideaal om pups te laten wennen aan hun nieuwe huis, meerdere honden in een ruimte te kalmeren, of bang voor vuurwerk, De navulling Adaptil is een flacon voor de Adaptil verdamper. Het wordt aangeraden om de verdamper na maximaal 5 navullingen te vervangen.<\/p>\r\n<p><em>Let op! De verdamper is geschikt voor type C stopcontacten, voor gebruik bij andere stopcontacten zal een wereldstekker nodig zijn.<\/em><\/p>","_nl_post_name":"adaptil-hond","_nl_post_excerpt":"","_nl_post_title":"Adaptil Calm verdamper","_en_post_content":"<p style=\"text-align: justify;\">The Adaptil Calm diffuser can be placed in a socket, after which the comforting pheromones are being diffused. One bottle of Adaptil works for 4 weeks and has a reach of 50-70 m2. The diffuser is ideal for getting puppies used to their new home, in multi-dog households and with fireworks anxiety.The Adaptil refill is a bottle for Adaptil diffuser. It is recommended to replace the Adaptil diffuser after you have used up to 5 refills.<\/p>\n<p><em>Please note! The evaporator is suitable for type C sockets, a world plug will be required for use with other sockets.<\/em><\/p>","_en_post_name":"adaptil-dog","_en_post_excerpt":"","_en_post_title":"Adaptil Calm diffuser","_de_post_content":"<p style=\"text-align: justify;\">Adaptil Calm Verdampfer kann in eine Steckdose platziert werden, woraufhin die tr\u00f6stliche Pheromone verbreitet werden. Eine Flasche Adaptil wirkt f\u00fcr 4 Wochen und hat eine Reichweite von 50-70 m2. Der Zerst\u00e4uber ist ideal f\u00fcr Welpen zu ihrem neuen Zuhause gew\u00f6hnen, in Mehrhundenhaushalte und mit Feuerwerk Angst.\u00a0Adaptil Nachf\u00fcllflakon ist eine Flasche f\u00fcr der Adaptil Zerst\u00e4uber. Es ist ratsam den Adaptil Zerst\u00e4uber zu ersetzen, nachdem Sie bis zu 5 Nachf\u00fcllflakons verwendet haben.<\/p>\n<p><em>Bitte beachten Sie! Der Verdampfer ist f\u00fcr Steckdosen vom Typ C geeignet, f\u00fcr andere Steckdosen wird ein Weltstecker ben\u00f6tigt.<\/em><\/p>","_de_post_name":"adaptil-hund","_de_post_excerpt":"","_de_post_title":"Adaptil Calm Verdampfer","_fr_post_content":"<p>Le diffuseur Adaptil Calm se place dans la prise de contact et disperse par la suite des ph\u00e9romones rassurantes dans la pi\u00e8ce. Un flacon dure 4 semaines et \u00e0 une port\u00e9e de 50-70 m2. Le diffuseur est id\u00e9al pour laisser habituer les chiots \u00e0 leur nouvelle maison, afin de calmer plusieurs chiens dans une pi\u00e8ce ou la peur de feux d\u2019artifices. La recharge Adaptil est un flacon pour le diffuseur Adaptil. Il est conseill\u00e9 de changer le diffuseur apr\u00e8s avoir utilis\u00e9 5 recharges au maximum.<\/p>\n<p><em>Attention ! L'\u00e9vaporateur est adapt\u00e9 aux prises de courant de type C. Une fiche mondiale est n\u00e9cessaire pour les autres prises de courant.<\/em><\/p>","_fr_post_name":"adaptil-chien","_fr_post_excerpt":"","_fr_post_title":"Adaptil Calm diffuseur","_es_post_content":"<p>Adaptil Calm Difusor el difusor se enchufa para poder difundir las feromonas tranquilizantes en el espacio. El vial durar\u00e1 4 semanas cubriendo un superficie de 50 a 70 metros cuadrados. El difusor es un producto ideal para dejar acostumbrarse los cachorros a su nuevo hogar, calmar a varios perros en un espacio o tranquilizar a un perro que tiene miedo a los fuegos artificiales. El recambio Adaptil es un vial para el difusor Adaptil. Se recomienda renovar el difusor despu\u00e9s de 5 recambios como m\u00e1ximo.<\/p>\n<p><em>\u00a1Atenci\u00f3n! El evaporador es apto para enchufes de tipo C, para utilizarlo con otros enchufes se necesitar\u00e1 una clavija mundial.<\/em><\/p>","_es_post_name":"adaptil-perro","_es_post_excerpt":"","_es_post_title":"Adaptil Calm difusor","edit_language":"nl"},"product_brand":[],"product_cat":[1899,1984,1117,1839,1857,1854],"product_tag":[],"class_list":{"0":"post-116218","1":"product","2":"type-product","3":"status-publish","4":"has-post-thumbnail","6":"product_cat-adaptil","7":"product_cat-angst-stress","8":"product_cat-honden","9":"product_cat-medicijnen-supplementen","10":"product_cat-merken","11":"product_cat-zenuwstelsel","12":"pa_aandoening-gedrag","13":"pa_doeldier-hond","14":"pa_fabricatieland-frankrijk","15":"pa_merkfilter-adaptil","16":"pa_merkgroep-ceva","17":"pa_productsoort-overig","18":"pa_seo_canonical_store_id-not_found_value","19":"pa_seo_category-not_found_value","20":"pa_seo_meta_robots-not_found_value","21":"pa_toedieningswijze-verdamper","22":"pa_werkzamestof-overig","24":"first","25":"instock","26":"taxable","27":"shipping-taxable","28":"product-type-grouped"},"yoast_head":"<!-- This site is optimized with the Yoast SEO plugin v27.5 - https:\/\/yoast.com\/product\/yoast-seo-wordpress\/ -->\n<title>Adaptil Calm verdamper<\/title>\n<meta name=\"robots\" content=\"index, follow, max-snippet:-1, max-image-preview:large, max-video-preview:-1\" \/>\n<link rel=\"canonical\" href=\"https:\/\/p4p-nl.bootmine.com\/%product-slug%\/adaptil-hond\" \/>\n<meta property=\"og:locale\" content=\"nl_NL\" \/>\n<meta property=\"og:type\" content=\"article\" \/>\n<meta property=\"og:title\" content=\"Adaptil Calm verdamper\" \/>\n<meta property=\"og:description\" content=\"Adaptil hond De Adaptil Calm verdamper wordt in het stopcontact geplaatst en verspreid daarna geruststellende feromonen in de ruimte. Een flacon duurt tot 4 weken en heeft een bereik van 50-70 m2. De verdamper is ideaal om pups te laten wennen aan hun nieuwe huis, meerdere honden in een ruimte te kalmeren, of bang voor [&hellip;]\" \/>\n<meta property=\"og:url\" content=\"https:\/\/p4p-nl.bootmine.com\/%product-slug%\/adaptil-hond\" \/>\n<meta property=\"og:site_name\" content=\"Pharmacy4pets\" \/>\n<meta property=\"article:publisher\" content=\"https:\/\/www.facebook.com\/people\/Pharmacy4petsnl\/100063484989896\/\" \/>\n<meta property=\"article:modified_time\" content=\"2026-03-25T11:54:37+00:00\" \/>\n<meta property=\"og:image\" content=\"https:\/\/p4p-nl.bootmine.com\/wp-content\/uploads\/2014\/03\/16320_3.jpg\" \/>\n\t<meta property=\"og:image:width\" content=\"500\" \/>\n\t<meta property=\"og:image:height\" content=\"500\" \/>\n\t<meta property=\"og:image:type\" content=\"image\/jpeg\" \/>\n<meta name=\"twitter:card\" content=\"summary_large_image\" \/>\n<script type=\"application\/ld+json\" class=\"yoast-schema-graph\">{\"@context\":\"https:\\\/\\\/schema.org\",\"@graph\":[{\"@type\":\"WebPage\",\"@id\":\"https:\\\/\\\/p4p-nl.bootmine.com\\\/%product-slug%\\\/adaptil-hond\",\"url\":\"https:\\\/\\\/p4p-nl.bootmine.com\\\/%product-slug%\\\/adaptil-hond\",\"name\":\"Adaptil Calm verdamper\",\"isPartOf\":{\"@id\":\"http:\\\/\\\/www.pharmacy4pets.nl\\\/#website\"},\"primaryImageOfPage\":{\"@id\":\"https:\\\/\\\/p4p-nl.bootmine.com\\\/%product-slug%\\\/adaptil-hond#primaryimage\"},\"image\":{\"@id\":\"https:\\\/\\\/p4p-nl.bootmine.com\\\/%product-slug%\\\/adaptil-hond#primaryimage\"},\"thumbnailUrl\":\"https:\\\/\\\/www.pharmacy4pets.nl\\\/wp-content\\\/uploads\\\/2014\\\/03\\\/16320_3.jpg\",\"datePublished\":\"2014-03-26T13:38:10+00:00\",\"dateModified\":\"2026-03-25T11:54:37+00:00\",\"breadcrumb\":{\"@id\":\"https:\\\/\\\/p4p-nl.bootmine.com\\\/%product-slug%\\\/adaptil-hond#breadcrumb\"},\"inLanguage\":\"nl-NL\",\"potentialAction\":[{\"@type\":\"ReadAction\",\"target\":[\"https:\\\/\\\/p4p-nl.bootmine.com\\\/%product-slug%\\\/adaptil-hond\"]}]},{\"@type\":\"ImageObject\",\"inLanguage\":\"nl-NL\",\"@id\":\"https:\\\/\\\/p4p-nl.bootmine.com\\\/%product-slug%\\\/adaptil-hond#primaryimage\",\"url\":\"https:\\\/\\\/www.pharmacy4pets.nl\\\/wp-content\\\/uploads\\\/2014\\\/03\\\/16320_3.jpg\",\"contentUrl\":\"https:\\\/\\\/www.pharmacy4pets.nl\\\/wp-content\\\/uploads\\\/2014\\\/03\\\/16320_3.jpg\",\"width\":500,\"height\":500,\"caption\":\"Adaptil Calm\"},{\"@type\":\"BreadcrumbList\",\"@id\":\"https:\\\/\\\/p4p-nl.bootmine.com\\\/%product-slug%\\\/adaptil-hond#breadcrumb\",\"itemListElement\":[{\"@type\":\"ListItem\",\"position\":1,\"name\":\"Home\",\"item\":\"https:\\\/\\\/p4p-nl.bootmine.com\\\/\"},{\"@type\":\"ListItem\",\"position\":2,\"name\":\"Winkel\",\"item\":\"https:\\\/\\\/p4p-nl.bootmine.com\\\/winkel\"},{\"@type\":\"ListItem\",\"position\":3,\"name\":\"Adaptil Calm verdamper\"}]},{\"@type\":\"WebSite\",\"@id\":\"http:\\\/\\\/www.pharmacy4pets.nl\\\/#website\",\"url\":\"http:\\\/\\\/www.pharmacy4pets.nl\\\/\",\"name\":\"Pharmacy4pets\",\"description\":\"Pharmacy4pets.nl is d\u00e9 online apotheek waar u terecht kunt voor alle diergeneesmiddelen, verzorgingsproducten en dieetvoeding voor uw huisdier.\",\"publisher\":{\"@id\":\"http:\\\/\\\/www.pharmacy4pets.nl\\\/#organization\"},\"potentialAction\":[{\"@type\":\"SearchAction\",\"target\":{\"@type\":\"EntryPoint\",\"urlTemplate\":\"http:\\\/\\\/www.pharmacy4pets.nl\\\/?s={search_term_string}\"},\"query-input\":{\"@type\":\"PropertyValueSpecification\",\"valueRequired\":true,\"valueName\":\"search_term_string\"}}],\"inLanguage\":\"nl-NL\"},{\"@type\":\"Organization\",\"@id\":\"http:\\\/\\\/www.pharmacy4pets.nl\\\/#organization\",\"name\":\"Pharmacy4pets\",\"url\":\"http:\\\/\\\/www.pharmacy4pets.nl\\\/\",\"logo\":{\"@type\":\"ImageObject\",\"inLanguage\":\"nl-NL\",\"@id\":\"http:\\\/\\\/www.pharmacy4pets.nl\\\/#\\\/schema\\\/logo\\\/image\\\/\",\"url\":\"https:\\\/\\\/p4p-nl.bootmine.com\\\/wp-content\\\/uploads\\\/2026\\\/03\\\/logo-pharmacy4pets.png\",\"contentUrl\":\"https:\\\/\\\/p4p-nl.bootmine.com\\\/wp-content\\\/uploads\\\/2026\\\/03\\\/logo-pharmacy4pets.png\",\"width\":1024,\"height\":135,\"caption\":\"Pharmacy4pets\"},\"image\":{\"@id\":\"http:\\\/\\\/www.pharmacy4pets.nl\\\/#\\\/schema\\\/logo\\\/image\\\/\"},\"sameAs\":[\"https:\\\/\\\/www.facebook.com\\\/people\\\/Pharmacy4petsnl\\\/100063484989896\\\/\",\"https:\\\/\\\/www.youtube.com\\\/channel\\\/UCGPTIgucgli03tP2_kvLkHg\\\/featured\",\"https:\\\/\\\/www.instagram.com\\\/pharmacy4pets.nl\"]}]}<\/script>\n<!-- \/ Yoast SEO plugin. -->","yoast_head_json":{"title":"Adaptil Calm verdamper","robots":{"index":"index","follow":"follow","max-snippet":"max-snippet:-1","max-image-preview":"max-image-preview:large","max-video-preview":"max-video-preview:-1"},"canonical":"https:\/\/p4p-nl.bootmine.com\/%product-slug%\/adaptil-hond","og_locale":"nl_NL","og_type":"article","og_title":"Adaptil Calm verdamper","og_description":"Adaptil hond De Adaptil Calm verdamper wordt in het stopcontact geplaatst en verspreid daarna geruststellende feromonen in de ruimte. Een flacon duurt tot 4 weken en heeft een bereik van 50-70 m2. De verdamper is ideaal om pups te laten wennen aan hun nieuwe huis, meerdere honden in een ruimte te kalmeren, of bang voor [&hellip;]","og_url":"https:\/\/p4p-nl.bootmine.com\/%product-slug%\/adaptil-hond","og_site_name":"Pharmacy4pets","article_publisher":"https:\/\/www.facebook.com\/people\/Pharmacy4petsnl\/100063484989896\/","article_modified_time":"2026-03-25T11:54:37+00:00","og_image":[{"width":500,"height":500,"url":"https:\/\/p4p-nl.bootmine.com\/wp-content\/uploads\/2014\/03\/16320_3.jpg","type":"image\/jpeg"}],"twitter_card":"summary_large_image","schema":{"@context":"https:\/\/schema.org","@graph":[{"@type":"WebPage","@id":"https:\/\/p4p-nl.bootmine.com\/%product-slug%\/adaptil-hond","url":"https:\/\/p4p-nl.bootmine.com\/%product-slug%\/adaptil-hond","name":"Adaptil Calm verdamper","isPartOf":{"@id":"http:\/\/www.pharmacy4pets.nl\/#website"},"primaryImageOfPage":{"@id":"https:\/\/p4p-nl.bootmine.com\/%product-slug%\/adaptil-hond#primaryimage"},"image":{"@id":"https:\/\/p4p-nl.bootmine.com\/%product-slug%\/adaptil-hond#primaryimage"},"thumbnailUrl":"https:\/\/www.pharmacy4pets.nl\/wp-content\/uploads\/2014\/03\/16320_3.jpg","datePublished":"2014-03-26T13:38:10+00:00","dateModified":"2026-03-25T11:54:37+00:00","breadcrumb":{"@id":"https:\/\/p4p-nl.bootmine.com\/%product-slug%\/adaptil-hond#breadcrumb"},"inLanguage":"nl-NL","potentialAction":[{"@type":"ReadAction","target":["https:\/\/p4p-nl.bootmine.com\/%product-slug%\/adaptil-hond"]}]},{"@type":"ImageObject","inLanguage":"nl-NL","@id":"https:\/\/p4p-nl.bootmine.com\/%product-slug%\/adaptil-hond#primaryimage","url":"https:\/\/www.pharmacy4pets.nl\/wp-content\/uploads\/2014\/03\/16320_3.jpg","contentUrl":"https:\/\/www.pharmacy4pets.nl\/wp-content\/uploads\/2014\/03\/16320_3.jpg","width":500,"height":500,"caption":"Adaptil Calm"},{"@type":"BreadcrumbList","@id":"https:\/\/p4p-nl.bootmine.com\/%product-slug%\/adaptil-hond#breadcrumb","itemListElement":[{"@type":"ListItem","position":1,"name":"Home","item":"https:\/\/p4p-nl.bootmine.com\/"},{"@type":"ListItem","position":2,"name":"Winkel","item":"https:\/\/p4p-nl.bootmine.com\/winkel"},{"@type":"ListItem","position":3,"name":"Adaptil Calm verdamper"}]},{"@type":"WebSite","@id":"http:\/\/www.pharmacy4pets.nl\/#website","url":"http:\/\/www.pharmacy4pets.nl\/","name":"Pharmacy4pets","description":"Pharmacy4pets.nl is d\u00e9 online apotheek waar u terecht kunt voor alle diergeneesmiddelen, verzorgingsproducten en dieetvoeding voor uw huisdier.","publisher":{"@id":"http:\/\/www.pharmacy4pets.nl\/#organization"},"potentialAction":[{"@type":"SearchAction","target":{"@type":"EntryPoint","urlTemplate":"http:\/\/www.pharmacy4pets.nl\/?s={search_term_string}"},"query-input":{"@type":"PropertyValueSpecification","valueRequired":true,"valueName":"search_term_string"}}],"inLanguage":"nl-NL"},{"@type":"Organization","@id":"http:\/\/www.pharmacy4pets.nl\/#organization","name":"Pharmacy4pets","url":"http:\/\/www.pharmacy4pets.nl\/","logo":{"@type":"ImageObject","inLanguage":"nl-NL","@id":"http:\/\/www.pharmacy4pets.nl\/#\/schema\/logo\/image\/","url":"https:\/\/p4p-nl.bootmine.com\/wp-content\/uploads\/2026\/03\/logo-pharmacy4pets.png","contentUrl":"https:\/\/p4p-nl.bootmine.com\/wp-content\/uploads\/2026\/03\/logo-pharmacy4pets.png","width":1024,"height":135,"caption":"Pharmacy4pets"},"image":{"@id":"http:\/\/www.pharmacy4pets.nl\/#\/schema\/logo\/image\/"},"sameAs":["https:\/\/www.facebook.com\/people\/Pharmacy4petsnl\/100063484989896\/","https:\/\/www.youtube.com\/channel\/UCGPTIgucgli03tP2_kvLkHg\/featured","https:\/\/www.instagram.com\/pharmacy4pets.nl"]}]}},"market_data":{"nl":{"price":0,"sale_price":0,"active":false,"url":null,"parent_url":"","tax_rate":0,"price_inc_tax":0,"sale_price_inc_tax":0},"de":{"price":0,"sale_price":0,"active":false,"url":null,"parent_url":"","tax_rate":0,"price_inc_tax":0,"sale_price_inc_tax":0},"be":{"price":0,"sale_price":0,"active":false,"url":null,"parent_url":"","tax_rate":0,"price_inc_tax":0,"sale_price_inc_tax":0},"fr":{"price":0,"sale_price":0,"active":false,"url":null,"parent_url":"","tax_rate":0,"price_inc_tax":0,"sale_price_inc_tax":0},"ch":{"price":0,"sale_price":0,"active":false,"url":null,"parent_url":"","tax_rate":0,"price_inc_tax":0,"sale_price_inc_tax":0},"at":{"price":0,"sale_price":0,"active":false,"url":null,"parent_url":"","tax_rate":0,"price_inc_tax":0,"sale_price_inc_tax":0},"es":{"price":0,"sale_price":0,"active":false,"url":null,"parent_url":"","tax_rate":0,"price_inc_tax":0,"sale_price_inc_tax":0},"dk":{"price":0,"sale_price":0,"active":false,"url":null,"parent_url":"","tax_rate":0,"price_inc_tax":0,"sale_price_inc_tax":0},"com":{"price":0,"sale_price":0,"active":false,"url":null,"parent_url":"","tax_rate":0,"price_inc_tax":0,"sale_price_inc_tax":0}},"market_nl_price":0,"market_nl_sale_price":0,"market_nl_active":false,"market_nl_url":null,"market_nl_parent_url":"","market_nl_tax_rate":0,"market_nl_price_inc_tax":0,"market_nl_sale_price_inc_tax":0,"market_de_price":0,"market_de_sale_price":0,"market_de_active":false,"market_de_url":null,"market_de_parent_url":"","market_de_tax_rate":0,"market_de_price_inc_tax":0,"market_de_sale_price_inc_tax":0,"market_be_price":0,"market_be_sale_price":0,"market_be_active":false,"market_be_url":null,"market_be_parent_url":"","market_be_tax_rate":0,"market_be_price_inc_tax":0,"market_be_sale_price_inc_tax":0,"market_fr_price":0,"market_fr_sale_price":0,"market_fr_active":false,"market_fr_url":null,"market_fr_parent_url":"","market_fr_tax_rate":0,"market_fr_price_inc_tax":0,"market_fr_sale_price_inc_tax":0,"market_ch_price":0,"market_ch_sale_price":0,"market_ch_active":false,"market_ch_url":null,"market_ch_parent_url":"","market_ch_tax_rate":0,"market_ch_price_inc_tax":0,"market_ch_sale_price_inc_tax":0,"market_at_price":0,"market_at_sale_price":0,"market_at_active":false,"market_at_url":null,"market_at_parent_url":"","market_at_tax_rate":0,"market_at_price_inc_tax":0,"market_at_sale_price_inc_tax":0,"market_es_price":0,"market_es_sale_price":0,"market_es_active":false,"market_es_url":null,"market_es_parent_url":"","market_es_tax_rate":0,"market_es_price_inc_tax":0,"market_es_sale_price_inc_tax":0,"market_dk_price":0,"market_dk_sale_price":0,"market_dk_active":false,"market_dk_url":null,"market_dk_parent_url":"","market_dk_tax_rate":0,"market_dk_price_inc_tax":0,"market_dk_sale_price_inc_tax":0,"market_com_price":0,"market_com_sale_price":0,"market_com_active":false,"market_com_url":null,"market_com_parent_url":"","market_com_tax_rate":0,"market_com_price_inc_tax":0,"market_com_sale_price_inc_tax":0,"acf":[],"_links":{"self":[{"href":"https:\/\/www.pharmacy4pets.nl\/be\/wp-json\/wp\/v2\/product\/116218","targetHints":{"allow":["GET"]}}],"collection":[{"href":"https:\/\/www.pharmacy4pets.nl\/be\/wp-json\/wp\/v2\/product"}],"about":[{"href":"https:\/\/www.pharmacy4pets.nl\/be\/wp-json\/wp\/v2\/types\/product"}],"replies":[{"embeddable":true,"href":"https:\/\/www.pharmacy4pets.nl\/be\/wp-json\/wp\/v2\/comments?post=116218"}],"wp:featuredmedia":[{"embeddable":true,"href":"https:\/\/www.pharmacy4pets.nl\/be\/wp-json\/wp\/v2\/media\/116209"}],"wp:attachment":[{"href":"https:\/\/www.pharmacy4pets.nl\/be\/wp-json\/wp\/v2\/media?parent=116218"}],"wp:term":[{"taxonomy":"product_brand","embeddable":true,"href":"https:\/\/www.pharmacy4pets.nl\/be\/wp-json\/wp\/v2\/product_brand?post=116218"},{"taxonomy":"product_cat","embeddable":true,"href":"https:\/\/www.pharmacy4pets.nl\/be\/wp-json\/wp\/v2\/product_cat?post=116218"},{"taxonomy":"product_tag","embeddable":true,"href":"https:\/\/www.pharmacy4pets.nl\/be\/wp-json\/wp\/v2\/product_tag?post=116218"}],"curies":[{"name":"wp","href":"https:\/\/api.w.org\/{rel}","templated":true}]}}