{"id":116204,"date":"2014-02-04T15:46:50","date_gmt":"2014-02-04T15:46:50","guid":{"rendered":"https:\/\/p4p.test\/dermiel-wondzalf-100-gram-3"},"modified":"2026-04-14T08:01:29","modified_gmt":"2026-04-14T08:01:29","slug":"dermiel-wondzalf-100-gram","status":"publish","type":"product","link":"https:\/\/www.pharmacy4pets.nl\/be\/dermiel-wondzalf-100-gram","title":{"rendered":"Dermiel zalf | 100 gram"},"content":{"rendered":"<h1>Dermiel zalf<\/h1>\n<p>Dermiel zalf bevat onder andere honing en etherische oli\u00ebn. De basisingredi\u00ebnten van de zalf ondersteunen het herstellend vermogen van de huid. Dermiel bevat honing met een hoog enzymgehalte en een lage pH.<\/p>\n","protected":false},"excerpt":{"rendered":"<p>Dermiel zalf Dermiel zalf bevat onder andere honing en etherische oli\u00ebn. De basisingredi\u00ebnten van de zalf ondersteunen het herstellend vermogen van de huid. Dermiel bevat honing met een hoog enzymgehalte en een lage pH.<\/p>\n","protected":false},"featured_media":116201,"comment_status":"open","ping_status":"closed","template":"","meta":{"_acf_changed":false,"_nl_post_content":"<h1>Dermiel zalf<\/h1>\r\n<p>Dermiel zalf bevat onder andere honing en etherische oli\u00ebn. De basisingredi\u00ebnten van de zalf ondersteunen het herstellend vermogen van de huid. Dermiel bevat honing met een hoog enzymgehalte en een lage pH.<\/p>","_nl_post_name":"dermiel-wondzalf-100-gram","_nl_post_excerpt":"","_nl_post_title":"Dermiel zalf | 100 gram","_en_post_content":"<h1>Dermiel ointment<\/h1>\n<p>Dermiel ointment includes honey and essential oils. The ointment's basic ingredients support the skin's healing ability. Dermiel contains honey with a high enzyme content and a low pH.<\/p>","_en_post_name":"dermiel-wound-ointment-100-grams","_en_post_excerpt":"","_en_post_title":"Dermiel ointment | 100 grams","_de_post_content":"<h1>Dermiel Salbe<\/h1>\r\n<p>Dermiel-Salbe enth\u00e4lt Honig und \u00e4therische \u00d6le. Die Grundstoffe der Salbe unterst\u00fctzen die Heilungsf\u00e4higkeit der Haut. Dermiel enth\u00e4lt Honig mit einem hohen Enzymgehalt und einem niedrigen pH-Wert.<\/p>","_de_post_name":"dermiel-wundsalbe-100-gramm","_de_post_excerpt":"","_de_post_title":"Dermiel Salbe | 100 Gramm","_fr_post_content":"<h1>Dermiel pommade<\/h1>\n<p>La pommade de Dermiel contient du miel et des huiles essentielles. Les ingr\u00e9dients de base de la pommade soutiennent la capacit\u00e9 de gu\u00e9rison de la peau. Dermiel contient du miel \u00e0 haute teneur en enzymes et \u00e0 faible pH.<\/p>","_fr_post_name":"dermiel-pommade-pour-les-plaies-100-grammes","_fr_post_excerpt":"","_fr_post_title":"Dermiel pommade | 100 grammes","_es_post_content":"<h1>Dermiel pomada<\/h1>\n<p>La pomada Dermiel incluye miel y aceites esenciales. Los ingredientes b\u00e1sicos de la pomada apoyan la capacidad de curaci\u00f3n de la piel. Dermiel contiene miel con un alto contenido de enzimas y un pH bajo.<\/p>","_es_post_name":"dermiel-pomada-cicatrizante-100-gramos","_es_post_excerpt":"","_es_post_title":"Dermiel pomada | 100 gramos","edit_language":"nl"},"product_brand":[],"product_cat":[1891,1820,1861,2040,1892,1862,1821,1117,2115,2133,1974,1845,1118,1839,1857,1809,1863,1893],"product_tag":[],"class_list":{"0":"post-116204","1":"product","2":"type-product","3":"status-publish","4":"has-post-thumbnail","6":"product_cat-benodigdheden","9":"product_cat-dermiel","10":"product_cat-ehbo","13":"product_cat-honden","14":"product_cat-honingzalf","16":"product_cat-hotspot","17":"product_cat-huid-vacht","18":"product_cat-katten","19":"product_cat-medicijnen-supplementen","20":"product_cat-merken","21":"product_cat-paarden","22":"product_cat-verzorging","24":"pa_aandoening-overig","25":"pa_doeldier-ezel","26":"pa_doeldier-hond","27":"pa_doeldier-kat","28":"pa_doeldier-knaagdier","29":"pa_doeldier-konijn","30":"pa_doeldier-paard","31":"pa_fabricatieland-nederland","32":"pa_merkfilter-dermiel","33":"pa_merkgroep-dechra","34":"pa_productsoort-overig","35":"pa_toedieningswijze-zalf","36":"pa_unit_pricing_base_measure-10g","37":"pa_unit_pricing_measure-100g","38":"pa_werkzamestof-overig","40":"first","41":"instock","42":"taxable","43":"shipping-taxable","44":"purchasable","45":"product-type-simple"},"yoast_head":"<!-- This site is optimized with the Yoast SEO plugin v27.5 - https:\/\/yoast.com\/product\/yoast-seo-wordpress\/ -->\n<title>Dermiel zalf | 100 gram - Pharmacy4pets<\/title>\n<meta name=\"robots\" content=\"index, follow, max-snippet:-1, max-image-preview:large, max-video-preview:-1\" \/>\n<link rel=\"canonical\" href=\"https:\/\/p4p-nl.bootmine.com\/%product-slug%\/dermiel-wondzalf-100-gram\" \/>\n<meta property=\"og:locale\" content=\"nl_NL\" \/>\n<meta property=\"og:type\" content=\"article\" \/>\n<meta property=\"og:title\" content=\"Dermiel zalf | 100 gram - Pharmacy4pets\" \/>\n<meta property=\"og:description\" content=\"Dermiel zalf Dermiel zalf bevat onder andere honing en etherische oli\u00ebn. De basisingredi\u00ebnten van de zalf ondersteunen het herstellend vermogen van de huid. Dermiel bevat honing met een hoog enzymgehalte en een lage pH.\" \/>\n<meta property=\"og:url\" content=\"https:\/\/p4p-nl.bootmine.com\/%product-slug%\/dermiel-wondzalf-100-gram\" \/>\n<meta property=\"og:site_name\" content=\"Pharmacy4pets\" \/>\n<meta property=\"article:publisher\" content=\"https:\/\/www.facebook.com\/people\/Pharmacy4petsnl\/100063484989896\/\" \/>\n<meta property=\"article:modified_time\" content=\"2026-04-14T08:01:29+00:00\" \/>\n<meta property=\"og:image\" content=\"https:\/\/p4p-nl.bootmine.com\/wp-content\/uploads\/2014\/02\/Dermiel_zalf_1.Jpg\" \/>\n\t<meta property=\"og:image:width\" content=\"480\" \/>\n\t<meta property=\"og:image:height\" content=\"480\" \/>\n\t<meta property=\"og:image:type\" content=\"image\/jpeg\" \/>\n<meta name=\"twitter:card\" content=\"summary_large_image\" \/>\n<script type=\"application\/ld+json\" class=\"yoast-schema-graph\">{\"@context\":\"https:\\\/\\\/schema.org\",\"@graph\":[{\"@type\":\"WebPage\",\"@id\":\"https:\\\/\\\/p4p-nl.bootmine.com\\\/%product-slug%\\\/dermiel-wondzalf-100-gram\",\"url\":\"https:\\\/\\\/p4p-nl.bootmine.com\\\/%product-slug%\\\/dermiel-wondzalf-100-gram\",\"name\":\"Dermiel zalf | 100 gram - Pharmacy4pets\",\"isPartOf\":{\"@id\":\"http:\\\/\\\/www.pharmacy4pets.nl\\\/#website\"},\"primaryImageOfPage\":{\"@id\":\"https:\\\/\\\/p4p-nl.bootmine.com\\\/%product-slug%\\\/dermiel-wondzalf-100-gram#primaryimage\"},\"image\":{\"@id\":\"https:\\\/\\\/p4p-nl.bootmine.com\\\/%product-slug%\\\/dermiel-wondzalf-100-gram#primaryimage\"},\"thumbnailUrl\":\"https:\\\/\\\/www.pharmacy4pets.nl\\\/wp-content\\\/uploads\\\/2014\\\/02\\\/Dermiel_zalf_1.Jpg\",\"datePublished\":\"2014-02-04T15:46:50+00:00\",\"dateModified\":\"2026-04-14T08:01:29+00:00\",\"breadcrumb\":{\"@id\":\"https:\\\/\\\/p4p-nl.bootmine.com\\\/%product-slug%\\\/dermiel-wondzalf-100-gram#breadcrumb\"},\"inLanguage\":\"nl-NL\",\"potentialAction\":[{\"@type\":\"ReadAction\",\"target\":[\"https:\\\/\\\/p4p-nl.bootmine.com\\\/%product-slug%\\\/dermiel-wondzalf-100-gram\"]}]},{\"@type\":\"ImageObject\",\"inLanguage\":\"nl-NL\",\"@id\":\"https:\\\/\\\/p4p-nl.bootmine.com\\\/%product-slug%\\\/dermiel-wondzalf-100-gram#primaryimage\",\"url\":\"https:\\\/\\\/www.pharmacy4pets.nl\\\/wp-content\\\/uploads\\\/2014\\\/02\\\/Dermiel_zalf_1.Jpg\",\"contentUrl\":\"https:\\\/\\\/www.pharmacy4pets.nl\\\/wp-content\\\/uploads\\\/2014\\\/02\\\/Dermiel_zalf_1.Jpg\",\"width\":480,\"height\":480,\"caption\":\"Dermiel zalf | 100 gram-0\"},{\"@type\":\"BreadcrumbList\",\"@id\":\"https:\\\/\\\/p4p-nl.bootmine.com\\\/%product-slug%\\\/dermiel-wondzalf-100-gram#breadcrumb\",\"itemListElement\":[{\"@type\":\"ListItem\",\"position\":1,\"name\":\"Home\",\"item\":\"https:\\\/\\\/p4p-nl.bootmine.com\\\/\"},{\"@type\":\"ListItem\",\"position\":2,\"name\":\"Winkel\",\"item\":\"https:\\\/\\\/p4p-nl.bootmine.com\\\/winkel\"},{\"@type\":\"ListItem\",\"position\":3,\"name\":\"Dermiel zalf | 100 gram\"}]},{\"@type\":\"WebSite\",\"@id\":\"http:\\\/\\\/www.pharmacy4pets.nl\\\/#website\",\"url\":\"http:\\\/\\\/www.pharmacy4pets.nl\\\/\",\"name\":\"Pharmacy4pets\",\"description\":\"Pharmacy4pets.nl is d\u00e9 online apotheek waar u terecht kunt voor alle diergeneesmiddelen, verzorgingsproducten en dieetvoeding voor uw huisdier.\",\"publisher\":{\"@id\":\"http:\\\/\\\/www.pharmacy4pets.nl\\\/#organization\"},\"potentialAction\":[{\"@type\":\"SearchAction\",\"target\":{\"@type\":\"EntryPoint\",\"urlTemplate\":\"http:\\\/\\\/www.pharmacy4pets.nl\\\/?s={search_term_string}\"},\"query-input\":{\"@type\":\"PropertyValueSpecification\",\"valueRequired\":true,\"valueName\":\"search_term_string\"}}],\"inLanguage\":\"nl-NL\"},{\"@type\":\"Organization\",\"@id\":\"http:\\\/\\\/www.pharmacy4pets.nl\\\/#organization\",\"name\":\"Pharmacy4pets\",\"url\":\"http:\\\/\\\/www.pharmacy4pets.nl\\\/\",\"logo\":{\"@type\":\"ImageObject\",\"inLanguage\":\"nl-NL\",\"@id\":\"http:\\\/\\\/www.pharmacy4pets.nl\\\/#\\\/schema\\\/logo\\\/image\\\/\",\"url\":\"https:\\\/\\\/p4p-nl.bootmine.com\\\/wp-content\\\/uploads\\\/2026\\\/03\\\/logo-pharmacy4pets.png\",\"contentUrl\":\"https:\\\/\\\/p4p-nl.bootmine.com\\\/wp-content\\\/uploads\\\/2026\\\/03\\\/logo-pharmacy4pets.png\",\"width\":1024,\"height\":135,\"caption\":\"Pharmacy4pets\"},\"image\":{\"@id\":\"http:\\\/\\\/www.pharmacy4pets.nl\\\/#\\\/schema\\\/logo\\\/image\\\/\"},\"sameAs\":[\"https:\\\/\\\/www.facebook.com\\\/people\\\/Pharmacy4petsnl\\\/100063484989896\\\/\",\"https:\\\/\\\/www.youtube.com\\\/channel\\\/UCGPTIgucgli03tP2_kvLkHg\\\/featured\",\"https:\\\/\\\/www.instagram.com\\\/pharmacy4pets.nl\"]}]}<\/script>\n<!-- \/ Yoast SEO plugin. -->","yoast_head_json":{"title":"Dermiel zalf | 100 gram - Pharmacy4pets","robots":{"index":"index","follow":"follow","max-snippet":"max-snippet:-1","max-image-preview":"max-image-preview:large","max-video-preview":"max-video-preview:-1"},"canonical":"https:\/\/p4p-nl.bootmine.com\/%product-slug%\/dermiel-wondzalf-100-gram","og_locale":"nl_NL","og_type":"article","og_title":"Dermiel zalf | 100 gram - Pharmacy4pets","og_description":"Dermiel zalf Dermiel zalf bevat onder andere honing en etherische oli\u00ebn. De basisingredi\u00ebnten van de zalf ondersteunen het herstellend vermogen van de huid. Dermiel bevat honing met een hoog enzymgehalte en een lage pH.","og_url":"https:\/\/p4p-nl.bootmine.com\/%product-slug%\/dermiel-wondzalf-100-gram","og_site_name":"Pharmacy4pets","article_publisher":"https:\/\/www.facebook.com\/people\/Pharmacy4petsnl\/100063484989896\/","article_modified_time":"2026-04-14T08:01:29+00:00","og_image":[{"width":480,"height":480,"url":"https:\/\/p4p-nl.bootmine.com\/wp-content\/uploads\/2014\/02\/Dermiel_zalf_1.Jpg","type":"image\/jpeg"}],"twitter_card":"summary_large_image","schema":{"@context":"https:\/\/schema.org","@graph":[{"@type":"WebPage","@id":"https:\/\/p4p-nl.bootmine.com\/%product-slug%\/dermiel-wondzalf-100-gram","url":"https:\/\/p4p-nl.bootmine.com\/%product-slug%\/dermiel-wondzalf-100-gram","name":"Dermiel zalf | 100 gram - Pharmacy4pets","isPartOf":{"@id":"http:\/\/www.pharmacy4pets.nl\/#website"},"primaryImageOfPage":{"@id":"https:\/\/p4p-nl.bootmine.com\/%product-slug%\/dermiel-wondzalf-100-gram#primaryimage"},"image":{"@id":"https:\/\/p4p-nl.bootmine.com\/%product-slug%\/dermiel-wondzalf-100-gram#primaryimage"},"thumbnailUrl":"https:\/\/www.pharmacy4pets.nl\/wp-content\/uploads\/2014\/02\/Dermiel_zalf_1.Jpg","datePublished":"2014-02-04T15:46:50+00:00","dateModified":"2026-04-14T08:01:29+00:00","breadcrumb":{"@id":"https:\/\/p4p-nl.bootmine.com\/%product-slug%\/dermiel-wondzalf-100-gram#breadcrumb"},"inLanguage":"nl-NL","potentialAction":[{"@type":"ReadAction","target":["https:\/\/p4p-nl.bootmine.com\/%product-slug%\/dermiel-wondzalf-100-gram"]}]},{"@type":"ImageObject","inLanguage":"nl-NL","@id":"https:\/\/p4p-nl.bootmine.com\/%product-slug%\/dermiel-wondzalf-100-gram#primaryimage","url":"https:\/\/www.pharmacy4pets.nl\/wp-content\/uploads\/2014\/02\/Dermiel_zalf_1.Jpg","contentUrl":"https:\/\/www.pharmacy4pets.nl\/wp-content\/uploads\/2014\/02\/Dermiel_zalf_1.Jpg","width":480,"height":480,"caption":"Dermiel zalf | 100 gram-0"},{"@type":"BreadcrumbList","@id":"https:\/\/p4p-nl.bootmine.com\/%product-slug%\/dermiel-wondzalf-100-gram#breadcrumb","itemListElement":[{"@type":"ListItem","position":1,"name":"Home","item":"https:\/\/p4p-nl.bootmine.com\/"},{"@type":"ListItem","position":2,"name":"Winkel","item":"https:\/\/p4p-nl.bootmine.com\/winkel"},{"@type":"ListItem","position":3,"name":"Dermiel zalf | 100 gram"}]},{"@type":"WebSite","@id":"http:\/\/www.pharmacy4pets.nl\/#website","url":"http:\/\/www.pharmacy4pets.nl\/","name":"Pharmacy4pets","description":"Pharmacy4pets.nl is d\u00e9 online apotheek waar u terecht kunt voor alle diergeneesmiddelen, verzorgingsproducten en dieetvoeding voor uw huisdier.","publisher":{"@id":"http:\/\/www.pharmacy4pets.nl\/#organization"},"potentialAction":[{"@type":"SearchAction","target":{"@type":"EntryPoint","urlTemplate":"http:\/\/www.pharmacy4pets.nl\/?s={search_term_string}"},"query-input":{"@type":"PropertyValueSpecification","valueRequired":true,"valueName":"search_term_string"}}],"inLanguage":"nl-NL"},{"@type":"Organization","@id":"http:\/\/www.pharmacy4pets.nl\/#organization","name":"Pharmacy4pets","url":"http:\/\/www.pharmacy4pets.nl\/","logo":{"@type":"ImageObject","inLanguage":"nl-NL","@id":"http:\/\/www.pharmacy4pets.nl\/#\/schema\/logo\/image\/","url":"https:\/\/p4p-nl.bootmine.com\/wp-content\/uploads\/2026\/03\/logo-pharmacy4pets.png","contentUrl":"https:\/\/p4p-nl.bootmine.com\/wp-content\/uploads\/2026\/03\/logo-pharmacy4pets.png","width":1024,"height":135,"caption":"Pharmacy4pets"},"image":{"@id":"http:\/\/www.pharmacy4pets.nl\/#\/schema\/logo\/image\/"},"sameAs":["https:\/\/www.facebook.com\/people\/Pharmacy4petsnl\/100063484989896\/","https:\/\/www.youtube.com\/channel\/UCGPTIgucgli03tP2_kvLkHg\/featured","https:\/\/www.instagram.com\/pharmacy4pets.nl"]}]}},"market_data":{"nl":{"price":0,"sale_price":0,"active":false,"url":null,"parent_url":"","tax_rate":0,"price_inc_tax":0,"sale_price_inc_tax":0},"de":{"price":0,"sale_price":0,"active":false,"url":null,"parent_url":"","tax_rate":0,"price_inc_tax":0,"sale_price_inc_tax":0},"be":{"price":0,"sale_price":0,"active":false,"url":null,"parent_url":"","tax_rate":0,"price_inc_tax":0,"sale_price_inc_tax":0},"fr":{"price":0,"sale_price":0,"active":false,"url":null,"parent_url":"","tax_rate":0,"price_inc_tax":0,"sale_price_inc_tax":0},"ch":{"price":0,"sale_price":0,"active":false,"url":null,"parent_url":"","tax_rate":0,"price_inc_tax":0,"sale_price_inc_tax":0},"at":{"price":0,"sale_price":0,"active":false,"url":null,"parent_url":"","tax_rate":0,"price_inc_tax":0,"sale_price_inc_tax":0},"es":{"price":0,"sale_price":0,"active":false,"url":null,"parent_url":"","tax_rate":0,"price_inc_tax":0,"sale_price_inc_tax":0},"dk":{"price":0,"sale_price":0,"active":false,"url":null,"parent_url":"","tax_rate":0,"price_inc_tax":0,"sale_price_inc_tax":0},"com":{"price":0,"sale_price":0,"active":false,"url":null,"parent_url":"","tax_rate":0,"price_inc_tax":0,"sale_price_inc_tax":0}},"market_nl_price":0,"market_nl_sale_price":0,"market_nl_active":false,"market_nl_url":null,"market_nl_parent_url":"","market_nl_tax_rate":0,"market_nl_price_inc_tax":0,"market_nl_sale_price_inc_tax":0,"market_de_price":0,"market_de_sale_price":0,"market_de_active":false,"market_de_url":null,"market_de_parent_url":"","market_de_tax_rate":0,"market_de_price_inc_tax":0,"market_de_sale_price_inc_tax":0,"market_be_price":0,"market_be_sale_price":0,"market_be_active":false,"market_be_url":null,"market_be_parent_url":"","market_be_tax_rate":0,"market_be_price_inc_tax":0,"market_be_sale_price_inc_tax":0,"market_fr_price":0,"market_fr_sale_price":0,"market_fr_active":false,"market_fr_url":null,"market_fr_parent_url":"","market_fr_tax_rate":0,"market_fr_price_inc_tax":0,"market_fr_sale_price_inc_tax":0,"market_ch_price":0,"market_ch_sale_price":0,"market_ch_active":false,"market_ch_url":null,"market_ch_parent_url":"","market_ch_tax_rate":0,"market_ch_price_inc_tax":0,"market_ch_sale_price_inc_tax":0,"market_at_price":0,"market_at_sale_price":0,"market_at_active":false,"market_at_url":null,"market_at_parent_url":"","market_at_tax_rate":0,"market_at_price_inc_tax":0,"market_at_sale_price_inc_tax":0,"market_es_price":0,"market_es_sale_price":0,"market_es_active":false,"market_es_url":null,"market_es_parent_url":"","market_es_tax_rate":0,"market_es_price_inc_tax":0,"market_es_sale_price_inc_tax":0,"market_dk_price":0,"market_dk_sale_price":0,"market_dk_active":false,"market_dk_url":null,"market_dk_parent_url":"","market_dk_tax_rate":0,"market_dk_price_inc_tax":0,"market_dk_sale_price_inc_tax":0,"market_com_price":0,"market_com_sale_price":0,"market_com_active":false,"market_com_url":null,"market_com_parent_url":"","market_com_tax_rate":0,"market_com_price_inc_tax":0,"market_com_sale_price_inc_tax":0,"acf":[],"_links":{"self":[{"href":"https:\/\/www.pharmacy4pets.nl\/be\/wp-json\/wp\/v2\/product\/116204","targetHints":{"allow":["GET"]}}],"collection":[{"href":"https:\/\/www.pharmacy4pets.nl\/be\/wp-json\/wp\/v2\/product"}],"about":[{"href":"https:\/\/www.pharmacy4pets.nl\/be\/wp-json\/wp\/v2\/types\/product"}],"replies":[{"embeddable":true,"href":"https:\/\/www.pharmacy4pets.nl\/be\/wp-json\/wp\/v2\/comments?post=116204"}],"wp:featuredmedia":[{"embeddable":true,"href":"https:\/\/www.pharmacy4pets.nl\/be\/wp-json\/wp\/v2\/media\/116201"}],"wp:attachment":[{"href":"https:\/\/www.pharmacy4pets.nl\/be\/wp-json\/wp\/v2\/media?parent=116204"}],"wp:term":[{"taxonomy":"product_brand","embeddable":true,"href":"https:\/\/www.pharmacy4pets.nl\/be\/wp-json\/wp\/v2\/product_brand?post=116204"},{"taxonomy":"product_cat","embeddable":true,"href":"https:\/\/www.pharmacy4pets.nl\/be\/wp-json\/wp\/v2\/product_cat?post=116204"},{"taxonomy":"product_tag","embeddable":true,"href":"https:\/\/www.pharmacy4pets.nl\/be\/wp-json\/wp\/v2\/product_tag?post=116204"}],"curies":[{"name":"wp","href":"https:\/\/api.w.org\/{rel}","templated":true}]}}