{"id":116198,"date":"2014-02-04T15:46:50","date_gmt":"2014-02-04T15:46:50","guid":{"rendered":"https:\/\/p4p.test\/protexin-pro-fibre-hond-500-gr"},"modified":"2026-04-14T08:01:29","modified_gmt":"2026-04-14T08:01:29","slug":"protexin-pro-fibre-hond-500-gr","status":"publish","type":"product","link":"https:\/\/www.pharmacy4pets.nl\/be\/protexin-pro-fibre-hond-500-gr","title":{"rendered":"Protexin Pro-fiber Advanced 500gr"},"content":{"rendered":"<p style=\"text-align: justify;\">Protexin Pro-Fibre is een aanvullend diervoeder met pre- en probiotica voor honden. Het zit vol vezels en draagt daardoor bij aan een betere darmfunctie bij uw hond. Dit komt doordat het product goede bacteri\u00ebn (<em>Enterococcus faecium<\/em>) bevat die van nature al in de darmen van gezonde honden en katten voorkomen. U kunt zien aan uw huisdier dat deze te weinig vezels binnen krijgt doordat deze bijvoorbeeld poep eet, veel gras eet, vaak diarree heeft of vaak winderig is.<\/p>\n<p style=\"text-align: justify;\">De dosering van dit product is als volgt:<\/p>\n<table border=\"1\">\n<thead>\n<tr>\n<td colspan=\"2\">\n<p style=\"text-align: center;\"><strong>Dosering\u00a0<\/strong><\/p>\n<\/td>\n<\/tr>\n<tr>\n<td>\n<p><strong>Gewicht \u00a0 \u00a0 \u00a0 \u00a0 \u00a0 \u00a0 \u00a0<\/strong><\/p>\n<\/td>\n<td>\n<p><strong>Aantal gram\u00a0<\/strong><\/p>\n<\/td>\n<\/tr>\n<tr>\n<td>\n<p>Tot 5 kg<\/p>\n<\/td>\n<td>\n<p>5 Gram<\/p>\n<\/td>\n<\/tr>\n<tr>\n<td>\n<p>5 &#8211; 20 kg<\/p>\n<\/td>\n<td>\n<p>10 Gram<\/p>\n<\/td>\n<\/tr>\n<tr>\n<td>\n<p>20 &#8211; 35 kg<\/p>\n<\/td>\n<td>\n<p>20 Gram<\/p>\n<\/td>\n<\/tr>\n<tr>\n<td>\n<p>35 kg en meer<\/p>\n<\/td>\n<td>\n<p>30 Gram<\/p>\n<\/td>\n<\/tr>\n<\/thead>\n<\/table>\n<p style=\"text-align: justify;\">De verpakking bevat 500 gram.<\/p>\n","protected":false},"excerpt":{"rendered":"<p>Protexin Pro-Fibre is een aanvullend diervoeder met pre- en probiotica voor honden. Het zit vol vezels en draagt daardoor bij aan een betere darmfunctie bij uw hond. Dit komt doordat het product goede bacteri\u00ebn (Enterococcus faecium) bevat die van nature al in de darmen van gezonde honden en katten voorkomen. U kunt zien aan uw [&hellip;]<\/p>\n","protected":false},"featured_media":116196,"comment_status":"open","ping_status":"closed","template":"","meta":{"_acf_changed":false,"_nl_post_content":"<p style=\"text-align: justify;\">Protexin Pro-Fibre is een aanvullend diervoeder met pre- en probiotica voor honden. Het zit vol vezels en draagt daardoor bij aan een betere darmfunctie bij uw hond. Dit komt doordat het product goede bacteri\u00ebn (<em>Enterococcus faecium<\/em>) bevat die van nature al in de darmen van gezonde honden en katten voorkomen. U kunt zien aan uw huisdier dat deze te weinig vezels binnen krijgt doordat deze bijvoorbeeld poep eet, veel gras eet, vaak diarree heeft of vaak winderig is.<\/p>\r\n<p style=\"text-align: justify;\">De dosering van dit product is als volgt:<\/p>\r\n<table border=\"1\">\r\n<thead>\r\n<tr>\r\n<td colspan=\"2\">\r\n<p style=\"text-align: center;\"><strong>Dosering\u00a0<\/strong><\/p>\r\n<\/td>\r\n<\/tr>\r\n<tr>\r\n<td>\r\n<p><strong>Gewicht \u00a0 \u00a0 \u00a0 \u00a0 \u00a0 \u00a0 \u00a0<\/strong><\/p>\r\n<\/td>\r\n<td>\r\n<p><strong>Aantal gram\u00a0<\/strong><\/p>\r\n<\/td>\r\n<\/tr>\r\n<tr>\r\n<td>\r\n<p>Tot 5 kg<\/p>\r\n<\/td>\r\n<td>\r\n<p>5 Gram<\/p>\r\n<\/td>\r\n<\/tr>\r\n<tr>\r\n<td>\r\n<p>5 - 20 kg<\/p>\r\n<\/td>\r\n<td>\r\n<p>10 Gram<\/p>\r\n<\/td>\r\n<\/tr>\r\n<tr>\r\n<td>\r\n<p>20 - 35 kg<\/p>\r\n<\/td>\r\n<td>\r\n<p>20 Gram<\/p>\r\n<\/td>\r\n<\/tr>\r\n<tr>\r\n<td>\r\n<p>35 kg en meer<\/p>\r\n<\/td>\r\n<td>\r\n<p>30 Gram<\/p>\r\n<\/td>\r\n<\/tr>\r\n<\/thead>\r\n<\/table>\r\n<p style=\"text-align: justify;\">De verpakking bevat 500 gram.<\/p>","_nl_post_name":"protexin-pro-fibre-hond-500-gr","_nl_post_excerpt":"","_nl_post_title":"Protexin Pro-fiber Advanced 500gr","_en_post_content":"<p style=\"text-align: justify;\">Protexin Pro-Fibre is a fibe supplement for everyday use for your dog. Protexin Pro-Fibre contains a high level of fibres, which supports and improves the intestinal function with your pet.\u00a0<\/p>\r\n<p style=\"text-align: justify;\">U can notice if your pet is having problems with his intestinal function when, for example, he eats grass, eats feaces, is very flatulence of has a lot of diarrhoea.<\/p>\r\n<table border=\"1\">\r\n<thead>\r\n<tr>\r\n<td colspan=\"2\">\r\n<p style=\"text-align: center;\"><strong>Dosage<\/strong><\/p>\r\n<\/td>\r\n<\/tr>\r\n<tr>\r\n<td>\r\n<p><strong>Weight \u00a0 \u00a0 \u00a0 \u00a0 \u00a0 \u00a0\u00a0<\/strong><\/p>\r\n<\/td>\r\n<td>\r\n<p><strong>Number of grams\u00a0<\/strong><\/p>\r\n<\/td>\r\n<\/tr>\r\n<tr>\r\n<td>\r\n<p>Up to 5 kg<\/p>\r\n<\/td>\r\n<td>\r\n<p>5 Gram<\/p>\r\n<\/td>\r\n<\/tr>\r\n<tr>\r\n<td>\r\n<p>5 - 20 kg<\/p>\r\n<\/td>\r\n<td>\r\n<p>10 Gram<\/p>\r\n<\/td>\r\n<\/tr>\r\n<tr>\r\n<td>\r\n<p>20 - 35 kg<\/p>\r\n<\/td>\r\n<td>\r\n<p>20 Gram<\/p>\r\n<\/td>\r\n<\/tr>\r\n<tr>\r\n<td>\r\n<p>35 kg and over<\/p>\r\n<\/td>\r\n<td>\r\n<p>30 Gram<\/p>\r\n<\/td>\r\n<\/tr>\r\n<\/thead>\r\n<\/table>\r\n<p style=\"text-align: justify;\">De package contains 500 grams.<\/p>","_en_post_name":"protexin-pro-fibre-hond-500-gr","_en_post_excerpt":"","_en_post_title":"Protexin Pro-Fibre Advanced 500 grams","_de_post_content":"<p style=\"text-align: justify;\">Protexin Pro-Fibre ist ein Erg\u00e4nzungsfuttermittel f\u00fcr Hunde. Es enth\u00e4lt viele nat\u00fcrlich vorhandene Mikroorganismen, welche helfen das physiologische Gleichgewicht der Darmflora zu erhalten. Sie mussen das anwenden wann Ihr Haustier Poop fresst, Gras fresst oder Bl\u00e4hungen hat.<\/p>\r\n<table border=\"1\">\r\n<thead>\r\n<tr>\r\n<td colspan=\"2\">\r\n<p style=\"text-align: center;\"><strong>Doserung\u00a0<\/strong><\/p>\r\n<\/td>\r\n<\/tr>\r\n<tr>\r\n<td>\r\n<p><strong>K\u00f6rpergewicht \u00a0 \u00a0 \u00a0 \u00a0 \u00a0 \u00a0 \u00a0<\/strong><\/p>\r\n<\/td>\r\n<td>\r\n<p><strong>Gramm\u00a0<\/strong><\/p>\r\n<\/td>\r\n<\/tr>\r\n<tr>\r\n<td>\r\n<p>Bis 5 kg<\/p>\r\n<\/td>\r\n<td>\r\n<p>5 Gramm<\/p>\r\n<\/td>\r\n<\/tr>\r\n<tr>\r\n<td>\r\n<p>5 - 20 kg<\/p>\r\n<\/td>\r\n<td>\r\n<p>10 Gramm<\/p>\r\n<\/td>\r\n<\/tr>\r\n<tr>\r\n<td>\r\n<p>20 - 35 kg<\/p>\r\n<\/td>\r\n<td>\r\n<p>20 Gramm<\/p>\r\n<\/td>\r\n<\/tr>\r\n<tr>\r\n<td>\r\n<p>\u00dcber 35 kg<\/p>\r\n<\/td>\r\n<td>\r\n<p>30 Gramm<\/p>\r\n<\/td>\r\n<\/tr>\r\n<\/thead>\r\n<\/table>\r\n<p style=\"text-align: justify;\">Die Verpackung enth\u00e4lt 500 Gramm.<\/p>","_de_post_name":"protexin-pro-fibre-hond-500-gr","_de_post_excerpt":"","_de_post_title":"Protexin Pro-Fibre Advanced 500 Gramm","_fr_post_content":"<p>Protexin Pro-Fibre est un aliment compl\u00e9mentaire pour chiens. Il est plein de fibres et contribue donc \u00e0 une meilleure fonction intestinale de votre animal. En effet, le produit contient de bonnes bact\u00e9ries qui sont naturellement pr\u00e9sentes dans les intestins des chiens et des chats en bonne sant\u00e9. Vous pouvez savoir si votre animal manque de fibres en mangeant par exemple des crottes, en mangeant beaucoup d'herbe, en ayant la diarrh\u00e9e ou en \u00e9tant flatulent.<\/p>\r\n<p>Le dosage de ce produit est le suivant :<\/p>\r\n<p>\u00a0<\/p>\r\n<table border=\"1\">\r\n<thead>\r\n<tr>\r\n<td colspan=\"2\">\r\n<p style=\"text-align: center;\"><strong>Dosage<\/strong><\/p>\r\n<\/td>\r\n<\/tr>\r\n<tr>\r\n<td>\r\n<p><strong>Poids<\/strong><\/p>\r\n<\/td>\r\n<td>\r\n<p><strong>Nombre de grammes <br \/><\/strong><\/p>\r\n<\/td>\r\n<\/tr>\r\n<tr>\r\n<td>\r\n<p>Jusqu'\u00e0 5 kg<\/p>\r\n<\/td>\r\n<td>\r\n<p>5 Grammes<\/p>\r\n<\/td>\r\n<\/tr>\r\n<tr>\r\n<td>\r\n<p>5 - 20 kg<\/p>\r\n<\/td>\r\n<td>\r\n<p>10 Grammes<\/p>\r\n<\/td>\r\n<\/tr>\r\n<tr>\r\n<td>\r\n<p>20 - 35 kg<\/p>\r\n<\/td>\r\n<td>\r\n<p>20 Grammes<\/p>\r\n<\/td>\r\n<\/tr>\r\n<tr>\r\n<td>\r\n<p>35 kg et plus<\/p>\r\n<\/td>\r\n<td>\r\n<p>30 Grammes<\/p>\r\n<\/td>\r\n<\/tr>\r\n<\/thead>\r\n<\/table>\r\n<p style=\"text-align: justify;\">L'emballage contient 500 grammes.<\/p>","_fr_post_name":"protexin-pro-fibre-chien-500-gr","_fr_post_excerpt":"","_fr_post_title":"Protexin Pro-Fibre Advanced 500 grammes","_es_post_content":"<p style=\"text-align: justify;\">Protexin Pro-Fibre es un complemento alimenticio con prebi\u00f3ticos y <span style=\"color: #e96608;\"><a style=\"color: #e96608;\" title=\"M\u00e1s probi\u00f3ticos para perros\" href=\"https:\/\/www.pharmacy4pets.es\/perros\/medicamentos-suplementos\/estomago-intestinos\/probioticos\">probi\u00f3ticos<\/a><\/span> para perros. Est\u00e1 lleno de fibra y por lo tanto contribuye a una mejor funci\u00f3n intestinal en su mascota. Esto se debe a que el producto contiene bacterias beneficiosas que se encuentran naturalmente en los intestinos de perros sanos. Puede ver en su mascota que no obtiene suficiente fibra porque come caca, come mucha hierba, a menudo tiene diarrea o tiene mucho viento.<\/p>\r\n<h2 style=\"text-align: justify;\">Ingredientes de Protexin Pro-Fibre<\/h2>\r\n<p style=\"text-align: justify;\">Altos niveles de fibra soluble e insoluble con nuevas fuentes de fibra que incluyen psyllium y pulpa de remolacha azucarera. Pro-Fibre ahora tiene niveles altos de fibra diet\u00e9tica para ayudar a eliminar las heces. <span style=\"color: #e96608;\"><a style=\"color: #e96608;\" title=\"M\u00e1s productos de Protexin\" href=\"https:\/\/www.pharmacy4pets.es\/marcas\/protexin\">Protexin<\/a><\/span> Pro-Fibre tambi\u00e9n contiene el probi\u00f3tico <em>Enterococcus faecium<\/em> registrado en la UE (DSM 10663\/ NCIMB 10415) 4b1707, para ayudar a repoblar el intestino con microorganismos beneficiosos. Por \u00faltimo, Pro-Fibre contiene prebi\u00f3ticos Preplex, que consisten en fructooligosac\u00e1ridos (FOS) y acacia (goma ar\u00e1biga), para alimentar y estimular el crecimiento de bacterias beneficiosas. El saborizante artificial de carne mejora la palatabilidad y el cumplimiento.<\/p>\r\n<h2>Instrucciones de administraci\u00f3n<\/h2>\r\n<p>Pro-Fibre est\u00e1 disponible en envases de 500 g con una cuchara medidora. Cuando se administra diariamente, Pro-Fibre puede ayudar a promover una digesti\u00f3n eficiente y evitar los problemas asociados con la fibra diet\u00e9tica insuficiente.<\/p>\r\n<p>Tenga en cuenta que la medida adjunta indica 15 ml en la cuchara. Esto contiene aproximadamente 10 g de Pro-Fibre.<\/p>\r\n<table border=\"1\">\r\n<thead>\r\n<tr>\r\n<td colspan=\"2\">\r\n<p style=\"text-align: center;\"><strong>Dosificaci\u00f3n\u00a0<\/strong><\/p>\r\n<\/td>\r\n<\/tr>\r\n<tr>\r\n<td>\r\n<p><strong>Peso<\/strong><\/p>\r\n<\/td>\r\n<td>\r\n<p><strong>N\u00famero de gramos<\/strong><\/p>\r\n<\/td>\r\n<\/tr>\r\n<tr>\r\n<td>\r\n<p>Hasta 5 kg<\/p>\r\n<\/td>\r\n<td>\r\n<p>5 gramos<\/p>\r\n<\/td>\r\n<\/tr>\r\n<tr>\r\n<td>\r\n<p>5 - 20 kg<\/p>\r\n<\/td>\r\n<td>\r\n<p>10 gramos<\/p>\r\n<\/td>\r\n<\/tr>\r\n<tr>\r\n<td>\r\n<p>20 - 35 kg<\/p>\r\n<\/td>\r\n<td>\r\n<p>20 gramos<\/p>\r\n<\/td>\r\n<\/tr>\r\n<tr>\r\n<td>\r\n<p>35 kg y m\u00e1s<\/p>\r\n<\/td>\r\n<td>\r\n<p>30 gramos<\/p>\r\n<\/td>\r\n<\/tr>\r\n<\/thead>\r\n<\/table>\r\n<p style=\"text-align: justify;\">\u00a0<\/p>","_es_post_name":"protexin-pro-fibre-500-gramos","_es_post_excerpt":"","_es_post_title":"Protexin Pro-Fibre Advanced 500 gramos","edit_language":"nl"},"product_brand":[],"product_cat":[1117,1848,1839,1857,1978,1949],"product_tag":[],"class_list":{"0":"post-116198","1":"product","2":"type-product","3":"status-publish","4":"has-post-thumbnail","6":"product_cat-honden","7":"product_cat-maag-darmen","8":"product_cat-medicijnen-supplementen","9":"product_cat-merken","10":"product_cat-probiotica","11":"product_cat-protexin","12":"pa_aandoening-maag_darmen","13":"pa_doeldier-hond","14":"pa_fabricatieland-nederland","15":"pa_merkfilter-protexin","16":"pa_merkgroep-protexin","17":"pa_productsoort-voedingssupplement","18":"pa_seo_canonical_store_id-not_found_value","19":"pa_seo_category-not_found_value","20":"pa_seo_meta_robots-not_found_value","21":"pa_toedieningswijze-granulaat","22":"pa_unit_pricing_base_measure-100g","23":"pa_unit_pricing_measure-500g","24":"pa_werkzamestof-overig","26":"first","27":"instock","28":"taxable","29":"shipping-taxable","30":"purchasable","31":"product-type-simple"},"yoast_head":"<!-- This site is optimized with the Yoast SEO plugin v27.5 - https:\/\/yoast.com\/product\/yoast-seo-wordpress\/ -->\n<title>Protexin Pro-fiber Advanced 500gr - Pharmacy4pets<\/title>\n<meta name=\"robots\" content=\"index, follow, max-snippet:-1, max-image-preview:large, max-video-preview:-1\" \/>\n<link rel=\"canonical\" href=\"https:\/\/p4p-nl.bootmine.com\/%product-slug%\/protexin-pro-fibre-hond-500-gr\" \/>\n<meta property=\"og:locale\" content=\"nl_NL\" \/>\n<meta property=\"og:type\" content=\"article\" \/>\n<meta property=\"og:title\" content=\"Protexin Pro-fiber Advanced 500gr - Pharmacy4pets\" \/>\n<meta property=\"og:description\" content=\"Protexin Pro-Fibre is een aanvullend diervoeder met pre- en probiotica voor honden. Het zit vol vezels en draagt daardoor bij aan een betere darmfunctie bij uw hond. Dit komt doordat het product goede bacteri\u00ebn (Enterococcus faecium) bevat die van nature al in de darmen van gezonde honden en katten voorkomen. U kunt zien aan uw [&hellip;]\" \/>\n<meta property=\"og:url\" content=\"https:\/\/p4p-nl.bootmine.com\/%product-slug%\/protexin-pro-fibre-hond-500-gr\" \/>\n<meta property=\"og:site_name\" content=\"Pharmacy4pets\" \/>\n<meta property=\"article:publisher\" content=\"https:\/\/www.facebook.com\/people\/Pharmacy4petsnl\/100063484989896\/\" \/>\n<meta property=\"article:modified_time\" content=\"2026-04-14T08:01:29+00:00\" \/>\n<meta property=\"og:image\" content=\"https:\/\/p4p-nl.bootmine.com\/wp-content\/uploads\/2014\/02\/protexin.png\" \/>\n\t<meta property=\"og:image:width\" content=\"468\" \/>\n\t<meta property=\"og:image:height\" content=\"600\" \/>\n\t<meta property=\"og:image:type\" content=\"image\/png\" \/>\n<meta name=\"twitter:card\" content=\"summary_large_image\" \/>\n<meta name=\"twitter:label1\" content=\"Geschatte leestijd\" \/>\n\t<meta name=\"twitter:data1\" content=\"1 minuut\" \/>\n<script type=\"application\/ld+json\" class=\"yoast-schema-graph\">{\"@context\":\"https:\\\/\\\/schema.org\",\"@graph\":[{\"@type\":\"WebPage\",\"@id\":\"https:\\\/\\\/p4p-nl.bootmine.com\\\/%product-slug%\\\/protexin-pro-fibre-hond-500-gr\",\"url\":\"https:\\\/\\\/p4p-nl.bootmine.com\\\/%product-slug%\\\/protexin-pro-fibre-hond-500-gr\",\"name\":\"Protexin Pro-fiber Advanced 500gr - Pharmacy4pets\",\"isPartOf\":{\"@id\":\"http:\\\/\\\/www.pharmacy4pets.nl\\\/#website\"},\"primaryImageOfPage\":{\"@id\":\"https:\\\/\\\/p4p-nl.bootmine.com\\\/%product-slug%\\\/protexin-pro-fibre-hond-500-gr#primaryimage\"},\"image\":{\"@id\":\"https:\\\/\\\/p4p-nl.bootmine.com\\\/%product-slug%\\\/protexin-pro-fibre-hond-500-gr#primaryimage\"},\"thumbnailUrl\":\"https:\\\/\\\/www.pharmacy4pets.nl\\\/wp-content\\\/uploads\\\/2014\\\/02\\\/protexin.png\",\"datePublished\":\"2014-02-04T15:46:50+00:00\",\"dateModified\":\"2026-04-14T08:01:29+00:00\",\"breadcrumb\":{\"@id\":\"https:\\\/\\\/p4p-nl.bootmine.com\\\/%product-slug%\\\/protexin-pro-fibre-hond-500-gr#breadcrumb\"},\"inLanguage\":\"nl-NL\",\"potentialAction\":[{\"@type\":\"ReadAction\",\"target\":[\"https:\\\/\\\/p4p-nl.bootmine.com\\\/%product-slug%\\\/protexin-pro-fibre-hond-500-gr\"]}]},{\"@type\":\"ImageObject\",\"inLanguage\":\"nl-NL\",\"@id\":\"https:\\\/\\\/p4p-nl.bootmine.com\\\/%product-slug%\\\/protexin-pro-fibre-hond-500-gr#primaryimage\",\"url\":\"https:\\\/\\\/www.pharmacy4pets.nl\\\/wp-content\\\/uploads\\\/2014\\\/02\\\/protexin.png\",\"contentUrl\":\"https:\\\/\\\/www.pharmacy4pets.nl\\\/wp-content\\\/uploads\\\/2014\\\/02\\\/protexin.png\",\"width\":468,\"height\":600,\"caption\":\"protexin pro-fibre advanced\"},{\"@type\":\"BreadcrumbList\",\"@id\":\"https:\\\/\\\/p4p-nl.bootmine.com\\\/%product-slug%\\\/protexin-pro-fibre-hond-500-gr#breadcrumb\",\"itemListElement\":[{\"@type\":\"ListItem\",\"position\":1,\"name\":\"Home\",\"item\":\"https:\\\/\\\/p4p-nl.bootmine.com\\\/\"},{\"@type\":\"ListItem\",\"position\":2,\"name\":\"Winkel\",\"item\":\"https:\\\/\\\/p4p-nl.bootmine.com\\\/winkel\"},{\"@type\":\"ListItem\",\"position\":3,\"name\":\"Protexin Pro-fiber Advanced 500gr\"}]},{\"@type\":\"WebSite\",\"@id\":\"http:\\\/\\\/www.pharmacy4pets.nl\\\/#website\",\"url\":\"http:\\\/\\\/www.pharmacy4pets.nl\\\/\",\"name\":\"Pharmacy4pets\",\"description\":\"Pharmacy4pets.nl is d\u00e9 online apotheek waar u terecht kunt voor alle diergeneesmiddelen, verzorgingsproducten en dieetvoeding voor uw huisdier.\",\"publisher\":{\"@id\":\"http:\\\/\\\/www.pharmacy4pets.nl\\\/#organization\"},\"potentialAction\":[{\"@type\":\"SearchAction\",\"target\":{\"@type\":\"EntryPoint\",\"urlTemplate\":\"http:\\\/\\\/www.pharmacy4pets.nl\\\/?s={search_term_string}\"},\"query-input\":{\"@type\":\"PropertyValueSpecification\",\"valueRequired\":true,\"valueName\":\"search_term_string\"}}],\"inLanguage\":\"nl-NL\"},{\"@type\":\"Organization\",\"@id\":\"http:\\\/\\\/www.pharmacy4pets.nl\\\/#organization\",\"name\":\"Pharmacy4pets\",\"url\":\"http:\\\/\\\/www.pharmacy4pets.nl\\\/\",\"logo\":{\"@type\":\"ImageObject\",\"inLanguage\":\"nl-NL\",\"@id\":\"http:\\\/\\\/www.pharmacy4pets.nl\\\/#\\\/schema\\\/logo\\\/image\\\/\",\"url\":\"https:\\\/\\\/p4p-nl.bootmine.com\\\/wp-content\\\/uploads\\\/2026\\\/03\\\/logo-pharmacy4pets.png\",\"contentUrl\":\"https:\\\/\\\/p4p-nl.bootmine.com\\\/wp-content\\\/uploads\\\/2026\\\/03\\\/logo-pharmacy4pets.png\",\"width\":1024,\"height\":135,\"caption\":\"Pharmacy4pets\"},\"image\":{\"@id\":\"http:\\\/\\\/www.pharmacy4pets.nl\\\/#\\\/schema\\\/logo\\\/image\\\/\"},\"sameAs\":[\"https:\\\/\\\/www.facebook.com\\\/people\\\/Pharmacy4petsnl\\\/100063484989896\\\/\",\"https:\\\/\\\/www.youtube.com\\\/channel\\\/UCGPTIgucgli03tP2_kvLkHg\\\/featured\",\"https:\\\/\\\/www.instagram.com\\\/pharmacy4pets.nl\"]}]}<\/script>\n<!-- \/ Yoast SEO plugin. -->","yoast_head_json":{"title":"Protexin Pro-fiber Advanced 500gr - Pharmacy4pets","robots":{"index":"index","follow":"follow","max-snippet":"max-snippet:-1","max-image-preview":"max-image-preview:large","max-video-preview":"max-video-preview:-1"},"canonical":"https:\/\/p4p-nl.bootmine.com\/%product-slug%\/protexin-pro-fibre-hond-500-gr","og_locale":"nl_NL","og_type":"article","og_title":"Protexin Pro-fiber Advanced 500gr - Pharmacy4pets","og_description":"Protexin Pro-Fibre is een aanvullend diervoeder met pre- en probiotica voor honden. Het zit vol vezels en draagt daardoor bij aan een betere darmfunctie bij uw hond. Dit komt doordat het product goede bacteri\u00ebn (Enterococcus faecium) bevat die van nature al in de darmen van gezonde honden en katten voorkomen. U kunt zien aan uw [&hellip;]","og_url":"https:\/\/p4p-nl.bootmine.com\/%product-slug%\/protexin-pro-fibre-hond-500-gr","og_site_name":"Pharmacy4pets","article_publisher":"https:\/\/www.facebook.com\/people\/Pharmacy4petsnl\/100063484989896\/","article_modified_time":"2026-04-14T08:01:29+00:00","og_image":[{"width":468,"height":600,"url":"https:\/\/p4p-nl.bootmine.com\/wp-content\/uploads\/2014\/02\/protexin.png","type":"image\/png"}],"twitter_card":"summary_large_image","twitter_misc":{"Geschatte leestijd":"1 minuut"},"schema":{"@context":"https:\/\/schema.org","@graph":[{"@type":"WebPage","@id":"https:\/\/p4p-nl.bootmine.com\/%product-slug%\/protexin-pro-fibre-hond-500-gr","url":"https:\/\/p4p-nl.bootmine.com\/%product-slug%\/protexin-pro-fibre-hond-500-gr","name":"Protexin Pro-fiber Advanced 500gr - Pharmacy4pets","isPartOf":{"@id":"http:\/\/www.pharmacy4pets.nl\/#website"},"primaryImageOfPage":{"@id":"https:\/\/p4p-nl.bootmine.com\/%product-slug%\/protexin-pro-fibre-hond-500-gr#primaryimage"},"image":{"@id":"https:\/\/p4p-nl.bootmine.com\/%product-slug%\/protexin-pro-fibre-hond-500-gr#primaryimage"},"thumbnailUrl":"https:\/\/www.pharmacy4pets.nl\/wp-content\/uploads\/2014\/02\/protexin.png","datePublished":"2014-02-04T15:46:50+00:00","dateModified":"2026-04-14T08:01:29+00:00","breadcrumb":{"@id":"https:\/\/p4p-nl.bootmine.com\/%product-slug%\/protexin-pro-fibre-hond-500-gr#breadcrumb"},"inLanguage":"nl-NL","potentialAction":[{"@type":"ReadAction","target":["https:\/\/p4p-nl.bootmine.com\/%product-slug%\/protexin-pro-fibre-hond-500-gr"]}]},{"@type":"ImageObject","inLanguage":"nl-NL","@id":"https:\/\/p4p-nl.bootmine.com\/%product-slug%\/protexin-pro-fibre-hond-500-gr#primaryimage","url":"https:\/\/www.pharmacy4pets.nl\/wp-content\/uploads\/2014\/02\/protexin.png","contentUrl":"https:\/\/www.pharmacy4pets.nl\/wp-content\/uploads\/2014\/02\/protexin.png","width":468,"height":600,"caption":"protexin pro-fibre advanced"},{"@type":"BreadcrumbList","@id":"https:\/\/p4p-nl.bootmine.com\/%product-slug%\/protexin-pro-fibre-hond-500-gr#breadcrumb","itemListElement":[{"@type":"ListItem","position":1,"name":"Home","item":"https:\/\/p4p-nl.bootmine.com\/"},{"@type":"ListItem","position":2,"name":"Winkel","item":"https:\/\/p4p-nl.bootmine.com\/winkel"},{"@type":"ListItem","position":3,"name":"Protexin Pro-fiber Advanced 500gr"}]},{"@type":"WebSite","@id":"http:\/\/www.pharmacy4pets.nl\/#website","url":"http:\/\/www.pharmacy4pets.nl\/","name":"Pharmacy4pets","description":"Pharmacy4pets.nl is d\u00e9 online apotheek waar u terecht kunt voor alle diergeneesmiddelen, verzorgingsproducten en dieetvoeding voor uw huisdier.","publisher":{"@id":"http:\/\/www.pharmacy4pets.nl\/#organization"},"potentialAction":[{"@type":"SearchAction","target":{"@type":"EntryPoint","urlTemplate":"http:\/\/www.pharmacy4pets.nl\/?s={search_term_string}"},"query-input":{"@type":"PropertyValueSpecification","valueRequired":true,"valueName":"search_term_string"}}],"inLanguage":"nl-NL"},{"@type":"Organization","@id":"http:\/\/www.pharmacy4pets.nl\/#organization","name":"Pharmacy4pets","url":"http:\/\/www.pharmacy4pets.nl\/","logo":{"@type":"ImageObject","inLanguage":"nl-NL","@id":"http:\/\/www.pharmacy4pets.nl\/#\/schema\/logo\/image\/","url":"https:\/\/p4p-nl.bootmine.com\/wp-content\/uploads\/2026\/03\/logo-pharmacy4pets.png","contentUrl":"https:\/\/p4p-nl.bootmine.com\/wp-content\/uploads\/2026\/03\/logo-pharmacy4pets.png","width":1024,"height":135,"caption":"Pharmacy4pets"},"image":{"@id":"http:\/\/www.pharmacy4pets.nl\/#\/schema\/logo\/image\/"},"sameAs":["https:\/\/www.facebook.com\/people\/Pharmacy4petsnl\/100063484989896\/","https:\/\/www.youtube.com\/channel\/UCGPTIgucgli03tP2_kvLkHg\/featured","https:\/\/www.instagram.com\/pharmacy4pets.nl"]}]}},"market_data":{"nl":{"price":0,"sale_price":0,"active":false,"url":null,"parent_url":"","tax_rate":0,"price_inc_tax":0,"sale_price_inc_tax":0},"de":{"price":0,"sale_price":0,"active":false,"url":null,"parent_url":"","tax_rate":0,"price_inc_tax":0,"sale_price_inc_tax":0},"be":{"price":0,"sale_price":0,"active":false,"url":null,"parent_url":"","tax_rate":0,"price_inc_tax":0,"sale_price_inc_tax":0},"fr":{"price":0,"sale_price":0,"active":false,"url":null,"parent_url":"","tax_rate":0,"price_inc_tax":0,"sale_price_inc_tax":0},"ch":{"price":0,"sale_price":0,"active":false,"url":null,"parent_url":"","tax_rate":0,"price_inc_tax":0,"sale_price_inc_tax":0},"at":{"price":0,"sale_price":0,"active":false,"url":null,"parent_url":"","tax_rate":0,"price_inc_tax":0,"sale_price_inc_tax":0},"es":{"price":0,"sale_price":0,"active":false,"url":null,"parent_url":"","tax_rate":0,"price_inc_tax":0,"sale_price_inc_tax":0},"dk":{"price":0,"sale_price":0,"active":false,"url":null,"parent_url":"","tax_rate":0,"price_inc_tax":0,"sale_price_inc_tax":0},"com":{"price":0,"sale_price":0,"active":false,"url":null,"parent_url":"","tax_rate":0,"price_inc_tax":0,"sale_price_inc_tax":0}},"market_nl_price":0,"market_nl_sale_price":0,"market_nl_active":false,"market_nl_url":null,"market_nl_parent_url":"","market_nl_tax_rate":0,"market_nl_price_inc_tax":0,"market_nl_sale_price_inc_tax":0,"market_de_price":0,"market_de_sale_price":0,"market_de_active":false,"market_de_url":null,"market_de_parent_url":"","market_de_tax_rate":0,"market_de_price_inc_tax":0,"market_de_sale_price_inc_tax":0,"market_be_price":0,"market_be_sale_price":0,"market_be_active":false,"market_be_url":null,"market_be_parent_url":"","market_be_tax_rate":0,"market_be_price_inc_tax":0,"market_be_sale_price_inc_tax":0,"market_fr_price":0,"market_fr_sale_price":0,"market_fr_active":false,"market_fr_url":null,"market_fr_parent_url":"","market_fr_tax_rate":0,"market_fr_price_inc_tax":0,"market_fr_sale_price_inc_tax":0,"market_ch_price":0,"market_ch_sale_price":0,"market_ch_active":false,"market_ch_url":null,"market_ch_parent_url":"","market_ch_tax_rate":0,"market_ch_price_inc_tax":0,"market_ch_sale_price_inc_tax":0,"market_at_price":0,"market_at_sale_price":0,"market_at_active":false,"market_at_url":null,"market_at_parent_url":"","market_at_tax_rate":0,"market_at_price_inc_tax":0,"market_at_sale_price_inc_tax":0,"market_es_price":0,"market_es_sale_price":0,"market_es_active":false,"market_es_url":null,"market_es_parent_url":"","market_es_tax_rate":0,"market_es_price_inc_tax":0,"market_es_sale_price_inc_tax":0,"market_dk_price":0,"market_dk_sale_price":0,"market_dk_active":false,"market_dk_url":null,"market_dk_parent_url":"","market_dk_tax_rate":0,"market_dk_price_inc_tax":0,"market_dk_sale_price_inc_tax":0,"market_com_price":0,"market_com_sale_price":0,"market_com_active":false,"market_com_url":null,"market_com_parent_url":"","market_com_tax_rate":0,"market_com_price_inc_tax":0,"market_com_sale_price_inc_tax":0,"acf":[],"_links":{"self":[{"href":"https:\/\/www.pharmacy4pets.nl\/be\/wp-json\/wp\/v2\/product\/116198","targetHints":{"allow":["GET"]}}],"collection":[{"href":"https:\/\/www.pharmacy4pets.nl\/be\/wp-json\/wp\/v2\/product"}],"about":[{"href":"https:\/\/www.pharmacy4pets.nl\/be\/wp-json\/wp\/v2\/types\/product"}],"replies":[{"embeddable":true,"href":"https:\/\/www.pharmacy4pets.nl\/be\/wp-json\/wp\/v2\/comments?post=116198"}],"wp:featuredmedia":[{"embeddable":true,"href":"https:\/\/www.pharmacy4pets.nl\/be\/wp-json\/wp\/v2\/media\/116196"}],"wp:attachment":[{"href":"https:\/\/www.pharmacy4pets.nl\/be\/wp-json\/wp\/v2\/media?parent=116198"}],"wp:term":[{"taxonomy":"product_brand","embeddable":true,"href":"https:\/\/www.pharmacy4pets.nl\/be\/wp-json\/wp\/v2\/product_brand?post=116198"},{"taxonomy":"product_cat","embeddable":true,"href":"https:\/\/www.pharmacy4pets.nl\/be\/wp-json\/wp\/v2\/product_cat?post=116198"},{"taxonomy":"product_tag","embeddable":true,"href":"https:\/\/www.pharmacy4pets.nl\/be\/wp-json\/wp\/v2\/product_tag?post=116198"}],"curies":[{"name":"wp","href":"https:\/\/api.w.org\/{rel}","templated":true}]}}