{"id":116195,"date":"2014-02-04T15:46:49","date_gmt":"2014-02-04T15:46:49","guid":{"rendered":"https:\/\/p4p.test\/doils-joint-100-ml-2"},"modified":"2026-04-14T08:01:28","modified_gmt":"2026-04-14T08:01:28","slug":"doils-joint-100-ml","status":"publish","type":"product","link":"https:\/\/www.pharmacy4pets.nl\/be\/doils-joint-100-ml","title":{"rendered":"Doils Joint 100 ml"},"content":{"rendered":"<p>Doils Joint 100 ml voedingssupplement voor een soepele beweging van de hond. Bevat per ml: 63% Omega-3 vetzuren, waarvan 450 mg EPA, 100 mg DHA, 25 mg ETA, Vitamine-E (alfa-tocopherol) 1%. De dosering is 1x daags 0,1 ml per kg lichaamsgewicht. Doils Joint kan over het voer gegeven worden.<\/p>\n","protected":false},"excerpt":{"rendered":"<p>Doils Joint 100 ml voedingssupplement voor een soepele beweging van de hond. Bevat per ml: 63% Omega-3 vetzuren, waarvan 450 mg EPA, 100 mg DHA, 25 mg ETA, Vitamine-E (alfa-tocopherol) 1%. De dosering is 1x daags 0,1 ml per kg lichaamsgewicht. Doils Joint kan over het voer gegeven worden.<\/p>\n","protected":false},"featured_media":116193,"comment_status":"open","ping_status":"closed","template":"","meta":{"_acf_changed":false,"_nl_post_content":"<p>Doils Joint 100 ml voedingssupplement voor een soepele beweging van de hond. Bevat per ml: 63% Omega-3 vetzuren, waarvan 450 mg EPA, 100 mg DHA, 25 mg ETA, Vitamine-E (alfa-tocopherol) 1%. De dosering is 1x daags 0,1 ml per kg lichaamsgewicht. Doils Joint kan over het voer gegeven worden.<\/p>","_nl_post_name":"doils-joint-100-ml","_nl_post_excerpt":"","_nl_post_title":"Doils Joint 100 ml","_en_post_content":"<p>Doils Joint 100 ml food supplement for a smooth movement of the dog. Contains per ml: 63% Omega-3 fatty acids, of which 450 mg EPA, 100 mg DHA, 25 mg ETA, Vitamin-E (alpha-tocopherol) 1%. The dose is 0.1 ml per kg of body weight once a day. Doils Joint can be given over the food.<\/p>","_en_post_name":"doils-joint-100-ml","_en_post_excerpt":"","_en_post_title":"Doils Joint 100 ml","_de_post_content":"<p>Doils Joint 100 ml Nahrungserg\u00e4nzungsmittel f\u00fcr eine reibungslose Bewegung des Hundes. Enth\u00e4lt pro ml: 63 % Omega-3-Fetts\u00e4uren, davon 450 mg EPA, 100 mg DHA, 25 mg ETA, Vitamin-E (Alpha-Tocopherol) 1 %. Die Dosis betr\u00e4gt einmal t\u00e4glich 0,1 ml pro kg K\u00f6rpergewicht. Doils Joint kann \u00fcber das Futter gegeben werden.<\/p>","_de_post_name":"doils-joint-100-ml","_de_post_excerpt":"","_de_post_title":"Doils Joint 100 ml","_fr_post_content":"<p>Doils Joint 100 ml compl\u00e9ment alimentaire pour un mouvement en douceur du chien. Contient par ml : 63 % d'acides gras om\u00e9ga-3, dont 450 mg EPA, 100 mg DHA, 25 mg ETA, Vitamine-E (alpha-tocoph\u00e9rol) 1 %. La dose est de 0,1 ml par kg de poids corporel une fois par jour. Doils Joint peut \u00eatre donn\u00e9 sur la nourriture.<\/p>","_fr_post_name":"doils-joint-100-ml","_fr_post_excerpt":"","_fr_post_title":"Doils Joint 100 ml","_es_post_content":"<p>Complemento alimenticio Doils Joint 100 ml para un movimiento suave del perro. Contiene por ml: 63 % de \u00e1cidos grasos Omega-3, de los cuales 450 mg de EPA, 100 mg de DHA, 25 mg de ETA, vitamina E (alfa-tocoferol) 1 %. La dosis es de 0,1 ml por kg de peso corporal una vez al d\u00eda. Doils Joint se puede administrar sobre la comida.<\/p>","_es_post_name":"doils-joint-100-ml","_es_post_excerpt":"","_es_post_title":"Doils Joint 100 ml","edit_language":"nl"},"product_brand":[],"product_cat":[1972,2156,1843,1117,1839,1857],"product_tag":[],"class_list":{"0":"post-116195","1":"product","2":"type-product","3":"status-publish","4":"has-post-thumbnail","6":"product_cat-artrose","7":"product_cat-doils","8":"product_cat-gewrichten","9":"product_cat-honden","10":"product_cat-medicijnen-supplementen","11":"product_cat-merken","12":"pa_aandoening-gewrichten","13":"pa_doeldier-hond","14":"pa_fabricatieland-nederland","15":"pa_merkfilter-doils","16":"pa_merkgroep-nml","17":"pa_productsoort-voedingssupplement","18":"pa_toedieningswijze-vloeistof","19":"pa_unit_pricing_base_measure-10ml","20":"pa_unit_pricing_measure-100ml","21":"pa_werkzamestof-overig","23":"first","24":"instock","25":"taxable","26":"shipping-taxable","27":"purchasable","28":"product-type-simple"},"yoast_head":"<!-- This site is optimized with the Yoast SEO plugin v27.5 - https:\/\/yoast.com\/product\/yoast-seo-wordpress\/ -->\n<title>Doils Joint 100 ml | Pharmacy4pets<\/title>\n<meta name=\"robots\" content=\"index, follow, max-snippet:-1, max-image-preview:large, max-video-preview:-1\" \/>\n<link rel=\"canonical\" href=\"https:\/\/www.pharmacy4pets.nl\/doils-joint-100-ml\" \/>\n<meta property=\"og:locale\" content=\"nl_NL\" \/>\n<meta property=\"og:type\" content=\"article\" \/>\n<meta property=\"og:title\" content=\"Doils Joint 100 ml | Pharmacy4pets\" \/>\n<meta property=\"og:description\" content=\"Doils Joint 100 ml voedingssupplement voor een soepele beweging van de hond. Bevat per ml: 63% Omega-3 vetzuren, waarvan 450 mg EPA, 100 mg DHA, 25 mg ETA, Vitamine-E (alfa-tocopherol) 1%. De dosering is 1x daags 0,1 ml per kg lichaamsgewicht. Doils Joint kan over het voer gegeven worden.\" \/>\n<meta property=\"og:url\" content=\"https:\/\/www.pharmacy4pets.nl\/doils-joint-100-ml\" \/>\n<meta property=\"og:site_name\" content=\"Pharmacy4pets\" \/>\n<meta property=\"article:publisher\" content=\"https:\/\/www.facebook.com\/people\/Pharmacy4petsnl\/100063484989896\/\" \/>\n<meta property=\"article:modified_time\" content=\"2026-04-14T08:01:28+00:00\" \/>\n<meta property=\"og:image\" content=\"https:\/\/www.pharmacy4pets.nl\/wp-content\/uploads\/2014\/02\/doils_joint_133822_0500_none.jpg\" \/>\n\t<meta property=\"og:image:width\" content=\"500\" \/>\n\t<meta property=\"og:image:height\" content=\"500\" \/>\n\t<meta property=\"og:image:type\" content=\"image\/jpeg\" \/>\n<meta name=\"twitter:card\" content=\"summary_large_image\" \/>\n<script type=\"application\/ld+json\" class=\"yoast-schema-graph\">{\"@context\":\"https:\\\/\\\/schema.org\",\"@graph\":[{\"@type\":\"WebPage\",\"@id\":\"https:\\\/\\\/www.pharmacy4pets.nl\\\/doils-joint-100-ml\",\"url\":\"https:\\\/\\\/www.pharmacy4pets.nl\\\/doils-joint-100-ml\",\"name\":\"Doils Joint 100 ml | Pharmacy4pets\",\"isPartOf\":{\"@id\":\"https:\\\/\\\/www.pharmacy4pets.nl\\\/be\\\/#website\"},\"primaryImageOfPage\":{\"@id\":\"https:\\\/\\\/www.pharmacy4pets.nl\\\/doils-joint-100-ml#primaryimage\"},\"image\":{\"@id\":\"https:\\\/\\\/www.pharmacy4pets.nl\\\/doils-joint-100-ml#primaryimage\"},\"thumbnailUrl\":\"https:\\\/\\\/www.pharmacy4pets.nl\\\/wp-content\\\/uploads\\\/2014\\\/02\\\/doils_joint_133822_0500_none.jpg\",\"datePublished\":\"2014-02-04T15:46:49+00:00\",\"dateModified\":\"2026-04-14T08:01:28+00:00\",\"breadcrumb\":{\"@id\":\"https:\\\/\\\/www.pharmacy4pets.nl\\\/doils-joint-100-ml#breadcrumb\"},\"inLanguage\":\"nl-NL\",\"potentialAction\":[{\"@type\":\"ReadAction\",\"target\":[\"https:\\\/\\\/www.pharmacy4pets.nl\\\/doils-joint-100-ml\"]}]},{\"@type\":\"ImageObject\",\"inLanguage\":\"nl-NL\",\"@id\":\"https:\\\/\\\/www.pharmacy4pets.nl\\\/doils-joint-100-ml#primaryimage\",\"url\":\"https:\\\/\\\/www.pharmacy4pets.nl\\\/wp-content\\\/uploads\\\/2014\\\/02\\\/doils_joint_133822_0500_none.jpg\",\"contentUrl\":\"https:\\\/\\\/www.pharmacy4pets.nl\\\/wp-content\\\/uploads\\\/2014\\\/02\\\/doils_joint_133822_0500_none.jpg\",\"width\":500,\"height\":500,\"caption\":\"Doils Joint 100 ml\"},{\"@type\":\"BreadcrumbList\",\"@id\":\"https:\\\/\\\/www.pharmacy4pets.nl\\\/doils-joint-100-ml#breadcrumb\",\"itemListElement\":[{\"@type\":\"ListItem\",\"position\":1,\"name\":\"Home\",\"item\":\"https:\\\/\\\/p4p-nl.bootmine.com\\\/\"},{\"@type\":\"ListItem\",\"position\":2,\"name\":\"Winkel\",\"item\":\"https:\\\/\\\/www.pharmacy4pets.nl\\\/be\\\/winkel\"},{\"@type\":\"ListItem\",\"position\":3,\"name\":\"Doils Joint 100 ml\"}]},{\"@type\":\"WebSite\",\"@id\":\"https:\\\/\\\/www.pharmacy4pets.nl\\\/be\\\/#website\",\"url\":\"https:\\\/\\\/www.pharmacy4pets.nl\\\/be\\\/\",\"name\":\"Pharmacy4pets\",\"description\":\"Pharmacy4pets.nl is d\u00e9 online apotheek waar u terecht kunt voor alle diergeneesmiddelen, verzorgingsproducten en dieetvoeding voor uw huisdier.\",\"publisher\":{\"@id\":\"https:\\\/\\\/www.pharmacy4pets.nl\\\/be\\\/#organization\"},\"potentialAction\":[{\"@type\":\"SearchAction\",\"target\":{\"@type\":\"EntryPoint\",\"urlTemplate\":\"https:\\\/\\\/www.pharmacy4pets.nl\\\/be\\\/?s={search_term_string}\"},\"query-input\":{\"@type\":\"PropertyValueSpecification\",\"valueRequired\":true,\"valueName\":\"search_term_string\"}}],\"inLanguage\":\"nl-NL\"},{\"@type\":\"Organization\",\"@id\":\"https:\\\/\\\/www.pharmacy4pets.nl\\\/be\\\/#organization\",\"name\":\"Pharmacy4pets\",\"url\":\"https:\\\/\\\/www.pharmacy4pets.nl\\\/be\\\/\",\"logo\":{\"@type\":\"ImageObject\",\"inLanguage\":\"nl-NL\",\"@id\":\"https:\\\/\\\/www.pharmacy4pets.nl\\\/be\\\/#\\\/schema\\\/logo\\\/image\\\/\",\"url\":\"https:\\\/\\\/p4p-nl.bootmine.com\\\/wp-content\\\/uploads\\\/2026\\\/03\\\/logo-pharmacy4pets.png\",\"contentUrl\":\"https:\\\/\\\/p4p-nl.bootmine.com\\\/wp-content\\\/uploads\\\/2026\\\/03\\\/logo-pharmacy4pets.png\",\"width\":1024,\"height\":135,\"caption\":\"Pharmacy4pets\"},\"image\":{\"@id\":\"https:\\\/\\\/www.pharmacy4pets.nl\\\/be\\\/#\\\/schema\\\/logo\\\/image\\\/\"},\"sameAs\":[\"https:\\\/\\\/www.facebook.com\\\/people\\\/Pharmacy4petsnl\\\/100063484989896\\\/\",\"https:\\\/\\\/www.youtube.com\\\/channel\\\/UCGPTIgucgli03tP2_kvLkHg\\\/featured\",\"https:\\\/\\\/www.instagram.com\\\/pharmacy4pets.nl\"]}]}<\/script>\n<!-- \/ Yoast SEO plugin. -->","yoast_head_json":{"title":"Doils Joint 100 ml | Pharmacy4pets","robots":{"index":"index","follow":"follow","max-snippet":"max-snippet:-1","max-image-preview":"max-image-preview:large","max-video-preview":"max-video-preview:-1"},"canonical":"https:\/\/www.pharmacy4pets.nl\/doils-joint-100-ml","og_locale":"nl_NL","og_type":"article","og_title":"Doils Joint 100 ml | Pharmacy4pets","og_description":"Doils Joint 100 ml voedingssupplement voor een soepele beweging van de hond. Bevat per ml: 63% Omega-3 vetzuren, waarvan 450 mg EPA, 100 mg DHA, 25 mg ETA, Vitamine-E (alfa-tocopherol) 1%. De dosering is 1x daags 0,1 ml per kg lichaamsgewicht. Doils Joint kan over het voer gegeven worden.","og_url":"https:\/\/www.pharmacy4pets.nl\/doils-joint-100-ml","og_site_name":"Pharmacy4pets","article_publisher":"https:\/\/www.facebook.com\/people\/Pharmacy4petsnl\/100063484989896\/","article_modified_time":"2026-04-14T08:01:28+00:00","og_image":[{"width":500,"height":500,"url":"https:\/\/www.pharmacy4pets.nl\/wp-content\/uploads\/2014\/02\/doils_joint_133822_0500_none.jpg","type":"image\/jpeg"}],"twitter_card":"summary_large_image","schema":{"@context":"https:\/\/schema.org","@graph":[{"@type":"WebPage","@id":"https:\/\/www.pharmacy4pets.nl\/doils-joint-100-ml","url":"https:\/\/www.pharmacy4pets.nl\/doils-joint-100-ml","name":"Doils Joint 100 ml | Pharmacy4pets","isPartOf":{"@id":"https:\/\/www.pharmacy4pets.nl\/be\/#website"},"primaryImageOfPage":{"@id":"https:\/\/www.pharmacy4pets.nl\/doils-joint-100-ml#primaryimage"},"image":{"@id":"https:\/\/www.pharmacy4pets.nl\/doils-joint-100-ml#primaryimage"},"thumbnailUrl":"https:\/\/www.pharmacy4pets.nl\/wp-content\/uploads\/2014\/02\/doils_joint_133822_0500_none.jpg","datePublished":"2014-02-04T15:46:49+00:00","dateModified":"2026-04-14T08:01:28+00:00","breadcrumb":{"@id":"https:\/\/www.pharmacy4pets.nl\/doils-joint-100-ml#breadcrumb"},"inLanguage":"nl-NL","potentialAction":[{"@type":"ReadAction","target":["https:\/\/www.pharmacy4pets.nl\/doils-joint-100-ml"]}]},{"@type":"ImageObject","inLanguage":"nl-NL","@id":"https:\/\/www.pharmacy4pets.nl\/doils-joint-100-ml#primaryimage","url":"https:\/\/www.pharmacy4pets.nl\/wp-content\/uploads\/2014\/02\/doils_joint_133822_0500_none.jpg","contentUrl":"https:\/\/www.pharmacy4pets.nl\/wp-content\/uploads\/2014\/02\/doils_joint_133822_0500_none.jpg","width":500,"height":500,"caption":"Doils Joint 100 ml"},{"@type":"BreadcrumbList","@id":"https:\/\/www.pharmacy4pets.nl\/doils-joint-100-ml#breadcrumb","itemListElement":[{"@type":"ListItem","position":1,"name":"Home","item":"https:\/\/p4p-nl.bootmine.com\/"},{"@type":"ListItem","position":2,"name":"Winkel","item":"https:\/\/www.pharmacy4pets.nl\/be\/winkel"},{"@type":"ListItem","position":3,"name":"Doils Joint 100 ml"}]},{"@type":"WebSite","@id":"https:\/\/www.pharmacy4pets.nl\/be\/#website","url":"https:\/\/www.pharmacy4pets.nl\/be\/","name":"Pharmacy4pets","description":"Pharmacy4pets.nl is d\u00e9 online apotheek waar u terecht kunt voor alle diergeneesmiddelen, verzorgingsproducten en dieetvoeding voor uw huisdier.","publisher":{"@id":"https:\/\/www.pharmacy4pets.nl\/be\/#organization"},"potentialAction":[{"@type":"SearchAction","target":{"@type":"EntryPoint","urlTemplate":"https:\/\/www.pharmacy4pets.nl\/be\/?s={search_term_string}"},"query-input":{"@type":"PropertyValueSpecification","valueRequired":true,"valueName":"search_term_string"}}],"inLanguage":"nl-NL"},{"@type":"Organization","@id":"https:\/\/www.pharmacy4pets.nl\/be\/#organization","name":"Pharmacy4pets","url":"https:\/\/www.pharmacy4pets.nl\/be\/","logo":{"@type":"ImageObject","inLanguage":"nl-NL","@id":"https:\/\/www.pharmacy4pets.nl\/be\/#\/schema\/logo\/image\/","url":"https:\/\/p4p-nl.bootmine.com\/wp-content\/uploads\/2026\/03\/logo-pharmacy4pets.png","contentUrl":"https:\/\/p4p-nl.bootmine.com\/wp-content\/uploads\/2026\/03\/logo-pharmacy4pets.png","width":1024,"height":135,"caption":"Pharmacy4pets"},"image":{"@id":"https:\/\/www.pharmacy4pets.nl\/be\/#\/schema\/logo\/image\/"},"sameAs":["https:\/\/www.facebook.com\/people\/Pharmacy4petsnl\/100063484989896\/","https:\/\/www.youtube.com\/channel\/UCGPTIgucgli03tP2_kvLkHg\/featured","https:\/\/www.instagram.com\/pharmacy4pets.nl"]}]}},"market_data":{"nl":{"price":0,"sale_price":0,"active":false,"url":"","parent_url":"","tax_rate":0,"price_inc_tax":0,"sale_price_inc_tax":0},"de":{"price":0,"sale_price":0,"active":false,"url":"","parent_url":"","tax_rate":0,"price_inc_tax":0,"sale_price_inc_tax":0},"be":{"price":0,"sale_price":0,"active":false,"url":"","parent_url":"","tax_rate":0,"price_inc_tax":0,"sale_price_inc_tax":0},"fr":{"price":0,"sale_price":0,"active":false,"url":"","parent_url":"","tax_rate":0,"price_inc_tax":0,"sale_price_inc_tax":0},"ch":{"price":0,"sale_price":0,"active":false,"url":"","parent_url":"","tax_rate":0,"price_inc_tax":0,"sale_price_inc_tax":0},"at":{"price":0,"sale_price":0,"active":false,"url":"","parent_url":"","tax_rate":0,"price_inc_tax":0,"sale_price_inc_tax":0},"es":{"price":0,"sale_price":0,"active":false,"url":"","parent_url":"","tax_rate":0,"price_inc_tax":0,"sale_price_inc_tax":0},"dk":{"price":0,"sale_price":0,"active":false,"url":"","parent_url":"","tax_rate":0,"price_inc_tax":0,"sale_price_inc_tax":0},"com":{"price":0,"sale_price":0,"active":false,"url":"","parent_url":"","tax_rate":0,"price_inc_tax":0,"sale_price_inc_tax":0}},"market_nl_price":0,"market_nl_sale_price":0,"market_nl_active":false,"market_nl_url":"","market_nl_parent_url":"","market_nl_tax_rate":0,"market_nl_price_inc_tax":0,"market_nl_sale_price_inc_tax":0,"market_de_price":0,"market_de_sale_price":0,"market_de_active":false,"market_de_url":"","market_de_parent_url":"","market_de_tax_rate":0,"market_de_price_inc_tax":0,"market_de_sale_price_inc_tax":0,"market_be_price":0,"market_be_sale_price":0,"market_be_active":false,"market_be_url":"","market_be_parent_url":"","market_be_tax_rate":0,"market_be_price_inc_tax":0,"market_be_sale_price_inc_tax":0,"market_fr_price":0,"market_fr_sale_price":0,"market_fr_active":false,"market_fr_url":"","market_fr_parent_url":"","market_fr_tax_rate":0,"market_fr_price_inc_tax":0,"market_fr_sale_price_inc_tax":0,"market_ch_price":0,"market_ch_sale_price":0,"market_ch_active":false,"market_ch_url":"","market_ch_parent_url":"","market_ch_tax_rate":0,"market_ch_price_inc_tax":0,"market_ch_sale_price_inc_tax":0,"market_at_price":0,"market_at_sale_price":0,"market_at_active":false,"market_at_url":"","market_at_parent_url":"","market_at_tax_rate":0,"market_at_price_inc_tax":0,"market_at_sale_price_inc_tax":0,"market_es_price":0,"market_es_sale_price":0,"market_es_active":false,"market_es_url":"","market_es_parent_url":"","market_es_tax_rate":0,"market_es_price_inc_tax":0,"market_es_sale_price_inc_tax":0,"market_dk_price":0,"market_dk_sale_price":0,"market_dk_active":false,"market_dk_url":"","market_dk_parent_url":"","market_dk_tax_rate":0,"market_dk_price_inc_tax":0,"market_dk_sale_price_inc_tax":0,"market_com_price":0,"market_com_sale_price":0,"market_com_active":false,"market_com_url":"","market_com_parent_url":"","market_com_tax_rate":0,"market_com_price_inc_tax":0,"market_com_sale_price_inc_tax":0,"acf":[],"_links":{"self":[{"href":"https:\/\/www.pharmacy4pets.nl\/be\/wp-json\/wp\/v2\/product\/116195","targetHints":{"allow":["GET"]}}],"collection":[{"href":"https:\/\/www.pharmacy4pets.nl\/be\/wp-json\/wp\/v2\/product"}],"about":[{"href":"https:\/\/www.pharmacy4pets.nl\/be\/wp-json\/wp\/v2\/types\/product"}],"replies":[{"embeddable":true,"href":"https:\/\/www.pharmacy4pets.nl\/be\/wp-json\/wp\/v2\/comments?post=116195"}],"wp:featuredmedia":[{"embeddable":true,"href":"https:\/\/www.pharmacy4pets.nl\/be\/wp-json\/wp\/v2\/media\/116193"}],"wp:attachment":[{"href":"https:\/\/www.pharmacy4pets.nl\/be\/wp-json\/wp\/v2\/media?parent=116195"}],"wp:term":[{"taxonomy":"product_brand","embeddable":true,"href":"https:\/\/www.pharmacy4pets.nl\/be\/wp-json\/wp\/v2\/product_brand?post=116195"},{"taxonomy":"product_cat","embeddable":true,"href":"https:\/\/www.pharmacy4pets.nl\/be\/wp-json\/wp\/v2\/product_cat?post=116195"},{"taxonomy":"product_tag","embeddable":true,"href":"https:\/\/www.pharmacy4pets.nl\/be\/wp-json\/wp\/v2\/product_tag?post=116195"}],"curies":[{"name":"wp","href":"https:\/\/api.w.org\/{rel}","templated":true}]}}