{"id":116192,"date":"2014-02-04T15:46:49","date_gmt":"2014-02-04T15:46:49","guid":{"rendered":"https:\/\/p4p.test\/doils-skin-100-ml-2"},"modified":"2026-04-14T08:01:28","modified_gmt":"2026-04-14T08:01:28","slug":"doils-skin-100-ml","status":"publish","type":"product","link":"https:\/\/www.pharmacy4pets.nl\/be\/doils-skin-100-ml","title":{"rendered":"Doils Skin 100 ml"},"content":{"rendered":"<p>Doils Skin is een voedingssupplement voor een gezonde huid en vacht bij de hond. Bevat per ml: 63% Omega-3 vetzuren, waarvan 390 mg EPA, 160 mg DHA, 20 mg ETA, Vitamine-E (alfa-tocopherol) 1%. De dosering is 1x daags 0,1 ml per kg lichaamsgewicht. Doils Joint kan over het voer gegeven worden.<\/p>\n","protected":false},"excerpt":{"rendered":"<p>Doils Skin is een voedingssupplement voor een gezonde huid en vacht bij de hond. Bevat per ml: 63% Omega-3 vetzuren, waarvan 390 mg EPA, 160 mg DHA, 20 mg ETA, Vitamine-E (alfa-tocopherol) 1%. De dosering is 1x daags 0,1 ml per kg lichaamsgewicht. Doils Joint kan over het voer gegeven worden.<\/p>\n","protected":false},"featured_media":116190,"comment_status":"open","ping_status":"closed","template":"","meta":{"_acf_changed":false,"_nl_post_content":"<p>Doils Skin is een voedingssupplement voor een gezonde huid en vacht bij de hond. Bevat per ml: 63% Omega-3 vetzuren, waarvan 390 mg EPA, 160 mg DHA, 20 mg ETA, Vitamine-E (alfa-tocopherol) 1%. De dosering is 1x daags 0,1 ml per kg lichaamsgewicht. Doils Joint kan over het voer gegeven worden.<\/p>","_nl_post_name":"doils-skin-100-ml","_nl_post_excerpt":"","_nl_post_title":"Doils Skin 100 ml","_en_post_content":"<p>Doils Skin is a food supplement for a healthy skin and coat in dogs. Contains per ml: 63% Omega-3 fatty acids, of which 390 mg EPA, 160 mg DHA, 20 mg ETA, Vitamin-E (alpha-tocopherol) 1%. The dose is 0.1 ml per kg of body weight once a day. Doils Joint can be given over the food.<\/p>","_en_post_name":"doils-skin-100-ml","_en_post_excerpt":"","_en_post_title":"Doils Skin 100 ml","_de_post_content":"<p>Doils Skin ist ein Nahrungserg\u00e4nzungsmittel f\u00fcr gesunde Haut und gesundes Fell bei Hunden. Enth\u00e4lt pro ml: 63 % Omega-3-Fetts\u00e4uren, davon 390 mg EPA, 160 mg DHA, 20 mg ETA, Vitamin-E (Alpha-Tocopherol) 1 %. Die Dosis betr\u00e4gt einmal t\u00e4glich 0,1 ml pro kg K\u00f6rpergewicht. Doils Joint kann \u00fcber das Futter gegeben werden.<\/p>","_de_post_name":"doils-skin-100-ml","_de_post_excerpt":"","_de_post_title":"Doils Skin 100 ml","_fr_post_content":"<p>Doils Skin est un compl\u00e9ment alimentaire pour une peau et un pelage sains chez les chiens. Contient par ml : 63 % d'acides gras om\u00e9ga-3, dont 390 mg EPA, 160 mg DHA, 20 mg ETA, Vitamine-E (alpha-tocoph\u00e9rol) 1 %. La dose est de 0,1 ml par kg de poids corporel une fois par jour. Doils Joint peut \u00eatre donn\u00e9 sur la nourriture.<\/p>","_fr_post_name":"doils-skin-100-ml","_fr_post_excerpt":"","_fr_post_title":"Doils Skin 100 ml","_es_post_content":"<p>Doils Skin es un complemento alimenticio para una piel y un pelaje sanos en perros. Contiene por ml: 63% de \u00e1cidos grasos Omega-3, de los cuales 390 mg EPA, 160 mg DHA, 20 mg ETA, Vitamina E (alfa-tocoferol) 1%. La dosis es de 0,1 ml por kg de peso corporal una vez al d\u00eda. Doils Joint se puede administrar sobre la comida.<\/p>","_es_post_name":"doils-skin-100-ml","_es_post_excerpt":"","_es_post_title":"Doils Skin 100 ml","edit_language":"nl"},"product_brand":[],"product_cat":[2156,1117,1845,1839,1857],"product_tag":[],"class_list":{"0":"post-116192","1":"product","2":"type-product","3":"status-publish","4":"has-post-thumbnail","6":"product_cat-doils","7":"product_cat-honden","8":"product_cat-huid-vacht","9":"product_cat-medicijnen-supplementen","10":"product_cat-merken","11":"pa_aandoening-huid_vacht","12":"pa_doeldier-hond","13":"pa_fabricatieland-nederland","14":"pa_merkfilter-doils","15":"pa_merkgroep-nml","16":"pa_productsoort-voedingssupplement","17":"pa_toedieningswijze-vloeistof","18":"pa_unit_pricing_base_measure-10ml","19":"pa_unit_pricing_measure-100ml","20":"pa_werkzamestof-overig","22":"first","23":"instock","24":"taxable","25":"shipping-taxable","26":"purchasable","27":"product-type-simple"},"yoast_head":"<!-- This site is optimized with the Yoast SEO plugin v27.5 - https:\/\/yoast.com\/product\/yoast-seo-wordpress\/ -->\n<title>Doils Skin 100 ml - Pharmacy4pets<\/title>\n<meta name=\"robots\" content=\"index, follow, max-snippet:-1, max-image-preview:large, max-video-preview:-1\" \/>\n<link rel=\"canonical\" href=\"https:\/\/p4p-nl.bootmine.com\/%product-slug%\/doils-skin-100-ml\" \/>\n<meta property=\"og:locale\" content=\"nl_NL\" \/>\n<meta property=\"og:type\" content=\"article\" \/>\n<meta property=\"og:title\" content=\"Doils Skin 100 ml - Pharmacy4pets\" \/>\n<meta property=\"og:description\" content=\"Doils Skin is een voedingssupplement voor een gezonde huid en vacht bij de hond. Bevat per ml: 63% Omega-3 vetzuren, waarvan 390 mg EPA, 160 mg DHA, 20 mg ETA, Vitamine-E (alfa-tocopherol) 1%. De dosering is 1x daags 0,1 ml per kg lichaamsgewicht. Doils Joint kan over het voer gegeven worden.\" \/>\n<meta property=\"og:url\" content=\"https:\/\/p4p-nl.bootmine.com\/%product-slug%\/doils-skin-100-ml\" \/>\n<meta property=\"og:site_name\" content=\"Pharmacy4pets\" \/>\n<meta property=\"article:publisher\" content=\"https:\/\/www.facebook.com\/people\/Pharmacy4petsnl\/100063484989896\/\" \/>\n<meta property=\"article:modified_time\" content=\"2026-04-14T08:01:28+00:00\" \/>\n<meta property=\"og:image\" content=\"https:\/\/p4p-nl.bootmine.com\/wp-content\/uploads\/2014\/02\/doils-skin-100-ml.jpg\" \/>\n\t<meta property=\"og:image:width\" content=\"554\" \/>\n\t<meta property=\"og:image:height\" content=\"600\" \/>\n\t<meta property=\"og:image:type\" content=\"image\/jpeg\" \/>\n<meta name=\"twitter:card\" content=\"summary_large_image\" \/>\n<script type=\"application\/ld+json\" class=\"yoast-schema-graph\">{\"@context\":\"https:\\\/\\\/schema.org\",\"@graph\":[{\"@type\":\"WebPage\",\"@id\":\"https:\\\/\\\/p4p-nl.bootmine.com\\\/%product-slug%\\\/doils-skin-100-ml\",\"url\":\"https:\\\/\\\/p4p-nl.bootmine.com\\\/%product-slug%\\\/doils-skin-100-ml\",\"name\":\"Doils Skin 100 ml - Pharmacy4pets\",\"isPartOf\":{\"@id\":\"http:\\\/\\\/www.pharmacy4pets.nl\\\/#website\"},\"primaryImageOfPage\":{\"@id\":\"https:\\\/\\\/p4p-nl.bootmine.com\\\/%product-slug%\\\/doils-skin-100-ml#primaryimage\"},\"image\":{\"@id\":\"https:\\\/\\\/p4p-nl.bootmine.com\\\/%product-slug%\\\/doils-skin-100-ml#primaryimage\"},\"thumbnailUrl\":\"https:\\\/\\\/www.pharmacy4pets.nl\\\/wp-content\\\/uploads\\\/2014\\\/02\\\/doils-skin-100-ml.jpg\",\"datePublished\":\"2014-02-04T15:46:49+00:00\",\"dateModified\":\"2026-04-14T08:01:28+00:00\",\"breadcrumb\":{\"@id\":\"https:\\\/\\\/p4p-nl.bootmine.com\\\/%product-slug%\\\/doils-skin-100-ml#breadcrumb\"},\"inLanguage\":\"nl-NL\",\"potentialAction\":[{\"@type\":\"ReadAction\",\"target\":[\"https:\\\/\\\/p4p-nl.bootmine.com\\\/%product-slug%\\\/doils-skin-100-ml\"]}]},{\"@type\":\"ImageObject\",\"inLanguage\":\"nl-NL\",\"@id\":\"https:\\\/\\\/p4p-nl.bootmine.com\\\/%product-slug%\\\/doils-skin-100-ml#primaryimage\",\"url\":\"https:\\\/\\\/www.pharmacy4pets.nl\\\/wp-content\\\/uploads\\\/2014\\\/02\\\/doils-skin-100-ml.jpg\",\"contentUrl\":\"https:\\\/\\\/www.pharmacy4pets.nl\\\/wp-content\\\/uploads\\\/2014\\\/02\\\/doils-skin-100-ml.jpg\",\"width\":554,\"height\":600,\"caption\":\"Doils Skin 100 ml\"},{\"@type\":\"BreadcrumbList\",\"@id\":\"https:\\\/\\\/p4p-nl.bootmine.com\\\/%product-slug%\\\/doils-skin-100-ml#breadcrumb\",\"itemListElement\":[{\"@type\":\"ListItem\",\"position\":1,\"name\":\"Home\",\"item\":\"https:\\\/\\\/p4p-nl.bootmine.com\\\/\"},{\"@type\":\"ListItem\",\"position\":2,\"name\":\"Winkel\",\"item\":\"https:\\\/\\\/p4p-nl.bootmine.com\\\/winkel\"},{\"@type\":\"ListItem\",\"position\":3,\"name\":\"Doils Skin 100 ml\"}]},{\"@type\":\"WebSite\",\"@id\":\"http:\\\/\\\/www.pharmacy4pets.nl\\\/#website\",\"url\":\"http:\\\/\\\/www.pharmacy4pets.nl\\\/\",\"name\":\"Pharmacy4pets\",\"description\":\"Pharmacy4pets.nl is d\u00e9 online apotheek waar u terecht kunt voor alle diergeneesmiddelen, verzorgingsproducten en dieetvoeding voor uw huisdier.\",\"publisher\":{\"@id\":\"http:\\\/\\\/www.pharmacy4pets.nl\\\/#organization\"},\"potentialAction\":[{\"@type\":\"SearchAction\",\"target\":{\"@type\":\"EntryPoint\",\"urlTemplate\":\"http:\\\/\\\/www.pharmacy4pets.nl\\\/?s={search_term_string}\"},\"query-input\":{\"@type\":\"PropertyValueSpecification\",\"valueRequired\":true,\"valueName\":\"search_term_string\"}}],\"inLanguage\":\"nl-NL\"},{\"@type\":\"Organization\",\"@id\":\"http:\\\/\\\/www.pharmacy4pets.nl\\\/#organization\",\"name\":\"Pharmacy4pets\",\"url\":\"http:\\\/\\\/www.pharmacy4pets.nl\\\/\",\"logo\":{\"@type\":\"ImageObject\",\"inLanguage\":\"nl-NL\",\"@id\":\"http:\\\/\\\/www.pharmacy4pets.nl\\\/#\\\/schema\\\/logo\\\/image\\\/\",\"url\":\"https:\\\/\\\/p4p-nl.bootmine.com\\\/wp-content\\\/uploads\\\/2026\\\/03\\\/logo-pharmacy4pets.png\",\"contentUrl\":\"https:\\\/\\\/p4p-nl.bootmine.com\\\/wp-content\\\/uploads\\\/2026\\\/03\\\/logo-pharmacy4pets.png\",\"width\":1024,\"height\":135,\"caption\":\"Pharmacy4pets\"},\"image\":{\"@id\":\"http:\\\/\\\/www.pharmacy4pets.nl\\\/#\\\/schema\\\/logo\\\/image\\\/\"},\"sameAs\":[\"https:\\\/\\\/www.facebook.com\\\/people\\\/Pharmacy4petsnl\\\/100063484989896\\\/\",\"https:\\\/\\\/www.youtube.com\\\/channel\\\/UCGPTIgucgli03tP2_kvLkHg\\\/featured\",\"https:\\\/\\\/www.instagram.com\\\/pharmacy4pets.nl\"]}]}<\/script>\n<!-- \/ Yoast SEO plugin. -->","yoast_head_json":{"title":"Doils Skin 100 ml - Pharmacy4pets","robots":{"index":"index","follow":"follow","max-snippet":"max-snippet:-1","max-image-preview":"max-image-preview:large","max-video-preview":"max-video-preview:-1"},"canonical":"https:\/\/p4p-nl.bootmine.com\/%product-slug%\/doils-skin-100-ml","og_locale":"nl_NL","og_type":"article","og_title":"Doils Skin 100 ml - Pharmacy4pets","og_description":"Doils Skin is een voedingssupplement voor een gezonde huid en vacht bij de hond. Bevat per ml: 63% Omega-3 vetzuren, waarvan 390 mg EPA, 160 mg DHA, 20 mg ETA, Vitamine-E (alfa-tocopherol) 1%. De dosering is 1x daags 0,1 ml per kg lichaamsgewicht. Doils Joint kan over het voer gegeven worden.","og_url":"https:\/\/p4p-nl.bootmine.com\/%product-slug%\/doils-skin-100-ml","og_site_name":"Pharmacy4pets","article_publisher":"https:\/\/www.facebook.com\/people\/Pharmacy4petsnl\/100063484989896\/","article_modified_time":"2026-04-14T08:01:28+00:00","og_image":[{"width":554,"height":600,"url":"https:\/\/p4p-nl.bootmine.com\/wp-content\/uploads\/2014\/02\/doils-skin-100-ml.jpg","type":"image\/jpeg"}],"twitter_card":"summary_large_image","schema":{"@context":"https:\/\/schema.org","@graph":[{"@type":"WebPage","@id":"https:\/\/p4p-nl.bootmine.com\/%product-slug%\/doils-skin-100-ml","url":"https:\/\/p4p-nl.bootmine.com\/%product-slug%\/doils-skin-100-ml","name":"Doils Skin 100 ml - Pharmacy4pets","isPartOf":{"@id":"http:\/\/www.pharmacy4pets.nl\/#website"},"primaryImageOfPage":{"@id":"https:\/\/p4p-nl.bootmine.com\/%product-slug%\/doils-skin-100-ml#primaryimage"},"image":{"@id":"https:\/\/p4p-nl.bootmine.com\/%product-slug%\/doils-skin-100-ml#primaryimage"},"thumbnailUrl":"https:\/\/www.pharmacy4pets.nl\/wp-content\/uploads\/2014\/02\/doils-skin-100-ml.jpg","datePublished":"2014-02-04T15:46:49+00:00","dateModified":"2026-04-14T08:01:28+00:00","breadcrumb":{"@id":"https:\/\/p4p-nl.bootmine.com\/%product-slug%\/doils-skin-100-ml#breadcrumb"},"inLanguage":"nl-NL","potentialAction":[{"@type":"ReadAction","target":["https:\/\/p4p-nl.bootmine.com\/%product-slug%\/doils-skin-100-ml"]}]},{"@type":"ImageObject","inLanguage":"nl-NL","@id":"https:\/\/p4p-nl.bootmine.com\/%product-slug%\/doils-skin-100-ml#primaryimage","url":"https:\/\/www.pharmacy4pets.nl\/wp-content\/uploads\/2014\/02\/doils-skin-100-ml.jpg","contentUrl":"https:\/\/www.pharmacy4pets.nl\/wp-content\/uploads\/2014\/02\/doils-skin-100-ml.jpg","width":554,"height":600,"caption":"Doils Skin 100 ml"},{"@type":"BreadcrumbList","@id":"https:\/\/p4p-nl.bootmine.com\/%product-slug%\/doils-skin-100-ml#breadcrumb","itemListElement":[{"@type":"ListItem","position":1,"name":"Home","item":"https:\/\/p4p-nl.bootmine.com\/"},{"@type":"ListItem","position":2,"name":"Winkel","item":"https:\/\/p4p-nl.bootmine.com\/winkel"},{"@type":"ListItem","position":3,"name":"Doils Skin 100 ml"}]},{"@type":"WebSite","@id":"http:\/\/www.pharmacy4pets.nl\/#website","url":"http:\/\/www.pharmacy4pets.nl\/","name":"Pharmacy4pets","description":"Pharmacy4pets.nl is d\u00e9 online apotheek waar u terecht kunt voor alle diergeneesmiddelen, verzorgingsproducten en dieetvoeding voor uw huisdier.","publisher":{"@id":"http:\/\/www.pharmacy4pets.nl\/#organization"},"potentialAction":[{"@type":"SearchAction","target":{"@type":"EntryPoint","urlTemplate":"http:\/\/www.pharmacy4pets.nl\/?s={search_term_string}"},"query-input":{"@type":"PropertyValueSpecification","valueRequired":true,"valueName":"search_term_string"}}],"inLanguage":"nl-NL"},{"@type":"Organization","@id":"http:\/\/www.pharmacy4pets.nl\/#organization","name":"Pharmacy4pets","url":"http:\/\/www.pharmacy4pets.nl\/","logo":{"@type":"ImageObject","inLanguage":"nl-NL","@id":"http:\/\/www.pharmacy4pets.nl\/#\/schema\/logo\/image\/","url":"https:\/\/p4p-nl.bootmine.com\/wp-content\/uploads\/2026\/03\/logo-pharmacy4pets.png","contentUrl":"https:\/\/p4p-nl.bootmine.com\/wp-content\/uploads\/2026\/03\/logo-pharmacy4pets.png","width":1024,"height":135,"caption":"Pharmacy4pets"},"image":{"@id":"http:\/\/www.pharmacy4pets.nl\/#\/schema\/logo\/image\/"},"sameAs":["https:\/\/www.facebook.com\/people\/Pharmacy4petsnl\/100063484989896\/","https:\/\/www.youtube.com\/channel\/UCGPTIgucgli03tP2_kvLkHg\/featured","https:\/\/www.instagram.com\/pharmacy4pets.nl"]}]}},"market_data":{"nl":{"price":0,"sale_price":0,"active":false,"url":null,"parent_url":"","tax_rate":0,"price_inc_tax":0,"sale_price_inc_tax":0},"de":{"price":0,"sale_price":0,"active":false,"url":null,"parent_url":"","tax_rate":0,"price_inc_tax":0,"sale_price_inc_tax":0},"be":{"price":0,"sale_price":0,"active":false,"url":null,"parent_url":"","tax_rate":0,"price_inc_tax":0,"sale_price_inc_tax":0},"fr":{"price":0,"sale_price":0,"active":false,"url":null,"parent_url":"","tax_rate":0,"price_inc_tax":0,"sale_price_inc_tax":0},"ch":{"price":0,"sale_price":0,"active":false,"url":null,"parent_url":"","tax_rate":0,"price_inc_tax":0,"sale_price_inc_tax":0},"at":{"price":0,"sale_price":0,"active":false,"url":null,"parent_url":"","tax_rate":0,"price_inc_tax":0,"sale_price_inc_tax":0},"es":{"price":0,"sale_price":0,"active":false,"url":null,"parent_url":"","tax_rate":0,"price_inc_tax":0,"sale_price_inc_tax":0},"dk":{"price":0,"sale_price":0,"active":false,"url":null,"parent_url":"","tax_rate":0,"price_inc_tax":0,"sale_price_inc_tax":0},"com":{"price":0,"sale_price":0,"active":false,"url":null,"parent_url":"","tax_rate":0,"price_inc_tax":0,"sale_price_inc_tax":0}},"market_nl_price":0,"market_nl_sale_price":0,"market_nl_active":false,"market_nl_url":null,"market_nl_parent_url":"","market_nl_tax_rate":0,"market_nl_price_inc_tax":0,"market_nl_sale_price_inc_tax":0,"market_de_price":0,"market_de_sale_price":0,"market_de_active":false,"market_de_url":null,"market_de_parent_url":"","market_de_tax_rate":0,"market_de_price_inc_tax":0,"market_de_sale_price_inc_tax":0,"market_be_price":0,"market_be_sale_price":0,"market_be_active":false,"market_be_url":null,"market_be_parent_url":"","market_be_tax_rate":0,"market_be_price_inc_tax":0,"market_be_sale_price_inc_tax":0,"market_fr_price":0,"market_fr_sale_price":0,"market_fr_active":false,"market_fr_url":null,"market_fr_parent_url":"","market_fr_tax_rate":0,"market_fr_price_inc_tax":0,"market_fr_sale_price_inc_tax":0,"market_ch_price":0,"market_ch_sale_price":0,"market_ch_active":false,"market_ch_url":null,"market_ch_parent_url":"","market_ch_tax_rate":0,"market_ch_price_inc_tax":0,"market_ch_sale_price_inc_tax":0,"market_at_price":0,"market_at_sale_price":0,"market_at_active":false,"market_at_url":null,"market_at_parent_url":"","market_at_tax_rate":0,"market_at_price_inc_tax":0,"market_at_sale_price_inc_tax":0,"market_es_price":0,"market_es_sale_price":0,"market_es_active":false,"market_es_url":null,"market_es_parent_url":"","market_es_tax_rate":0,"market_es_price_inc_tax":0,"market_es_sale_price_inc_tax":0,"market_dk_price":0,"market_dk_sale_price":0,"market_dk_active":false,"market_dk_url":null,"market_dk_parent_url":"","market_dk_tax_rate":0,"market_dk_price_inc_tax":0,"market_dk_sale_price_inc_tax":0,"market_com_price":0,"market_com_sale_price":0,"market_com_active":false,"market_com_url":null,"market_com_parent_url":"","market_com_tax_rate":0,"market_com_price_inc_tax":0,"market_com_sale_price_inc_tax":0,"acf":[],"_links":{"self":[{"href":"https:\/\/www.pharmacy4pets.nl\/be\/wp-json\/wp\/v2\/product\/116192","targetHints":{"allow":["GET"]}}],"collection":[{"href":"https:\/\/www.pharmacy4pets.nl\/be\/wp-json\/wp\/v2\/product"}],"about":[{"href":"https:\/\/www.pharmacy4pets.nl\/be\/wp-json\/wp\/v2\/types\/product"}],"replies":[{"embeddable":true,"href":"https:\/\/www.pharmacy4pets.nl\/be\/wp-json\/wp\/v2\/comments?post=116192"}],"wp:featuredmedia":[{"embeddable":true,"href":"https:\/\/www.pharmacy4pets.nl\/be\/wp-json\/wp\/v2\/media\/116190"}],"wp:attachment":[{"href":"https:\/\/www.pharmacy4pets.nl\/be\/wp-json\/wp\/v2\/media?parent=116192"}],"wp:term":[{"taxonomy":"product_brand","embeddable":true,"href":"https:\/\/www.pharmacy4pets.nl\/be\/wp-json\/wp\/v2\/product_brand?post=116192"},{"taxonomy":"product_cat","embeddable":true,"href":"https:\/\/www.pharmacy4pets.nl\/be\/wp-json\/wp\/v2\/product_cat?post=116192"},{"taxonomy":"product_tag","embeddable":true,"href":"https:\/\/www.pharmacy4pets.nl\/be\/wp-json\/wp\/v2\/product_tag?post=116192"}],"curies":[{"name":"wp","href":"https:\/\/api.w.org\/{rel}","templated":true}]}}